{"id":112348,"date":"2026-04-21T13:31:43","date_gmt":"2026-04-21T11:31:43","guid":{"rendered":"https:\/\/letrame.com\/catalogo\/?post_type=product&#038;p=112348"},"modified":"2026-04-21T13:31:44","modified_gmt":"2026-04-21T11:31:44","slug":"quedarse-o-salir-corriendo","status":"publish","type":"product","link":"https:\/\/letrame.com\/catalogo\/producto\/quedarse-o-salir-corriendo\/","title":{"rendered":"Quedarse o salir corriendo"},"content":{"rendered":"<p><strong>ISBN: 9791370299866<\/strong><br \/>\n<strong>T\u00edtulo: Quedarse o salir corriendo<\/strong><br \/>\n<strong>Fecha: 2026<\/strong><br \/>\n<strong>P\u00e1ginas: 154<\/strong><\/p>\n<p><strong>SINOPSIS<\/strong><\/p>\n<p data-start=\"0\" data-end=\"231\">Despu\u00e9s de una relaci\u00f3n que la dej\u00f3 emocionalmente a la intemperie, May empieza a hacer algo que nunca hab\u00eda hecho del todo: escucharse. Escuchar al cuerpo, a la intuici\u00f3n, a esas se\u00f1ales que antes confund\u00eda con amor o con miedo.<\/p>\n<p data-start=\"233\" data-end=\"571\">A trav\u00e9s de encuentros, conversaciones y recuerdos, este libro traza un recorrido \u00edntimo por los v\u00ednculos que nos transforman, los que nos desgastan y los que nos obligan a elegir. Porque, en alg\u00fan punto de toda historia, aparece la pregunta inevitable: \u00bfme quedo o salgo corriendo? \u00a1O riendo!, ya que esta obra est\u00e1 salpicada de humor.<\/p>\n<p data-start=\"573\" data-end=\"837\" data-is-last-node=\"\" data-is-only-node=\"\">Una novela emocional, honesta y cercana, que habla de deseo, p\u00e9rdida y reconstrucci\u00f3n. Un espejo para quienes han amado intensamente y para quienes han tenido que aprender que, a veces, quedarse es valent\u00eda\u2026 y, otras, salir corriendo es la \u00fanica forma de salvarse.<\/p>\n","protected":false},"excerpt":{"rendered":"<p><strong>ISBN: 9791370299866<\/strong><\/p>\n<p><strong>SINOPSIS<\/strong><\/p>\n<p data-start=\"0\" data-end=\"231\">Despu\u00e9s de una relaci\u00f3n que la dej\u00f3 emocionalmente a la intemperie, May empieza a hacer algo que nunca hab\u00eda hecho del todo: escucharse. Escuchar al cuerpo, a la intuici\u00f3n, a esas se\u00f1ales que antes confund\u00eda con amor o con miedo.<\/p>\n<p data-start=\"233\" data-end=\"571\">A trav\u00e9s de encuentros, conversaciones y recuerdos, este libro traza un recorrido \u00edntimo por los v\u00ednculos que nos transforman, los que nos desgastan y los que nos obligan a elegir. Porque, en alg\u00fan punto de toda historia, aparece la pregunta inevitable: \u00bfme quedo o salgo corriendo? \u00a1O riendo!, ya que esta obra est\u00e1 salpicada de humor.<\/p>\n<p data-start=\"573\" data-end=\"837\" data-is-last-node=\"\" data-is-only-node=\"\">Una novela emocional, honesta y cercana, que habla de deseo, p\u00e9rdida y reconstrucci\u00f3n. Un espejo para quienes han amado intensamente y para quienes han tenido que aprender que, a veces, quedarse es valent\u00eda\u2026 y, otras, salir corriendo es la \u00fanica forma de salvarse.<\/p>\n","protected":false},"featured_media":112352,"comment_status":"open","ping_status":"closed","template":"","meta":{"_acf_changed":false},"libro":[],"product_brand":[],"product_cat":[147],"product_tag":[],"class_list":{"0":"post-112348","1":"product","2":"type-product","3":"status-publish","4":"has-post-thumbnail","6":"product_cat-romance","8":"first","9":"instock","10":"shipping-taxable","11":"product-type-simple"},"acf":{"autor":[74778],"enlace_de_compra":"https:\/\/amzn.to\/48XOhew"},"yoast_head":"<!-- This site is optimized with the Yoast SEO plugin v27.4 - https:\/\/yoast.com\/product\/yoast-seo-wordpress\/ -->\n<title>Quedarse o salir corriendo - Catalogo | Letrame Grupo Editorial<\/title>\n<meta name=\"robots\" content=\"index, follow, max-snippet:-1, max-image-preview:large, max-video-preview:-1\" \/>\n<link rel=\"canonical\" href=\"https:\/\/letrame.com\/catalogo\/producto\/quedarse-o-salir-corriendo\/\" \/>\n<meta property=\"og:locale\" content=\"es_ES\" \/>\n<meta property=\"og:type\" content=\"article\" \/>\n<meta property=\"og:title\" content=\"Quedarse o salir corriendo - Catalogo | Letrame Grupo Editorial\" \/>\n<meta property=\"og:description\" content=\"ISBN: 9791370299866  SINOPSIS Despu\u00e9s de una relaci\u00f3n que la dej\u00f3 emocionalmente a la intemperie, May empieza a hacer algo que nunca hab\u00eda hecho del todo: escucharse. Escuchar al cuerpo, a la intuici\u00f3n, a esas se\u00f1ales que antes confund\u00eda con amor o con miedo. A trav\u00e9s de encuentros, conversaciones y recuerdos, este libro traza un recorrido \u00edntimo por los v\u00ednculos que nos transforman, los que nos desgastan y los que nos obligan a elegir. Porque, en alg\u00fan punto de toda historia, aparece la pregunta inevitable: \u00bfme quedo o salgo corriendo? \u00a1O riendo!, ya que esta obra est\u00e1 salpicada de humor. Una novela emocional, honesta y cercana, que habla de deseo, p\u00e9rdida y reconstrucci\u00f3n. Un espejo para quienes han amado intensamente y para quienes han tenido que aprender que, a veces, quedarse es valent\u00eda\u2026 y, otras, salir corriendo es la \u00fanica forma de salvarse.\" \/>\n<meta property=\"og:url\" content=\"https:\/\/letrame.com\/catalogo\/producto\/quedarse-o-salir-corriendo\/\" \/>\n<meta property=\"og:site_name\" content=\"Catalogo | Letrame Grupo Editorial\" \/>\n<meta property=\"article:modified_time\" content=\"2026-04-21T11:31:44+00:00\" \/>\n<meta property=\"og:image\" content=\"https:\/\/letrame.com\/catalogo\/wp-content\/uploads\/2026\/04\/quedarseosalir_777mm4.jpg\" \/>\n\t<meta property=\"og:image:width\" content=\"662\" \/>\n\t<meta property=\"og:image:height\" content=\"993\" \/>\n\t<meta property=\"og:image:type\" content=\"image\/jpeg\" \/>\n<meta name=\"twitter:card\" content=\"summary_large_image\" \/>\n<meta name=\"twitter:label1\" content=\"Tiempo de lectura\" \/>\n\t<meta name=\"twitter:data1\" content=\"1 minuto\" \/>\n<script type=\"application\/ld+json\" class=\"yoast-schema-graph\">{\"@context\":\"https:\\\/\\\/schema.org\",\"@graph\":[{\"@type\":\"WebPage\",\"@id\":\"https:\\\/\\\/letrame.com\\\/catalogo\\\/producto\\\/quedarse-o-salir-corriendo\\\/\",\"url\":\"https:\\\/\\\/letrame.com\\\/catalogo\\\/producto\\\/quedarse-o-salir-corriendo\\\/\",\"name\":\"Quedarse o salir corriendo - Catalogo | Letrame Grupo Editorial\",\"isPartOf\":{\"@id\":\"https:\\\/\\\/letrame.com\\\/catalogo\\\/#website\"},\"primaryImageOfPage\":{\"@id\":\"https:\\\/\\\/letrame.com\\\/catalogo\\\/producto\\\/quedarse-o-salir-corriendo\\\/#primaryimage\"},\"image\":{\"@id\":\"https:\\\/\\\/letrame.com\\\/catalogo\\\/producto\\\/quedarse-o-salir-corriendo\\\/#primaryimage\"},\"thumbnailUrl\":\"https:\\\/\\\/letrame.com\\\/catalogo\\\/wp-content\\\/uploads\\\/2026\\\/04\\\/quedarseosalir_777mm4.jpg\",\"datePublished\":\"2026-04-21T11:31:43+00:00\",\"dateModified\":\"2026-04-21T11:31:44+00:00\",\"breadcrumb\":{\"@id\":\"https:\\\/\\\/letrame.com\\\/catalogo\\\/producto\\\/quedarse-o-salir-corriendo\\\/#breadcrumb\"},\"inLanguage\":\"es\",\"potentialAction\":[{\"@type\":\"ReadAction\",\"target\":[\"https:\\\/\\\/letrame.com\\\/catalogo\\\/producto\\\/quedarse-o-salir-corriendo\\\/\"]}]},{\"@type\":\"ImageObject\",\"inLanguage\":\"es\",\"@id\":\"https:\\\/\\\/letrame.com\\\/catalogo\\\/producto\\\/quedarse-o-salir-corriendo\\\/#primaryimage\",\"url\":\"https:\\\/\\\/letrame.com\\\/catalogo\\\/wp-content\\\/uploads\\\/2026\\\/04\\\/quedarseosalir_777mm4.jpg\",\"contentUrl\":\"https:\\\/\\\/letrame.com\\\/catalogo\\\/wp-content\\\/uploads\\\/2026\\\/04\\\/quedarseosalir_777mm4.jpg\",\"width\":662,\"height\":993},{\"@type\":\"BreadcrumbList\",\"@id\":\"https:\\\/\\\/letrame.com\\\/catalogo\\\/producto\\\/quedarse-o-salir-corriendo\\\/#breadcrumb\",\"itemListElement\":[{\"@type\":\"ListItem\",\"position\":1,\"name\":\"Portada\",\"item\":\"https:\\\/\\\/letrame.com\\\/catalogo\\\/\"},{\"@type\":\"ListItem\",\"position\":2,\"name\":\"Cat\u00e1logo\",\"item\":\"https:\\\/\\\/letrame.com\\\/catalogo\\\/\"},{\"@type\":\"ListItem\",\"position\":3,\"name\":\"Quedarse o salir corriendo\"}]},{\"@type\":\"WebSite\",\"@id\":\"https:\\\/\\\/letrame.com\\\/catalogo\\\/#website\",\"url\":\"https:\\\/\\\/letrame.com\\\/catalogo\\\/\",\"name\":\"Catalogo | Letrame Grupo Editorial\",\"description\":\"\",\"publisher\":{\"@id\":\"https:\\\/\\\/letrame.com\\\/catalogo\\\/#organization\"},\"potentialAction\":[{\"@type\":\"SearchAction\",\"target\":{\"@type\":\"EntryPoint\",\"urlTemplate\":\"https:\\\/\\\/letrame.com\\\/catalogo\\\/?s={search_term_string}\"},\"query-input\":{\"@type\":\"PropertyValueSpecification\",\"valueRequired\":true,\"valueName\":\"search_term_string\"}}],\"inLanguage\":\"es\"},{\"@type\":\"Organization\",\"@id\":\"https:\\\/\\\/letrame.com\\\/catalogo\\\/#organization\",\"name\":\"Catalogo | Letrame Grupo Editorial\",\"url\":\"https:\\\/\\\/letrame.com\\\/catalogo\\\/\",\"logo\":{\"@type\":\"ImageObject\",\"inLanguage\":\"es\",\"@id\":\"https:\\\/\\\/letrame.com\\\/catalogo\\\/#\\\/schema\\\/logo\\\/image\\\/\",\"url\":\"https:\\\/\\\/letrame.com\\\/catalogo\\\/wp-content\\\/uploads\\\/2024\\\/03\\\/logo2.webp\",\"contentUrl\":\"https:\\\/\\\/letrame.com\\\/catalogo\\\/wp-content\\\/uploads\\\/2024\\\/03\\\/logo2.webp\",\"width\":394,\"height\":128,\"caption\":\"Catalogo | Letrame Grupo Editorial\"},\"image\":{\"@id\":\"https:\\\/\\\/letrame.com\\\/catalogo\\\/#\\\/schema\\\/logo\\\/image\\\/\"}}]}<\/script>\n<!-- \/ Yoast SEO plugin. -->","yoast_head_json":{"title":"Quedarse o salir corriendo - Catalogo | Letrame Grupo Editorial","robots":{"index":"index","follow":"follow","max-snippet":"max-snippet:-1","max-image-preview":"max-image-preview:large","max-video-preview":"max-video-preview:-1"},"canonical":"https:\/\/letrame.com\/catalogo\/producto\/quedarse-o-salir-corriendo\/","og_locale":"es_ES","og_type":"article","og_title":"Quedarse o salir corriendo - Catalogo | Letrame Grupo Editorial","og_description":"ISBN: 9791370299866  SINOPSIS Despu\u00e9s de una relaci\u00f3n que la dej\u00f3 emocionalmente a la intemperie, May empieza a hacer algo que nunca hab\u00eda hecho del todo: escucharse. Escuchar al cuerpo, a la intuici\u00f3n, a esas se\u00f1ales que antes confund\u00eda con amor o con miedo. A trav\u00e9s de encuentros, conversaciones y recuerdos, este libro traza un recorrido \u00edntimo por los v\u00ednculos que nos transforman, los que nos desgastan y los que nos obligan a elegir. Porque, en alg\u00fan punto de toda historia, aparece la pregunta inevitable: \u00bfme quedo o salgo corriendo? \u00a1O riendo!, ya que esta obra est\u00e1 salpicada de humor. Una novela emocional, honesta y cercana, que habla de deseo, p\u00e9rdida y reconstrucci\u00f3n. Un espejo para quienes han amado intensamente y para quienes han tenido que aprender que, a veces, quedarse es valent\u00eda\u2026 y, otras, salir corriendo es la \u00fanica forma de salvarse.","og_url":"https:\/\/letrame.com\/catalogo\/producto\/quedarse-o-salir-corriendo\/","og_site_name":"Catalogo | Letrame Grupo Editorial","article_modified_time":"2026-04-21T11:31:44+00:00","og_image":[{"width":662,"height":993,"url":"https:\/\/letrame.com\/catalogo\/wp-content\/uploads\/2026\/04\/quedarseosalir_777mm4.jpg","type":"image\/jpeg"}],"twitter_card":"summary_large_image","twitter_misc":{"Tiempo de lectura":"1 minuto"},"schema":{"@context":"https:\/\/schema.org","@graph":[{"@type":"WebPage","@id":"https:\/\/letrame.com\/catalogo\/producto\/quedarse-o-salir-corriendo\/","url":"https:\/\/letrame.com\/catalogo\/producto\/quedarse-o-salir-corriendo\/","name":"Quedarse o salir corriendo - Catalogo | Letrame Grupo Editorial","isPartOf":{"@id":"https:\/\/letrame.com\/catalogo\/#website"},"primaryImageOfPage":{"@id":"https:\/\/letrame.com\/catalogo\/producto\/quedarse-o-salir-corriendo\/#primaryimage"},"image":{"@id":"https:\/\/letrame.com\/catalogo\/producto\/quedarse-o-salir-corriendo\/#primaryimage"},"thumbnailUrl":"https:\/\/letrame.com\/catalogo\/wp-content\/uploads\/2026\/04\/quedarseosalir_777mm4.jpg","datePublished":"2026-04-21T11:31:43+00:00","dateModified":"2026-04-21T11:31:44+00:00","breadcrumb":{"@id":"https:\/\/letrame.com\/catalogo\/producto\/quedarse-o-salir-corriendo\/#breadcrumb"},"inLanguage":"es","potentialAction":[{"@type":"ReadAction","target":["https:\/\/letrame.com\/catalogo\/producto\/quedarse-o-salir-corriendo\/"]}]},{"@type":"ImageObject","inLanguage":"es","@id":"https:\/\/letrame.com\/catalogo\/producto\/quedarse-o-salir-corriendo\/#primaryimage","url":"https:\/\/letrame.com\/catalogo\/wp-content\/uploads\/2026\/04\/quedarseosalir_777mm4.jpg","contentUrl":"https:\/\/letrame.com\/catalogo\/wp-content\/uploads\/2026\/04\/quedarseosalir_777mm4.jpg","width":662,"height":993},{"@type":"BreadcrumbList","@id":"https:\/\/letrame.com\/catalogo\/producto\/quedarse-o-salir-corriendo\/#breadcrumb","itemListElement":[{"@type":"ListItem","position":1,"name":"Portada","item":"https:\/\/letrame.com\/catalogo\/"},{"@type":"ListItem","position":2,"name":"Cat\u00e1logo","item":"https:\/\/letrame.com\/catalogo\/"},{"@type":"ListItem","position":3,"name":"Quedarse o salir corriendo"}]},{"@type":"WebSite","@id":"https:\/\/letrame.com\/catalogo\/#website","url":"https:\/\/letrame.com\/catalogo\/","name":"Catalogo | Letrame Grupo Editorial","description":"","publisher":{"@id":"https:\/\/letrame.com\/catalogo\/#organization"},"potentialAction":[{"@type":"SearchAction","target":{"@type":"EntryPoint","urlTemplate":"https:\/\/letrame.com\/catalogo\/?s={search_term_string}"},"query-input":{"@type":"PropertyValueSpecification","valueRequired":true,"valueName":"search_term_string"}}],"inLanguage":"es"},{"@type":"Organization","@id":"https:\/\/letrame.com\/catalogo\/#organization","name":"Catalogo | Letrame Grupo Editorial","url":"https:\/\/letrame.com\/catalogo\/","logo":{"@type":"ImageObject","inLanguage":"es","@id":"https:\/\/letrame.com\/catalogo\/#\/schema\/logo\/image\/","url":"https:\/\/letrame.com\/catalogo\/wp-content\/uploads\/2024\/03\/logo2.webp","contentUrl":"https:\/\/letrame.com\/catalogo\/wp-content\/uploads\/2024\/03\/logo2.webp","width":394,"height":128,"caption":"Catalogo | Letrame Grupo Editorial"},"image":{"@id":"https:\/\/letrame.com\/catalogo\/#\/schema\/logo\/image\/"}}]}},"_links":{"self":[{"href":"https:\/\/letrame.com\/catalogo\/wp-json\/wp\/v2\/product\/112348","targetHints":{"allow":["GET"]}}],"collection":[{"href":"https:\/\/letrame.com\/catalogo\/wp-json\/wp\/v2\/product"}],"about":[{"href":"https:\/\/letrame.com\/catalogo\/wp-json\/wp\/v2\/types\/product"}],"replies":[{"embeddable":true,"href":"https:\/\/letrame.com\/catalogo\/wp-json\/wp\/v2\/comments?post=112348"}],"acf:post":[{"embeddable":true,"href":"https:\/\/letrame.com\/catalogo\/wp-json\/wp\/v2\/author_book\/74778"}],"wp:featuredmedia":[{"embeddable":true,"href":"https:\/\/letrame.com\/catalogo\/wp-json\/wp\/v2\/media\/112352"}],"wp:attachment":[{"href":"https:\/\/letrame.com\/catalogo\/wp-json\/wp\/v2\/media?parent=112348"}],"wp:term":[{"taxonomy":"libro","embeddable":true,"href":"https:\/\/letrame.com\/catalogo\/wp-json\/wp\/v2\/libro?post=112348"},{"taxonomy":"product_brand","embeddable":true,"href":"https:\/\/letrame.com\/catalogo\/wp-json\/wp\/v2\/product_brand?post=112348"},{"taxonomy":"product_cat","embeddable":true,"href":"https:\/\/letrame.com\/catalogo\/wp-json\/wp\/v2\/product_cat?post=112348"},{"taxonomy":"product_tag","embeddable":true,"href":"https:\/\/letrame.com\/catalogo\/wp-json\/wp\/v2\/product_tag?post=112348"}],"curies":[{"name":"wp","href":"https:\/\/api.w.org\/{rel}","templated":true}]}}