{"id":112339,"date":"2026-04-16T09:58:39","date_gmt":"2026-04-16T07:58:39","guid":{"rendered":"https:\/\/letrame.com\/catalogo\/?post_type=product&#038;p=112339"},"modified":"2026-04-16T09:58:39","modified_gmt":"2026-04-16T07:58:39","slug":"cartas-a-mi-amor-de-otono","status":"publish","type":"product","link":"https:\/\/letrame.com\/catalogo\/producto\/cartas-a-mi-amor-de-otono\/","title":{"rendered":"Cartas a mi amor de oto\u00f1o"},"content":{"rendered":"<p><strong>ISBN: 9791370298111<\/strong><br \/>\n<strong>T\u00edtulo: Cartas a mi amor de oto\u00f1o<\/strong><br \/>\n<strong>Fecha: 2026<\/strong><br \/>\n<strong>P\u00e1ginas: 194<\/strong><\/p>\n<p><strong>SINOPSIS<\/strong><\/p>\n<p>En Cartas a mi amor de oto\u00f1o, cada p\u00e1gina es un susurro de lo que qued\u00f3 y un grito de lo que nunca pudo ser. Esta antolog\u00eda de prosa po\u00e9tica nace de cartas jam\u00e1s enviadas, escritas para un amor que se desvaneci\u00f3 sin explicaci\u00f3n, dejando al autor frente a la soledad y la incertidumbre.<\/p>\n<p>Entre confesiones \u00edntimas y emociones desbordadas, el lector recorre un viaje que comienza en la desesperaci\u00f3n m\u00e1s profunda, se adentra en el dolor y la tristeza del abandono, y poco a poco abre camino hacia la resiliencia, el amor propio y la esperanza de un futuro renovado.<\/p>\n<p>Las cartas se entrelazan con textos de prosa po\u00e9tica que ara\u00f1an el alma, despiertan los sentidos y agitan las emociones m\u00e1s intensas: un lamento que hiere y acaricia a la vez, un eco de lo perdido que invita a mirar hacia lo que a\u00fan puede florecer.<\/p>\n<p>Cartas a mi amor de oto\u00f1o es un canto a la memoria de los amores imposibles y a la fuerza de un coraz\u00f3n que aprende a sanar. Un libro donde la melancol\u00eda se transforma en belleza y la ausencia se convierte en arte.<\/p>\n<p>&nbsp;<\/p>\n","protected":false},"excerpt":{"rendered":"<p><strong>ISBN: 9791370298111<\/strong><\/p>\n<p><strong>SINOPSIS<\/strong><\/p>\n<p>En Cartas a mi amor de oto\u00f1o, cada p\u00e1gina es un susurro de lo que qued\u00f3 y un grito de lo que nunca pudo ser. Esta antolog\u00eda de prosa po\u00e9tica nace de cartas jam\u00e1s enviadas, escritas para un amor que se desvaneci\u00f3 sin explicaci\u00f3n, dejando al autor frente a la soledad y la incertidumbre.<\/p>\n<p>Entre confesiones \u00edntimas y emociones desbordadas, el lector recorre un viaje que comienza en la desesperaci\u00f3n m\u00e1s profunda, se adentra en el dolor y la tristeza del abandono, y poco a poco abre camino hacia la resiliencia, el amor propio y la esperanza de un futuro renovado.<\/p>\n<p>Las cartas se entrelazan con textos de prosa po\u00e9tica que ara\u00f1an el alma, despiertan los sentidos y agitan las emociones m\u00e1s intensas: un lamento que hiere y acaricia a la vez, un eco de lo perdido que invita a mirar hacia lo que a\u00fan puede florecer.<\/p>\n<p>Cartas a mi amor de oto\u00f1o es un canto a la memoria de los amores imposibles y a la fuerza de un coraz\u00f3n que aprende a sanar. Un libro donde la melancol\u00eda se transforma en belleza y la ausencia se convierte en arte.<\/p>\n<p>&nbsp;<\/p>\n","protected":false},"featured_media":112341,"comment_status":"open","ping_status":"closed","template":"","meta":{"_acf_changed":false},"libro":[],"product_brand":[],"product_cat":[20],"product_tag":[],"class_list":{"0":"post-112339","1":"product","2":"type-product","3":"status-publish","4":"has-post-thumbnail","6":"product_cat-poesia","8":"first","9":"instock","10":"shipping-taxable","11":"product-type-simple"},"acf":{"autor":[76875],"enlace_de_compra":""},"yoast_head":"<!-- This site is optimized with the Yoast SEO plugin v27.4 - https:\/\/yoast.com\/product\/yoast-seo-wordpress\/ -->\n<title>Cartas a mi amor de oto\u00f1o - Catalogo | Letrame Grupo Editorial<\/title>\n<meta name=\"robots\" content=\"index, follow, max-snippet:-1, max-image-preview:large, max-video-preview:-1\" \/>\n<link rel=\"canonical\" href=\"https:\/\/letrame.com\/catalogo\/producto\/cartas-a-mi-amor-de-otono\/\" \/>\n<meta property=\"og:locale\" content=\"es_ES\" \/>\n<meta property=\"og:type\" content=\"article\" \/>\n<meta property=\"og:title\" content=\"Cartas a mi amor de oto\u00f1o - Catalogo | Letrame Grupo Editorial\" \/>\n<meta property=\"og:description\" content=\"ISBN: 9791370298111  SINOPSIS  En Cartas a mi amor de oto\u00f1o, cada p\u00e1gina es un susurro de lo que qued\u00f3 y un grito de lo que nunca pudo ser. Esta antolog\u00eda de prosa po\u00e9tica nace de cartas jam\u00e1s enviadas, escritas para un amor que se desvaneci\u00f3 sin explicaci\u00f3n, dejando al autor frente a la soledad y la incertidumbre.  Entre confesiones \u00edntimas y emociones desbordadas, el lector recorre un viaje que comienza en la desesperaci\u00f3n m\u00e1s profunda, se adentra en el dolor y la tristeza del abandono, y poco a poco abre camino hacia la resiliencia, el amor propio y la esperanza de un futuro renovado.  Las cartas se entrelazan con textos de prosa po\u00e9tica que ara\u00f1an el alma, despiertan los sentidos y agitan las emociones m\u00e1s intensas: un lamento que hiere y acaricia a la vez, un eco de lo perdido que invita a mirar hacia lo que a\u00fan puede florecer.  Cartas a mi amor de oto\u00f1o es un canto a la memoria de los amores imposibles y a la fuerza de un coraz\u00f3n que aprende a sanar. Un libro donde la melancol\u00eda se transforma en belleza y la ausencia se convierte en arte.  &nbsp;\" \/>\n<meta property=\"og:url\" content=\"https:\/\/letrame.com\/catalogo\/producto\/cartas-a-mi-amor-de-otono\/\" \/>\n<meta property=\"og:site_name\" content=\"Catalogo | Letrame Grupo Editorial\" \/>\n<meta property=\"og:image\" content=\"https:\/\/letrame.com\/catalogo\/wp-content\/uploads\/2026\/04\/cartasamiamor_971mm4.jpg\" \/>\n\t<meta property=\"og:image:width\" content=\"691\" \/>\n\t<meta property=\"og:image:height\" content=\"1063\" \/>\n\t<meta property=\"og:image:type\" content=\"image\/jpeg\" \/>\n<meta name=\"twitter:card\" content=\"summary_large_image\" \/>\n<meta name=\"twitter:label1\" content=\"Tiempo de lectura\" \/>\n\t<meta name=\"twitter:data1\" content=\"2 minutos\" \/>\n<script type=\"application\/ld+json\" class=\"yoast-schema-graph\">{\"@context\":\"https:\\\/\\\/schema.org\",\"@graph\":[{\"@type\":\"WebPage\",\"@id\":\"https:\\\/\\\/letrame.com\\\/catalogo\\\/producto\\\/cartas-a-mi-amor-de-otono\\\/\",\"url\":\"https:\\\/\\\/letrame.com\\\/catalogo\\\/producto\\\/cartas-a-mi-amor-de-otono\\\/\",\"name\":\"Cartas a mi amor de oto\u00f1o - Catalogo | Letrame Grupo Editorial\",\"isPartOf\":{\"@id\":\"https:\\\/\\\/letrame.com\\\/catalogo\\\/#website\"},\"primaryImageOfPage\":{\"@id\":\"https:\\\/\\\/letrame.com\\\/catalogo\\\/producto\\\/cartas-a-mi-amor-de-otono\\\/#primaryimage\"},\"image\":{\"@id\":\"https:\\\/\\\/letrame.com\\\/catalogo\\\/producto\\\/cartas-a-mi-amor-de-otono\\\/#primaryimage\"},\"thumbnailUrl\":\"https:\\\/\\\/letrame.com\\\/catalogo\\\/wp-content\\\/uploads\\\/2026\\\/04\\\/cartasamiamor_971mm4.jpg\",\"datePublished\":\"2026-04-16T07:58:39+00:00\",\"breadcrumb\":{\"@id\":\"https:\\\/\\\/letrame.com\\\/catalogo\\\/producto\\\/cartas-a-mi-amor-de-otono\\\/#breadcrumb\"},\"inLanguage\":\"es\",\"potentialAction\":[{\"@type\":\"ReadAction\",\"target\":[\"https:\\\/\\\/letrame.com\\\/catalogo\\\/producto\\\/cartas-a-mi-amor-de-otono\\\/\"]}]},{\"@type\":\"ImageObject\",\"inLanguage\":\"es\",\"@id\":\"https:\\\/\\\/letrame.com\\\/catalogo\\\/producto\\\/cartas-a-mi-amor-de-otono\\\/#primaryimage\",\"url\":\"https:\\\/\\\/letrame.com\\\/catalogo\\\/wp-content\\\/uploads\\\/2026\\\/04\\\/cartasamiamor_971mm4.jpg\",\"contentUrl\":\"https:\\\/\\\/letrame.com\\\/catalogo\\\/wp-content\\\/uploads\\\/2026\\\/04\\\/cartasamiamor_971mm4.jpg\",\"width\":691,\"height\":1063},{\"@type\":\"BreadcrumbList\",\"@id\":\"https:\\\/\\\/letrame.com\\\/catalogo\\\/producto\\\/cartas-a-mi-amor-de-otono\\\/#breadcrumb\",\"itemListElement\":[{\"@type\":\"ListItem\",\"position\":1,\"name\":\"Portada\",\"item\":\"https:\\\/\\\/letrame.com\\\/catalogo\\\/\"},{\"@type\":\"ListItem\",\"position\":2,\"name\":\"Cat\u00e1logo\",\"item\":\"https:\\\/\\\/letrame.com\\\/catalogo\\\/\"},{\"@type\":\"ListItem\",\"position\":3,\"name\":\"Cartas a mi amor de oto\u00f1o\"}]},{\"@type\":\"WebSite\",\"@id\":\"https:\\\/\\\/letrame.com\\\/catalogo\\\/#website\",\"url\":\"https:\\\/\\\/letrame.com\\\/catalogo\\\/\",\"name\":\"Catalogo | Letrame Grupo Editorial\",\"description\":\"\",\"publisher\":{\"@id\":\"https:\\\/\\\/letrame.com\\\/catalogo\\\/#organization\"},\"potentialAction\":[{\"@type\":\"SearchAction\",\"target\":{\"@type\":\"EntryPoint\",\"urlTemplate\":\"https:\\\/\\\/letrame.com\\\/catalogo\\\/?s={search_term_string}\"},\"query-input\":{\"@type\":\"PropertyValueSpecification\",\"valueRequired\":true,\"valueName\":\"search_term_string\"}}],\"inLanguage\":\"es\"},{\"@type\":\"Organization\",\"@id\":\"https:\\\/\\\/letrame.com\\\/catalogo\\\/#organization\",\"name\":\"Catalogo | Letrame Grupo Editorial\",\"url\":\"https:\\\/\\\/letrame.com\\\/catalogo\\\/\",\"logo\":{\"@type\":\"ImageObject\",\"inLanguage\":\"es\",\"@id\":\"https:\\\/\\\/letrame.com\\\/catalogo\\\/#\\\/schema\\\/logo\\\/image\\\/\",\"url\":\"https:\\\/\\\/letrame.com\\\/catalogo\\\/wp-content\\\/uploads\\\/2024\\\/03\\\/logo2.webp\",\"contentUrl\":\"https:\\\/\\\/letrame.com\\\/catalogo\\\/wp-content\\\/uploads\\\/2024\\\/03\\\/logo2.webp\",\"width\":394,\"height\":128,\"caption\":\"Catalogo | Letrame Grupo Editorial\"},\"image\":{\"@id\":\"https:\\\/\\\/letrame.com\\\/catalogo\\\/#\\\/schema\\\/logo\\\/image\\\/\"}}]}<\/script>\n<!-- \/ Yoast SEO plugin. -->","yoast_head_json":{"title":"Cartas a mi amor de oto\u00f1o - Catalogo | Letrame Grupo Editorial","robots":{"index":"index","follow":"follow","max-snippet":"max-snippet:-1","max-image-preview":"max-image-preview:large","max-video-preview":"max-video-preview:-1"},"canonical":"https:\/\/letrame.com\/catalogo\/producto\/cartas-a-mi-amor-de-otono\/","og_locale":"es_ES","og_type":"article","og_title":"Cartas a mi amor de oto\u00f1o - Catalogo | Letrame Grupo Editorial","og_description":"ISBN: 9791370298111  SINOPSIS  En Cartas a mi amor de oto\u00f1o, cada p\u00e1gina es un susurro de lo que qued\u00f3 y un grito de lo que nunca pudo ser. Esta antolog\u00eda de prosa po\u00e9tica nace de cartas jam\u00e1s enviadas, escritas para un amor que se desvaneci\u00f3 sin explicaci\u00f3n, dejando al autor frente a la soledad y la incertidumbre.  Entre confesiones \u00edntimas y emociones desbordadas, el lector recorre un viaje que comienza en la desesperaci\u00f3n m\u00e1s profunda, se adentra en el dolor y la tristeza del abandono, y poco a poco abre camino hacia la resiliencia, el amor propio y la esperanza de un futuro renovado.  Las cartas se entrelazan con textos de prosa po\u00e9tica que ara\u00f1an el alma, despiertan los sentidos y agitan las emociones m\u00e1s intensas: un lamento que hiere y acaricia a la vez, un eco de lo perdido que invita a mirar hacia lo que a\u00fan puede florecer.  Cartas a mi amor de oto\u00f1o es un canto a la memoria de los amores imposibles y a la fuerza de un coraz\u00f3n que aprende a sanar. Un libro donde la melancol\u00eda se transforma en belleza y la ausencia se convierte en arte.  &nbsp;","og_url":"https:\/\/letrame.com\/catalogo\/producto\/cartas-a-mi-amor-de-otono\/","og_site_name":"Catalogo | Letrame Grupo Editorial","og_image":[{"width":691,"height":1063,"url":"https:\/\/letrame.com\/catalogo\/wp-content\/uploads\/2026\/04\/cartasamiamor_971mm4.jpg","type":"image\/jpeg"}],"twitter_card":"summary_large_image","twitter_misc":{"Tiempo de lectura":"2 minutos"},"schema":{"@context":"https:\/\/schema.org","@graph":[{"@type":"WebPage","@id":"https:\/\/letrame.com\/catalogo\/producto\/cartas-a-mi-amor-de-otono\/","url":"https:\/\/letrame.com\/catalogo\/producto\/cartas-a-mi-amor-de-otono\/","name":"Cartas a mi amor de oto\u00f1o - Catalogo | Letrame Grupo Editorial","isPartOf":{"@id":"https:\/\/letrame.com\/catalogo\/#website"},"primaryImageOfPage":{"@id":"https:\/\/letrame.com\/catalogo\/producto\/cartas-a-mi-amor-de-otono\/#primaryimage"},"image":{"@id":"https:\/\/letrame.com\/catalogo\/producto\/cartas-a-mi-amor-de-otono\/#primaryimage"},"thumbnailUrl":"https:\/\/letrame.com\/catalogo\/wp-content\/uploads\/2026\/04\/cartasamiamor_971mm4.jpg","datePublished":"2026-04-16T07:58:39+00:00","breadcrumb":{"@id":"https:\/\/letrame.com\/catalogo\/producto\/cartas-a-mi-amor-de-otono\/#breadcrumb"},"inLanguage":"es","potentialAction":[{"@type":"ReadAction","target":["https:\/\/letrame.com\/catalogo\/producto\/cartas-a-mi-amor-de-otono\/"]}]},{"@type":"ImageObject","inLanguage":"es","@id":"https:\/\/letrame.com\/catalogo\/producto\/cartas-a-mi-amor-de-otono\/#primaryimage","url":"https:\/\/letrame.com\/catalogo\/wp-content\/uploads\/2026\/04\/cartasamiamor_971mm4.jpg","contentUrl":"https:\/\/letrame.com\/catalogo\/wp-content\/uploads\/2026\/04\/cartasamiamor_971mm4.jpg","width":691,"height":1063},{"@type":"BreadcrumbList","@id":"https:\/\/letrame.com\/catalogo\/producto\/cartas-a-mi-amor-de-otono\/#breadcrumb","itemListElement":[{"@type":"ListItem","position":1,"name":"Portada","item":"https:\/\/letrame.com\/catalogo\/"},{"@type":"ListItem","position":2,"name":"Cat\u00e1logo","item":"https:\/\/letrame.com\/catalogo\/"},{"@type":"ListItem","position":3,"name":"Cartas a mi amor de oto\u00f1o"}]},{"@type":"WebSite","@id":"https:\/\/letrame.com\/catalogo\/#website","url":"https:\/\/letrame.com\/catalogo\/","name":"Catalogo | Letrame Grupo Editorial","description":"","publisher":{"@id":"https:\/\/letrame.com\/catalogo\/#organization"},"potentialAction":[{"@type":"SearchAction","target":{"@type":"EntryPoint","urlTemplate":"https:\/\/letrame.com\/catalogo\/?s={search_term_string}"},"query-input":{"@type":"PropertyValueSpecification","valueRequired":true,"valueName":"search_term_string"}}],"inLanguage":"es"},{"@type":"Organization","@id":"https:\/\/letrame.com\/catalogo\/#organization","name":"Catalogo | Letrame Grupo Editorial","url":"https:\/\/letrame.com\/catalogo\/","logo":{"@type":"ImageObject","inLanguage":"es","@id":"https:\/\/letrame.com\/catalogo\/#\/schema\/logo\/image\/","url":"https:\/\/letrame.com\/catalogo\/wp-content\/uploads\/2024\/03\/logo2.webp","contentUrl":"https:\/\/letrame.com\/catalogo\/wp-content\/uploads\/2024\/03\/logo2.webp","width":394,"height":128,"caption":"Catalogo | Letrame Grupo Editorial"},"image":{"@id":"https:\/\/letrame.com\/catalogo\/#\/schema\/logo\/image\/"}}]}},"_links":{"self":[{"href":"https:\/\/letrame.com\/catalogo\/wp-json\/wp\/v2\/product\/112339","targetHints":{"allow":["GET"]}}],"collection":[{"href":"https:\/\/letrame.com\/catalogo\/wp-json\/wp\/v2\/product"}],"about":[{"href":"https:\/\/letrame.com\/catalogo\/wp-json\/wp\/v2\/types\/product"}],"replies":[{"embeddable":true,"href":"https:\/\/letrame.com\/catalogo\/wp-json\/wp\/v2\/comments?post=112339"}],"acf:post":[{"embeddable":true,"href":"https:\/\/letrame.com\/catalogo\/wp-json\/wp\/v2\/author_book\/76875"}],"wp:featuredmedia":[{"embeddable":true,"href":"https:\/\/letrame.com\/catalogo\/wp-json\/wp\/v2\/media\/112341"}],"wp:attachment":[{"href":"https:\/\/letrame.com\/catalogo\/wp-json\/wp\/v2\/media?parent=112339"}],"wp:term":[{"taxonomy":"libro","embeddable":true,"href":"https:\/\/letrame.com\/catalogo\/wp-json\/wp\/v2\/libro?post=112339"},{"taxonomy":"product_brand","embeddable":true,"href":"https:\/\/letrame.com\/catalogo\/wp-json\/wp\/v2\/product_brand?post=112339"},{"taxonomy":"product_cat","embeddable":true,"href":"https:\/\/letrame.com\/catalogo\/wp-json\/wp\/v2\/product_cat?post=112339"},{"taxonomy":"product_tag","embeddable":true,"href":"https:\/\/letrame.com\/catalogo\/wp-json\/wp\/v2\/product_tag?post=112339"}],"curies":[{"name":"wp","href":"https:\/\/api.w.org\/{rel}","templated":true}]}}