{"id":112308,"date":"2026-04-29T13:31:01","date_gmt":"2026-04-29T11:31:01","guid":{"rendered":"https:\/\/letrame.com\/catalogo\/?post_type=product&#038;p=112308"},"modified":"2026-04-29T13:31:01","modified_gmt":"2026-04-29T11:31:01","slug":"como-entender-la-diplomacia-de-hoy","status":"publish","type":"product","link":"https:\/\/letrame.com\/catalogo\/producto\/como-entender-la-diplomacia-de-hoy\/","title":{"rendered":"C\u00f3mo entender la diplomacia de hoy"},"content":{"rendered":"<p><strong>ISBN: 9791370297541<\/strong><br \/>\n<strong>T\u00edtulo: C\u00f3mo entender la diplomacia de hoy<\/strong><br \/>\n<strong>Fecha: 2026<\/strong><br \/>\n<strong>P\u00e1ginas: 416<\/strong><\/p>\n<p><strong>SINOPSIS<\/strong><\/p>\n<p data-start=\"0\" data-end=\"327\">En un mundo marcado por la polarizaci\u00f3n, la velocidad digital y la fragilidad del orden internacional, la diplomacia ya no puede entenderse como un oficio reservado a canciller\u00edas y embajadas. Hoy, m\u00e1s que nunca, es un lenguaje indispensable para interpretar el poder, gestionar el conflicto y sostener la convivencia global.<\/p>\n<p data-start=\"329\" data-end=\"1266\"><em data-start=\"329\" data-end=\"365\">C\u00f3mo entender la diplomacia de hoy<\/em> es una obra l\u00facida y profundamente actual que invita al lector a descifrar los c\u00f3digos visibles e invisibles que rigen las relaciones internacionales del siglo XXI. A trav\u00e9s de un recorrido riguroso y accesible, el autor explora la geopol\u00edtica contempor\u00e1nea, el multilateralismo, las organizaciones internacionales, la cultura de paz, los derechos humanos y el protocolo diplom\u00e1tico como piezas de un mismo entramado: el arte del entendimiento entre los pueblos. Lejos de ser un manual t\u00e9cnico, este libro combina an\u00e1lisis acad\u00e9mico, pensamiento cr\u00edtico y reflexi\u00f3n \u00e9tica para explicar c\u00f3mo se construyen las decisiones que impactan al mundo. Desde el declive del liderazgo tradicional hasta el ascenso de nuevas potencias, desde la diplomacia militarizada hasta la urgencia de una diplomacia profesional y humanista, la obra ofrece claves esenciales para comprender los desaf\u00edos globales actuales.<\/p>\n<p data-start=\"1268\" data-end=\"1665\">Con un estilo claro, pedag\u00f3gico y reflexivo, Ram\u00f3n Glass demuestra que la diplomacia no es solo una herramienta pol\u00edtica, sino una forma de inteligencia colectiva, donde la palabra, el gesto, el s\u00edmbolo y la empat\u00eda siguen siendo m\u00e1s poderosos que la fuerza. El protocolo, la cultura y la educaci\u00f3n emergen aqu\u00ed no como ornamentos, sino como lenguajes estrat\u00e9gicos de respeto, legitimidad y paz.<\/p>\n<p data-start=\"1667\" data-end=\"2071\" data-is-last-node=\"\" data-is-only-node=\"\">Dirigido a estudiantes, diplom\u00e1ticos, acad\u00e9micos, servidores p\u00fablicos y lectores inquietos por entender el mundo que habitamos, <em data-start=\"1795\" data-end=\"1831\">C\u00f3mo entender la diplomacia de hoy<\/em> es una invitaci\u00f3n a mirar la realidad internacional con mayor profundidad, a leer entre l\u00edneas los silencios del poder y a reconocer que, en tiempos de incertidumbre global, el di\u00e1logo sigue siendo la forma m\u00e1s alta de inteligencia humana.<\/p>\n","protected":false},"excerpt":{"rendered":"<p><strong>ISBN: 9791370297541<\/strong><\/p>\n<p><strong>SINOPSIS<\/strong><\/p>\n<p data-start=\"0\" data-end=\"327\">En un mundo marcado por la polarizaci\u00f3n, la velocidad digital y la fragilidad del orden internacional, la diplomacia ya no puede entenderse como un oficio reservado a canciller\u00edas y embajadas. Hoy, m\u00e1s que nunca, es un lenguaje indispensable para interpretar el poder, gestionar el conflicto y sostener la convivencia global.<\/p>\n<p data-start=\"329\" data-end=\"1266\"><em data-start=\"329\" data-end=\"365\">C\u00f3mo entender la diplomacia de hoy<\/em> es una obra l\u00facida y profundamente actual que invita al lector a descifrar los c\u00f3digos visibles e invisibles que rigen las relaciones internacionales del siglo XXI. A trav\u00e9s de un recorrido riguroso y accesible, el autor explora la geopol\u00edtica contempor\u00e1nea, el multilateralismo, las organizaciones internacionales, la cultura de paz, los derechos humanos y el protocolo diplom\u00e1tico como piezas de un mismo entramado: el arte del entendimiento entre los pueblos. Lejos de ser un manual t\u00e9cnico, este libro combina an\u00e1lisis acad\u00e9mico, pensamiento cr\u00edtico y reflexi\u00f3n \u00e9tica para explicar c\u00f3mo se construyen las decisiones que impactan al mundo. Desde el declive del liderazgo tradicional hasta el ascenso de nuevas potencias, desde la diplomacia militarizada hasta la urgencia de una diplomacia profesional y humanista, la obra ofrece claves esenciales para comprender los desaf\u00edos globales actuales.<\/p>\n<p data-start=\"1268\" data-end=\"1665\">Con un estilo claro, pedag\u00f3gico y reflexivo, Ram\u00f3n Glass demuestra que la diplomacia no es solo una herramienta pol\u00edtica, sino una forma de inteligencia colectiva, donde la palabra, el gesto, el s\u00edmbolo y la empat\u00eda siguen siendo m\u00e1s poderosos que la fuerza. El protocolo, la cultura y la educaci\u00f3n emergen aqu\u00ed no como ornamentos, sino como lenguajes estrat\u00e9gicos de respeto, legitimidad y paz.<\/p>\n<p data-start=\"1667\" data-end=\"2071\" data-is-last-node=\"\" data-is-only-node=\"\">Dirigido a estudiantes, diplom\u00e1ticos, acad\u00e9micos, servidores p\u00fablicos y lectores inquietos por entender el mundo que habitamos, <em data-start=\"1795\" data-end=\"1831\">C\u00f3mo entender la diplomacia de hoy<\/em> es una invitaci\u00f3n a mirar la realidad internacional con mayor profundidad, a leer entre l\u00edneas los silencios del poder y a reconocer que, en tiempos de incertidumbre global, el di\u00e1logo sigue siendo la forma m\u00e1s alta de inteligencia humana.<\/p>\n","protected":false},"featured_media":112311,"comment_status":"open","ping_status":"closed","template":"","meta":{"_acf_changed":false},"libro":[],"product_brand":[],"product_cat":[128],"product_tag":[],"class_list":{"0":"post-112308","1":"product","2":"type-product","3":"status-publish","4":"has-post-thumbnail","6":"product_cat-politica","8":"first","9":"instock","10":"shipping-taxable","11":"product-type-simple"},"acf":{"autor":[112309],"enlace_de_compra":""},"yoast_head":"<!-- This site is optimized with the Yoast SEO plugin v27.4 - https:\/\/yoast.com\/product\/yoast-seo-wordpress\/ -->\n<title>C\u00f3mo entender la diplomacia de hoy - Catalogo | Letrame Grupo Editorial<\/title>\n<meta name=\"robots\" content=\"index, follow, max-snippet:-1, max-image-preview:large, max-video-preview:-1\" \/>\n<link rel=\"canonical\" href=\"https:\/\/letrame.com\/catalogo\/producto\/como-entender-la-diplomacia-de-hoy\/\" \/>\n<meta property=\"og:locale\" content=\"es_ES\" \/>\n<meta property=\"og:type\" content=\"article\" \/>\n<meta property=\"og:title\" content=\"C\u00f3mo entender la diplomacia de hoy - Catalogo | Letrame Grupo Editorial\" \/>\n<meta property=\"og:description\" content=\"ISBN: 9791370297541  SINOPSIS En un mundo marcado por la polarizaci\u00f3n, la velocidad digital y la fragilidad del orden internacional, la diplomacia ya no puede entenderse como un oficio reservado a canciller\u00edas y embajadas. Hoy, m\u00e1s que nunca, es un lenguaje indispensable para interpretar el poder, gestionar el conflicto y sostener la convivencia global. C\u00f3mo entender la diplomacia de hoy es una obra l\u00facida y profundamente actual que invita al lector a descifrar los c\u00f3digos visibles e invisibles que rigen las relaciones internacionales del siglo XXI. A trav\u00e9s de un recorrido riguroso y accesible, el autor explora la geopol\u00edtica contempor\u00e1nea, el multilateralismo, las organizaciones internacionales, la cultura de paz, los derechos humanos y el protocolo diplom\u00e1tico como piezas de un mismo entramado: el arte del entendimiento entre los pueblos. Lejos de ser un manual t\u00e9cnico, este libro combina an\u00e1lisis acad\u00e9mico, pensamiento cr\u00edtico y reflexi\u00f3n \u00e9tica para explicar c\u00f3mo se construyen las decisiones que impactan al mundo. Desde el declive del liderazgo tradicional hasta el ascenso de nuevas potencias, desde la diplomacia militarizada hasta la urgencia de una diplomacia profesional y humanista, la obra ofrece claves esenciales para comprender los desaf\u00edos globales actuales. Con un estilo claro, pedag\u00f3gico y reflexivo, Ram\u00f3n Glass demuestra que la diplomacia no es solo una herramienta pol\u00edtica, sino una forma de inteligencia colectiva, donde la palabra, el gesto, el s\u00edmbolo y la empat\u00eda siguen siendo m\u00e1s poderosos que la fuerza. El protocolo, la cultura y la educaci\u00f3n emergen aqu\u00ed no como ornamentos, sino como lenguajes estrat\u00e9gicos de respeto, legitimidad y paz. Dirigido a estudiantes, diplom\u00e1ticos, acad\u00e9micos, servidores p\u00fablicos y lectores inquietos por entender el mundo que habitamos, C\u00f3mo entender la diplomacia de hoy es una invitaci\u00f3n a mirar la realidad internacional con mayor profundidad, a leer entre l\u00edneas los silencios del poder y a reconocer que, en tiempos de incertidumbre global, el di\u00e1logo sigue siendo la forma m\u00e1s alta de inteligencia humana.\" \/>\n<meta property=\"og:url\" content=\"https:\/\/letrame.com\/catalogo\/producto\/como-entender-la-diplomacia-de-hoy\/\" \/>\n<meta property=\"og:site_name\" content=\"Catalogo | Letrame Grupo Editorial\" \/>\n<meta property=\"og:image\" content=\"https:\/\/letrame.com\/catalogo\/wp-content\/uploads\/2026\/04\/comoentender_2047mm4.jpg\" \/>\n\t<meta property=\"og:image:width\" content=\"709\" \/>\n\t<meta property=\"og:image:height\" content=\"992\" \/>\n\t<meta property=\"og:image:type\" content=\"image\/jpeg\" \/>\n<meta name=\"twitter:card\" content=\"summary_large_image\" \/>\n<meta name=\"twitter:label1\" content=\"Tiempo de lectura\" \/>\n\t<meta name=\"twitter:data1\" content=\"2 minutos\" \/>\n<script type=\"application\/ld+json\" class=\"yoast-schema-graph\">{\"@context\":\"https:\\\/\\\/schema.org\",\"@graph\":[{\"@type\":\"WebPage\",\"@id\":\"https:\\\/\\\/letrame.com\\\/catalogo\\\/producto\\\/como-entender-la-diplomacia-de-hoy\\\/\",\"url\":\"https:\\\/\\\/letrame.com\\\/catalogo\\\/producto\\\/como-entender-la-diplomacia-de-hoy\\\/\",\"name\":\"C\u00f3mo entender la diplomacia de hoy - Catalogo | Letrame Grupo Editorial\",\"isPartOf\":{\"@id\":\"https:\\\/\\\/letrame.com\\\/catalogo\\\/#website\"},\"primaryImageOfPage\":{\"@id\":\"https:\\\/\\\/letrame.com\\\/catalogo\\\/producto\\\/como-entender-la-diplomacia-de-hoy\\\/#primaryimage\"},\"image\":{\"@id\":\"https:\\\/\\\/letrame.com\\\/catalogo\\\/producto\\\/como-entender-la-diplomacia-de-hoy\\\/#primaryimage\"},\"thumbnailUrl\":\"https:\\\/\\\/letrame.com\\\/catalogo\\\/wp-content\\\/uploads\\\/2026\\\/04\\\/comoentender_2047mm4.jpg\",\"datePublished\":\"2026-04-29T11:31:01+00:00\",\"breadcrumb\":{\"@id\":\"https:\\\/\\\/letrame.com\\\/catalogo\\\/producto\\\/como-entender-la-diplomacia-de-hoy\\\/#breadcrumb\"},\"inLanguage\":\"es\",\"potentialAction\":[{\"@type\":\"ReadAction\",\"target\":[\"https:\\\/\\\/letrame.com\\\/catalogo\\\/producto\\\/como-entender-la-diplomacia-de-hoy\\\/\"]}]},{\"@type\":\"ImageObject\",\"inLanguage\":\"es\",\"@id\":\"https:\\\/\\\/letrame.com\\\/catalogo\\\/producto\\\/como-entender-la-diplomacia-de-hoy\\\/#primaryimage\",\"url\":\"https:\\\/\\\/letrame.com\\\/catalogo\\\/wp-content\\\/uploads\\\/2026\\\/04\\\/comoentender_2047mm4.jpg\",\"contentUrl\":\"https:\\\/\\\/letrame.com\\\/catalogo\\\/wp-content\\\/uploads\\\/2026\\\/04\\\/comoentender_2047mm4.jpg\",\"width\":709,\"height\":992},{\"@type\":\"BreadcrumbList\",\"@id\":\"https:\\\/\\\/letrame.com\\\/catalogo\\\/producto\\\/como-entender-la-diplomacia-de-hoy\\\/#breadcrumb\",\"itemListElement\":[{\"@type\":\"ListItem\",\"position\":1,\"name\":\"Portada\",\"item\":\"https:\\\/\\\/letrame.com\\\/catalogo\\\/\"},{\"@type\":\"ListItem\",\"position\":2,\"name\":\"Cat\u00e1logo\",\"item\":\"https:\\\/\\\/letrame.com\\\/catalogo\\\/\"},{\"@type\":\"ListItem\",\"position\":3,\"name\":\"C\u00f3mo entender la diplomacia de hoy\"}]},{\"@type\":\"WebSite\",\"@id\":\"https:\\\/\\\/letrame.com\\\/catalogo\\\/#website\",\"url\":\"https:\\\/\\\/letrame.com\\\/catalogo\\\/\",\"name\":\"Catalogo | Letrame Grupo Editorial\",\"description\":\"\",\"publisher\":{\"@id\":\"https:\\\/\\\/letrame.com\\\/catalogo\\\/#organization\"},\"potentialAction\":[{\"@type\":\"SearchAction\",\"target\":{\"@type\":\"EntryPoint\",\"urlTemplate\":\"https:\\\/\\\/letrame.com\\\/catalogo\\\/?s={search_term_string}\"},\"query-input\":{\"@type\":\"PropertyValueSpecification\",\"valueRequired\":true,\"valueName\":\"search_term_string\"}}],\"inLanguage\":\"es\"},{\"@type\":\"Organization\",\"@id\":\"https:\\\/\\\/letrame.com\\\/catalogo\\\/#organization\",\"name\":\"Catalogo | Letrame Grupo Editorial\",\"url\":\"https:\\\/\\\/letrame.com\\\/catalogo\\\/\",\"logo\":{\"@type\":\"ImageObject\",\"inLanguage\":\"es\",\"@id\":\"https:\\\/\\\/letrame.com\\\/catalogo\\\/#\\\/schema\\\/logo\\\/image\\\/\",\"url\":\"https:\\\/\\\/letrame.com\\\/catalogo\\\/wp-content\\\/uploads\\\/2024\\\/03\\\/logo2.webp\",\"contentUrl\":\"https:\\\/\\\/letrame.com\\\/catalogo\\\/wp-content\\\/uploads\\\/2024\\\/03\\\/logo2.webp\",\"width\":394,\"height\":128,\"caption\":\"Catalogo | Letrame Grupo Editorial\"},\"image\":{\"@id\":\"https:\\\/\\\/letrame.com\\\/catalogo\\\/#\\\/schema\\\/logo\\\/image\\\/\"}}]}<\/script>\n<!-- \/ Yoast SEO plugin. -->","yoast_head_json":{"title":"C\u00f3mo entender la diplomacia de hoy - Catalogo | Letrame Grupo Editorial","robots":{"index":"index","follow":"follow","max-snippet":"max-snippet:-1","max-image-preview":"max-image-preview:large","max-video-preview":"max-video-preview:-1"},"canonical":"https:\/\/letrame.com\/catalogo\/producto\/como-entender-la-diplomacia-de-hoy\/","og_locale":"es_ES","og_type":"article","og_title":"C\u00f3mo entender la diplomacia de hoy - Catalogo | Letrame Grupo Editorial","og_description":"ISBN: 9791370297541  SINOPSIS En un mundo marcado por la polarizaci\u00f3n, la velocidad digital y la fragilidad del orden internacional, la diplomacia ya no puede entenderse como un oficio reservado a canciller\u00edas y embajadas. Hoy, m\u00e1s que nunca, es un lenguaje indispensable para interpretar el poder, gestionar el conflicto y sostener la convivencia global. C\u00f3mo entender la diplomacia de hoy es una obra l\u00facida y profundamente actual que invita al lector a descifrar los c\u00f3digos visibles e invisibles que rigen las relaciones internacionales del siglo XXI. A trav\u00e9s de un recorrido riguroso y accesible, el autor explora la geopol\u00edtica contempor\u00e1nea, el multilateralismo, las organizaciones internacionales, la cultura de paz, los derechos humanos y el protocolo diplom\u00e1tico como piezas de un mismo entramado: el arte del entendimiento entre los pueblos. Lejos de ser un manual t\u00e9cnico, este libro combina an\u00e1lisis acad\u00e9mico, pensamiento cr\u00edtico y reflexi\u00f3n \u00e9tica para explicar c\u00f3mo se construyen las decisiones que impactan al mundo. Desde el declive del liderazgo tradicional hasta el ascenso de nuevas potencias, desde la diplomacia militarizada hasta la urgencia de una diplomacia profesional y humanista, la obra ofrece claves esenciales para comprender los desaf\u00edos globales actuales. Con un estilo claro, pedag\u00f3gico y reflexivo, Ram\u00f3n Glass demuestra que la diplomacia no es solo una herramienta pol\u00edtica, sino una forma de inteligencia colectiva, donde la palabra, el gesto, el s\u00edmbolo y la empat\u00eda siguen siendo m\u00e1s poderosos que la fuerza. El protocolo, la cultura y la educaci\u00f3n emergen aqu\u00ed no como ornamentos, sino como lenguajes estrat\u00e9gicos de respeto, legitimidad y paz. Dirigido a estudiantes, diplom\u00e1ticos, acad\u00e9micos, servidores p\u00fablicos y lectores inquietos por entender el mundo que habitamos, C\u00f3mo entender la diplomacia de hoy es una invitaci\u00f3n a mirar la realidad internacional con mayor profundidad, a leer entre l\u00edneas los silencios del poder y a reconocer que, en tiempos de incertidumbre global, el di\u00e1logo sigue siendo la forma m\u00e1s alta de inteligencia humana.","og_url":"https:\/\/letrame.com\/catalogo\/producto\/como-entender-la-diplomacia-de-hoy\/","og_site_name":"Catalogo | Letrame Grupo Editorial","og_image":[{"width":709,"height":992,"url":"https:\/\/letrame.com\/catalogo\/wp-content\/uploads\/2026\/04\/comoentender_2047mm4.jpg","type":"image\/jpeg"}],"twitter_card":"summary_large_image","twitter_misc":{"Tiempo de lectura":"2 minutos"},"schema":{"@context":"https:\/\/schema.org","@graph":[{"@type":"WebPage","@id":"https:\/\/letrame.com\/catalogo\/producto\/como-entender-la-diplomacia-de-hoy\/","url":"https:\/\/letrame.com\/catalogo\/producto\/como-entender-la-diplomacia-de-hoy\/","name":"C\u00f3mo entender la diplomacia de hoy - Catalogo | Letrame Grupo Editorial","isPartOf":{"@id":"https:\/\/letrame.com\/catalogo\/#website"},"primaryImageOfPage":{"@id":"https:\/\/letrame.com\/catalogo\/producto\/como-entender-la-diplomacia-de-hoy\/#primaryimage"},"image":{"@id":"https:\/\/letrame.com\/catalogo\/producto\/como-entender-la-diplomacia-de-hoy\/#primaryimage"},"thumbnailUrl":"https:\/\/letrame.com\/catalogo\/wp-content\/uploads\/2026\/04\/comoentender_2047mm4.jpg","datePublished":"2026-04-29T11:31:01+00:00","breadcrumb":{"@id":"https:\/\/letrame.com\/catalogo\/producto\/como-entender-la-diplomacia-de-hoy\/#breadcrumb"},"inLanguage":"es","potentialAction":[{"@type":"ReadAction","target":["https:\/\/letrame.com\/catalogo\/producto\/como-entender-la-diplomacia-de-hoy\/"]}]},{"@type":"ImageObject","inLanguage":"es","@id":"https:\/\/letrame.com\/catalogo\/producto\/como-entender-la-diplomacia-de-hoy\/#primaryimage","url":"https:\/\/letrame.com\/catalogo\/wp-content\/uploads\/2026\/04\/comoentender_2047mm4.jpg","contentUrl":"https:\/\/letrame.com\/catalogo\/wp-content\/uploads\/2026\/04\/comoentender_2047mm4.jpg","width":709,"height":992},{"@type":"BreadcrumbList","@id":"https:\/\/letrame.com\/catalogo\/producto\/como-entender-la-diplomacia-de-hoy\/#breadcrumb","itemListElement":[{"@type":"ListItem","position":1,"name":"Portada","item":"https:\/\/letrame.com\/catalogo\/"},{"@type":"ListItem","position":2,"name":"Cat\u00e1logo","item":"https:\/\/letrame.com\/catalogo\/"},{"@type":"ListItem","position":3,"name":"C\u00f3mo entender la diplomacia de hoy"}]},{"@type":"WebSite","@id":"https:\/\/letrame.com\/catalogo\/#website","url":"https:\/\/letrame.com\/catalogo\/","name":"Catalogo | Letrame Grupo Editorial","description":"","publisher":{"@id":"https:\/\/letrame.com\/catalogo\/#organization"},"potentialAction":[{"@type":"SearchAction","target":{"@type":"EntryPoint","urlTemplate":"https:\/\/letrame.com\/catalogo\/?s={search_term_string}"},"query-input":{"@type":"PropertyValueSpecification","valueRequired":true,"valueName":"search_term_string"}}],"inLanguage":"es"},{"@type":"Organization","@id":"https:\/\/letrame.com\/catalogo\/#organization","name":"Catalogo | Letrame Grupo Editorial","url":"https:\/\/letrame.com\/catalogo\/","logo":{"@type":"ImageObject","inLanguage":"es","@id":"https:\/\/letrame.com\/catalogo\/#\/schema\/logo\/image\/","url":"https:\/\/letrame.com\/catalogo\/wp-content\/uploads\/2024\/03\/logo2.webp","contentUrl":"https:\/\/letrame.com\/catalogo\/wp-content\/uploads\/2024\/03\/logo2.webp","width":394,"height":128,"caption":"Catalogo | Letrame Grupo Editorial"},"image":{"@id":"https:\/\/letrame.com\/catalogo\/#\/schema\/logo\/image\/"}}]}},"_links":{"self":[{"href":"https:\/\/letrame.com\/catalogo\/wp-json\/wp\/v2\/product\/112308","targetHints":{"allow":["GET"]}}],"collection":[{"href":"https:\/\/letrame.com\/catalogo\/wp-json\/wp\/v2\/product"}],"about":[{"href":"https:\/\/letrame.com\/catalogo\/wp-json\/wp\/v2\/types\/product"}],"replies":[{"embeddable":true,"href":"https:\/\/letrame.com\/catalogo\/wp-json\/wp\/v2\/comments?post=112308"}],"acf:post":[{"embeddable":true,"href":"https:\/\/letrame.com\/catalogo\/wp-json\/wp\/v2\/author_book\/112309"}],"wp:featuredmedia":[{"embeddable":true,"href":"https:\/\/letrame.com\/catalogo\/wp-json\/wp\/v2\/media\/112311"}],"wp:attachment":[{"href":"https:\/\/letrame.com\/catalogo\/wp-json\/wp\/v2\/media?parent=112308"}],"wp:term":[{"taxonomy":"libro","embeddable":true,"href":"https:\/\/letrame.com\/catalogo\/wp-json\/wp\/v2\/libro?post=112308"},{"taxonomy":"product_brand","embeddable":true,"href":"https:\/\/letrame.com\/catalogo\/wp-json\/wp\/v2\/product_brand?post=112308"},{"taxonomy":"product_cat","embeddable":true,"href":"https:\/\/letrame.com\/catalogo\/wp-json\/wp\/v2\/product_cat?post=112308"},{"taxonomy":"product_tag","embeddable":true,"href":"https:\/\/letrame.com\/catalogo\/wp-json\/wp\/v2\/product_tag?post=112308"}],"curies":[{"name":"wp","href":"https:\/\/api.w.org\/{rel}","templated":true}]}}