{"id":112302,"date":"2026-04-15T16:55:07","date_gmt":"2026-04-15T14:55:07","guid":{"rendered":"https:\/\/letrame.com\/catalogo\/?post_type=product&#038;p=112302"},"modified":"2026-04-15T16:55:08","modified_gmt":"2026-04-15T14:55:08","slug":"queria-saber-querer","status":"publish","type":"product","link":"https:\/\/letrame.com\/catalogo\/producto\/queria-saber-querer\/","title":{"rendered":"Quer\u00eda saber querer"},"content":{"rendered":"<p><strong>ISBN: 9791370297206<\/strong><br \/>\n<strong>T\u00edtulo: Quer\u00eda saber querer<\/strong><br \/>\n<strong>Fecha: 2025<\/strong><br \/>\n<strong>P\u00e1ginas: 152<\/strong><\/p>\n<p><strong>SINOPSIS<\/strong><\/p>\n<p>Hace unos a\u00f1os sent\u00ed una necesidad imperiosa de entender qu\u00e9 significaba querer a alguien. Trat\u00e9 entonces de ponerme en el lugar de todas esas personas enamoradas, de imaginar c\u00f3mo ser\u00eda amar desde todas las perspectivas posibles.<\/p>\n<p>Querer tanto como para intentar convertir ese sentimiento en canciones. Amar a alguien para siempre, incluso cuando la relaci\u00f3n no dure. Amar a quien nunca nos corresponder\u00e1 con la misma intensidad. Querer sabiendo que nuestro amor no es suficiente. Besar sin saber d\u00f3nde colocar tanto amor dentro de uno mismo. Amar a un planeta que nos rechaza por lo que le hemos hecho. Amar hasta que la distancia se vuelva insoportable. Coquetear con la muerte, con la luna, con la Tierra y con el tiempo.<\/p>\n<p>Quer\u00eda aprender a querer, porque no hay nada m\u00e1s triste que amar sin comprender qu\u00e9 es el amor. Quer\u00eda saber c\u00f3mo ser\u00eda querer tanto a alguien que yo misma acabara diciendo cosas como:<\/p>\n<p>Quiero casarme con tus ojos,<br \/>\nabrazarme a tu sonrisa<br \/>\ny dormir dentro de tu voz.<\/p>\n","protected":false},"excerpt":{"rendered":"<p><strong>ISBN: 9791370297206<\/strong><\/p>\n<p><strong>SINOPSIS<\/strong><\/p>\n<p>Hace unos a\u00f1os sent\u00ed una necesidad imperiosa de entender qu\u00e9 significaba querer a alguien. Trat\u00e9 entonces de ponerme en el lugar de todas esas personas enamoradas, de imaginar c\u00f3mo ser\u00eda amar desde todas las perspectivas posibles.<\/p>\n<p>Querer tanto como para intentar convertir ese sentimiento en canciones. Amar a alguien para siempre, incluso cuando la relaci\u00f3n no dure. Amar a quien nunca nos corresponder\u00e1 con la misma intensidad. Querer sabiendo que nuestro amor no es suficiente. Besar sin saber d\u00f3nde colocar tanto amor dentro de uno mismo. Amar a un planeta que nos rechaza por lo que le hemos hecho. Amar hasta que la distancia se vuelva insoportable. Coquetear con la muerte, con la luna, con la Tierra y con el tiempo.<\/p>\n<p>Quer\u00eda aprender a querer, porque no hay nada m\u00e1s triste que amar sin comprender qu\u00e9 es el amor. Quer\u00eda saber c\u00f3mo ser\u00eda querer tanto a alguien que yo misma acabara diciendo cosas como:<\/p>\n<p>Quiero casarme con tus ojos,<br \/>\nabrazarme a tu sonrisa<br \/>\ny dormir dentro de tu voz.<\/p>\n","protected":false},"featured_media":112306,"comment_status":"open","ping_status":"closed","template":"","meta":{"_acf_changed":false},"libro":[],"product_brand":[],"product_cat":[20],"product_tag":[],"class_list":{"0":"post-112302","1":"product","2":"type-product","3":"status-publish","4":"has-post-thumbnail","6":"product_cat-poesia","8":"first","9":"instock","10":"shipping-taxable","11":"product-type-simple"},"acf":{"autor":[112303],"enlace_de_compra":""},"yoast_head":"<!-- This site is optimized with the Yoast SEO plugin v26.6 - https:\/\/yoast.com\/wordpress\/plugins\/seo\/ -->\n<title>Quer\u00eda saber querer - Catalogo | Letrame Grupo Editorial<\/title>\n<meta name=\"robots\" content=\"index, follow, max-snippet:-1, max-image-preview:large, max-video-preview:-1\" \/>\n<link rel=\"canonical\" href=\"https:\/\/letrame.com\/catalogo\/producto\/queria-saber-querer\/\" \/>\n<meta property=\"og:locale\" content=\"es_ES\" \/>\n<meta property=\"og:type\" content=\"article\" \/>\n<meta property=\"og:title\" content=\"Quer\u00eda saber querer - Catalogo | Letrame Grupo Editorial\" \/>\n<meta property=\"og:description\" content=\"ISBN: 9791370297206  SINOPSIS  Hace unos a\u00f1os sent\u00ed una necesidad imperiosa de entender qu\u00e9 significaba querer a alguien. Trat\u00e9 entonces de ponerme en el lugar de todas esas personas enamoradas, de imaginar c\u00f3mo ser\u00eda amar desde todas las perspectivas posibles.  Querer tanto como para intentar convertir ese sentimiento en canciones. Amar a alguien para siempre, incluso cuando la relaci\u00f3n no dure. Amar a quien nunca nos corresponder\u00e1 con la misma intensidad. Querer sabiendo que nuestro amor no es suficiente. Besar sin saber d\u00f3nde colocar tanto amor dentro de uno mismo. Amar a un planeta que nos rechaza por lo que le hemos hecho. Amar hasta que la distancia se vuelva insoportable. Coquetear con la muerte, con la luna, con la Tierra y con el tiempo.  Quer\u00eda aprender a querer, porque no hay nada m\u00e1s triste que amar sin comprender qu\u00e9 es el amor. Quer\u00eda saber c\u00f3mo ser\u00eda querer tanto a alguien que yo misma acabara diciendo cosas como:  Quiero casarme con tus ojos, abrazarme a tu sonrisa y dormir dentro de tu voz.\" \/>\n<meta property=\"og:url\" content=\"https:\/\/letrame.com\/catalogo\/producto\/queria-saber-querer\/\" \/>\n<meta property=\"og:site_name\" content=\"Catalogo | Letrame Grupo Editorial\" \/>\n<meta property=\"article:modified_time\" content=\"2026-04-15T14:55:08+00:00\" \/>\n<meta property=\"og:image\" content=\"https:\/\/letrame.com\/catalogo\/wp-content\/uploads\/2026\/04\/queriasaberquerer_767mm4.jpg\" \/>\n\t<meta property=\"og:image:width\" content=\"886\" \/>\n\t<meta property=\"og:image:height\" content=\"1240\" \/>\n\t<meta property=\"og:image:type\" content=\"image\/jpeg\" \/>\n<meta name=\"twitter:card\" content=\"summary_large_image\" \/>\n<meta name=\"twitter:label1\" content=\"Tiempo de lectura\" \/>\n\t<meta name=\"twitter:data1\" content=\"2 minutos\" \/>\n<script type=\"application\/ld+json\" class=\"yoast-schema-graph\">{\"@context\":\"https:\/\/schema.org\",\"@graph\":[{\"@type\":\"WebPage\",\"@id\":\"https:\/\/letrame.com\/catalogo\/producto\/queria-saber-querer\/\",\"url\":\"https:\/\/letrame.com\/catalogo\/producto\/queria-saber-querer\/\",\"name\":\"Quer\u00eda saber querer - Catalogo | Letrame Grupo Editorial\",\"isPartOf\":{\"@id\":\"https:\/\/letrame.com\/catalogo\/#website\"},\"primaryImageOfPage\":{\"@id\":\"https:\/\/letrame.com\/catalogo\/producto\/queria-saber-querer\/#primaryimage\"},\"image\":{\"@id\":\"https:\/\/letrame.com\/catalogo\/producto\/queria-saber-querer\/#primaryimage\"},\"thumbnailUrl\":\"https:\/\/letrame.com\/catalogo\/wp-content\/uploads\/2026\/04\/queriasaberquerer_767mm4.jpg\",\"datePublished\":\"2026-04-15T14:55:07+00:00\",\"dateModified\":\"2026-04-15T14:55:08+00:00\",\"breadcrumb\":{\"@id\":\"https:\/\/letrame.com\/catalogo\/producto\/queria-saber-querer\/#breadcrumb\"},\"inLanguage\":\"es\",\"potentialAction\":[{\"@type\":\"ReadAction\",\"target\":[\"https:\/\/letrame.com\/catalogo\/producto\/queria-saber-querer\/\"]}]},{\"@type\":\"ImageObject\",\"inLanguage\":\"es\",\"@id\":\"https:\/\/letrame.com\/catalogo\/producto\/queria-saber-querer\/#primaryimage\",\"url\":\"https:\/\/letrame.com\/catalogo\/wp-content\/uploads\/2026\/04\/queriasaberquerer_767mm4.jpg\",\"contentUrl\":\"https:\/\/letrame.com\/catalogo\/wp-content\/uploads\/2026\/04\/queriasaberquerer_767mm4.jpg\",\"width\":886,\"height\":1240},{\"@type\":\"BreadcrumbList\",\"@id\":\"https:\/\/letrame.com\/catalogo\/producto\/queria-saber-querer\/#breadcrumb\",\"itemListElement\":[{\"@type\":\"ListItem\",\"position\":1,\"name\":\"Portada\",\"item\":\"https:\/\/letrame.com\/catalogo\/\"},{\"@type\":\"ListItem\",\"position\":2,\"name\":\"Cat\u00e1logo\",\"item\":\"https:\/\/letrame.com\/catalogo\/\"},{\"@type\":\"ListItem\",\"position\":3,\"name\":\"Quer\u00eda saber querer\"}]},{\"@type\":\"WebSite\",\"@id\":\"https:\/\/letrame.com\/catalogo\/#website\",\"url\":\"https:\/\/letrame.com\/catalogo\/\",\"name\":\"Catalogo | Letrame Grupo Editorial\",\"description\":\"\",\"publisher\":{\"@id\":\"https:\/\/letrame.com\/catalogo\/#organization\"},\"potentialAction\":[{\"@type\":\"SearchAction\",\"target\":{\"@type\":\"EntryPoint\",\"urlTemplate\":\"https:\/\/letrame.com\/catalogo\/?s={search_term_string}\"},\"query-input\":{\"@type\":\"PropertyValueSpecification\",\"valueRequired\":true,\"valueName\":\"search_term_string\"}}],\"inLanguage\":\"es\"},{\"@type\":\"Organization\",\"@id\":\"https:\/\/letrame.com\/catalogo\/#organization\",\"name\":\"Catalogo | Letrame Grupo Editorial\",\"url\":\"https:\/\/letrame.com\/catalogo\/\",\"logo\":{\"@type\":\"ImageObject\",\"inLanguage\":\"es\",\"@id\":\"https:\/\/letrame.com\/catalogo\/#\/schema\/logo\/image\/\",\"url\":\"https:\/\/letrame.com\/catalogo\/wp-content\/uploads\/2024\/03\/logo2.webp\",\"contentUrl\":\"https:\/\/letrame.com\/catalogo\/wp-content\/uploads\/2024\/03\/logo2.webp\",\"width\":394,\"height\":128,\"caption\":\"Catalogo | Letrame Grupo Editorial\"},\"image\":{\"@id\":\"https:\/\/letrame.com\/catalogo\/#\/schema\/logo\/image\/\"}}]}<\/script>\n<!-- \/ Yoast SEO plugin. -->","yoast_head_json":{"title":"Quer\u00eda saber querer - Catalogo | Letrame Grupo Editorial","robots":{"index":"index","follow":"follow","max-snippet":"max-snippet:-1","max-image-preview":"max-image-preview:large","max-video-preview":"max-video-preview:-1"},"canonical":"https:\/\/letrame.com\/catalogo\/producto\/queria-saber-querer\/","og_locale":"es_ES","og_type":"article","og_title":"Quer\u00eda saber querer - Catalogo | Letrame Grupo Editorial","og_description":"ISBN: 9791370297206  SINOPSIS  Hace unos a\u00f1os sent\u00ed una necesidad imperiosa de entender qu\u00e9 significaba querer a alguien. Trat\u00e9 entonces de ponerme en el lugar de todas esas personas enamoradas, de imaginar c\u00f3mo ser\u00eda amar desde todas las perspectivas posibles.  Querer tanto como para intentar convertir ese sentimiento en canciones. Amar a alguien para siempre, incluso cuando la relaci\u00f3n no dure. Amar a quien nunca nos corresponder\u00e1 con la misma intensidad. Querer sabiendo que nuestro amor no es suficiente. Besar sin saber d\u00f3nde colocar tanto amor dentro de uno mismo. Amar a un planeta que nos rechaza por lo que le hemos hecho. Amar hasta que la distancia se vuelva insoportable. Coquetear con la muerte, con la luna, con la Tierra y con el tiempo.  Quer\u00eda aprender a querer, porque no hay nada m\u00e1s triste que amar sin comprender qu\u00e9 es el amor. Quer\u00eda saber c\u00f3mo ser\u00eda querer tanto a alguien que yo misma acabara diciendo cosas como:  Quiero casarme con tus ojos, abrazarme a tu sonrisa y dormir dentro de tu voz.","og_url":"https:\/\/letrame.com\/catalogo\/producto\/queria-saber-querer\/","og_site_name":"Catalogo | Letrame Grupo Editorial","article_modified_time":"2026-04-15T14:55:08+00:00","og_image":[{"width":886,"height":1240,"url":"https:\/\/letrame.com\/catalogo\/wp-content\/uploads\/2026\/04\/queriasaberquerer_767mm4.jpg","type":"image\/jpeg"}],"twitter_card":"summary_large_image","twitter_misc":{"Tiempo de lectura":"2 minutos"},"schema":{"@context":"https:\/\/schema.org","@graph":[{"@type":"WebPage","@id":"https:\/\/letrame.com\/catalogo\/producto\/queria-saber-querer\/","url":"https:\/\/letrame.com\/catalogo\/producto\/queria-saber-querer\/","name":"Quer\u00eda saber querer - Catalogo | Letrame Grupo Editorial","isPartOf":{"@id":"https:\/\/letrame.com\/catalogo\/#website"},"primaryImageOfPage":{"@id":"https:\/\/letrame.com\/catalogo\/producto\/queria-saber-querer\/#primaryimage"},"image":{"@id":"https:\/\/letrame.com\/catalogo\/producto\/queria-saber-querer\/#primaryimage"},"thumbnailUrl":"https:\/\/letrame.com\/catalogo\/wp-content\/uploads\/2026\/04\/queriasaberquerer_767mm4.jpg","datePublished":"2026-04-15T14:55:07+00:00","dateModified":"2026-04-15T14:55:08+00:00","breadcrumb":{"@id":"https:\/\/letrame.com\/catalogo\/producto\/queria-saber-querer\/#breadcrumb"},"inLanguage":"es","potentialAction":[{"@type":"ReadAction","target":["https:\/\/letrame.com\/catalogo\/producto\/queria-saber-querer\/"]}]},{"@type":"ImageObject","inLanguage":"es","@id":"https:\/\/letrame.com\/catalogo\/producto\/queria-saber-querer\/#primaryimage","url":"https:\/\/letrame.com\/catalogo\/wp-content\/uploads\/2026\/04\/queriasaberquerer_767mm4.jpg","contentUrl":"https:\/\/letrame.com\/catalogo\/wp-content\/uploads\/2026\/04\/queriasaberquerer_767mm4.jpg","width":886,"height":1240},{"@type":"BreadcrumbList","@id":"https:\/\/letrame.com\/catalogo\/producto\/queria-saber-querer\/#breadcrumb","itemListElement":[{"@type":"ListItem","position":1,"name":"Portada","item":"https:\/\/letrame.com\/catalogo\/"},{"@type":"ListItem","position":2,"name":"Cat\u00e1logo","item":"https:\/\/letrame.com\/catalogo\/"},{"@type":"ListItem","position":3,"name":"Quer\u00eda saber querer"}]},{"@type":"WebSite","@id":"https:\/\/letrame.com\/catalogo\/#website","url":"https:\/\/letrame.com\/catalogo\/","name":"Catalogo | Letrame Grupo Editorial","description":"","publisher":{"@id":"https:\/\/letrame.com\/catalogo\/#organization"},"potentialAction":[{"@type":"SearchAction","target":{"@type":"EntryPoint","urlTemplate":"https:\/\/letrame.com\/catalogo\/?s={search_term_string}"},"query-input":{"@type":"PropertyValueSpecification","valueRequired":true,"valueName":"search_term_string"}}],"inLanguage":"es"},{"@type":"Organization","@id":"https:\/\/letrame.com\/catalogo\/#organization","name":"Catalogo | Letrame Grupo Editorial","url":"https:\/\/letrame.com\/catalogo\/","logo":{"@type":"ImageObject","inLanguage":"es","@id":"https:\/\/letrame.com\/catalogo\/#\/schema\/logo\/image\/","url":"https:\/\/letrame.com\/catalogo\/wp-content\/uploads\/2024\/03\/logo2.webp","contentUrl":"https:\/\/letrame.com\/catalogo\/wp-content\/uploads\/2024\/03\/logo2.webp","width":394,"height":128,"caption":"Catalogo | Letrame Grupo Editorial"},"image":{"@id":"https:\/\/letrame.com\/catalogo\/#\/schema\/logo\/image\/"}}]}},"_links":{"self":[{"href":"https:\/\/letrame.com\/catalogo\/wp-json\/wp\/v2\/product\/112302","targetHints":{"allow":["GET"]}}],"collection":[{"href":"https:\/\/letrame.com\/catalogo\/wp-json\/wp\/v2\/product"}],"about":[{"href":"https:\/\/letrame.com\/catalogo\/wp-json\/wp\/v2\/types\/product"}],"replies":[{"embeddable":true,"href":"https:\/\/letrame.com\/catalogo\/wp-json\/wp\/v2\/comments?post=112302"}],"acf:post":[{"embeddable":true,"href":"https:\/\/letrame.com\/catalogo\/wp-json\/wp\/v2\/author_book\/112303"}],"wp:featuredmedia":[{"embeddable":true,"href":"https:\/\/letrame.com\/catalogo\/wp-json\/wp\/v2\/media\/112306"}],"wp:attachment":[{"href":"https:\/\/letrame.com\/catalogo\/wp-json\/wp\/v2\/media?parent=112302"}],"wp:term":[{"taxonomy":"libro","embeddable":true,"href":"https:\/\/letrame.com\/catalogo\/wp-json\/wp\/v2\/libro?post=112302"},{"taxonomy":"product_brand","embeddable":true,"href":"https:\/\/letrame.com\/catalogo\/wp-json\/wp\/v2\/product_brand?post=112302"},{"taxonomy":"product_cat","embeddable":true,"href":"https:\/\/letrame.com\/catalogo\/wp-json\/wp\/v2\/product_cat?post=112302"},{"taxonomy":"product_tag","embeddable":true,"href":"https:\/\/letrame.com\/catalogo\/wp-json\/wp\/v2\/product_tag?post=112302"}],"curies":[{"name":"wp","href":"https:\/\/api.w.org\/{rel}","templated":true}]}}