{"id":112297,"date":"2026-04-15T16:49:39","date_gmt":"2026-04-15T14:49:39","guid":{"rendered":"https:\/\/letrame.com\/catalogo\/?post_type=product&#038;p=112297"},"modified":"2026-04-15T16:49:40","modified_gmt":"2026-04-15T14:49:40","slug":"anecdotas-yucatecas","status":"publish","type":"product","link":"https:\/\/letrame.com\/catalogo\/producto\/anecdotas-yucatecas\/","title":{"rendered":"An\u00e9cdotas yucatecas"},"content":{"rendered":"<p><strong>ISBN: 9791370297701<\/strong><br \/>\n<strong>T\u00edtulo: An\u00e9cdotas yucatecas<\/strong><br \/>\n<strong>Fecha: 2026<\/strong><br \/>\n<strong>P\u00e1ginas: 324<\/strong><\/p>\n<p><strong>SINOPSIS<\/strong><\/p>\n<p>UN MOMENTO, LECTOR<\/p>\n<p>Lo que pongo en tus manos es un manojo de recuerdos, en su mayor parte personales, una colecci\u00f3n de \u00abboladas\u00bb, dichos y sucedidos del folclore intrascendente de Yucat\u00e1n.<\/p>\n<p>\u00bfHist\u00f3ricos?&#8230; aproximadamente; pues la exactitud de datos y fechas no es mi fuerte, y para la labor ratonil de roer manuscritos y confrontar documentos no he tenido nunca humor ni tiempo. No tengo m\u00e1s archivo que el de mi memoria y, en ocasiones, he recurrido a la de algunos amigos m\u00e1s viejos que yo, sobre todo a la privilegiada del duque de Heredia, que nunca falla.<\/p>\n<p>Si alg\u00fan m\u00e9rito tiene la parte gr\u00e1fica, es tan solo la evocaci\u00f3n \u2014siempre aproximada\u2014 de lugares y personas; pues por poco que entiendas del arte, t\u00fa mismo notar\u00e1s que el dibujo es vacilante, inseguro, sin estilo propio, como de aficionado, en fin, que no otra cosa es en este ramo tu amigo y servidor.<\/p>\n<p>Claudio Meex<\/p>\n","protected":false},"excerpt":{"rendered":"<p><strong>ISBN: 9791370297701<\/strong><\/p>\n<p><strong>SINOPSIS<\/strong><\/p>\n<p>UN MOMENTO, LECTOR<\/p>\n<p>Lo que pongo en tus manos es un manojo de recuerdos, en su mayor parte personales, una colecci\u00f3n de \u00abboladas\u00bb, dichos y sucedidos del folclore intrascendente de Yucat\u00e1n.<\/p>\n<p>\u00bfHist\u00f3ricos?&#8230; aproximadamente; pues la exactitud de datos y fechas no es mi fuerte, y para la labor ratonil de roer manuscritos y confrontar documentos no he tenido nunca humor ni tiempo. No tengo m\u00e1s archivo que el de mi memoria y, en ocasiones, he recurrido a la de algunos amigos m\u00e1s viejos que yo, sobre todo a la privilegiada del duque de Heredia, que nunca falla.<\/p>\n<p>Si alg\u00fan m\u00e9rito tiene la parte gr\u00e1fica, es tan solo la evocaci\u00f3n \u2014siempre aproximada\u2014 de lugares y personas; pues por poco que entiendas del arte, t\u00fa mismo notar\u00e1s que el dibujo es vacilante, inseguro, sin estilo propio, como de aficionado, en fin, que no otra cosa es en este ramo tu amigo y servidor.<\/p>\n<p>Claudio Meex<\/p>\n","protected":false},"featured_media":112300,"comment_status":"open","ping_status":"closed","template":"","meta":{"_acf_changed":false},"libro":[],"product_brand":[],"product_cat":[148],"product_tag":[],"class_list":{"0":"post-112297","1":"product","2":"type-product","3":"status-publish","4":"has-post-thumbnail","6":"product_cat-historia","8":"first","9":"instock","10":"shipping-taxable","11":"product-type-simple"},"acf":{"autor":[112298],"enlace_de_compra":"https:\/\/amzn.to\/41wqDBY"},"yoast_head":"<!-- This site is optimized with the Yoast SEO plugin v26.6 - https:\/\/yoast.com\/wordpress\/plugins\/seo\/ -->\n<title>An\u00e9cdotas yucatecas - Catalogo | Letrame Grupo Editorial<\/title>\n<meta name=\"robots\" content=\"index, follow, max-snippet:-1, max-image-preview:large, max-video-preview:-1\" \/>\n<link rel=\"canonical\" href=\"https:\/\/letrame.com\/catalogo\/producto\/anecdotas-yucatecas\/\" \/>\n<meta property=\"og:locale\" content=\"es_ES\" \/>\n<meta property=\"og:type\" content=\"article\" \/>\n<meta property=\"og:title\" content=\"An\u00e9cdotas yucatecas - Catalogo | Letrame Grupo Editorial\" \/>\n<meta property=\"og:description\" content=\"ISBN: 9791370297701  SINOPSIS  UN MOMENTO, LECTOR  Lo que pongo en tus manos es un manojo de recuerdos, en su mayor parte personales, una colecci\u00f3n de \u00abboladas\u00bb, dichos y sucedidos del folclore intrascendente de Yucat\u00e1n.  \u00bfHist\u00f3ricos?... aproximadamente; pues la exactitud de datos y fechas no es mi fuerte, y para la labor ratonil de roer manuscritos y confrontar documentos no he tenido nunca humor ni tiempo. No tengo m\u00e1s archivo que el de mi memoria y, en ocasiones, he recurrido a la de algunos amigos m\u00e1s viejos que yo, sobre todo a la privilegiada del duque de Heredia, que nunca falla.  Si alg\u00fan m\u00e9rito tiene la parte gr\u00e1fica, es tan solo la evocaci\u00f3n \u2014siempre aproximada\u2014 de lugares y personas; pues por poco que entiendas del arte, t\u00fa mismo notar\u00e1s que el dibujo es vacilante, inseguro, sin estilo propio, como de aficionado, en fin, que no otra cosa es en este ramo tu amigo y servidor.  Claudio Meex\" \/>\n<meta property=\"og:url\" content=\"https:\/\/letrame.com\/catalogo\/producto\/anecdotas-yucatecas\/\" \/>\n<meta property=\"og:site_name\" content=\"Catalogo | Letrame Grupo Editorial\" \/>\n<meta property=\"article:modified_time\" content=\"2026-04-15T14:49:40+00:00\" \/>\n<meta property=\"og:image\" content=\"https:\/\/letrame.com\/catalogo\/wp-content\/uploads\/2026\/04\/reconstrucciondeloshechos_161mm4.jpg\" \/>\n\t<meta property=\"og:image:width\" content=\"1004\" \/>\n\t<meta property=\"og:image:height\" content=\"1358\" \/>\n\t<meta property=\"og:image:type\" content=\"image\/jpeg\" \/>\n<meta name=\"twitter:card\" content=\"summary_large_image\" \/>\n<meta name=\"twitter:label1\" content=\"Tiempo de lectura\" \/>\n\t<meta name=\"twitter:data1\" content=\"1 minuto\" \/>\n<script type=\"application\/ld+json\" class=\"yoast-schema-graph\">{\"@context\":\"https:\/\/schema.org\",\"@graph\":[{\"@type\":\"WebPage\",\"@id\":\"https:\/\/letrame.com\/catalogo\/producto\/anecdotas-yucatecas\/\",\"url\":\"https:\/\/letrame.com\/catalogo\/producto\/anecdotas-yucatecas\/\",\"name\":\"An\u00e9cdotas yucatecas - Catalogo | Letrame Grupo Editorial\",\"isPartOf\":{\"@id\":\"https:\/\/letrame.com\/catalogo\/#website\"},\"primaryImageOfPage\":{\"@id\":\"https:\/\/letrame.com\/catalogo\/producto\/anecdotas-yucatecas\/#primaryimage\"},\"image\":{\"@id\":\"https:\/\/letrame.com\/catalogo\/producto\/anecdotas-yucatecas\/#primaryimage\"},\"thumbnailUrl\":\"https:\/\/letrame.com\/catalogo\/wp-content\/uploads\/2026\/04\/reconstrucciondeloshechos_161mm4.jpg\",\"datePublished\":\"2026-04-15T14:49:39+00:00\",\"dateModified\":\"2026-04-15T14:49:40+00:00\",\"breadcrumb\":{\"@id\":\"https:\/\/letrame.com\/catalogo\/producto\/anecdotas-yucatecas\/#breadcrumb\"},\"inLanguage\":\"es\",\"potentialAction\":[{\"@type\":\"ReadAction\",\"target\":[\"https:\/\/letrame.com\/catalogo\/producto\/anecdotas-yucatecas\/\"]}]},{\"@type\":\"ImageObject\",\"inLanguage\":\"es\",\"@id\":\"https:\/\/letrame.com\/catalogo\/producto\/anecdotas-yucatecas\/#primaryimage\",\"url\":\"https:\/\/letrame.com\/catalogo\/wp-content\/uploads\/2026\/04\/reconstrucciondeloshechos_161mm4.jpg\",\"contentUrl\":\"https:\/\/letrame.com\/catalogo\/wp-content\/uploads\/2026\/04\/reconstrucciondeloshechos_161mm4.jpg\",\"width\":1004,\"height\":1358},{\"@type\":\"BreadcrumbList\",\"@id\":\"https:\/\/letrame.com\/catalogo\/producto\/anecdotas-yucatecas\/#breadcrumb\",\"itemListElement\":[{\"@type\":\"ListItem\",\"position\":1,\"name\":\"Portada\",\"item\":\"https:\/\/letrame.com\/catalogo\/\"},{\"@type\":\"ListItem\",\"position\":2,\"name\":\"Cat\u00e1logo\",\"item\":\"https:\/\/letrame.com\/catalogo\/\"},{\"@type\":\"ListItem\",\"position\":3,\"name\":\"An\u00e9cdotas yucatecas\"}]},{\"@type\":\"WebSite\",\"@id\":\"https:\/\/letrame.com\/catalogo\/#website\",\"url\":\"https:\/\/letrame.com\/catalogo\/\",\"name\":\"Catalogo | Letrame Grupo Editorial\",\"description\":\"\",\"publisher\":{\"@id\":\"https:\/\/letrame.com\/catalogo\/#organization\"},\"potentialAction\":[{\"@type\":\"SearchAction\",\"target\":{\"@type\":\"EntryPoint\",\"urlTemplate\":\"https:\/\/letrame.com\/catalogo\/?s={search_term_string}\"},\"query-input\":{\"@type\":\"PropertyValueSpecification\",\"valueRequired\":true,\"valueName\":\"search_term_string\"}}],\"inLanguage\":\"es\"},{\"@type\":\"Organization\",\"@id\":\"https:\/\/letrame.com\/catalogo\/#organization\",\"name\":\"Catalogo | Letrame Grupo Editorial\",\"url\":\"https:\/\/letrame.com\/catalogo\/\",\"logo\":{\"@type\":\"ImageObject\",\"inLanguage\":\"es\",\"@id\":\"https:\/\/letrame.com\/catalogo\/#\/schema\/logo\/image\/\",\"url\":\"https:\/\/letrame.com\/catalogo\/wp-content\/uploads\/2024\/03\/logo2.webp\",\"contentUrl\":\"https:\/\/letrame.com\/catalogo\/wp-content\/uploads\/2024\/03\/logo2.webp\",\"width\":394,\"height\":128,\"caption\":\"Catalogo | Letrame Grupo Editorial\"},\"image\":{\"@id\":\"https:\/\/letrame.com\/catalogo\/#\/schema\/logo\/image\/\"}}]}<\/script>\n<!-- \/ Yoast SEO plugin. -->","yoast_head_json":{"title":"An\u00e9cdotas yucatecas - Catalogo | Letrame Grupo Editorial","robots":{"index":"index","follow":"follow","max-snippet":"max-snippet:-1","max-image-preview":"max-image-preview:large","max-video-preview":"max-video-preview:-1"},"canonical":"https:\/\/letrame.com\/catalogo\/producto\/anecdotas-yucatecas\/","og_locale":"es_ES","og_type":"article","og_title":"An\u00e9cdotas yucatecas - Catalogo | Letrame Grupo Editorial","og_description":"ISBN: 9791370297701  SINOPSIS  UN MOMENTO, LECTOR  Lo que pongo en tus manos es un manojo de recuerdos, en su mayor parte personales, una colecci\u00f3n de \u00abboladas\u00bb, dichos y sucedidos del folclore intrascendente de Yucat\u00e1n.  \u00bfHist\u00f3ricos?... aproximadamente; pues la exactitud de datos y fechas no es mi fuerte, y para la labor ratonil de roer manuscritos y confrontar documentos no he tenido nunca humor ni tiempo. No tengo m\u00e1s archivo que el de mi memoria y, en ocasiones, he recurrido a la de algunos amigos m\u00e1s viejos que yo, sobre todo a la privilegiada del duque de Heredia, que nunca falla.  Si alg\u00fan m\u00e9rito tiene la parte gr\u00e1fica, es tan solo la evocaci\u00f3n \u2014siempre aproximada\u2014 de lugares y personas; pues por poco que entiendas del arte, t\u00fa mismo notar\u00e1s que el dibujo es vacilante, inseguro, sin estilo propio, como de aficionado, en fin, que no otra cosa es en este ramo tu amigo y servidor.  Claudio Meex","og_url":"https:\/\/letrame.com\/catalogo\/producto\/anecdotas-yucatecas\/","og_site_name":"Catalogo | Letrame Grupo Editorial","article_modified_time":"2026-04-15T14:49:40+00:00","og_image":[{"width":1004,"height":1358,"url":"https:\/\/letrame.com\/catalogo\/wp-content\/uploads\/2026\/04\/reconstrucciondeloshechos_161mm4.jpg","type":"image\/jpeg"}],"twitter_card":"summary_large_image","twitter_misc":{"Tiempo de lectura":"1 minuto"},"schema":{"@context":"https:\/\/schema.org","@graph":[{"@type":"WebPage","@id":"https:\/\/letrame.com\/catalogo\/producto\/anecdotas-yucatecas\/","url":"https:\/\/letrame.com\/catalogo\/producto\/anecdotas-yucatecas\/","name":"An\u00e9cdotas yucatecas - Catalogo | Letrame Grupo Editorial","isPartOf":{"@id":"https:\/\/letrame.com\/catalogo\/#website"},"primaryImageOfPage":{"@id":"https:\/\/letrame.com\/catalogo\/producto\/anecdotas-yucatecas\/#primaryimage"},"image":{"@id":"https:\/\/letrame.com\/catalogo\/producto\/anecdotas-yucatecas\/#primaryimage"},"thumbnailUrl":"https:\/\/letrame.com\/catalogo\/wp-content\/uploads\/2026\/04\/reconstrucciondeloshechos_161mm4.jpg","datePublished":"2026-04-15T14:49:39+00:00","dateModified":"2026-04-15T14:49:40+00:00","breadcrumb":{"@id":"https:\/\/letrame.com\/catalogo\/producto\/anecdotas-yucatecas\/#breadcrumb"},"inLanguage":"es","potentialAction":[{"@type":"ReadAction","target":["https:\/\/letrame.com\/catalogo\/producto\/anecdotas-yucatecas\/"]}]},{"@type":"ImageObject","inLanguage":"es","@id":"https:\/\/letrame.com\/catalogo\/producto\/anecdotas-yucatecas\/#primaryimage","url":"https:\/\/letrame.com\/catalogo\/wp-content\/uploads\/2026\/04\/reconstrucciondeloshechos_161mm4.jpg","contentUrl":"https:\/\/letrame.com\/catalogo\/wp-content\/uploads\/2026\/04\/reconstrucciondeloshechos_161mm4.jpg","width":1004,"height":1358},{"@type":"BreadcrumbList","@id":"https:\/\/letrame.com\/catalogo\/producto\/anecdotas-yucatecas\/#breadcrumb","itemListElement":[{"@type":"ListItem","position":1,"name":"Portada","item":"https:\/\/letrame.com\/catalogo\/"},{"@type":"ListItem","position":2,"name":"Cat\u00e1logo","item":"https:\/\/letrame.com\/catalogo\/"},{"@type":"ListItem","position":3,"name":"An\u00e9cdotas yucatecas"}]},{"@type":"WebSite","@id":"https:\/\/letrame.com\/catalogo\/#website","url":"https:\/\/letrame.com\/catalogo\/","name":"Catalogo | Letrame Grupo Editorial","description":"","publisher":{"@id":"https:\/\/letrame.com\/catalogo\/#organization"},"potentialAction":[{"@type":"SearchAction","target":{"@type":"EntryPoint","urlTemplate":"https:\/\/letrame.com\/catalogo\/?s={search_term_string}"},"query-input":{"@type":"PropertyValueSpecification","valueRequired":true,"valueName":"search_term_string"}}],"inLanguage":"es"},{"@type":"Organization","@id":"https:\/\/letrame.com\/catalogo\/#organization","name":"Catalogo | Letrame Grupo Editorial","url":"https:\/\/letrame.com\/catalogo\/","logo":{"@type":"ImageObject","inLanguage":"es","@id":"https:\/\/letrame.com\/catalogo\/#\/schema\/logo\/image\/","url":"https:\/\/letrame.com\/catalogo\/wp-content\/uploads\/2024\/03\/logo2.webp","contentUrl":"https:\/\/letrame.com\/catalogo\/wp-content\/uploads\/2024\/03\/logo2.webp","width":394,"height":128,"caption":"Catalogo | Letrame Grupo Editorial"},"image":{"@id":"https:\/\/letrame.com\/catalogo\/#\/schema\/logo\/image\/"}}]}},"_links":{"self":[{"href":"https:\/\/letrame.com\/catalogo\/wp-json\/wp\/v2\/product\/112297","targetHints":{"allow":["GET"]}}],"collection":[{"href":"https:\/\/letrame.com\/catalogo\/wp-json\/wp\/v2\/product"}],"about":[{"href":"https:\/\/letrame.com\/catalogo\/wp-json\/wp\/v2\/types\/product"}],"replies":[{"embeddable":true,"href":"https:\/\/letrame.com\/catalogo\/wp-json\/wp\/v2\/comments?post=112297"}],"acf:post":[{"embeddable":true,"href":"https:\/\/letrame.com\/catalogo\/wp-json\/wp\/v2\/author_book\/112298"}],"wp:featuredmedia":[{"embeddable":true,"href":"https:\/\/letrame.com\/catalogo\/wp-json\/wp\/v2\/media\/112300"}],"wp:attachment":[{"href":"https:\/\/letrame.com\/catalogo\/wp-json\/wp\/v2\/media?parent=112297"}],"wp:term":[{"taxonomy":"libro","embeddable":true,"href":"https:\/\/letrame.com\/catalogo\/wp-json\/wp\/v2\/libro?post=112297"},{"taxonomy":"product_brand","embeddable":true,"href":"https:\/\/letrame.com\/catalogo\/wp-json\/wp\/v2\/product_brand?post=112297"},{"taxonomy":"product_cat","embeddable":true,"href":"https:\/\/letrame.com\/catalogo\/wp-json\/wp\/v2\/product_cat?post=112297"},{"taxonomy":"product_tag","embeddable":true,"href":"https:\/\/letrame.com\/catalogo\/wp-json\/wp\/v2\/product_tag?post=112297"}],"curies":[{"name":"wp","href":"https:\/\/api.w.org\/{rel}","templated":true}]}}