{"id":112272,"date":"2026-04-15T15:30:18","date_gmt":"2026-04-15T13:30:18","guid":{"rendered":"https:\/\/letrame.com\/catalogo\/?post_type=product&#038;p=112272"},"modified":"2026-04-15T15:30:19","modified_gmt":"2026-04-15T13:30:19","slug":"la-memoria-de-los-espejos","status":"publish","type":"product","link":"https:\/\/letrame.com\/catalogo\/producto\/la-memoria-de-los-espejos\/","title":{"rendered":"La memoria de los espejos"},"content":{"rendered":"<p><strong>ISBN: 9791370297619<\/strong><br \/>\n<strong>T\u00edtulo: La memoria de los espejos<\/strong><br \/>\n<strong>Fecha: 2026<\/strong><br \/>\n<strong>P\u00e1ginas: 404<\/strong><\/p>\n<p><strong>SINOPSIS<\/strong><\/p>\n<p>En Villarregia, cada historia que se cuenta la adorna a su gusto.<br \/>\nCuando al periodista Onofre de la Vega, el redactor jefe de su peri\u00f3dico le ofrece participar en un libro recopilatorio de leyendas, mitos y personajes curiosos de la ciudad, no imaginaba que iba a verse involucrado, junto a otras personas hasta ese momento desconocidas para \u00e9l, en una arriesgada operaci\u00f3n policial.<\/p>\n<p>Su investigaci\u00f3n le llevar\u00e1 al centenario Hotel Fonda de Recuero, envuelto en sucesos inexplicables desde que en una de sus habitaciones se aloj\u00f3 un c\u00e9lebre asesino en serie.<\/p>\n<p>Gracias a la informaci\u00f3n de Daphne Recuero, el periodista descubre que est\u00e1 relacionado con la desaparici\u00f3n, sin motivo aparente, de un vecino de la ciudad. Mientras tanto, la sombra de los sucesos acaecidos en el club de alterne El Para\u00edso: drogas, negocios turbios, mujeres atrapadas, una joven muerta y un constructor asesinado, alteran el alma de la ciudad y ponen en jaque a la polic\u00eda.<\/p>\n<p>Entre rumores y versiones contradictorias, la relaci\u00f3n de Daphne y Onofre permanece en la frontera de lo indescifrable.<\/p>\n","protected":false},"excerpt":{"rendered":"<p><strong>ISBN: 9791370297619<\/strong><\/p>\n<p><strong>SINOPSIS<\/strong><\/p>\n<p>En Villarregia, cada historia que se cuenta la adorna a su gusto.<br \/>\nCuando al periodista Onofre de la Vega, el redactor jefe de su peri\u00f3dico le ofrece participar en un libro recopilatorio de leyendas, mitos y personajes curiosos de la ciudad, no imaginaba que iba a verse involucrado, junto a otras personas hasta ese momento desconocidas para \u00e9l, en una arriesgada operaci\u00f3n policial.<\/p>\n<p>Su investigaci\u00f3n le llevar\u00e1 al centenario Hotel Fonda de Recuero, envuelto en sucesos inexplicables desde que en una de sus habitaciones se aloj\u00f3 un c\u00e9lebre asesino en serie.<\/p>\n<p>Gracias a la informaci\u00f3n de Daphne Recuero, el periodista descubre que est\u00e1 relacionado con la desaparici\u00f3n, sin motivo aparente, de un vecino de la ciudad. Mientras tanto, la sombra de los sucesos acaecidos en el club de alterne El Para\u00edso: drogas, negocios turbios, mujeres atrapadas, una joven muerta y un constructor asesinado, alteran el alma de la ciudad y ponen en jaque a la polic\u00eda.<\/p>\n<p>Entre rumores y versiones contradictorias, la relaci\u00f3n de Daphne y Onofre permanece en la frontera de lo indescifrable.<\/p>\n","protected":false},"featured_media":112277,"comment_status":"open","ping_status":"closed","template":"","meta":{"_acf_changed":false},"libro":[],"product_brand":[],"product_cat":[144],"product_tag":[],"class_list":{"0":"post-112272","1":"product","2":"type-product","3":"status-publish","4":"has-post-thumbnail","6":"product_cat-misterio","8":"first","9":"instock","10":"shipping-taxable","11":"product-type-simple"},"acf":{"autor":[77384,112273],"enlace_de_compra":"https:\/\/amzn.to\/4sB2iG2"},"yoast_head":"<!-- This site is optimized with the Yoast SEO plugin v26.6 - https:\/\/yoast.com\/wordpress\/plugins\/seo\/ -->\n<title>La memoria de los espejos - Catalogo | Letrame Grupo Editorial<\/title>\n<meta name=\"robots\" content=\"index, follow, max-snippet:-1, max-image-preview:large, max-video-preview:-1\" \/>\n<link rel=\"canonical\" href=\"https:\/\/letrame.com\/catalogo\/producto\/la-memoria-de-los-espejos\/\" \/>\n<meta property=\"og:locale\" content=\"es_ES\" \/>\n<meta property=\"og:type\" content=\"article\" \/>\n<meta property=\"og:title\" content=\"La memoria de los espejos - Catalogo | Letrame Grupo Editorial\" \/>\n<meta property=\"og:description\" content=\"ISBN: 9791370297619  SINOPSIS  En Villarregia, cada historia que se cuenta la adorna a su gusto. Cuando al periodista Onofre de la Vega, el redactor jefe de su peri\u00f3dico le ofrece participar en un libro recopilatorio de leyendas, mitos y personajes curiosos de la ciudad, no imaginaba que iba a verse involucrado, junto a otras personas hasta ese momento desconocidas para \u00e9l, en una arriesgada operaci\u00f3n policial.  Su investigaci\u00f3n le llevar\u00e1 al centenario Hotel Fonda de Recuero, envuelto en sucesos inexplicables desde que en una de sus habitaciones se aloj\u00f3 un c\u00e9lebre asesino en serie.  Gracias a la informaci\u00f3n de Daphne Recuero, el periodista descubre que est\u00e1 relacionado con la desaparici\u00f3n, sin motivo aparente, de un vecino de la ciudad. Mientras tanto, la sombra de los sucesos acaecidos en el club de alterne El Para\u00edso: drogas, negocios turbios, mujeres atrapadas, una joven muerta y un constructor asesinado, alteran el alma de la ciudad y ponen en jaque a la polic\u00eda.  Entre rumores y versiones contradictorias, la relaci\u00f3n de Daphne y Onofre permanece en la frontera de lo indescifrable.\" \/>\n<meta property=\"og:url\" content=\"https:\/\/letrame.com\/catalogo\/producto\/la-memoria-de-los-espejos\/\" \/>\n<meta property=\"og:site_name\" content=\"Catalogo | Letrame Grupo Editorial\" \/>\n<meta property=\"article:modified_time\" content=\"2026-04-15T13:30:19+00:00\" \/>\n<meta property=\"og:image\" content=\"https:\/\/letrame.com\/catalogo\/wp-content\/uploads\/2026\/04\/lamemoriadelos_1989mm4.jpg\" \/>\n\t<meta property=\"og:image:width\" content=\"703\" \/>\n\t<meta property=\"og:image:height\" content=\"992\" \/>\n\t<meta property=\"og:image:type\" content=\"image\/jpeg\" \/>\n<meta name=\"twitter:card\" content=\"summary_large_image\" \/>\n<meta name=\"twitter:label1\" content=\"Tiempo de lectura\" \/>\n\t<meta name=\"twitter:data1\" content=\"2 minutos\" \/>\n<script type=\"application\/ld+json\" class=\"yoast-schema-graph\">{\"@context\":\"https:\/\/schema.org\",\"@graph\":[{\"@type\":\"WebPage\",\"@id\":\"https:\/\/letrame.com\/catalogo\/producto\/la-memoria-de-los-espejos\/\",\"url\":\"https:\/\/letrame.com\/catalogo\/producto\/la-memoria-de-los-espejos\/\",\"name\":\"La memoria de los espejos - Catalogo | Letrame Grupo Editorial\",\"isPartOf\":{\"@id\":\"https:\/\/letrame.com\/catalogo\/#website\"},\"primaryImageOfPage\":{\"@id\":\"https:\/\/letrame.com\/catalogo\/producto\/la-memoria-de-los-espejos\/#primaryimage\"},\"image\":{\"@id\":\"https:\/\/letrame.com\/catalogo\/producto\/la-memoria-de-los-espejos\/#primaryimage\"},\"thumbnailUrl\":\"https:\/\/letrame.com\/catalogo\/wp-content\/uploads\/2026\/04\/lamemoriadelos_1989mm4.jpg\",\"datePublished\":\"2026-04-15T13:30:18+00:00\",\"dateModified\":\"2026-04-15T13:30:19+00:00\",\"breadcrumb\":{\"@id\":\"https:\/\/letrame.com\/catalogo\/producto\/la-memoria-de-los-espejos\/#breadcrumb\"},\"inLanguage\":\"es\",\"potentialAction\":[{\"@type\":\"ReadAction\",\"target\":[\"https:\/\/letrame.com\/catalogo\/producto\/la-memoria-de-los-espejos\/\"]}]},{\"@type\":\"ImageObject\",\"inLanguage\":\"es\",\"@id\":\"https:\/\/letrame.com\/catalogo\/producto\/la-memoria-de-los-espejos\/#primaryimage\",\"url\":\"https:\/\/letrame.com\/catalogo\/wp-content\/uploads\/2026\/04\/lamemoriadelos_1989mm4.jpg\",\"contentUrl\":\"https:\/\/letrame.com\/catalogo\/wp-content\/uploads\/2026\/04\/lamemoriadelos_1989mm4.jpg\",\"width\":703,\"height\":992},{\"@type\":\"BreadcrumbList\",\"@id\":\"https:\/\/letrame.com\/catalogo\/producto\/la-memoria-de-los-espejos\/#breadcrumb\",\"itemListElement\":[{\"@type\":\"ListItem\",\"position\":1,\"name\":\"Portada\",\"item\":\"https:\/\/letrame.com\/catalogo\/\"},{\"@type\":\"ListItem\",\"position\":2,\"name\":\"Cat\u00e1logo\",\"item\":\"https:\/\/letrame.com\/catalogo\/\"},{\"@type\":\"ListItem\",\"position\":3,\"name\":\"La memoria de los espejos\"}]},{\"@type\":\"WebSite\",\"@id\":\"https:\/\/letrame.com\/catalogo\/#website\",\"url\":\"https:\/\/letrame.com\/catalogo\/\",\"name\":\"Catalogo | Letrame Grupo Editorial\",\"description\":\"\",\"publisher\":{\"@id\":\"https:\/\/letrame.com\/catalogo\/#organization\"},\"potentialAction\":[{\"@type\":\"SearchAction\",\"target\":{\"@type\":\"EntryPoint\",\"urlTemplate\":\"https:\/\/letrame.com\/catalogo\/?s={search_term_string}\"},\"query-input\":{\"@type\":\"PropertyValueSpecification\",\"valueRequired\":true,\"valueName\":\"search_term_string\"}}],\"inLanguage\":\"es\"},{\"@type\":\"Organization\",\"@id\":\"https:\/\/letrame.com\/catalogo\/#organization\",\"name\":\"Catalogo | Letrame Grupo Editorial\",\"url\":\"https:\/\/letrame.com\/catalogo\/\",\"logo\":{\"@type\":\"ImageObject\",\"inLanguage\":\"es\",\"@id\":\"https:\/\/letrame.com\/catalogo\/#\/schema\/logo\/image\/\",\"url\":\"https:\/\/letrame.com\/catalogo\/wp-content\/uploads\/2024\/03\/logo2.webp\",\"contentUrl\":\"https:\/\/letrame.com\/catalogo\/wp-content\/uploads\/2024\/03\/logo2.webp\",\"width\":394,\"height\":128,\"caption\":\"Catalogo | Letrame Grupo Editorial\"},\"image\":{\"@id\":\"https:\/\/letrame.com\/catalogo\/#\/schema\/logo\/image\/\"}}]}<\/script>\n<!-- \/ Yoast SEO plugin. -->","yoast_head_json":{"title":"La memoria de los espejos - Catalogo | Letrame Grupo Editorial","robots":{"index":"index","follow":"follow","max-snippet":"max-snippet:-1","max-image-preview":"max-image-preview:large","max-video-preview":"max-video-preview:-1"},"canonical":"https:\/\/letrame.com\/catalogo\/producto\/la-memoria-de-los-espejos\/","og_locale":"es_ES","og_type":"article","og_title":"La memoria de los espejos - Catalogo | Letrame Grupo Editorial","og_description":"ISBN: 9791370297619  SINOPSIS  En Villarregia, cada historia que se cuenta la adorna a su gusto. Cuando al periodista Onofre de la Vega, el redactor jefe de su peri\u00f3dico le ofrece participar en un libro recopilatorio de leyendas, mitos y personajes curiosos de la ciudad, no imaginaba que iba a verse involucrado, junto a otras personas hasta ese momento desconocidas para \u00e9l, en una arriesgada operaci\u00f3n policial.  Su investigaci\u00f3n le llevar\u00e1 al centenario Hotel Fonda de Recuero, envuelto en sucesos inexplicables desde que en una de sus habitaciones se aloj\u00f3 un c\u00e9lebre asesino en serie.  Gracias a la informaci\u00f3n de Daphne Recuero, el periodista descubre que est\u00e1 relacionado con la desaparici\u00f3n, sin motivo aparente, de un vecino de la ciudad. Mientras tanto, la sombra de los sucesos acaecidos en el club de alterne El Para\u00edso: drogas, negocios turbios, mujeres atrapadas, una joven muerta y un constructor asesinado, alteran el alma de la ciudad y ponen en jaque a la polic\u00eda.  Entre rumores y versiones contradictorias, la relaci\u00f3n de Daphne y Onofre permanece en la frontera de lo indescifrable.","og_url":"https:\/\/letrame.com\/catalogo\/producto\/la-memoria-de-los-espejos\/","og_site_name":"Catalogo | Letrame Grupo Editorial","article_modified_time":"2026-04-15T13:30:19+00:00","og_image":[{"width":703,"height":992,"url":"https:\/\/letrame.com\/catalogo\/wp-content\/uploads\/2026\/04\/lamemoriadelos_1989mm4.jpg","type":"image\/jpeg"}],"twitter_card":"summary_large_image","twitter_misc":{"Tiempo de lectura":"2 minutos"},"schema":{"@context":"https:\/\/schema.org","@graph":[{"@type":"WebPage","@id":"https:\/\/letrame.com\/catalogo\/producto\/la-memoria-de-los-espejos\/","url":"https:\/\/letrame.com\/catalogo\/producto\/la-memoria-de-los-espejos\/","name":"La memoria de los espejos - Catalogo | Letrame Grupo Editorial","isPartOf":{"@id":"https:\/\/letrame.com\/catalogo\/#website"},"primaryImageOfPage":{"@id":"https:\/\/letrame.com\/catalogo\/producto\/la-memoria-de-los-espejos\/#primaryimage"},"image":{"@id":"https:\/\/letrame.com\/catalogo\/producto\/la-memoria-de-los-espejos\/#primaryimage"},"thumbnailUrl":"https:\/\/letrame.com\/catalogo\/wp-content\/uploads\/2026\/04\/lamemoriadelos_1989mm4.jpg","datePublished":"2026-04-15T13:30:18+00:00","dateModified":"2026-04-15T13:30:19+00:00","breadcrumb":{"@id":"https:\/\/letrame.com\/catalogo\/producto\/la-memoria-de-los-espejos\/#breadcrumb"},"inLanguage":"es","potentialAction":[{"@type":"ReadAction","target":["https:\/\/letrame.com\/catalogo\/producto\/la-memoria-de-los-espejos\/"]}]},{"@type":"ImageObject","inLanguage":"es","@id":"https:\/\/letrame.com\/catalogo\/producto\/la-memoria-de-los-espejos\/#primaryimage","url":"https:\/\/letrame.com\/catalogo\/wp-content\/uploads\/2026\/04\/lamemoriadelos_1989mm4.jpg","contentUrl":"https:\/\/letrame.com\/catalogo\/wp-content\/uploads\/2026\/04\/lamemoriadelos_1989mm4.jpg","width":703,"height":992},{"@type":"BreadcrumbList","@id":"https:\/\/letrame.com\/catalogo\/producto\/la-memoria-de-los-espejos\/#breadcrumb","itemListElement":[{"@type":"ListItem","position":1,"name":"Portada","item":"https:\/\/letrame.com\/catalogo\/"},{"@type":"ListItem","position":2,"name":"Cat\u00e1logo","item":"https:\/\/letrame.com\/catalogo\/"},{"@type":"ListItem","position":3,"name":"La memoria de los espejos"}]},{"@type":"WebSite","@id":"https:\/\/letrame.com\/catalogo\/#website","url":"https:\/\/letrame.com\/catalogo\/","name":"Catalogo | Letrame Grupo Editorial","description":"","publisher":{"@id":"https:\/\/letrame.com\/catalogo\/#organization"},"potentialAction":[{"@type":"SearchAction","target":{"@type":"EntryPoint","urlTemplate":"https:\/\/letrame.com\/catalogo\/?s={search_term_string}"},"query-input":{"@type":"PropertyValueSpecification","valueRequired":true,"valueName":"search_term_string"}}],"inLanguage":"es"},{"@type":"Organization","@id":"https:\/\/letrame.com\/catalogo\/#organization","name":"Catalogo | Letrame Grupo Editorial","url":"https:\/\/letrame.com\/catalogo\/","logo":{"@type":"ImageObject","inLanguage":"es","@id":"https:\/\/letrame.com\/catalogo\/#\/schema\/logo\/image\/","url":"https:\/\/letrame.com\/catalogo\/wp-content\/uploads\/2024\/03\/logo2.webp","contentUrl":"https:\/\/letrame.com\/catalogo\/wp-content\/uploads\/2024\/03\/logo2.webp","width":394,"height":128,"caption":"Catalogo | Letrame Grupo Editorial"},"image":{"@id":"https:\/\/letrame.com\/catalogo\/#\/schema\/logo\/image\/"}}]}},"_links":{"self":[{"href":"https:\/\/letrame.com\/catalogo\/wp-json\/wp\/v2\/product\/112272","targetHints":{"allow":["GET"]}}],"collection":[{"href":"https:\/\/letrame.com\/catalogo\/wp-json\/wp\/v2\/product"}],"about":[{"href":"https:\/\/letrame.com\/catalogo\/wp-json\/wp\/v2\/types\/product"}],"replies":[{"embeddable":true,"href":"https:\/\/letrame.com\/catalogo\/wp-json\/wp\/v2\/comments?post=112272"}],"acf:post":[{"embeddable":true,"href":"https:\/\/letrame.com\/catalogo\/wp-json\/wp\/v2\/author_book\/112273"},{"embeddable":true,"href":"https:\/\/letrame.com\/catalogo\/wp-json\/wp\/v2\/author_book\/77384"}],"wp:featuredmedia":[{"embeddable":true,"href":"https:\/\/letrame.com\/catalogo\/wp-json\/wp\/v2\/media\/112277"}],"wp:attachment":[{"href":"https:\/\/letrame.com\/catalogo\/wp-json\/wp\/v2\/media?parent=112272"}],"wp:term":[{"taxonomy":"libro","embeddable":true,"href":"https:\/\/letrame.com\/catalogo\/wp-json\/wp\/v2\/libro?post=112272"},{"taxonomy":"product_brand","embeddable":true,"href":"https:\/\/letrame.com\/catalogo\/wp-json\/wp\/v2\/product_brand?post=112272"},{"taxonomy":"product_cat","embeddable":true,"href":"https:\/\/letrame.com\/catalogo\/wp-json\/wp\/v2\/product_cat?post=112272"},{"taxonomy":"product_tag","embeddable":true,"href":"https:\/\/letrame.com\/catalogo\/wp-json\/wp\/v2\/product_tag?post=112272"}],"curies":[{"name":"wp","href":"https:\/\/api.w.org\/{rel}","templated":true}]}}