{"id":112266,"date":"2026-04-15T15:18:12","date_gmt":"2026-04-15T13:18:12","guid":{"rendered":"https:\/\/letrame.com\/catalogo\/?post_type=product&#038;p=112266"},"modified":"2026-04-15T15:18:13","modified_gmt":"2026-04-15T13:18:13","slug":"como-construir-a-un-yo-adulto-desde-el-caos","status":"publish","type":"product","link":"https:\/\/letrame.com\/catalogo\/producto\/como-construir-a-un-yo-adulto-desde-el-caos\/","title":{"rendered":"C\u00f3mo construir a un yo adulto desde el caos"},"content":{"rendered":"<p><strong>ISBN: 9791370292669<\/strong><br \/>\n<strong>T\u00edtulo: C\u00f3mo construir a un yo adulto desde el caos<\/strong><br \/>\n<strong>Fecha: 2026<\/strong><br \/>\n<strong>P\u00e1ginas: 190<\/strong><\/p>\n<p><strong>SINOPSIS<\/strong><\/p>\n<p>Aprender a sostenernos de grandes cuando no nos ense\u00f1aron a hacerlo de peque\u00f1os es uno de los trabajos m\u00e1s honestos que existen, porque no nacemos sabiendo c\u00f3mo no rompernos. Este libro no te promete paz: te ofrece lucidez. Te muestra c\u00f3mo dejar de huir de ti mismo y c\u00f3mo construir desde lo que queda, desde lo m\u00e1s honesto y lo m\u00e1s real.<\/p>\n<p>C\u00f3mo construir a un yo adulto desde el caos no busca salvarte, sino despertarte. Es un viaje hacia la comprensi\u00f3n, la madurez emocional y la coherencia interna, desarrollado a trav\u00e9s de una escritura directa y profundamente humana.<\/p>\n<p>Cada cap\u00edtulo se convierte en una conversaci\u00f3n clara entre lo que fuiste y lo que est\u00e1s listo para ser. Te gu\u00eda a reconocer tus patrones, a pensar con mayor claridad, a sentir con inteligencia, a replantear la relaci\u00f3n que mantienes con el dolor, el amor y contigo mismo, y a elegirte con respeto. Tambi\u00e9n te lleva a desmantelar esos viejos h\u00e1bitos de autosabotaje que a\u00fan te atan a lo que te form\u00f3.<\/p>\n<p>Este no es un libro pensado para sostenerte desde la fragilidad, sino desde la cordura; desde la fuerza que aparece cuando dejamos de huir y elegimos habitarnos con honestidad y amor propio. Es una herramienta de poder, un entrenamiento emocional para quienes ya no quieren justificarse, minimizarse ni vivir a merced de lo aprendido.<\/p>\n<p>Es un empuj\u00f3n directo para dejar de vivir en autom\u00e1tico, salir de la soberbia y empezar a practicar algo que duele, pero libera: la humildad con uno mismo.<\/p>\n","protected":false},"excerpt":{"rendered":"<p><strong>ISBN: 9791370292669<\/strong><\/p>\n<p><strong>SINOPSIS<\/strong><\/p>\n<p>Aprender a sostenernos de grandes cuando no nos ense\u00f1aron a hacerlo de peque\u00f1os es uno de los trabajos m\u00e1s honestos que existen, porque no nacemos sabiendo c\u00f3mo no rompernos. Este libro no te promete paz: te ofrece lucidez. Te muestra c\u00f3mo dejar de huir de ti mismo y c\u00f3mo construir desde lo que queda, desde lo m\u00e1s honesto y lo m\u00e1s real.<\/p>\n<p>C\u00f3mo construir a un yo adulto desde el caos no busca salvarte, sino despertarte. Es un viaje hacia la comprensi\u00f3n, la madurez emocional y la coherencia interna, desarrollado a trav\u00e9s de una escritura directa y profundamente humana.<\/p>\n<p>Cada cap\u00edtulo se convierte en una conversaci\u00f3n clara entre lo que fuiste y lo que est\u00e1s listo para ser. Te gu\u00eda a reconocer tus patrones, a pensar con mayor claridad, a sentir con inteligencia, a replantear la relaci\u00f3n que mantienes con el dolor, el amor y contigo mismo, y a elegirte con respeto. Tambi\u00e9n te lleva a desmantelar esos viejos h\u00e1bitos de autosabotaje que a\u00fan te atan a lo que te form\u00f3.<\/p>\n<p>Este no es un libro pensado para sostenerte desde la fragilidad, sino desde la cordura; desde la fuerza que aparece cuando dejamos de huir y elegimos habitarnos con honestidad y amor propio. Es una herramienta de poder, un entrenamiento emocional para quienes ya no quieren justificarse, minimizarse ni vivir a merced de lo aprendido.<\/p>\n<p>Es un empuj\u00f3n directo para dejar de vivir en autom\u00e1tico, salir de la soberbia y empezar a practicar algo que duele, pero libera: la humildad con uno mismo.<\/p>\n","protected":false},"featured_media":112270,"comment_status":"open","ping_status":"closed","template":"","meta":{"_acf_changed":false},"libro":[],"product_brand":[],"product_cat":[18],"product_tag":[],"class_list":{"0":"post-112266","1":"product","2":"type-product","3":"status-publish","4":"has-post-thumbnail","6":"product_cat-autoayuda","8":"first","9":"instock","10":"shipping-taxable","11":"product-type-simple"},"acf":{"autor":[112267],"enlace_de_compra":"https:\/\/amzn.to\/427qipp"},"yoast_head":"<!-- This site is optimized with the Yoast SEO plugin v26.6 - https:\/\/yoast.com\/wordpress\/plugins\/seo\/ -->\n<title>C\u00f3mo construir a un yo adulto desde el caos - Catalogo | Letrame Grupo Editorial<\/title>\n<meta name=\"robots\" content=\"index, follow, max-snippet:-1, max-image-preview:large, max-video-preview:-1\" \/>\n<link rel=\"canonical\" href=\"https:\/\/letrame.com\/catalogo\/producto\/como-construir-a-un-yo-adulto-desde-el-caos\/\" \/>\n<meta property=\"og:locale\" content=\"es_ES\" \/>\n<meta property=\"og:type\" content=\"article\" \/>\n<meta property=\"og:title\" content=\"C\u00f3mo construir a un yo adulto desde el caos - Catalogo | Letrame Grupo Editorial\" \/>\n<meta property=\"og:description\" content=\"ISBN: 9791370292669  SINOPSIS  Aprender a sostenernos de grandes cuando no nos ense\u00f1aron a hacerlo de peque\u00f1os es uno de los trabajos m\u00e1s honestos que existen, porque no nacemos sabiendo c\u00f3mo no rompernos. Este libro no te promete paz: te ofrece lucidez. Te muestra c\u00f3mo dejar de huir de ti mismo y c\u00f3mo construir desde lo que queda, desde lo m\u00e1s honesto y lo m\u00e1s real.  C\u00f3mo construir a un yo adulto desde el caos no busca salvarte, sino despertarte. Es un viaje hacia la comprensi\u00f3n, la madurez emocional y la coherencia interna, desarrollado a trav\u00e9s de una escritura directa y profundamente humana.  Cada cap\u00edtulo se convierte en una conversaci\u00f3n clara entre lo que fuiste y lo que est\u00e1s listo para ser. Te gu\u00eda a reconocer tus patrones, a pensar con mayor claridad, a sentir con inteligencia, a replantear la relaci\u00f3n que mantienes con el dolor, el amor y contigo mismo, y a elegirte con respeto. Tambi\u00e9n te lleva a desmantelar esos viejos h\u00e1bitos de autosabotaje que a\u00fan te atan a lo que te form\u00f3.  Este no es un libro pensado para sostenerte desde la fragilidad, sino desde la cordura; desde la fuerza que aparece cuando dejamos de huir y elegimos habitarnos con honestidad y amor propio. Es una herramienta de poder, un entrenamiento emocional para quienes ya no quieren justificarse, minimizarse ni vivir a merced de lo aprendido.  Es un empuj\u00f3n directo para dejar de vivir en autom\u00e1tico, salir de la soberbia y empezar a practicar algo que duele, pero libera: la humildad con uno mismo.\" \/>\n<meta property=\"og:url\" content=\"https:\/\/letrame.com\/catalogo\/producto\/como-construir-a-un-yo-adulto-desde-el-caos\/\" \/>\n<meta property=\"og:site_name\" content=\"Catalogo | Letrame Grupo Editorial\" \/>\n<meta property=\"article:modified_time\" content=\"2026-04-15T13:18:13+00:00\" \/>\n<meta property=\"og:image\" content=\"https:\/\/letrame.com\/catalogo\/wp-content\/uploads\/2026\/04\/comocontruir_893mm4.jpg\" \/>\n\t<meta property=\"og:image:width\" content=\"709\" \/>\n\t<meta property=\"og:image:height\" content=\"1039\" \/>\n\t<meta property=\"og:image:type\" content=\"image\/jpeg\" \/>\n<meta name=\"twitter:card\" content=\"summary_large_image\" \/>\n<meta name=\"twitter:label1\" content=\"Tiempo de lectura\" \/>\n\t<meta name=\"twitter:data1\" content=\"2 minutos\" \/>\n<script type=\"application\/ld+json\" class=\"yoast-schema-graph\">{\"@context\":\"https:\/\/schema.org\",\"@graph\":[{\"@type\":\"WebPage\",\"@id\":\"https:\/\/letrame.com\/catalogo\/producto\/como-construir-a-un-yo-adulto-desde-el-caos\/\",\"url\":\"https:\/\/letrame.com\/catalogo\/producto\/como-construir-a-un-yo-adulto-desde-el-caos\/\",\"name\":\"C\u00f3mo construir a un yo adulto desde el caos - Catalogo | Letrame Grupo Editorial\",\"isPartOf\":{\"@id\":\"https:\/\/letrame.com\/catalogo\/#website\"},\"primaryImageOfPage\":{\"@id\":\"https:\/\/letrame.com\/catalogo\/producto\/como-construir-a-un-yo-adulto-desde-el-caos\/#primaryimage\"},\"image\":{\"@id\":\"https:\/\/letrame.com\/catalogo\/producto\/como-construir-a-un-yo-adulto-desde-el-caos\/#primaryimage\"},\"thumbnailUrl\":\"https:\/\/letrame.com\/catalogo\/wp-content\/uploads\/2026\/04\/comocontruir_893mm4.jpg\",\"datePublished\":\"2026-04-15T13:18:12+00:00\",\"dateModified\":\"2026-04-15T13:18:13+00:00\",\"breadcrumb\":{\"@id\":\"https:\/\/letrame.com\/catalogo\/producto\/como-construir-a-un-yo-adulto-desde-el-caos\/#breadcrumb\"},\"inLanguage\":\"es\",\"potentialAction\":[{\"@type\":\"ReadAction\",\"target\":[\"https:\/\/letrame.com\/catalogo\/producto\/como-construir-a-un-yo-adulto-desde-el-caos\/\"]}]},{\"@type\":\"ImageObject\",\"inLanguage\":\"es\",\"@id\":\"https:\/\/letrame.com\/catalogo\/producto\/como-construir-a-un-yo-adulto-desde-el-caos\/#primaryimage\",\"url\":\"https:\/\/letrame.com\/catalogo\/wp-content\/uploads\/2026\/04\/comocontruir_893mm4.jpg\",\"contentUrl\":\"https:\/\/letrame.com\/catalogo\/wp-content\/uploads\/2026\/04\/comocontruir_893mm4.jpg\",\"width\":709,\"height\":1039},{\"@type\":\"BreadcrumbList\",\"@id\":\"https:\/\/letrame.com\/catalogo\/producto\/como-construir-a-un-yo-adulto-desde-el-caos\/#breadcrumb\",\"itemListElement\":[{\"@type\":\"ListItem\",\"position\":1,\"name\":\"Portada\",\"item\":\"https:\/\/letrame.com\/catalogo\/\"},{\"@type\":\"ListItem\",\"position\":2,\"name\":\"Cat\u00e1logo\",\"item\":\"https:\/\/letrame.com\/catalogo\/\"},{\"@type\":\"ListItem\",\"position\":3,\"name\":\"C\u00f3mo construir a un yo adulto desde el caos\"}]},{\"@type\":\"WebSite\",\"@id\":\"https:\/\/letrame.com\/catalogo\/#website\",\"url\":\"https:\/\/letrame.com\/catalogo\/\",\"name\":\"Catalogo | Letrame Grupo Editorial\",\"description\":\"\",\"publisher\":{\"@id\":\"https:\/\/letrame.com\/catalogo\/#organization\"},\"potentialAction\":[{\"@type\":\"SearchAction\",\"target\":{\"@type\":\"EntryPoint\",\"urlTemplate\":\"https:\/\/letrame.com\/catalogo\/?s={search_term_string}\"},\"query-input\":{\"@type\":\"PropertyValueSpecification\",\"valueRequired\":true,\"valueName\":\"search_term_string\"}}],\"inLanguage\":\"es\"},{\"@type\":\"Organization\",\"@id\":\"https:\/\/letrame.com\/catalogo\/#organization\",\"name\":\"Catalogo | Letrame Grupo Editorial\",\"url\":\"https:\/\/letrame.com\/catalogo\/\",\"logo\":{\"@type\":\"ImageObject\",\"inLanguage\":\"es\",\"@id\":\"https:\/\/letrame.com\/catalogo\/#\/schema\/logo\/image\/\",\"url\":\"https:\/\/letrame.com\/catalogo\/wp-content\/uploads\/2024\/03\/logo2.webp\",\"contentUrl\":\"https:\/\/letrame.com\/catalogo\/wp-content\/uploads\/2024\/03\/logo2.webp\",\"width\":394,\"height\":128,\"caption\":\"Catalogo | Letrame Grupo Editorial\"},\"image\":{\"@id\":\"https:\/\/letrame.com\/catalogo\/#\/schema\/logo\/image\/\"}}]}<\/script>\n<!-- \/ Yoast SEO plugin. -->","yoast_head_json":{"title":"C\u00f3mo construir a un yo adulto desde el caos - Catalogo | Letrame Grupo Editorial","robots":{"index":"index","follow":"follow","max-snippet":"max-snippet:-1","max-image-preview":"max-image-preview:large","max-video-preview":"max-video-preview:-1"},"canonical":"https:\/\/letrame.com\/catalogo\/producto\/como-construir-a-un-yo-adulto-desde-el-caos\/","og_locale":"es_ES","og_type":"article","og_title":"C\u00f3mo construir a un yo adulto desde el caos - Catalogo | Letrame Grupo Editorial","og_description":"ISBN: 9791370292669  SINOPSIS  Aprender a sostenernos de grandes cuando no nos ense\u00f1aron a hacerlo de peque\u00f1os es uno de los trabajos m\u00e1s honestos que existen, porque no nacemos sabiendo c\u00f3mo no rompernos. Este libro no te promete paz: te ofrece lucidez. Te muestra c\u00f3mo dejar de huir de ti mismo y c\u00f3mo construir desde lo que queda, desde lo m\u00e1s honesto y lo m\u00e1s real.  C\u00f3mo construir a un yo adulto desde el caos no busca salvarte, sino despertarte. Es un viaje hacia la comprensi\u00f3n, la madurez emocional y la coherencia interna, desarrollado a trav\u00e9s de una escritura directa y profundamente humana.  Cada cap\u00edtulo se convierte en una conversaci\u00f3n clara entre lo que fuiste y lo que est\u00e1s listo para ser. Te gu\u00eda a reconocer tus patrones, a pensar con mayor claridad, a sentir con inteligencia, a replantear la relaci\u00f3n que mantienes con el dolor, el amor y contigo mismo, y a elegirte con respeto. Tambi\u00e9n te lleva a desmantelar esos viejos h\u00e1bitos de autosabotaje que a\u00fan te atan a lo que te form\u00f3.  Este no es un libro pensado para sostenerte desde la fragilidad, sino desde la cordura; desde la fuerza que aparece cuando dejamos de huir y elegimos habitarnos con honestidad y amor propio. Es una herramienta de poder, un entrenamiento emocional para quienes ya no quieren justificarse, minimizarse ni vivir a merced de lo aprendido.  Es un empuj\u00f3n directo para dejar de vivir en autom\u00e1tico, salir de la soberbia y empezar a practicar algo que duele, pero libera: la humildad con uno mismo.","og_url":"https:\/\/letrame.com\/catalogo\/producto\/como-construir-a-un-yo-adulto-desde-el-caos\/","og_site_name":"Catalogo | Letrame Grupo Editorial","article_modified_time":"2026-04-15T13:18:13+00:00","og_image":[{"width":709,"height":1039,"url":"https:\/\/letrame.com\/catalogo\/wp-content\/uploads\/2026\/04\/comocontruir_893mm4.jpg","type":"image\/jpeg"}],"twitter_card":"summary_large_image","twitter_misc":{"Tiempo de lectura":"2 minutos"},"schema":{"@context":"https:\/\/schema.org","@graph":[{"@type":"WebPage","@id":"https:\/\/letrame.com\/catalogo\/producto\/como-construir-a-un-yo-adulto-desde-el-caos\/","url":"https:\/\/letrame.com\/catalogo\/producto\/como-construir-a-un-yo-adulto-desde-el-caos\/","name":"C\u00f3mo construir a un yo adulto desde el caos - Catalogo | Letrame Grupo Editorial","isPartOf":{"@id":"https:\/\/letrame.com\/catalogo\/#website"},"primaryImageOfPage":{"@id":"https:\/\/letrame.com\/catalogo\/producto\/como-construir-a-un-yo-adulto-desde-el-caos\/#primaryimage"},"image":{"@id":"https:\/\/letrame.com\/catalogo\/producto\/como-construir-a-un-yo-adulto-desde-el-caos\/#primaryimage"},"thumbnailUrl":"https:\/\/letrame.com\/catalogo\/wp-content\/uploads\/2026\/04\/comocontruir_893mm4.jpg","datePublished":"2026-04-15T13:18:12+00:00","dateModified":"2026-04-15T13:18:13+00:00","breadcrumb":{"@id":"https:\/\/letrame.com\/catalogo\/producto\/como-construir-a-un-yo-adulto-desde-el-caos\/#breadcrumb"},"inLanguage":"es","potentialAction":[{"@type":"ReadAction","target":["https:\/\/letrame.com\/catalogo\/producto\/como-construir-a-un-yo-adulto-desde-el-caos\/"]}]},{"@type":"ImageObject","inLanguage":"es","@id":"https:\/\/letrame.com\/catalogo\/producto\/como-construir-a-un-yo-adulto-desde-el-caos\/#primaryimage","url":"https:\/\/letrame.com\/catalogo\/wp-content\/uploads\/2026\/04\/comocontruir_893mm4.jpg","contentUrl":"https:\/\/letrame.com\/catalogo\/wp-content\/uploads\/2026\/04\/comocontruir_893mm4.jpg","width":709,"height":1039},{"@type":"BreadcrumbList","@id":"https:\/\/letrame.com\/catalogo\/producto\/como-construir-a-un-yo-adulto-desde-el-caos\/#breadcrumb","itemListElement":[{"@type":"ListItem","position":1,"name":"Portada","item":"https:\/\/letrame.com\/catalogo\/"},{"@type":"ListItem","position":2,"name":"Cat\u00e1logo","item":"https:\/\/letrame.com\/catalogo\/"},{"@type":"ListItem","position":3,"name":"C\u00f3mo construir a un yo adulto desde el caos"}]},{"@type":"WebSite","@id":"https:\/\/letrame.com\/catalogo\/#website","url":"https:\/\/letrame.com\/catalogo\/","name":"Catalogo | Letrame Grupo Editorial","description":"","publisher":{"@id":"https:\/\/letrame.com\/catalogo\/#organization"},"potentialAction":[{"@type":"SearchAction","target":{"@type":"EntryPoint","urlTemplate":"https:\/\/letrame.com\/catalogo\/?s={search_term_string}"},"query-input":{"@type":"PropertyValueSpecification","valueRequired":true,"valueName":"search_term_string"}}],"inLanguage":"es"},{"@type":"Organization","@id":"https:\/\/letrame.com\/catalogo\/#organization","name":"Catalogo | Letrame Grupo Editorial","url":"https:\/\/letrame.com\/catalogo\/","logo":{"@type":"ImageObject","inLanguage":"es","@id":"https:\/\/letrame.com\/catalogo\/#\/schema\/logo\/image\/","url":"https:\/\/letrame.com\/catalogo\/wp-content\/uploads\/2024\/03\/logo2.webp","contentUrl":"https:\/\/letrame.com\/catalogo\/wp-content\/uploads\/2024\/03\/logo2.webp","width":394,"height":128,"caption":"Catalogo | Letrame Grupo Editorial"},"image":{"@id":"https:\/\/letrame.com\/catalogo\/#\/schema\/logo\/image\/"}}]}},"_links":{"self":[{"href":"https:\/\/letrame.com\/catalogo\/wp-json\/wp\/v2\/product\/112266","targetHints":{"allow":["GET"]}}],"collection":[{"href":"https:\/\/letrame.com\/catalogo\/wp-json\/wp\/v2\/product"}],"about":[{"href":"https:\/\/letrame.com\/catalogo\/wp-json\/wp\/v2\/types\/product"}],"replies":[{"embeddable":true,"href":"https:\/\/letrame.com\/catalogo\/wp-json\/wp\/v2\/comments?post=112266"}],"acf:post":[{"embeddable":true,"href":"https:\/\/letrame.com\/catalogo\/wp-json\/wp\/v2\/author_book\/112267"}],"wp:featuredmedia":[{"embeddable":true,"href":"https:\/\/letrame.com\/catalogo\/wp-json\/wp\/v2\/media\/112270"}],"wp:attachment":[{"href":"https:\/\/letrame.com\/catalogo\/wp-json\/wp\/v2\/media?parent=112266"}],"wp:term":[{"taxonomy":"libro","embeddable":true,"href":"https:\/\/letrame.com\/catalogo\/wp-json\/wp\/v2\/libro?post=112266"},{"taxonomy":"product_brand","embeddable":true,"href":"https:\/\/letrame.com\/catalogo\/wp-json\/wp\/v2\/product_brand?post=112266"},{"taxonomy":"product_cat","embeddable":true,"href":"https:\/\/letrame.com\/catalogo\/wp-json\/wp\/v2\/product_cat?post=112266"},{"taxonomy":"product_tag","embeddable":true,"href":"https:\/\/letrame.com\/catalogo\/wp-json\/wp\/v2\/product_tag?post=112266"}],"curies":[{"name":"wp","href":"https:\/\/api.w.org\/{rel}","templated":true}]}}