{"id":112255,"date":"2026-04-14T16:56:06","date_gmt":"2026-04-14T14:56:06","guid":{"rendered":"https:\/\/letrame.com\/catalogo\/?post_type=product&#038;p=112255"},"modified":"2026-04-14T16:56:07","modified_gmt":"2026-04-14T14:56:07","slug":"practicas-y-rituales-para-el-fracaso-reiterativo-2a-edicion","status":"publish","type":"product","link":"https:\/\/letrame.com\/catalogo\/producto\/practicas-y-rituales-para-el-fracaso-reiterativo-2a-edicion\/","title":{"rendered":"Pr\u00e1cticas y rituales para el fracaso reiterativo. 2\u00aa Edici\u00f3n"},"content":{"rendered":"<p><strong>ISBN: 9791370540708<\/strong><br \/>\n<strong>T\u00edtulo: Pr\u00e1cticas y rituales para el fracaso reiterativo. 2\u00aa Edici\u00f3n<\/strong><br \/>\n<strong>Fecha: 2026<\/strong><br \/>\n<strong>P\u00e1ginas: 94<\/strong><\/p>\n<p><strong>SINOPSIS<\/strong><\/p>\n<p>Juantonio G\u00f3ngora nos lleva de la mano por los senderos m\u00e1s sombr\u00edos de la experiencia humana, donde el fracaso se presenta como una parte esencial de la vida.<\/p>\n<p>Este libro es una colecci\u00f3n de poemas y reflexiones que retratan a aquellos que se enfrentan constantemente a la derrota y siguen adelante, mostrando la lucha interna y los desaf\u00edos que enfrentamos todos.<\/p>\n<p>G\u00f3ngora demuestra una gran capacidad para jugar con el lenguaje y las estructuras narrativas, creando una obra que es tanto una confesi\u00f3n personal como un comentario universal sobre la condici\u00f3n humana. Cada parte del libro act\u00faa como un espejo que refleja los aspectos m\u00e1s dif\u00edciles de nuestra psicolog\u00eda y nuestras relaciones.<\/p>\n<p>Pr\u00e1cticas y rituales para el fracaso reiterativo es una obra que destaca por su profundidad emocional y su estilo \u00fanico. El autor ha creado un texto que est\u00e1 lleno de vida y verdad, ofreciendo una ventana honesta y po\u00e9tica a la complejidad de la experiencia humana.<\/p>\n<p>&nbsp;<\/p>\n","protected":false},"excerpt":{"rendered":"<p><strong>ISBN: 9791370540708<\/strong><\/p>\n<p><strong>SINOPSIS<\/strong><\/p>\n<p>Juantonio G\u00f3ngora nos lleva de la mano por los senderos m\u00e1s sombr\u00edos de la experiencia humana, donde el fracaso se presenta como una parte esencial de la vida.<\/p>\n<p>Este libro es una colecci\u00f3n de poemas y reflexiones que retratan a aquellos que se enfrentan constantemente a la derrota y siguen adelante, mostrando la lucha interna y los desaf\u00edos que enfrentamos todos.<\/p>\n<p>G\u00f3ngora demuestra una gran capacidad para jugar con el lenguaje y las estructuras narrativas, creando una obra que es tanto una confesi\u00f3n personal como un comentario universal sobre la condici\u00f3n humana. Cada parte del libro act\u00faa como un espejo que refleja los aspectos m\u00e1s dif\u00edciles de nuestra psicolog\u00eda y nuestras relaciones.<\/p>\n<p>Pr\u00e1cticas y rituales para el fracaso reiterativo es una obra que destaca por su profundidad emocional y su estilo \u00fanico. El autor ha creado un texto que est\u00e1 lleno de vida y verdad, ofreciendo una ventana honesta y po\u00e9tica a la complejidad de la experiencia humana.<\/p>\n<p>&nbsp;<\/p>\n","protected":false},"featured_media":112259,"comment_status":"open","ping_status":"closed","template":"","meta":{"_acf_changed":false},"libro":[],"product_brand":[],"product_cat":[20],"product_tag":[],"class_list":{"0":"post-112255","1":"product","2":"type-product","3":"status-publish","4":"has-post-thumbnail","6":"product_cat-poesia","8":"first","9":"instock","10":"shipping-taxable","11":"product-type-simple"},"acf":{"autor":[112256],"enlace_de_compra":"https:\/\/amzn.to\/3Q8rMx3"},"yoast_head":"<!-- This site is optimized with the Yoast SEO plugin v26.6 - https:\/\/yoast.com\/wordpress\/plugins\/seo\/ -->\n<title>Pr\u00e1cticas y rituales para el fracaso reiterativo. 2\u00aa Edici\u00f3n - Catalogo | Letrame Grupo Editorial<\/title>\n<meta name=\"robots\" content=\"index, follow, max-snippet:-1, max-image-preview:large, max-video-preview:-1\" \/>\n<link rel=\"canonical\" href=\"https:\/\/letrame.com\/catalogo\/producto\/practicas-y-rituales-para-el-fracaso-reiterativo-2a-edicion\/\" \/>\n<meta property=\"og:locale\" content=\"es_ES\" \/>\n<meta property=\"og:type\" content=\"article\" \/>\n<meta property=\"og:title\" content=\"Pr\u00e1cticas y rituales para el fracaso reiterativo. 2\u00aa Edici\u00f3n - Catalogo | Letrame Grupo Editorial\" \/>\n<meta property=\"og:description\" content=\"ISBN: 9791370540708  SINOPSIS  Juantonio G\u00f3ngora nos lleva de la mano por los senderos m\u00e1s sombr\u00edos de la experiencia humana, donde el fracaso se presenta como una parte esencial de la vida.  Este libro es una colecci\u00f3n de poemas y reflexiones que retratan a aquellos que se enfrentan constantemente a la derrota y siguen adelante, mostrando la lucha interna y los desaf\u00edos que enfrentamos todos.  G\u00f3ngora demuestra una gran capacidad para jugar con el lenguaje y las estructuras narrativas, creando una obra que es tanto una confesi\u00f3n personal como un comentario universal sobre la condici\u00f3n humana. Cada parte del libro act\u00faa como un espejo que refleja los aspectos m\u00e1s dif\u00edciles de nuestra psicolog\u00eda y nuestras relaciones.  Pr\u00e1cticas y rituales para el fracaso reiterativo es una obra que destaca por su profundidad emocional y su estilo \u00fanico. El autor ha creado un texto que est\u00e1 lleno de vida y verdad, ofreciendo una ventana honesta y po\u00e9tica a la complejidad de la experiencia humana.  &nbsp;\" \/>\n<meta property=\"og:url\" content=\"https:\/\/letrame.com\/catalogo\/producto\/practicas-y-rituales-para-el-fracaso-reiterativo-2a-edicion\/\" \/>\n<meta property=\"og:site_name\" content=\"Catalogo | Letrame Grupo Editorial\" \/>\n<meta property=\"article:modified_time\" content=\"2026-04-14T14:56:07+00:00\" \/>\n<meta property=\"og:image\" content=\"https:\/\/letrame.com\/catalogo\/wp-content\/uploads\/2026\/04\/Captura-de-pantalla-2026-04-14-165447.jpg\" \/>\n\t<meta property=\"og:image:width\" content=\"893\" \/>\n\t<meta property=\"og:image:height\" content=\"1308\" \/>\n\t<meta property=\"og:image:type\" content=\"image\/jpeg\" \/>\n<meta name=\"twitter:card\" content=\"summary_large_image\" \/>\n<meta name=\"twitter:label1\" content=\"Tiempo de lectura\" \/>\n\t<meta name=\"twitter:data1\" content=\"2 minutos\" \/>\n<script type=\"application\/ld+json\" class=\"yoast-schema-graph\">{\"@context\":\"https:\/\/schema.org\",\"@graph\":[{\"@type\":\"WebPage\",\"@id\":\"https:\/\/letrame.com\/catalogo\/producto\/practicas-y-rituales-para-el-fracaso-reiterativo-2a-edicion\/\",\"url\":\"https:\/\/letrame.com\/catalogo\/producto\/practicas-y-rituales-para-el-fracaso-reiterativo-2a-edicion\/\",\"name\":\"Pr\u00e1cticas y rituales para el fracaso reiterativo. 2\u00aa Edici\u00f3n - Catalogo | Letrame Grupo Editorial\",\"isPartOf\":{\"@id\":\"https:\/\/letrame.com\/catalogo\/#website\"},\"primaryImageOfPage\":{\"@id\":\"https:\/\/letrame.com\/catalogo\/producto\/practicas-y-rituales-para-el-fracaso-reiterativo-2a-edicion\/#primaryimage\"},\"image\":{\"@id\":\"https:\/\/letrame.com\/catalogo\/producto\/practicas-y-rituales-para-el-fracaso-reiterativo-2a-edicion\/#primaryimage\"},\"thumbnailUrl\":\"https:\/\/letrame.com\/catalogo\/wp-content\/uploads\/2026\/04\/Captura-de-pantalla-2026-04-14-165447.jpg\",\"datePublished\":\"2026-04-14T14:56:06+00:00\",\"dateModified\":\"2026-04-14T14:56:07+00:00\",\"breadcrumb\":{\"@id\":\"https:\/\/letrame.com\/catalogo\/producto\/practicas-y-rituales-para-el-fracaso-reiterativo-2a-edicion\/#breadcrumb\"},\"inLanguage\":\"es\",\"potentialAction\":[{\"@type\":\"ReadAction\",\"target\":[\"https:\/\/letrame.com\/catalogo\/producto\/practicas-y-rituales-para-el-fracaso-reiterativo-2a-edicion\/\"]}]},{\"@type\":\"ImageObject\",\"inLanguage\":\"es\",\"@id\":\"https:\/\/letrame.com\/catalogo\/producto\/practicas-y-rituales-para-el-fracaso-reiterativo-2a-edicion\/#primaryimage\",\"url\":\"https:\/\/letrame.com\/catalogo\/wp-content\/uploads\/2026\/04\/Captura-de-pantalla-2026-04-14-165447.jpg\",\"contentUrl\":\"https:\/\/letrame.com\/catalogo\/wp-content\/uploads\/2026\/04\/Captura-de-pantalla-2026-04-14-165447.jpg\",\"width\":893,\"height\":1308},{\"@type\":\"BreadcrumbList\",\"@id\":\"https:\/\/letrame.com\/catalogo\/producto\/practicas-y-rituales-para-el-fracaso-reiterativo-2a-edicion\/#breadcrumb\",\"itemListElement\":[{\"@type\":\"ListItem\",\"position\":1,\"name\":\"Portada\",\"item\":\"https:\/\/letrame.com\/catalogo\/\"},{\"@type\":\"ListItem\",\"position\":2,\"name\":\"Cat\u00e1logo\",\"item\":\"https:\/\/letrame.com\/catalogo\/\"},{\"@type\":\"ListItem\",\"position\":3,\"name\":\"Pr\u00e1cticas y rituales para el fracaso reiterativo. 2\u00aa Edici\u00f3n\"}]},{\"@type\":\"WebSite\",\"@id\":\"https:\/\/letrame.com\/catalogo\/#website\",\"url\":\"https:\/\/letrame.com\/catalogo\/\",\"name\":\"Catalogo | Letrame Grupo Editorial\",\"description\":\"\",\"publisher\":{\"@id\":\"https:\/\/letrame.com\/catalogo\/#organization\"},\"potentialAction\":[{\"@type\":\"SearchAction\",\"target\":{\"@type\":\"EntryPoint\",\"urlTemplate\":\"https:\/\/letrame.com\/catalogo\/?s={search_term_string}\"},\"query-input\":{\"@type\":\"PropertyValueSpecification\",\"valueRequired\":true,\"valueName\":\"search_term_string\"}}],\"inLanguage\":\"es\"},{\"@type\":\"Organization\",\"@id\":\"https:\/\/letrame.com\/catalogo\/#organization\",\"name\":\"Catalogo | Letrame Grupo Editorial\",\"url\":\"https:\/\/letrame.com\/catalogo\/\",\"logo\":{\"@type\":\"ImageObject\",\"inLanguage\":\"es\",\"@id\":\"https:\/\/letrame.com\/catalogo\/#\/schema\/logo\/image\/\",\"url\":\"https:\/\/letrame.com\/catalogo\/wp-content\/uploads\/2024\/03\/logo2.webp\",\"contentUrl\":\"https:\/\/letrame.com\/catalogo\/wp-content\/uploads\/2024\/03\/logo2.webp\",\"width\":394,\"height\":128,\"caption\":\"Catalogo | Letrame Grupo Editorial\"},\"image\":{\"@id\":\"https:\/\/letrame.com\/catalogo\/#\/schema\/logo\/image\/\"}}]}<\/script>\n<!-- \/ Yoast SEO plugin. -->","yoast_head_json":{"title":"Pr\u00e1cticas y rituales para el fracaso reiterativo. 2\u00aa Edici\u00f3n - Catalogo | Letrame Grupo Editorial","robots":{"index":"index","follow":"follow","max-snippet":"max-snippet:-1","max-image-preview":"max-image-preview:large","max-video-preview":"max-video-preview:-1"},"canonical":"https:\/\/letrame.com\/catalogo\/producto\/practicas-y-rituales-para-el-fracaso-reiterativo-2a-edicion\/","og_locale":"es_ES","og_type":"article","og_title":"Pr\u00e1cticas y rituales para el fracaso reiterativo. 2\u00aa Edici\u00f3n - Catalogo | Letrame Grupo Editorial","og_description":"ISBN: 9791370540708  SINOPSIS  Juantonio G\u00f3ngora nos lleva de la mano por los senderos m\u00e1s sombr\u00edos de la experiencia humana, donde el fracaso se presenta como una parte esencial de la vida.  Este libro es una colecci\u00f3n de poemas y reflexiones que retratan a aquellos que se enfrentan constantemente a la derrota y siguen adelante, mostrando la lucha interna y los desaf\u00edos que enfrentamos todos.  G\u00f3ngora demuestra una gran capacidad para jugar con el lenguaje y las estructuras narrativas, creando una obra que es tanto una confesi\u00f3n personal como un comentario universal sobre la condici\u00f3n humana. Cada parte del libro act\u00faa como un espejo que refleja los aspectos m\u00e1s dif\u00edciles de nuestra psicolog\u00eda y nuestras relaciones.  Pr\u00e1cticas y rituales para el fracaso reiterativo es una obra que destaca por su profundidad emocional y su estilo \u00fanico. El autor ha creado un texto que est\u00e1 lleno de vida y verdad, ofreciendo una ventana honesta y po\u00e9tica a la complejidad de la experiencia humana.  &nbsp;","og_url":"https:\/\/letrame.com\/catalogo\/producto\/practicas-y-rituales-para-el-fracaso-reiterativo-2a-edicion\/","og_site_name":"Catalogo | Letrame Grupo Editorial","article_modified_time":"2026-04-14T14:56:07+00:00","og_image":[{"width":893,"height":1308,"url":"https:\/\/letrame.com\/catalogo\/wp-content\/uploads\/2026\/04\/Captura-de-pantalla-2026-04-14-165447.jpg","type":"image\/jpeg"}],"twitter_card":"summary_large_image","twitter_misc":{"Tiempo de lectura":"2 minutos"},"schema":{"@context":"https:\/\/schema.org","@graph":[{"@type":"WebPage","@id":"https:\/\/letrame.com\/catalogo\/producto\/practicas-y-rituales-para-el-fracaso-reiterativo-2a-edicion\/","url":"https:\/\/letrame.com\/catalogo\/producto\/practicas-y-rituales-para-el-fracaso-reiterativo-2a-edicion\/","name":"Pr\u00e1cticas y rituales para el fracaso reiterativo. 2\u00aa Edici\u00f3n - Catalogo | Letrame Grupo Editorial","isPartOf":{"@id":"https:\/\/letrame.com\/catalogo\/#website"},"primaryImageOfPage":{"@id":"https:\/\/letrame.com\/catalogo\/producto\/practicas-y-rituales-para-el-fracaso-reiterativo-2a-edicion\/#primaryimage"},"image":{"@id":"https:\/\/letrame.com\/catalogo\/producto\/practicas-y-rituales-para-el-fracaso-reiterativo-2a-edicion\/#primaryimage"},"thumbnailUrl":"https:\/\/letrame.com\/catalogo\/wp-content\/uploads\/2026\/04\/Captura-de-pantalla-2026-04-14-165447.jpg","datePublished":"2026-04-14T14:56:06+00:00","dateModified":"2026-04-14T14:56:07+00:00","breadcrumb":{"@id":"https:\/\/letrame.com\/catalogo\/producto\/practicas-y-rituales-para-el-fracaso-reiterativo-2a-edicion\/#breadcrumb"},"inLanguage":"es","potentialAction":[{"@type":"ReadAction","target":["https:\/\/letrame.com\/catalogo\/producto\/practicas-y-rituales-para-el-fracaso-reiterativo-2a-edicion\/"]}]},{"@type":"ImageObject","inLanguage":"es","@id":"https:\/\/letrame.com\/catalogo\/producto\/practicas-y-rituales-para-el-fracaso-reiterativo-2a-edicion\/#primaryimage","url":"https:\/\/letrame.com\/catalogo\/wp-content\/uploads\/2026\/04\/Captura-de-pantalla-2026-04-14-165447.jpg","contentUrl":"https:\/\/letrame.com\/catalogo\/wp-content\/uploads\/2026\/04\/Captura-de-pantalla-2026-04-14-165447.jpg","width":893,"height":1308},{"@type":"BreadcrumbList","@id":"https:\/\/letrame.com\/catalogo\/producto\/practicas-y-rituales-para-el-fracaso-reiterativo-2a-edicion\/#breadcrumb","itemListElement":[{"@type":"ListItem","position":1,"name":"Portada","item":"https:\/\/letrame.com\/catalogo\/"},{"@type":"ListItem","position":2,"name":"Cat\u00e1logo","item":"https:\/\/letrame.com\/catalogo\/"},{"@type":"ListItem","position":3,"name":"Pr\u00e1cticas y rituales para el fracaso reiterativo. 2\u00aa Edici\u00f3n"}]},{"@type":"WebSite","@id":"https:\/\/letrame.com\/catalogo\/#website","url":"https:\/\/letrame.com\/catalogo\/","name":"Catalogo | Letrame Grupo Editorial","description":"","publisher":{"@id":"https:\/\/letrame.com\/catalogo\/#organization"},"potentialAction":[{"@type":"SearchAction","target":{"@type":"EntryPoint","urlTemplate":"https:\/\/letrame.com\/catalogo\/?s={search_term_string}"},"query-input":{"@type":"PropertyValueSpecification","valueRequired":true,"valueName":"search_term_string"}}],"inLanguage":"es"},{"@type":"Organization","@id":"https:\/\/letrame.com\/catalogo\/#organization","name":"Catalogo | Letrame Grupo Editorial","url":"https:\/\/letrame.com\/catalogo\/","logo":{"@type":"ImageObject","inLanguage":"es","@id":"https:\/\/letrame.com\/catalogo\/#\/schema\/logo\/image\/","url":"https:\/\/letrame.com\/catalogo\/wp-content\/uploads\/2024\/03\/logo2.webp","contentUrl":"https:\/\/letrame.com\/catalogo\/wp-content\/uploads\/2024\/03\/logo2.webp","width":394,"height":128,"caption":"Catalogo | Letrame Grupo Editorial"},"image":{"@id":"https:\/\/letrame.com\/catalogo\/#\/schema\/logo\/image\/"}}]}},"_links":{"self":[{"href":"https:\/\/letrame.com\/catalogo\/wp-json\/wp\/v2\/product\/112255","targetHints":{"allow":["GET"]}}],"collection":[{"href":"https:\/\/letrame.com\/catalogo\/wp-json\/wp\/v2\/product"}],"about":[{"href":"https:\/\/letrame.com\/catalogo\/wp-json\/wp\/v2\/types\/product"}],"replies":[{"embeddable":true,"href":"https:\/\/letrame.com\/catalogo\/wp-json\/wp\/v2\/comments?post=112255"}],"acf:post":[{"embeddable":true,"href":"https:\/\/letrame.com\/catalogo\/wp-json\/wp\/v2\/author_book\/112256"}],"wp:featuredmedia":[{"embeddable":true,"href":"https:\/\/letrame.com\/catalogo\/wp-json\/wp\/v2\/media\/112259"}],"wp:attachment":[{"href":"https:\/\/letrame.com\/catalogo\/wp-json\/wp\/v2\/media?parent=112255"}],"wp:term":[{"taxonomy":"libro","embeddable":true,"href":"https:\/\/letrame.com\/catalogo\/wp-json\/wp\/v2\/libro?post=112255"},{"taxonomy":"product_brand","embeddable":true,"href":"https:\/\/letrame.com\/catalogo\/wp-json\/wp\/v2\/product_brand?post=112255"},{"taxonomy":"product_cat","embeddable":true,"href":"https:\/\/letrame.com\/catalogo\/wp-json\/wp\/v2\/product_cat?post=112255"},{"taxonomy":"product_tag","embeddable":true,"href":"https:\/\/letrame.com\/catalogo\/wp-json\/wp\/v2\/product_tag?post=112255"}],"curies":[{"name":"wp","href":"https:\/\/api.w.org\/{rel}","templated":true}]}}