{"id":112242,"date":"2026-04-14T16:34:53","date_gmt":"2026-04-14T14:34:53","guid":{"rendered":"https:\/\/letrame.com\/catalogo\/?post_type=product&#038;p=112242"},"modified":"2026-04-14T16:34:54","modified_gmt":"2026-04-14T14:34:54","slug":"el-gozo-del-cielo-y-los-suenos-del-infierno","status":"publish","type":"product","link":"https:\/\/letrame.com\/catalogo\/producto\/el-gozo-del-cielo-y-los-suenos-del-infierno\/","title":{"rendered":"El gozo del cielo y los sue\u00f1os del infierno"},"content":{"rendered":"<p><strong>ISBN: 9791370297688<\/strong><br \/>\n<strong>T\u00edtulo: El gozo del cielo y los sue\u00f1os del infierno<\/strong><br \/>\n<strong>Fecha: 2025<\/strong><br \/>\n<strong>P\u00e1ginas: 248<\/strong><\/p>\n<p><strong>SINOPSIS<\/strong><\/p>\n<p>La vida de una familia durante tres generaciones se sucede a lo largo de los \u00faltimos siglos de la historia de Espa\u00f1a. Durante la primera etapa, enmarcada en la Primera Rep\u00fablica, la lucha por los derechos de la mujer viene representada por Benita. Quien recibe maltrato por parte de su marido y acaba encarcelada.<br \/>\nSeguidamente se desarrolla la vida de Benita y su hijo Vicente. Otra v\u00edctima del padre que tambi\u00e9n sufrir\u00e1 los efectos de su continuo atropello.<br \/>\nEl hijo se ver\u00e1 envuelto en problemas que le conducen a un segundo en-cierro. Ahora el marco hist\u00f3rico ser\u00e1 el reinado de Alfonso XIII y la \u00e9poca de la Restauraci\u00f3n.<br \/>\nEn una tercera etapa y en pleno franquismo, Irene, nieta de Benita e hija de Vicente, tampoco escapa al sino familiar y su vida se ver\u00e1 trastocada por la p\u00e9rdida de libertad. Trabaja como psic\u00f3loga en un sanatorio en el que ingresan personas que quebrantaron la ley por problemas mentales. En la espaciosa, laber\u00edntica y extensa cripta del sanatorio, conocido como Anfiteatro, se ubica el palacio de la baron\u00eda de Casa Negra.<br \/>\nDon Ram\u00f3n, el bar\u00f3n y propietario del sanatorio, ejerce simult\u00e1neamente como psiquiatra y utiliza m\u00e9todos represivos.<br \/>\nA su vez, Irene inicia un v\u00ednculo afectivo y de amistad con un compa\u00f1ero de trabajo. Su b\u00fasqueda espiritual y el anhelo de un cambio interior que ilumine el drama familiar, liga a sus almas en un proceso de despertar de conciencia. El suspense y una psicolog\u00eda \u00abtranspersonal\u00bb que converge con una profunda interpretaci\u00f3n de las ense\u00f1anzas de Jes\u00fas, hacen de esta obra una apasionante mezcla de trama y ensayo. El gozo del cielo representa la felicidad obtenida mediante la sanaci\u00f3n del alma y la conexi\u00f3n con el mundo superior. Y los sue\u00f1os del infierno, se refieren al dolor y sufrimiento.<\/p>\n","protected":false},"excerpt":{"rendered":"<p><strong>ISBN: 9791370297688<\/strong><\/p>\n<p><strong>SINOPSIS<\/strong><\/p>\n<p>La vida de una familia durante tres generaciones se sucede a lo largo de los \u00faltimos siglos de la historia de Espa\u00f1a. Durante la primera etapa, enmarcada en la Primera Rep\u00fablica, la lucha por los derechos de la mujer viene representada por Benita. Quien recibe maltrato por parte de su marido y acaba encarcelada.<br \/>\nSeguidamente se desarrolla la vida de Benita y su hijo Vicente. Otra v\u00edctima del padre que tambi\u00e9n sufrir\u00e1 los efectos de su continuo atropello.<br \/>\nEl hijo se ver\u00e1 envuelto en problemas que le conducen a un segundo en-cierro. Ahora el marco hist\u00f3rico ser\u00e1 el reinado de Alfonso XIII y la \u00e9poca de la Restauraci\u00f3n.<br \/>\nEn una tercera etapa y en pleno franquismo, Irene, nieta de Benita e hija de Vicente, tampoco escapa al sino familiar y su vida se ver\u00e1 trastocada por la p\u00e9rdida de libertad. Trabaja como psic\u00f3loga en un sanatorio en el que ingresan personas que quebrantaron la ley por problemas mentales. En la espaciosa, laber\u00edntica y extensa cripta del sanatorio, conocido como Anfiteatro, se ubica el palacio de la baron\u00eda de Casa Negra.<br \/>\nDon Ram\u00f3n, el bar\u00f3n y propietario del sanatorio, ejerce simult\u00e1neamente como psiquiatra y utiliza m\u00e9todos represivos.<br \/>\nA su vez, Irene inicia un v\u00ednculo afectivo y de amistad con un compa\u00f1ero de trabajo. Su b\u00fasqueda espiritual y el anhelo de un cambio interior que ilumine el drama familiar, liga a sus almas en un proceso de despertar de conciencia. El suspense y una psicolog\u00eda \u00abtranspersonal\u00bb que converge con una profunda interpretaci\u00f3n de las ense\u00f1anzas de Jes\u00fas, hacen de esta obra una apasionante mezcla de trama y ensayo. El gozo del cielo representa la felicidad obtenida mediante la sanaci\u00f3n del alma y la conexi\u00f3n con el mundo superior. Y los sue\u00f1os del infierno, se refieren al dolor y sufrimiento.<\/p>\n","protected":false},"featured_media":112246,"comment_status":"open","ping_status":"closed","template":"","meta":{"_acf_changed":false},"libro":[],"product_brand":[],"product_cat":[144],"product_tag":[],"class_list":{"0":"post-112242","1":"product","2":"type-product","3":"status-publish","4":"has-post-thumbnail","6":"product_cat-misterio","8":"first","9":"instock","10":"shipping-taxable","11":"product-type-simple"},"acf":{"autor":[112243],"enlace_de_compra":"https:\/\/amzn.to\/4t69hbb"},"yoast_head":"<!-- This site is optimized with the Yoast SEO plugin v26.6 - https:\/\/yoast.com\/wordpress\/plugins\/seo\/ -->\n<title>El gozo del cielo y los sue\u00f1os del infierno - Catalogo | Letrame Grupo Editorial<\/title>\n<meta name=\"robots\" content=\"index, follow, max-snippet:-1, max-image-preview:large, max-video-preview:-1\" \/>\n<link rel=\"canonical\" href=\"https:\/\/letrame.com\/catalogo\/producto\/el-gozo-del-cielo-y-los-suenos-del-infierno\/\" \/>\n<meta property=\"og:locale\" content=\"es_ES\" \/>\n<meta property=\"og:type\" content=\"article\" \/>\n<meta property=\"og:title\" content=\"El gozo del cielo y los sue\u00f1os del infierno - Catalogo | Letrame Grupo Editorial\" \/>\n<meta property=\"og:description\" content=\"ISBN: 9791370297688  SINOPSIS  La vida de una familia durante tres generaciones se sucede a lo largo de los \u00faltimos siglos de la historia de Espa\u00f1a. Durante la primera etapa, enmarcada en la Primera Rep\u00fablica, la lucha por los derechos de la mujer viene representada por Benita. Quien recibe maltrato por parte de su marido y acaba encarcelada. Seguidamente se desarrolla la vida de Benita y su hijo Vicente. Otra v\u00edctima del padre que tambi\u00e9n sufrir\u00e1 los efectos de su continuo atropello. El hijo se ver\u00e1 envuelto en problemas que le conducen a un segundo en-cierro. Ahora el marco hist\u00f3rico ser\u00e1 el reinado de Alfonso XIII y la \u00e9poca de la Restauraci\u00f3n. En una tercera etapa y en pleno franquismo, Irene, nieta de Benita e hija de Vicente, tampoco escapa al sino familiar y su vida se ver\u00e1 trastocada por la p\u00e9rdida de libertad. Trabaja como psic\u00f3loga en un sanatorio en el que ingresan personas que quebrantaron la ley por problemas mentales. En la espaciosa, laber\u00edntica y extensa cripta del sanatorio, conocido como Anfiteatro, se ubica el palacio de la baron\u00eda de Casa Negra. Don Ram\u00f3n, el bar\u00f3n y propietario del sanatorio, ejerce simult\u00e1neamente como psiquiatra y utiliza m\u00e9todos represivos. A su vez, Irene inicia un v\u00ednculo afectivo y de amistad con un compa\u00f1ero de trabajo. Su b\u00fasqueda espiritual y el anhelo de un cambio interior que ilumine el drama familiar, liga a sus almas en un proceso de despertar de conciencia. El suspense y una psicolog\u00eda &quot;transpersonal&quot; que converge con una profunda interpretaci\u00f3n de las ense\u00f1anzas de Jes\u00fas, hacen de esta obra una apasionante mezcla de trama y ensayo. El gozo del cielo representa la felicidad obtenida mediante la sanaci\u00f3n del alma y la conexi\u00f3n con el mundo superior. Y los sue\u00f1os del infierno, se refieren al dolor y sufrimiento.\" \/>\n<meta property=\"og:url\" content=\"https:\/\/letrame.com\/catalogo\/producto\/el-gozo-del-cielo-y-los-suenos-del-infierno\/\" \/>\n<meta property=\"og:site_name\" content=\"Catalogo | Letrame Grupo Editorial\" \/>\n<meta property=\"article:modified_time\" content=\"2026-04-14T14:34:54+00:00\" \/>\n<meta property=\"og:image\" content=\"https:\/\/letrame.com\/catalogo\/wp-content\/uploads\/2026\/04\/Elgozoenelcielo_1233mm4.jpg\" \/>\n\t<meta property=\"og:image:width\" content=\"620\" \/>\n\t<meta property=\"og:image:height\" content=\"909\" \/>\n\t<meta property=\"og:image:type\" content=\"image\/jpeg\" \/>\n<meta name=\"twitter:card\" content=\"summary_large_image\" \/>\n<meta name=\"twitter:label1\" content=\"Tiempo de lectura\" \/>\n\t<meta name=\"twitter:data1\" content=\"2 minutos\" \/>\n<script type=\"application\/ld+json\" class=\"yoast-schema-graph\">{\"@context\":\"https:\/\/schema.org\",\"@graph\":[{\"@type\":\"WebPage\",\"@id\":\"https:\/\/letrame.com\/catalogo\/producto\/el-gozo-del-cielo-y-los-suenos-del-infierno\/\",\"url\":\"https:\/\/letrame.com\/catalogo\/producto\/el-gozo-del-cielo-y-los-suenos-del-infierno\/\",\"name\":\"El gozo del cielo y los sue\u00f1os del infierno - Catalogo | Letrame Grupo Editorial\",\"isPartOf\":{\"@id\":\"https:\/\/letrame.com\/catalogo\/#website\"},\"primaryImageOfPage\":{\"@id\":\"https:\/\/letrame.com\/catalogo\/producto\/el-gozo-del-cielo-y-los-suenos-del-infierno\/#primaryimage\"},\"image\":{\"@id\":\"https:\/\/letrame.com\/catalogo\/producto\/el-gozo-del-cielo-y-los-suenos-del-infierno\/#primaryimage\"},\"thumbnailUrl\":\"https:\/\/letrame.com\/catalogo\/wp-content\/uploads\/2026\/04\/Elgozoenelcielo_1233mm4.jpg\",\"datePublished\":\"2026-04-14T14:34:53+00:00\",\"dateModified\":\"2026-04-14T14:34:54+00:00\",\"breadcrumb\":{\"@id\":\"https:\/\/letrame.com\/catalogo\/producto\/el-gozo-del-cielo-y-los-suenos-del-infierno\/#breadcrumb\"},\"inLanguage\":\"es\",\"potentialAction\":[{\"@type\":\"ReadAction\",\"target\":[\"https:\/\/letrame.com\/catalogo\/producto\/el-gozo-del-cielo-y-los-suenos-del-infierno\/\"]}]},{\"@type\":\"ImageObject\",\"inLanguage\":\"es\",\"@id\":\"https:\/\/letrame.com\/catalogo\/producto\/el-gozo-del-cielo-y-los-suenos-del-infierno\/#primaryimage\",\"url\":\"https:\/\/letrame.com\/catalogo\/wp-content\/uploads\/2026\/04\/Elgozoenelcielo_1233mm4.jpg\",\"contentUrl\":\"https:\/\/letrame.com\/catalogo\/wp-content\/uploads\/2026\/04\/Elgozoenelcielo_1233mm4.jpg\",\"width\":620,\"height\":909},{\"@type\":\"BreadcrumbList\",\"@id\":\"https:\/\/letrame.com\/catalogo\/producto\/el-gozo-del-cielo-y-los-suenos-del-infierno\/#breadcrumb\",\"itemListElement\":[{\"@type\":\"ListItem\",\"position\":1,\"name\":\"Portada\",\"item\":\"https:\/\/letrame.com\/catalogo\/\"},{\"@type\":\"ListItem\",\"position\":2,\"name\":\"Cat\u00e1logo\",\"item\":\"https:\/\/letrame.com\/catalogo\/\"},{\"@type\":\"ListItem\",\"position\":3,\"name\":\"El gozo del cielo y los sue\u00f1os del infierno\"}]},{\"@type\":\"WebSite\",\"@id\":\"https:\/\/letrame.com\/catalogo\/#website\",\"url\":\"https:\/\/letrame.com\/catalogo\/\",\"name\":\"Catalogo | Letrame Grupo Editorial\",\"description\":\"\",\"publisher\":{\"@id\":\"https:\/\/letrame.com\/catalogo\/#organization\"},\"potentialAction\":[{\"@type\":\"SearchAction\",\"target\":{\"@type\":\"EntryPoint\",\"urlTemplate\":\"https:\/\/letrame.com\/catalogo\/?s={search_term_string}\"},\"query-input\":{\"@type\":\"PropertyValueSpecification\",\"valueRequired\":true,\"valueName\":\"search_term_string\"}}],\"inLanguage\":\"es\"},{\"@type\":\"Organization\",\"@id\":\"https:\/\/letrame.com\/catalogo\/#organization\",\"name\":\"Catalogo | Letrame Grupo Editorial\",\"url\":\"https:\/\/letrame.com\/catalogo\/\",\"logo\":{\"@type\":\"ImageObject\",\"inLanguage\":\"es\",\"@id\":\"https:\/\/letrame.com\/catalogo\/#\/schema\/logo\/image\/\",\"url\":\"https:\/\/letrame.com\/catalogo\/wp-content\/uploads\/2024\/03\/logo2.webp\",\"contentUrl\":\"https:\/\/letrame.com\/catalogo\/wp-content\/uploads\/2024\/03\/logo2.webp\",\"width\":394,\"height\":128,\"caption\":\"Catalogo | Letrame Grupo Editorial\"},\"image\":{\"@id\":\"https:\/\/letrame.com\/catalogo\/#\/schema\/logo\/image\/\"}}]}<\/script>\n<!-- \/ Yoast SEO plugin. -->","yoast_head_json":{"title":"El gozo del cielo y los sue\u00f1os del infierno - Catalogo | Letrame Grupo Editorial","robots":{"index":"index","follow":"follow","max-snippet":"max-snippet:-1","max-image-preview":"max-image-preview:large","max-video-preview":"max-video-preview:-1"},"canonical":"https:\/\/letrame.com\/catalogo\/producto\/el-gozo-del-cielo-y-los-suenos-del-infierno\/","og_locale":"es_ES","og_type":"article","og_title":"El gozo del cielo y los sue\u00f1os del infierno - Catalogo | Letrame Grupo Editorial","og_description":"ISBN: 9791370297688  SINOPSIS  La vida de una familia durante tres generaciones se sucede a lo largo de los \u00faltimos siglos de la historia de Espa\u00f1a. Durante la primera etapa, enmarcada en la Primera Rep\u00fablica, la lucha por los derechos de la mujer viene representada por Benita. Quien recibe maltrato por parte de su marido y acaba encarcelada. Seguidamente se desarrolla la vida de Benita y su hijo Vicente. Otra v\u00edctima del padre que tambi\u00e9n sufrir\u00e1 los efectos de su continuo atropello. El hijo se ver\u00e1 envuelto en problemas que le conducen a un segundo en-cierro. Ahora el marco hist\u00f3rico ser\u00e1 el reinado de Alfonso XIII y la \u00e9poca de la Restauraci\u00f3n. En una tercera etapa y en pleno franquismo, Irene, nieta de Benita e hija de Vicente, tampoco escapa al sino familiar y su vida se ver\u00e1 trastocada por la p\u00e9rdida de libertad. Trabaja como psic\u00f3loga en un sanatorio en el que ingresan personas que quebrantaron la ley por problemas mentales. En la espaciosa, laber\u00edntica y extensa cripta del sanatorio, conocido como Anfiteatro, se ubica el palacio de la baron\u00eda de Casa Negra. Don Ram\u00f3n, el bar\u00f3n y propietario del sanatorio, ejerce simult\u00e1neamente como psiquiatra y utiliza m\u00e9todos represivos. A su vez, Irene inicia un v\u00ednculo afectivo y de amistad con un compa\u00f1ero de trabajo. Su b\u00fasqueda espiritual y el anhelo de un cambio interior que ilumine el drama familiar, liga a sus almas en un proceso de despertar de conciencia. El suspense y una psicolog\u00eda \"transpersonal\" que converge con una profunda interpretaci\u00f3n de las ense\u00f1anzas de Jes\u00fas, hacen de esta obra una apasionante mezcla de trama y ensayo. El gozo del cielo representa la felicidad obtenida mediante la sanaci\u00f3n del alma y la conexi\u00f3n con el mundo superior. Y los sue\u00f1os del infierno, se refieren al dolor y sufrimiento.","og_url":"https:\/\/letrame.com\/catalogo\/producto\/el-gozo-del-cielo-y-los-suenos-del-infierno\/","og_site_name":"Catalogo | Letrame Grupo Editorial","article_modified_time":"2026-04-14T14:34:54+00:00","og_image":[{"width":620,"height":909,"url":"https:\/\/letrame.com\/catalogo\/wp-content\/uploads\/2026\/04\/Elgozoenelcielo_1233mm4.jpg","type":"image\/jpeg"}],"twitter_card":"summary_large_image","twitter_misc":{"Tiempo de lectura":"2 minutos"},"schema":{"@context":"https:\/\/schema.org","@graph":[{"@type":"WebPage","@id":"https:\/\/letrame.com\/catalogo\/producto\/el-gozo-del-cielo-y-los-suenos-del-infierno\/","url":"https:\/\/letrame.com\/catalogo\/producto\/el-gozo-del-cielo-y-los-suenos-del-infierno\/","name":"El gozo del cielo y los sue\u00f1os del infierno - Catalogo | Letrame Grupo Editorial","isPartOf":{"@id":"https:\/\/letrame.com\/catalogo\/#website"},"primaryImageOfPage":{"@id":"https:\/\/letrame.com\/catalogo\/producto\/el-gozo-del-cielo-y-los-suenos-del-infierno\/#primaryimage"},"image":{"@id":"https:\/\/letrame.com\/catalogo\/producto\/el-gozo-del-cielo-y-los-suenos-del-infierno\/#primaryimage"},"thumbnailUrl":"https:\/\/letrame.com\/catalogo\/wp-content\/uploads\/2026\/04\/Elgozoenelcielo_1233mm4.jpg","datePublished":"2026-04-14T14:34:53+00:00","dateModified":"2026-04-14T14:34:54+00:00","breadcrumb":{"@id":"https:\/\/letrame.com\/catalogo\/producto\/el-gozo-del-cielo-y-los-suenos-del-infierno\/#breadcrumb"},"inLanguage":"es","potentialAction":[{"@type":"ReadAction","target":["https:\/\/letrame.com\/catalogo\/producto\/el-gozo-del-cielo-y-los-suenos-del-infierno\/"]}]},{"@type":"ImageObject","inLanguage":"es","@id":"https:\/\/letrame.com\/catalogo\/producto\/el-gozo-del-cielo-y-los-suenos-del-infierno\/#primaryimage","url":"https:\/\/letrame.com\/catalogo\/wp-content\/uploads\/2026\/04\/Elgozoenelcielo_1233mm4.jpg","contentUrl":"https:\/\/letrame.com\/catalogo\/wp-content\/uploads\/2026\/04\/Elgozoenelcielo_1233mm4.jpg","width":620,"height":909},{"@type":"BreadcrumbList","@id":"https:\/\/letrame.com\/catalogo\/producto\/el-gozo-del-cielo-y-los-suenos-del-infierno\/#breadcrumb","itemListElement":[{"@type":"ListItem","position":1,"name":"Portada","item":"https:\/\/letrame.com\/catalogo\/"},{"@type":"ListItem","position":2,"name":"Cat\u00e1logo","item":"https:\/\/letrame.com\/catalogo\/"},{"@type":"ListItem","position":3,"name":"El gozo del cielo y los sue\u00f1os del infierno"}]},{"@type":"WebSite","@id":"https:\/\/letrame.com\/catalogo\/#website","url":"https:\/\/letrame.com\/catalogo\/","name":"Catalogo | Letrame Grupo Editorial","description":"","publisher":{"@id":"https:\/\/letrame.com\/catalogo\/#organization"},"potentialAction":[{"@type":"SearchAction","target":{"@type":"EntryPoint","urlTemplate":"https:\/\/letrame.com\/catalogo\/?s={search_term_string}"},"query-input":{"@type":"PropertyValueSpecification","valueRequired":true,"valueName":"search_term_string"}}],"inLanguage":"es"},{"@type":"Organization","@id":"https:\/\/letrame.com\/catalogo\/#organization","name":"Catalogo | Letrame Grupo Editorial","url":"https:\/\/letrame.com\/catalogo\/","logo":{"@type":"ImageObject","inLanguage":"es","@id":"https:\/\/letrame.com\/catalogo\/#\/schema\/logo\/image\/","url":"https:\/\/letrame.com\/catalogo\/wp-content\/uploads\/2024\/03\/logo2.webp","contentUrl":"https:\/\/letrame.com\/catalogo\/wp-content\/uploads\/2024\/03\/logo2.webp","width":394,"height":128,"caption":"Catalogo | Letrame Grupo Editorial"},"image":{"@id":"https:\/\/letrame.com\/catalogo\/#\/schema\/logo\/image\/"}}]}},"_links":{"self":[{"href":"https:\/\/letrame.com\/catalogo\/wp-json\/wp\/v2\/product\/112242","targetHints":{"allow":["GET"]}}],"collection":[{"href":"https:\/\/letrame.com\/catalogo\/wp-json\/wp\/v2\/product"}],"about":[{"href":"https:\/\/letrame.com\/catalogo\/wp-json\/wp\/v2\/types\/product"}],"replies":[{"embeddable":true,"href":"https:\/\/letrame.com\/catalogo\/wp-json\/wp\/v2\/comments?post=112242"}],"acf:post":[{"embeddable":true,"href":"https:\/\/letrame.com\/catalogo\/wp-json\/wp\/v2\/author_book\/112243"}],"wp:featuredmedia":[{"embeddable":true,"href":"https:\/\/letrame.com\/catalogo\/wp-json\/wp\/v2\/media\/112246"}],"wp:attachment":[{"href":"https:\/\/letrame.com\/catalogo\/wp-json\/wp\/v2\/media?parent=112242"}],"wp:term":[{"taxonomy":"libro","embeddable":true,"href":"https:\/\/letrame.com\/catalogo\/wp-json\/wp\/v2\/libro?post=112242"},{"taxonomy":"product_brand","embeddable":true,"href":"https:\/\/letrame.com\/catalogo\/wp-json\/wp\/v2\/product_brand?post=112242"},{"taxonomy":"product_cat","embeddable":true,"href":"https:\/\/letrame.com\/catalogo\/wp-json\/wp\/v2\/product_cat?post=112242"},{"taxonomy":"product_tag","embeddable":true,"href":"https:\/\/letrame.com\/catalogo\/wp-json\/wp\/v2\/product_tag?post=112242"}],"curies":[{"name":"wp","href":"https:\/\/api.w.org\/{rel}","templated":true}]}}