{"id":112236,"date":"2026-04-14T16:28:12","date_gmt":"2026-04-14T14:28:12","guid":{"rendered":"https:\/\/letrame.com\/catalogo\/?post_type=product&#038;p=112236"},"modified":"2026-04-14T16:28:12","modified_gmt":"2026-04-14T14:28:12","slug":"de-la-penumbra-a-la-luz-2a-edicion","status":"publish","type":"product","link":"https:\/\/letrame.com\/catalogo\/producto\/de-la-penumbra-a-la-luz-2a-edicion\/","title":{"rendered":"De la penumbra a la luz. 2\u00aa Edici\u00f3n"},"content":{"rendered":"<p><strong>ISBN: 9791370540401<\/strong><br \/>\n<strong>T\u00edtulo: De la penumbra a la luz. 2\u00aa Edici\u00f3n<\/strong><br \/>\n<strong>Fecha: 2025<\/strong><br \/>\n<strong>P\u00e1ginas: 234<\/strong><\/p>\n<p><strong>SINOPSIS<\/strong><\/p>\n<p>\u00bfQu\u00e9 ocurre cuando el dolor se convierte en palabra y la oscuridad en camino hacia la sanaci\u00f3n?<\/p>\n<p>En De la penumbra a la luz, la autora nos invita a recorrer un viaje \u00edntimo y profundamente humano por los laberintos del duelo, el trauma, la p\u00e9rdida, la ansiedad y el miedo, hasta alcanzar la claridad interior y la esperanza. A trav\u00e9s de textos breves, honestos y cargados de sensibilidad, este libro se convierte en un faro para quienes transitan momentos dif\u00edciles y buscan reencontrarse con su propia luz.<\/p>\n<p>No es solo un libro para leer, sino para sentir, subrayar y volver a visitar. Una obra escrita desde el coraz\u00f3n que acompa\u00f1a, abraza y da voz a lo que muchas veces no sabemos c\u00f3mo expresar. Una gu\u00eda emocional y espiritual para transformar la herida en fuerza, el silencio en palabra, y la sombra en luz.<\/p>\n<p>Una lectura que conmueve y acompa\u00f1a, pensada para quienes buscan sentido, consuelo y belleza en medio de la adversidad.<\/p>\n","protected":false},"excerpt":{"rendered":"<p><strong>ISBN: 9791370540401<\/strong><\/p>\n<p><strong>SINOPSIS<\/strong><\/p>\n<p>\u00bfQu\u00e9 ocurre cuando el dolor se convierte en palabra y la oscuridad en camino hacia la sanaci\u00f3n?<\/p>\n<p>En De la penumbra a la luz, la autora nos invita a recorrer un viaje \u00edntimo y profundamente humano por los laberintos del duelo, el trauma, la p\u00e9rdida, la ansiedad y el miedo, hasta alcanzar la claridad interior y la esperanza. A trav\u00e9s de textos breves, honestos y cargados de sensibilidad, este libro se convierte en un faro para quienes transitan momentos dif\u00edciles y buscan reencontrarse con su propia luz.<\/p>\n<p>No es solo un libro para leer, sino para sentir, subrayar y volver a visitar. Una obra escrita desde el coraz\u00f3n que acompa\u00f1a, abraza y da voz a lo que muchas veces no sabemos c\u00f3mo expresar. Una gu\u00eda emocional y espiritual para transformar la herida en fuerza, el silencio en palabra, y la sombra en luz.<\/p>\n<p>Una lectura que conmueve y acompa\u00f1a, pensada para quienes buscan sentido, consuelo y belleza en medio de la adversidad.<\/p>\n","protected":false},"featured_media":112240,"comment_status":"open","ping_status":"closed","template":"","meta":{"_acf_changed":false},"libro":[],"product_brand":[],"product_cat":[133],"product_tag":[],"class_list":{"0":"post-112236","1":"product","2":"type-product","3":"status-publish","4":"has-post-thumbnail","6":"product_cat-no-ficcion","8":"first","9":"instock","10":"shipping-taxable","11":"product-type-simple"},"acf":{"autor":[112237],"enlace_de_compra":"https:\/\/amzn.to\/4emFC93"},"yoast_head":"<!-- This site is optimized with the Yoast SEO plugin v26.6 - https:\/\/yoast.com\/wordpress\/plugins\/seo\/ -->\n<title>De la penumbra a la luz. 2\u00aa Edici\u00f3n - Catalogo | Letrame Grupo Editorial<\/title>\n<meta name=\"robots\" content=\"index, follow, max-snippet:-1, max-image-preview:large, max-video-preview:-1\" \/>\n<link rel=\"canonical\" href=\"https:\/\/letrame.com\/catalogo\/producto\/de-la-penumbra-a-la-luz-2a-edicion\/\" \/>\n<meta property=\"og:locale\" content=\"es_ES\" \/>\n<meta property=\"og:type\" content=\"article\" \/>\n<meta property=\"og:title\" content=\"De la penumbra a la luz. 2\u00aa Edici\u00f3n - Catalogo | Letrame Grupo Editorial\" \/>\n<meta property=\"og:description\" content=\"ISBN: 9791370540401  SINOPSIS  \u00bfQu\u00e9 ocurre cuando el dolor se convierte en palabra y la oscuridad en camino hacia la sanaci\u00f3n?  En De la penumbra a la luz, la autora nos invita a recorrer un viaje \u00edntimo y profundamente humano por los laberintos del duelo, el trauma, la p\u00e9rdida, la ansiedad y el miedo, hasta alcanzar la claridad interior y la esperanza. A trav\u00e9s de textos breves, honestos y cargados de sensibilidad, este libro se convierte en un faro para quienes transitan momentos dif\u00edciles y buscan reencontrarse con su propia luz.  No es solo un libro para leer, sino para sentir, subrayar y volver a visitar. Una obra escrita desde el coraz\u00f3n que acompa\u00f1a, abraza y da voz a lo que muchas veces no sabemos c\u00f3mo expresar. Una gu\u00eda emocional y espiritual para transformar la herida en fuerza, el silencio en palabra, y la sombra en luz.  Una lectura que conmueve y acompa\u00f1a, pensada para quienes buscan sentido, consuelo y belleza en medio de la adversidad.\" \/>\n<meta property=\"og:url\" content=\"https:\/\/letrame.com\/catalogo\/producto\/de-la-penumbra-a-la-luz-2a-edicion\/\" \/>\n<meta property=\"og:site_name\" content=\"Catalogo | Letrame Grupo Editorial\" \/>\n<meta property=\"og:image\" content=\"https:\/\/letrame.com\/catalogo\/wp-content\/uploads\/2026\/04\/Delapenumbraalaluz_1168mm4.jpg\" \/>\n\t<meta property=\"og:image:width\" content=\"1024\" \/>\n\t<meta property=\"og:image:height\" content=\"1496\" \/>\n\t<meta property=\"og:image:type\" content=\"image\/jpeg\" \/>\n<meta name=\"twitter:card\" content=\"summary_large_image\" \/>\n<meta name=\"twitter:label1\" content=\"Tiempo de lectura\" \/>\n\t<meta name=\"twitter:data1\" content=\"1 minuto\" \/>\n<script type=\"application\/ld+json\" class=\"yoast-schema-graph\">{\"@context\":\"https:\/\/schema.org\",\"@graph\":[{\"@type\":\"WebPage\",\"@id\":\"https:\/\/letrame.com\/catalogo\/producto\/de-la-penumbra-a-la-luz-2a-edicion\/\",\"url\":\"https:\/\/letrame.com\/catalogo\/producto\/de-la-penumbra-a-la-luz-2a-edicion\/\",\"name\":\"De la penumbra a la luz. 2\u00aa Edici\u00f3n - Catalogo | Letrame Grupo Editorial\",\"isPartOf\":{\"@id\":\"https:\/\/letrame.com\/catalogo\/#website\"},\"primaryImageOfPage\":{\"@id\":\"https:\/\/letrame.com\/catalogo\/producto\/de-la-penumbra-a-la-luz-2a-edicion\/#primaryimage\"},\"image\":{\"@id\":\"https:\/\/letrame.com\/catalogo\/producto\/de-la-penumbra-a-la-luz-2a-edicion\/#primaryimage\"},\"thumbnailUrl\":\"https:\/\/letrame.com\/catalogo\/wp-content\/uploads\/2026\/04\/Delapenumbraalaluz_1168mm4.jpg\",\"datePublished\":\"2026-04-14T14:28:12+00:00\",\"breadcrumb\":{\"@id\":\"https:\/\/letrame.com\/catalogo\/producto\/de-la-penumbra-a-la-luz-2a-edicion\/#breadcrumb\"},\"inLanguage\":\"es\",\"potentialAction\":[{\"@type\":\"ReadAction\",\"target\":[\"https:\/\/letrame.com\/catalogo\/producto\/de-la-penumbra-a-la-luz-2a-edicion\/\"]}]},{\"@type\":\"ImageObject\",\"inLanguage\":\"es\",\"@id\":\"https:\/\/letrame.com\/catalogo\/producto\/de-la-penumbra-a-la-luz-2a-edicion\/#primaryimage\",\"url\":\"https:\/\/letrame.com\/catalogo\/wp-content\/uploads\/2026\/04\/Delapenumbraalaluz_1168mm4.jpg\",\"contentUrl\":\"https:\/\/letrame.com\/catalogo\/wp-content\/uploads\/2026\/04\/Delapenumbraalaluz_1168mm4.jpg\",\"width\":1024,\"height\":1496},{\"@type\":\"BreadcrumbList\",\"@id\":\"https:\/\/letrame.com\/catalogo\/producto\/de-la-penumbra-a-la-luz-2a-edicion\/#breadcrumb\",\"itemListElement\":[{\"@type\":\"ListItem\",\"position\":1,\"name\":\"Portada\",\"item\":\"https:\/\/letrame.com\/catalogo\/\"},{\"@type\":\"ListItem\",\"position\":2,\"name\":\"Cat\u00e1logo\",\"item\":\"https:\/\/letrame.com\/catalogo\/\"},{\"@type\":\"ListItem\",\"position\":3,\"name\":\"De la penumbra a la luz. 2\u00aa Edici\u00f3n\"}]},{\"@type\":\"WebSite\",\"@id\":\"https:\/\/letrame.com\/catalogo\/#website\",\"url\":\"https:\/\/letrame.com\/catalogo\/\",\"name\":\"Catalogo | Letrame Grupo Editorial\",\"description\":\"\",\"publisher\":{\"@id\":\"https:\/\/letrame.com\/catalogo\/#organization\"},\"potentialAction\":[{\"@type\":\"SearchAction\",\"target\":{\"@type\":\"EntryPoint\",\"urlTemplate\":\"https:\/\/letrame.com\/catalogo\/?s={search_term_string}\"},\"query-input\":{\"@type\":\"PropertyValueSpecification\",\"valueRequired\":true,\"valueName\":\"search_term_string\"}}],\"inLanguage\":\"es\"},{\"@type\":\"Organization\",\"@id\":\"https:\/\/letrame.com\/catalogo\/#organization\",\"name\":\"Catalogo | Letrame Grupo Editorial\",\"url\":\"https:\/\/letrame.com\/catalogo\/\",\"logo\":{\"@type\":\"ImageObject\",\"inLanguage\":\"es\",\"@id\":\"https:\/\/letrame.com\/catalogo\/#\/schema\/logo\/image\/\",\"url\":\"https:\/\/letrame.com\/catalogo\/wp-content\/uploads\/2024\/03\/logo2.webp\",\"contentUrl\":\"https:\/\/letrame.com\/catalogo\/wp-content\/uploads\/2024\/03\/logo2.webp\",\"width\":394,\"height\":128,\"caption\":\"Catalogo | Letrame Grupo Editorial\"},\"image\":{\"@id\":\"https:\/\/letrame.com\/catalogo\/#\/schema\/logo\/image\/\"}}]}<\/script>\n<!-- \/ Yoast SEO plugin. -->","yoast_head_json":{"title":"De la penumbra a la luz. 2\u00aa Edici\u00f3n - Catalogo | Letrame Grupo Editorial","robots":{"index":"index","follow":"follow","max-snippet":"max-snippet:-1","max-image-preview":"max-image-preview:large","max-video-preview":"max-video-preview:-1"},"canonical":"https:\/\/letrame.com\/catalogo\/producto\/de-la-penumbra-a-la-luz-2a-edicion\/","og_locale":"es_ES","og_type":"article","og_title":"De la penumbra a la luz. 2\u00aa Edici\u00f3n - Catalogo | Letrame Grupo Editorial","og_description":"ISBN: 9791370540401  SINOPSIS  \u00bfQu\u00e9 ocurre cuando el dolor se convierte en palabra y la oscuridad en camino hacia la sanaci\u00f3n?  En De la penumbra a la luz, la autora nos invita a recorrer un viaje \u00edntimo y profundamente humano por los laberintos del duelo, el trauma, la p\u00e9rdida, la ansiedad y el miedo, hasta alcanzar la claridad interior y la esperanza. A trav\u00e9s de textos breves, honestos y cargados de sensibilidad, este libro se convierte en un faro para quienes transitan momentos dif\u00edciles y buscan reencontrarse con su propia luz.  No es solo un libro para leer, sino para sentir, subrayar y volver a visitar. Una obra escrita desde el coraz\u00f3n que acompa\u00f1a, abraza y da voz a lo que muchas veces no sabemos c\u00f3mo expresar. Una gu\u00eda emocional y espiritual para transformar la herida en fuerza, el silencio en palabra, y la sombra en luz.  Una lectura que conmueve y acompa\u00f1a, pensada para quienes buscan sentido, consuelo y belleza en medio de la adversidad.","og_url":"https:\/\/letrame.com\/catalogo\/producto\/de-la-penumbra-a-la-luz-2a-edicion\/","og_site_name":"Catalogo | Letrame Grupo Editorial","og_image":[{"width":1024,"height":1496,"url":"https:\/\/letrame.com\/catalogo\/wp-content\/uploads\/2026\/04\/Delapenumbraalaluz_1168mm4.jpg","type":"image\/jpeg"}],"twitter_card":"summary_large_image","twitter_misc":{"Tiempo de lectura":"1 minuto"},"schema":{"@context":"https:\/\/schema.org","@graph":[{"@type":"WebPage","@id":"https:\/\/letrame.com\/catalogo\/producto\/de-la-penumbra-a-la-luz-2a-edicion\/","url":"https:\/\/letrame.com\/catalogo\/producto\/de-la-penumbra-a-la-luz-2a-edicion\/","name":"De la penumbra a la luz. 2\u00aa Edici\u00f3n - Catalogo | Letrame Grupo Editorial","isPartOf":{"@id":"https:\/\/letrame.com\/catalogo\/#website"},"primaryImageOfPage":{"@id":"https:\/\/letrame.com\/catalogo\/producto\/de-la-penumbra-a-la-luz-2a-edicion\/#primaryimage"},"image":{"@id":"https:\/\/letrame.com\/catalogo\/producto\/de-la-penumbra-a-la-luz-2a-edicion\/#primaryimage"},"thumbnailUrl":"https:\/\/letrame.com\/catalogo\/wp-content\/uploads\/2026\/04\/Delapenumbraalaluz_1168mm4.jpg","datePublished":"2026-04-14T14:28:12+00:00","breadcrumb":{"@id":"https:\/\/letrame.com\/catalogo\/producto\/de-la-penumbra-a-la-luz-2a-edicion\/#breadcrumb"},"inLanguage":"es","potentialAction":[{"@type":"ReadAction","target":["https:\/\/letrame.com\/catalogo\/producto\/de-la-penumbra-a-la-luz-2a-edicion\/"]}]},{"@type":"ImageObject","inLanguage":"es","@id":"https:\/\/letrame.com\/catalogo\/producto\/de-la-penumbra-a-la-luz-2a-edicion\/#primaryimage","url":"https:\/\/letrame.com\/catalogo\/wp-content\/uploads\/2026\/04\/Delapenumbraalaluz_1168mm4.jpg","contentUrl":"https:\/\/letrame.com\/catalogo\/wp-content\/uploads\/2026\/04\/Delapenumbraalaluz_1168mm4.jpg","width":1024,"height":1496},{"@type":"BreadcrumbList","@id":"https:\/\/letrame.com\/catalogo\/producto\/de-la-penumbra-a-la-luz-2a-edicion\/#breadcrumb","itemListElement":[{"@type":"ListItem","position":1,"name":"Portada","item":"https:\/\/letrame.com\/catalogo\/"},{"@type":"ListItem","position":2,"name":"Cat\u00e1logo","item":"https:\/\/letrame.com\/catalogo\/"},{"@type":"ListItem","position":3,"name":"De la penumbra a la luz. 2\u00aa Edici\u00f3n"}]},{"@type":"WebSite","@id":"https:\/\/letrame.com\/catalogo\/#website","url":"https:\/\/letrame.com\/catalogo\/","name":"Catalogo | Letrame Grupo Editorial","description":"","publisher":{"@id":"https:\/\/letrame.com\/catalogo\/#organization"},"potentialAction":[{"@type":"SearchAction","target":{"@type":"EntryPoint","urlTemplate":"https:\/\/letrame.com\/catalogo\/?s={search_term_string}"},"query-input":{"@type":"PropertyValueSpecification","valueRequired":true,"valueName":"search_term_string"}}],"inLanguage":"es"},{"@type":"Organization","@id":"https:\/\/letrame.com\/catalogo\/#organization","name":"Catalogo | Letrame Grupo Editorial","url":"https:\/\/letrame.com\/catalogo\/","logo":{"@type":"ImageObject","inLanguage":"es","@id":"https:\/\/letrame.com\/catalogo\/#\/schema\/logo\/image\/","url":"https:\/\/letrame.com\/catalogo\/wp-content\/uploads\/2024\/03\/logo2.webp","contentUrl":"https:\/\/letrame.com\/catalogo\/wp-content\/uploads\/2024\/03\/logo2.webp","width":394,"height":128,"caption":"Catalogo | Letrame Grupo Editorial"},"image":{"@id":"https:\/\/letrame.com\/catalogo\/#\/schema\/logo\/image\/"}}]}},"_links":{"self":[{"href":"https:\/\/letrame.com\/catalogo\/wp-json\/wp\/v2\/product\/112236","targetHints":{"allow":["GET"]}}],"collection":[{"href":"https:\/\/letrame.com\/catalogo\/wp-json\/wp\/v2\/product"}],"about":[{"href":"https:\/\/letrame.com\/catalogo\/wp-json\/wp\/v2\/types\/product"}],"replies":[{"embeddable":true,"href":"https:\/\/letrame.com\/catalogo\/wp-json\/wp\/v2\/comments?post=112236"}],"acf:post":[{"embeddable":true,"href":"https:\/\/letrame.com\/catalogo\/wp-json\/wp\/v2\/author_book\/112237"}],"wp:featuredmedia":[{"embeddable":true,"href":"https:\/\/letrame.com\/catalogo\/wp-json\/wp\/v2\/media\/112240"}],"wp:attachment":[{"href":"https:\/\/letrame.com\/catalogo\/wp-json\/wp\/v2\/media?parent=112236"}],"wp:term":[{"taxonomy":"libro","embeddable":true,"href":"https:\/\/letrame.com\/catalogo\/wp-json\/wp\/v2\/libro?post=112236"},{"taxonomy":"product_brand","embeddable":true,"href":"https:\/\/letrame.com\/catalogo\/wp-json\/wp\/v2\/product_brand?post=112236"},{"taxonomy":"product_cat","embeddable":true,"href":"https:\/\/letrame.com\/catalogo\/wp-json\/wp\/v2\/product_cat?post=112236"},{"taxonomy":"product_tag","embeddable":true,"href":"https:\/\/letrame.com\/catalogo\/wp-json\/wp\/v2\/product_tag?post=112236"}],"curies":[{"name":"wp","href":"https:\/\/api.w.org\/{rel}","templated":true}]}}