{"id":112230,"date":"2026-04-14T16:22:13","date_gmt":"2026-04-14T14:22:13","guid":{"rendered":"https:\/\/letrame.com\/catalogo\/?post_type=product&#038;p=112230"},"modified":"2026-04-14T16:22:14","modified_gmt":"2026-04-14T14:22:14","slug":"cilipuchi","status":"publish","type":"product","link":"https:\/\/letrame.com\/catalogo\/producto\/cilipuchi\/","title":{"rendered":"Cilipuch\u00ed"},"content":{"rendered":"<p><strong>ISBN: 9791370296995<\/strong><br \/>\n<strong>T\u00edtulo: Cilipuch\u00ed<\/strong><br \/>\n<strong>Fecha: 2025<\/strong><br \/>\n<strong>P\u00e1ginas: 210<\/strong><\/p>\n<p><strong>SINOPSIS<\/strong><\/p>\n<p>\u00bfEst\u00e1s preparado para emprender un viaje fant\u00e1stico a un pa\u00eds desconocido? \u00bfNadie te ha hablado de Cilipuch\u00ed?&#8230;<br \/>\n\u00c1nimo, desc\u00fabrelo; ma\u00f1ana puede ser demasiado tarde.<br \/>\nNo traigas equipaje ni ideas preconcebidas. En su idiosincrasia descubrir\u00e1s la importancia de las cosas que desde\u00f1aste. Piensa:<br \/>\n\u00bffue orgullo, rebeld\u00eda o impericia&#8230;?<br \/>\nCilipuch\u00ed es un contenedor infinito de seres fant\u00e1sticos, amores perdidos, amigos del ayer&#8230; Vivencias y recuerdos que tuviste entre las manos y se escurrieron hasta perderse en la sima de un universo insondable.<br \/>\nA veces, en determinados trances de la vida, rondamos sus fronteras o nos adentramos cohibidos en sus abruptas calles buscando recuerdos.<br \/>\nNo rastrees sus coordenadas en el navegador de tu vida. Su ubicaci\u00f3n es imprevisible, variable. Pero ten la certeza de que, al igual que el protagonista de esta historia, cuando menos lo esperes pasear\u00e1s sus calles.<br \/>\nTen cuidado: no todos consiguen salir.<\/p>\n","protected":false},"excerpt":{"rendered":"<p><strong>ISBN: 9791370296995<\/strong><\/p>\n<p><strong>SINOPSIS<\/strong><\/p>\n<p>\u00bfEst\u00e1s preparado para emprender un viaje fant\u00e1stico a un pa\u00eds desconocido? \u00bfNadie te ha hablado de Cilipuch\u00ed?&#8230;<br \/>\n\u00c1nimo, desc\u00fabrelo; ma\u00f1ana puede ser demasiado tarde.<br \/>\nNo traigas equipaje ni ideas preconcebidas. En su idiosincrasia descubrir\u00e1s la importancia de las cosas que desde\u00f1aste. Piensa:<br \/>\n\u00bffue orgullo, rebeld\u00eda o impericia&#8230;?<br \/>\nCilipuch\u00ed es un contenedor infinito de seres fant\u00e1sticos, amores perdidos, amigos del ayer&#8230; Vivencias y recuerdos que tuviste entre las manos y se escurrieron hasta perderse en la sima de un universo insondable.<br \/>\nA veces, en determinados trances de la vida, rondamos sus fronteras o nos adentramos cohibidos en sus abruptas calles buscando recuerdos.<br \/>\nNo rastrees sus coordenadas en el navegador de tu vida. Su ubicaci\u00f3n es imprevisible, variable. Pero ten la certeza de que, al igual que el protagonista de esta historia, cuando menos lo esperes pasear\u00e1s sus calles.<br \/>\nTen cuidado: no todos consiguen salir.<\/p>\n","protected":false},"featured_media":112234,"comment_status":"open","ping_status":"closed","template":"","meta":{"_acf_changed":false},"libro":[],"product_brand":[],"product_cat":[136],"product_tag":[],"class_list":{"0":"post-112230","1":"product","2":"type-product","3":"status-publish","4":"has-post-thumbnail","6":"product_cat-realismo-magico","8":"first","9":"instock","10":"shipping-taxable","11":"product-type-simple"},"acf":{"autor":[112231],"enlace_de_compra":"https:\/\/amzn.to\/4crlFvk"},"yoast_head":"<!-- This site is optimized with the Yoast SEO plugin v26.6 - https:\/\/yoast.com\/wordpress\/plugins\/seo\/ -->\n<title>Cilipuch\u00ed - Catalogo | Letrame Grupo Editorial<\/title>\n<meta name=\"robots\" content=\"index, follow, max-snippet:-1, max-image-preview:large, max-video-preview:-1\" \/>\n<link rel=\"canonical\" href=\"https:\/\/letrame.com\/catalogo\/producto\/cilipuchi\/\" \/>\n<meta property=\"og:locale\" content=\"es_ES\" \/>\n<meta property=\"og:type\" content=\"article\" \/>\n<meta property=\"og:title\" content=\"Cilipuch\u00ed - Catalogo | Letrame Grupo Editorial\" \/>\n<meta property=\"og:description\" content=\"ISBN: 9791370296995  SINOPSIS  \u00bfEst\u00e1s preparado para emprender un viaje fant\u00e1stico a un pa\u00eds desconocido? \u00bfNadie te ha hablado de Cilipuch\u00ed?... \u00c1nimo, desc\u00fabrelo; ma\u00f1ana puede ser demasiado tarde. No traigas equipaje ni ideas preconcebidas. En su idiosincrasia descubrir\u00e1s la importancia de las cosas que desde\u00f1aste. Piensa: \u00bffue orgullo, rebeld\u00eda o impericia...? Cilipuch\u00ed es un contenedor infinito de seres fant\u00e1sticos, amores perdidos, amigos del ayer... Vivencias y recuerdos que tuviste entre las manos y se escurrieron hasta perderse en la sima de un universo insondable. A veces, en determinados trances de la vida, rondamos sus fronteras o nos adentramos cohibidos en sus abruptas calles buscando recuerdos. No rastrees sus coordenadas en el navegador de tu vida. Su ubicaci\u00f3n es imprevisible, variable. Pero ten la certeza de que, al igual que el protagonista de esta historia, cuando menos lo esperes pasear\u00e1s sus calles. Ten cuidado: no todos consiguen salir.\" \/>\n<meta property=\"og:url\" content=\"https:\/\/letrame.com\/catalogo\/producto\/cilipuchi\/\" \/>\n<meta property=\"og:site_name\" content=\"Catalogo | Letrame Grupo Editorial\" \/>\n<meta property=\"article:modified_time\" content=\"2026-04-14T14:22:14+00:00\" \/>\n<meta property=\"og:image\" content=\"https:\/\/letrame.com\/catalogo\/wp-content\/uploads\/2026\/04\/Cilipuchi_1048mm4.jpg\" \/>\n\t<meta property=\"og:image:width\" content=\"620\" \/>\n\t<meta property=\"og:image:height\" content=\"868\" \/>\n\t<meta property=\"og:image:type\" content=\"image\/jpeg\" \/>\n<meta name=\"twitter:card\" content=\"summary_large_image\" \/>\n<meta name=\"twitter:label1\" content=\"Tiempo de lectura\" \/>\n\t<meta name=\"twitter:data1\" content=\"1 minuto\" \/>\n<script type=\"application\/ld+json\" class=\"yoast-schema-graph\">{\"@context\":\"https:\/\/schema.org\",\"@graph\":[{\"@type\":\"WebPage\",\"@id\":\"https:\/\/letrame.com\/catalogo\/producto\/cilipuchi\/\",\"url\":\"https:\/\/letrame.com\/catalogo\/producto\/cilipuchi\/\",\"name\":\"Cilipuch\u00ed - Catalogo | Letrame Grupo Editorial\",\"isPartOf\":{\"@id\":\"https:\/\/letrame.com\/catalogo\/#website\"},\"primaryImageOfPage\":{\"@id\":\"https:\/\/letrame.com\/catalogo\/producto\/cilipuchi\/#primaryimage\"},\"image\":{\"@id\":\"https:\/\/letrame.com\/catalogo\/producto\/cilipuchi\/#primaryimage\"},\"thumbnailUrl\":\"https:\/\/letrame.com\/catalogo\/wp-content\/uploads\/2026\/04\/Cilipuchi_1048mm4.jpg\",\"datePublished\":\"2026-04-14T14:22:13+00:00\",\"dateModified\":\"2026-04-14T14:22:14+00:00\",\"breadcrumb\":{\"@id\":\"https:\/\/letrame.com\/catalogo\/producto\/cilipuchi\/#breadcrumb\"},\"inLanguage\":\"es\",\"potentialAction\":[{\"@type\":\"ReadAction\",\"target\":[\"https:\/\/letrame.com\/catalogo\/producto\/cilipuchi\/\"]}]},{\"@type\":\"ImageObject\",\"inLanguage\":\"es\",\"@id\":\"https:\/\/letrame.com\/catalogo\/producto\/cilipuchi\/#primaryimage\",\"url\":\"https:\/\/letrame.com\/catalogo\/wp-content\/uploads\/2026\/04\/Cilipuchi_1048mm4.jpg\",\"contentUrl\":\"https:\/\/letrame.com\/catalogo\/wp-content\/uploads\/2026\/04\/Cilipuchi_1048mm4.jpg\",\"width\":620,\"height\":868},{\"@type\":\"BreadcrumbList\",\"@id\":\"https:\/\/letrame.com\/catalogo\/producto\/cilipuchi\/#breadcrumb\",\"itemListElement\":[{\"@type\":\"ListItem\",\"position\":1,\"name\":\"Portada\",\"item\":\"https:\/\/letrame.com\/catalogo\/\"},{\"@type\":\"ListItem\",\"position\":2,\"name\":\"Cat\u00e1logo\",\"item\":\"https:\/\/letrame.com\/catalogo\/\"},{\"@type\":\"ListItem\",\"position\":3,\"name\":\"Cilipuch\u00ed\"}]},{\"@type\":\"WebSite\",\"@id\":\"https:\/\/letrame.com\/catalogo\/#website\",\"url\":\"https:\/\/letrame.com\/catalogo\/\",\"name\":\"Catalogo | Letrame Grupo Editorial\",\"description\":\"\",\"publisher\":{\"@id\":\"https:\/\/letrame.com\/catalogo\/#organization\"},\"potentialAction\":[{\"@type\":\"SearchAction\",\"target\":{\"@type\":\"EntryPoint\",\"urlTemplate\":\"https:\/\/letrame.com\/catalogo\/?s={search_term_string}\"},\"query-input\":{\"@type\":\"PropertyValueSpecification\",\"valueRequired\":true,\"valueName\":\"search_term_string\"}}],\"inLanguage\":\"es\"},{\"@type\":\"Organization\",\"@id\":\"https:\/\/letrame.com\/catalogo\/#organization\",\"name\":\"Catalogo | Letrame Grupo Editorial\",\"url\":\"https:\/\/letrame.com\/catalogo\/\",\"logo\":{\"@type\":\"ImageObject\",\"inLanguage\":\"es\",\"@id\":\"https:\/\/letrame.com\/catalogo\/#\/schema\/logo\/image\/\",\"url\":\"https:\/\/letrame.com\/catalogo\/wp-content\/uploads\/2024\/03\/logo2.webp\",\"contentUrl\":\"https:\/\/letrame.com\/catalogo\/wp-content\/uploads\/2024\/03\/logo2.webp\",\"width\":394,\"height\":128,\"caption\":\"Catalogo | Letrame Grupo Editorial\"},\"image\":{\"@id\":\"https:\/\/letrame.com\/catalogo\/#\/schema\/logo\/image\/\"}}]}<\/script>\n<!-- \/ Yoast SEO plugin. -->","yoast_head_json":{"title":"Cilipuch\u00ed - Catalogo | Letrame Grupo Editorial","robots":{"index":"index","follow":"follow","max-snippet":"max-snippet:-1","max-image-preview":"max-image-preview:large","max-video-preview":"max-video-preview:-1"},"canonical":"https:\/\/letrame.com\/catalogo\/producto\/cilipuchi\/","og_locale":"es_ES","og_type":"article","og_title":"Cilipuch\u00ed - Catalogo | Letrame Grupo Editorial","og_description":"ISBN: 9791370296995  SINOPSIS  \u00bfEst\u00e1s preparado para emprender un viaje fant\u00e1stico a un pa\u00eds desconocido? \u00bfNadie te ha hablado de Cilipuch\u00ed?... \u00c1nimo, desc\u00fabrelo; ma\u00f1ana puede ser demasiado tarde. No traigas equipaje ni ideas preconcebidas. En su idiosincrasia descubrir\u00e1s la importancia de las cosas que desde\u00f1aste. Piensa: \u00bffue orgullo, rebeld\u00eda o impericia...? Cilipuch\u00ed es un contenedor infinito de seres fant\u00e1sticos, amores perdidos, amigos del ayer... Vivencias y recuerdos que tuviste entre las manos y se escurrieron hasta perderse en la sima de un universo insondable. A veces, en determinados trances de la vida, rondamos sus fronteras o nos adentramos cohibidos en sus abruptas calles buscando recuerdos. No rastrees sus coordenadas en el navegador de tu vida. Su ubicaci\u00f3n es imprevisible, variable. Pero ten la certeza de que, al igual que el protagonista de esta historia, cuando menos lo esperes pasear\u00e1s sus calles. Ten cuidado: no todos consiguen salir.","og_url":"https:\/\/letrame.com\/catalogo\/producto\/cilipuchi\/","og_site_name":"Catalogo | Letrame Grupo Editorial","article_modified_time":"2026-04-14T14:22:14+00:00","og_image":[{"width":620,"height":868,"url":"https:\/\/letrame.com\/catalogo\/wp-content\/uploads\/2026\/04\/Cilipuchi_1048mm4.jpg","type":"image\/jpeg"}],"twitter_card":"summary_large_image","twitter_misc":{"Tiempo de lectura":"1 minuto"},"schema":{"@context":"https:\/\/schema.org","@graph":[{"@type":"WebPage","@id":"https:\/\/letrame.com\/catalogo\/producto\/cilipuchi\/","url":"https:\/\/letrame.com\/catalogo\/producto\/cilipuchi\/","name":"Cilipuch\u00ed - Catalogo | Letrame Grupo Editorial","isPartOf":{"@id":"https:\/\/letrame.com\/catalogo\/#website"},"primaryImageOfPage":{"@id":"https:\/\/letrame.com\/catalogo\/producto\/cilipuchi\/#primaryimage"},"image":{"@id":"https:\/\/letrame.com\/catalogo\/producto\/cilipuchi\/#primaryimage"},"thumbnailUrl":"https:\/\/letrame.com\/catalogo\/wp-content\/uploads\/2026\/04\/Cilipuchi_1048mm4.jpg","datePublished":"2026-04-14T14:22:13+00:00","dateModified":"2026-04-14T14:22:14+00:00","breadcrumb":{"@id":"https:\/\/letrame.com\/catalogo\/producto\/cilipuchi\/#breadcrumb"},"inLanguage":"es","potentialAction":[{"@type":"ReadAction","target":["https:\/\/letrame.com\/catalogo\/producto\/cilipuchi\/"]}]},{"@type":"ImageObject","inLanguage":"es","@id":"https:\/\/letrame.com\/catalogo\/producto\/cilipuchi\/#primaryimage","url":"https:\/\/letrame.com\/catalogo\/wp-content\/uploads\/2026\/04\/Cilipuchi_1048mm4.jpg","contentUrl":"https:\/\/letrame.com\/catalogo\/wp-content\/uploads\/2026\/04\/Cilipuchi_1048mm4.jpg","width":620,"height":868},{"@type":"BreadcrumbList","@id":"https:\/\/letrame.com\/catalogo\/producto\/cilipuchi\/#breadcrumb","itemListElement":[{"@type":"ListItem","position":1,"name":"Portada","item":"https:\/\/letrame.com\/catalogo\/"},{"@type":"ListItem","position":2,"name":"Cat\u00e1logo","item":"https:\/\/letrame.com\/catalogo\/"},{"@type":"ListItem","position":3,"name":"Cilipuch\u00ed"}]},{"@type":"WebSite","@id":"https:\/\/letrame.com\/catalogo\/#website","url":"https:\/\/letrame.com\/catalogo\/","name":"Catalogo | Letrame Grupo Editorial","description":"","publisher":{"@id":"https:\/\/letrame.com\/catalogo\/#organization"},"potentialAction":[{"@type":"SearchAction","target":{"@type":"EntryPoint","urlTemplate":"https:\/\/letrame.com\/catalogo\/?s={search_term_string}"},"query-input":{"@type":"PropertyValueSpecification","valueRequired":true,"valueName":"search_term_string"}}],"inLanguage":"es"},{"@type":"Organization","@id":"https:\/\/letrame.com\/catalogo\/#organization","name":"Catalogo | Letrame Grupo Editorial","url":"https:\/\/letrame.com\/catalogo\/","logo":{"@type":"ImageObject","inLanguage":"es","@id":"https:\/\/letrame.com\/catalogo\/#\/schema\/logo\/image\/","url":"https:\/\/letrame.com\/catalogo\/wp-content\/uploads\/2024\/03\/logo2.webp","contentUrl":"https:\/\/letrame.com\/catalogo\/wp-content\/uploads\/2024\/03\/logo2.webp","width":394,"height":128,"caption":"Catalogo | Letrame Grupo Editorial"},"image":{"@id":"https:\/\/letrame.com\/catalogo\/#\/schema\/logo\/image\/"}}]}},"_links":{"self":[{"href":"https:\/\/letrame.com\/catalogo\/wp-json\/wp\/v2\/product\/112230","targetHints":{"allow":["GET"]}}],"collection":[{"href":"https:\/\/letrame.com\/catalogo\/wp-json\/wp\/v2\/product"}],"about":[{"href":"https:\/\/letrame.com\/catalogo\/wp-json\/wp\/v2\/types\/product"}],"replies":[{"embeddable":true,"href":"https:\/\/letrame.com\/catalogo\/wp-json\/wp\/v2\/comments?post=112230"}],"acf:post":[{"embeddable":true,"href":"https:\/\/letrame.com\/catalogo\/wp-json\/wp\/v2\/author_book\/112231"}],"wp:featuredmedia":[{"embeddable":true,"href":"https:\/\/letrame.com\/catalogo\/wp-json\/wp\/v2\/media\/112234"}],"wp:attachment":[{"href":"https:\/\/letrame.com\/catalogo\/wp-json\/wp\/v2\/media?parent=112230"}],"wp:term":[{"taxonomy":"libro","embeddable":true,"href":"https:\/\/letrame.com\/catalogo\/wp-json\/wp\/v2\/libro?post=112230"},{"taxonomy":"product_brand","embeddable":true,"href":"https:\/\/letrame.com\/catalogo\/wp-json\/wp\/v2\/product_brand?post=112230"},{"taxonomy":"product_cat","embeddable":true,"href":"https:\/\/letrame.com\/catalogo\/wp-json\/wp\/v2\/product_cat?post=112230"},{"taxonomy":"product_tag","embeddable":true,"href":"https:\/\/letrame.com\/catalogo\/wp-json\/wp\/v2\/product_tag?post=112230"}],"curies":[{"name":"wp","href":"https:\/\/api.w.org\/{rel}","templated":true}]}}