{"id":112221,"date":"2026-04-14T16:15:00","date_gmt":"2026-04-14T14:15:00","guid":{"rendered":"https:\/\/letrame.com\/catalogo\/?post_type=product&#038;p=112221"},"modified":"2026-04-14T16:15:01","modified_gmt":"2026-04-14T14:15:01","slug":"los-enigmaticos-de-los-multiversos-i","status":"publish","type":"product","link":"https:\/\/letrame.com\/catalogo\/producto\/los-enigmaticos-de-los-multiversos-i\/","title":{"rendered":"Los enigm\u00e1ticos de los multiversos I"},"content":{"rendered":"<p><strong>ISBN: 9791370297428<br \/>\nT\u00edtulo: Los enigm\u00e1ticos de los multiversos I<br \/>\nFecha: 2025<br \/>\nP\u00e1ginas: 90<\/p>\n<p>SINOPSIS<\/strong><\/p>\n<p>Los enigm\u00e1ticos de los multiversos 1I: El misterio del cementerio tiene parte de misterio, parte de fantas\u00eda, parte de acci\u00f3n y parte de comedia.<br \/>\nLa historia va sobre unos gemelos muy traviesos que se enteran de que sus padres planean mudarse porque ocurre algo raro en el cementerio de su pueblo, y como no, deciden investigarlo. Como resultado de la investigaci\u00f3n descubren una gran verdad que hace que todo tenga sentido. Todo esto ocurre mientras notan que hay una serie de cosas extra\u00f1as que suceden en el cementerio.<\/p>\n","protected":false},"excerpt":{"rendered":"<p><strong>ISBN: 9791370297428<\/p>\n<p>SINOPSIS<\/strong><\/p>\n<p>Los enigm\u00e1ticos de los multiversos 1I: El misterio del cementerio tiene parte de misterio, parte de fantas\u00eda, parte de acci\u00f3n y parte de comedia.<br \/>\nLa historia va sobre unos gemelos muy traviesos que se enteran de que sus padres planean mudarse porque ocurre algo raro en el cementerio de su pueblo, y como no, deciden investigarlo. Como resultado de la investigaci\u00f3n descubren una gran verdad que hace que todo tenga sentido. Todo esto ocurre mientras notan que hay una serie de cosas extra\u00f1as que suceden en el cementerio.<\/p>\n","protected":false},"featured_media":112228,"comment_status":"open","ping_status":"closed","template":"","meta":{"_acf_changed":false},"libro":[],"product_brand":[],"product_cat":[17,134],"product_tag":[],"class_list":{"0":"post-112221","1":"product","2":"type-product","3":"status-publish","4":"has-post-thumbnail","6":"product_cat-infantil","7":"product_cat-juvenil","9":"first","10":"instock","11":"shipping-taxable","12":"product-type-simple"},"acf":{"autor":[112225],"enlace_de_compra":"https:\/\/amzn.to\/4tKnQ43"},"yoast_head":"<!-- This site is optimized with the Yoast SEO plugin v26.6 - https:\/\/yoast.com\/wordpress\/plugins\/seo\/ -->\n<title>Los enigm\u00e1ticos de los multiversos I - Catalogo | Letrame Grupo Editorial<\/title>\n<meta name=\"robots\" content=\"index, follow, max-snippet:-1, max-image-preview:large, max-video-preview:-1\" \/>\n<link rel=\"canonical\" href=\"https:\/\/letrame.com\/catalogo\/producto\/los-enigmaticos-de-los-multiversos-i\/\" \/>\n<meta property=\"og:locale\" content=\"es_ES\" \/>\n<meta property=\"og:type\" content=\"article\" \/>\n<meta property=\"og:title\" content=\"Los enigm\u00e1ticos de los multiversos I - Catalogo | Letrame Grupo Editorial\" \/>\n<meta property=\"og:description\" content=\"ISBN: 9791370297428  SINOPSIS  Los enigm\u00e1ticos de los multiversos 1I: El misterio del cementerio tiene parte de misterio, parte de fantas\u00eda, parte de acci\u00f3n y parte de comedia. La historia va sobre unos gemelos muy traviesos que se enteran de que sus padres planean mudarse porque ocurre algo raro en el cementerio de su pueblo, y como no, deciden investigarlo. Como resultado de la investigaci\u00f3n descubren una gran verdad que hace que todo tenga sentido. Todo esto ocurre mientras notan que hay una serie de cosas extra\u00f1as que suceden en el cementerio.\" \/>\n<meta property=\"og:url\" content=\"https:\/\/letrame.com\/catalogo\/producto\/los-enigmaticos-de-los-multiversos-i\/\" \/>\n<meta property=\"og:site_name\" content=\"Catalogo | Letrame Grupo Editorial\" \/>\n<meta property=\"article:modified_time\" content=\"2026-04-14T14:15:01+00:00\" \/>\n<meta property=\"og:image\" content=\"https:\/\/letrame.com\/catalogo\/wp-content\/uploads\/2026\/04\/losenigmaticos_476mm4.jpg\" \/>\n\t<meta property=\"og:image:width\" content=\"886\" \/>\n\t<meta property=\"og:image:height\" content=\"1240\" \/>\n\t<meta property=\"og:image:type\" content=\"image\/jpeg\" \/>\n<meta name=\"twitter:card\" content=\"summary_large_image\" \/>\n<meta name=\"twitter:label1\" content=\"Tiempo de lectura\" \/>\n\t<meta name=\"twitter:data1\" content=\"1 minuto\" \/>\n<script type=\"application\/ld+json\" class=\"yoast-schema-graph\">{\"@context\":\"https:\/\/schema.org\",\"@graph\":[{\"@type\":\"WebPage\",\"@id\":\"https:\/\/letrame.com\/catalogo\/producto\/los-enigmaticos-de-los-multiversos-i\/\",\"url\":\"https:\/\/letrame.com\/catalogo\/producto\/los-enigmaticos-de-los-multiversos-i\/\",\"name\":\"Los enigm\u00e1ticos de los multiversos I - Catalogo | Letrame Grupo Editorial\",\"isPartOf\":{\"@id\":\"https:\/\/letrame.com\/catalogo\/#website\"},\"primaryImageOfPage\":{\"@id\":\"https:\/\/letrame.com\/catalogo\/producto\/los-enigmaticos-de-los-multiversos-i\/#primaryimage\"},\"image\":{\"@id\":\"https:\/\/letrame.com\/catalogo\/producto\/los-enigmaticos-de-los-multiversos-i\/#primaryimage\"},\"thumbnailUrl\":\"https:\/\/letrame.com\/catalogo\/wp-content\/uploads\/2026\/04\/losenigmaticos_476mm4.jpg\",\"datePublished\":\"2026-04-14T14:15:00+00:00\",\"dateModified\":\"2026-04-14T14:15:01+00:00\",\"breadcrumb\":{\"@id\":\"https:\/\/letrame.com\/catalogo\/producto\/los-enigmaticos-de-los-multiversos-i\/#breadcrumb\"},\"inLanguage\":\"es\",\"potentialAction\":[{\"@type\":\"ReadAction\",\"target\":[\"https:\/\/letrame.com\/catalogo\/producto\/los-enigmaticos-de-los-multiversos-i\/\"]}]},{\"@type\":\"ImageObject\",\"inLanguage\":\"es\",\"@id\":\"https:\/\/letrame.com\/catalogo\/producto\/los-enigmaticos-de-los-multiversos-i\/#primaryimage\",\"url\":\"https:\/\/letrame.com\/catalogo\/wp-content\/uploads\/2026\/04\/losenigmaticos_476mm4.jpg\",\"contentUrl\":\"https:\/\/letrame.com\/catalogo\/wp-content\/uploads\/2026\/04\/losenigmaticos_476mm4.jpg\",\"width\":886,\"height\":1240},{\"@type\":\"BreadcrumbList\",\"@id\":\"https:\/\/letrame.com\/catalogo\/producto\/los-enigmaticos-de-los-multiversos-i\/#breadcrumb\",\"itemListElement\":[{\"@type\":\"ListItem\",\"position\":1,\"name\":\"Portada\",\"item\":\"https:\/\/letrame.com\/catalogo\/\"},{\"@type\":\"ListItem\",\"position\":2,\"name\":\"Cat\u00e1logo\",\"item\":\"https:\/\/letrame.com\/catalogo\/\"},{\"@type\":\"ListItem\",\"position\":3,\"name\":\"Los enigm\u00e1ticos de los multiversos I\"}]},{\"@type\":\"WebSite\",\"@id\":\"https:\/\/letrame.com\/catalogo\/#website\",\"url\":\"https:\/\/letrame.com\/catalogo\/\",\"name\":\"Catalogo | Letrame Grupo Editorial\",\"description\":\"\",\"publisher\":{\"@id\":\"https:\/\/letrame.com\/catalogo\/#organization\"},\"potentialAction\":[{\"@type\":\"SearchAction\",\"target\":{\"@type\":\"EntryPoint\",\"urlTemplate\":\"https:\/\/letrame.com\/catalogo\/?s={search_term_string}\"},\"query-input\":{\"@type\":\"PropertyValueSpecification\",\"valueRequired\":true,\"valueName\":\"search_term_string\"}}],\"inLanguage\":\"es\"},{\"@type\":\"Organization\",\"@id\":\"https:\/\/letrame.com\/catalogo\/#organization\",\"name\":\"Catalogo | Letrame Grupo Editorial\",\"url\":\"https:\/\/letrame.com\/catalogo\/\",\"logo\":{\"@type\":\"ImageObject\",\"inLanguage\":\"es\",\"@id\":\"https:\/\/letrame.com\/catalogo\/#\/schema\/logo\/image\/\",\"url\":\"https:\/\/letrame.com\/catalogo\/wp-content\/uploads\/2024\/03\/logo2.webp\",\"contentUrl\":\"https:\/\/letrame.com\/catalogo\/wp-content\/uploads\/2024\/03\/logo2.webp\",\"width\":394,\"height\":128,\"caption\":\"Catalogo | Letrame Grupo Editorial\"},\"image\":{\"@id\":\"https:\/\/letrame.com\/catalogo\/#\/schema\/logo\/image\/\"}}]}<\/script>\n<!-- \/ Yoast SEO plugin. -->","yoast_head_json":{"title":"Los enigm\u00e1ticos de los multiversos I - Catalogo | Letrame Grupo Editorial","robots":{"index":"index","follow":"follow","max-snippet":"max-snippet:-1","max-image-preview":"max-image-preview:large","max-video-preview":"max-video-preview:-1"},"canonical":"https:\/\/letrame.com\/catalogo\/producto\/los-enigmaticos-de-los-multiversos-i\/","og_locale":"es_ES","og_type":"article","og_title":"Los enigm\u00e1ticos de los multiversos I - Catalogo | Letrame Grupo Editorial","og_description":"ISBN: 9791370297428  SINOPSIS  Los enigm\u00e1ticos de los multiversos 1I: El misterio del cementerio tiene parte de misterio, parte de fantas\u00eda, parte de acci\u00f3n y parte de comedia. La historia va sobre unos gemelos muy traviesos que se enteran de que sus padres planean mudarse porque ocurre algo raro en el cementerio de su pueblo, y como no, deciden investigarlo. Como resultado de la investigaci\u00f3n descubren una gran verdad que hace que todo tenga sentido. Todo esto ocurre mientras notan que hay una serie de cosas extra\u00f1as que suceden en el cementerio.","og_url":"https:\/\/letrame.com\/catalogo\/producto\/los-enigmaticos-de-los-multiversos-i\/","og_site_name":"Catalogo | Letrame Grupo Editorial","article_modified_time":"2026-04-14T14:15:01+00:00","og_image":[{"width":886,"height":1240,"url":"https:\/\/letrame.com\/catalogo\/wp-content\/uploads\/2026\/04\/losenigmaticos_476mm4.jpg","type":"image\/jpeg"}],"twitter_card":"summary_large_image","twitter_misc":{"Tiempo de lectura":"1 minuto"},"schema":{"@context":"https:\/\/schema.org","@graph":[{"@type":"WebPage","@id":"https:\/\/letrame.com\/catalogo\/producto\/los-enigmaticos-de-los-multiversos-i\/","url":"https:\/\/letrame.com\/catalogo\/producto\/los-enigmaticos-de-los-multiversos-i\/","name":"Los enigm\u00e1ticos de los multiversos I - Catalogo | Letrame Grupo Editorial","isPartOf":{"@id":"https:\/\/letrame.com\/catalogo\/#website"},"primaryImageOfPage":{"@id":"https:\/\/letrame.com\/catalogo\/producto\/los-enigmaticos-de-los-multiversos-i\/#primaryimage"},"image":{"@id":"https:\/\/letrame.com\/catalogo\/producto\/los-enigmaticos-de-los-multiversos-i\/#primaryimage"},"thumbnailUrl":"https:\/\/letrame.com\/catalogo\/wp-content\/uploads\/2026\/04\/losenigmaticos_476mm4.jpg","datePublished":"2026-04-14T14:15:00+00:00","dateModified":"2026-04-14T14:15:01+00:00","breadcrumb":{"@id":"https:\/\/letrame.com\/catalogo\/producto\/los-enigmaticos-de-los-multiversos-i\/#breadcrumb"},"inLanguage":"es","potentialAction":[{"@type":"ReadAction","target":["https:\/\/letrame.com\/catalogo\/producto\/los-enigmaticos-de-los-multiversos-i\/"]}]},{"@type":"ImageObject","inLanguage":"es","@id":"https:\/\/letrame.com\/catalogo\/producto\/los-enigmaticos-de-los-multiversos-i\/#primaryimage","url":"https:\/\/letrame.com\/catalogo\/wp-content\/uploads\/2026\/04\/losenigmaticos_476mm4.jpg","contentUrl":"https:\/\/letrame.com\/catalogo\/wp-content\/uploads\/2026\/04\/losenigmaticos_476mm4.jpg","width":886,"height":1240},{"@type":"BreadcrumbList","@id":"https:\/\/letrame.com\/catalogo\/producto\/los-enigmaticos-de-los-multiversos-i\/#breadcrumb","itemListElement":[{"@type":"ListItem","position":1,"name":"Portada","item":"https:\/\/letrame.com\/catalogo\/"},{"@type":"ListItem","position":2,"name":"Cat\u00e1logo","item":"https:\/\/letrame.com\/catalogo\/"},{"@type":"ListItem","position":3,"name":"Los enigm\u00e1ticos de los multiversos I"}]},{"@type":"WebSite","@id":"https:\/\/letrame.com\/catalogo\/#website","url":"https:\/\/letrame.com\/catalogo\/","name":"Catalogo | Letrame Grupo Editorial","description":"","publisher":{"@id":"https:\/\/letrame.com\/catalogo\/#organization"},"potentialAction":[{"@type":"SearchAction","target":{"@type":"EntryPoint","urlTemplate":"https:\/\/letrame.com\/catalogo\/?s={search_term_string}"},"query-input":{"@type":"PropertyValueSpecification","valueRequired":true,"valueName":"search_term_string"}}],"inLanguage":"es"},{"@type":"Organization","@id":"https:\/\/letrame.com\/catalogo\/#organization","name":"Catalogo | Letrame Grupo Editorial","url":"https:\/\/letrame.com\/catalogo\/","logo":{"@type":"ImageObject","inLanguage":"es","@id":"https:\/\/letrame.com\/catalogo\/#\/schema\/logo\/image\/","url":"https:\/\/letrame.com\/catalogo\/wp-content\/uploads\/2024\/03\/logo2.webp","contentUrl":"https:\/\/letrame.com\/catalogo\/wp-content\/uploads\/2024\/03\/logo2.webp","width":394,"height":128,"caption":"Catalogo | Letrame Grupo Editorial"},"image":{"@id":"https:\/\/letrame.com\/catalogo\/#\/schema\/logo\/image\/"}}]}},"_links":{"self":[{"href":"https:\/\/letrame.com\/catalogo\/wp-json\/wp\/v2\/product\/112221","targetHints":{"allow":["GET"]}}],"collection":[{"href":"https:\/\/letrame.com\/catalogo\/wp-json\/wp\/v2\/product"}],"about":[{"href":"https:\/\/letrame.com\/catalogo\/wp-json\/wp\/v2\/types\/product"}],"replies":[{"embeddable":true,"href":"https:\/\/letrame.com\/catalogo\/wp-json\/wp\/v2\/comments?post=112221"}],"acf:post":[{"embeddable":true,"href":"https:\/\/letrame.com\/catalogo\/wp-json\/wp\/v2\/author_book\/112225"}],"wp:featuredmedia":[{"embeddable":true,"href":"https:\/\/letrame.com\/catalogo\/wp-json\/wp\/v2\/media\/112228"}],"wp:attachment":[{"href":"https:\/\/letrame.com\/catalogo\/wp-json\/wp\/v2\/media?parent=112221"}],"wp:term":[{"taxonomy":"libro","embeddable":true,"href":"https:\/\/letrame.com\/catalogo\/wp-json\/wp\/v2\/libro?post=112221"},{"taxonomy":"product_brand","embeddable":true,"href":"https:\/\/letrame.com\/catalogo\/wp-json\/wp\/v2\/product_brand?post=112221"},{"taxonomy":"product_cat","embeddable":true,"href":"https:\/\/letrame.com\/catalogo\/wp-json\/wp\/v2\/product_cat?post=112221"},{"taxonomy":"product_tag","embeddable":true,"href":"https:\/\/letrame.com\/catalogo\/wp-json\/wp\/v2\/product_tag?post=112221"}],"curies":[{"name":"wp","href":"https:\/\/api.w.org\/{rel}","templated":true}]}}