{"id":112211,"date":"2026-04-14T15:59:12","date_gmt":"2026-04-14T13:59:12","guid":{"rendered":"https:\/\/letrame.com\/catalogo\/?post_type=product&#038;p=112211"},"modified":"2026-04-14T15:59:43","modified_gmt":"2026-04-14T13:59:43","slug":"beltzarita","status":"publish","type":"product","link":"https:\/\/letrame.com\/catalogo\/producto\/beltzarita\/","title":{"rendered":"Beltzarita"},"content":{"rendered":"<p><strong>ISBN: 9791370545062<\/strong><br \/>\n<strong>T\u00edtulo: Beltzarita<\/strong><br \/>\n<strong>Fecha: 2026<\/strong><br \/>\n<strong>P\u00e1ginas: 480<\/strong><\/p>\n<p><strong>SINOPSIS<\/strong><\/p>\n<p>Despu\u00e9s de una guerra que devast\u00f3 la Tierra y de un meteorito que cambi\u00f3 el rumbo de la humanidad, los supervivientes viven bajo gigantescas c\u00fapulas que los protegen de un exterior devastado. All\u00ed todo est\u00e1 calculado: el trabajo, las relaciones, el n\u00famero de hijos&#8230; incluso el destino de cada persona. El orden absoluto es la \u00fanica garant\u00eda de supervivencia. Pero ese orden tiene un precio. Rue, una joven brillante que ha aprendido a ocultar sus verdaderas capacidades para no convertirse en una pieza m\u00e1s del sistema, comienza una nueva vida en el coraz\u00f3n de la sociedad que se levanta bajo la C\u00fapula. Mientras intenta adaptarse a un mundo donde cada paso est\u00e1 vigilado, empieza a sospechar que tras la aparente perfecci\u00f3n se esconden secretos capaces de derrumbarlo todo.<\/p>\n<p>Lejos de all\u00ed, en el exterior devastado, Tiana sobrevive entre ruinas y trabajos forzados, alimentando con su esfuerzo la prosperidad de quienes viven protegidos bajo el cristal. Para ella, la esperanza es un lujo que casi nadie puede permitirse.<br \/>\nY en medio de ese mundo r\u00edgido y calculado, donde el amor puede ser un riesgo, los v\u00ednculos que crecen entre las personas podr\u00edan convertirse en la chispa capaz de cambiarlo todo.<\/p>\n<p>Beltzarita: Ox\u00edgeno es una trepidante novela de ciencia ficci\u00f3n dist\u00f3pica que combina misterio, aventura y romance en un futuro donde la verdad, la libertad y el amor pueden ser m\u00e1s peligrosos que cualquier guerra.<\/p>\n","protected":false},"excerpt":{"rendered":"<p><strong>ISBN: 9791370545062<\/strong><\/p>\n<p><strong>SINOPSIS<\/strong><\/p>\n<p>Despu\u00e9s de una guerra que devast\u00f3 la Tierra y de un meteorito que cambi\u00f3 el rumbo de la humanidad, los supervivientes viven bajo gigantescas c\u00fapulas que los protegen de un exterior devastado. All\u00ed todo est\u00e1 calculado: el trabajo, las relaciones, el n\u00famero de hijos&#8230; incluso el destino de cada persona. El orden absoluto es la \u00fanica garant\u00eda de supervivencia. Pero ese orden tiene un precio. Rue, una joven brillante que ha aprendido a ocultar sus verdaderas capacidades para no convertirse en una pieza m\u00e1s del sistema, comienza una nueva vida en el coraz\u00f3n de la sociedad que se levanta bajo la C\u00fapula. Mientras intenta adaptarse a un mundo donde cada paso est\u00e1 vigilado, empieza a sospechar que tras la aparente perfecci\u00f3n se esconden secretos capaces de derrumbarlo todo.<\/p>\n<p>Lejos de all\u00ed, en el exterior devastado, Tiana sobrevive entre ruinas y trabajos forzados, alimentando con su esfuerzo la prosperidad de quienes viven protegidos bajo el cristal. Para ella, la esperanza es un lujo que casi nadie puede permitirse.<br \/>\nY en medio de ese mundo r\u00edgido y calculado, donde el amor puede ser un riesgo, los v\u00ednculos que crecen entre las personas podr\u00edan convertirse en la chispa capaz de cambiarlo todo.<\/p>\n<p>Beltzarita: Ox\u00edgeno es una trepidante novela de ciencia ficci\u00f3n dist\u00f3pica que combina misterio, aventura y romance en un futuro donde la verdad, la libertad y el amor pueden ser m\u00e1s peligrosos que cualquier guerra.<\/p>\n","protected":false},"featured_media":112219,"comment_status":"open","ping_status":"closed","template":"","meta":{"_acf_changed":false},"libro":[],"product_brand":[],"product_cat":[154],"product_tag":[],"class_list":{"0":"post-112211","1":"product","2":"type-product","3":"status-publish","4":"has-post-thumbnail","6":"product_cat-distopia-juvenil","8":"first","9":"instock","10":"shipping-taxable","11":"product-type-simple"},"acf":{"autor":[112216],"enlace_de_compra":"https:\/\/amzn.to\/4mt4LkD"},"yoast_head":"<!-- This site is optimized with the Yoast SEO plugin v26.6 - https:\/\/yoast.com\/wordpress\/plugins\/seo\/ -->\n<title>Beltzarita - Catalogo | Letrame Grupo Editorial<\/title>\n<meta name=\"robots\" content=\"index, follow, max-snippet:-1, max-image-preview:large, max-video-preview:-1\" \/>\n<link rel=\"canonical\" href=\"https:\/\/letrame.com\/catalogo\/producto\/beltzarita\/\" \/>\n<meta property=\"og:locale\" content=\"es_ES\" \/>\n<meta property=\"og:type\" content=\"article\" \/>\n<meta property=\"og:title\" content=\"Beltzarita - Catalogo | Letrame Grupo Editorial\" \/>\n<meta property=\"og:description\" content=\"ISBN: 9791370545062  SINOPSIS  Despu\u00e9s de una guerra que devast\u00f3 la Tierra y de un meteorito que cambi\u00f3 el rumbo de la humanidad, los supervivientes viven bajo gigantescas c\u00fapulas que los protegen de un exterior devastado. All\u00ed todo est\u00e1 calculado: el trabajo, las relaciones, el n\u00famero de hijos... incluso el destino de cada persona. El orden absoluto es la \u00fanica garant\u00eda de supervivencia. Pero ese orden tiene un precio. Rue, una joven brillante que ha aprendido a ocultar sus verdaderas capacidades para no convertirse en una pieza m\u00e1s del sistema, comienza una nueva vida en el coraz\u00f3n de la sociedad que se levanta bajo la C\u00fapula. Mientras intenta adaptarse a un mundo donde cada paso est\u00e1 vigilado, empieza a sospechar que tras la aparente perfecci\u00f3n se esconden secretos capaces de derrumbarlo todo.  Lejos de all\u00ed, en el exterior devastado, Tiana sobrevive entre ruinas y trabajos forzados, alimentando con su esfuerzo la prosperidad de quienes viven protegidos bajo el cristal. Para ella, la esperanza es un lujo que casi nadie puede permitirse. Y en medio de ese mundo r\u00edgido y calculado, donde el amor puede ser un riesgo, los v\u00ednculos que crecen entre las personas podr\u00edan convertirse en la chispa capaz de cambiarlo todo.  Beltzarita: Ox\u00edgeno es una trepidante novela de ciencia ficci\u00f3n dist\u00f3pica que combina misterio, aventura y romance en un futuro donde la verdad, la libertad y el amor pueden ser m\u00e1s peligrosos que cualquier guerra.\" \/>\n<meta property=\"og:url\" content=\"https:\/\/letrame.com\/catalogo\/producto\/beltzarita\/\" \/>\n<meta property=\"og:site_name\" content=\"Catalogo | Letrame Grupo Editorial\" \/>\n<meta property=\"article:modified_time\" content=\"2026-04-14T13:59:43+00:00\" \/>\n<meta property=\"og:image\" content=\"https:\/\/letrame.com\/catalogo\/wp-content\/uploads\/2026\/04\/beltzarita_2358mm4.jpg\" \/>\n\t<meta property=\"og:image:width\" content=\"886\" \/>\n\t<meta property=\"og:image:height\" content=\"1299\" \/>\n\t<meta property=\"og:image:type\" content=\"image\/jpeg\" \/>\n<meta name=\"twitter:card\" content=\"summary_large_image\" \/>\n<meta name=\"twitter:label1\" content=\"Tiempo de lectura\" \/>\n\t<meta name=\"twitter:data1\" content=\"2 minutos\" \/>\n<script type=\"application\/ld+json\" class=\"yoast-schema-graph\">{\"@context\":\"https:\/\/schema.org\",\"@graph\":[{\"@type\":\"WebPage\",\"@id\":\"https:\/\/letrame.com\/catalogo\/producto\/beltzarita\/\",\"url\":\"https:\/\/letrame.com\/catalogo\/producto\/beltzarita\/\",\"name\":\"Beltzarita - Catalogo | Letrame Grupo Editorial\",\"isPartOf\":{\"@id\":\"https:\/\/letrame.com\/catalogo\/#website\"},\"primaryImageOfPage\":{\"@id\":\"https:\/\/letrame.com\/catalogo\/producto\/beltzarita\/#primaryimage\"},\"image\":{\"@id\":\"https:\/\/letrame.com\/catalogo\/producto\/beltzarita\/#primaryimage\"},\"thumbnailUrl\":\"https:\/\/letrame.com\/catalogo\/wp-content\/uploads\/2026\/04\/beltzarita_2358mm4.jpg\",\"datePublished\":\"2026-04-14T13:59:12+00:00\",\"dateModified\":\"2026-04-14T13:59:43+00:00\",\"breadcrumb\":{\"@id\":\"https:\/\/letrame.com\/catalogo\/producto\/beltzarita\/#breadcrumb\"},\"inLanguage\":\"es\",\"potentialAction\":[{\"@type\":\"ReadAction\",\"target\":[\"https:\/\/letrame.com\/catalogo\/producto\/beltzarita\/\"]}]},{\"@type\":\"ImageObject\",\"inLanguage\":\"es\",\"@id\":\"https:\/\/letrame.com\/catalogo\/producto\/beltzarita\/#primaryimage\",\"url\":\"https:\/\/letrame.com\/catalogo\/wp-content\/uploads\/2026\/04\/beltzarita_2358mm4.jpg\",\"contentUrl\":\"https:\/\/letrame.com\/catalogo\/wp-content\/uploads\/2026\/04\/beltzarita_2358mm4.jpg\",\"width\":886,\"height\":1299},{\"@type\":\"BreadcrumbList\",\"@id\":\"https:\/\/letrame.com\/catalogo\/producto\/beltzarita\/#breadcrumb\",\"itemListElement\":[{\"@type\":\"ListItem\",\"position\":1,\"name\":\"Portada\",\"item\":\"https:\/\/letrame.com\/catalogo\/\"},{\"@type\":\"ListItem\",\"position\":2,\"name\":\"Cat\u00e1logo\",\"item\":\"https:\/\/letrame.com\/catalogo\/\"},{\"@type\":\"ListItem\",\"position\":3,\"name\":\"Beltzarita\"}]},{\"@type\":\"WebSite\",\"@id\":\"https:\/\/letrame.com\/catalogo\/#website\",\"url\":\"https:\/\/letrame.com\/catalogo\/\",\"name\":\"Catalogo | Letrame Grupo Editorial\",\"description\":\"\",\"publisher\":{\"@id\":\"https:\/\/letrame.com\/catalogo\/#organization\"},\"potentialAction\":[{\"@type\":\"SearchAction\",\"target\":{\"@type\":\"EntryPoint\",\"urlTemplate\":\"https:\/\/letrame.com\/catalogo\/?s={search_term_string}\"},\"query-input\":{\"@type\":\"PropertyValueSpecification\",\"valueRequired\":true,\"valueName\":\"search_term_string\"}}],\"inLanguage\":\"es\"},{\"@type\":\"Organization\",\"@id\":\"https:\/\/letrame.com\/catalogo\/#organization\",\"name\":\"Catalogo | Letrame Grupo Editorial\",\"url\":\"https:\/\/letrame.com\/catalogo\/\",\"logo\":{\"@type\":\"ImageObject\",\"inLanguage\":\"es\",\"@id\":\"https:\/\/letrame.com\/catalogo\/#\/schema\/logo\/image\/\",\"url\":\"https:\/\/letrame.com\/catalogo\/wp-content\/uploads\/2024\/03\/logo2.webp\",\"contentUrl\":\"https:\/\/letrame.com\/catalogo\/wp-content\/uploads\/2024\/03\/logo2.webp\",\"width\":394,\"height\":128,\"caption\":\"Catalogo | Letrame Grupo Editorial\"},\"image\":{\"@id\":\"https:\/\/letrame.com\/catalogo\/#\/schema\/logo\/image\/\"}}]}<\/script>\n<!-- \/ Yoast SEO plugin. -->","yoast_head_json":{"title":"Beltzarita - Catalogo | Letrame Grupo Editorial","robots":{"index":"index","follow":"follow","max-snippet":"max-snippet:-1","max-image-preview":"max-image-preview:large","max-video-preview":"max-video-preview:-1"},"canonical":"https:\/\/letrame.com\/catalogo\/producto\/beltzarita\/","og_locale":"es_ES","og_type":"article","og_title":"Beltzarita - Catalogo | Letrame Grupo Editorial","og_description":"ISBN: 9791370545062  SINOPSIS  Despu\u00e9s de una guerra que devast\u00f3 la Tierra y de un meteorito que cambi\u00f3 el rumbo de la humanidad, los supervivientes viven bajo gigantescas c\u00fapulas que los protegen de un exterior devastado. All\u00ed todo est\u00e1 calculado: el trabajo, las relaciones, el n\u00famero de hijos... incluso el destino de cada persona. El orden absoluto es la \u00fanica garant\u00eda de supervivencia. Pero ese orden tiene un precio. Rue, una joven brillante que ha aprendido a ocultar sus verdaderas capacidades para no convertirse en una pieza m\u00e1s del sistema, comienza una nueva vida en el coraz\u00f3n de la sociedad que se levanta bajo la C\u00fapula. Mientras intenta adaptarse a un mundo donde cada paso est\u00e1 vigilado, empieza a sospechar que tras la aparente perfecci\u00f3n se esconden secretos capaces de derrumbarlo todo.  Lejos de all\u00ed, en el exterior devastado, Tiana sobrevive entre ruinas y trabajos forzados, alimentando con su esfuerzo la prosperidad de quienes viven protegidos bajo el cristal. Para ella, la esperanza es un lujo que casi nadie puede permitirse. Y en medio de ese mundo r\u00edgido y calculado, donde el amor puede ser un riesgo, los v\u00ednculos que crecen entre las personas podr\u00edan convertirse en la chispa capaz de cambiarlo todo.  Beltzarita: Ox\u00edgeno es una trepidante novela de ciencia ficci\u00f3n dist\u00f3pica que combina misterio, aventura y romance en un futuro donde la verdad, la libertad y el amor pueden ser m\u00e1s peligrosos que cualquier guerra.","og_url":"https:\/\/letrame.com\/catalogo\/producto\/beltzarita\/","og_site_name":"Catalogo | Letrame Grupo Editorial","article_modified_time":"2026-04-14T13:59:43+00:00","og_image":[{"width":886,"height":1299,"url":"https:\/\/letrame.com\/catalogo\/wp-content\/uploads\/2026\/04\/beltzarita_2358mm4.jpg","type":"image\/jpeg"}],"twitter_card":"summary_large_image","twitter_misc":{"Tiempo de lectura":"2 minutos"},"schema":{"@context":"https:\/\/schema.org","@graph":[{"@type":"WebPage","@id":"https:\/\/letrame.com\/catalogo\/producto\/beltzarita\/","url":"https:\/\/letrame.com\/catalogo\/producto\/beltzarita\/","name":"Beltzarita - Catalogo | Letrame Grupo Editorial","isPartOf":{"@id":"https:\/\/letrame.com\/catalogo\/#website"},"primaryImageOfPage":{"@id":"https:\/\/letrame.com\/catalogo\/producto\/beltzarita\/#primaryimage"},"image":{"@id":"https:\/\/letrame.com\/catalogo\/producto\/beltzarita\/#primaryimage"},"thumbnailUrl":"https:\/\/letrame.com\/catalogo\/wp-content\/uploads\/2026\/04\/beltzarita_2358mm4.jpg","datePublished":"2026-04-14T13:59:12+00:00","dateModified":"2026-04-14T13:59:43+00:00","breadcrumb":{"@id":"https:\/\/letrame.com\/catalogo\/producto\/beltzarita\/#breadcrumb"},"inLanguage":"es","potentialAction":[{"@type":"ReadAction","target":["https:\/\/letrame.com\/catalogo\/producto\/beltzarita\/"]}]},{"@type":"ImageObject","inLanguage":"es","@id":"https:\/\/letrame.com\/catalogo\/producto\/beltzarita\/#primaryimage","url":"https:\/\/letrame.com\/catalogo\/wp-content\/uploads\/2026\/04\/beltzarita_2358mm4.jpg","contentUrl":"https:\/\/letrame.com\/catalogo\/wp-content\/uploads\/2026\/04\/beltzarita_2358mm4.jpg","width":886,"height":1299},{"@type":"BreadcrumbList","@id":"https:\/\/letrame.com\/catalogo\/producto\/beltzarita\/#breadcrumb","itemListElement":[{"@type":"ListItem","position":1,"name":"Portada","item":"https:\/\/letrame.com\/catalogo\/"},{"@type":"ListItem","position":2,"name":"Cat\u00e1logo","item":"https:\/\/letrame.com\/catalogo\/"},{"@type":"ListItem","position":3,"name":"Beltzarita"}]},{"@type":"WebSite","@id":"https:\/\/letrame.com\/catalogo\/#website","url":"https:\/\/letrame.com\/catalogo\/","name":"Catalogo | Letrame Grupo Editorial","description":"","publisher":{"@id":"https:\/\/letrame.com\/catalogo\/#organization"},"potentialAction":[{"@type":"SearchAction","target":{"@type":"EntryPoint","urlTemplate":"https:\/\/letrame.com\/catalogo\/?s={search_term_string}"},"query-input":{"@type":"PropertyValueSpecification","valueRequired":true,"valueName":"search_term_string"}}],"inLanguage":"es"},{"@type":"Organization","@id":"https:\/\/letrame.com\/catalogo\/#organization","name":"Catalogo | Letrame Grupo Editorial","url":"https:\/\/letrame.com\/catalogo\/","logo":{"@type":"ImageObject","inLanguage":"es","@id":"https:\/\/letrame.com\/catalogo\/#\/schema\/logo\/image\/","url":"https:\/\/letrame.com\/catalogo\/wp-content\/uploads\/2024\/03\/logo2.webp","contentUrl":"https:\/\/letrame.com\/catalogo\/wp-content\/uploads\/2024\/03\/logo2.webp","width":394,"height":128,"caption":"Catalogo | Letrame Grupo Editorial"},"image":{"@id":"https:\/\/letrame.com\/catalogo\/#\/schema\/logo\/image\/"}}]}},"_links":{"self":[{"href":"https:\/\/letrame.com\/catalogo\/wp-json\/wp\/v2\/product\/112211","targetHints":{"allow":["GET"]}}],"collection":[{"href":"https:\/\/letrame.com\/catalogo\/wp-json\/wp\/v2\/product"}],"about":[{"href":"https:\/\/letrame.com\/catalogo\/wp-json\/wp\/v2\/types\/product"}],"replies":[{"embeddable":true,"href":"https:\/\/letrame.com\/catalogo\/wp-json\/wp\/v2\/comments?post=112211"}],"acf:post":[{"embeddable":true,"href":"https:\/\/letrame.com\/catalogo\/wp-json\/wp\/v2\/author_book\/112216"}],"wp:featuredmedia":[{"embeddable":true,"href":"https:\/\/letrame.com\/catalogo\/wp-json\/wp\/v2\/media\/112219"}],"wp:attachment":[{"href":"https:\/\/letrame.com\/catalogo\/wp-json\/wp\/v2\/media?parent=112211"}],"wp:term":[{"taxonomy":"libro","embeddable":true,"href":"https:\/\/letrame.com\/catalogo\/wp-json\/wp\/v2\/libro?post=112211"},{"taxonomy":"product_brand","embeddable":true,"href":"https:\/\/letrame.com\/catalogo\/wp-json\/wp\/v2\/product_brand?post=112211"},{"taxonomy":"product_cat","embeddable":true,"href":"https:\/\/letrame.com\/catalogo\/wp-json\/wp\/v2\/product_cat?post=112211"},{"taxonomy":"product_tag","embeddable":true,"href":"https:\/\/letrame.com\/catalogo\/wp-json\/wp\/v2\/product_tag?post=112211"}],"curies":[{"name":"wp","href":"https:\/\/api.w.org\/{rel}","templated":true}]}}