{"id":112196,"date":"2026-04-14T14:22:14","date_gmt":"2026-04-14T12:22:14","guid":{"rendered":"https:\/\/letrame.com\/catalogo\/?post_type=product&#038;p=112196"},"modified":"2026-04-14T14:22:15","modified_gmt":"2026-04-14T12:22:15","slug":"el-rey-de-los-bufones","status":"publish","type":"product","link":"https:\/\/letrame.com\/catalogo\/producto\/el-rey-de-los-bufones\/","title":{"rendered":"El rey de los bufones"},"content":{"rendered":"<p><strong>ISBN: 9791370296964<\/strong><br \/>\n<strong>T\u00edtulo: El rey de los bufones<\/strong><br \/>\n<strong>Fecha: 2025<\/strong><br \/>\n<strong>P\u00e1ginas: 262<\/strong><\/p>\n<p><strong>SINOPSIS<\/strong><\/p>\n<p>Dicen que todo aquel que carga con un pasado del que no consigue desprenderse, o tal vez con algo de lo que huir, acaba llegando al mismo lugar\u2026<\/p>\n<p>El abogado Manuel Navarro, hombre formal y de vida ordenada, ve c\u00f3mo sus planes se desmoronan cuando su prometida lo abandona mediante una carta. La \u00fanica pista que encuentra en sus l\u00edneas lo conduce a Villa Utop\u00eda, un popular parque tem\u00e1tico.<\/p>\n<p>Impulsado por la necesidad de respuestas, Manuel decide seguir su rastro con la esperanza de recomponer la relaci\u00f3n. As\u00ed, con el fin de prolongar su b\u00fasqueda, acepta la propuesta de Claude \u2014apodado el Rey de los Bufones\u2014, quien le ofrece un puesto como guarda de seguridad en el Circo Esperpento.<\/p>\n<p>Claude, hedonista y arrogante, no tarda en desconcertarlo. Sin embargo, bajo esa fachada, Manuel descubre un genio arrollador dif\u00edcil de ignorar, por el que terminar\u00e1 forjando un v\u00ednculo marcado por la complicidad.<\/p>\n<p>Cuando Manuel cre\u00eda estar adapt\u00e1ndose a su nueva rutina, el extra\u00f1o embrujo del parque comienza a jugar con su percepci\u00f3n, y la frontera entre lo real y lo ilusorio se vuelve inquietantemente difusa. Deber\u00e1 tomar una decisi\u00f3n: renunciar a su prop\u00f3sito\u2026 o arriesgarse a perder la cordura en nombre de aquello por lo que tanto ha luchado.<\/p>\n","protected":false},"excerpt":{"rendered":"<p><strong>ISBN: 9791370296964<\/strong><\/p>\n<p><strong>SINOPSIS<\/strong><\/p>\n<p>Dicen que todo aquel que carga con un pasado del que no consigue desprenderse, o tal vez con algo de lo que huir, acaba llegando al mismo lugar\u2026<\/p>\n<p>El abogado Manuel Navarro, hombre formal y de vida ordenada, ve c\u00f3mo sus planes se desmoronan cuando su prometida lo abandona mediante una carta. La \u00fanica pista que encuentra en sus l\u00edneas lo conduce a Villa Utop\u00eda, un popular parque tem\u00e1tico.<\/p>\n<p>Impulsado por la necesidad de respuestas, Manuel decide seguir su rastro con la esperanza de recomponer la relaci\u00f3n. As\u00ed, con el fin de prolongar su b\u00fasqueda, acepta la propuesta de Claude \u2014apodado el Rey de los Bufones\u2014, quien le ofrece un puesto como guarda de seguridad en el Circo Esperpento.<\/p>\n<p>Claude, hedonista y arrogante, no tarda en desconcertarlo. Sin embargo, bajo esa fachada, Manuel descubre un genio arrollador dif\u00edcil de ignorar, por el que terminar\u00e1 forjando un v\u00ednculo marcado por la complicidad.<\/p>\n<p>Cuando Manuel cre\u00eda estar adapt\u00e1ndose a su nueva rutina, el extra\u00f1o embrujo del parque comienza a jugar con su percepci\u00f3n, y la frontera entre lo real y lo ilusorio se vuelve inquietantemente difusa. Deber\u00e1 tomar una decisi\u00f3n: renunciar a su prop\u00f3sito\u2026 o arriesgarse a perder la cordura en nombre de aquello por lo que tanto ha luchado.<\/p>\n","protected":false},"featured_media":112200,"comment_status":"open","ping_status":"closed","template":"","meta":{"_acf_changed":false},"libro":[],"product_brand":[],"product_cat":[141],"product_tag":[],"class_list":{"0":"post-112196","1":"product","2":"type-product","3":"status-publish","4":"has-post-thumbnail","6":"product_cat-ficcion","8":"first","9":"instock","10":"shipping-taxable","11":"product-type-simple"},"acf":{"autor":[112197],"enlace_de_compra":"https:\/\/amzn.to\/4vuU1WM"},"yoast_head":"<!-- This site is optimized with the Yoast SEO plugin v26.6 - https:\/\/yoast.com\/wordpress\/plugins\/seo\/ -->\n<title>El rey de los bufones - Catalogo | Letrame Grupo Editorial<\/title>\n<meta name=\"robots\" content=\"index, follow, max-snippet:-1, max-image-preview:large, max-video-preview:-1\" \/>\n<link rel=\"canonical\" href=\"https:\/\/letrame.com\/catalogo\/producto\/el-rey-de-los-bufones\/\" \/>\n<meta property=\"og:locale\" content=\"es_ES\" \/>\n<meta property=\"og:type\" content=\"article\" \/>\n<meta property=\"og:title\" content=\"El rey de los bufones - Catalogo | Letrame Grupo Editorial\" \/>\n<meta property=\"og:description\" content=\"ISBN: 9791370296964  SINOPSIS  Dicen que todo aquel que carga con un pasado del que no consigue desprenderse, o tal vez con algo de lo que huir, acaba llegando al mismo lugar\u2026  El abogado Manuel Navarro, hombre formal y de vida ordenada, ve c\u00f3mo sus planes se desmoronan cuando su prometida lo abandona mediante una carta. La \u00fanica pista que encuentra en sus l\u00edneas lo conduce a Villa Utop\u00eda, un popular parque tem\u00e1tico.  Impulsado por la necesidad de respuestas, Manuel decide seguir su rastro con la esperanza de recomponer la relaci\u00f3n. As\u00ed, con el fin de prolongar su b\u00fasqueda, acepta la propuesta de Claude \u2014apodado el Rey de los Bufones\u2014, quien le ofrece un puesto como guarda de seguridad en el Circo Esperpento.  Claude, hedonista y arrogante, no tarda en desconcertarlo. Sin embargo, bajo esa fachada, Manuel descubre un genio arrollador dif\u00edcil de ignorar, por el que terminar\u00e1 forjando un v\u00ednculo marcado por la complicidad.  Cuando Manuel cre\u00eda estar adapt\u00e1ndose a su nueva rutina, el extra\u00f1o embrujo del parque comienza a jugar con su percepci\u00f3n, y la frontera entre lo real y lo ilusorio se vuelve inquietantemente difusa. Deber\u00e1 tomar una decisi\u00f3n: renunciar a su prop\u00f3sito\u2026 o arriesgarse a perder la cordura en nombre de aquello por lo que tanto ha luchado.\" \/>\n<meta property=\"og:url\" content=\"https:\/\/letrame.com\/catalogo\/producto\/el-rey-de-los-bufones\/\" \/>\n<meta property=\"og:site_name\" content=\"Catalogo | Letrame Grupo Editorial\" \/>\n<meta property=\"article:modified_time\" content=\"2026-04-14T12:22:15+00:00\" \/>\n<meta property=\"og:image\" content=\"https:\/\/letrame.com\/catalogo\/wp-content\/uploads\/2026\/04\/elreydelosbufones_13mm4.jpg\" \/>\n\t<meta property=\"og:image:width\" content=\"620\" \/>\n\t<meta property=\"og:image:height\" content=\"909\" \/>\n\t<meta property=\"og:image:type\" content=\"image\/jpeg\" \/>\n<meta name=\"twitter:card\" content=\"summary_large_image\" \/>\n<meta name=\"twitter:label1\" content=\"Tiempo de lectura\" \/>\n\t<meta name=\"twitter:data1\" content=\"2 minutos\" \/>\n<script type=\"application\/ld+json\" class=\"yoast-schema-graph\">{\"@context\":\"https:\/\/schema.org\",\"@graph\":[{\"@type\":\"WebPage\",\"@id\":\"https:\/\/letrame.com\/catalogo\/producto\/el-rey-de-los-bufones\/\",\"url\":\"https:\/\/letrame.com\/catalogo\/producto\/el-rey-de-los-bufones\/\",\"name\":\"El rey de los bufones - Catalogo | Letrame Grupo Editorial\",\"isPartOf\":{\"@id\":\"https:\/\/letrame.com\/catalogo\/#website\"},\"primaryImageOfPage\":{\"@id\":\"https:\/\/letrame.com\/catalogo\/producto\/el-rey-de-los-bufones\/#primaryimage\"},\"image\":{\"@id\":\"https:\/\/letrame.com\/catalogo\/producto\/el-rey-de-los-bufones\/#primaryimage\"},\"thumbnailUrl\":\"https:\/\/letrame.com\/catalogo\/wp-content\/uploads\/2026\/04\/elreydelosbufones_13mm4.jpg\",\"datePublished\":\"2026-04-14T12:22:14+00:00\",\"dateModified\":\"2026-04-14T12:22:15+00:00\",\"breadcrumb\":{\"@id\":\"https:\/\/letrame.com\/catalogo\/producto\/el-rey-de-los-bufones\/#breadcrumb\"},\"inLanguage\":\"es\",\"potentialAction\":[{\"@type\":\"ReadAction\",\"target\":[\"https:\/\/letrame.com\/catalogo\/producto\/el-rey-de-los-bufones\/\"]}]},{\"@type\":\"ImageObject\",\"inLanguage\":\"es\",\"@id\":\"https:\/\/letrame.com\/catalogo\/producto\/el-rey-de-los-bufones\/#primaryimage\",\"url\":\"https:\/\/letrame.com\/catalogo\/wp-content\/uploads\/2026\/04\/elreydelosbufones_13mm4.jpg\",\"contentUrl\":\"https:\/\/letrame.com\/catalogo\/wp-content\/uploads\/2026\/04\/elreydelosbufones_13mm4.jpg\",\"width\":620,\"height\":909},{\"@type\":\"BreadcrumbList\",\"@id\":\"https:\/\/letrame.com\/catalogo\/producto\/el-rey-de-los-bufones\/#breadcrumb\",\"itemListElement\":[{\"@type\":\"ListItem\",\"position\":1,\"name\":\"Portada\",\"item\":\"https:\/\/letrame.com\/catalogo\/\"},{\"@type\":\"ListItem\",\"position\":2,\"name\":\"Cat\u00e1logo\",\"item\":\"https:\/\/letrame.com\/catalogo\/\"},{\"@type\":\"ListItem\",\"position\":3,\"name\":\"El rey de los bufones\"}]},{\"@type\":\"WebSite\",\"@id\":\"https:\/\/letrame.com\/catalogo\/#website\",\"url\":\"https:\/\/letrame.com\/catalogo\/\",\"name\":\"Catalogo | Letrame Grupo Editorial\",\"description\":\"\",\"publisher\":{\"@id\":\"https:\/\/letrame.com\/catalogo\/#organization\"},\"potentialAction\":[{\"@type\":\"SearchAction\",\"target\":{\"@type\":\"EntryPoint\",\"urlTemplate\":\"https:\/\/letrame.com\/catalogo\/?s={search_term_string}\"},\"query-input\":{\"@type\":\"PropertyValueSpecification\",\"valueRequired\":true,\"valueName\":\"search_term_string\"}}],\"inLanguage\":\"es\"},{\"@type\":\"Organization\",\"@id\":\"https:\/\/letrame.com\/catalogo\/#organization\",\"name\":\"Catalogo | Letrame Grupo Editorial\",\"url\":\"https:\/\/letrame.com\/catalogo\/\",\"logo\":{\"@type\":\"ImageObject\",\"inLanguage\":\"es\",\"@id\":\"https:\/\/letrame.com\/catalogo\/#\/schema\/logo\/image\/\",\"url\":\"https:\/\/letrame.com\/catalogo\/wp-content\/uploads\/2024\/03\/logo2.webp\",\"contentUrl\":\"https:\/\/letrame.com\/catalogo\/wp-content\/uploads\/2024\/03\/logo2.webp\",\"width\":394,\"height\":128,\"caption\":\"Catalogo | Letrame Grupo Editorial\"},\"image\":{\"@id\":\"https:\/\/letrame.com\/catalogo\/#\/schema\/logo\/image\/\"}}]}<\/script>\n<!-- \/ Yoast SEO plugin. -->","yoast_head_json":{"title":"El rey de los bufones - Catalogo | Letrame Grupo Editorial","robots":{"index":"index","follow":"follow","max-snippet":"max-snippet:-1","max-image-preview":"max-image-preview:large","max-video-preview":"max-video-preview:-1"},"canonical":"https:\/\/letrame.com\/catalogo\/producto\/el-rey-de-los-bufones\/","og_locale":"es_ES","og_type":"article","og_title":"El rey de los bufones - Catalogo | Letrame Grupo Editorial","og_description":"ISBN: 9791370296964  SINOPSIS  Dicen que todo aquel que carga con un pasado del que no consigue desprenderse, o tal vez con algo de lo que huir, acaba llegando al mismo lugar\u2026  El abogado Manuel Navarro, hombre formal y de vida ordenada, ve c\u00f3mo sus planes se desmoronan cuando su prometida lo abandona mediante una carta. La \u00fanica pista que encuentra en sus l\u00edneas lo conduce a Villa Utop\u00eda, un popular parque tem\u00e1tico.  Impulsado por la necesidad de respuestas, Manuel decide seguir su rastro con la esperanza de recomponer la relaci\u00f3n. As\u00ed, con el fin de prolongar su b\u00fasqueda, acepta la propuesta de Claude \u2014apodado el Rey de los Bufones\u2014, quien le ofrece un puesto como guarda de seguridad en el Circo Esperpento.  Claude, hedonista y arrogante, no tarda en desconcertarlo. Sin embargo, bajo esa fachada, Manuel descubre un genio arrollador dif\u00edcil de ignorar, por el que terminar\u00e1 forjando un v\u00ednculo marcado por la complicidad.  Cuando Manuel cre\u00eda estar adapt\u00e1ndose a su nueva rutina, el extra\u00f1o embrujo del parque comienza a jugar con su percepci\u00f3n, y la frontera entre lo real y lo ilusorio se vuelve inquietantemente difusa. Deber\u00e1 tomar una decisi\u00f3n: renunciar a su prop\u00f3sito\u2026 o arriesgarse a perder la cordura en nombre de aquello por lo que tanto ha luchado.","og_url":"https:\/\/letrame.com\/catalogo\/producto\/el-rey-de-los-bufones\/","og_site_name":"Catalogo | Letrame Grupo Editorial","article_modified_time":"2026-04-14T12:22:15+00:00","og_image":[{"width":620,"height":909,"url":"https:\/\/letrame.com\/catalogo\/wp-content\/uploads\/2026\/04\/elreydelosbufones_13mm4.jpg","type":"image\/jpeg"}],"twitter_card":"summary_large_image","twitter_misc":{"Tiempo de lectura":"2 minutos"},"schema":{"@context":"https:\/\/schema.org","@graph":[{"@type":"WebPage","@id":"https:\/\/letrame.com\/catalogo\/producto\/el-rey-de-los-bufones\/","url":"https:\/\/letrame.com\/catalogo\/producto\/el-rey-de-los-bufones\/","name":"El rey de los bufones - Catalogo | Letrame Grupo Editorial","isPartOf":{"@id":"https:\/\/letrame.com\/catalogo\/#website"},"primaryImageOfPage":{"@id":"https:\/\/letrame.com\/catalogo\/producto\/el-rey-de-los-bufones\/#primaryimage"},"image":{"@id":"https:\/\/letrame.com\/catalogo\/producto\/el-rey-de-los-bufones\/#primaryimage"},"thumbnailUrl":"https:\/\/letrame.com\/catalogo\/wp-content\/uploads\/2026\/04\/elreydelosbufones_13mm4.jpg","datePublished":"2026-04-14T12:22:14+00:00","dateModified":"2026-04-14T12:22:15+00:00","breadcrumb":{"@id":"https:\/\/letrame.com\/catalogo\/producto\/el-rey-de-los-bufones\/#breadcrumb"},"inLanguage":"es","potentialAction":[{"@type":"ReadAction","target":["https:\/\/letrame.com\/catalogo\/producto\/el-rey-de-los-bufones\/"]}]},{"@type":"ImageObject","inLanguage":"es","@id":"https:\/\/letrame.com\/catalogo\/producto\/el-rey-de-los-bufones\/#primaryimage","url":"https:\/\/letrame.com\/catalogo\/wp-content\/uploads\/2026\/04\/elreydelosbufones_13mm4.jpg","contentUrl":"https:\/\/letrame.com\/catalogo\/wp-content\/uploads\/2026\/04\/elreydelosbufones_13mm4.jpg","width":620,"height":909},{"@type":"BreadcrumbList","@id":"https:\/\/letrame.com\/catalogo\/producto\/el-rey-de-los-bufones\/#breadcrumb","itemListElement":[{"@type":"ListItem","position":1,"name":"Portada","item":"https:\/\/letrame.com\/catalogo\/"},{"@type":"ListItem","position":2,"name":"Cat\u00e1logo","item":"https:\/\/letrame.com\/catalogo\/"},{"@type":"ListItem","position":3,"name":"El rey de los bufones"}]},{"@type":"WebSite","@id":"https:\/\/letrame.com\/catalogo\/#website","url":"https:\/\/letrame.com\/catalogo\/","name":"Catalogo | Letrame Grupo Editorial","description":"","publisher":{"@id":"https:\/\/letrame.com\/catalogo\/#organization"},"potentialAction":[{"@type":"SearchAction","target":{"@type":"EntryPoint","urlTemplate":"https:\/\/letrame.com\/catalogo\/?s={search_term_string}"},"query-input":{"@type":"PropertyValueSpecification","valueRequired":true,"valueName":"search_term_string"}}],"inLanguage":"es"},{"@type":"Organization","@id":"https:\/\/letrame.com\/catalogo\/#organization","name":"Catalogo | Letrame Grupo Editorial","url":"https:\/\/letrame.com\/catalogo\/","logo":{"@type":"ImageObject","inLanguage":"es","@id":"https:\/\/letrame.com\/catalogo\/#\/schema\/logo\/image\/","url":"https:\/\/letrame.com\/catalogo\/wp-content\/uploads\/2024\/03\/logo2.webp","contentUrl":"https:\/\/letrame.com\/catalogo\/wp-content\/uploads\/2024\/03\/logo2.webp","width":394,"height":128,"caption":"Catalogo | Letrame Grupo Editorial"},"image":{"@id":"https:\/\/letrame.com\/catalogo\/#\/schema\/logo\/image\/"}}]}},"_links":{"self":[{"href":"https:\/\/letrame.com\/catalogo\/wp-json\/wp\/v2\/product\/112196","targetHints":{"allow":["GET"]}}],"collection":[{"href":"https:\/\/letrame.com\/catalogo\/wp-json\/wp\/v2\/product"}],"about":[{"href":"https:\/\/letrame.com\/catalogo\/wp-json\/wp\/v2\/types\/product"}],"replies":[{"embeddable":true,"href":"https:\/\/letrame.com\/catalogo\/wp-json\/wp\/v2\/comments?post=112196"}],"acf:post":[{"embeddable":true,"href":"https:\/\/letrame.com\/catalogo\/wp-json\/wp\/v2\/author_book\/112197"}],"wp:featuredmedia":[{"embeddable":true,"href":"https:\/\/letrame.com\/catalogo\/wp-json\/wp\/v2\/media\/112200"}],"wp:attachment":[{"href":"https:\/\/letrame.com\/catalogo\/wp-json\/wp\/v2\/media?parent=112196"}],"wp:term":[{"taxonomy":"libro","embeddable":true,"href":"https:\/\/letrame.com\/catalogo\/wp-json\/wp\/v2\/libro?post=112196"},{"taxonomy":"product_brand","embeddable":true,"href":"https:\/\/letrame.com\/catalogo\/wp-json\/wp\/v2\/product_brand?post=112196"},{"taxonomy":"product_cat","embeddable":true,"href":"https:\/\/letrame.com\/catalogo\/wp-json\/wp\/v2\/product_cat?post=112196"},{"taxonomy":"product_tag","embeddable":true,"href":"https:\/\/letrame.com\/catalogo\/wp-json\/wp\/v2\/product_tag?post=112196"}],"curies":[{"name":"wp","href":"https:\/\/api.w.org\/{rel}","templated":true}]}}