{"id":112179,"date":"2026-04-14T13:53:49","date_gmt":"2026-04-14T11:53:49","guid":{"rendered":"https:\/\/letrame.com\/catalogo\/?post_type=product&#038;p=112179"},"modified":"2026-04-14T13:53:50","modified_gmt":"2026-04-14T11:53:50","slug":"la-calendula-2a-edicion","status":"publish","type":"product","link":"https:\/\/letrame.com\/catalogo\/producto\/la-calendula-2a-edicion\/","title":{"rendered":"La cal\u00e9ndula. 2\u00aa Edici\u00f3n"},"content":{"rendered":"<p><strong>ISBN: 9791370540678<\/strong><br \/>\n<strong>T\u00edtulo: La cal\u00e9ndula. 2\u00aa Edici\u00f3n<\/strong><br \/>\n<strong>Fecha: 2026<\/strong><br \/>\n<strong>P\u00e1ginas: 360<\/strong><\/p>\n<p><strong>SINOPSIS<\/strong><\/p>\n<p>Carol tiene casi cincuenta a\u00f1os cuando su vida da un giro inesperado. Tras un matrimonio largo y sin brillo, decide romper con todo y empezar de nuevo lejos de su peque\u00f1o pueblo manchego. En una capital de tama\u00f1o medio pero bastante cosmopolita, encuentra lo que no sab\u00eda que buscaba: un lugar donde volver a sentir, a descubrirse y, sobre todo, a vivir.<\/p>\n<p>En un caf\u00e9 de barrio conoce a un grupo de mujeres que, como ella, transitan el oto\u00f1o de sus vidas con preguntas, miedos y ganas de renacer. Juntas comparten confidencias, deseos y experiencias, unas dulces y otras intensas, que les devuelven la ilusi\u00f3n y la conciencia de su propia fuerza.<\/p>\n<p>Entre risas, conversaciones, primeras veces y encuentros imprevistos, Carol se enfrenta a su propio despertar, el del cuerpo, el de la libertad y el de un valor personal que desconoc\u00eda.<\/p>\n<p>A trav\u00e9s de peque\u00f1as historias conectadas entre s\u00ed, La cal\u00e9ndula narra el renacer de unas mujeres que vuelven a florecer cuando cre\u00edan que ya no quedaba primavera en sus vidas. Un relato \u00edntimo, tierno y valiente sobre la amistad, el placer, el amor en todas sus formas y la capacidad de reinventarse cuando todo parece ya escrito.<\/p>\n","protected":false},"excerpt":{"rendered":"<p><strong>ISBN: 9791370540678<\/strong><\/p>\n<p><strong>SINOPSIS<\/strong><\/p>\n<p>Carol tiene casi cincuenta a\u00f1os cuando su vida da un giro inesperado. Tras un matrimonio largo y sin brillo, decide romper con todo y empezar de nuevo lejos de su peque\u00f1o pueblo manchego. En una capital de tama\u00f1o medio pero bastante cosmopolita, encuentra lo que no sab\u00eda que buscaba: un lugar donde volver a sentir, a descubrirse y, sobre todo, a vivir.<\/p>\n<p>En un caf\u00e9 de barrio conoce a un grupo de mujeres que, como ella, transitan el oto\u00f1o de sus vidas con preguntas, miedos y ganas de renacer. Juntas comparten confidencias, deseos y experiencias, unas dulces y otras intensas, que les devuelven la ilusi\u00f3n y la conciencia de su propia fuerza.<\/p>\n<p>Entre risas, conversaciones, primeras veces y encuentros imprevistos, Carol se enfrenta a su propio despertar, el del cuerpo, el de la libertad y el de un valor personal que desconoc\u00eda.<\/p>\n<p>A trav\u00e9s de peque\u00f1as historias conectadas entre s\u00ed, La cal\u00e9ndula narra el renacer de unas mujeres que vuelven a florecer cuando cre\u00edan que ya no quedaba primavera en sus vidas. Un relato \u00edntimo, tierno y valiente sobre la amistad, el placer, el amor en todas sus formas y la capacidad de reinventarse cuando todo parece ya escrito.<\/p>\n","protected":false},"featured_media":112183,"comment_status":"open","ping_status":"closed","template":"","meta":{"_acf_changed":false},"libro":[],"product_brand":[],"product_cat":[141],"product_tag":[],"class_list":{"0":"post-112179","1":"product","2":"type-product","3":"status-publish","4":"has-post-thumbnail","6":"product_cat-ficcion","8":"first","9":"instock","10":"shipping-taxable","11":"product-type-simple"},"acf":{"autor":[112180],"enlace_de_compra":"https:\/\/amzn.to\/4cx5i0q"},"yoast_head":"<!-- This site is optimized with the Yoast SEO plugin v26.6 - https:\/\/yoast.com\/wordpress\/plugins\/seo\/ -->\n<title>La cal\u00e9ndula. 2\u00aa Edici\u00f3n - Catalogo | Letrame Grupo Editorial<\/title>\n<meta name=\"robots\" content=\"index, follow, max-snippet:-1, max-image-preview:large, max-video-preview:-1\" \/>\n<link rel=\"canonical\" href=\"https:\/\/letrame.com\/catalogo\/producto\/la-calendula-2a-edicion\/\" \/>\n<meta property=\"og:locale\" content=\"es_ES\" \/>\n<meta property=\"og:type\" content=\"article\" \/>\n<meta property=\"og:title\" content=\"La cal\u00e9ndula. 2\u00aa Edici\u00f3n - Catalogo | Letrame Grupo Editorial\" \/>\n<meta property=\"og:description\" content=\"ISBN: 9791370540678  SINOPSIS  Carol tiene casi cincuenta a\u00f1os cuando su vida da un giro inesperado. Tras un matrimonio largo y sin brillo, decide romper con todo y empezar de nuevo lejos de su peque\u00f1o pueblo manchego. En una capital de tama\u00f1o medio pero bastante cosmopolita, encuentra lo que no sab\u00eda que buscaba: un lugar donde volver a sentir, a descubrirse y, sobre todo, a vivir.  En un caf\u00e9 de barrio conoce a un grupo de mujeres que, como ella, transitan el oto\u00f1o de sus vidas con preguntas, miedos y ganas de renacer. Juntas comparten confidencias, deseos y experiencias, unas dulces y otras intensas, que les devuelven la ilusi\u00f3n y la conciencia de su propia fuerza.  Entre risas, conversaciones, primeras veces y encuentros imprevistos, Carol se enfrenta a su propio despertar, el del cuerpo, el de la libertad y el de un valor personal que desconoc\u00eda.  A trav\u00e9s de peque\u00f1as historias conectadas entre s\u00ed, La cal\u00e9ndula narra el renacer de unas mujeres que vuelven a florecer cuando cre\u00edan que ya no quedaba primavera en sus vidas. Un relato \u00edntimo, tierno y valiente sobre la amistad, el placer, el amor en todas sus formas y la capacidad de reinventarse cuando todo parece ya escrito.\" \/>\n<meta property=\"og:url\" content=\"https:\/\/letrame.com\/catalogo\/producto\/la-calendula-2a-edicion\/\" \/>\n<meta property=\"og:site_name\" content=\"Catalogo | Letrame Grupo Editorial\" \/>\n<meta property=\"article:modified_time\" content=\"2026-04-14T11:53:50+00:00\" \/>\n<meta property=\"og:image\" content=\"https:\/\/letrame.com\/catalogo\/wp-content\/uploads\/2026\/04\/Captura-de-pantalla-2026-04-14-134808.jpg\" \/>\n\t<meta property=\"og:image:width\" content=\"769\" \/>\n\t<meta property=\"og:image:height\" content=\"1169\" \/>\n\t<meta property=\"og:image:type\" content=\"image\/jpeg\" \/>\n<meta name=\"twitter:card\" content=\"summary_large_image\" \/>\n<meta name=\"twitter:label1\" content=\"Tiempo de lectura\" \/>\n\t<meta name=\"twitter:data1\" content=\"2 minutos\" \/>\n<script type=\"application\/ld+json\" class=\"yoast-schema-graph\">{\"@context\":\"https:\/\/schema.org\",\"@graph\":[{\"@type\":\"WebPage\",\"@id\":\"https:\/\/letrame.com\/catalogo\/producto\/la-calendula-2a-edicion\/\",\"url\":\"https:\/\/letrame.com\/catalogo\/producto\/la-calendula-2a-edicion\/\",\"name\":\"La cal\u00e9ndula. 2\u00aa Edici\u00f3n - Catalogo | Letrame Grupo Editorial\",\"isPartOf\":{\"@id\":\"https:\/\/letrame.com\/catalogo\/#website\"},\"primaryImageOfPage\":{\"@id\":\"https:\/\/letrame.com\/catalogo\/producto\/la-calendula-2a-edicion\/#primaryimage\"},\"image\":{\"@id\":\"https:\/\/letrame.com\/catalogo\/producto\/la-calendula-2a-edicion\/#primaryimage\"},\"thumbnailUrl\":\"https:\/\/letrame.com\/catalogo\/wp-content\/uploads\/2026\/04\/Captura-de-pantalla-2026-04-14-134808.jpg\",\"datePublished\":\"2026-04-14T11:53:49+00:00\",\"dateModified\":\"2026-04-14T11:53:50+00:00\",\"breadcrumb\":{\"@id\":\"https:\/\/letrame.com\/catalogo\/producto\/la-calendula-2a-edicion\/#breadcrumb\"},\"inLanguage\":\"es\",\"potentialAction\":[{\"@type\":\"ReadAction\",\"target\":[\"https:\/\/letrame.com\/catalogo\/producto\/la-calendula-2a-edicion\/\"]}]},{\"@type\":\"ImageObject\",\"inLanguage\":\"es\",\"@id\":\"https:\/\/letrame.com\/catalogo\/producto\/la-calendula-2a-edicion\/#primaryimage\",\"url\":\"https:\/\/letrame.com\/catalogo\/wp-content\/uploads\/2026\/04\/Captura-de-pantalla-2026-04-14-134808.jpg\",\"contentUrl\":\"https:\/\/letrame.com\/catalogo\/wp-content\/uploads\/2026\/04\/Captura-de-pantalla-2026-04-14-134808.jpg\",\"width\":769,\"height\":1169},{\"@type\":\"BreadcrumbList\",\"@id\":\"https:\/\/letrame.com\/catalogo\/producto\/la-calendula-2a-edicion\/#breadcrumb\",\"itemListElement\":[{\"@type\":\"ListItem\",\"position\":1,\"name\":\"Portada\",\"item\":\"https:\/\/letrame.com\/catalogo\/\"},{\"@type\":\"ListItem\",\"position\":2,\"name\":\"Cat\u00e1logo\",\"item\":\"https:\/\/letrame.com\/catalogo\/\"},{\"@type\":\"ListItem\",\"position\":3,\"name\":\"La cal\u00e9ndula. 2\u00aa Edici\u00f3n\"}]},{\"@type\":\"WebSite\",\"@id\":\"https:\/\/letrame.com\/catalogo\/#website\",\"url\":\"https:\/\/letrame.com\/catalogo\/\",\"name\":\"Catalogo | Letrame Grupo Editorial\",\"description\":\"\",\"publisher\":{\"@id\":\"https:\/\/letrame.com\/catalogo\/#organization\"},\"potentialAction\":[{\"@type\":\"SearchAction\",\"target\":{\"@type\":\"EntryPoint\",\"urlTemplate\":\"https:\/\/letrame.com\/catalogo\/?s={search_term_string}\"},\"query-input\":{\"@type\":\"PropertyValueSpecification\",\"valueRequired\":true,\"valueName\":\"search_term_string\"}}],\"inLanguage\":\"es\"},{\"@type\":\"Organization\",\"@id\":\"https:\/\/letrame.com\/catalogo\/#organization\",\"name\":\"Catalogo | Letrame Grupo Editorial\",\"url\":\"https:\/\/letrame.com\/catalogo\/\",\"logo\":{\"@type\":\"ImageObject\",\"inLanguage\":\"es\",\"@id\":\"https:\/\/letrame.com\/catalogo\/#\/schema\/logo\/image\/\",\"url\":\"https:\/\/letrame.com\/catalogo\/wp-content\/uploads\/2024\/03\/logo2.webp\",\"contentUrl\":\"https:\/\/letrame.com\/catalogo\/wp-content\/uploads\/2024\/03\/logo2.webp\",\"width\":394,\"height\":128,\"caption\":\"Catalogo | Letrame Grupo Editorial\"},\"image\":{\"@id\":\"https:\/\/letrame.com\/catalogo\/#\/schema\/logo\/image\/\"}}]}<\/script>\n<!-- \/ Yoast SEO plugin. -->","yoast_head_json":{"title":"La cal\u00e9ndula. 2\u00aa Edici\u00f3n - Catalogo | Letrame Grupo Editorial","robots":{"index":"index","follow":"follow","max-snippet":"max-snippet:-1","max-image-preview":"max-image-preview:large","max-video-preview":"max-video-preview:-1"},"canonical":"https:\/\/letrame.com\/catalogo\/producto\/la-calendula-2a-edicion\/","og_locale":"es_ES","og_type":"article","og_title":"La cal\u00e9ndula. 2\u00aa Edici\u00f3n - Catalogo | Letrame Grupo Editorial","og_description":"ISBN: 9791370540678  SINOPSIS  Carol tiene casi cincuenta a\u00f1os cuando su vida da un giro inesperado. Tras un matrimonio largo y sin brillo, decide romper con todo y empezar de nuevo lejos de su peque\u00f1o pueblo manchego. En una capital de tama\u00f1o medio pero bastante cosmopolita, encuentra lo que no sab\u00eda que buscaba: un lugar donde volver a sentir, a descubrirse y, sobre todo, a vivir.  En un caf\u00e9 de barrio conoce a un grupo de mujeres que, como ella, transitan el oto\u00f1o de sus vidas con preguntas, miedos y ganas de renacer. Juntas comparten confidencias, deseos y experiencias, unas dulces y otras intensas, que les devuelven la ilusi\u00f3n y la conciencia de su propia fuerza.  Entre risas, conversaciones, primeras veces y encuentros imprevistos, Carol se enfrenta a su propio despertar, el del cuerpo, el de la libertad y el de un valor personal que desconoc\u00eda.  A trav\u00e9s de peque\u00f1as historias conectadas entre s\u00ed, La cal\u00e9ndula narra el renacer de unas mujeres que vuelven a florecer cuando cre\u00edan que ya no quedaba primavera en sus vidas. Un relato \u00edntimo, tierno y valiente sobre la amistad, el placer, el amor en todas sus formas y la capacidad de reinventarse cuando todo parece ya escrito.","og_url":"https:\/\/letrame.com\/catalogo\/producto\/la-calendula-2a-edicion\/","og_site_name":"Catalogo | Letrame Grupo Editorial","article_modified_time":"2026-04-14T11:53:50+00:00","og_image":[{"width":769,"height":1169,"url":"https:\/\/letrame.com\/catalogo\/wp-content\/uploads\/2026\/04\/Captura-de-pantalla-2026-04-14-134808.jpg","type":"image\/jpeg"}],"twitter_card":"summary_large_image","twitter_misc":{"Tiempo de lectura":"2 minutos"},"schema":{"@context":"https:\/\/schema.org","@graph":[{"@type":"WebPage","@id":"https:\/\/letrame.com\/catalogo\/producto\/la-calendula-2a-edicion\/","url":"https:\/\/letrame.com\/catalogo\/producto\/la-calendula-2a-edicion\/","name":"La cal\u00e9ndula. 2\u00aa Edici\u00f3n - Catalogo | Letrame Grupo Editorial","isPartOf":{"@id":"https:\/\/letrame.com\/catalogo\/#website"},"primaryImageOfPage":{"@id":"https:\/\/letrame.com\/catalogo\/producto\/la-calendula-2a-edicion\/#primaryimage"},"image":{"@id":"https:\/\/letrame.com\/catalogo\/producto\/la-calendula-2a-edicion\/#primaryimage"},"thumbnailUrl":"https:\/\/letrame.com\/catalogo\/wp-content\/uploads\/2026\/04\/Captura-de-pantalla-2026-04-14-134808.jpg","datePublished":"2026-04-14T11:53:49+00:00","dateModified":"2026-04-14T11:53:50+00:00","breadcrumb":{"@id":"https:\/\/letrame.com\/catalogo\/producto\/la-calendula-2a-edicion\/#breadcrumb"},"inLanguage":"es","potentialAction":[{"@type":"ReadAction","target":["https:\/\/letrame.com\/catalogo\/producto\/la-calendula-2a-edicion\/"]}]},{"@type":"ImageObject","inLanguage":"es","@id":"https:\/\/letrame.com\/catalogo\/producto\/la-calendula-2a-edicion\/#primaryimage","url":"https:\/\/letrame.com\/catalogo\/wp-content\/uploads\/2026\/04\/Captura-de-pantalla-2026-04-14-134808.jpg","contentUrl":"https:\/\/letrame.com\/catalogo\/wp-content\/uploads\/2026\/04\/Captura-de-pantalla-2026-04-14-134808.jpg","width":769,"height":1169},{"@type":"BreadcrumbList","@id":"https:\/\/letrame.com\/catalogo\/producto\/la-calendula-2a-edicion\/#breadcrumb","itemListElement":[{"@type":"ListItem","position":1,"name":"Portada","item":"https:\/\/letrame.com\/catalogo\/"},{"@type":"ListItem","position":2,"name":"Cat\u00e1logo","item":"https:\/\/letrame.com\/catalogo\/"},{"@type":"ListItem","position":3,"name":"La cal\u00e9ndula. 2\u00aa Edici\u00f3n"}]},{"@type":"WebSite","@id":"https:\/\/letrame.com\/catalogo\/#website","url":"https:\/\/letrame.com\/catalogo\/","name":"Catalogo | Letrame Grupo Editorial","description":"","publisher":{"@id":"https:\/\/letrame.com\/catalogo\/#organization"},"potentialAction":[{"@type":"SearchAction","target":{"@type":"EntryPoint","urlTemplate":"https:\/\/letrame.com\/catalogo\/?s={search_term_string}"},"query-input":{"@type":"PropertyValueSpecification","valueRequired":true,"valueName":"search_term_string"}}],"inLanguage":"es"},{"@type":"Organization","@id":"https:\/\/letrame.com\/catalogo\/#organization","name":"Catalogo | Letrame Grupo Editorial","url":"https:\/\/letrame.com\/catalogo\/","logo":{"@type":"ImageObject","inLanguage":"es","@id":"https:\/\/letrame.com\/catalogo\/#\/schema\/logo\/image\/","url":"https:\/\/letrame.com\/catalogo\/wp-content\/uploads\/2024\/03\/logo2.webp","contentUrl":"https:\/\/letrame.com\/catalogo\/wp-content\/uploads\/2024\/03\/logo2.webp","width":394,"height":128,"caption":"Catalogo | Letrame Grupo Editorial"},"image":{"@id":"https:\/\/letrame.com\/catalogo\/#\/schema\/logo\/image\/"}}]}},"_links":{"self":[{"href":"https:\/\/letrame.com\/catalogo\/wp-json\/wp\/v2\/product\/112179","targetHints":{"allow":["GET"]}}],"collection":[{"href":"https:\/\/letrame.com\/catalogo\/wp-json\/wp\/v2\/product"}],"about":[{"href":"https:\/\/letrame.com\/catalogo\/wp-json\/wp\/v2\/types\/product"}],"replies":[{"embeddable":true,"href":"https:\/\/letrame.com\/catalogo\/wp-json\/wp\/v2\/comments?post=112179"}],"acf:post":[{"embeddable":true,"href":"https:\/\/letrame.com\/catalogo\/wp-json\/wp\/v2\/author_book\/112180"}],"wp:featuredmedia":[{"embeddable":true,"href":"https:\/\/letrame.com\/catalogo\/wp-json\/wp\/v2\/media\/112183"}],"wp:attachment":[{"href":"https:\/\/letrame.com\/catalogo\/wp-json\/wp\/v2\/media?parent=112179"}],"wp:term":[{"taxonomy":"libro","embeddable":true,"href":"https:\/\/letrame.com\/catalogo\/wp-json\/wp\/v2\/libro?post=112179"},{"taxonomy":"product_brand","embeddable":true,"href":"https:\/\/letrame.com\/catalogo\/wp-json\/wp\/v2\/product_brand?post=112179"},{"taxonomy":"product_cat","embeddable":true,"href":"https:\/\/letrame.com\/catalogo\/wp-json\/wp\/v2\/product_cat?post=112179"},{"taxonomy":"product_tag","embeddable":true,"href":"https:\/\/letrame.com\/catalogo\/wp-json\/wp\/v2\/product_tag?post=112179"}],"curies":[{"name":"wp","href":"https:\/\/api.w.org\/{rel}","templated":true}]}}