{"id":112173,"date":"2026-04-14T13:44:39","date_gmt":"2026-04-14T11:44:39","guid":{"rendered":"https:\/\/letrame.com\/catalogo\/?post_type=product&#038;p=112173"},"modified":"2026-04-14T13:45:08","modified_gmt":"2026-04-14T11:45:08","slug":"epicaricacia","status":"publish","type":"product","link":"https:\/\/letrame.com\/catalogo\/producto\/epicaricacia\/","title":{"rendered":"Epicaricacia"},"content":{"rendered":"<p><strong>ISBN: 9791370297626<\/strong><br \/>\n<strong>T\u00edtulo: Epicaricacia<\/strong><br \/>\n<strong>Fecha: 2025<\/strong><br \/>\n<strong>P\u00e1ginas: 240<\/strong><\/p>\n<p><strong>SINOPSIS<\/strong><\/p>\n<p>En un barrio no muy concurrido de la ciudad, los vecinos se extra\u00f1an por el olor que sale de una casa, as\u00ed que llaman a las autoridades pertinentes.<br \/>\nNo pasa mucho tiempo cuando llegan no solo estas, sino tambi\u00e9n los familiares de una mujer anciana, quien al parecer ha decidido terminar con su vida. Pese a ser una mujer analfabeta, criada en la d\u00e9cada de 1940 donde el contexto del pa\u00eds no favorece la educaci\u00f3n para las mujeres, en la escena se halla el manuscrito que dar\u00eda cuenta de las razones de esta decisi\u00f3n. Seg\u00fan el relato, todo comienza cuando decide beber la sangre de un buitre o chulo, seg\u00fan lenguaje popular, a fin de conseguir un remedio para curar el c\u00e1ncer. En el relato se describen los personajes que hicieron parte de sus \u00faltimos d\u00edas, al parecer productos de su imaginaci\u00f3n seg\u00fan el diagn\u00f3stico en el \u00faltimo reporte m\u00e9dico. No obstante, las memorias ajenas o imaginarias, que esta mujer anciana adquiere, le permiten no solo aprender a leer y a escribir, sino tambi\u00e9n a desarrollar habilidades complejas, como operaciones matem\u00e1ticas, tocar el piano o el viol\u00edn.<\/p>\n<p>Mart\u00edn, un joven con una extraordinaria sensibilidad, ser\u00e1 el responsable de transmitir por medio de la sangre el folklore agridulce de algunas regiones de Colombia, las cuales se relatan en medio de la complejidad de sus emociones. En otras palabras, las memorias ajenas que se narran en el manuscrito de Amelia, describen tradiciones y costumbres que acompa\u00f1an el folklore colombiano: festividades sustentadas en la epicaricacia, es decir, la satisfacci\u00f3n por el sufrimiento de otros, y cuyas historias han moldeado el comportamiento de esta regi\u00f3n.<\/p>\n<p>En paralelo, Abigail, la abuela de Mart\u00edn, y otros personajes representan desde sus relatos propios, la manera como se percibe el mundo cuando no hay una ciencia que explique enfermedades humillantes, la muerte o la intangibilidad de los sentimientos. Desde un abanico de colores, el manuscrito intenta materializar emociones como la epicaricacia, la acrimonia entre otros demonios que aparecen en las vivencias de sus dolientes, y finalmente el relato insoportable que le lleva a terminar con su vida.<\/p>\n","protected":false},"excerpt":{"rendered":"<p><strong>ISBN: 9791370297626<\/strong><\/p>\n<p><strong>SINOPSIS<\/strong><\/p>\n<p>En un barrio no muy concurrido de la ciudad, los vecinos se extra\u00f1an por el olor que sale de una casa, as\u00ed que llaman a las autoridades pertinentes.<br \/>\nNo pasa mucho tiempo cuando llegan no solo estas, sino tambi\u00e9n los familiares de una mujer anciana, quien al parecer ha decidido terminar con su vida. Pese a ser una mujer analfabeta, criada en la d\u00e9cada de 1940 donde el contexto del pa\u00eds no favorece la educaci\u00f3n para las mujeres, en la escena se halla el manuscrito que dar\u00eda cuenta de las razones de esta decisi\u00f3n. Seg\u00fan el relato, todo comienza cuando decide beber la sangre de un buitre o chulo, seg\u00fan lenguaje popular, a fin de conseguir un remedio para curar el c\u00e1ncer. En el relato se describen los personajes que hicieron parte de sus \u00faltimos d\u00edas, al parecer productos de su imaginaci\u00f3n seg\u00fan el diagn\u00f3stico en el \u00faltimo reporte m\u00e9dico. No obstante, las memorias ajenas o imaginarias, que esta mujer anciana adquiere, le permiten no solo aprender a leer y a escribir, sino tambi\u00e9n a desarrollar habilidades complejas, como operaciones matem\u00e1ticas, tocar el piano o el viol\u00edn.<\/p>\n<p>Mart\u00edn, un joven con una extraordinaria sensibilidad, ser\u00e1 el responsable de transmitir por medio de la sangre el folklore agridulce de algunas regiones de Colombia, las cuales se relatan en medio de la complejidad de sus emociones. En otras palabras, las memorias ajenas que se narran en el manuscrito de Amelia, describen tradiciones y costumbres que acompa\u00f1an el folklore colombiano: festividades sustentadas en la epicaricacia, es decir, la satisfacci\u00f3n por el sufrimiento de otros, y cuyas historias han moldeado el comportamiento de esta regi\u00f3n.<\/p>\n<p>En paralelo, Abigail, la abuela de Mart\u00edn, y otros personajes representan desde sus relatos propios, la manera como se percibe el mundo cuando no hay una ciencia que explique enfermedades humillantes, la muerte o la intangibilidad de los sentimientos. Desde un abanico de colores, el manuscrito intenta materializar emociones como la epicaricacia, la acrimonia entre otros demonios que aparecen en las vivencias de sus dolientes, y finalmente el relato insoportable que le lleva a terminar con su vida.<\/p>\n","protected":false},"featured_media":112177,"comment_status":"open","ping_status":"closed","template":"","meta":{"_acf_changed":false},"libro":[],"product_brand":[],"product_cat":[47],"product_tag":[],"class_list":{"0":"post-112173","1":"product","2":"type-product","3":"status-publish","4":"has-post-thumbnail","6":"product_cat-ciencia-ficcion-misterio","8":"first","9":"instock","10":"shipping-taxable","11":"product-type-simple"},"acf":{"autor":[112174],"enlace_de_compra":"https:\/\/amzn.to\/4t4XqtS"},"yoast_head":"<!-- This site is optimized with the Yoast SEO plugin v26.6 - https:\/\/yoast.com\/wordpress\/plugins\/seo\/ -->\n<title>Epicaricacia - Catalogo | Letrame Grupo Editorial<\/title>\n<meta name=\"robots\" content=\"index, follow, max-snippet:-1, max-image-preview:large, max-video-preview:-1\" \/>\n<link rel=\"canonical\" href=\"https:\/\/letrame.com\/catalogo\/producto\/epicaricacia\/\" \/>\n<meta property=\"og:locale\" content=\"es_ES\" \/>\n<meta property=\"og:type\" content=\"article\" \/>\n<meta property=\"og:title\" content=\"Epicaricacia - Catalogo | Letrame Grupo Editorial\" \/>\n<meta property=\"og:description\" content=\"ISBN: 9791370297626  SINOPSIS  En un barrio no muy concurrido de la ciudad, los vecinos se extra\u00f1an por el olor que sale de una casa, as\u00ed que llaman a las autoridades pertinentes. No pasa mucho tiempo cuando llegan no solo estas, sino tambi\u00e9n los familiares de una mujer anciana, quien al parecer ha decidido terminar con su vida. Pese a ser una mujer analfabeta, criada en la d\u00e9cada de 1940 donde el contexto del pa\u00eds no favorece la educaci\u00f3n para las mujeres, en la escena se halla el manuscrito que dar\u00eda cuenta de las razones de esta decisi\u00f3n. Seg\u00fan el relato, todo comienza cuando decide beber la sangre de un buitre o chulo, seg\u00fan lenguaje popular, a fin de conseguir un remedio para curar el c\u00e1ncer. En el relato se describen los personajes que hicieron parte de sus \u00faltimos d\u00edas, al parecer productos de su imaginaci\u00f3n seg\u00fan el diagn\u00f3stico en el \u00faltimo reporte m\u00e9dico. No obstante, las memorias ajenas o imaginarias, que esta mujer anciana adquiere, le permiten no solo aprender a leer y a escribir, sino tambi\u00e9n a desarrollar habilidades complejas, como operaciones matem\u00e1ticas, tocar el piano o el viol\u00edn.  Mart\u00edn, un joven con una extraordinaria sensibilidad, ser\u00e1 el responsable de transmitir por medio de la sangre el folklore agridulce de algunas regiones de Colombia, las cuales se relatan en medio de la complejidad de sus emociones. En otras palabras, las memorias ajenas que se narran en el manuscrito de Amelia, describen tradiciones y costumbres que acompa\u00f1an el folklore colombiano: festividades sustentadas en la epicaricacia, es decir, la satisfacci\u00f3n por el sufrimiento de otros, y cuyas historias han moldeado el comportamiento de esta regi\u00f3n.  En paralelo, Abigail, la abuela de Mart\u00edn, y otros personajes representan desde sus relatos propios, la manera como se percibe el mundo cuando no hay una ciencia que explique enfermedades humillantes, la muerte o la intangibilidad de los sentimientos. Desde un abanico de colores, el manuscrito intenta materializar emociones como la epicaricacia, la acrimonia entre otros demonios que aparecen en las vivencias de sus dolientes, y finalmente el relato insoportable que le lleva a terminar con su vida.\" \/>\n<meta property=\"og:url\" content=\"https:\/\/letrame.com\/catalogo\/producto\/epicaricacia\/\" \/>\n<meta property=\"og:site_name\" content=\"Catalogo | Letrame Grupo Editorial\" \/>\n<meta property=\"article:modified_time\" content=\"2026-04-14T11:45:08+00:00\" \/>\n<meta property=\"og:image\" content=\"https:\/\/letrame.com\/catalogo\/wp-content\/uploads\/2026\/04\/epicaricacia_1194mm4.jpg\" \/>\n\t<meta property=\"og:image:width\" content=\"886\" \/>\n\t<meta property=\"og:image:height\" content=\"1240\" \/>\n\t<meta property=\"og:image:type\" content=\"image\/jpeg\" \/>\n<meta name=\"twitter:card\" content=\"summary_large_image\" \/>\n<meta name=\"twitter:label1\" content=\"Tiempo de lectura\" \/>\n\t<meta name=\"twitter:data1\" content=\"2 minutos\" \/>\n<script type=\"application\/ld+json\" class=\"yoast-schema-graph\">{\"@context\":\"https:\/\/schema.org\",\"@graph\":[{\"@type\":\"WebPage\",\"@id\":\"https:\/\/letrame.com\/catalogo\/producto\/epicaricacia\/\",\"url\":\"https:\/\/letrame.com\/catalogo\/producto\/epicaricacia\/\",\"name\":\"Epicaricacia - Catalogo | Letrame Grupo Editorial\",\"isPartOf\":{\"@id\":\"https:\/\/letrame.com\/catalogo\/#website\"},\"primaryImageOfPage\":{\"@id\":\"https:\/\/letrame.com\/catalogo\/producto\/epicaricacia\/#primaryimage\"},\"image\":{\"@id\":\"https:\/\/letrame.com\/catalogo\/producto\/epicaricacia\/#primaryimage\"},\"thumbnailUrl\":\"https:\/\/letrame.com\/catalogo\/wp-content\/uploads\/2026\/04\/epicaricacia_1194mm4.jpg\",\"datePublished\":\"2026-04-14T11:44:39+00:00\",\"dateModified\":\"2026-04-14T11:45:08+00:00\",\"breadcrumb\":{\"@id\":\"https:\/\/letrame.com\/catalogo\/producto\/epicaricacia\/#breadcrumb\"},\"inLanguage\":\"es\",\"potentialAction\":[{\"@type\":\"ReadAction\",\"target\":[\"https:\/\/letrame.com\/catalogo\/producto\/epicaricacia\/\"]}]},{\"@type\":\"ImageObject\",\"inLanguage\":\"es\",\"@id\":\"https:\/\/letrame.com\/catalogo\/producto\/epicaricacia\/#primaryimage\",\"url\":\"https:\/\/letrame.com\/catalogo\/wp-content\/uploads\/2026\/04\/epicaricacia_1194mm4.jpg\",\"contentUrl\":\"https:\/\/letrame.com\/catalogo\/wp-content\/uploads\/2026\/04\/epicaricacia_1194mm4.jpg\",\"width\":886,\"height\":1240},{\"@type\":\"BreadcrumbList\",\"@id\":\"https:\/\/letrame.com\/catalogo\/producto\/epicaricacia\/#breadcrumb\",\"itemListElement\":[{\"@type\":\"ListItem\",\"position\":1,\"name\":\"Portada\",\"item\":\"https:\/\/letrame.com\/catalogo\/\"},{\"@type\":\"ListItem\",\"position\":2,\"name\":\"Cat\u00e1logo\",\"item\":\"https:\/\/letrame.com\/catalogo\/\"},{\"@type\":\"ListItem\",\"position\":3,\"name\":\"Epicaricacia\"}]},{\"@type\":\"WebSite\",\"@id\":\"https:\/\/letrame.com\/catalogo\/#website\",\"url\":\"https:\/\/letrame.com\/catalogo\/\",\"name\":\"Catalogo | Letrame Grupo Editorial\",\"description\":\"\",\"publisher\":{\"@id\":\"https:\/\/letrame.com\/catalogo\/#organization\"},\"potentialAction\":[{\"@type\":\"SearchAction\",\"target\":{\"@type\":\"EntryPoint\",\"urlTemplate\":\"https:\/\/letrame.com\/catalogo\/?s={search_term_string}\"},\"query-input\":{\"@type\":\"PropertyValueSpecification\",\"valueRequired\":true,\"valueName\":\"search_term_string\"}}],\"inLanguage\":\"es\"},{\"@type\":\"Organization\",\"@id\":\"https:\/\/letrame.com\/catalogo\/#organization\",\"name\":\"Catalogo | Letrame Grupo Editorial\",\"url\":\"https:\/\/letrame.com\/catalogo\/\",\"logo\":{\"@type\":\"ImageObject\",\"inLanguage\":\"es\",\"@id\":\"https:\/\/letrame.com\/catalogo\/#\/schema\/logo\/image\/\",\"url\":\"https:\/\/letrame.com\/catalogo\/wp-content\/uploads\/2024\/03\/logo2.webp\",\"contentUrl\":\"https:\/\/letrame.com\/catalogo\/wp-content\/uploads\/2024\/03\/logo2.webp\",\"width\":394,\"height\":128,\"caption\":\"Catalogo | Letrame Grupo Editorial\"},\"image\":{\"@id\":\"https:\/\/letrame.com\/catalogo\/#\/schema\/logo\/image\/\"}}]}<\/script>\n<!-- \/ Yoast SEO plugin. -->","yoast_head_json":{"title":"Epicaricacia - Catalogo | Letrame Grupo Editorial","robots":{"index":"index","follow":"follow","max-snippet":"max-snippet:-1","max-image-preview":"max-image-preview:large","max-video-preview":"max-video-preview:-1"},"canonical":"https:\/\/letrame.com\/catalogo\/producto\/epicaricacia\/","og_locale":"es_ES","og_type":"article","og_title":"Epicaricacia - Catalogo | Letrame Grupo Editorial","og_description":"ISBN: 9791370297626  SINOPSIS  En un barrio no muy concurrido de la ciudad, los vecinos se extra\u00f1an por el olor que sale de una casa, as\u00ed que llaman a las autoridades pertinentes. No pasa mucho tiempo cuando llegan no solo estas, sino tambi\u00e9n los familiares de una mujer anciana, quien al parecer ha decidido terminar con su vida. Pese a ser una mujer analfabeta, criada en la d\u00e9cada de 1940 donde el contexto del pa\u00eds no favorece la educaci\u00f3n para las mujeres, en la escena se halla el manuscrito que dar\u00eda cuenta de las razones de esta decisi\u00f3n. Seg\u00fan el relato, todo comienza cuando decide beber la sangre de un buitre o chulo, seg\u00fan lenguaje popular, a fin de conseguir un remedio para curar el c\u00e1ncer. En el relato se describen los personajes que hicieron parte de sus \u00faltimos d\u00edas, al parecer productos de su imaginaci\u00f3n seg\u00fan el diagn\u00f3stico en el \u00faltimo reporte m\u00e9dico. No obstante, las memorias ajenas o imaginarias, que esta mujer anciana adquiere, le permiten no solo aprender a leer y a escribir, sino tambi\u00e9n a desarrollar habilidades complejas, como operaciones matem\u00e1ticas, tocar el piano o el viol\u00edn.  Mart\u00edn, un joven con una extraordinaria sensibilidad, ser\u00e1 el responsable de transmitir por medio de la sangre el folklore agridulce de algunas regiones de Colombia, las cuales se relatan en medio de la complejidad de sus emociones. En otras palabras, las memorias ajenas que se narran en el manuscrito de Amelia, describen tradiciones y costumbres que acompa\u00f1an el folklore colombiano: festividades sustentadas en la epicaricacia, es decir, la satisfacci\u00f3n por el sufrimiento de otros, y cuyas historias han moldeado el comportamiento de esta regi\u00f3n.  En paralelo, Abigail, la abuela de Mart\u00edn, y otros personajes representan desde sus relatos propios, la manera como se percibe el mundo cuando no hay una ciencia que explique enfermedades humillantes, la muerte o la intangibilidad de los sentimientos. Desde un abanico de colores, el manuscrito intenta materializar emociones como la epicaricacia, la acrimonia entre otros demonios que aparecen en las vivencias de sus dolientes, y finalmente el relato insoportable que le lleva a terminar con su vida.","og_url":"https:\/\/letrame.com\/catalogo\/producto\/epicaricacia\/","og_site_name":"Catalogo | Letrame Grupo Editorial","article_modified_time":"2026-04-14T11:45:08+00:00","og_image":[{"width":886,"height":1240,"url":"https:\/\/letrame.com\/catalogo\/wp-content\/uploads\/2026\/04\/epicaricacia_1194mm4.jpg","type":"image\/jpeg"}],"twitter_card":"summary_large_image","twitter_misc":{"Tiempo de lectura":"2 minutos"},"schema":{"@context":"https:\/\/schema.org","@graph":[{"@type":"WebPage","@id":"https:\/\/letrame.com\/catalogo\/producto\/epicaricacia\/","url":"https:\/\/letrame.com\/catalogo\/producto\/epicaricacia\/","name":"Epicaricacia - Catalogo | Letrame Grupo Editorial","isPartOf":{"@id":"https:\/\/letrame.com\/catalogo\/#website"},"primaryImageOfPage":{"@id":"https:\/\/letrame.com\/catalogo\/producto\/epicaricacia\/#primaryimage"},"image":{"@id":"https:\/\/letrame.com\/catalogo\/producto\/epicaricacia\/#primaryimage"},"thumbnailUrl":"https:\/\/letrame.com\/catalogo\/wp-content\/uploads\/2026\/04\/epicaricacia_1194mm4.jpg","datePublished":"2026-04-14T11:44:39+00:00","dateModified":"2026-04-14T11:45:08+00:00","breadcrumb":{"@id":"https:\/\/letrame.com\/catalogo\/producto\/epicaricacia\/#breadcrumb"},"inLanguage":"es","potentialAction":[{"@type":"ReadAction","target":["https:\/\/letrame.com\/catalogo\/producto\/epicaricacia\/"]}]},{"@type":"ImageObject","inLanguage":"es","@id":"https:\/\/letrame.com\/catalogo\/producto\/epicaricacia\/#primaryimage","url":"https:\/\/letrame.com\/catalogo\/wp-content\/uploads\/2026\/04\/epicaricacia_1194mm4.jpg","contentUrl":"https:\/\/letrame.com\/catalogo\/wp-content\/uploads\/2026\/04\/epicaricacia_1194mm4.jpg","width":886,"height":1240},{"@type":"BreadcrumbList","@id":"https:\/\/letrame.com\/catalogo\/producto\/epicaricacia\/#breadcrumb","itemListElement":[{"@type":"ListItem","position":1,"name":"Portada","item":"https:\/\/letrame.com\/catalogo\/"},{"@type":"ListItem","position":2,"name":"Cat\u00e1logo","item":"https:\/\/letrame.com\/catalogo\/"},{"@type":"ListItem","position":3,"name":"Epicaricacia"}]},{"@type":"WebSite","@id":"https:\/\/letrame.com\/catalogo\/#website","url":"https:\/\/letrame.com\/catalogo\/","name":"Catalogo | Letrame Grupo Editorial","description":"","publisher":{"@id":"https:\/\/letrame.com\/catalogo\/#organization"},"potentialAction":[{"@type":"SearchAction","target":{"@type":"EntryPoint","urlTemplate":"https:\/\/letrame.com\/catalogo\/?s={search_term_string}"},"query-input":{"@type":"PropertyValueSpecification","valueRequired":true,"valueName":"search_term_string"}}],"inLanguage":"es"},{"@type":"Organization","@id":"https:\/\/letrame.com\/catalogo\/#organization","name":"Catalogo | Letrame Grupo Editorial","url":"https:\/\/letrame.com\/catalogo\/","logo":{"@type":"ImageObject","inLanguage":"es","@id":"https:\/\/letrame.com\/catalogo\/#\/schema\/logo\/image\/","url":"https:\/\/letrame.com\/catalogo\/wp-content\/uploads\/2024\/03\/logo2.webp","contentUrl":"https:\/\/letrame.com\/catalogo\/wp-content\/uploads\/2024\/03\/logo2.webp","width":394,"height":128,"caption":"Catalogo | Letrame Grupo Editorial"},"image":{"@id":"https:\/\/letrame.com\/catalogo\/#\/schema\/logo\/image\/"}}]}},"_links":{"self":[{"href":"https:\/\/letrame.com\/catalogo\/wp-json\/wp\/v2\/product\/112173","targetHints":{"allow":["GET"]}}],"collection":[{"href":"https:\/\/letrame.com\/catalogo\/wp-json\/wp\/v2\/product"}],"about":[{"href":"https:\/\/letrame.com\/catalogo\/wp-json\/wp\/v2\/types\/product"}],"replies":[{"embeddable":true,"href":"https:\/\/letrame.com\/catalogo\/wp-json\/wp\/v2\/comments?post=112173"}],"acf:post":[{"embeddable":true,"href":"https:\/\/letrame.com\/catalogo\/wp-json\/wp\/v2\/author_book\/112174"}],"wp:featuredmedia":[{"embeddable":true,"href":"https:\/\/letrame.com\/catalogo\/wp-json\/wp\/v2\/media\/112177"}],"wp:attachment":[{"href":"https:\/\/letrame.com\/catalogo\/wp-json\/wp\/v2\/media?parent=112173"}],"wp:term":[{"taxonomy":"libro","embeddable":true,"href":"https:\/\/letrame.com\/catalogo\/wp-json\/wp\/v2\/libro?post=112173"},{"taxonomy":"product_brand","embeddable":true,"href":"https:\/\/letrame.com\/catalogo\/wp-json\/wp\/v2\/product_brand?post=112173"},{"taxonomy":"product_cat","embeddable":true,"href":"https:\/\/letrame.com\/catalogo\/wp-json\/wp\/v2\/product_cat?post=112173"},{"taxonomy":"product_tag","embeddable":true,"href":"https:\/\/letrame.com\/catalogo\/wp-json\/wp\/v2\/product_tag?post=112173"}],"curies":[{"name":"wp","href":"https:\/\/api.w.org\/{rel}","templated":true}]}}