{"id":112148,"date":"2026-04-13T21:09:58","date_gmt":"2026-04-13T19:09:58","guid":{"rendered":"https:\/\/letrame.com\/catalogo\/?post_type=product&#038;p=112148"},"modified":"2026-04-13T21:09:59","modified_gmt":"2026-04-13T19:09:59","slug":"fourmi","status":"publish","type":"product","link":"https:\/\/letrame.com\/catalogo\/producto\/fourmi\/","title":{"rendered":"Fourmi"},"content":{"rendered":"<p><strong>ISBN: 9791370297466<\/strong><br \/>\n<strong>T\u00edtulo: Fourmi<\/strong><br \/>\n<strong>Fecha: 2026<\/strong><br \/>\n<strong>P\u00e1ginas: 72<\/strong><\/p>\n<p><strong>SINOPSIS<\/strong><\/p>\n<p data-start=\"0\" data-end=\"275\">Las hormigas trabajan bajo tierra. No se exhiben, no compiten, no buscan reconocimiento\u2026 Y, sin embargo, sostienen equilibrios completos, transforman el suelo y hacen posible que otras formas de vida existan. Su fuerza est\u00e1 en lo constante, en lo colectivo y en lo invisible.<\/p>\n<p data-start=\"277\" data-end=\"695\">Desde esa mirada, Ignacio R\u00edos Guzm\u00e1n propone una filosof\u00eda basada en lo peque\u00f1o y lo esencial, como trabajar desde abajo, aprender haciendo, compartir el conocimiento y comprender que el dinero es consecuencia, no motor. Una reflexi\u00f3n sobre el acto de emprender como forma de estar en el mundo, poniendo el foco en el proceso, en la \u00e9tica del hacer y en la coherencia entre lo que se piensa, se siente y se construye.<\/p>\n<p data-start=\"697\" data-end=\"923\" data-is-last-node=\"\" data-is-only-node=\"\"><em data-start=\"697\" data-end=\"731\">Fourmi: El poder de lo invisible<\/em> muestra que lo m\u00e1s valioso no hace ruido, que el progreso tambi\u00e9n puede ser silencioso y que, como las hormigas, avanzar con constancia y sentido puede transformar mucho m\u00e1s de lo que parece.<\/p>\n","protected":false},"excerpt":{"rendered":"<p><strong>ISBN: 9791370297466<\/strong><\/p>\n<p><strong>SINOPSIS<\/strong><\/p>\n<p data-start=\"0\" data-end=\"275\">Las hormigas trabajan bajo tierra. No se exhiben, no compiten, no buscan reconocimiento\u2026 Y, sin embargo, sostienen equilibrios completos, transforman el suelo y hacen posible que otras formas de vida existan. Su fuerza est\u00e1 en lo constante, en lo colectivo y en lo invisible.<\/p>\n<p data-start=\"277\" data-end=\"695\">Desde esa mirada, Ignacio R\u00edos Guzm\u00e1n propone una filosof\u00eda basada en lo peque\u00f1o y lo esencial, como trabajar desde abajo, aprender haciendo, compartir el conocimiento y comprender que el dinero es consecuencia, no motor. Una reflexi\u00f3n sobre el acto de emprender como forma de estar en el mundo, poniendo el foco en el proceso, en la \u00e9tica del hacer y en la coherencia entre lo que se piensa, se siente y se construye.<\/p>\n<p data-start=\"697\" data-end=\"923\" data-is-last-node=\"\" data-is-only-node=\"\"><em data-start=\"697\" data-end=\"731\">Fourmi: El poder de lo invisible<\/em> muestra que lo m\u00e1s valioso no hace ruido, que el progreso tambi\u00e9n puede ser silencioso y que, como las hormigas, avanzar con constancia y sentido puede transformar mucho m\u00e1s de lo que parece.<\/p>\n","protected":false},"featured_media":112150,"comment_status":"open","ping_status":"closed","template":"","meta":{"_acf_changed":false},"libro":[],"product_brand":[],"product_cat":[153],"product_tag":[],"class_list":{"0":"post-112148","1":"product","2":"type-product","3":"status-publish","4":"has-post-thumbnail","6":"product_cat-emprendimiento","8":"first","9":"instock","10":"shipping-taxable","11":"product-type-simple"},"acf":{"autor":[109881],"enlace_de_compra":"https:\/\/amzn.to\/4cseovb"},"yoast_head":"<!-- This site is optimized with the Yoast SEO plugin v26.6 - https:\/\/yoast.com\/wordpress\/plugins\/seo\/ -->\n<title>Fourmi - Catalogo | Letrame Grupo Editorial<\/title>\n<meta name=\"robots\" content=\"index, follow, max-snippet:-1, max-image-preview:large, max-video-preview:-1\" \/>\n<link rel=\"canonical\" href=\"https:\/\/letrame.com\/catalogo\/producto\/fourmi\/\" \/>\n<meta property=\"og:locale\" content=\"es_ES\" \/>\n<meta property=\"og:type\" content=\"article\" \/>\n<meta property=\"og:title\" content=\"Fourmi - Catalogo | Letrame Grupo Editorial\" \/>\n<meta property=\"og:description\" content=\"ISBN: 9791370297466  SINOPSIS Las hormigas trabajan bajo tierra. No se exhiben, no compiten, no buscan reconocimiento\u2026 Y, sin embargo, sostienen equilibrios completos, transforman el suelo y hacen posible que otras formas de vida existan. Su fuerza est\u00e1 en lo constante, en lo colectivo y en lo invisible. Desde esa mirada, Ignacio R\u00edos Guzm\u00e1n propone una filosof\u00eda basada en lo peque\u00f1o y lo esencial, como trabajar desde abajo, aprender haciendo, compartir el conocimiento y comprender que el dinero es consecuencia, no motor. Una reflexi\u00f3n sobre el acto de emprender como forma de estar en el mundo, poniendo el foco en el proceso, en la \u00e9tica del hacer y en la coherencia entre lo que se piensa, se siente y se construye. Fourmi: El poder de lo invisible muestra que lo m\u00e1s valioso no hace ruido, que el progreso tambi\u00e9n puede ser silencioso y que, como las hormigas, avanzar con constancia y sentido puede transformar mucho m\u00e1s de lo que parece.\" \/>\n<meta property=\"og:url\" content=\"https:\/\/letrame.com\/catalogo\/producto\/fourmi\/\" \/>\n<meta property=\"og:site_name\" content=\"Catalogo | Letrame Grupo Editorial\" \/>\n<meta property=\"article:modified_time\" content=\"2026-04-13T19:09:59+00:00\" \/>\n<meta property=\"og:image\" content=\"https:\/\/letrame.com\/catalogo\/wp-content\/uploads\/2026\/04\/Fourmi_4mm4.jpg\" \/>\n\t<meta property=\"og:image:width\" content=\"1181\" \/>\n\t<meta property=\"og:image:height\" content=\"1654\" \/>\n\t<meta property=\"og:image:type\" content=\"image\/jpeg\" \/>\n<meta name=\"twitter:card\" content=\"summary_large_image\" \/>\n<meta name=\"twitter:label1\" content=\"Tiempo de lectura\" \/>\n\t<meta name=\"twitter:data1\" content=\"1 minuto\" \/>\n<script type=\"application\/ld+json\" class=\"yoast-schema-graph\">{\"@context\":\"https:\/\/schema.org\",\"@graph\":[{\"@type\":\"WebPage\",\"@id\":\"https:\/\/letrame.com\/catalogo\/producto\/fourmi\/\",\"url\":\"https:\/\/letrame.com\/catalogo\/producto\/fourmi\/\",\"name\":\"Fourmi - Catalogo | Letrame Grupo Editorial\",\"isPartOf\":{\"@id\":\"https:\/\/letrame.com\/catalogo\/#website\"},\"primaryImageOfPage\":{\"@id\":\"https:\/\/letrame.com\/catalogo\/producto\/fourmi\/#primaryimage\"},\"image\":{\"@id\":\"https:\/\/letrame.com\/catalogo\/producto\/fourmi\/#primaryimage\"},\"thumbnailUrl\":\"https:\/\/letrame.com\/catalogo\/wp-content\/uploads\/2026\/04\/Fourmi_4mm4.jpg\",\"datePublished\":\"2026-04-13T19:09:58+00:00\",\"dateModified\":\"2026-04-13T19:09:59+00:00\",\"breadcrumb\":{\"@id\":\"https:\/\/letrame.com\/catalogo\/producto\/fourmi\/#breadcrumb\"},\"inLanguage\":\"es\",\"potentialAction\":[{\"@type\":\"ReadAction\",\"target\":[\"https:\/\/letrame.com\/catalogo\/producto\/fourmi\/\"]}]},{\"@type\":\"ImageObject\",\"inLanguage\":\"es\",\"@id\":\"https:\/\/letrame.com\/catalogo\/producto\/fourmi\/#primaryimage\",\"url\":\"https:\/\/letrame.com\/catalogo\/wp-content\/uploads\/2026\/04\/Fourmi_4mm4.jpg\",\"contentUrl\":\"https:\/\/letrame.com\/catalogo\/wp-content\/uploads\/2026\/04\/Fourmi_4mm4.jpg\",\"width\":1181,\"height\":1654},{\"@type\":\"BreadcrumbList\",\"@id\":\"https:\/\/letrame.com\/catalogo\/producto\/fourmi\/#breadcrumb\",\"itemListElement\":[{\"@type\":\"ListItem\",\"position\":1,\"name\":\"Portada\",\"item\":\"https:\/\/letrame.com\/catalogo\/\"},{\"@type\":\"ListItem\",\"position\":2,\"name\":\"Cat\u00e1logo\",\"item\":\"https:\/\/letrame.com\/catalogo\/\"},{\"@type\":\"ListItem\",\"position\":3,\"name\":\"Fourmi\"}]},{\"@type\":\"WebSite\",\"@id\":\"https:\/\/letrame.com\/catalogo\/#website\",\"url\":\"https:\/\/letrame.com\/catalogo\/\",\"name\":\"Catalogo | Letrame Grupo Editorial\",\"description\":\"\",\"publisher\":{\"@id\":\"https:\/\/letrame.com\/catalogo\/#organization\"},\"potentialAction\":[{\"@type\":\"SearchAction\",\"target\":{\"@type\":\"EntryPoint\",\"urlTemplate\":\"https:\/\/letrame.com\/catalogo\/?s={search_term_string}\"},\"query-input\":{\"@type\":\"PropertyValueSpecification\",\"valueRequired\":true,\"valueName\":\"search_term_string\"}}],\"inLanguage\":\"es\"},{\"@type\":\"Organization\",\"@id\":\"https:\/\/letrame.com\/catalogo\/#organization\",\"name\":\"Catalogo | Letrame Grupo Editorial\",\"url\":\"https:\/\/letrame.com\/catalogo\/\",\"logo\":{\"@type\":\"ImageObject\",\"inLanguage\":\"es\",\"@id\":\"https:\/\/letrame.com\/catalogo\/#\/schema\/logo\/image\/\",\"url\":\"https:\/\/letrame.com\/catalogo\/wp-content\/uploads\/2024\/03\/logo2.webp\",\"contentUrl\":\"https:\/\/letrame.com\/catalogo\/wp-content\/uploads\/2024\/03\/logo2.webp\",\"width\":394,\"height\":128,\"caption\":\"Catalogo | Letrame Grupo Editorial\"},\"image\":{\"@id\":\"https:\/\/letrame.com\/catalogo\/#\/schema\/logo\/image\/\"}}]}<\/script>\n<!-- \/ Yoast SEO plugin. -->","yoast_head_json":{"title":"Fourmi - Catalogo | Letrame Grupo Editorial","robots":{"index":"index","follow":"follow","max-snippet":"max-snippet:-1","max-image-preview":"max-image-preview:large","max-video-preview":"max-video-preview:-1"},"canonical":"https:\/\/letrame.com\/catalogo\/producto\/fourmi\/","og_locale":"es_ES","og_type":"article","og_title":"Fourmi - Catalogo | Letrame Grupo Editorial","og_description":"ISBN: 9791370297466  SINOPSIS Las hormigas trabajan bajo tierra. No se exhiben, no compiten, no buscan reconocimiento\u2026 Y, sin embargo, sostienen equilibrios completos, transforman el suelo y hacen posible que otras formas de vida existan. Su fuerza est\u00e1 en lo constante, en lo colectivo y en lo invisible. Desde esa mirada, Ignacio R\u00edos Guzm\u00e1n propone una filosof\u00eda basada en lo peque\u00f1o y lo esencial, como trabajar desde abajo, aprender haciendo, compartir el conocimiento y comprender que el dinero es consecuencia, no motor. Una reflexi\u00f3n sobre el acto de emprender como forma de estar en el mundo, poniendo el foco en el proceso, en la \u00e9tica del hacer y en la coherencia entre lo que se piensa, se siente y se construye. Fourmi: El poder de lo invisible muestra que lo m\u00e1s valioso no hace ruido, que el progreso tambi\u00e9n puede ser silencioso y que, como las hormigas, avanzar con constancia y sentido puede transformar mucho m\u00e1s de lo que parece.","og_url":"https:\/\/letrame.com\/catalogo\/producto\/fourmi\/","og_site_name":"Catalogo | Letrame Grupo Editorial","article_modified_time":"2026-04-13T19:09:59+00:00","og_image":[{"width":1181,"height":1654,"url":"https:\/\/letrame.com\/catalogo\/wp-content\/uploads\/2026\/04\/Fourmi_4mm4.jpg","type":"image\/jpeg"}],"twitter_card":"summary_large_image","twitter_misc":{"Tiempo de lectura":"1 minuto"},"schema":{"@context":"https:\/\/schema.org","@graph":[{"@type":"WebPage","@id":"https:\/\/letrame.com\/catalogo\/producto\/fourmi\/","url":"https:\/\/letrame.com\/catalogo\/producto\/fourmi\/","name":"Fourmi - Catalogo | Letrame Grupo Editorial","isPartOf":{"@id":"https:\/\/letrame.com\/catalogo\/#website"},"primaryImageOfPage":{"@id":"https:\/\/letrame.com\/catalogo\/producto\/fourmi\/#primaryimage"},"image":{"@id":"https:\/\/letrame.com\/catalogo\/producto\/fourmi\/#primaryimage"},"thumbnailUrl":"https:\/\/letrame.com\/catalogo\/wp-content\/uploads\/2026\/04\/Fourmi_4mm4.jpg","datePublished":"2026-04-13T19:09:58+00:00","dateModified":"2026-04-13T19:09:59+00:00","breadcrumb":{"@id":"https:\/\/letrame.com\/catalogo\/producto\/fourmi\/#breadcrumb"},"inLanguage":"es","potentialAction":[{"@type":"ReadAction","target":["https:\/\/letrame.com\/catalogo\/producto\/fourmi\/"]}]},{"@type":"ImageObject","inLanguage":"es","@id":"https:\/\/letrame.com\/catalogo\/producto\/fourmi\/#primaryimage","url":"https:\/\/letrame.com\/catalogo\/wp-content\/uploads\/2026\/04\/Fourmi_4mm4.jpg","contentUrl":"https:\/\/letrame.com\/catalogo\/wp-content\/uploads\/2026\/04\/Fourmi_4mm4.jpg","width":1181,"height":1654},{"@type":"BreadcrumbList","@id":"https:\/\/letrame.com\/catalogo\/producto\/fourmi\/#breadcrumb","itemListElement":[{"@type":"ListItem","position":1,"name":"Portada","item":"https:\/\/letrame.com\/catalogo\/"},{"@type":"ListItem","position":2,"name":"Cat\u00e1logo","item":"https:\/\/letrame.com\/catalogo\/"},{"@type":"ListItem","position":3,"name":"Fourmi"}]},{"@type":"WebSite","@id":"https:\/\/letrame.com\/catalogo\/#website","url":"https:\/\/letrame.com\/catalogo\/","name":"Catalogo | Letrame Grupo Editorial","description":"","publisher":{"@id":"https:\/\/letrame.com\/catalogo\/#organization"},"potentialAction":[{"@type":"SearchAction","target":{"@type":"EntryPoint","urlTemplate":"https:\/\/letrame.com\/catalogo\/?s={search_term_string}"},"query-input":{"@type":"PropertyValueSpecification","valueRequired":true,"valueName":"search_term_string"}}],"inLanguage":"es"},{"@type":"Organization","@id":"https:\/\/letrame.com\/catalogo\/#organization","name":"Catalogo | Letrame Grupo Editorial","url":"https:\/\/letrame.com\/catalogo\/","logo":{"@type":"ImageObject","inLanguage":"es","@id":"https:\/\/letrame.com\/catalogo\/#\/schema\/logo\/image\/","url":"https:\/\/letrame.com\/catalogo\/wp-content\/uploads\/2024\/03\/logo2.webp","contentUrl":"https:\/\/letrame.com\/catalogo\/wp-content\/uploads\/2024\/03\/logo2.webp","width":394,"height":128,"caption":"Catalogo | Letrame Grupo Editorial"},"image":{"@id":"https:\/\/letrame.com\/catalogo\/#\/schema\/logo\/image\/"}}]}},"_links":{"self":[{"href":"https:\/\/letrame.com\/catalogo\/wp-json\/wp\/v2\/product\/112148","targetHints":{"allow":["GET"]}}],"collection":[{"href":"https:\/\/letrame.com\/catalogo\/wp-json\/wp\/v2\/product"}],"about":[{"href":"https:\/\/letrame.com\/catalogo\/wp-json\/wp\/v2\/types\/product"}],"replies":[{"embeddable":true,"href":"https:\/\/letrame.com\/catalogo\/wp-json\/wp\/v2\/comments?post=112148"}],"acf:post":[{"embeddable":true,"href":"https:\/\/letrame.com\/catalogo\/wp-json\/wp\/v2\/author_book\/109881"}],"wp:featuredmedia":[{"embeddable":true,"href":"https:\/\/letrame.com\/catalogo\/wp-json\/wp\/v2\/media\/112150"}],"wp:attachment":[{"href":"https:\/\/letrame.com\/catalogo\/wp-json\/wp\/v2\/media?parent=112148"}],"wp:term":[{"taxonomy":"libro","embeddable":true,"href":"https:\/\/letrame.com\/catalogo\/wp-json\/wp\/v2\/libro?post=112148"},{"taxonomy":"product_brand","embeddable":true,"href":"https:\/\/letrame.com\/catalogo\/wp-json\/wp\/v2\/product_brand?post=112148"},{"taxonomy":"product_cat","embeddable":true,"href":"https:\/\/letrame.com\/catalogo\/wp-json\/wp\/v2\/product_cat?post=112148"},{"taxonomy":"product_tag","embeddable":true,"href":"https:\/\/letrame.com\/catalogo\/wp-json\/wp\/v2\/product_tag?post=112148"}],"curies":[{"name":"wp","href":"https:\/\/api.w.org\/{rel}","templated":true}]}}