{"id":112116,"date":"2026-04-13T20:36:27","date_gmt":"2026-04-13T18:36:27","guid":{"rendered":"https:\/\/letrame.com\/catalogo\/?post_type=product&#038;p=112116"},"modified":"2026-04-13T20:36:28","modified_gmt":"2026-04-13T18:36:28","slug":"el-titanic-mas-cerca-de-ti-senor","status":"publish","type":"product","link":"https:\/\/letrame.com\/catalogo\/producto\/el-titanic-mas-cerca-de-ti-senor\/","title":{"rendered":"El Titanic, \u00bfm\u00e1s cerca de ti, Se\u00f1or?"},"content":{"rendered":"<p><strong>ISBN: 9791370295035<\/strong><br \/>\n<strong>T\u00edtulo: El Titanic, \u00bfm\u00e1s cerca de ti, Se\u00f1or?<\/strong><br \/>\n<strong>Fecha: 2025<\/strong><br \/>\n<strong>P\u00e1ginas: 166<\/strong><\/p>\n<p><strong>SINOPSIS<\/strong><\/p>\n<p data-start=\"0\" data-end=\"25\">Querido potencial lector:<\/p>\n<p data-start=\"27\" data-end=\"256\">Hoy tienes en tus manos un libro que no solo ha profundizado en la historia de esa heroica orquesta que prefiri\u00f3 distraer y calmar a los angustiados pasajeros del Titanic accidentado, renunciando as\u00ed a la posibilidad de salvarse.<\/p>\n<p data-start=\"258\" data-end=\"409\">Este libro te proporciona tambi\u00e9n un minucioso esquema de lo que ocurri\u00f3 desde que se decidi\u00f3 la construcci\u00f3n del Titanic hasta su tr\u00e1gico hundimiento.<\/p>\n<p data-start=\"411\" data-end=\"619\">Contiene, adem\u00e1s, una profunda investigaci\u00f3n acerca del controvertido tema sobre cu\u00e1l fue la \u00faltima melod\u00eda que interpretaron los ocho admirados m\u00fasicos, justo antes de que una gran ola acabase con sus vidas.<\/p>\n<p data-start=\"621\" data-end=\"963\">Seguramente te sorprender\u00e1 saber que, de acuerdo con los testimonios de cronistas y supervivientes, existen hasta cinco potencialmente posibles \u00ab\u00faltimas melod\u00edas\u00bb, y a\u00fan te sorprender\u00e1 m\u00e1s que, precisamente la m\u00e1s conocida y popularmente aceptada \u2014gracias al cine\u2014 como \u00abla \u00faltima\u00bb: <em data-start=\"904\" data-end=\"928\">M\u00e1s cerca de ti, Se\u00f1or<\/em>, es, con rigor, la menos probable\u2026<\/p>\n<p data-start=\"965\" data-end=\"1178\">Tienes, adem\u00e1s, la posibilidad de escanear los c\u00f3digos QR que al final se incluyen en el libro, lo que, una vez escaneados, te permitir\u00e1 escuchar incluso en tu tel\u00e9fono todas y cada una de las melod\u00edas estudiadas.<\/p>\n<p data-start=\"1180\" data-end=\"1204\" data-is-last-node=\"\" data-is-only-node=\"\">Espero que lo disfrutes.<\/p>\n","protected":false},"excerpt":{"rendered":"<p><strong>ISBN: 9791370295035<\/strong><\/p>\n<p><strong>SINOPSIS<\/strong><\/p>\n<p data-start=\"0\" data-end=\"25\">Querido potencial lector:<\/p>\n<p data-start=\"27\" data-end=\"256\">Hoy tienes en tus manos un libro que no solo ha profundizado en la historia de esa heroica orquesta que prefiri\u00f3 distraer y calmar a los angustiados pasajeros del Titanic accidentado, renunciando as\u00ed a la posibilidad de salvarse.<\/p>\n<p data-start=\"258\" data-end=\"409\">Este libro te proporciona tambi\u00e9n un minucioso esquema de lo que ocurri\u00f3 desde que se decidi\u00f3 la construcci\u00f3n del Titanic hasta su tr\u00e1gico hundimiento.<\/p>\n<p data-start=\"411\" data-end=\"619\">Contiene, adem\u00e1s, una profunda investigaci\u00f3n acerca del controvertido tema sobre cu\u00e1l fue la \u00faltima melod\u00eda que interpretaron los ocho admirados m\u00fasicos, justo antes de que una gran ola acabase con sus vidas.<\/p>\n<p data-start=\"621\" data-end=\"963\">Seguramente te sorprender\u00e1 saber que, de acuerdo con los testimonios de cronistas y supervivientes, existen hasta cinco potencialmente posibles \u00ab\u00faltimas melod\u00edas\u00bb, y a\u00fan te sorprender\u00e1 m\u00e1s que, precisamente la m\u00e1s conocida y popularmente aceptada \u2014gracias al cine\u2014 como \u00abla \u00faltima\u00bb: <em data-start=\"904\" data-end=\"928\">M\u00e1s cerca de ti, Se\u00f1or<\/em>, es, con rigor, la menos probable\u2026<\/p>\n<p data-start=\"965\" data-end=\"1178\">Tienes, adem\u00e1s, la posibilidad de escanear los c\u00f3digos QR que al final se incluyen en el libro, lo que, una vez escaneados, te permitir\u00e1 escuchar incluso en tu tel\u00e9fono todas y cada una de las melod\u00edas estudiadas.<\/p>\n<p data-start=\"1180\" data-end=\"1204\" data-is-last-node=\"\" data-is-only-node=\"\">Espero que lo disfrutes.<\/p>\n","protected":false},"featured_media":112122,"comment_status":"open","ping_status":"closed","template":"","meta":{"_acf_changed":false},"libro":[],"product_brand":[],"product_cat":[133],"product_tag":[],"class_list":{"0":"post-112116","1":"product","2":"type-product","3":"status-publish","4":"has-post-thumbnail","6":"product_cat-no-ficcion","8":"first","9":"instock","10":"shipping-taxable","11":"product-type-simple"},"acf":{"autor":[112117],"enlace_de_compra":"https:\/\/amzn.to\/4vr7a3l"},"yoast_head":"<!-- This site is optimized with the Yoast SEO plugin v26.6 - https:\/\/yoast.com\/wordpress\/plugins\/seo\/ -->\n<title>El Titanic, \u00bfm\u00e1s cerca de ti, Se\u00f1or? - Catalogo | Letrame Grupo Editorial<\/title>\n<meta name=\"robots\" content=\"index, follow, max-snippet:-1, max-image-preview:large, max-video-preview:-1\" \/>\n<link rel=\"canonical\" href=\"https:\/\/letrame.com\/catalogo\/producto\/el-titanic-mas-cerca-de-ti-senor\/\" \/>\n<meta property=\"og:locale\" content=\"es_ES\" \/>\n<meta property=\"og:type\" content=\"article\" \/>\n<meta property=\"og:title\" content=\"El Titanic, \u00bfm\u00e1s cerca de ti, Se\u00f1or? - Catalogo | Letrame Grupo Editorial\" \/>\n<meta property=\"og:description\" content=\"ISBN: 9791370295035  SINOPSIS Querido potencial lector: Hoy tienes en tus manos un libro que no solo ha profundizado en la historia de esa heroica orquesta que prefiri\u00f3 distraer y calmar a los angustiados pasajeros del Titanic accidentado, renunciando as\u00ed a la posibilidad de salvarse. Este libro te proporciona tambi\u00e9n un minucioso esquema de lo que ocurri\u00f3 desde que se decidi\u00f3 la construcci\u00f3n del Titanic hasta su tr\u00e1gico hundimiento. Contiene, adem\u00e1s, una profunda investigaci\u00f3n acerca del controvertido tema sobre cu\u00e1l fue la \u00faltima melod\u00eda que interpretaron los ocho admirados m\u00fasicos, justo antes de que una gran ola acabase con sus vidas. Seguramente te sorprender\u00e1 saber que, de acuerdo con los testimonios de cronistas y supervivientes, existen hasta cinco potencialmente posibles \u00ab\u00faltimas melod\u00edas\u00bb, y a\u00fan te sorprender\u00e1 m\u00e1s que, precisamente la m\u00e1s conocida y popularmente aceptada \u2014gracias al cine\u2014 como \u00abla \u00faltima\u00bb: M\u00e1s cerca de ti, Se\u00f1or, es, con rigor, la menos probable\u2026 Tienes, adem\u00e1s, la posibilidad de escanear los c\u00f3digos QR que al final se incluyen en el libro, lo que, una vez escaneados, te permitir\u00e1 escuchar incluso en tu tel\u00e9fono todas y cada una de las melod\u00edas estudiadas. Espero que lo disfrutes.\" \/>\n<meta property=\"og:url\" content=\"https:\/\/letrame.com\/catalogo\/producto\/el-titanic-mas-cerca-de-ti-senor\/\" \/>\n<meta property=\"og:site_name\" content=\"Catalogo | Letrame Grupo Editorial\" \/>\n<meta property=\"article:modified_time\" content=\"2026-04-13T18:36:28+00:00\" \/>\n<meta property=\"og:image\" content=\"https:\/\/letrame.com\/catalogo\/wp-content\/uploads\/2026\/04\/eltitanic_796mm4.jpg\" \/>\n\t<meta property=\"og:image:width\" content=\"662\" \/>\n\t<meta property=\"og:image:height\" content=\"993\" \/>\n\t<meta property=\"og:image:type\" content=\"image\/jpeg\" \/>\n<meta name=\"twitter:card\" content=\"summary_large_image\" \/>\n<meta name=\"twitter:label1\" content=\"Tiempo de lectura\" \/>\n\t<meta name=\"twitter:data1\" content=\"2 minutos\" \/>\n<script type=\"application\/ld+json\" class=\"yoast-schema-graph\">{\"@context\":\"https:\/\/schema.org\",\"@graph\":[{\"@type\":\"WebPage\",\"@id\":\"https:\/\/letrame.com\/catalogo\/producto\/el-titanic-mas-cerca-de-ti-senor\/\",\"url\":\"https:\/\/letrame.com\/catalogo\/producto\/el-titanic-mas-cerca-de-ti-senor\/\",\"name\":\"El Titanic, \u00bfm\u00e1s cerca de ti, Se\u00f1or? - Catalogo | Letrame Grupo Editorial\",\"isPartOf\":{\"@id\":\"https:\/\/letrame.com\/catalogo\/#website\"},\"primaryImageOfPage\":{\"@id\":\"https:\/\/letrame.com\/catalogo\/producto\/el-titanic-mas-cerca-de-ti-senor\/#primaryimage\"},\"image\":{\"@id\":\"https:\/\/letrame.com\/catalogo\/producto\/el-titanic-mas-cerca-de-ti-senor\/#primaryimage\"},\"thumbnailUrl\":\"https:\/\/letrame.com\/catalogo\/wp-content\/uploads\/2026\/04\/eltitanic_796mm4.jpg\",\"datePublished\":\"2026-04-13T18:36:27+00:00\",\"dateModified\":\"2026-04-13T18:36:28+00:00\",\"breadcrumb\":{\"@id\":\"https:\/\/letrame.com\/catalogo\/producto\/el-titanic-mas-cerca-de-ti-senor\/#breadcrumb\"},\"inLanguage\":\"es\",\"potentialAction\":[{\"@type\":\"ReadAction\",\"target\":[\"https:\/\/letrame.com\/catalogo\/producto\/el-titanic-mas-cerca-de-ti-senor\/\"]}]},{\"@type\":\"ImageObject\",\"inLanguage\":\"es\",\"@id\":\"https:\/\/letrame.com\/catalogo\/producto\/el-titanic-mas-cerca-de-ti-senor\/#primaryimage\",\"url\":\"https:\/\/letrame.com\/catalogo\/wp-content\/uploads\/2026\/04\/eltitanic_796mm4.jpg\",\"contentUrl\":\"https:\/\/letrame.com\/catalogo\/wp-content\/uploads\/2026\/04\/eltitanic_796mm4.jpg\",\"width\":662,\"height\":993},{\"@type\":\"BreadcrumbList\",\"@id\":\"https:\/\/letrame.com\/catalogo\/producto\/el-titanic-mas-cerca-de-ti-senor\/#breadcrumb\",\"itemListElement\":[{\"@type\":\"ListItem\",\"position\":1,\"name\":\"Portada\",\"item\":\"https:\/\/letrame.com\/catalogo\/\"},{\"@type\":\"ListItem\",\"position\":2,\"name\":\"Cat\u00e1logo\",\"item\":\"https:\/\/letrame.com\/catalogo\/\"},{\"@type\":\"ListItem\",\"position\":3,\"name\":\"El Titanic, \u00bfm\u00e1s cerca de ti, Se\u00f1or?\"}]},{\"@type\":\"WebSite\",\"@id\":\"https:\/\/letrame.com\/catalogo\/#website\",\"url\":\"https:\/\/letrame.com\/catalogo\/\",\"name\":\"Catalogo | Letrame Grupo Editorial\",\"description\":\"\",\"publisher\":{\"@id\":\"https:\/\/letrame.com\/catalogo\/#organization\"},\"potentialAction\":[{\"@type\":\"SearchAction\",\"target\":{\"@type\":\"EntryPoint\",\"urlTemplate\":\"https:\/\/letrame.com\/catalogo\/?s={search_term_string}\"},\"query-input\":{\"@type\":\"PropertyValueSpecification\",\"valueRequired\":true,\"valueName\":\"search_term_string\"}}],\"inLanguage\":\"es\"},{\"@type\":\"Organization\",\"@id\":\"https:\/\/letrame.com\/catalogo\/#organization\",\"name\":\"Catalogo | Letrame Grupo Editorial\",\"url\":\"https:\/\/letrame.com\/catalogo\/\",\"logo\":{\"@type\":\"ImageObject\",\"inLanguage\":\"es\",\"@id\":\"https:\/\/letrame.com\/catalogo\/#\/schema\/logo\/image\/\",\"url\":\"https:\/\/letrame.com\/catalogo\/wp-content\/uploads\/2024\/03\/logo2.webp\",\"contentUrl\":\"https:\/\/letrame.com\/catalogo\/wp-content\/uploads\/2024\/03\/logo2.webp\",\"width\":394,\"height\":128,\"caption\":\"Catalogo | Letrame Grupo Editorial\"},\"image\":{\"@id\":\"https:\/\/letrame.com\/catalogo\/#\/schema\/logo\/image\/\"}}]}<\/script>\n<!-- \/ Yoast SEO plugin. -->","yoast_head_json":{"title":"El Titanic, \u00bfm\u00e1s cerca de ti, Se\u00f1or? - Catalogo | Letrame Grupo Editorial","robots":{"index":"index","follow":"follow","max-snippet":"max-snippet:-1","max-image-preview":"max-image-preview:large","max-video-preview":"max-video-preview:-1"},"canonical":"https:\/\/letrame.com\/catalogo\/producto\/el-titanic-mas-cerca-de-ti-senor\/","og_locale":"es_ES","og_type":"article","og_title":"El Titanic, \u00bfm\u00e1s cerca de ti, Se\u00f1or? - Catalogo | Letrame Grupo Editorial","og_description":"ISBN: 9791370295035  SINOPSIS Querido potencial lector: Hoy tienes en tus manos un libro que no solo ha profundizado en la historia de esa heroica orquesta que prefiri\u00f3 distraer y calmar a los angustiados pasajeros del Titanic accidentado, renunciando as\u00ed a la posibilidad de salvarse. Este libro te proporciona tambi\u00e9n un minucioso esquema de lo que ocurri\u00f3 desde que se decidi\u00f3 la construcci\u00f3n del Titanic hasta su tr\u00e1gico hundimiento. Contiene, adem\u00e1s, una profunda investigaci\u00f3n acerca del controvertido tema sobre cu\u00e1l fue la \u00faltima melod\u00eda que interpretaron los ocho admirados m\u00fasicos, justo antes de que una gran ola acabase con sus vidas. Seguramente te sorprender\u00e1 saber que, de acuerdo con los testimonios de cronistas y supervivientes, existen hasta cinco potencialmente posibles \u00ab\u00faltimas melod\u00edas\u00bb, y a\u00fan te sorprender\u00e1 m\u00e1s que, precisamente la m\u00e1s conocida y popularmente aceptada \u2014gracias al cine\u2014 como \u00abla \u00faltima\u00bb: M\u00e1s cerca de ti, Se\u00f1or, es, con rigor, la menos probable\u2026 Tienes, adem\u00e1s, la posibilidad de escanear los c\u00f3digos QR que al final se incluyen en el libro, lo que, una vez escaneados, te permitir\u00e1 escuchar incluso en tu tel\u00e9fono todas y cada una de las melod\u00edas estudiadas. Espero que lo disfrutes.","og_url":"https:\/\/letrame.com\/catalogo\/producto\/el-titanic-mas-cerca-de-ti-senor\/","og_site_name":"Catalogo | Letrame Grupo Editorial","article_modified_time":"2026-04-13T18:36:28+00:00","og_image":[{"width":662,"height":993,"url":"https:\/\/letrame.com\/catalogo\/wp-content\/uploads\/2026\/04\/eltitanic_796mm4.jpg","type":"image\/jpeg"}],"twitter_card":"summary_large_image","twitter_misc":{"Tiempo de lectura":"2 minutos"},"schema":{"@context":"https:\/\/schema.org","@graph":[{"@type":"WebPage","@id":"https:\/\/letrame.com\/catalogo\/producto\/el-titanic-mas-cerca-de-ti-senor\/","url":"https:\/\/letrame.com\/catalogo\/producto\/el-titanic-mas-cerca-de-ti-senor\/","name":"El Titanic, \u00bfm\u00e1s cerca de ti, Se\u00f1or? - Catalogo | Letrame Grupo Editorial","isPartOf":{"@id":"https:\/\/letrame.com\/catalogo\/#website"},"primaryImageOfPage":{"@id":"https:\/\/letrame.com\/catalogo\/producto\/el-titanic-mas-cerca-de-ti-senor\/#primaryimage"},"image":{"@id":"https:\/\/letrame.com\/catalogo\/producto\/el-titanic-mas-cerca-de-ti-senor\/#primaryimage"},"thumbnailUrl":"https:\/\/letrame.com\/catalogo\/wp-content\/uploads\/2026\/04\/eltitanic_796mm4.jpg","datePublished":"2026-04-13T18:36:27+00:00","dateModified":"2026-04-13T18:36:28+00:00","breadcrumb":{"@id":"https:\/\/letrame.com\/catalogo\/producto\/el-titanic-mas-cerca-de-ti-senor\/#breadcrumb"},"inLanguage":"es","potentialAction":[{"@type":"ReadAction","target":["https:\/\/letrame.com\/catalogo\/producto\/el-titanic-mas-cerca-de-ti-senor\/"]}]},{"@type":"ImageObject","inLanguage":"es","@id":"https:\/\/letrame.com\/catalogo\/producto\/el-titanic-mas-cerca-de-ti-senor\/#primaryimage","url":"https:\/\/letrame.com\/catalogo\/wp-content\/uploads\/2026\/04\/eltitanic_796mm4.jpg","contentUrl":"https:\/\/letrame.com\/catalogo\/wp-content\/uploads\/2026\/04\/eltitanic_796mm4.jpg","width":662,"height":993},{"@type":"BreadcrumbList","@id":"https:\/\/letrame.com\/catalogo\/producto\/el-titanic-mas-cerca-de-ti-senor\/#breadcrumb","itemListElement":[{"@type":"ListItem","position":1,"name":"Portada","item":"https:\/\/letrame.com\/catalogo\/"},{"@type":"ListItem","position":2,"name":"Cat\u00e1logo","item":"https:\/\/letrame.com\/catalogo\/"},{"@type":"ListItem","position":3,"name":"El Titanic, \u00bfm\u00e1s cerca de ti, Se\u00f1or?"}]},{"@type":"WebSite","@id":"https:\/\/letrame.com\/catalogo\/#website","url":"https:\/\/letrame.com\/catalogo\/","name":"Catalogo | Letrame Grupo Editorial","description":"","publisher":{"@id":"https:\/\/letrame.com\/catalogo\/#organization"},"potentialAction":[{"@type":"SearchAction","target":{"@type":"EntryPoint","urlTemplate":"https:\/\/letrame.com\/catalogo\/?s={search_term_string}"},"query-input":{"@type":"PropertyValueSpecification","valueRequired":true,"valueName":"search_term_string"}}],"inLanguage":"es"},{"@type":"Organization","@id":"https:\/\/letrame.com\/catalogo\/#organization","name":"Catalogo | Letrame Grupo Editorial","url":"https:\/\/letrame.com\/catalogo\/","logo":{"@type":"ImageObject","inLanguage":"es","@id":"https:\/\/letrame.com\/catalogo\/#\/schema\/logo\/image\/","url":"https:\/\/letrame.com\/catalogo\/wp-content\/uploads\/2024\/03\/logo2.webp","contentUrl":"https:\/\/letrame.com\/catalogo\/wp-content\/uploads\/2024\/03\/logo2.webp","width":394,"height":128,"caption":"Catalogo | Letrame Grupo Editorial"},"image":{"@id":"https:\/\/letrame.com\/catalogo\/#\/schema\/logo\/image\/"}}]}},"_links":{"self":[{"href":"https:\/\/letrame.com\/catalogo\/wp-json\/wp\/v2\/product\/112116","targetHints":{"allow":["GET"]}}],"collection":[{"href":"https:\/\/letrame.com\/catalogo\/wp-json\/wp\/v2\/product"}],"about":[{"href":"https:\/\/letrame.com\/catalogo\/wp-json\/wp\/v2\/types\/product"}],"replies":[{"embeddable":true,"href":"https:\/\/letrame.com\/catalogo\/wp-json\/wp\/v2\/comments?post=112116"}],"acf:post":[{"embeddable":true,"href":"https:\/\/letrame.com\/catalogo\/wp-json\/wp\/v2\/author_book\/112117"}],"wp:featuredmedia":[{"embeddable":true,"href":"https:\/\/letrame.com\/catalogo\/wp-json\/wp\/v2\/media\/112122"}],"wp:attachment":[{"href":"https:\/\/letrame.com\/catalogo\/wp-json\/wp\/v2\/media?parent=112116"}],"wp:term":[{"taxonomy":"libro","embeddable":true,"href":"https:\/\/letrame.com\/catalogo\/wp-json\/wp\/v2\/libro?post=112116"},{"taxonomy":"product_brand","embeddable":true,"href":"https:\/\/letrame.com\/catalogo\/wp-json\/wp\/v2\/product_brand?post=112116"},{"taxonomy":"product_cat","embeddable":true,"href":"https:\/\/letrame.com\/catalogo\/wp-json\/wp\/v2\/product_cat?post=112116"},{"taxonomy":"product_tag","embeddable":true,"href":"https:\/\/letrame.com\/catalogo\/wp-json\/wp\/v2\/product_tag?post=112116"}],"curies":[{"name":"wp","href":"https:\/\/api.w.org\/{rel}","templated":true}]}}