{"id":112110,"date":"2026-04-13T20:27:43","date_gmt":"2026-04-13T18:27:43","guid":{"rendered":"https:\/\/letrame.com\/catalogo\/?post_type=product&#038;p=112110"},"modified":"2026-04-13T20:27:44","modified_gmt":"2026-04-13T18:27:44","slug":"picante-historia-de-amor-a-la-francaise","status":"publish","type":"product","link":"https:\/\/letrame.com\/catalogo\/producto\/picante-historia-de-amor-a-la-francaise\/","title":{"rendered":"Picante historia de amor \u00e0 la Fran\u00e7aise"},"content":{"rendered":"<p><strong>ISBN: 9791370293468<\/strong><br \/>\n<strong>T\u00edtulo: Picante historia de amor \u00e0 la Fran\u00e7aise<\/strong><br \/>\n<strong>Fecha: 2025<\/strong><br \/>\n<strong>P\u00e1ginas: 258<\/strong><\/p>\n<p><strong>SINOPSIS<\/strong><\/p>\n<p data-start=\"0\" data-end=\"180\">Fabien Dumontier se gana bien la vida como comercial; est\u00e1 casado y tiene un hijo de 15 a\u00f1os. Casa bonita y c\u00f3moda: todo lo necesario para ser feliz. Pero algo no va del todo bien.<\/p>\n<p data-start=\"182\" data-end=\"625\">El d\u00eda comienza con una ins\u00f3lita revelaci\u00f3n de su empleada de la limpieza; eso no cambia el orden de su mundo en absoluto. Sin embargo, mientras est\u00e1 al volante emprendiendo un largo viaje a Niza para visitar a un cliente importante, se da cuenta de que su vida es poco satisfactoria, rutinaria, ahora felizmente interrumpida por un trayecto hasta un lugar donde no llueve tanto como en Nantes, esa ciudad mediana como tantas otras en Francia.<\/p>\n<p data-start=\"627\" data-end=\"912\" data-is-last-node=\"\" data-is-only-node=\"\">Pero, conduciendo hacia el Mediterr\u00e1neo, se encuentra con un enorme atasco en Lyon. Buscando una ruta m\u00e1s fluida con su GPS, sigue un encuentro ins\u00f3lito. Siempre hab\u00eda so\u00f1ado con viajar lejos para romper su rutina, pero ahora va a trasladarse lejos, muy lejos\u2026 sin ir m\u00e1s all\u00e1 de Lyon.<\/p>\n","protected":false},"excerpt":{"rendered":"<p><strong>ISBN: 9791370293468<\/strong><\/p>\n<p><strong>SINOPSIS<\/strong><\/p>\n<p data-start=\"0\" data-end=\"180\">Fabien Dumontier se gana bien la vida como comercial; est\u00e1 casado y tiene un hijo de 15 a\u00f1os. Casa bonita y c\u00f3moda: todo lo necesario para ser feliz. Pero algo no va del todo bien.<\/p>\n<p data-start=\"182\" data-end=\"625\">El d\u00eda comienza con una ins\u00f3lita revelaci\u00f3n de su empleada de la limpieza; eso no cambia el orden de su mundo en absoluto. Sin embargo, mientras est\u00e1 al volante emprendiendo un largo viaje a Niza para visitar a un cliente importante, se da cuenta de que su vida es poco satisfactoria, rutinaria, ahora felizmente interrumpida por un trayecto hasta un lugar donde no llueve tanto como en Nantes, esa ciudad mediana como tantas otras en Francia.<\/p>\n<p data-start=\"627\" data-end=\"912\" data-is-last-node=\"\" data-is-only-node=\"\">Pero, conduciendo hacia el Mediterr\u00e1neo, se encuentra con un enorme atasco en Lyon. Buscando una ruta m\u00e1s fluida con su GPS, sigue un encuentro ins\u00f3lito. Siempre hab\u00eda so\u00f1ado con viajar lejos para romper su rutina, pero ahora va a trasladarse lejos, muy lejos\u2026 sin ir m\u00e1s all\u00e1 de Lyon.<\/p>\n","protected":false},"featured_media":112114,"comment_status":"open","ping_status":"closed","template":"","meta":{"_acf_changed":false},"libro":[],"product_brand":[],"product_cat":[141],"product_tag":[],"class_list":{"0":"post-112110","1":"product","2":"type-product","3":"status-publish","4":"has-post-thumbnail","6":"product_cat-ficcion","8":"first","9":"instock","10":"shipping-taxable","11":"product-type-simple"},"acf":{"autor":[112111],"enlace_de_compra":"https:\/\/amzn.to\/4vtsl4J"},"yoast_head":"<!-- This site is optimized with the Yoast SEO plugin v26.6 - https:\/\/yoast.com\/wordpress\/plugins\/seo\/ -->\n<title>Picante historia de amor \u00e0 la Fran\u00e7aise - Catalogo | Letrame Grupo Editorial<\/title>\n<meta name=\"robots\" content=\"index, follow, max-snippet:-1, max-image-preview:large, max-video-preview:-1\" \/>\n<link rel=\"canonical\" href=\"https:\/\/letrame.com\/catalogo\/producto\/picante-historia-de-amor-a-la-francaise\/\" \/>\n<meta property=\"og:locale\" content=\"es_ES\" \/>\n<meta property=\"og:type\" content=\"article\" \/>\n<meta property=\"og:title\" content=\"Picante historia de amor \u00e0 la Fran\u00e7aise - Catalogo | Letrame Grupo Editorial\" \/>\n<meta property=\"og:description\" content=\"ISBN: 9791370293468  SINOPSIS Fabien Dumontier se gana bien la vida como comercial; est\u00e1 casado y tiene un hijo de 15 a\u00f1os. Casa bonita y c\u00f3moda: todo lo necesario para ser feliz. Pero algo no va del todo bien. El d\u00eda comienza con una ins\u00f3lita revelaci\u00f3n de su empleada de la limpieza; eso no cambia el orden de su mundo en absoluto. Sin embargo, mientras est\u00e1 al volante emprendiendo un largo viaje a Niza para visitar a un cliente importante, se da cuenta de que su vida es poco satisfactoria, rutinaria, ahora felizmente interrumpida por un trayecto hasta un lugar donde no llueve tanto como en Nantes, esa ciudad mediana como tantas otras en Francia. Pero, conduciendo hacia el Mediterr\u00e1neo, se encuentra con un enorme atasco en Lyon. Buscando una ruta m\u00e1s fluida con su GPS, sigue un encuentro ins\u00f3lito. Siempre hab\u00eda so\u00f1ado con viajar lejos para romper su rutina, pero ahora va a trasladarse lejos, muy lejos\u2026 sin ir m\u00e1s all\u00e1 de Lyon.\" \/>\n<meta property=\"og:url\" content=\"https:\/\/letrame.com\/catalogo\/producto\/picante-historia-de-amor-a-la-francaise\/\" \/>\n<meta property=\"og:site_name\" content=\"Catalogo | Letrame Grupo Editorial\" \/>\n<meta property=\"article:modified_time\" content=\"2026-04-13T18:27:44+00:00\" \/>\n<meta property=\"og:image\" content=\"https:\/\/letrame.com\/catalogo\/wp-content\/uploads\/2026\/04\/picantehistoria_1281mm4.jpg\" \/>\n\t<meta property=\"og:image:width\" content=\"532\" \/>\n\t<meta property=\"og:image:height\" content=\"745\" \/>\n\t<meta property=\"og:image:type\" content=\"image\/jpeg\" \/>\n<meta name=\"twitter:card\" content=\"summary_large_image\" \/>\n<meta name=\"twitter:label1\" content=\"Tiempo de lectura\" \/>\n\t<meta name=\"twitter:data1\" content=\"2 minutos\" \/>\n<script type=\"application\/ld+json\" class=\"yoast-schema-graph\">{\"@context\":\"https:\/\/schema.org\",\"@graph\":[{\"@type\":\"WebPage\",\"@id\":\"https:\/\/letrame.com\/catalogo\/producto\/picante-historia-de-amor-a-la-francaise\/\",\"url\":\"https:\/\/letrame.com\/catalogo\/producto\/picante-historia-de-amor-a-la-francaise\/\",\"name\":\"Picante historia de amor \u00e0 la Fran\u00e7aise - Catalogo | Letrame Grupo Editorial\",\"isPartOf\":{\"@id\":\"https:\/\/letrame.com\/catalogo\/#website\"},\"primaryImageOfPage\":{\"@id\":\"https:\/\/letrame.com\/catalogo\/producto\/picante-historia-de-amor-a-la-francaise\/#primaryimage\"},\"image\":{\"@id\":\"https:\/\/letrame.com\/catalogo\/producto\/picante-historia-de-amor-a-la-francaise\/#primaryimage\"},\"thumbnailUrl\":\"https:\/\/letrame.com\/catalogo\/wp-content\/uploads\/2026\/04\/picantehistoria_1281mm4.jpg\",\"datePublished\":\"2026-04-13T18:27:43+00:00\",\"dateModified\":\"2026-04-13T18:27:44+00:00\",\"breadcrumb\":{\"@id\":\"https:\/\/letrame.com\/catalogo\/producto\/picante-historia-de-amor-a-la-francaise\/#breadcrumb\"},\"inLanguage\":\"es\",\"potentialAction\":[{\"@type\":\"ReadAction\",\"target\":[\"https:\/\/letrame.com\/catalogo\/producto\/picante-historia-de-amor-a-la-francaise\/\"]}]},{\"@type\":\"ImageObject\",\"inLanguage\":\"es\",\"@id\":\"https:\/\/letrame.com\/catalogo\/producto\/picante-historia-de-amor-a-la-francaise\/#primaryimage\",\"url\":\"https:\/\/letrame.com\/catalogo\/wp-content\/uploads\/2026\/04\/picantehistoria_1281mm4.jpg\",\"contentUrl\":\"https:\/\/letrame.com\/catalogo\/wp-content\/uploads\/2026\/04\/picantehistoria_1281mm4.jpg\",\"width\":532,\"height\":745},{\"@type\":\"BreadcrumbList\",\"@id\":\"https:\/\/letrame.com\/catalogo\/producto\/picante-historia-de-amor-a-la-francaise\/#breadcrumb\",\"itemListElement\":[{\"@type\":\"ListItem\",\"position\":1,\"name\":\"Portada\",\"item\":\"https:\/\/letrame.com\/catalogo\/\"},{\"@type\":\"ListItem\",\"position\":2,\"name\":\"Cat\u00e1logo\",\"item\":\"https:\/\/letrame.com\/catalogo\/\"},{\"@type\":\"ListItem\",\"position\":3,\"name\":\"Picante historia de amor \u00e0 la Fran\u00e7aise\"}]},{\"@type\":\"WebSite\",\"@id\":\"https:\/\/letrame.com\/catalogo\/#website\",\"url\":\"https:\/\/letrame.com\/catalogo\/\",\"name\":\"Catalogo | Letrame Grupo Editorial\",\"description\":\"\",\"publisher\":{\"@id\":\"https:\/\/letrame.com\/catalogo\/#organization\"},\"potentialAction\":[{\"@type\":\"SearchAction\",\"target\":{\"@type\":\"EntryPoint\",\"urlTemplate\":\"https:\/\/letrame.com\/catalogo\/?s={search_term_string}\"},\"query-input\":{\"@type\":\"PropertyValueSpecification\",\"valueRequired\":true,\"valueName\":\"search_term_string\"}}],\"inLanguage\":\"es\"},{\"@type\":\"Organization\",\"@id\":\"https:\/\/letrame.com\/catalogo\/#organization\",\"name\":\"Catalogo | Letrame Grupo Editorial\",\"url\":\"https:\/\/letrame.com\/catalogo\/\",\"logo\":{\"@type\":\"ImageObject\",\"inLanguage\":\"es\",\"@id\":\"https:\/\/letrame.com\/catalogo\/#\/schema\/logo\/image\/\",\"url\":\"https:\/\/letrame.com\/catalogo\/wp-content\/uploads\/2024\/03\/logo2.webp\",\"contentUrl\":\"https:\/\/letrame.com\/catalogo\/wp-content\/uploads\/2024\/03\/logo2.webp\",\"width\":394,\"height\":128,\"caption\":\"Catalogo | Letrame Grupo Editorial\"},\"image\":{\"@id\":\"https:\/\/letrame.com\/catalogo\/#\/schema\/logo\/image\/\"}}]}<\/script>\n<!-- \/ Yoast SEO plugin. -->","yoast_head_json":{"title":"Picante historia de amor \u00e0 la Fran\u00e7aise - Catalogo | Letrame Grupo Editorial","robots":{"index":"index","follow":"follow","max-snippet":"max-snippet:-1","max-image-preview":"max-image-preview:large","max-video-preview":"max-video-preview:-1"},"canonical":"https:\/\/letrame.com\/catalogo\/producto\/picante-historia-de-amor-a-la-francaise\/","og_locale":"es_ES","og_type":"article","og_title":"Picante historia de amor \u00e0 la Fran\u00e7aise - Catalogo | Letrame Grupo Editorial","og_description":"ISBN: 9791370293468  SINOPSIS Fabien Dumontier se gana bien la vida como comercial; est\u00e1 casado y tiene un hijo de 15 a\u00f1os. Casa bonita y c\u00f3moda: todo lo necesario para ser feliz. Pero algo no va del todo bien. El d\u00eda comienza con una ins\u00f3lita revelaci\u00f3n de su empleada de la limpieza; eso no cambia el orden de su mundo en absoluto. Sin embargo, mientras est\u00e1 al volante emprendiendo un largo viaje a Niza para visitar a un cliente importante, se da cuenta de que su vida es poco satisfactoria, rutinaria, ahora felizmente interrumpida por un trayecto hasta un lugar donde no llueve tanto como en Nantes, esa ciudad mediana como tantas otras en Francia. Pero, conduciendo hacia el Mediterr\u00e1neo, se encuentra con un enorme atasco en Lyon. Buscando una ruta m\u00e1s fluida con su GPS, sigue un encuentro ins\u00f3lito. Siempre hab\u00eda so\u00f1ado con viajar lejos para romper su rutina, pero ahora va a trasladarse lejos, muy lejos\u2026 sin ir m\u00e1s all\u00e1 de Lyon.","og_url":"https:\/\/letrame.com\/catalogo\/producto\/picante-historia-de-amor-a-la-francaise\/","og_site_name":"Catalogo | Letrame Grupo Editorial","article_modified_time":"2026-04-13T18:27:44+00:00","og_image":[{"width":532,"height":745,"url":"https:\/\/letrame.com\/catalogo\/wp-content\/uploads\/2026\/04\/picantehistoria_1281mm4.jpg","type":"image\/jpeg"}],"twitter_card":"summary_large_image","twitter_misc":{"Tiempo de lectura":"2 minutos"},"schema":{"@context":"https:\/\/schema.org","@graph":[{"@type":"WebPage","@id":"https:\/\/letrame.com\/catalogo\/producto\/picante-historia-de-amor-a-la-francaise\/","url":"https:\/\/letrame.com\/catalogo\/producto\/picante-historia-de-amor-a-la-francaise\/","name":"Picante historia de amor \u00e0 la Fran\u00e7aise - Catalogo | Letrame Grupo Editorial","isPartOf":{"@id":"https:\/\/letrame.com\/catalogo\/#website"},"primaryImageOfPage":{"@id":"https:\/\/letrame.com\/catalogo\/producto\/picante-historia-de-amor-a-la-francaise\/#primaryimage"},"image":{"@id":"https:\/\/letrame.com\/catalogo\/producto\/picante-historia-de-amor-a-la-francaise\/#primaryimage"},"thumbnailUrl":"https:\/\/letrame.com\/catalogo\/wp-content\/uploads\/2026\/04\/picantehistoria_1281mm4.jpg","datePublished":"2026-04-13T18:27:43+00:00","dateModified":"2026-04-13T18:27:44+00:00","breadcrumb":{"@id":"https:\/\/letrame.com\/catalogo\/producto\/picante-historia-de-amor-a-la-francaise\/#breadcrumb"},"inLanguage":"es","potentialAction":[{"@type":"ReadAction","target":["https:\/\/letrame.com\/catalogo\/producto\/picante-historia-de-amor-a-la-francaise\/"]}]},{"@type":"ImageObject","inLanguage":"es","@id":"https:\/\/letrame.com\/catalogo\/producto\/picante-historia-de-amor-a-la-francaise\/#primaryimage","url":"https:\/\/letrame.com\/catalogo\/wp-content\/uploads\/2026\/04\/picantehistoria_1281mm4.jpg","contentUrl":"https:\/\/letrame.com\/catalogo\/wp-content\/uploads\/2026\/04\/picantehistoria_1281mm4.jpg","width":532,"height":745},{"@type":"BreadcrumbList","@id":"https:\/\/letrame.com\/catalogo\/producto\/picante-historia-de-amor-a-la-francaise\/#breadcrumb","itemListElement":[{"@type":"ListItem","position":1,"name":"Portada","item":"https:\/\/letrame.com\/catalogo\/"},{"@type":"ListItem","position":2,"name":"Cat\u00e1logo","item":"https:\/\/letrame.com\/catalogo\/"},{"@type":"ListItem","position":3,"name":"Picante historia de amor \u00e0 la Fran\u00e7aise"}]},{"@type":"WebSite","@id":"https:\/\/letrame.com\/catalogo\/#website","url":"https:\/\/letrame.com\/catalogo\/","name":"Catalogo | Letrame Grupo Editorial","description":"","publisher":{"@id":"https:\/\/letrame.com\/catalogo\/#organization"},"potentialAction":[{"@type":"SearchAction","target":{"@type":"EntryPoint","urlTemplate":"https:\/\/letrame.com\/catalogo\/?s={search_term_string}"},"query-input":{"@type":"PropertyValueSpecification","valueRequired":true,"valueName":"search_term_string"}}],"inLanguage":"es"},{"@type":"Organization","@id":"https:\/\/letrame.com\/catalogo\/#organization","name":"Catalogo | Letrame Grupo Editorial","url":"https:\/\/letrame.com\/catalogo\/","logo":{"@type":"ImageObject","inLanguage":"es","@id":"https:\/\/letrame.com\/catalogo\/#\/schema\/logo\/image\/","url":"https:\/\/letrame.com\/catalogo\/wp-content\/uploads\/2024\/03\/logo2.webp","contentUrl":"https:\/\/letrame.com\/catalogo\/wp-content\/uploads\/2024\/03\/logo2.webp","width":394,"height":128,"caption":"Catalogo | Letrame Grupo Editorial"},"image":{"@id":"https:\/\/letrame.com\/catalogo\/#\/schema\/logo\/image\/"}}]}},"_links":{"self":[{"href":"https:\/\/letrame.com\/catalogo\/wp-json\/wp\/v2\/product\/112110","targetHints":{"allow":["GET"]}}],"collection":[{"href":"https:\/\/letrame.com\/catalogo\/wp-json\/wp\/v2\/product"}],"about":[{"href":"https:\/\/letrame.com\/catalogo\/wp-json\/wp\/v2\/types\/product"}],"replies":[{"embeddable":true,"href":"https:\/\/letrame.com\/catalogo\/wp-json\/wp\/v2\/comments?post=112110"}],"acf:post":[{"embeddable":true,"href":"https:\/\/letrame.com\/catalogo\/wp-json\/wp\/v2\/author_book\/112111"}],"wp:featuredmedia":[{"embeddable":true,"href":"https:\/\/letrame.com\/catalogo\/wp-json\/wp\/v2\/media\/112114"}],"wp:attachment":[{"href":"https:\/\/letrame.com\/catalogo\/wp-json\/wp\/v2\/media?parent=112110"}],"wp:term":[{"taxonomy":"libro","embeddable":true,"href":"https:\/\/letrame.com\/catalogo\/wp-json\/wp\/v2\/libro?post=112110"},{"taxonomy":"product_brand","embeddable":true,"href":"https:\/\/letrame.com\/catalogo\/wp-json\/wp\/v2\/product_brand?post=112110"},{"taxonomy":"product_cat","embeddable":true,"href":"https:\/\/letrame.com\/catalogo\/wp-json\/wp\/v2\/product_cat?post=112110"},{"taxonomy":"product_tag","embeddable":true,"href":"https:\/\/letrame.com\/catalogo\/wp-json\/wp\/v2\/product_tag?post=112110"}],"curies":[{"name":"wp","href":"https:\/\/api.w.org\/{rel}","templated":true}]}}