{"id":112090,"date":"2026-04-13T20:13:19","date_gmt":"2026-04-13T18:13:19","guid":{"rendered":"https:\/\/letrame.com\/catalogo\/?post_type=product&#038;p=112090"},"modified":"2026-04-13T20:13:20","modified_gmt":"2026-04-13T18:13:20","slug":"reiki-uno-sanarme-a-mi-mismo","status":"publish","type":"product","link":"https:\/\/letrame.com\/catalogo\/producto\/reiki-uno-sanarme-a-mi-mismo\/","title":{"rendered":"REIKI UNO Sanarme a m\u00ed mismo"},"content":{"rendered":"<p><strong>ISBN: 9791370296841<\/strong><br \/>\n<strong>T\u00edtulo:\u00a0 REIKI UNO Sanarme a m\u00ed mismo<\/strong><br \/>\n<strong>Fecha: 2026<\/strong><br \/>\n<strong>P\u00e1ginas: 114<\/strong><\/p>\n<p><strong>SINOPSIS<\/strong><\/p>\n<p data-start=\"0\" data-end=\"153\">Son tiempos intensos, de cambios profundos. Necesitamos todas las herramientas que podamos reunir para crear y sostener una realidad nueva, evolucionada.<\/p>\n<p data-start=\"155\" data-end=\"483\">En nuestro mundo nuevo, cuidamos y procuramos el bienestar de nuestro cuerpo, mente y emociones. Elevamos nuestra frecuencia vibratoria, as\u00ed favorecemos la salud y encontramos plenitud en la vida. A partir de ello, establecemos relaciones sanas y aut\u00e9nticas, basadas en el amor. Cuidamos de nosotros, de los dem\u00e1s y del entorno.<\/p>\n<p data-start=\"485\" data-end=\"862\"><em data-start=\"485\" data-end=\"496\">Reiki Uno<\/em> nos trae un conocimiento ancestral que es tremendamente actual. La conexi\u00f3n con una sabidur\u00eda superior siempre ha estado disponible. En estos tiempos es vital regresar a este poder innato de equilibrarnos y sanarnos a nosotros mismos. A trav\u00e9s del encuentro con nuestro propio bienestar, podemos generar el bienestar com\u00fan; cuando sanamos, estamos sanando el mundo.<\/p>\n<p data-start=\"864\" data-end=\"981\">Todo cambio comienza en lo individual. Sanarme a m\u00ed mismo es un detonante para la sanaci\u00f3n de todos. Todos somos uno.<\/p>\n<p data-start=\"983\" data-end=\"1334\">Si el desaf\u00edo parece imposible, <em data-start=\"1015\" data-end=\"1026\">Reiki Uno<\/em> te provee de direcci\u00f3n, establece las bases. Puedes regresar a lo esencial. Si te extrav\u00edas, retorna a los cinco principios. Si vas muy deprisa, haz una pausa, detente. Junta tus manos, respira. La energ\u00eda divina, esa inteligencia misteriosa, est\u00e1 ah\u00ed disponible para ti, solo tienes que permitirle guiarte.<\/p>\n<p data-start=\"1336\" data-end=\"1403\">Destina un peque\u00f1o espacio para ti mismo, reg\u00e1late una auto sesi\u00f3n.<\/p>\n<p data-start=\"1405\" data-end=\"1418\" data-is-last-node=\"\" data-is-only-node=\"\">Conf\u00eda, sana.<\/p>\n","protected":false},"excerpt":{"rendered":"<p><strong>ISBN: 9791370296841<\/strong><\/p>\n<p><strong>SINOPSIS<\/strong><\/p>\n<p data-start=\"0\" data-end=\"153\">Son tiempos intensos, de cambios profundos. Necesitamos todas las herramientas que podamos reunir para crear y sostener una realidad nueva, evolucionada.<\/p>\n<p data-start=\"155\" data-end=\"483\">En nuestro mundo nuevo, cuidamos y procuramos el bienestar de nuestro cuerpo, mente y emociones. Elevamos nuestra frecuencia vibratoria, as\u00ed favorecemos la salud y encontramos plenitud en la vida. A partir de ello, establecemos relaciones sanas y aut\u00e9nticas, basadas en el amor. Cuidamos de nosotros, de los dem\u00e1s y del entorno.<\/p>\n<p data-start=\"485\" data-end=\"862\"><em data-start=\"485\" data-end=\"496\">Reiki Uno<\/em> nos trae un conocimiento ancestral que es tremendamente actual. La conexi\u00f3n con una sabidur\u00eda superior siempre ha estado disponible. En estos tiempos es vital regresar a este poder innato de equilibrarnos y sanarnos a nosotros mismos. A trav\u00e9s del encuentro con nuestro propio bienestar, podemos generar el bienestar com\u00fan; cuando sanamos, estamos sanando el mundo.<\/p>\n<p data-start=\"864\" data-end=\"981\">Todo cambio comienza en lo individual. Sanarme a m\u00ed mismo es un detonante para la sanaci\u00f3n de todos. Todos somos uno.<\/p>\n<p data-start=\"983\" data-end=\"1334\">Si el desaf\u00edo parece imposible, <em data-start=\"1015\" data-end=\"1026\">Reiki Uno<\/em> te provee de direcci\u00f3n, establece las bases. Puedes regresar a lo esencial. Si te extrav\u00edas, retorna a los cinco principios. Si vas muy deprisa, haz una pausa, detente. Junta tus manos, respira. La energ\u00eda divina, esa inteligencia misteriosa, est\u00e1 ah\u00ed disponible para ti, solo tienes que permitirle guiarte.<\/p>\n<p data-start=\"1336\" data-end=\"1403\">Destina un peque\u00f1o espacio para ti mismo, reg\u00e1late una auto sesi\u00f3n.<\/p>\n<p data-start=\"1405\" data-end=\"1418\" data-is-last-node=\"\" data-is-only-node=\"\">Conf\u00eda, sana.<\/p>\n","protected":false},"featured_media":112097,"comment_status":"open","ping_status":"closed","template":"","meta":{"_acf_changed":false},"libro":[],"product_brand":[],"product_cat":[18],"product_tag":[],"class_list":{"0":"post-112090","1":"product","2":"type-product","3":"status-publish","4":"has-post-thumbnail","6":"product_cat-autoayuda","8":"first","9":"instock","10":"shipping-taxable","11":"product-type-simple"},"acf":{"autor":[112091,112094],"enlace_de_compra":"https:\/\/www.google.com\/search?q=9791370296841&sca_esv=27b04becbc364c98&sxsrf=ANbL-n6qhMuK7DM85dULs29SR8p6gR7DvQ%3A1776098859991&ei=Kx7daeOdPMihkdUPmoTs2Q4&biw=2560&bih=1305&ved=0ahUKEwij34rto-uTAxXIUKQEHRoCO-sQ4dUDCBE&uact=5&oq=9791370296841&gs_lp=Egxnd3Mtd2l6LXNlcnAiDTk3OTEzNzAyOTY4NDEyBRAAGO8FMgUQABjvBTIFEAAY7wVImQJQAFgAcAB4AJABAJgBdKABdKoBAzAuMbgBA8gBAPgBAvgBAZgCAaACe5gDAJIHAzAuMaAHzAGyBwMwLjG4B3vCBwMyLTHIBwSACAA&sclient=gws-wiz-serp"},"yoast_head":"<!-- This site is optimized with the Yoast SEO plugin v26.6 - https:\/\/yoast.com\/wordpress\/plugins\/seo\/ -->\n<title>REIKI UNO Sanarme a m\u00ed mismo - Catalogo | Letrame Grupo Editorial<\/title>\n<meta name=\"robots\" content=\"index, follow, max-snippet:-1, max-image-preview:large, max-video-preview:-1\" \/>\n<link rel=\"canonical\" href=\"https:\/\/letrame.com\/catalogo\/producto\/reiki-uno-sanarme-a-mi-mismo\/\" \/>\n<meta property=\"og:locale\" content=\"es_ES\" \/>\n<meta property=\"og:type\" content=\"article\" \/>\n<meta property=\"og:title\" content=\"REIKI UNO Sanarme a m\u00ed mismo - Catalogo | Letrame Grupo Editorial\" \/>\n<meta property=\"og:description\" content=\"ISBN: 9791370296841  SINOPSIS Son tiempos intensos, de cambios profundos. Necesitamos todas las herramientas que podamos reunir para crear y sostener una realidad nueva, evolucionada. En nuestro mundo nuevo, cuidamos y procuramos el bienestar de nuestro cuerpo, mente y emociones. Elevamos nuestra frecuencia vibratoria, as\u00ed favorecemos la salud y encontramos plenitud en la vida. A partir de ello, establecemos relaciones sanas y aut\u00e9nticas, basadas en el amor. Cuidamos de nosotros, de los dem\u00e1s y del entorno. Reiki Uno nos trae un conocimiento ancestral que es tremendamente actual. La conexi\u00f3n con una sabidur\u00eda superior siempre ha estado disponible. En estos tiempos es vital regresar a este poder innato de equilibrarnos y sanarnos a nosotros mismos. A trav\u00e9s del encuentro con nuestro propio bienestar, podemos generar el bienestar com\u00fan; cuando sanamos, estamos sanando el mundo. Todo cambio comienza en lo individual. Sanarme a m\u00ed mismo es un detonante para la sanaci\u00f3n de todos. Todos somos uno. Si el desaf\u00edo parece imposible, Reiki Uno te provee de direcci\u00f3n, establece las bases. Puedes regresar a lo esencial. Si te extrav\u00edas, retorna a los cinco principios. Si vas muy deprisa, haz una pausa, detente. Junta tus manos, respira. La energ\u00eda divina, esa inteligencia misteriosa, est\u00e1 ah\u00ed disponible para ti, solo tienes que permitirle guiarte. Destina un peque\u00f1o espacio para ti mismo, reg\u00e1late una auto sesi\u00f3n. Conf\u00eda, sana.\" \/>\n<meta property=\"og:url\" content=\"https:\/\/letrame.com\/catalogo\/producto\/reiki-uno-sanarme-a-mi-mismo\/\" \/>\n<meta property=\"og:site_name\" content=\"Catalogo | Letrame Grupo Editorial\" \/>\n<meta property=\"article:modified_time\" content=\"2026-04-13T18:13:20+00:00\" \/>\n<meta property=\"og:image\" content=\"https:\/\/letrame.com\/catalogo\/wp-content\/uploads\/2026\/04\/reikiuno_657mm4.jpg\" \/>\n\t<meta property=\"og:image:width\" content=\"886\" \/>\n\t<meta property=\"og:image:height\" content=\"1240\" \/>\n\t<meta property=\"og:image:type\" content=\"image\/jpeg\" \/>\n<meta name=\"twitter:card\" content=\"summary_large_image\" \/>\n<meta name=\"twitter:label1\" content=\"Tiempo de lectura\" \/>\n\t<meta name=\"twitter:data1\" content=\"2 minutos\" \/>\n<script type=\"application\/ld+json\" class=\"yoast-schema-graph\">{\"@context\":\"https:\/\/schema.org\",\"@graph\":[{\"@type\":\"WebPage\",\"@id\":\"https:\/\/letrame.com\/catalogo\/producto\/reiki-uno-sanarme-a-mi-mismo\/\",\"url\":\"https:\/\/letrame.com\/catalogo\/producto\/reiki-uno-sanarme-a-mi-mismo\/\",\"name\":\"REIKI UNO Sanarme a m\u00ed mismo - Catalogo | Letrame Grupo Editorial\",\"isPartOf\":{\"@id\":\"https:\/\/letrame.com\/catalogo\/#website\"},\"primaryImageOfPage\":{\"@id\":\"https:\/\/letrame.com\/catalogo\/producto\/reiki-uno-sanarme-a-mi-mismo\/#primaryimage\"},\"image\":{\"@id\":\"https:\/\/letrame.com\/catalogo\/producto\/reiki-uno-sanarme-a-mi-mismo\/#primaryimage\"},\"thumbnailUrl\":\"https:\/\/letrame.com\/catalogo\/wp-content\/uploads\/2026\/04\/reikiuno_657mm4.jpg\",\"datePublished\":\"2026-04-13T18:13:19+00:00\",\"dateModified\":\"2026-04-13T18:13:20+00:00\",\"breadcrumb\":{\"@id\":\"https:\/\/letrame.com\/catalogo\/producto\/reiki-uno-sanarme-a-mi-mismo\/#breadcrumb\"},\"inLanguage\":\"es\",\"potentialAction\":[{\"@type\":\"ReadAction\",\"target\":[\"https:\/\/letrame.com\/catalogo\/producto\/reiki-uno-sanarme-a-mi-mismo\/\"]}]},{\"@type\":\"ImageObject\",\"inLanguage\":\"es\",\"@id\":\"https:\/\/letrame.com\/catalogo\/producto\/reiki-uno-sanarme-a-mi-mismo\/#primaryimage\",\"url\":\"https:\/\/letrame.com\/catalogo\/wp-content\/uploads\/2026\/04\/reikiuno_657mm4.jpg\",\"contentUrl\":\"https:\/\/letrame.com\/catalogo\/wp-content\/uploads\/2026\/04\/reikiuno_657mm4.jpg\",\"width\":886,\"height\":1240},{\"@type\":\"BreadcrumbList\",\"@id\":\"https:\/\/letrame.com\/catalogo\/producto\/reiki-uno-sanarme-a-mi-mismo\/#breadcrumb\",\"itemListElement\":[{\"@type\":\"ListItem\",\"position\":1,\"name\":\"Portada\",\"item\":\"https:\/\/letrame.com\/catalogo\/\"},{\"@type\":\"ListItem\",\"position\":2,\"name\":\"Cat\u00e1logo\",\"item\":\"https:\/\/letrame.com\/catalogo\/\"},{\"@type\":\"ListItem\",\"position\":3,\"name\":\"REIKI UNO Sanarme a m\u00ed mismo\"}]},{\"@type\":\"WebSite\",\"@id\":\"https:\/\/letrame.com\/catalogo\/#website\",\"url\":\"https:\/\/letrame.com\/catalogo\/\",\"name\":\"Catalogo | Letrame Grupo Editorial\",\"description\":\"\",\"publisher\":{\"@id\":\"https:\/\/letrame.com\/catalogo\/#organization\"},\"potentialAction\":[{\"@type\":\"SearchAction\",\"target\":{\"@type\":\"EntryPoint\",\"urlTemplate\":\"https:\/\/letrame.com\/catalogo\/?s={search_term_string}\"},\"query-input\":{\"@type\":\"PropertyValueSpecification\",\"valueRequired\":true,\"valueName\":\"search_term_string\"}}],\"inLanguage\":\"es\"},{\"@type\":\"Organization\",\"@id\":\"https:\/\/letrame.com\/catalogo\/#organization\",\"name\":\"Catalogo | Letrame Grupo Editorial\",\"url\":\"https:\/\/letrame.com\/catalogo\/\",\"logo\":{\"@type\":\"ImageObject\",\"inLanguage\":\"es\",\"@id\":\"https:\/\/letrame.com\/catalogo\/#\/schema\/logo\/image\/\",\"url\":\"https:\/\/letrame.com\/catalogo\/wp-content\/uploads\/2024\/03\/logo2.webp\",\"contentUrl\":\"https:\/\/letrame.com\/catalogo\/wp-content\/uploads\/2024\/03\/logo2.webp\",\"width\":394,\"height\":128,\"caption\":\"Catalogo | Letrame Grupo Editorial\"},\"image\":{\"@id\":\"https:\/\/letrame.com\/catalogo\/#\/schema\/logo\/image\/\"}}]}<\/script>\n<!-- \/ Yoast SEO plugin. -->","yoast_head_json":{"title":"REIKI UNO Sanarme a m\u00ed mismo - Catalogo | Letrame Grupo Editorial","robots":{"index":"index","follow":"follow","max-snippet":"max-snippet:-1","max-image-preview":"max-image-preview:large","max-video-preview":"max-video-preview:-1"},"canonical":"https:\/\/letrame.com\/catalogo\/producto\/reiki-uno-sanarme-a-mi-mismo\/","og_locale":"es_ES","og_type":"article","og_title":"REIKI UNO Sanarme a m\u00ed mismo - Catalogo | Letrame Grupo Editorial","og_description":"ISBN: 9791370296841  SINOPSIS Son tiempos intensos, de cambios profundos. Necesitamos todas las herramientas que podamos reunir para crear y sostener una realidad nueva, evolucionada. En nuestro mundo nuevo, cuidamos y procuramos el bienestar de nuestro cuerpo, mente y emociones. Elevamos nuestra frecuencia vibratoria, as\u00ed favorecemos la salud y encontramos plenitud en la vida. A partir de ello, establecemos relaciones sanas y aut\u00e9nticas, basadas en el amor. Cuidamos de nosotros, de los dem\u00e1s y del entorno. Reiki Uno nos trae un conocimiento ancestral que es tremendamente actual. La conexi\u00f3n con una sabidur\u00eda superior siempre ha estado disponible. En estos tiempos es vital regresar a este poder innato de equilibrarnos y sanarnos a nosotros mismos. A trav\u00e9s del encuentro con nuestro propio bienestar, podemos generar el bienestar com\u00fan; cuando sanamos, estamos sanando el mundo. Todo cambio comienza en lo individual. Sanarme a m\u00ed mismo es un detonante para la sanaci\u00f3n de todos. Todos somos uno. Si el desaf\u00edo parece imposible, Reiki Uno te provee de direcci\u00f3n, establece las bases. Puedes regresar a lo esencial. Si te extrav\u00edas, retorna a los cinco principios. Si vas muy deprisa, haz una pausa, detente. Junta tus manos, respira. La energ\u00eda divina, esa inteligencia misteriosa, est\u00e1 ah\u00ed disponible para ti, solo tienes que permitirle guiarte. Destina un peque\u00f1o espacio para ti mismo, reg\u00e1late una auto sesi\u00f3n. Conf\u00eda, sana.","og_url":"https:\/\/letrame.com\/catalogo\/producto\/reiki-uno-sanarme-a-mi-mismo\/","og_site_name":"Catalogo | Letrame Grupo Editorial","article_modified_time":"2026-04-13T18:13:20+00:00","og_image":[{"width":886,"height":1240,"url":"https:\/\/letrame.com\/catalogo\/wp-content\/uploads\/2026\/04\/reikiuno_657mm4.jpg","type":"image\/jpeg"}],"twitter_card":"summary_large_image","twitter_misc":{"Tiempo de lectura":"2 minutos"},"schema":{"@context":"https:\/\/schema.org","@graph":[{"@type":"WebPage","@id":"https:\/\/letrame.com\/catalogo\/producto\/reiki-uno-sanarme-a-mi-mismo\/","url":"https:\/\/letrame.com\/catalogo\/producto\/reiki-uno-sanarme-a-mi-mismo\/","name":"REIKI UNO Sanarme a m\u00ed mismo - Catalogo | Letrame Grupo Editorial","isPartOf":{"@id":"https:\/\/letrame.com\/catalogo\/#website"},"primaryImageOfPage":{"@id":"https:\/\/letrame.com\/catalogo\/producto\/reiki-uno-sanarme-a-mi-mismo\/#primaryimage"},"image":{"@id":"https:\/\/letrame.com\/catalogo\/producto\/reiki-uno-sanarme-a-mi-mismo\/#primaryimage"},"thumbnailUrl":"https:\/\/letrame.com\/catalogo\/wp-content\/uploads\/2026\/04\/reikiuno_657mm4.jpg","datePublished":"2026-04-13T18:13:19+00:00","dateModified":"2026-04-13T18:13:20+00:00","breadcrumb":{"@id":"https:\/\/letrame.com\/catalogo\/producto\/reiki-uno-sanarme-a-mi-mismo\/#breadcrumb"},"inLanguage":"es","potentialAction":[{"@type":"ReadAction","target":["https:\/\/letrame.com\/catalogo\/producto\/reiki-uno-sanarme-a-mi-mismo\/"]}]},{"@type":"ImageObject","inLanguage":"es","@id":"https:\/\/letrame.com\/catalogo\/producto\/reiki-uno-sanarme-a-mi-mismo\/#primaryimage","url":"https:\/\/letrame.com\/catalogo\/wp-content\/uploads\/2026\/04\/reikiuno_657mm4.jpg","contentUrl":"https:\/\/letrame.com\/catalogo\/wp-content\/uploads\/2026\/04\/reikiuno_657mm4.jpg","width":886,"height":1240},{"@type":"BreadcrumbList","@id":"https:\/\/letrame.com\/catalogo\/producto\/reiki-uno-sanarme-a-mi-mismo\/#breadcrumb","itemListElement":[{"@type":"ListItem","position":1,"name":"Portada","item":"https:\/\/letrame.com\/catalogo\/"},{"@type":"ListItem","position":2,"name":"Cat\u00e1logo","item":"https:\/\/letrame.com\/catalogo\/"},{"@type":"ListItem","position":3,"name":"REIKI UNO Sanarme a m\u00ed mismo"}]},{"@type":"WebSite","@id":"https:\/\/letrame.com\/catalogo\/#website","url":"https:\/\/letrame.com\/catalogo\/","name":"Catalogo | Letrame Grupo Editorial","description":"","publisher":{"@id":"https:\/\/letrame.com\/catalogo\/#organization"},"potentialAction":[{"@type":"SearchAction","target":{"@type":"EntryPoint","urlTemplate":"https:\/\/letrame.com\/catalogo\/?s={search_term_string}"},"query-input":{"@type":"PropertyValueSpecification","valueRequired":true,"valueName":"search_term_string"}}],"inLanguage":"es"},{"@type":"Organization","@id":"https:\/\/letrame.com\/catalogo\/#organization","name":"Catalogo | Letrame Grupo Editorial","url":"https:\/\/letrame.com\/catalogo\/","logo":{"@type":"ImageObject","inLanguage":"es","@id":"https:\/\/letrame.com\/catalogo\/#\/schema\/logo\/image\/","url":"https:\/\/letrame.com\/catalogo\/wp-content\/uploads\/2024\/03\/logo2.webp","contentUrl":"https:\/\/letrame.com\/catalogo\/wp-content\/uploads\/2024\/03\/logo2.webp","width":394,"height":128,"caption":"Catalogo | Letrame Grupo Editorial"},"image":{"@id":"https:\/\/letrame.com\/catalogo\/#\/schema\/logo\/image\/"}}]}},"_links":{"self":[{"href":"https:\/\/letrame.com\/catalogo\/wp-json\/wp\/v2\/product\/112090","targetHints":{"allow":["GET"]}}],"collection":[{"href":"https:\/\/letrame.com\/catalogo\/wp-json\/wp\/v2\/product"}],"about":[{"href":"https:\/\/letrame.com\/catalogo\/wp-json\/wp\/v2\/types\/product"}],"replies":[{"embeddable":true,"href":"https:\/\/letrame.com\/catalogo\/wp-json\/wp\/v2\/comments?post=112090"}],"acf:post":[{"embeddable":true,"href":"https:\/\/letrame.com\/catalogo\/wp-json\/wp\/v2\/author_book\/112094"},{"embeddable":true,"href":"https:\/\/letrame.com\/catalogo\/wp-json\/wp\/v2\/author_book\/112091"}],"wp:featuredmedia":[{"embeddable":true,"href":"https:\/\/letrame.com\/catalogo\/wp-json\/wp\/v2\/media\/112097"}],"wp:attachment":[{"href":"https:\/\/letrame.com\/catalogo\/wp-json\/wp\/v2\/media?parent=112090"}],"wp:term":[{"taxonomy":"libro","embeddable":true,"href":"https:\/\/letrame.com\/catalogo\/wp-json\/wp\/v2\/libro?post=112090"},{"taxonomy":"product_brand","embeddable":true,"href":"https:\/\/letrame.com\/catalogo\/wp-json\/wp\/v2\/product_brand?post=112090"},{"taxonomy":"product_cat","embeddable":true,"href":"https:\/\/letrame.com\/catalogo\/wp-json\/wp\/v2\/product_cat?post=112090"},{"taxonomy":"product_tag","embeddable":true,"href":"https:\/\/letrame.com\/catalogo\/wp-json\/wp\/v2\/product_tag?post=112090"}],"curies":[{"name":"wp","href":"https:\/\/api.w.org\/{rel}","templated":true}]}}