{"id":112085,"date":"2026-04-13T20:04:10","date_gmt":"2026-04-13T18:04:10","guid":{"rendered":"https:\/\/letrame.com\/catalogo\/?post_type=product&#038;p=112085"},"modified":"2026-04-13T20:04:10","modified_gmt":"2026-04-13T18:04:10","slug":"la-ausencia","status":"publish","type":"product","link":"https:\/\/letrame.com\/catalogo\/producto\/la-ausencia\/","title":{"rendered":"La Ausencia"},"content":{"rendered":"<p><strong>ISBN: 9791370295318<\/strong><br \/>\n<strong>T\u00edtulo:\u00a0 La Ausencia<\/strong><br \/>\n<strong>Fecha: 2026<\/strong><br \/>\n<strong>P\u00e1ginas: 234<\/strong><\/p>\n<p><strong>SINOPSIS<\/strong><\/p>\n<div class=\"flex flex-col text-sm pb-25\">\n<section class=\"text-token-text-primary w-full focus:outline-none [--shadow-height:45px] has-data-writing-block:pointer-events-none has-data-writing-block:-mt-(--shadow-height) has-data-writing-block:pt-(--shadow-height) [&amp;:has([data-writing-block])&gt;*]:pointer-events-auto scroll-mt-[calc(var(--header-height)+min(200px,max(70px,20svh)))]\" dir=\"auto\" data-turn-id=\"request-WEB:a1a622e7-b866-432e-849d-5c2b917c120b-127\" data-testid=\"conversation-turn-90\" data-scroll-anchor=\"true\" data-turn=\"assistant\">\n<div class=\"text-base my-auto mx-auto pb-10 [--thread-content-margin:var(--thread-content-margin-xs,calc(var(--spacing)*4))] @w-sm\/main:[--thread-content-margin:var(--thread-content-margin-sm,calc(var(--spacing)*6))] @w-lg\/main:[--thread-content-margin:var(--thread-content-margin-lg,calc(var(--spacing)*16))] px-(--thread-content-margin)\">\n<div class=\"[--thread-content-max-width:40rem] @w-lg\/main:[--thread-content-max-width:48rem] mx-auto max-w-(--thread-content-max-width) flex-1 group\/turn-messages focus-visible:outline-hidden relative flex w-full min-w-0 flex-col agent-turn\">\n<div class=\"flex max-w-full flex-col gap-4 grow\">\n<div class=\"min-h-8 text-message relative flex w-full flex-col items-end gap-2 text-start break-words whitespace-normal outline-none keyboard-focused:focus-ring [.text-message+&amp;]:mt-1\" dir=\"auto\" tabindex=\"0\" data-message-author-role=\"assistant\" data-message-id=\"78e7334f-e4f3-414c-88ce-cb03a1cf7134\" data-message-model-slug=\"gpt-5-3\" data-turn-start-message=\"true\">\n<div class=\"flex w-full flex-col gap-1 empty:hidden\">\n<div class=\"markdown prose dark:prose-invert w-full wrap-break-word dark markdown-new-styling\">\n<p data-start=\"0\" data-end=\"92\">\u00bfSer\u00e1 cierto que hay otra realidad que nos vigila y que esta, a su vez, la podemos observar?<\/p>\n<p data-start=\"94\" data-end=\"385\">Sof\u00eda, una adolescente con un cociente intelectual sobresaliente, despierta en los dominios de la muerte sin poder recordar nada. Con nulas probabilidades de escapar, es observada de cerca por tres extra\u00f1os seres, cuyo aparente prop\u00f3sito es el de asegurarse de que la jovencita no sobreviva.<\/p>\n<p data-start=\"387\" data-end=\"695\">Sin escapar de la mirada vigilante de aquellos inquietantes entes, debe ayudar a una misteriosa amiga llamada Andrea, quien, desde su ni\u00f1ez, le ense\u00f1\u00f3 a redactar unas instrucciones con las que podr\u00eda enfrentar a un enemigo desconocido cuyo oscuro prop\u00f3sito es el de acabar con su vida y la de otras personas.<\/p>\n<p data-start=\"697\" data-end=\"794\">Sof\u00eda no est\u00e1 so\u00f1ando, tampoco es su imaginaci\u00f3n o una fantas\u00eda. Todo es real y \u00a1est\u00e1 sucediendo!<\/p>\n<p data-start=\"796\" data-end=\"1170\">\u00bfPodr\u00e1 resolver a tiempo todos los enigmas del universo y, a su vez, sobrevivir a una muerte de la cual parece no tener salida? <em data-start=\"924\" data-end=\"937\">La Ausencia<\/em> es un thriller de ficci\u00f3n inspirado en hechos reales que la ciencia, la Biblia y la vida misma hasta ahora no han podido explicar. La fuerza de la amistad y el poder de la fe ser\u00e1n determinantes en esta aventura nunca antes contada.<\/p>\n<p data-start=\"1172\" data-end=\"1359\">Cada cap\u00edtulo despierta nuevas preguntas, intensifica la intriga y empuja al lector hacia una conclusi\u00f3n tan inesperada como provocadora. Al llegar al final, no podr\u00e1s evitar preguntarte:<\/p>\n<p data-start=\"1361\" data-end=\"1390\" data-is-last-node=\"\" data-is-only-node=\"\">\u00bfY si todo esto fuera verdad?<\/p>\n<\/div>\n<\/div>\n<\/div>\n<\/div>\n<div class=\"z-0 flex min-h-[46px] justify-start\"><\/div>\n<\/div>\n<\/div>\n<\/section>\n<\/div>\n","protected":false},"excerpt":{"rendered":"<p><strong>ISBN: 9791370295318<\/strong><\/p>\n<p><strong>SINOPSIS<\/strong><\/p>\n<div class=\"flex flex-col text-sm pb-25\">\n<section class=\"text-token-text-primary w-full focus:outline-none [--shadow-height:45px] has-data-writing-block:pointer-events-none has-data-writing-block:-mt-(--shadow-height) has-data-writing-block:pt-(--shadow-height) [&amp;:has([data-writing-block])&gt;*]:pointer-events-auto scroll-mt-[calc(var(--header-height)+min(200px,max(70px,20svh)))]\" dir=\"auto\" data-turn-id=\"request-WEB:a1a622e7-b866-432e-849d-5c2b917c120b-127\" data-testid=\"conversation-turn-90\" data-scroll-anchor=\"true\" data-turn=\"assistant\">\n<div class=\"text-base my-auto mx-auto pb-10 [--thread-content-margin:var(--thread-content-margin-xs,calc(var(--spacing)*4))] @w-sm\/main:[--thread-content-margin:var(--thread-content-margin-sm,calc(var(--spacing)*6))] @w-lg\/main:[--thread-content-margin:var(--thread-content-margin-lg,calc(var(--spacing)*16))] px-(--thread-content-margin)\">\n<div class=\"[--thread-content-max-width:40rem] @w-lg\/main:[--thread-content-max-width:48rem] mx-auto max-w-(--thread-content-max-width) flex-1 group\/turn-messages focus-visible:outline-hidden relative flex w-full min-w-0 flex-col agent-turn\">\n<div class=\"flex max-w-full flex-col gap-4 grow\">\n<div class=\"min-h-8 text-message relative flex w-full flex-col items-end gap-2 text-start break-words whitespace-normal outline-none keyboard-focused:focus-ring [.text-message+&amp;]:mt-1\" dir=\"auto\" tabindex=\"0\" data-message-author-role=\"assistant\" data-message-id=\"78e7334f-e4f3-414c-88ce-cb03a1cf7134\" data-message-model-slug=\"gpt-5-3\" data-turn-start-message=\"true\">\n<div class=\"flex w-full flex-col gap-1 empty:hidden\">\n<div class=\"markdown prose dark:prose-invert w-full wrap-break-word dark markdown-new-styling\">\n<p data-start=\"0\" data-end=\"92\">\u00bfSer\u00e1 cierto que hay otra realidad que nos vigila y que esta, a su vez, la podemos observar?<\/p>\n<p data-start=\"94\" data-end=\"385\">Sof\u00eda, una adolescente con un cociente intelectual sobresaliente, despierta en los dominios de la muerte sin poder recordar nada. Con nulas probabilidades de escapar, es observada de cerca por tres extra\u00f1os seres, cuyo aparente prop\u00f3sito es el de asegurarse de que la jovencita no sobreviva.<\/p>\n<p data-start=\"387\" data-end=\"695\">Sin escapar de la mirada vigilante de aquellos inquietantes entes, debe ayudar a una misteriosa amiga llamada Andrea, quien, desde su ni\u00f1ez, le ense\u00f1\u00f3 a redactar unas instrucciones con las que podr\u00eda enfrentar a un enemigo desconocido cuyo oscuro prop\u00f3sito es el de acabar con su vida y la de otras personas.<\/p>\n<p data-start=\"697\" data-end=\"794\">Sof\u00eda no est\u00e1 so\u00f1ando, tampoco es su imaginaci\u00f3n o una fantas\u00eda. Todo es real y \u00a1est\u00e1 sucediendo!<\/p>\n<p data-start=\"796\" data-end=\"1170\">\u00bfPodr\u00e1 resolver a tiempo todos los enigmas del universo y, a su vez, sobrevivir a una muerte de la cual parece no tener salida? <em data-start=\"924\" data-end=\"937\">La Ausencia<\/em> es un thriller de ficci\u00f3n inspirado en hechos reales que la ciencia, la Biblia y la vida misma hasta ahora no han podido explicar. La fuerza de la amistad y el poder de la fe ser\u00e1n determinantes en esta aventura nunca antes contada.<\/p>\n<p data-start=\"1172\" data-end=\"1359\">Cada cap\u00edtulo despierta nuevas preguntas, intensifica la intriga y empuja al lector hacia una conclusi\u00f3n tan inesperada como provocadora. Al llegar al final, no podr\u00e1s evitar preguntarte:<\/p>\n<p data-start=\"1361\" data-end=\"1390\" data-is-last-node=\"\" data-is-only-node=\"\">\u00bfY si todo esto fuera verdad?<\/p>\n<\/div>\n<\/div>\n<\/div>\n<\/div>\n<div class=\"z-0 flex min-h-[46px] justify-start\"><\/div>\n<\/div>\n<\/div>\n<\/section>\n<\/div>\n","protected":false},"featured_media":112088,"comment_status":"open","ping_status":"closed","template":"","meta":{"_acf_changed":false},"libro":[],"product_brand":[],"product_cat":[111],"product_tag":[],"class_list":{"0":"post-112085","1":"product","2":"type-product","3":"status-publish","4":"has-post-thumbnail","6":"product_cat-thriller","8":"first","9":"instock","10":"shipping-taxable","11":"product-type-simple"},"acf":{"autor":[112086],"enlace_de_compra":"https:\/\/amzn.to\/4chtlAc"},"yoast_head":"<!-- This site is optimized with the Yoast SEO plugin v26.6 - https:\/\/yoast.com\/wordpress\/plugins\/seo\/ -->\n<title>La Ausencia - Catalogo | Letrame Grupo Editorial<\/title>\n<meta name=\"robots\" content=\"index, follow, max-snippet:-1, max-image-preview:large, max-video-preview:-1\" \/>\n<link rel=\"canonical\" href=\"https:\/\/letrame.com\/catalogo\/producto\/la-ausencia\/\" \/>\n<meta property=\"og:locale\" content=\"es_ES\" \/>\n<meta property=\"og:type\" content=\"article\" \/>\n<meta property=\"og:title\" content=\"La Ausencia - Catalogo | Letrame Grupo Editorial\" \/>\n<meta property=\"og:description\" content=\"ISBN: 9791370295318  SINOPSIS        \u00bfSer\u00e1 cierto que hay otra realidad que nos vigila y que esta, a su vez, la podemos observar? Sof\u00eda, una adolescente con un cociente intelectual sobresaliente, despierta en los dominios de la muerte sin poder recordar nada. Con nulas probabilidades de escapar, es observada de cerca por tres extra\u00f1os seres, cuyo aparente prop\u00f3sito es el de asegurarse de que la jovencita no sobreviva. Sin escapar de la mirada vigilante de aquellos inquietantes entes, debe ayudar a una misteriosa amiga llamada Andrea, quien, desde su ni\u00f1ez, le ense\u00f1\u00f3 a redactar unas instrucciones con las que podr\u00eda enfrentar a un enemigo desconocido cuyo oscuro prop\u00f3sito es el de acabar con su vida y la de otras personas. Sof\u00eda no est\u00e1 so\u00f1ando, tampoco es su imaginaci\u00f3n o una fantas\u00eda. Todo es real y \u00a1est\u00e1 sucediendo! \u00bfPodr\u00e1 resolver a tiempo todos los enigmas del universo y, a su vez, sobrevivir a una muerte de la cual parece no tener salida? La Ausencia es un thriller de ficci\u00f3n inspirado en hechos reales que la ciencia, la Biblia y la vida misma hasta ahora no han podido explicar. La fuerza de la amistad y el poder de la fe ser\u00e1n determinantes en esta aventura nunca antes contada. Cada cap\u00edtulo despierta nuevas preguntas, intensifica la intriga y empuja al lector hacia una conclusi\u00f3n tan inesperada como provocadora. Al llegar al final, no podr\u00e1s evitar preguntarte: \u00bfY si todo esto fuera verdad?\" \/>\n<meta property=\"og:url\" content=\"https:\/\/letrame.com\/catalogo\/producto\/la-ausencia\/\" \/>\n<meta property=\"og:site_name\" content=\"Catalogo | Letrame Grupo Editorial\" \/>\n<meta property=\"og:image\" content=\"https:\/\/letrame.com\/catalogo\/wp-content\/uploads\/2026\/04\/laausencia_1165mm4.jpg\" \/>\n\t<meta property=\"og:image:width\" content=\"532\" \/>\n\t<meta property=\"og:image:height\" content=\"780\" \/>\n\t<meta property=\"og:image:type\" content=\"image\/jpeg\" \/>\n<meta name=\"twitter:card\" content=\"summary_large_image\" \/>\n<meta name=\"twitter:label1\" content=\"Tiempo de lectura\" \/>\n\t<meta name=\"twitter:data1\" content=\"2 minutos\" \/>\n<script type=\"application\/ld+json\" class=\"yoast-schema-graph\">{\"@context\":\"https:\/\/schema.org\",\"@graph\":[{\"@type\":\"WebPage\",\"@id\":\"https:\/\/letrame.com\/catalogo\/producto\/la-ausencia\/\",\"url\":\"https:\/\/letrame.com\/catalogo\/producto\/la-ausencia\/\",\"name\":\"La Ausencia - Catalogo | Letrame Grupo Editorial\",\"isPartOf\":{\"@id\":\"https:\/\/letrame.com\/catalogo\/#website\"},\"primaryImageOfPage\":{\"@id\":\"https:\/\/letrame.com\/catalogo\/producto\/la-ausencia\/#primaryimage\"},\"image\":{\"@id\":\"https:\/\/letrame.com\/catalogo\/producto\/la-ausencia\/#primaryimage\"},\"thumbnailUrl\":\"https:\/\/letrame.com\/catalogo\/wp-content\/uploads\/2026\/04\/laausencia_1165mm4.jpg\",\"datePublished\":\"2026-04-13T18:04:10+00:00\",\"breadcrumb\":{\"@id\":\"https:\/\/letrame.com\/catalogo\/producto\/la-ausencia\/#breadcrumb\"},\"inLanguage\":\"es\",\"potentialAction\":[{\"@type\":\"ReadAction\",\"target\":[\"https:\/\/letrame.com\/catalogo\/producto\/la-ausencia\/\"]}]},{\"@type\":\"ImageObject\",\"inLanguage\":\"es\",\"@id\":\"https:\/\/letrame.com\/catalogo\/producto\/la-ausencia\/#primaryimage\",\"url\":\"https:\/\/letrame.com\/catalogo\/wp-content\/uploads\/2026\/04\/laausencia_1165mm4.jpg\",\"contentUrl\":\"https:\/\/letrame.com\/catalogo\/wp-content\/uploads\/2026\/04\/laausencia_1165mm4.jpg\",\"width\":532,\"height\":780},{\"@type\":\"BreadcrumbList\",\"@id\":\"https:\/\/letrame.com\/catalogo\/producto\/la-ausencia\/#breadcrumb\",\"itemListElement\":[{\"@type\":\"ListItem\",\"position\":1,\"name\":\"Portada\",\"item\":\"https:\/\/letrame.com\/catalogo\/\"},{\"@type\":\"ListItem\",\"position\":2,\"name\":\"Cat\u00e1logo\",\"item\":\"https:\/\/letrame.com\/catalogo\/\"},{\"@type\":\"ListItem\",\"position\":3,\"name\":\"La Ausencia\"}]},{\"@type\":\"WebSite\",\"@id\":\"https:\/\/letrame.com\/catalogo\/#website\",\"url\":\"https:\/\/letrame.com\/catalogo\/\",\"name\":\"Catalogo | Letrame Grupo Editorial\",\"description\":\"\",\"publisher\":{\"@id\":\"https:\/\/letrame.com\/catalogo\/#organization\"},\"potentialAction\":[{\"@type\":\"SearchAction\",\"target\":{\"@type\":\"EntryPoint\",\"urlTemplate\":\"https:\/\/letrame.com\/catalogo\/?s={search_term_string}\"},\"query-input\":{\"@type\":\"PropertyValueSpecification\",\"valueRequired\":true,\"valueName\":\"search_term_string\"}}],\"inLanguage\":\"es\"},{\"@type\":\"Organization\",\"@id\":\"https:\/\/letrame.com\/catalogo\/#organization\",\"name\":\"Catalogo | Letrame Grupo Editorial\",\"url\":\"https:\/\/letrame.com\/catalogo\/\",\"logo\":{\"@type\":\"ImageObject\",\"inLanguage\":\"es\",\"@id\":\"https:\/\/letrame.com\/catalogo\/#\/schema\/logo\/image\/\",\"url\":\"https:\/\/letrame.com\/catalogo\/wp-content\/uploads\/2024\/03\/logo2.webp\",\"contentUrl\":\"https:\/\/letrame.com\/catalogo\/wp-content\/uploads\/2024\/03\/logo2.webp\",\"width\":394,\"height\":128,\"caption\":\"Catalogo | Letrame Grupo Editorial\"},\"image\":{\"@id\":\"https:\/\/letrame.com\/catalogo\/#\/schema\/logo\/image\/\"}}]}<\/script>\n<!-- \/ Yoast SEO plugin. -->","yoast_head_json":{"title":"La Ausencia - Catalogo | Letrame Grupo Editorial","robots":{"index":"index","follow":"follow","max-snippet":"max-snippet:-1","max-image-preview":"max-image-preview:large","max-video-preview":"max-video-preview:-1"},"canonical":"https:\/\/letrame.com\/catalogo\/producto\/la-ausencia\/","og_locale":"es_ES","og_type":"article","og_title":"La Ausencia - Catalogo | Letrame Grupo Editorial","og_description":"ISBN: 9791370295318  SINOPSIS        \u00bfSer\u00e1 cierto que hay otra realidad que nos vigila y que esta, a su vez, la podemos observar? Sof\u00eda, una adolescente con un cociente intelectual sobresaliente, despierta en los dominios de la muerte sin poder recordar nada. Con nulas probabilidades de escapar, es observada de cerca por tres extra\u00f1os seres, cuyo aparente prop\u00f3sito es el de asegurarse de que la jovencita no sobreviva. Sin escapar de la mirada vigilante de aquellos inquietantes entes, debe ayudar a una misteriosa amiga llamada Andrea, quien, desde su ni\u00f1ez, le ense\u00f1\u00f3 a redactar unas instrucciones con las que podr\u00eda enfrentar a un enemigo desconocido cuyo oscuro prop\u00f3sito es el de acabar con su vida y la de otras personas. Sof\u00eda no est\u00e1 so\u00f1ando, tampoco es su imaginaci\u00f3n o una fantas\u00eda. Todo es real y \u00a1est\u00e1 sucediendo! \u00bfPodr\u00e1 resolver a tiempo todos los enigmas del universo y, a su vez, sobrevivir a una muerte de la cual parece no tener salida? La Ausencia es un thriller de ficci\u00f3n inspirado en hechos reales que la ciencia, la Biblia y la vida misma hasta ahora no han podido explicar. La fuerza de la amistad y el poder de la fe ser\u00e1n determinantes en esta aventura nunca antes contada. Cada cap\u00edtulo despierta nuevas preguntas, intensifica la intriga y empuja al lector hacia una conclusi\u00f3n tan inesperada como provocadora. Al llegar al final, no podr\u00e1s evitar preguntarte: \u00bfY si todo esto fuera verdad?","og_url":"https:\/\/letrame.com\/catalogo\/producto\/la-ausencia\/","og_site_name":"Catalogo | Letrame Grupo Editorial","og_image":[{"width":532,"height":780,"url":"https:\/\/letrame.com\/catalogo\/wp-content\/uploads\/2026\/04\/laausencia_1165mm4.jpg","type":"image\/jpeg"}],"twitter_card":"summary_large_image","twitter_misc":{"Tiempo de lectura":"2 minutos"},"schema":{"@context":"https:\/\/schema.org","@graph":[{"@type":"WebPage","@id":"https:\/\/letrame.com\/catalogo\/producto\/la-ausencia\/","url":"https:\/\/letrame.com\/catalogo\/producto\/la-ausencia\/","name":"La Ausencia - Catalogo | Letrame Grupo Editorial","isPartOf":{"@id":"https:\/\/letrame.com\/catalogo\/#website"},"primaryImageOfPage":{"@id":"https:\/\/letrame.com\/catalogo\/producto\/la-ausencia\/#primaryimage"},"image":{"@id":"https:\/\/letrame.com\/catalogo\/producto\/la-ausencia\/#primaryimage"},"thumbnailUrl":"https:\/\/letrame.com\/catalogo\/wp-content\/uploads\/2026\/04\/laausencia_1165mm4.jpg","datePublished":"2026-04-13T18:04:10+00:00","breadcrumb":{"@id":"https:\/\/letrame.com\/catalogo\/producto\/la-ausencia\/#breadcrumb"},"inLanguage":"es","potentialAction":[{"@type":"ReadAction","target":["https:\/\/letrame.com\/catalogo\/producto\/la-ausencia\/"]}]},{"@type":"ImageObject","inLanguage":"es","@id":"https:\/\/letrame.com\/catalogo\/producto\/la-ausencia\/#primaryimage","url":"https:\/\/letrame.com\/catalogo\/wp-content\/uploads\/2026\/04\/laausencia_1165mm4.jpg","contentUrl":"https:\/\/letrame.com\/catalogo\/wp-content\/uploads\/2026\/04\/laausencia_1165mm4.jpg","width":532,"height":780},{"@type":"BreadcrumbList","@id":"https:\/\/letrame.com\/catalogo\/producto\/la-ausencia\/#breadcrumb","itemListElement":[{"@type":"ListItem","position":1,"name":"Portada","item":"https:\/\/letrame.com\/catalogo\/"},{"@type":"ListItem","position":2,"name":"Cat\u00e1logo","item":"https:\/\/letrame.com\/catalogo\/"},{"@type":"ListItem","position":3,"name":"La Ausencia"}]},{"@type":"WebSite","@id":"https:\/\/letrame.com\/catalogo\/#website","url":"https:\/\/letrame.com\/catalogo\/","name":"Catalogo | Letrame Grupo Editorial","description":"","publisher":{"@id":"https:\/\/letrame.com\/catalogo\/#organization"},"potentialAction":[{"@type":"SearchAction","target":{"@type":"EntryPoint","urlTemplate":"https:\/\/letrame.com\/catalogo\/?s={search_term_string}"},"query-input":{"@type":"PropertyValueSpecification","valueRequired":true,"valueName":"search_term_string"}}],"inLanguage":"es"},{"@type":"Organization","@id":"https:\/\/letrame.com\/catalogo\/#organization","name":"Catalogo | Letrame Grupo Editorial","url":"https:\/\/letrame.com\/catalogo\/","logo":{"@type":"ImageObject","inLanguage":"es","@id":"https:\/\/letrame.com\/catalogo\/#\/schema\/logo\/image\/","url":"https:\/\/letrame.com\/catalogo\/wp-content\/uploads\/2024\/03\/logo2.webp","contentUrl":"https:\/\/letrame.com\/catalogo\/wp-content\/uploads\/2024\/03\/logo2.webp","width":394,"height":128,"caption":"Catalogo | Letrame Grupo Editorial"},"image":{"@id":"https:\/\/letrame.com\/catalogo\/#\/schema\/logo\/image\/"}}]}},"_links":{"self":[{"href":"https:\/\/letrame.com\/catalogo\/wp-json\/wp\/v2\/product\/112085","targetHints":{"allow":["GET"]}}],"collection":[{"href":"https:\/\/letrame.com\/catalogo\/wp-json\/wp\/v2\/product"}],"about":[{"href":"https:\/\/letrame.com\/catalogo\/wp-json\/wp\/v2\/types\/product"}],"replies":[{"embeddable":true,"href":"https:\/\/letrame.com\/catalogo\/wp-json\/wp\/v2\/comments?post=112085"}],"acf:post":[{"embeddable":true,"href":"https:\/\/letrame.com\/catalogo\/wp-json\/wp\/v2\/author_book\/112086"}],"wp:featuredmedia":[{"embeddable":true,"href":"https:\/\/letrame.com\/catalogo\/wp-json\/wp\/v2\/media\/112088"}],"wp:attachment":[{"href":"https:\/\/letrame.com\/catalogo\/wp-json\/wp\/v2\/media?parent=112085"}],"wp:term":[{"taxonomy":"libro","embeddable":true,"href":"https:\/\/letrame.com\/catalogo\/wp-json\/wp\/v2\/libro?post=112085"},{"taxonomy":"product_brand","embeddable":true,"href":"https:\/\/letrame.com\/catalogo\/wp-json\/wp\/v2\/product_brand?post=112085"},{"taxonomy":"product_cat","embeddable":true,"href":"https:\/\/letrame.com\/catalogo\/wp-json\/wp\/v2\/product_cat?post=112085"},{"taxonomy":"product_tag","embeddable":true,"href":"https:\/\/letrame.com\/catalogo\/wp-json\/wp\/v2\/product_tag?post=112085"}],"curies":[{"name":"wp","href":"https:\/\/api.w.org\/{rel}","templated":true}]}}