{"id":112044,"date":"2026-04-13T19:15:02","date_gmt":"2026-04-13T17:15:02","guid":{"rendered":"https:\/\/letrame.com\/catalogo\/?post_type=product&#038;p=112044"},"modified":"2026-04-13T19:15:03","modified_gmt":"2026-04-13T17:15:03","slug":"reprograma-tu-mente-tu-subconsciente","status":"publish","type":"product","link":"https:\/\/letrame.com\/catalogo\/producto\/reprograma-tu-mente-tu-subconsciente\/","title":{"rendered":"Reprograma tu mente, tu subconsciente"},"content":{"rendered":"<p><strong>ISBN: 9791370293666<\/strong><br \/>\n<strong>T\u00edtulo: Reprograma tu mente, tu subconsciente<\/strong><br \/>\n<strong>Fecha: 2026<\/strong><br \/>\n<strong>P\u00e1ginas: 204<\/strong><\/p>\n<p><strong>SINOPSIS<\/strong><\/p>\n<p data-start=\"0\" data-end=\"139\">Abordando las inquietudes, los miedos, las dudas, las angustias, los pensamientos negativos y catastr\u00f3ficos sobre la vida y sobre nosotros.<\/p>\n<p data-start=\"141\" data-end=\"409\">Pretendo, con este libro, que tengas herramientas y seas consciente de que t\u00fa, y solo t\u00fa, decides. Yo abordo los problemas, sus posibles causas, y te ayudo a observarte para que te analices y tengas constancia de qu\u00e9 te da\u00f1a, te inquieta o perturba tu paz, tu armon\u00eda.<\/p>\n<p data-start=\"411\" data-end=\"744\">Te hago preguntas, doy respuesta a tus posibles preguntas, te presento casos reales y te acompa\u00f1o a meditar y pensar con grandes frases, sin llegar a ser el t\u00edpico libro tost\u00f3n de autoayuda. M\u00e1s bien, pretendo que entiendas el porqu\u00e9 y luego t\u00fa decides. Si quieres modificar, arrancar o seguir en tu zona de confort, solo t\u00fa decides.<\/p>\n<p data-start=\"746\" data-end=\"798\" data-is-last-node=\"\" data-is-only-node=\"\">Yo solo, si quieres, te acompa\u00f1o en ese primer paso.<\/p>\n","protected":false},"excerpt":{"rendered":"<p><strong>ISBN: 9791370293666<\/strong><\/p>\n<p><strong>SINOPSIS<\/strong><\/p>\n<p data-start=\"0\" data-end=\"139\">Abordando las inquietudes, los miedos, las dudas, las angustias, los pensamientos negativos y catastr\u00f3ficos sobre la vida y sobre nosotros.<\/p>\n<p data-start=\"141\" data-end=\"409\">Pretendo, con este libro, que tengas herramientas y seas consciente de que t\u00fa, y solo t\u00fa, decides. Yo abordo los problemas, sus posibles causas, y te ayudo a observarte para que te analices y tengas constancia de qu\u00e9 te da\u00f1a, te inquieta o perturba tu paz, tu armon\u00eda.<\/p>\n<p data-start=\"411\" data-end=\"744\">Te hago preguntas, doy respuesta a tus posibles preguntas, te presento casos reales y te acompa\u00f1o a meditar y pensar con grandes frases, sin llegar a ser el t\u00edpico libro tost\u00f3n de autoayuda. M\u00e1s bien, pretendo que entiendas el porqu\u00e9 y luego t\u00fa decides. Si quieres modificar, arrancar o seguir en tu zona de confort, solo t\u00fa decides.<\/p>\n<p data-start=\"746\" data-end=\"798\" data-is-last-node=\"\" data-is-only-node=\"\">Yo solo, si quieres, te acompa\u00f1o en ese primer paso.<\/p>\n","protected":false},"featured_media":112048,"comment_status":"open","ping_status":"closed","template":"","meta":{"_acf_changed":false},"libro":[],"product_brand":[],"product_cat":[18],"product_tag":[],"class_list":{"0":"post-112044","1":"product","2":"type-product","3":"status-publish","4":"has-post-thumbnail","6":"product_cat-autoayuda","8":"first","9":"instock","10":"shipping-taxable","11":"product-type-simple"},"acf":{"autor":[112045],"enlace_de_compra":"https:\/\/amzn.to\/4tJNTrZ"},"yoast_head":"<!-- This site is optimized with the Yoast SEO plugin v26.6 - https:\/\/yoast.com\/wordpress\/plugins\/seo\/ -->\n<title>Reprograma tu mente, tu subconsciente - Catalogo | Letrame Grupo Editorial<\/title>\n<meta name=\"robots\" content=\"index, follow, max-snippet:-1, max-image-preview:large, max-video-preview:-1\" \/>\n<link rel=\"canonical\" href=\"https:\/\/letrame.com\/catalogo\/producto\/reprograma-tu-mente-tu-subconsciente\/\" \/>\n<meta property=\"og:locale\" content=\"es_ES\" \/>\n<meta property=\"og:type\" content=\"article\" \/>\n<meta property=\"og:title\" content=\"Reprograma tu mente, tu subconsciente - Catalogo | Letrame Grupo Editorial\" \/>\n<meta property=\"og:description\" content=\"ISBN: 9791370293666  SINOPSIS Abordando las inquietudes, los miedos, las dudas, las angustias, los pensamientos negativos y catastr\u00f3ficos sobre la vida y sobre nosotros. Pretendo, con este libro, que tengas herramientas y seas consciente de que t\u00fa, y solo t\u00fa, decides. Yo abordo los problemas, sus posibles causas, y te ayudo a observarte para que te analices y tengas constancia de qu\u00e9 te da\u00f1a, te inquieta o perturba tu paz, tu armon\u00eda. Te hago preguntas, doy respuesta a tus posibles preguntas, te presento casos reales y te acompa\u00f1o a meditar y pensar con grandes frases, sin llegar a ser el t\u00edpico libro tost\u00f3n de autoayuda. M\u00e1s bien, pretendo que entiendas el porqu\u00e9 y luego t\u00fa decides. Si quieres modificar, arrancar o seguir en tu zona de confort, solo t\u00fa decides. Yo solo, si quieres, te acompa\u00f1o en ese primer paso.\" \/>\n<meta property=\"og:url\" content=\"https:\/\/letrame.com\/catalogo\/producto\/reprograma-tu-mente-tu-subconsciente\/\" \/>\n<meta property=\"og:site_name\" content=\"Catalogo | Letrame Grupo Editorial\" \/>\n<meta property=\"article:modified_time\" content=\"2026-04-13T17:15:03+00:00\" \/>\n<meta property=\"og:image\" content=\"https:\/\/letrame.com\/catalogo\/wp-content\/uploads\/2026\/04\/reprogramatumente_1014mm4.jpg\" \/>\n\t<meta property=\"og:image:width\" content=\"709\" \/>\n\t<meta property=\"og:image:height\" content=\"1039\" \/>\n\t<meta property=\"og:image:type\" content=\"image\/jpeg\" \/>\n<meta name=\"twitter:card\" content=\"summary_large_image\" \/>\n<meta name=\"twitter:label1\" content=\"Tiempo de lectura\" \/>\n\t<meta name=\"twitter:data1\" content=\"1 minuto\" \/>\n<script type=\"application\/ld+json\" class=\"yoast-schema-graph\">{\"@context\":\"https:\/\/schema.org\",\"@graph\":[{\"@type\":\"WebPage\",\"@id\":\"https:\/\/letrame.com\/catalogo\/producto\/reprograma-tu-mente-tu-subconsciente\/\",\"url\":\"https:\/\/letrame.com\/catalogo\/producto\/reprograma-tu-mente-tu-subconsciente\/\",\"name\":\"Reprograma tu mente, tu subconsciente - Catalogo | Letrame Grupo Editorial\",\"isPartOf\":{\"@id\":\"https:\/\/letrame.com\/catalogo\/#website\"},\"primaryImageOfPage\":{\"@id\":\"https:\/\/letrame.com\/catalogo\/producto\/reprograma-tu-mente-tu-subconsciente\/#primaryimage\"},\"image\":{\"@id\":\"https:\/\/letrame.com\/catalogo\/producto\/reprograma-tu-mente-tu-subconsciente\/#primaryimage\"},\"thumbnailUrl\":\"https:\/\/letrame.com\/catalogo\/wp-content\/uploads\/2026\/04\/reprogramatumente_1014mm4.jpg\",\"datePublished\":\"2026-04-13T17:15:02+00:00\",\"dateModified\":\"2026-04-13T17:15:03+00:00\",\"breadcrumb\":{\"@id\":\"https:\/\/letrame.com\/catalogo\/producto\/reprograma-tu-mente-tu-subconsciente\/#breadcrumb\"},\"inLanguage\":\"es\",\"potentialAction\":[{\"@type\":\"ReadAction\",\"target\":[\"https:\/\/letrame.com\/catalogo\/producto\/reprograma-tu-mente-tu-subconsciente\/\"]}]},{\"@type\":\"ImageObject\",\"inLanguage\":\"es\",\"@id\":\"https:\/\/letrame.com\/catalogo\/producto\/reprograma-tu-mente-tu-subconsciente\/#primaryimage\",\"url\":\"https:\/\/letrame.com\/catalogo\/wp-content\/uploads\/2026\/04\/reprogramatumente_1014mm4.jpg\",\"contentUrl\":\"https:\/\/letrame.com\/catalogo\/wp-content\/uploads\/2026\/04\/reprogramatumente_1014mm4.jpg\",\"width\":709,\"height\":1039},{\"@type\":\"BreadcrumbList\",\"@id\":\"https:\/\/letrame.com\/catalogo\/producto\/reprograma-tu-mente-tu-subconsciente\/#breadcrumb\",\"itemListElement\":[{\"@type\":\"ListItem\",\"position\":1,\"name\":\"Portada\",\"item\":\"https:\/\/letrame.com\/catalogo\/\"},{\"@type\":\"ListItem\",\"position\":2,\"name\":\"Cat\u00e1logo\",\"item\":\"https:\/\/letrame.com\/catalogo\/\"},{\"@type\":\"ListItem\",\"position\":3,\"name\":\"Reprograma tu mente, tu subconsciente\"}]},{\"@type\":\"WebSite\",\"@id\":\"https:\/\/letrame.com\/catalogo\/#website\",\"url\":\"https:\/\/letrame.com\/catalogo\/\",\"name\":\"Catalogo | Letrame Grupo Editorial\",\"description\":\"\",\"publisher\":{\"@id\":\"https:\/\/letrame.com\/catalogo\/#organization\"},\"potentialAction\":[{\"@type\":\"SearchAction\",\"target\":{\"@type\":\"EntryPoint\",\"urlTemplate\":\"https:\/\/letrame.com\/catalogo\/?s={search_term_string}\"},\"query-input\":{\"@type\":\"PropertyValueSpecification\",\"valueRequired\":true,\"valueName\":\"search_term_string\"}}],\"inLanguage\":\"es\"},{\"@type\":\"Organization\",\"@id\":\"https:\/\/letrame.com\/catalogo\/#organization\",\"name\":\"Catalogo | Letrame Grupo Editorial\",\"url\":\"https:\/\/letrame.com\/catalogo\/\",\"logo\":{\"@type\":\"ImageObject\",\"inLanguage\":\"es\",\"@id\":\"https:\/\/letrame.com\/catalogo\/#\/schema\/logo\/image\/\",\"url\":\"https:\/\/letrame.com\/catalogo\/wp-content\/uploads\/2024\/03\/logo2.webp\",\"contentUrl\":\"https:\/\/letrame.com\/catalogo\/wp-content\/uploads\/2024\/03\/logo2.webp\",\"width\":394,\"height\":128,\"caption\":\"Catalogo | Letrame Grupo Editorial\"},\"image\":{\"@id\":\"https:\/\/letrame.com\/catalogo\/#\/schema\/logo\/image\/\"}}]}<\/script>\n<!-- \/ Yoast SEO plugin. -->","yoast_head_json":{"title":"Reprograma tu mente, tu subconsciente - Catalogo | Letrame Grupo Editorial","robots":{"index":"index","follow":"follow","max-snippet":"max-snippet:-1","max-image-preview":"max-image-preview:large","max-video-preview":"max-video-preview:-1"},"canonical":"https:\/\/letrame.com\/catalogo\/producto\/reprograma-tu-mente-tu-subconsciente\/","og_locale":"es_ES","og_type":"article","og_title":"Reprograma tu mente, tu subconsciente - Catalogo | Letrame Grupo Editorial","og_description":"ISBN: 9791370293666  SINOPSIS Abordando las inquietudes, los miedos, las dudas, las angustias, los pensamientos negativos y catastr\u00f3ficos sobre la vida y sobre nosotros. Pretendo, con este libro, que tengas herramientas y seas consciente de que t\u00fa, y solo t\u00fa, decides. Yo abordo los problemas, sus posibles causas, y te ayudo a observarte para que te analices y tengas constancia de qu\u00e9 te da\u00f1a, te inquieta o perturba tu paz, tu armon\u00eda. Te hago preguntas, doy respuesta a tus posibles preguntas, te presento casos reales y te acompa\u00f1o a meditar y pensar con grandes frases, sin llegar a ser el t\u00edpico libro tost\u00f3n de autoayuda. M\u00e1s bien, pretendo que entiendas el porqu\u00e9 y luego t\u00fa decides. Si quieres modificar, arrancar o seguir en tu zona de confort, solo t\u00fa decides. Yo solo, si quieres, te acompa\u00f1o en ese primer paso.","og_url":"https:\/\/letrame.com\/catalogo\/producto\/reprograma-tu-mente-tu-subconsciente\/","og_site_name":"Catalogo | Letrame Grupo Editorial","article_modified_time":"2026-04-13T17:15:03+00:00","og_image":[{"width":709,"height":1039,"url":"https:\/\/letrame.com\/catalogo\/wp-content\/uploads\/2026\/04\/reprogramatumente_1014mm4.jpg","type":"image\/jpeg"}],"twitter_card":"summary_large_image","twitter_misc":{"Tiempo de lectura":"1 minuto"},"schema":{"@context":"https:\/\/schema.org","@graph":[{"@type":"WebPage","@id":"https:\/\/letrame.com\/catalogo\/producto\/reprograma-tu-mente-tu-subconsciente\/","url":"https:\/\/letrame.com\/catalogo\/producto\/reprograma-tu-mente-tu-subconsciente\/","name":"Reprograma tu mente, tu subconsciente - Catalogo | Letrame Grupo Editorial","isPartOf":{"@id":"https:\/\/letrame.com\/catalogo\/#website"},"primaryImageOfPage":{"@id":"https:\/\/letrame.com\/catalogo\/producto\/reprograma-tu-mente-tu-subconsciente\/#primaryimage"},"image":{"@id":"https:\/\/letrame.com\/catalogo\/producto\/reprograma-tu-mente-tu-subconsciente\/#primaryimage"},"thumbnailUrl":"https:\/\/letrame.com\/catalogo\/wp-content\/uploads\/2026\/04\/reprogramatumente_1014mm4.jpg","datePublished":"2026-04-13T17:15:02+00:00","dateModified":"2026-04-13T17:15:03+00:00","breadcrumb":{"@id":"https:\/\/letrame.com\/catalogo\/producto\/reprograma-tu-mente-tu-subconsciente\/#breadcrumb"},"inLanguage":"es","potentialAction":[{"@type":"ReadAction","target":["https:\/\/letrame.com\/catalogo\/producto\/reprograma-tu-mente-tu-subconsciente\/"]}]},{"@type":"ImageObject","inLanguage":"es","@id":"https:\/\/letrame.com\/catalogo\/producto\/reprograma-tu-mente-tu-subconsciente\/#primaryimage","url":"https:\/\/letrame.com\/catalogo\/wp-content\/uploads\/2026\/04\/reprogramatumente_1014mm4.jpg","contentUrl":"https:\/\/letrame.com\/catalogo\/wp-content\/uploads\/2026\/04\/reprogramatumente_1014mm4.jpg","width":709,"height":1039},{"@type":"BreadcrumbList","@id":"https:\/\/letrame.com\/catalogo\/producto\/reprograma-tu-mente-tu-subconsciente\/#breadcrumb","itemListElement":[{"@type":"ListItem","position":1,"name":"Portada","item":"https:\/\/letrame.com\/catalogo\/"},{"@type":"ListItem","position":2,"name":"Cat\u00e1logo","item":"https:\/\/letrame.com\/catalogo\/"},{"@type":"ListItem","position":3,"name":"Reprograma tu mente, tu subconsciente"}]},{"@type":"WebSite","@id":"https:\/\/letrame.com\/catalogo\/#website","url":"https:\/\/letrame.com\/catalogo\/","name":"Catalogo | Letrame Grupo Editorial","description":"","publisher":{"@id":"https:\/\/letrame.com\/catalogo\/#organization"},"potentialAction":[{"@type":"SearchAction","target":{"@type":"EntryPoint","urlTemplate":"https:\/\/letrame.com\/catalogo\/?s={search_term_string}"},"query-input":{"@type":"PropertyValueSpecification","valueRequired":true,"valueName":"search_term_string"}}],"inLanguage":"es"},{"@type":"Organization","@id":"https:\/\/letrame.com\/catalogo\/#organization","name":"Catalogo | Letrame Grupo Editorial","url":"https:\/\/letrame.com\/catalogo\/","logo":{"@type":"ImageObject","inLanguage":"es","@id":"https:\/\/letrame.com\/catalogo\/#\/schema\/logo\/image\/","url":"https:\/\/letrame.com\/catalogo\/wp-content\/uploads\/2024\/03\/logo2.webp","contentUrl":"https:\/\/letrame.com\/catalogo\/wp-content\/uploads\/2024\/03\/logo2.webp","width":394,"height":128,"caption":"Catalogo | Letrame Grupo Editorial"},"image":{"@id":"https:\/\/letrame.com\/catalogo\/#\/schema\/logo\/image\/"}}]}},"_links":{"self":[{"href":"https:\/\/letrame.com\/catalogo\/wp-json\/wp\/v2\/product\/112044","targetHints":{"allow":["GET"]}}],"collection":[{"href":"https:\/\/letrame.com\/catalogo\/wp-json\/wp\/v2\/product"}],"about":[{"href":"https:\/\/letrame.com\/catalogo\/wp-json\/wp\/v2\/types\/product"}],"replies":[{"embeddable":true,"href":"https:\/\/letrame.com\/catalogo\/wp-json\/wp\/v2\/comments?post=112044"}],"acf:post":[{"embeddable":true,"href":"https:\/\/letrame.com\/catalogo\/wp-json\/wp\/v2\/author_book\/112045"}],"wp:featuredmedia":[{"embeddable":true,"href":"https:\/\/letrame.com\/catalogo\/wp-json\/wp\/v2\/media\/112048"}],"wp:attachment":[{"href":"https:\/\/letrame.com\/catalogo\/wp-json\/wp\/v2\/media?parent=112044"}],"wp:term":[{"taxonomy":"libro","embeddable":true,"href":"https:\/\/letrame.com\/catalogo\/wp-json\/wp\/v2\/libro?post=112044"},{"taxonomy":"product_brand","embeddable":true,"href":"https:\/\/letrame.com\/catalogo\/wp-json\/wp\/v2\/product_brand?post=112044"},{"taxonomy":"product_cat","embeddable":true,"href":"https:\/\/letrame.com\/catalogo\/wp-json\/wp\/v2\/product_cat?post=112044"},{"taxonomy":"product_tag","embeddable":true,"href":"https:\/\/letrame.com\/catalogo\/wp-json\/wp\/v2\/product_tag?post=112044"}],"curies":[{"name":"wp","href":"https:\/\/api.w.org\/{rel}","templated":true}]}}