{"id":112033,"date":"2026-04-13T18:51:25","date_gmt":"2026-04-13T16:51:25","guid":{"rendered":"https:\/\/letrame.com\/catalogo\/?post_type=product&#038;p=112033"},"modified":"2026-04-13T18:51:26","modified_gmt":"2026-04-13T16:51:26","slug":"amigas","status":"publish","type":"product","link":"https:\/\/letrame.com\/catalogo\/producto\/amigas\/","title":{"rendered":"\u00bfAmigas?"},"content":{"rendered":"<p><strong>ISBN: 9791370292942<\/strong><br \/>\n<strong>T\u00edtulo: \u00bfAmigas?<\/strong><br \/>\n<strong>Fecha: 2025<\/strong><br \/>\n<strong>P\u00e1ginas: 130<\/strong><\/p>\n<p><strong>SINOPSIS<\/strong><\/p>\n<p>\u00abFinalmente, ah\u00ed se qued\u00f3 nuestra amistad, en el pasado como un tesoro escondido. [\u2026] Los fracasos no son malos: crecimos juntas y, estoy segura, ambas nos amamos mucho. Los a\u00f1os, en verdad, sanan los dolores del alma; no se olvidan, pero se comprenden y son vistos con una nueva perspectiva: la perspectiva de la madurez. [\u2026] Eso es madurez: no vestirte como adulto, ni creerte perfecto, sin defecto alguno, ni ir por la vida sin pedir perd\u00f3n a quienes nos importan.<\/p>\n<p>Porque a veces tambi\u00e9n es sano solo despedirse cuando del otro lado nunca recibiste amor sincero\u00bb.<\/p>\n<p>Los amores llegan como una conexi\u00f3n ps\u00edquica que pretende no tener fin, pero \u00bfqu\u00e9 ocurre cuando una hermandad as\u00ed se rompe por completo? \u00bfC\u00f3mo seguir tras una decepci\u00f3n o traici\u00f3n de quien se dec\u00eda tu hermana?<\/p>\n<p>En \u00bfAmigas?, Isabella Vel\u00e1squez \u2014poeta y escritora\u2014 recorre los pasos de una amistad desde la ilusi\u00f3n, la decepci\u00f3n y el posterior duelo, entregando herramientas a su lectora o lector para sobrellevar la p\u00e9rdida a trav\u00e9s de su propia experiencia.<\/p>\n<p>Este es un libro fraternal que, tras su lectura, incluye poes\u00eda para dedicar y actividades que te permitir\u00e1n reconsiderar las pr\u00e1cticas en tus v\u00ednculos de amistad, lazos familiares o, incluso, relaciones rom\u00e1nticas.<\/p>\n<p>Por medio de las diversas vivencias descritas por su autora, te sentir\u00e1s identificada o identificado para encontrar tu lugar seguro junto a esta nueva amiga que te mostrar\u00e1 que cada amistad \u2014hasta las que m\u00e1s te han hecho sufrir\u2014 te est\u00e1n regalando un nuevo aprendizaje para tu crecimiento personal.<\/p>\n","protected":false},"excerpt":{"rendered":"<p><strong>ISBN: 9791370292942<\/strong><\/p>\n<p><strong>SINOPSIS<\/strong><\/p>\n<p>\u00abFinalmente, ah\u00ed se qued\u00f3 nuestra amistad, en el pasado como un tesoro escondido. [\u2026] Los fracasos no son malos: crecimos juntas y, estoy segura, ambas nos amamos mucho. Los a\u00f1os, en verdad, sanan los dolores del alma; no se olvidan, pero se comprenden y son vistos con una nueva perspectiva: la perspectiva de la madurez. [\u2026] Eso es madurez: no vestirte como adulto, ni creerte perfecto, sin defecto alguno, ni ir por la vida sin pedir perd\u00f3n a quienes nos importan.<\/p>\n<p>Porque a veces tambi\u00e9n es sano solo despedirse cuando del otro lado nunca recibiste amor sincero\u00bb.<\/p>\n<p>Los amores llegan como una conexi\u00f3n ps\u00edquica que pretende no tener fin, pero \u00bfqu\u00e9 ocurre cuando una hermandad as\u00ed se rompe por completo? \u00bfC\u00f3mo seguir tras una decepci\u00f3n o traici\u00f3n de quien se dec\u00eda tu hermana?<\/p>\n<p>En \u00bfAmigas?, Isabella Vel\u00e1squez \u2014poeta y escritora\u2014 recorre los pasos de una amistad desde la ilusi\u00f3n, la decepci\u00f3n y el posterior duelo, entregando herramientas a su lectora o lector para sobrellevar la p\u00e9rdida a trav\u00e9s de su propia experiencia.<\/p>\n<p>Este es un libro fraternal que, tras su lectura, incluye poes\u00eda para dedicar y actividades que te permitir\u00e1n reconsiderar las pr\u00e1cticas en tus v\u00ednculos de amistad, lazos familiares o, incluso, relaciones rom\u00e1nticas.<\/p>\n<p>Por medio de las diversas vivencias descritas por su autora, te sentir\u00e1s identificada o identificado para encontrar tu lugar seguro junto a esta nueva amiga que te mostrar\u00e1 que cada amistad \u2014hasta las que m\u00e1s te han hecho sufrir\u2014 te est\u00e1n regalando un nuevo aprendizaje para tu crecimiento personal.<\/p>\n","protected":false},"featured_media":112037,"comment_status":"open","ping_status":"closed","template":"","meta":{"_acf_changed":false},"libro":[],"product_brand":[],"product_cat":[23],"product_tag":[],"class_list":{"0":"post-112033","1":"product","2":"type-product","3":"status-publish","4":"has-post-thumbnail","6":"product_cat-ensayos","8":"first","9":"instock","10":"shipping-taxable","11":"product-type-simple"},"acf":{"autor":[112034],"enlace_de_compra":"https:\/\/www.google.com\/search?q=9791370292942&sca_esv=27b04becbc364c98&sxsrf=ANbL-n73XX6K8b1KZ8FzPSC7_BIgUidYDw%3A1776098354264&ei=MhzdadXwD5yikdUPqrygsAI&ved=0ahUKEwjV0ff7oeuTAxUcUaQEHSoeCCYQ4dUDCBE&uact=5&oq=9791370292942&gs_lp=Egxnd3Mtd2l6LXNlcnAiDTk3OTEzNzAyOTI5NDIyBRAAGO8FMgUQABjvBTIIEAAYgAQYogQyCBAAGIAEGKIEMgUQABjvBUiYCFAAWABwAHgAkAEAmAFyoAFyqgEDMC4xuAEDyAEA-AEC-AEBmAIBoAJ4mAMAkgcDMC4xoAe4ArIHAzAuMbgHeMIHAzItMcgHBIAIAA&sclient=gws-wiz-serp"},"yoast_head":"<!-- This site is optimized with the Yoast SEO plugin v26.6 - https:\/\/yoast.com\/wordpress\/plugins\/seo\/ -->\n<title>\u00bfAmigas? - Catalogo | Letrame Grupo Editorial<\/title>\n<meta name=\"robots\" content=\"index, follow, max-snippet:-1, max-image-preview:large, max-video-preview:-1\" \/>\n<link rel=\"canonical\" href=\"https:\/\/letrame.com\/catalogo\/producto\/amigas\/\" \/>\n<meta property=\"og:locale\" content=\"es_ES\" \/>\n<meta property=\"og:type\" content=\"article\" \/>\n<meta property=\"og:title\" content=\"\u00bfAmigas? - Catalogo | Letrame Grupo Editorial\" \/>\n<meta property=\"og:description\" content=\"ISBN: 9791370292942  SINOPSIS  \u00abFinalmente, ah\u00ed se qued\u00f3 nuestra amistad, en el pasado como un tesoro escondido. [\u2026] Los fracasos no son malos: crecimos juntas y, estoy segura, ambas nos amamos mucho. Los a\u00f1os, en verdad, sanan los dolores del alma; no se olvidan, pero se comprenden y son vistos con una nueva perspectiva: la perspectiva de la madurez. [\u2026] Eso es madurez: no vestirte como adulto, ni creerte perfecto, sin defecto alguno, ni ir por la vida sin pedir perd\u00f3n a quienes nos importan.  Porque a veces tambi\u00e9n es sano solo despedirse cuando del otro lado nunca recibiste amor sincero\u00bb.  Los amores llegan como una conexi\u00f3n ps\u00edquica que pretende no tener fin, pero \u00bfqu\u00e9 ocurre cuando una hermandad as\u00ed se rompe por completo? \u00bfC\u00f3mo seguir tras una decepci\u00f3n o traici\u00f3n de quien se dec\u00eda tu hermana?  En \u00bfAmigas?, Isabella Vel\u00e1squez \u2014poeta y escritora\u2014 recorre los pasos de una amistad desde la ilusi\u00f3n, la decepci\u00f3n y el posterior duelo, entregando herramientas a su lectora o lector para sobrellevar la p\u00e9rdida a trav\u00e9s de su propia experiencia.  Este es un libro fraternal que, tras su lectura, incluye poes\u00eda para dedicar y actividades que te permitir\u00e1n reconsiderar las pr\u00e1cticas en tus v\u00ednculos de amistad, lazos familiares o, incluso, relaciones rom\u00e1nticas.  Por medio de las diversas vivencias descritas por su autora, te sentir\u00e1s identificada o identificado para encontrar tu lugar seguro junto a esta nueva amiga que te mostrar\u00e1 que cada amistad \u2014hasta las que m\u00e1s te han hecho sufrir\u2014 te est\u00e1n regalando un nuevo aprendizaje para tu crecimiento personal.\" \/>\n<meta property=\"og:url\" content=\"https:\/\/letrame.com\/catalogo\/producto\/amigas\/\" \/>\n<meta property=\"og:site_name\" content=\"Catalogo | Letrame Grupo Editorial\" \/>\n<meta property=\"article:modified_time\" content=\"2026-04-13T16:51:26+00:00\" \/>\n<meta property=\"og:image\" content=\"https:\/\/letrame.com\/catalogo\/wp-content\/uploads\/2026\/04\/4.jpg\" \/>\n\t<meta property=\"og:image:width\" content=\"612\" \/>\n\t<meta property=\"og:image:height\" content=\"868\" \/>\n\t<meta property=\"og:image:type\" content=\"image\/jpeg\" \/>\n<meta name=\"twitter:card\" content=\"summary_large_image\" \/>\n<meta name=\"twitter:label1\" content=\"Tiempo de lectura\" \/>\n\t<meta name=\"twitter:data1\" content=\"2 minutos\" \/>\n<script type=\"application\/ld+json\" class=\"yoast-schema-graph\">{\"@context\":\"https:\/\/schema.org\",\"@graph\":[{\"@type\":\"WebPage\",\"@id\":\"https:\/\/letrame.com\/catalogo\/producto\/amigas\/\",\"url\":\"https:\/\/letrame.com\/catalogo\/producto\/amigas\/\",\"name\":\"\u00bfAmigas? - Catalogo | Letrame Grupo Editorial\",\"isPartOf\":{\"@id\":\"https:\/\/letrame.com\/catalogo\/#website\"},\"primaryImageOfPage\":{\"@id\":\"https:\/\/letrame.com\/catalogo\/producto\/amigas\/#primaryimage\"},\"image\":{\"@id\":\"https:\/\/letrame.com\/catalogo\/producto\/amigas\/#primaryimage\"},\"thumbnailUrl\":\"https:\/\/letrame.com\/catalogo\/wp-content\/uploads\/2026\/04\/4.jpg\",\"datePublished\":\"2026-04-13T16:51:25+00:00\",\"dateModified\":\"2026-04-13T16:51:26+00:00\",\"breadcrumb\":{\"@id\":\"https:\/\/letrame.com\/catalogo\/producto\/amigas\/#breadcrumb\"},\"inLanguage\":\"es\",\"potentialAction\":[{\"@type\":\"ReadAction\",\"target\":[\"https:\/\/letrame.com\/catalogo\/producto\/amigas\/\"]}]},{\"@type\":\"ImageObject\",\"inLanguage\":\"es\",\"@id\":\"https:\/\/letrame.com\/catalogo\/producto\/amigas\/#primaryimage\",\"url\":\"https:\/\/letrame.com\/catalogo\/wp-content\/uploads\/2026\/04\/4.jpg\",\"contentUrl\":\"https:\/\/letrame.com\/catalogo\/wp-content\/uploads\/2026\/04\/4.jpg\",\"width\":612,\"height\":868},{\"@type\":\"BreadcrumbList\",\"@id\":\"https:\/\/letrame.com\/catalogo\/producto\/amigas\/#breadcrumb\",\"itemListElement\":[{\"@type\":\"ListItem\",\"position\":1,\"name\":\"Portada\",\"item\":\"https:\/\/letrame.com\/catalogo\/\"},{\"@type\":\"ListItem\",\"position\":2,\"name\":\"Cat\u00e1logo\",\"item\":\"https:\/\/letrame.com\/catalogo\/\"},{\"@type\":\"ListItem\",\"position\":3,\"name\":\"\u00bfAmigas?\"}]},{\"@type\":\"WebSite\",\"@id\":\"https:\/\/letrame.com\/catalogo\/#website\",\"url\":\"https:\/\/letrame.com\/catalogo\/\",\"name\":\"Catalogo | Letrame Grupo Editorial\",\"description\":\"\",\"publisher\":{\"@id\":\"https:\/\/letrame.com\/catalogo\/#organization\"},\"potentialAction\":[{\"@type\":\"SearchAction\",\"target\":{\"@type\":\"EntryPoint\",\"urlTemplate\":\"https:\/\/letrame.com\/catalogo\/?s={search_term_string}\"},\"query-input\":{\"@type\":\"PropertyValueSpecification\",\"valueRequired\":true,\"valueName\":\"search_term_string\"}}],\"inLanguage\":\"es\"},{\"@type\":\"Organization\",\"@id\":\"https:\/\/letrame.com\/catalogo\/#organization\",\"name\":\"Catalogo | Letrame Grupo Editorial\",\"url\":\"https:\/\/letrame.com\/catalogo\/\",\"logo\":{\"@type\":\"ImageObject\",\"inLanguage\":\"es\",\"@id\":\"https:\/\/letrame.com\/catalogo\/#\/schema\/logo\/image\/\",\"url\":\"https:\/\/letrame.com\/catalogo\/wp-content\/uploads\/2024\/03\/logo2.webp\",\"contentUrl\":\"https:\/\/letrame.com\/catalogo\/wp-content\/uploads\/2024\/03\/logo2.webp\",\"width\":394,\"height\":128,\"caption\":\"Catalogo | Letrame Grupo Editorial\"},\"image\":{\"@id\":\"https:\/\/letrame.com\/catalogo\/#\/schema\/logo\/image\/\"}}]}<\/script>\n<!-- \/ Yoast SEO plugin. -->","yoast_head_json":{"title":"\u00bfAmigas? - Catalogo | Letrame Grupo Editorial","robots":{"index":"index","follow":"follow","max-snippet":"max-snippet:-1","max-image-preview":"max-image-preview:large","max-video-preview":"max-video-preview:-1"},"canonical":"https:\/\/letrame.com\/catalogo\/producto\/amigas\/","og_locale":"es_ES","og_type":"article","og_title":"\u00bfAmigas? - Catalogo | Letrame Grupo Editorial","og_description":"ISBN: 9791370292942  SINOPSIS  \u00abFinalmente, ah\u00ed se qued\u00f3 nuestra amistad, en el pasado como un tesoro escondido. [\u2026] Los fracasos no son malos: crecimos juntas y, estoy segura, ambas nos amamos mucho. Los a\u00f1os, en verdad, sanan los dolores del alma; no se olvidan, pero se comprenden y son vistos con una nueva perspectiva: la perspectiva de la madurez. [\u2026] Eso es madurez: no vestirte como adulto, ni creerte perfecto, sin defecto alguno, ni ir por la vida sin pedir perd\u00f3n a quienes nos importan.  Porque a veces tambi\u00e9n es sano solo despedirse cuando del otro lado nunca recibiste amor sincero\u00bb.  Los amores llegan como una conexi\u00f3n ps\u00edquica que pretende no tener fin, pero \u00bfqu\u00e9 ocurre cuando una hermandad as\u00ed se rompe por completo? \u00bfC\u00f3mo seguir tras una decepci\u00f3n o traici\u00f3n de quien se dec\u00eda tu hermana?  En \u00bfAmigas?, Isabella Vel\u00e1squez \u2014poeta y escritora\u2014 recorre los pasos de una amistad desde la ilusi\u00f3n, la decepci\u00f3n y el posterior duelo, entregando herramientas a su lectora o lector para sobrellevar la p\u00e9rdida a trav\u00e9s de su propia experiencia.  Este es un libro fraternal que, tras su lectura, incluye poes\u00eda para dedicar y actividades que te permitir\u00e1n reconsiderar las pr\u00e1cticas en tus v\u00ednculos de amistad, lazos familiares o, incluso, relaciones rom\u00e1nticas.  Por medio de las diversas vivencias descritas por su autora, te sentir\u00e1s identificada o identificado para encontrar tu lugar seguro junto a esta nueva amiga que te mostrar\u00e1 que cada amistad \u2014hasta las que m\u00e1s te han hecho sufrir\u2014 te est\u00e1n regalando un nuevo aprendizaje para tu crecimiento personal.","og_url":"https:\/\/letrame.com\/catalogo\/producto\/amigas\/","og_site_name":"Catalogo | Letrame Grupo Editorial","article_modified_time":"2026-04-13T16:51:26+00:00","og_image":[{"width":612,"height":868,"url":"https:\/\/letrame.com\/catalogo\/wp-content\/uploads\/2026\/04\/4.jpg","type":"image\/jpeg"}],"twitter_card":"summary_large_image","twitter_misc":{"Tiempo de lectura":"2 minutos"},"schema":{"@context":"https:\/\/schema.org","@graph":[{"@type":"WebPage","@id":"https:\/\/letrame.com\/catalogo\/producto\/amigas\/","url":"https:\/\/letrame.com\/catalogo\/producto\/amigas\/","name":"\u00bfAmigas? - Catalogo | Letrame Grupo Editorial","isPartOf":{"@id":"https:\/\/letrame.com\/catalogo\/#website"},"primaryImageOfPage":{"@id":"https:\/\/letrame.com\/catalogo\/producto\/amigas\/#primaryimage"},"image":{"@id":"https:\/\/letrame.com\/catalogo\/producto\/amigas\/#primaryimage"},"thumbnailUrl":"https:\/\/letrame.com\/catalogo\/wp-content\/uploads\/2026\/04\/4.jpg","datePublished":"2026-04-13T16:51:25+00:00","dateModified":"2026-04-13T16:51:26+00:00","breadcrumb":{"@id":"https:\/\/letrame.com\/catalogo\/producto\/amigas\/#breadcrumb"},"inLanguage":"es","potentialAction":[{"@type":"ReadAction","target":["https:\/\/letrame.com\/catalogo\/producto\/amigas\/"]}]},{"@type":"ImageObject","inLanguage":"es","@id":"https:\/\/letrame.com\/catalogo\/producto\/amigas\/#primaryimage","url":"https:\/\/letrame.com\/catalogo\/wp-content\/uploads\/2026\/04\/4.jpg","contentUrl":"https:\/\/letrame.com\/catalogo\/wp-content\/uploads\/2026\/04\/4.jpg","width":612,"height":868},{"@type":"BreadcrumbList","@id":"https:\/\/letrame.com\/catalogo\/producto\/amigas\/#breadcrumb","itemListElement":[{"@type":"ListItem","position":1,"name":"Portada","item":"https:\/\/letrame.com\/catalogo\/"},{"@type":"ListItem","position":2,"name":"Cat\u00e1logo","item":"https:\/\/letrame.com\/catalogo\/"},{"@type":"ListItem","position":3,"name":"\u00bfAmigas?"}]},{"@type":"WebSite","@id":"https:\/\/letrame.com\/catalogo\/#website","url":"https:\/\/letrame.com\/catalogo\/","name":"Catalogo | Letrame Grupo Editorial","description":"","publisher":{"@id":"https:\/\/letrame.com\/catalogo\/#organization"},"potentialAction":[{"@type":"SearchAction","target":{"@type":"EntryPoint","urlTemplate":"https:\/\/letrame.com\/catalogo\/?s={search_term_string}"},"query-input":{"@type":"PropertyValueSpecification","valueRequired":true,"valueName":"search_term_string"}}],"inLanguage":"es"},{"@type":"Organization","@id":"https:\/\/letrame.com\/catalogo\/#organization","name":"Catalogo | Letrame Grupo Editorial","url":"https:\/\/letrame.com\/catalogo\/","logo":{"@type":"ImageObject","inLanguage":"es","@id":"https:\/\/letrame.com\/catalogo\/#\/schema\/logo\/image\/","url":"https:\/\/letrame.com\/catalogo\/wp-content\/uploads\/2024\/03\/logo2.webp","contentUrl":"https:\/\/letrame.com\/catalogo\/wp-content\/uploads\/2024\/03\/logo2.webp","width":394,"height":128,"caption":"Catalogo | Letrame Grupo Editorial"},"image":{"@id":"https:\/\/letrame.com\/catalogo\/#\/schema\/logo\/image\/"}}]}},"_links":{"self":[{"href":"https:\/\/letrame.com\/catalogo\/wp-json\/wp\/v2\/product\/112033","targetHints":{"allow":["GET"]}}],"collection":[{"href":"https:\/\/letrame.com\/catalogo\/wp-json\/wp\/v2\/product"}],"about":[{"href":"https:\/\/letrame.com\/catalogo\/wp-json\/wp\/v2\/types\/product"}],"replies":[{"embeddable":true,"href":"https:\/\/letrame.com\/catalogo\/wp-json\/wp\/v2\/comments?post=112033"}],"acf:post":[{"embeddable":true,"href":"https:\/\/letrame.com\/catalogo\/wp-json\/wp\/v2\/author_book\/112034"}],"wp:featuredmedia":[{"embeddable":true,"href":"https:\/\/letrame.com\/catalogo\/wp-json\/wp\/v2\/media\/112037"}],"wp:attachment":[{"href":"https:\/\/letrame.com\/catalogo\/wp-json\/wp\/v2\/media?parent=112033"}],"wp:term":[{"taxonomy":"libro","embeddable":true,"href":"https:\/\/letrame.com\/catalogo\/wp-json\/wp\/v2\/libro?post=112033"},{"taxonomy":"product_brand","embeddable":true,"href":"https:\/\/letrame.com\/catalogo\/wp-json\/wp\/v2\/product_brand?post=112033"},{"taxonomy":"product_cat","embeddable":true,"href":"https:\/\/letrame.com\/catalogo\/wp-json\/wp\/v2\/product_cat?post=112033"},{"taxonomy":"product_tag","embeddable":true,"href":"https:\/\/letrame.com\/catalogo\/wp-json\/wp\/v2\/product_tag?post=112033"}],"curies":[{"name":"wp","href":"https:\/\/api.w.org\/{rel}","templated":true}]}}