{"id":112027,"date":"2026-04-13T18:43:04","date_gmt":"2026-04-13T16:43:04","guid":{"rendered":"https:\/\/letrame.com\/catalogo\/?post_type=product&#038;p=112027"},"modified":"2026-04-13T18:43:05","modified_gmt":"2026-04-13T16:43:05","slug":"alguien-que-ama","status":"publish","type":"product","link":"https:\/\/letrame.com\/catalogo\/producto\/alguien-que-ama\/","title":{"rendered":"Alguien que ama"},"content":{"rendered":"<p><strong>ISBN: 9791370295998<\/strong><br \/>\n<strong>T\u00edtulo: Alguien que ama<\/strong><br \/>\n<strong>Fecha: 2025<\/strong><br \/>\n<strong>P\u00e1ginas: 68<\/strong><\/p>\n<p><strong>SINOPSIS<\/strong><\/p>\n<p data-start=\"0\" data-end=\"225\">Alguien que ama es un libro nacido desde el coraz\u00f3n de una madre que desea acompa\u00f1ar, orientar y sostener a su hija \u2014y a cualquier joven que lo necesite\u2014 en ese viaje hermoso y desafiante que es construir un proyecto de vida.<\/p>\n<p data-start=\"227\" data-end=\"607\">La autora nos invita a detenernos un momento y mirar hacia dentro para descubrir qu\u00e9 queremos, qui\u00e9nes somos, qu\u00e9 nos duele, qu\u00e9 nos hace felices y qu\u00e9 nos sostiene. Cada cap\u00edtulo abre un espacio de reflexi\u00f3n sobre temas esenciales como la libertad, la vocaci\u00f3n, el amor, el dolor, la felicidad y la verdad, acompa\u00f1ados siempre de preguntas que ayudan a pensar, ordenar y avanzar.<\/p>\n<p data-start=\"609\" data-end=\"935\" data-is-last-node=\"\" data-is-only-node=\"\">M\u00e1s que un libro, es una conversaci\u00f3n honesta. Un abrazo. Una gu\u00eda amable para aprender a so\u00f1ar con los pies en la tierra, para sembrar con sentido y cosechar con amor. Un recordatorio de que la vida se construye paso a paso, desde lo que sentimos, hacemos y compartimos, y que la mayor fortaleza nace siempre de quienes aman.<\/p>\n","protected":false},"excerpt":{"rendered":"<p><strong>ISBN: 9791370295998<\/strong><\/p>\n<p><strong>SINOPSIS<\/strong><\/p>\n<p data-start=\"0\" data-end=\"225\">Alguien que ama es un libro nacido desde el coraz\u00f3n de una madre que desea acompa\u00f1ar, orientar y sostener a su hija \u2014y a cualquier joven que lo necesite\u2014 en ese viaje hermoso y desafiante que es construir un proyecto de vida.<\/p>\n<p data-start=\"227\" data-end=\"607\">La autora nos invita a detenernos un momento y mirar hacia dentro para descubrir qu\u00e9 queremos, qui\u00e9nes somos, qu\u00e9 nos duele, qu\u00e9 nos hace felices y qu\u00e9 nos sostiene. Cada cap\u00edtulo abre un espacio de reflexi\u00f3n sobre temas esenciales como la libertad, la vocaci\u00f3n, el amor, el dolor, la felicidad y la verdad, acompa\u00f1ados siempre de preguntas que ayudan a pensar, ordenar y avanzar.<\/p>\n<p data-start=\"609\" data-end=\"935\" data-is-last-node=\"\" data-is-only-node=\"\">M\u00e1s que un libro, es una conversaci\u00f3n honesta. Un abrazo. Una gu\u00eda amable para aprender a so\u00f1ar con los pies en la tierra, para sembrar con sentido y cosechar con amor. Un recordatorio de que la vida se construye paso a paso, desde lo que sentimos, hacemos y compartimos, y que la mayor fortaleza nace siempre de quienes aman.<\/p>\n","protected":false},"featured_media":112031,"comment_status":"open","ping_status":"closed","template":"","meta":{"_acf_changed":false},"libro":[],"product_brand":[],"product_cat":[30],"product_tag":[],"class_list":{"0":"post-112027","1":"product","2":"type-product","3":"status-publish","4":"has-post-thumbnail","6":"product_cat-desarrollo-personal-y-autoconocimiento","8":"first","9":"instock","10":"shipping-taxable","11":"product-type-simple"},"acf":{"autor":[112028],"enlace_de_compra":"https:\/\/www.google.com\/search?q=9791370295998&oq=9791370295998&gs_lcrp=EgZjaHJvbWUyBggAEEUYOTIKCAEQABiABBiiBDIKCAIQABiABBiiBDIHCAMQABjvBTIHCAQQABjvBTIGCAUQRRg8MgYIBhBFGDzSAQkxNTU3ajBqMTWoAgiwAgHxBX6OAgpKzqWp&sourceid=chrome&ie=UTF-8"},"yoast_head":"<!-- This site is optimized with the Yoast SEO plugin v26.6 - https:\/\/yoast.com\/wordpress\/plugins\/seo\/ -->\n<title>Alguien que ama - Catalogo | Letrame Grupo Editorial<\/title>\n<meta name=\"robots\" content=\"index, follow, max-snippet:-1, max-image-preview:large, max-video-preview:-1\" \/>\n<link rel=\"canonical\" href=\"https:\/\/letrame.com\/catalogo\/producto\/alguien-que-ama\/\" \/>\n<meta property=\"og:locale\" content=\"es_ES\" \/>\n<meta property=\"og:type\" content=\"article\" \/>\n<meta property=\"og:title\" content=\"Alguien que ama - Catalogo | Letrame Grupo Editorial\" \/>\n<meta property=\"og:description\" content=\"ISBN: 9791370295998  SINOPSIS Alguien que ama es un libro nacido desde el coraz\u00f3n de una madre que desea acompa\u00f1ar, orientar y sostener a su hija \u2014y a cualquier joven que lo necesite\u2014 en ese viaje hermoso y desafiante que es construir un proyecto de vida. La autora nos invita a detenernos un momento y mirar hacia dentro para descubrir qu\u00e9 queremos, qui\u00e9nes somos, qu\u00e9 nos duele, qu\u00e9 nos hace felices y qu\u00e9 nos sostiene. Cada cap\u00edtulo abre un espacio de reflexi\u00f3n sobre temas esenciales como la libertad, la vocaci\u00f3n, el amor, el dolor, la felicidad y la verdad, acompa\u00f1ados siempre de preguntas que ayudan a pensar, ordenar y avanzar. M\u00e1s que un libro, es una conversaci\u00f3n honesta. Un abrazo. Una gu\u00eda amable para aprender a so\u00f1ar con los pies en la tierra, para sembrar con sentido y cosechar con amor. Un recordatorio de que la vida se construye paso a paso, desde lo que sentimos, hacemos y compartimos, y que la mayor fortaleza nace siempre de quienes aman.\" \/>\n<meta property=\"og:url\" content=\"https:\/\/letrame.com\/catalogo\/producto\/alguien-que-ama\/\" \/>\n<meta property=\"og:site_name\" content=\"Catalogo | Letrame Grupo Editorial\" \/>\n<meta property=\"article:modified_time\" content=\"2026-04-13T16:43:05+00:00\" \/>\n<meta property=\"og:image\" content=\"https:\/\/letrame.com\/catalogo\/wp-content\/uploads\/2026\/04\/alguienqueama_4mm4.jpg\" \/>\n\t<meta property=\"og:image:width\" content=\"691\" \/>\n\t<meta property=\"og:image:height\" content=\"956\" \/>\n\t<meta property=\"og:image:type\" content=\"image\/jpeg\" \/>\n<meta name=\"twitter:card\" content=\"summary_large_image\" \/>\n<meta name=\"twitter:label1\" content=\"Tiempo de lectura\" \/>\n\t<meta name=\"twitter:data1\" content=\"2 minutos\" \/>\n<script type=\"application\/ld+json\" class=\"yoast-schema-graph\">{\"@context\":\"https:\/\/schema.org\",\"@graph\":[{\"@type\":\"WebPage\",\"@id\":\"https:\/\/letrame.com\/catalogo\/producto\/alguien-que-ama\/\",\"url\":\"https:\/\/letrame.com\/catalogo\/producto\/alguien-que-ama\/\",\"name\":\"Alguien que ama - Catalogo | Letrame Grupo Editorial\",\"isPartOf\":{\"@id\":\"https:\/\/letrame.com\/catalogo\/#website\"},\"primaryImageOfPage\":{\"@id\":\"https:\/\/letrame.com\/catalogo\/producto\/alguien-que-ama\/#primaryimage\"},\"image\":{\"@id\":\"https:\/\/letrame.com\/catalogo\/producto\/alguien-que-ama\/#primaryimage\"},\"thumbnailUrl\":\"https:\/\/letrame.com\/catalogo\/wp-content\/uploads\/2026\/04\/alguienqueama_4mm4.jpg\",\"datePublished\":\"2026-04-13T16:43:04+00:00\",\"dateModified\":\"2026-04-13T16:43:05+00:00\",\"breadcrumb\":{\"@id\":\"https:\/\/letrame.com\/catalogo\/producto\/alguien-que-ama\/#breadcrumb\"},\"inLanguage\":\"es\",\"potentialAction\":[{\"@type\":\"ReadAction\",\"target\":[\"https:\/\/letrame.com\/catalogo\/producto\/alguien-que-ama\/\"]}]},{\"@type\":\"ImageObject\",\"inLanguage\":\"es\",\"@id\":\"https:\/\/letrame.com\/catalogo\/producto\/alguien-que-ama\/#primaryimage\",\"url\":\"https:\/\/letrame.com\/catalogo\/wp-content\/uploads\/2026\/04\/alguienqueama_4mm4.jpg\",\"contentUrl\":\"https:\/\/letrame.com\/catalogo\/wp-content\/uploads\/2026\/04\/alguienqueama_4mm4.jpg\",\"width\":691,\"height\":956},{\"@type\":\"BreadcrumbList\",\"@id\":\"https:\/\/letrame.com\/catalogo\/producto\/alguien-que-ama\/#breadcrumb\",\"itemListElement\":[{\"@type\":\"ListItem\",\"position\":1,\"name\":\"Portada\",\"item\":\"https:\/\/letrame.com\/catalogo\/\"},{\"@type\":\"ListItem\",\"position\":2,\"name\":\"Cat\u00e1logo\",\"item\":\"https:\/\/letrame.com\/catalogo\/\"},{\"@type\":\"ListItem\",\"position\":3,\"name\":\"Alguien que ama\"}]},{\"@type\":\"WebSite\",\"@id\":\"https:\/\/letrame.com\/catalogo\/#website\",\"url\":\"https:\/\/letrame.com\/catalogo\/\",\"name\":\"Catalogo | Letrame Grupo Editorial\",\"description\":\"\",\"publisher\":{\"@id\":\"https:\/\/letrame.com\/catalogo\/#organization\"},\"potentialAction\":[{\"@type\":\"SearchAction\",\"target\":{\"@type\":\"EntryPoint\",\"urlTemplate\":\"https:\/\/letrame.com\/catalogo\/?s={search_term_string}\"},\"query-input\":{\"@type\":\"PropertyValueSpecification\",\"valueRequired\":true,\"valueName\":\"search_term_string\"}}],\"inLanguage\":\"es\"},{\"@type\":\"Organization\",\"@id\":\"https:\/\/letrame.com\/catalogo\/#organization\",\"name\":\"Catalogo | Letrame Grupo Editorial\",\"url\":\"https:\/\/letrame.com\/catalogo\/\",\"logo\":{\"@type\":\"ImageObject\",\"inLanguage\":\"es\",\"@id\":\"https:\/\/letrame.com\/catalogo\/#\/schema\/logo\/image\/\",\"url\":\"https:\/\/letrame.com\/catalogo\/wp-content\/uploads\/2024\/03\/logo2.webp\",\"contentUrl\":\"https:\/\/letrame.com\/catalogo\/wp-content\/uploads\/2024\/03\/logo2.webp\",\"width\":394,\"height\":128,\"caption\":\"Catalogo | Letrame Grupo Editorial\"},\"image\":{\"@id\":\"https:\/\/letrame.com\/catalogo\/#\/schema\/logo\/image\/\"}}]}<\/script>\n<!-- \/ Yoast SEO plugin. -->","yoast_head_json":{"title":"Alguien que ama - Catalogo | Letrame Grupo Editorial","robots":{"index":"index","follow":"follow","max-snippet":"max-snippet:-1","max-image-preview":"max-image-preview:large","max-video-preview":"max-video-preview:-1"},"canonical":"https:\/\/letrame.com\/catalogo\/producto\/alguien-que-ama\/","og_locale":"es_ES","og_type":"article","og_title":"Alguien que ama - Catalogo | Letrame Grupo Editorial","og_description":"ISBN: 9791370295998  SINOPSIS Alguien que ama es un libro nacido desde el coraz\u00f3n de una madre que desea acompa\u00f1ar, orientar y sostener a su hija \u2014y a cualquier joven que lo necesite\u2014 en ese viaje hermoso y desafiante que es construir un proyecto de vida. La autora nos invita a detenernos un momento y mirar hacia dentro para descubrir qu\u00e9 queremos, qui\u00e9nes somos, qu\u00e9 nos duele, qu\u00e9 nos hace felices y qu\u00e9 nos sostiene. Cada cap\u00edtulo abre un espacio de reflexi\u00f3n sobre temas esenciales como la libertad, la vocaci\u00f3n, el amor, el dolor, la felicidad y la verdad, acompa\u00f1ados siempre de preguntas que ayudan a pensar, ordenar y avanzar. M\u00e1s que un libro, es una conversaci\u00f3n honesta. Un abrazo. Una gu\u00eda amable para aprender a so\u00f1ar con los pies en la tierra, para sembrar con sentido y cosechar con amor. Un recordatorio de que la vida se construye paso a paso, desde lo que sentimos, hacemos y compartimos, y que la mayor fortaleza nace siempre de quienes aman.","og_url":"https:\/\/letrame.com\/catalogo\/producto\/alguien-que-ama\/","og_site_name":"Catalogo | Letrame Grupo Editorial","article_modified_time":"2026-04-13T16:43:05+00:00","og_image":[{"width":691,"height":956,"url":"https:\/\/letrame.com\/catalogo\/wp-content\/uploads\/2026\/04\/alguienqueama_4mm4.jpg","type":"image\/jpeg"}],"twitter_card":"summary_large_image","twitter_misc":{"Tiempo de lectura":"2 minutos"},"schema":{"@context":"https:\/\/schema.org","@graph":[{"@type":"WebPage","@id":"https:\/\/letrame.com\/catalogo\/producto\/alguien-que-ama\/","url":"https:\/\/letrame.com\/catalogo\/producto\/alguien-que-ama\/","name":"Alguien que ama - Catalogo | Letrame Grupo Editorial","isPartOf":{"@id":"https:\/\/letrame.com\/catalogo\/#website"},"primaryImageOfPage":{"@id":"https:\/\/letrame.com\/catalogo\/producto\/alguien-que-ama\/#primaryimage"},"image":{"@id":"https:\/\/letrame.com\/catalogo\/producto\/alguien-que-ama\/#primaryimage"},"thumbnailUrl":"https:\/\/letrame.com\/catalogo\/wp-content\/uploads\/2026\/04\/alguienqueama_4mm4.jpg","datePublished":"2026-04-13T16:43:04+00:00","dateModified":"2026-04-13T16:43:05+00:00","breadcrumb":{"@id":"https:\/\/letrame.com\/catalogo\/producto\/alguien-que-ama\/#breadcrumb"},"inLanguage":"es","potentialAction":[{"@type":"ReadAction","target":["https:\/\/letrame.com\/catalogo\/producto\/alguien-que-ama\/"]}]},{"@type":"ImageObject","inLanguage":"es","@id":"https:\/\/letrame.com\/catalogo\/producto\/alguien-que-ama\/#primaryimage","url":"https:\/\/letrame.com\/catalogo\/wp-content\/uploads\/2026\/04\/alguienqueama_4mm4.jpg","contentUrl":"https:\/\/letrame.com\/catalogo\/wp-content\/uploads\/2026\/04\/alguienqueama_4mm4.jpg","width":691,"height":956},{"@type":"BreadcrumbList","@id":"https:\/\/letrame.com\/catalogo\/producto\/alguien-que-ama\/#breadcrumb","itemListElement":[{"@type":"ListItem","position":1,"name":"Portada","item":"https:\/\/letrame.com\/catalogo\/"},{"@type":"ListItem","position":2,"name":"Cat\u00e1logo","item":"https:\/\/letrame.com\/catalogo\/"},{"@type":"ListItem","position":3,"name":"Alguien que ama"}]},{"@type":"WebSite","@id":"https:\/\/letrame.com\/catalogo\/#website","url":"https:\/\/letrame.com\/catalogo\/","name":"Catalogo | Letrame Grupo Editorial","description":"","publisher":{"@id":"https:\/\/letrame.com\/catalogo\/#organization"},"potentialAction":[{"@type":"SearchAction","target":{"@type":"EntryPoint","urlTemplate":"https:\/\/letrame.com\/catalogo\/?s={search_term_string}"},"query-input":{"@type":"PropertyValueSpecification","valueRequired":true,"valueName":"search_term_string"}}],"inLanguage":"es"},{"@type":"Organization","@id":"https:\/\/letrame.com\/catalogo\/#organization","name":"Catalogo | Letrame Grupo Editorial","url":"https:\/\/letrame.com\/catalogo\/","logo":{"@type":"ImageObject","inLanguage":"es","@id":"https:\/\/letrame.com\/catalogo\/#\/schema\/logo\/image\/","url":"https:\/\/letrame.com\/catalogo\/wp-content\/uploads\/2024\/03\/logo2.webp","contentUrl":"https:\/\/letrame.com\/catalogo\/wp-content\/uploads\/2024\/03\/logo2.webp","width":394,"height":128,"caption":"Catalogo | Letrame Grupo Editorial"},"image":{"@id":"https:\/\/letrame.com\/catalogo\/#\/schema\/logo\/image\/"}}]}},"_links":{"self":[{"href":"https:\/\/letrame.com\/catalogo\/wp-json\/wp\/v2\/product\/112027","targetHints":{"allow":["GET"]}}],"collection":[{"href":"https:\/\/letrame.com\/catalogo\/wp-json\/wp\/v2\/product"}],"about":[{"href":"https:\/\/letrame.com\/catalogo\/wp-json\/wp\/v2\/types\/product"}],"replies":[{"embeddable":true,"href":"https:\/\/letrame.com\/catalogo\/wp-json\/wp\/v2\/comments?post=112027"}],"acf:post":[{"embeddable":true,"href":"https:\/\/letrame.com\/catalogo\/wp-json\/wp\/v2\/author_book\/112028"}],"wp:featuredmedia":[{"embeddable":true,"href":"https:\/\/letrame.com\/catalogo\/wp-json\/wp\/v2\/media\/112031"}],"wp:attachment":[{"href":"https:\/\/letrame.com\/catalogo\/wp-json\/wp\/v2\/media?parent=112027"}],"wp:term":[{"taxonomy":"libro","embeddable":true,"href":"https:\/\/letrame.com\/catalogo\/wp-json\/wp\/v2\/libro?post=112027"},{"taxonomy":"product_brand","embeddable":true,"href":"https:\/\/letrame.com\/catalogo\/wp-json\/wp\/v2\/product_brand?post=112027"},{"taxonomy":"product_cat","embeddable":true,"href":"https:\/\/letrame.com\/catalogo\/wp-json\/wp\/v2\/product_cat?post=112027"},{"taxonomy":"product_tag","embeddable":true,"href":"https:\/\/letrame.com\/catalogo\/wp-json\/wp\/v2\/product_tag?post=112027"}],"curies":[{"name":"wp","href":"https:\/\/api.w.org\/{rel}","templated":true}]}}