{"id":112021,"date":"2026-04-13T18:35:42","date_gmt":"2026-04-13T16:35:42","guid":{"rendered":"https:\/\/letrame.com\/catalogo\/?post_type=product&#038;p=112021"},"modified":"2026-04-13T18:35:42","modified_gmt":"2026-04-13T16:35:42","slug":"las-manchas-del-jaguar","status":"publish","type":"product","link":"https:\/\/letrame.com\/catalogo\/producto\/las-manchas-del-jaguar\/","title":{"rendered":"Las manchas del jaguar"},"content":{"rendered":"<p><strong>ISBN: 9791370294656<\/strong><br \/>\n<strong>T\u00edtulo: Las manchas del jaguar<\/strong><br \/>\n<strong>Fecha: 2026<\/strong><br \/>\n<strong>P\u00e1ginas: 120<\/strong><\/p>\n<p><strong>SINOPSIS<\/strong><\/p>\n<div class=\"flex flex-col text-sm pb-25\">\n<section class=\"text-token-text-primary w-full focus:outline-none [--shadow-height:45px] has-data-writing-block:pointer-events-none has-data-writing-block:-mt-(--shadow-height) has-data-writing-block:pt-(--shadow-height) [&amp;:has([data-writing-block])&gt;*]:pointer-events-auto scroll-mt-[calc(var(--header-height)+min(200px,max(70px,20svh)))]\" dir=\"auto\" data-turn-id=\"request-WEB:a1a622e7-b866-432e-849d-5c2b917c120b-102\" data-testid=\"conversation-turn-44\" data-scroll-anchor=\"true\" data-turn=\"assistant\">\n<div class=\"text-base my-auto mx-auto pb-10 [--thread-content-margin:var(--thread-content-margin-xs,calc(var(--spacing)*4))] @w-sm\/main:[--thread-content-margin:var(--thread-content-margin-sm,calc(var(--spacing)*6))] @w-lg\/main:[--thread-content-margin:var(--thread-content-margin-lg,calc(var(--spacing)*16))] px-(--thread-content-margin)\">\n<div class=\"[--thread-content-max-width:40rem] @w-lg\/main:[--thread-content-max-width:48rem] mx-auto max-w-(--thread-content-max-width) flex-1 group\/turn-messages focus-visible:outline-hidden relative flex w-full min-w-0 flex-col agent-turn\">\n<div class=\"flex max-w-full flex-col gap-4 grow\">\n<div class=\"min-h-8 text-message relative flex w-full flex-col items-end gap-2 text-start break-words whitespace-normal outline-none keyboard-focused:focus-ring [.text-message+&amp;]:mt-1\" dir=\"auto\" tabindex=\"0\" data-message-author-role=\"assistant\" data-message-id=\"df0268ef-582f-48ba-a502-c9fa2969aefb\" data-message-model-slug=\"gpt-5-3-mini\" data-turn-start-message=\"true\">\n<div class=\"flex w-full flex-col gap-1 empty:hidden\">\n<div class=\"markdown prose dark:prose-invert w-full wrap-break-word dark markdown-new-styling\">\n<p data-start=\"0\" data-end=\"396\">En esta obra de prosa densa y cargada de simbolismo, la selva y la ciudad se enfrentan como dos mundos que se devoran y se reflejan. En medio de estas geograf\u00edas \u2014una naturaleza que resiste con su fuerza regeneradora y una urbe que la asfixia bajo cemento y poder\u2014 emerge Asdr\u00fabal, un hombre marcado por el machismo, la soledad y una voracidad que lo convierte en depredador de cuerpos y afectos.<\/p>\n<p data-start=\"398\" data-end=\"869\">A su alrededor, personajes como Sorfelia, Gloria o Natalia encarnan las heridas y resistencias de lo femenino en un entorno hostil, donde las relaciones humanas se corroen por el deseo, la inequidad y la desconexi\u00f3n con la esencia c\u00f3smica. La narrativa se adentra en la cr\u00edtica al capital, al poder y al deterioro espiritual del hombre moderno, hilando reflexiones sobre la energ\u00eda, el sentido de la existencia y la ancestral conexi\u00f3n entre el ser humano y la naturaleza.<\/p>\n<p data-start=\"871\" data-end=\"1098\" data-is-last-node=\"\" data-is-only-node=\"\"><em data-start=\"871\" data-end=\"895\">Las manchas del jaguar<\/em> es un viaje filos\u00f3fico, ecol\u00f3gico y existencial que, entre im\u00e1genes selv\u00e1ticas y met\u00e1foras urbanas, nos confronta con el depredador que habita tanto en la sociedad como en el interior de cada individuo.<\/p>\n<\/div>\n<\/div>\n<\/div>\n<\/div>\n<div class=\"z-0 flex min-h-[46px] justify-start\"><\/div>\n<\/div>\n<\/div>\n<\/section>\n<\/div>\n","protected":false},"excerpt":{"rendered":"<p><strong>ISBN: 9791370294656<\/strong><\/p>\n<p><strong>SINOPSIS<\/strong><\/p>\n<div class=\"flex flex-col text-sm pb-25\">\n<section class=\"text-token-text-primary w-full focus:outline-none [--shadow-height:45px] has-data-writing-block:pointer-events-none has-data-writing-block:-mt-(--shadow-height) has-data-writing-block:pt-(--shadow-height) [&amp;:has([data-writing-block])&gt;*]:pointer-events-auto scroll-mt-[calc(var(--header-height)+min(200px,max(70px,20svh)))]\" dir=\"auto\" data-turn-id=\"request-WEB:a1a622e7-b866-432e-849d-5c2b917c120b-102\" data-testid=\"conversation-turn-44\" data-scroll-anchor=\"true\" data-turn=\"assistant\">\n<div class=\"text-base my-auto mx-auto pb-10 [--thread-content-margin:var(--thread-content-margin-xs,calc(var(--spacing)*4))] @w-sm\/main:[--thread-content-margin:var(--thread-content-margin-sm,calc(var(--spacing)*6))] @w-lg\/main:[--thread-content-margin:var(--thread-content-margin-lg,calc(var(--spacing)*16))] px-(--thread-content-margin)\">\n<div class=\"[--thread-content-max-width:40rem] @w-lg\/main:[--thread-content-max-width:48rem] mx-auto max-w-(--thread-content-max-width) flex-1 group\/turn-messages focus-visible:outline-hidden relative flex w-full min-w-0 flex-col agent-turn\">\n<div class=\"flex max-w-full flex-col gap-4 grow\">\n<div class=\"min-h-8 text-message relative flex w-full flex-col items-end gap-2 text-start break-words whitespace-normal outline-none keyboard-focused:focus-ring [.text-message+&amp;]:mt-1\" dir=\"auto\" tabindex=\"0\" data-message-author-role=\"assistant\" data-message-id=\"df0268ef-582f-48ba-a502-c9fa2969aefb\" data-message-model-slug=\"gpt-5-3-mini\" data-turn-start-message=\"true\">\n<div class=\"flex w-full flex-col gap-1 empty:hidden\">\n<div class=\"markdown prose dark:prose-invert w-full wrap-break-word dark markdown-new-styling\">\n<p data-start=\"0\" data-end=\"396\">En esta obra de prosa densa y cargada de simbolismo, la selva y la ciudad se enfrentan como dos mundos que se devoran y se reflejan. En medio de estas geograf\u00edas \u2014una naturaleza que resiste con su fuerza regeneradora y una urbe que la asfixia bajo cemento y poder\u2014 emerge Asdr\u00fabal, un hombre marcado por el machismo, la soledad y una voracidad que lo convierte en depredador de cuerpos y afectos.<\/p>\n<p data-start=\"398\" data-end=\"869\">A su alrededor, personajes como Sorfelia, Gloria o Natalia encarnan las heridas y resistencias de lo femenino en un entorno hostil, donde las relaciones humanas se corroen por el deseo, la inequidad y la desconexi\u00f3n con la esencia c\u00f3smica. La narrativa se adentra en la cr\u00edtica al capital, al poder y al deterioro espiritual del hombre moderno, hilando reflexiones sobre la energ\u00eda, el sentido de la existencia y la ancestral conexi\u00f3n entre el ser humano y la naturaleza.<\/p>\n<p data-start=\"871\" data-end=\"1098\" data-is-last-node=\"\" data-is-only-node=\"\"><em data-start=\"871\" data-end=\"895\">Las manchas del jaguar<\/em> es un viaje filos\u00f3fico, ecol\u00f3gico y existencial que, entre im\u00e1genes selv\u00e1ticas y met\u00e1foras urbanas, nos confronta con el depredador que habita tanto en la sociedad como en el interior de cada individuo.<\/p>\n<\/div>\n<\/div>\n<\/div>\n<\/div>\n<div class=\"z-0 flex min-h-[46px] justify-start\"><\/div>\n<\/div>\n<\/div>\n<\/section>\n<\/div>\n","protected":false},"featured_media":112025,"comment_status":"open","ping_status":"closed","template":"","meta":{"_acf_changed":false},"libro":[],"product_brand":[],"product_cat":[133],"product_tag":[],"class_list":{"0":"post-112021","1":"product","2":"type-product","3":"status-publish","4":"has-post-thumbnail","6":"product_cat-no-ficcion","8":"first","9":"instock","10":"shipping-taxable","11":"product-type-simple"},"acf":{"autor":[112022],"enlace_de_compra":"https:\/\/amzn.to\/4dJnpCv"},"yoast_head":"<!-- This site is optimized with the Yoast SEO plugin v26.6 - https:\/\/yoast.com\/wordpress\/plugins\/seo\/ -->\n<title>Las manchas del jaguar - Catalogo | Letrame Grupo Editorial<\/title>\n<meta name=\"robots\" content=\"index, follow, max-snippet:-1, max-image-preview:large, max-video-preview:-1\" \/>\n<link rel=\"canonical\" href=\"https:\/\/letrame.com\/catalogo\/producto\/las-manchas-del-jaguar\/\" \/>\n<meta property=\"og:locale\" content=\"es_ES\" \/>\n<meta property=\"og:type\" content=\"article\" \/>\n<meta property=\"og:title\" content=\"Las manchas del jaguar - Catalogo | Letrame Grupo Editorial\" \/>\n<meta property=\"og:description\" content=\"ISBN: 9791370294656  SINOPSIS        En esta obra de prosa densa y cargada de simbolismo, la selva y la ciudad se enfrentan como dos mundos que se devoran y se reflejan. En medio de estas geograf\u00edas \u2014una naturaleza que resiste con su fuerza regeneradora y una urbe que la asfixia bajo cemento y poder\u2014 emerge Asdr\u00fabal, un hombre marcado por el machismo, la soledad y una voracidad que lo convierte en depredador de cuerpos y afectos. A su alrededor, personajes como Sorfelia, Gloria o Natalia encarnan las heridas y resistencias de lo femenino en un entorno hostil, donde las relaciones humanas se corroen por el deseo, la inequidad y la desconexi\u00f3n con la esencia c\u00f3smica. La narrativa se adentra en la cr\u00edtica al capital, al poder y al deterioro espiritual del hombre moderno, hilando reflexiones sobre la energ\u00eda, el sentido de la existencia y la ancestral conexi\u00f3n entre el ser humano y la naturaleza. Las manchas del jaguar es un viaje filos\u00f3fico, ecol\u00f3gico y existencial que, entre im\u00e1genes selv\u00e1ticas y met\u00e1foras urbanas, nos confronta con el depredador que habita tanto en la sociedad como en el interior de cada individuo.\" \/>\n<meta property=\"og:url\" content=\"https:\/\/letrame.com\/catalogo\/producto\/las-manchas-del-jaguar\/\" \/>\n<meta property=\"og:site_name\" content=\"Catalogo | Letrame Grupo Editorial\" \/>\n<meta property=\"og:image\" content=\"https:\/\/letrame.com\/catalogo\/wp-content\/uploads\/2026\/04\/lasmanchasdeljaguar_573mm4.jpg\" \/>\n\t<meta property=\"og:image:width\" content=\"699\" \/>\n\t<meta property=\"og:image:height\" content=\"992\" \/>\n\t<meta property=\"og:image:type\" content=\"image\/jpeg\" \/>\n<meta name=\"twitter:card\" content=\"summary_large_image\" \/>\n<meta name=\"twitter:label1\" content=\"Tiempo de lectura\" \/>\n\t<meta name=\"twitter:data1\" content=\"2 minutos\" \/>\n<script type=\"application\/ld+json\" class=\"yoast-schema-graph\">{\"@context\":\"https:\/\/schema.org\",\"@graph\":[{\"@type\":\"WebPage\",\"@id\":\"https:\/\/letrame.com\/catalogo\/producto\/las-manchas-del-jaguar\/\",\"url\":\"https:\/\/letrame.com\/catalogo\/producto\/las-manchas-del-jaguar\/\",\"name\":\"Las manchas del jaguar - Catalogo | Letrame Grupo Editorial\",\"isPartOf\":{\"@id\":\"https:\/\/letrame.com\/catalogo\/#website\"},\"primaryImageOfPage\":{\"@id\":\"https:\/\/letrame.com\/catalogo\/producto\/las-manchas-del-jaguar\/#primaryimage\"},\"image\":{\"@id\":\"https:\/\/letrame.com\/catalogo\/producto\/las-manchas-del-jaguar\/#primaryimage\"},\"thumbnailUrl\":\"https:\/\/letrame.com\/catalogo\/wp-content\/uploads\/2026\/04\/lasmanchasdeljaguar_573mm4.jpg\",\"datePublished\":\"2026-04-13T16:35:42+00:00\",\"breadcrumb\":{\"@id\":\"https:\/\/letrame.com\/catalogo\/producto\/las-manchas-del-jaguar\/#breadcrumb\"},\"inLanguage\":\"es\",\"potentialAction\":[{\"@type\":\"ReadAction\",\"target\":[\"https:\/\/letrame.com\/catalogo\/producto\/las-manchas-del-jaguar\/\"]}]},{\"@type\":\"ImageObject\",\"inLanguage\":\"es\",\"@id\":\"https:\/\/letrame.com\/catalogo\/producto\/las-manchas-del-jaguar\/#primaryimage\",\"url\":\"https:\/\/letrame.com\/catalogo\/wp-content\/uploads\/2026\/04\/lasmanchasdeljaguar_573mm4.jpg\",\"contentUrl\":\"https:\/\/letrame.com\/catalogo\/wp-content\/uploads\/2026\/04\/lasmanchasdeljaguar_573mm4.jpg\",\"width\":699,\"height\":992},{\"@type\":\"BreadcrumbList\",\"@id\":\"https:\/\/letrame.com\/catalogo\/producto\/las-manchas-del-jaguar\/#breadcrumb\",\"itemListElement\":[{\"@type\":\"ListItem\",\"position\":1,\"name\":\"Portada\",\"item\":\"https:\/\/letrame.com\/catalogo\/\"},{\"@type\":\"ListItem\",\"position\":2,\"name\":\"Cat\u00e1logo\",\"item\":\"https:\/\/letrame.com\/catalogo\/\"},{\"@type\":\"ListItem\",\"position\":3,\"name\":\"Las manchas del jaguar\"}]},{\"@type\":\"WebSite\",\"@id\":\"https:\/\/letrame.com\/catalogo\/#website\",\"url\":\"https:\/\/letrame.com\/catalogo\/\",\"name\":\"Catalogo | Letrame Grupo Editorial\",\"description\":\"\",\"publisher\":{\"@id\":\"https:\/\/letrame.com\/catalogo\/#organization\"},\"potentialAction\":[{\"@type\":\"SearchAction\",\"target\":{\"@type\":\"EntryPoint\",\"urlTemplate\":\"https:\/\/letrame.com\/catalogo\/?s={search_term_string}\"},\"query-input\":{\"@type\":\"PropertyValueSpecification\",\"valueRequired\":true,\"valueName\":\"search_term_string\"}}],\"inLanguage\":\"es\"},{\"@type\":\"Organization\",\"@id\":\"https:\/\/letrame.com\/catalogo\/#organization\",\"name\":\"Catalogo | Letrame Grupo Editorial\",\"url\":\"https:\/\/letrame.com\/catalogo\/\",\"logo\":{\"@type\":\"ImageObject\",\"inLanguage\":\"es\",\"@id\":\"https:\/\/letrame.com\/catalogo\/#\/schema\/logo\/image\/\",\"url\":\"https:\/\/letrame.com\/catalogo\/wp-content\/uploads\/2024\/03\/logo2.webp\",\"contentUrl\":\"https:\/\/letrame.com\/catalogo\/wp-content\/uploads\/2024\/03\/logo2.webp\",\"width\":394,\"height\":128,\"caption\":\"Catalogo | Letrame Grupo Editorial\"},\"image\":{\"@id\":\"https:\/\/letrame.com\/catalogo\/#\/schema\/logo\/image\/\"}}]}<\/script>\n<!-- \/ Yoast SEO plugin. -->","yoast_head_json":{"title":"Las manchas del jaguar - Catalogo | Letrame Grupo Editorial","robots":{"index":"index","follow":"follow","max-snippet":"max-snippet:-1","max-image-preview":"max-image-preview:large","max-video-preview":"max-video-preview:-1"},"canonical":"https:\/\/letrame.com\/catalogo\/producto\/las-manchas-del-jaguar\/","og_locale":"es_ES","og_type":"article","og_title":"Las manchas del jaguar - Catalogo | Letrame Grupo Editorial","og_description":"ISBN: 9791370294656  SINOPSIS        En esta obra de prosa densa y cargada de simbolismo, la selva y la ciudad se enfrentan como dos mundos que se devoran y se reflejan. En medio de estas geograf\u00edas \u2014una naturaleza que resiste con su fuerza regeneradora y una urbe que la asfixia bajo cemento y poder\u2014 emerge Asdr\u00fabal, un hombre marcado por el machismo, la soledad y una voracidad que lo convierte en depredador de cuerpos y afectos. A su alrededor, personajes como Sorfelia, Gloria o Natalia encarnan las heridas y resistencias de lo femenino en un entorno hostil, donde las relaciones humanas se corroen por el deseo, la inequidad y la desconexi\u00f3n con la esencia c\u00f3smica. La narrativa se adentra en la cr\u00edtica al capital, al poder y al deterioro espiritual del hombre moderno, hilando reflexiones sobre la energ\u00eda, el sentido de la existencia y la ancestral conexi\u00f3n entre el ser humano y la naturaleza. Las manchas del jaguar es un viaje filos\u00f3fico, ecol\u00f3gico y existencial que, entre im\u00e1genes selv\u00e1ticas y met\u00e1foras urbanas, nos confronta con el depredador que habita tanto en la sociedad como en el interior de cada individuo.","og_url":"https:\/\/letrame.com\/catalogo\/producto\/las-manchas-del-jaguar\/","og_site_name":"Catalogo | Letrame Grupo Editorial","og_image":[{"width":699,"height":992,"url":"https:\/\/letrame.com\/catalogo\/wp-content\/uploads\/2026\/04\/lasmanchasdeljaguar_573mm4.jpg","type":"image\/jpeg"}],"twitter_card":"summary_large_image","twitter_misc":{"Tiempo de lectura":"2 minutos"},"schema":{"@context":"https:\/\/schema.org","@graph":[{"@type":"WebPage","@id":"https:\/\/letrame.com\/catalogo\/producto\/las-manchas-del-jaguar\/","url":"https:\/\/letrame.com\/catalogo\/producto\/las-manchas-del-jaguar\/","name":"Las manchas del jaguar - Catalogo | Letrame Grupo Editorial","isPartOf":{"@id":"https:\/\/letrame.com\/catalogo\/#website"},"primaryImageOfPage":{"@id":"https:\/\/letrame.com\/catalogo\/producto\/las-manchas-del-jaguar\/#primaryimage"},"image":{"@id":"https:\/\/letrame.com\/catalogo\/producto\/las-manchas-del-jaguar\/#primaryimage"},"thumbnailUrl":"https:\/\/letrame.com\/catalogo\/wp-content\/uploads\/2026\/04\/lasmanchasdeljaguar_573mm4.jpg","datePublished":"2026-04-13T16:35:42+00:00","breadcrumb":{"@id":"https:\/\/letrame.com\/catalogo\/producto\/las-manchas-del-jaguar\/#breadcrumb"},"inLanguage":"es","potentialAction":[{"@type":"ReadAction","target":["https:\/\/letrame.com\/catalogo\/producto\/las-manchas-del-jaguar\/"]}]},{"@type":"ImageObject","inLanguage":"es","@id":"https:\/\/letrame.com\/catalogo\/producto\/las-manchas-del-jaguar\/#primaryimage","url":"https:\/\/letrame.com\/catalogo\/wp-content\/uploads\/2026\/04\/lasmanchasdeljaguar_573mm4.jpg","contentUrl":"https:\/\/letrame.com\/catalogo\/wp-content\/uploads\/2026\/04\/lasmanchasdeljaguar_573mm4.jpg","width":699,"height":992},{"@type":"BreadcrumbList","@id":"https:\/\/letrame.com\/catalogo\/producto\/las-manchas-del-jaguar\/#breadcrumb","itemListElement":[{"@type":"ListItem","position":1,"name":"Portada","item":"https:\/\/letrame.com\/catalogo\/"},{"@type":"ListItem","position":2,"name":"Cat\u00e1logo","item":"https:\/\/letrame.com\/catalogo\/"},{"@type":"ListItem","position":3,"name":"Las manchas del jaguar"}]},{"@type":"WebSite","@id":"https:\/\/letrame.com\/catalogo\/#website","url":"https:\/\/letrame.com\/catalogo\/","name":"Catalogo | Letrame Grupo Editorial","description":"","publisher":{"@id":"https:\/\/letrame.com\/catalogo\/#organization"},"potentialAction":[{"@type":"SearchAction","target":{"@type":"EntryPoint","urlTemplate":"https:\/\/letrame.com\/catalogo\/?s={search_term_string}"},"query-input":{"@type":"PropertyValueSpecification","valueRequired":true,"valueName":"search_term_string"}}],"inLanguage":"es"},{"@type":"Organization","@id":"https:\/\/letrame.com\/catalogo\/#organization","name":"Catalogo | Letrame Grupo Editorial","url":"https:\/\/letrame.com\/catalogo\/","logo":{"@type":"ImageObject","inLanguage":"es","@id":"https:\/\/letrame.com\/catalogo\/#\/schema\/logo\/image\/","url":"https:\/\/letrame.com\/catalogo\/wp-content\/uploads\/2024\/03\/logo2.webp","contentUrl":"https:\/\/letrame.com\/catalogo\/wp-content\/uploads\/2024\/03\/logo2.webp","width":394,"height":128,"caption":"Catalogo | Letrame Grupo Editorial"},"image":{"@id":"https:\/\/letrame.com\/catalogo\/#\/schema\/logo\/image\/"}}]}},"_links":{"self":[{"href":"https:\/\/letrame.com\/catalogo\/wp-json\/wp\/v2\/product\/112021","targetHints":{"allow":["GET"]}}],"collection":[{"href":"https:\/\/letrame.com\/catalogo\/wp-json\/wp\/v2\/product"}],"about":[{"href":"https:\/\/letrame.com\/catalogo\/wp-json\/wp\/v2\/types\/product"}],"replies":[{"embeddable":true,"href":"https:\/\/letrame.com\/catalogo\/wp-json\/wp\/v2\/comments?post=112021"}],"acf:post":[{"embeddable":true,"href":"https:\/\/letrame.com\/catalogo\/wp-json\/wp\/v2\/author_book\/112022"}],"wp:featuredmedia":[{"embeddable":true,"href":"https:\/\/letrame.com\/catalogo\/wp-json\/wp\/v2\/media\/112025"}],"wp:attachment":[{"href":"https:\/\/letrame.com\/catalogo\/wp-json\/wp\/v2\/media?parent=112021"}],"wp:term":[{"taxonomy":"libro","embeddable":true,"href":"https:\/\/letrame.com\/catalogo\/wp-json\/wp\/v2\/libro?post=112021"},{"taxonomy":"product_brand","embeddable":true,"href":"https:\/\/letrame.com\/catalogo\/wp-json\/wp\/v2\/product_brand?post=112021"},{"taxonomy":"product_cat","embeddable":true,"href":"https:\/\/letrame.com\/catalogo\/wp-json\/wp\/v2\/product_cat?post=112021"},{"taxonomy":"product_tag","embeddable":true,"href":"https:\/\/letrame.com\/catalogo\/wp-json\/wp\/v2\/product_tag?post=112021"}],"curies":[{"name":"wp","href":"https:\/\/api.w.org\/{rel}","templated":true}]}}