{"id":112009,"date":"2026-04-13T18:09:39","date_gmt":"2026-04-13T16:09:39","guid":{"rendered":"https:\/\/letrame.com\/catalogo\/?post_type=product&#038;p=112009"},"modified":"2026-04-13T18:09:39","modified_gmt":"2026-04-13T16:09:39","slug":"un-antes-y-un-despues","status":"publish","type":"product","link":"https:\/\/letrame.com\/catalogo\/producto\/un-antes-y-un-despues\/","title":{"rendered":"Un antes y un despu\u00e9s"},"content":{"rendered":"<p><strong>ISBN: 9791370296681<\/strong><br \/>\n<strong>T\u00edtulo: Un antes y un despu\u00e9s<\/strong><br \/>\n<strong>Fecha: 2025<\/strong><br \/>\n<strong>P\u00e1ginas: 76<\/strong><\/p>\n<p><strong>SINOPSIS<\/strong><\/p>\n<p data-start=\"0\" data-end=\"213\">Hay batallas que no dejan heridas visibles, pero que desgastan cada pensamiento, cada gesto y cada amanecer. Hay d\u00edas en los que levantarse ya es un acto de valent\u00eda y noches en las que la mente no concede tregua.<\/p>\n<p data-start=\"215\" data-end=\"506\">Las p\u00e1ginas que componen esta obra son fragmentos de una lucha real, escritos desde la honestidad absoluta y sin disfraces. Aqu\u00ed no se embellece el dolor ni se ofrecen atajos; se nombra lo que duele, se dialoga con la enfermedad y se reconoce la fragilidad como parte de la condici\u00f3n humana.<\/p>\n<p data-start=\"508\" data-end=\"661\">Pero tambi\u00e9n se abre espacio para la ternura, el amor, la familia, la amistad y esos peque\u00f1os instantes de calma que, aun breves, sostienen la esperanza.<\/p>\n<p data-start=\"663\" data-end=\"890\">Mat\u00edas Mingorance Svensson transforma su experiencia personal con la depresi\u00f3n en palabra compartida. Cada poema es un gesto de resistencia, un intento de comprender lo vivido y de acompa\u00f1ar a quien se reconoce en estas l\u00edneas.<\/p>\n<p data-start=\"892\" data-end=\"1031\" data-is-last-node=\"\" data-is-only-node=\"\"><em data-start=\"892\" data-end=\"915\">Un antes y un despu\u00e9s<\/em> es una voz que se acerca para recordarnos algo esencial: que incluso en los momentos m\u00e1s oscuros, no estamos solos.<\/p>\n","protected":false},"excerpt":{"rendered":"<p><strong>ISBN: 9791370296681<\/strong><\/p>\n<p><strong>SINOPSIS<\/strong><\/p>\n<p data-start=\"0\" data-end=\"213\">Hay batallas que no dejan heridas visibles, pero que desgastan cada pensamiento, cada gesto y cada amanecer. Hay d\u00edas en los que levantarse ya es un acto de valent\u00eda y noches en las que la mente no concede tregua.<\/p>\n<p data-start=\"215\" data-end=\"506\">Las p\u00e1ginas que componen esta obra son fragmentos de una lucha real, escritos desde la honestidad absoluta y sin disfraces. Aqu\u00ed no se embellece el dolor ni se ofrecen atajos; se nombra lo que duele, se dialoga con la enfermedad y se reconoce la fragilidad como parte de la condici\u00f3n humana.<\/p>\n<p data-start=\"508\" data-end=\"661\">Pero tambi\u00e9n se abre espacio para la ternura, el amor, la familia, la amistad y esos peque\u00f1os instantes de calma que, aun breves, sostienen la esperanza.<\/p>\n<p data-start=\"663\" data-end=\"890\">Mat\u00edas Mingorance Svensson transforma su experiencia personal con la depresi\u00f3n en palabra compartida. Cada poema es un gesto de resistencia, un intento de comprender lo vivido y de acompa\u00f1ar a quien se reconoce en estas l\u00edneas.<\/p>\n<p data-start=\"892\" data-end=\"1031\" data-is-last-node=\"\" data-is-only-node=\"\"><em data-start=\"892\" data-end=\"915\">Un antes y un despu\u00e9s<\/em> es una voz que se acerca para recordarnos algo esencial: que incluso en los momentos m\u00e1s oscuros, no estamos solos.<\/p>\n","protected":false},"featured_media":112013,"comment_status":"open","ping_status":"closed","template":"","meta":{"_acf_changed":false},"libro":[],"product_brand":[],"product_cat":[20],"product_tag":[],"class_list":{"0":"post-112009","1":"product","2":"type-product","3":"status-publish","4":"has-post-thumbnail","6":"product_cat-poesia","8":"first","9":"instock","10":"shipping-taxable","11":"product-type-simple"},"acf":{"autor":[112010],"enlace_de_compra":"https:\/\/amzn.to\/4dLdtZ5"},"yoast_head":"<!-- This site is optimized with the Yoast SEO plugin v26.6 - https:\/\/yoast.com\/wordpress\/plugins\/seo\/ -->\n<title>Un antes y un despu\u00e9s - Catalogo | Letrame Grupo Editorial<\/title>\n<meta name=\"robots\" content=\"index, follow, max-snippet:-1, max-image-preview:large, max-video-preview:-1\" \/>\n<link rel=\"canonical\" href=\"https:\/\/letrame.com\/catalogo\/producto\/un-antes-y-un-despues\/\" \/>\n<meta property=\"og:locale\" content=\"es_ES\" \/>\n<meta property=\"og:type\" content=\"article\" \/>\n<meta property=\"og:title\" content=\"Un antes y un despu\u00e9s - Catalogo | Letrame Grupo Editorial\" \/>\n<meta property=\"og:description\" content=\"ISBN: 9791370296681  SINOPSIS Hay batallas que no dejan heridas visibles, pero que desgastan cada pensamiento, cada gesto y cada amanecer. Hay d\u00edas en los que levantarse ya es un acto de valent\u00eda y noches en las que la mente no concede tregua. Las p\u00e1ginas que componen esta obra son fragmentos de una lucha real, escritos desde la honestidad absoluta y sin disfraces. Aqu\u00ed no se embellece el dolor ni se ofrecen atajos; se nombra lo que duele, se dialoga con la enfermedad y se reconoce la fragilidad como parte de la condici\u00f3n humana. Pero tambi\u00e9n se abre espacio para la ternura, el amor, la familia, la amistad y esos peque\u00f1os instantes de calma que, aun breves, sostienen la esperanza. Mat\u00edas Mingorance Svensson transforma su experiencia personal con la depresi\u00f3n en palabra compartida. Cada poema es un gesto de resistencia, un intento de comprender lo vivido y de acompa\u00f1ar a quien se reconoce en estas l\u00edneas. Un antes y un despu\u00e9s es una voz que se acerca para recordarnos algo esencial: que incluso en los momentos m\u00e1s oscuros, no estamos solos.\" \/>\n<meta property=\"og:url\" content=\"https:\/\/letrame.com\/catalogo\/producto\/un-antes-y-un-despues\/\" \/>\n<meta property=\"og:site_name\" content=\"Catalogo | Letrame Grupo Editorial\" \/>\n<meta property=\"og:image\" content=\"https:\/\/letrame.com\/catalogo\/wp-content\/uploads\/2026\/04\/unantesyundespues_4mm4.jpg\" \/>\n\t<meta property=\"og:image:width\" content=\"886\" \/>\n\t<meta property=\"og:image:height\" content=\"1240\" \/>\n\t<meta property=\"og:image:type\" content=\"image\/jpeg\" \/>\n<meta name=\"twitter:card\" content=\"summary_large_image\" \/>\n<meta name=\"twitter:label1\" content=\"Tiempo de lectura\" \/>\n\t<meta name=\"twitter:data1\" content=\"1 minuto\" \/>\n<script type=\"application\/ld+json\" class=\"yoast-schema-graph\">{\"@context\":\"https:\/\/schema.org\",\"@graph\":[{\"@type\":\"WebPage\",\"@id\":\"https:\/\/letrame.com\/catalogo\/producto\/un-antes-y-un-despues\/\",\"url\":\"https:\/\/letrame.com\/catalogo\/producto\/un-antes-y-un-despues\/\",\"name\":\"Un antes y un despu\u00e9s - Catalogo | Letrame Grupo Editorial\",\"isPartOf\":{\"@id\":\"https:\/\/letrame.com\/catalogo\/#website\"},\"primaryImageOfPage\":{\"@id\":\"https:\/\/letrame.com\/catalogo\/producto\/un-antes-y-un-despues\/#primaryimage\"},\"image\":{\"@id\":\"https:\/\/letrame.com\/catalogo\/producto\/un-antes-y-un-despues\/#primaryimage\"},\"thumbnailUrl\":\"https:\/\/letrame.com\/catalogo\/wp-content\/uploads\/2026\/04\/unantesyundespues_4mm4.jpg\",\"datePublished\":\"2026-04-13T16:09:39+00:00\",\"breadcrumb\":{\"@id\":\"https:\/\/letrame.com\/catalogo\/producto\/un-antes-y-un-despues\/#breadcrumb\"},\"inLanguage\":\"es\",\"potentialAction\":[{\"@type\":\"ReadAction\",\"target\":[\"https:\/\/letrame.com\/catalogo\/producto\/un-antes-y-un-despues\/\"]}]},{\"@type\":\"ImageObject\",\"inLanguage\":\"es\",\"@id\":\"https:\/\/letrame.com\/catalogo\/producto\/un-antes-y-un-despues\/#primaryimage\",\"url\":\"https:\/\/letrame.com\/catalogo\/wp-content\/uploads\/2026\/04\/unantesyundespues_4mm4.jpg\",\"contentUrl\":\"https:\/\/letrame.com\/catalogo\/wp-content\/uploads\/2026\/04\/unantesyundespues_4mm4.jpg\",\"width\":886,\"height\":1240},{\"@type\":\"BreadcrumbList\",\"@id\":\"https:\/\/letrame.com\/catalogo\/producto\/un-antes-y-un-despues\/#breadcrumb\",\"itemListElement\":[{\"@type\":\"ListItem\",\"position\":1,\"name\":\"Portada\",\"item\":\"https:\/\/letrame.com\/catalogo\/\"},{\"@type\":\"ListItem\",\"position\":2,\"name\":\"Cat\u00e1logo\",\"item\":\"https:\/\/letrame.com\/catalogo\/\"},{\"@type\":\"ListItem\",\"position\":3,\"name\":\"Un antes y un despu\u00e9s\"}]},{\"@type\":\"WebSite\",\"@id\":\"https:\/\/letrame.com\/catalogo\/#website\",\"url\":\"https:\/\/letrame.com\/catalogo\/\",\"name\":\"Catalogo | Letrame Grupo Editorial\",\"description\":\"\",\"publisher\":{\"@id\":\"https:\/\/letrame.com\/catalogo\/#organization\"},\"potentialAction\":[{\"@type\":\"SearchAction\",\"target\":{\"@type\":\"EntryPoint\",\"urlTemplate\":\"https:\/\/letrame.com\/catalogo\/?s={search_term_string}\"},\"query-input\":{\"@type\":\"PropertyValueSpecification\",\"valueRequired\":true,\"valueName\":\"search_term_string\"}}],\"inLanguage\":\"es\"},{\"@type\":\"Organization\",\"@id\":\"https:\/\/letrame.com\/catalogo\/#organization\",\"name\":\"Catalogo | Letrame Grupo Editorial\",\"url\":\"https:\/\/letrame.com\/catalogo\/\",\"logo\":{\"@type\":\"ImageObject\",\"inLanguage\":\"es\",\"@id\":\"https:\/\/letrame.com\/catalogo\/#\/schema\/logo\/image\/\",\"url\":\"https:\/\/letrame.com\/catalogo\/wp-content\/uploads\/2024\/03\/logo2.webp\",\"contentUrl\":\"https:\/\/letrame.com\/catalogo\/wp-content\/uploads\/2024\/03\/logo2.webp\",\"width\":394,\"height\":128,\"caption\":\"Catalogo | Letrame Grupo Editorial\"},\"image\":{\"@id\":\"https:\/\/letrame.com\/catalogo\/#\/schema\/logo\/image\/\"}}]}<\/script>\n<!-- \/ Yoast SEO plugin. -->","yoast_head_json":{"title":"Un antes y un despu\u00e9s - Catalogo | Letrame Grupo Editorial","robots":{"index":"index","follow":"follow","max-snippet":"max-snippet:-1","max-image-preview":"max-image-preview:large","max-video-preview":"max-video-preview:-1"},"canonical":"https:\/\/letrame.com\/catalogo\/producto\/un-antes-y-un-despues\/","og_locale":"es_ES","og_type":"article","og_title":"Un antes y un despu\u00e9s - Catalogo | Letrame Grupo Editorial","og_description":"ISBN: 9791370296681  SINOPSIS Hay batallas que no dejan heridas visibles, pero que desgastan cada pensamiento, cada gesto y cada amanecer. Hay d\u00edas en los que levantarse ya es un acto de valent\u00eda y noches en las que la mente no concede tregua. Las p\u00e1ginas que componen esta obra son fragmentos de una lucha real, escritos desde la honestidad absoluta y sin disfraces. Aqu\u00ed no se embellece el dolor ni se ofrecen atajos; se nombra lo que duele, se dialoga con la enfermedad y se reconoce la fragilidad como parte de la condici\u00f3n humana. Pero tambi\u00e9n se abre espacio para la ternura, el amor, la familia, la amistad y esos peque\u00f1os instantes de calma que, aun breves, sostienen la esperanza. Mat\u00edas Mingorance Svensson transforma su experiencia personal con la depresi\u00f3n en palabra compartida. Cada poema es un gesto de resistencia, un intento de comprender lo vivido y de acompa\u00f1ar a quien se reconoce en estas l\u00edneas. Un antes y un despu\u00e9s es una voz que se acerca para recordarnos algo esencial: que incluso en los momentos m\u00e1s oscuros, no estamos solos.","og_url":"https:\/\/letrame.com\/catalogo\/producto\/un-antes-y-un-despues\/","og_site_name":"Catalogo | Letrame Grupo Editorial","og_image":[{"width":886,"height":1240,"url":"https:\/\/letrame.com\/catalogo\/wp-content\/uploads\/2026\/04\/unantesyundespues_4mm4.jpg","type":"image\/jpeg"}],"twitter_card":"summary_large_image","twitter_misc":{"Tiempo de lectura":"1 minuto"},"schema":{"@context":"https:\/\/schema.org","@graph":[{"@type":"WebPage","@id":"https:\/\/letrame.com\/catalogo\/producto\/un-antes-y-un-despues\/","url":"https:\/\/letrame.com\/catalogo\/producto\/un-antes-y-un-despues\/","name":"Un antes y un despu\u00e9s - Catalogo | Letrame Grupo Editorial","isPartOf":{"@id":"https:\/\/letrame.com\/catalogo\/#website"},"primaryImageOfPage":{"@id":"https:\/\/letrame.com\/catalogo\/producto\/un-antes-y-un-despues\/#primaryimage"},"image":{"@id":"https:\/\/letrame.com\/catalogo\/producto\/un-antes-y-un-despues\/#primaryimage"},"thumbnailUrl":"https:\/\/letrame.com\/catalogo\/wp-content\/uploads\/2026\/04\/unantesyundespues_4mm4.jpg","datePublished":"2026-04-13T16:09:39+00:00","breadcrumb":{"@id":"https:\/\/letrame.com\/catalogo\/producto\/un-antes-y-un-despues\/#breadcrumb"},"inLanguage":"es","potentialAction":[{"@type":"ReadAction","target":["https:\/\/letrame.com\/catalogo\/producto\/un-antes-y-un-despues\/"]}]},{"@type":"ImageObject","inLanguage":"es","@id":"https:\/\/letrame.com\/catalogo\/producto\/un-antes-y-un-despues\/#primaryimage","url":"https:\/\/letrame.com\/catalogo\/wp-content\/uploads\/2026\/04\/unantesyundespues_4mm4.jpg","contentUrl":"https:\/\/letrame.com\/catalogo\/wp-content\/uploads\/2026\/04\/unantesyundespues_4mm4.jpg","width":886,"height":1240},{"@type":"BreadcrumbList","@id":"https:\/\/letrame.com\/catalogo\/producto\/un-antes-y-un-despues\/#breadcrumb","itemListElement":[{"@type":"ListItem","position":1,"name":"Portada","item":"https:\/\/letrame.com\/catalogo\/"},{"@type":"ListItem","position":2,"name":"Cat\u00e1logo","item":"https:\/\/letrame.com\/catalogo\/"},{"@type":"ListItem","position":3,"name":"Un antes y un despu\u00e9s"}]},{"@type":"WebSite","@id":"https:\/\/letrame.com\/catalogo\/#website","url":"https:\/\/letrame.com\/catalogo\/","name":"Catalogo | Letrame Grupo Editorial","description":"","publisher":{"@id":"https:\/\/letrame.com\/catalogo\/#organization"},"potentialAction":[{"@type":"SearchAction","target":{"@type":"EntryPoint","urlTemplate":"https:\/\/letrame.com\/catalogo\/?s={search_term_string}"},"query-input":{"@type":"PropertyValueSpecification","valueRequired":true,"valueName":"search_term_string"}}],"inLanguage":"es"},{"@type":"Organization","@id":"https:\/\/letrame.com\/catalogo\/#organization","name":"Catalogo | Letrame Grupo Editorial","url":"https:\/\/letrame.com\/catalogo\/","logo":{"@type":"ImageObject","inLanguage":"es","@id":"https:\/\/letrame.com\/catalogo\/#\/schema\/logo\/image\/","url":"https:\/\/letrame.com\/catalogo\/wp-content\/uploads\/2024\/03\/logo2.webp","contentUrl":"https:\/\/letrame.com\/catalogo\/wp-content\/uploads\/2024\/03\/logo2.webp","width":394,"height":128,"caption":"Catalogo | Letrame Grupo Editorial"},"image":{"@id":"https:\/\/letrame.com\/catalogo\/#\/schema\/logo\/image\/"}}]}},"_links":{"self":[{"href":"https:\/\/letrame.com\/catalogo\/wp-json\/wp\/v2\/product\/112009","targetHints":{"allow":["GET"]}}],"collection":[{"href":"https:\/\/letrame.com\/catalogo\/wp-json\/wp\/v2\/product"}],"about":[{"href":"https:\/\/letrame.com\/catalogo\/wp-json\/wp\/v2\/types\/product"}],"replies":[{"embeddable":true,"href":"https:\/\/letrame.com\/catalogo\/wp-json\/wp\/v2\/comments?post=112009"}],"acf:post":[{"embeddable":true,"href":"https:\/\/letrame.com\/catalogo\/wp-json\/wp\/v2\/author_book\/112010"}],"wp:featuredmedia":[{"embeddable":true,"href":"https:\/\/letrame.com\/catalogo\/wp-json\/wp\/v2\/media\/112013"}],"wp:attachment":[{"href":"https:\/\/letrame.com\/catalogo\/wp-json\/wp\/v2\/media?parent=112009"}],"wp:term":[{"taxonomy":"libro","embeddable":true,"href":"https:\/\/letrame.com\/catalogo\/wp-json\/wp\/v2\/libro?post=112009"},{"taxonomy":"product_brand","embeddable":true,"href":"https:\/\/letrame.com\/catalogo\/wp-json\/wp\/v2\/product_brand?post=112009"},{"taxonomy":"product_cat","embeddable":true,"href":"https:\/\/letrame.com\/catalogo\/wp-json\/wp\/v2\/product_cat?post=112009"},{"taxonomy":"product_tag","embeddable":true,"href":"https:\/\/letrame.com\/catalogo\/wp-json\/wp\/v2\/product_tag?post=112009"}],"curies":[{"name":"wp","href":"https:\/\/api.w.org\/{rel}","templated":true}]}}