{"id":112004,"date":"2026-04-13T18:03:42","date_gmt":"2026-04-13T16:03:42","guid":{"rendered":"https:\/\/letrame.com\/catalogo\/?post_type=product&#038;p=112004"},"modified":"2026-04-13T18:03:43","modified_gmt":"2026-04-13T16:03:43","slug":"los-comandantes-de-fronteras","status":"publish","type":"product","link":"https:\/\/letrame.com\/catalogo\/producto\/los-comandantes-de-fronteras\/","title":{"rendered":"Los comandantes de Fronteras"},"content":{"rendered":"<p><strong>ISBN: 9791370292515<\/strong><br \/>\n<strong>T\u00edtulo: Los comandantes de Fronteras<\/strong><br \/>\n<strong>Fecha: 2026<\/strong><br \/>\n<strong>P\u00e1ginas: 150<\/strong><\/p>\n<p><strong>SINOPSIS<\/strong><\/p>\n<p data-start=\"0\" data-end=\"206\">Los comandantes de Fronteras reconstruye la trayectoria de una instituci\u00f3n peculiar que, sin haber sido formalizada por la Corona, marc\u00f3 la vida en el septentri\u00f3n de la Antigua California entre 1769 y 1845.<\/p>\n<p data-start=\"208\" data-end=\"801\">Mario Alberto Maga\u00f1a nos adentra en la historia de los soldados del Real Presidio de Loreto que, destinados como escoltas de misiones, terminaron organiz\u00e1ndose en la llamada Comandancia Militar de Fronteras. A trav\u00e9s de documentos primarios, hojas de m\u00e9ritos, \u00f3rdenes y reglamentos, se revelan las estrategias de defensa y administraci\u00f3n, y las experiencias cotidianas de estos milicianos y sus familias: su interacci\u00f3n con los pueblos ind\u00edgenas, su relaci\u00f3n con los misioneros dominicos y franciscanos, y la manera en que transformaron tierras misionales en ranchos ganaderos de subsistencia.<\/p>\n<p data-start=\"803\" data-end=\"1114\">Estructurada en tres etapas \u2014formaci\u00f3n, formalizaci\u00f3n y declive\u2014, la obra muestra c\u00f3mo esta comandancia fue columna vertebral del poblamiento y del orden social en una frontera de gentilidad lejana a los centros de poder, y c\u00f3mo dej\u00f3 una huella perdurable en la configuraci\u00f3n de la Baja California decimon\u00f3nica.<\/p>\n<p data-start=\"1116\" data-end=\"1342\" data-is-last-node=\"\" data-is-only-node=\"\">M\u00e1s que una historia militar, Maga\u00f1a comparte un ejercicio de historia regional que combina lo institucional y lo social, iluminando desde abajo la compleja construcci\u00f3n de identidades y territorios en el noroeste novohispano.<\/p>\n","protected":false},"excerpt":{"rendered":"<p><strong>ISBN: 9791370292515<\/strong><\/p>\n<p><strong>SINOPSIS<\/strong><\/p>\n<p data-start=\"0\" data-end=\"206\">Los comandantes de Fronteras reconstruye la trayectoria de una instituci\u00f3n peculiar que, sin haber sido formalizada por la Corona, marc\u00f3 la vida en el septentri\u00f3n de la Antigua California entre 1769 y 1845.<\/p>\n<p data-start=\"208\" data-end=\"801\">Mario Alberto Maga\u00f1a nos adentra en la historia de los soldados del Real Presidio de Loreto que, destinados como escoltas de misiones, terminaron organiz\u00e1ndose en la llamada Comandancia Militar de Fronteras. A trav\u00e9s de documentos primarios, hojas de m\u00e9ritos, \u00f3rdenes y reglamentos, se revelan las estrategias de defensa y administraci\u00f3n, y las experiencias cotidianas de estos milicianos y sus familias: su interacci\u00f3n con los pueblos ind\u00edgenas, su relaci\u00f3n con los misioneros dominicos y franciscanos, y la manera en que transformaron tierras misionales en ranchos ganaderos de subsistencia.<\/p>\n<p data-start=\"803\" data-end=\"1114\">Estructurada en tres etapas \u2014formaci\u00f3n, formalizaci\u00f3n y declive\u2014, la obra muestra c\u00f3mo esta comandancia fue columna vertebral del poblamiento y del orden social en una frontera de gentilidad lejana a los centros de poder, y c\u00f3mo dej\u00f3 una huella perdurable en la configuraci\u00f3n de la Baja California decimon\u00f3nica.<\/p>\n<p data-start=\"1116\" data-end=\"1342\" data-is-last-node=\"\" data-is-only-node=\"\">M\u00e1s que una historia militar, Maga\u00f1a comparte un ejercicio de historia regional que combina lo institucional y lo social, iluminando desde abajo la compleja construcci\u00f3n de identidades y territorios en el noroeste novohispano.<\/p>\n","protected":false},"featured_media":112007,"comment_status":"open","ping_status":"closed","template":"","meta":{"_acf_changed":false},"libro":[],"product_brand":[],"product_cat":[133],"product_tag":[],"class_list":{"0":"post-112004","1":"product","2":"type-product","3":"status-publish","4":"has-post-thumbnail","6":"product_cat-no-ficcion","8":"first","9":"instock","10":"shipping-taxable","11":"product-type-simple"},"acf":{"autor":[112005],"enlace_de_compra":"https:\/\/amzn.to\/41vI99n"},"yoast_head":"<!-- This site is optimized with the Yoast SEO plugin v26.6 - https:\/\/yoast.com\/wordpress\/plugins\/seo\/ -->\n<title>Los comandantes de Fronteras - Catalogo | Letrame Grupo Editorial<\/title>\n<meta name=\"robots\" content=\"index, follow, max-snippet:-1, max-image-preview:large, max-video-preview:-1\" \/>\n<link rel=\"canonical\" href=\"https:\/\/letrame.com\/catalogo\/producto\/los-comandantes-de-fronteras\/\" \/>\n<meta property=\"og:locale\" content=\"es_ES\" \/>\n<meta property=\"og:type\" content=\"article\" \/>\n<meta property=\"og:title\" content=\"Los comandantes de Fronteras - Catalogo | Letrame Grupo Editorial\" \/>\n<meta property=\"og:description\" content=\"ISBN: 9791370292515  SINOPSIS Los comandantes de Fronteras reconstruye la trayectoria de una instituci\u00f3n peculiar que, sin haber sido formalizada por la Corona, marc\u00f3 la vida en el septentri\u00f3n de la Antigua California entre 1769 y 1845. Mario Alberto Maga\u00f1a nos adentra en la historia de los soldados del Real Presidio de Loreto que, destinados como escoltas de misiones, terminaron organiz\u00e1ndose en la llamada Comandancia Militar de Fronteras. A trav\u00e9s de documentos primarios, hojas de m\u00e9ritos, \u00f3rdenes y reglamentos, se revelan las estrategias de defensa y administraci\u00f3n, y las experiencias cotidianas de estos milicianos y sus familias: su interacci\u00f3n con los pueblos ind\u00edgenas, su relaci\u00f3n con los misioneros dominicos y franciscanos, y la manera en que transformaron tierras misionales en ranchos ganaderos de subsistencia. Estructurada en tres etapas \u2014formaci\u00f3n, formalizaci\u00f3n y declive\u2014, la obra muestra c\u00f3mo esta comandancia fue columna vertebral del poblamiento y del orden social en una frontera de gentilidad lejana a los centros de poder, y c\u00f3mo dej\u00f3 una huella perdurable en la configuraci\u00f3n de la Baja California decimon\u00f3nica. M\u00e1s que una historia militar, Maga\u00f1a comparte un ejercicio de historia regional que combina lo institucional y lo social, iluminando desde abajo la compleja construcci\u00f3n de identidades y territorios en el noroeste novohispano.\" \/>\n<meta property=\"og:url\" content=\"https:\/\/letrame.com\/catalogo\/producto\/los-comandantes-de-fronteras\/\" \/>\n<meta property=\"og:site_name\" content=\"Catalogo | Letrame Grupo Editorial\" \/>\n<meta property=\"article:modified_time\" content=\"2026-04-13T16:03:43+00:00\" \/>\n<meta property=\"og:image\" content=\"https:\/\/letrame.com\/catalogo\/wp-content\/uploads\/2026\/04\/loscomandantes_816mm4.jpg\" \/>\n\t<meta property=\"og:image:width\" content=\"620\" \/>\n\t<meta property=\"og:image:height\" content=\"909\" \/>\n\t<meta property=\"og:image:type\" content=\"image\/jpeg\" \/>\n<meta name=\"twitter:card\" content=\"summary_large_image\" \/>\n<meta name=\"twitter:label1\" content=\"Tiempo de lectura\" \/>\n\t<meta name=\"twitter:data1\" content=\"2 minutos\" \/>\n<script type=\"application\/ld+json\" class=\"yoast-schema-graph\">{\"@context\":\"https:\/\/schema.org\",\"@graph\":[{\"@type\":\"WebPage\",\"@id\":\"https:\/\/letrame.com\/catalogo\/producto\/los-comandantes-de-fronteras\/\",\"url\":\"https:\/\/letrame.com\/catalogo\/producto\/los-comandantes-de-fronteras\/\",\"name\":\"Los comandantes de Fronteras - Catalogo | Letrame Grupo Editorial\",\"isPartOf\":{\"@id\":\"https:\/\/letrame.com\/catalogo\/#website\"},\"primaryImageOfPage\":{\"@id\":\"https:\/\/letrame.com\/catalogo\/producto\/los-comandantes-de-fronteras\/#primaryimage\"},\"image\":{\"@id\":\"https:\/\/letrame.com\/catalogo\/producto\/los-comandantes-de-fronteras\/#primaryimage\"},\"thumbnailUrl\":\"https:\/\/letrame.com\/catalogo\/wp-content\/uploads\/2026\/04\/loscomandantes_816mm4.jpg\",\"datePublished\":\"2026-04-13T16:03:42+00:00\",\"dateModified\":\"2026-04-13T16:03:43+00:00\",\"breadcrumb\":{\"@id\":\"https:\/\/letrame.com\/catalogo\/producto\/los-comandantes-de-fronteras\/#breadcrumb\"},\"inLanguage\":\"es\",\"potentialAction\":[{\"@type\":\"ReadAction\",\"target\":[\"https:\/\/letrame.com\/catalogo\/producto\/los-comandantes-de-fronteras\/\"]}]},{\"@type\":\"ImageObject\",\"inLanguage\":\"es\",\"@id\":\"https:\/\/letrame.com\/catalogo\/producto\/los-comandantes-de-fronteras\/#primaryimage\",\"url\":\"https:\/\/letrame.com\/catalogo\/wp-content\/uploads\/2026\/04\/loscomandantes_816mm4.jpg\",\"contentUrl\":\"https:\/\/letrame.com\/catalogo\/wp-content\/uploads\/2026\/04\/loscomandantes_816mm4.jpg\",\"width\":620,\"height\":909},{\"@type\":\"BreadcrumbList\",\"@id\":\"https:\/\/letrame.com\/catalogo\/producto\/los-comandantes-de-fronteras\/#breadcrumb\",\"itemListElement\":[{\"@type\":\"ListItem\",\"position\":1,\"name\":\"Portada\",\"item\":\"https:\/\/letrame.com\/catalogo\/\"},{\"@type\":\"ListItem\",\"position\":2,\"name\":\"Cat\u00e1logo\",\"item\":\"https:\/\/letrame.com\/catalogo\/\"},{\"@type\":\"ListItem\",\"position\":3,\"name\":\"Los comandantes de Fronteras\"}]},{\"@type\":\"WebSite\",\"@id\":\"https:\/\/letrame.com\/catalogo\/#website\",\"url\":\"https:\/\/letrame.com\/catalogo\/\",\"name\":\"Catalogo | Letrame Grupo Editorial\",\"description\":\"\",\"publisher\":{\"@id\":\"https:\/\/letrame.com\/catalogo\/#organization\"},\"potentialAction\":[{\"@type\":\"SearchAction\",\"target\":{\"@type\":\"EntryPoint\",\"urlTemplate\":\"https:\/\/letrame.com\/catalogo\/?s={search_term_string}\"},\"query-input\":{\"@type\":\"PropertyValueSpecification\",\"valueRequired\":true,\"valueName\":\"search_term_string\"}}],\"inLanguage\":\"es\"},{\"@type\":\"Organization\",\"@id\":\"https:\/\/letrame.com\/catalogo\/#organization\",\"name\":\"Catalogo | Letrame Grupo Editorial\",\"url\":\"https:\/\/letrame.com\/catalogo\/\",\"logo\":{\"@type\":\"ImageObject\",\"inLanguage\":\"es\",\"@id\":\"https:\/\/letrame.com\/catalogo\/#\/schema\/logo\/image\/\",\"url\":\"https:\/\/letrame.com\/catalogo\/wp-content\/uploads\/2024\/03\/logo2.webp\",\"contentUrl\":\"https:\/\/letrame.com\/catalogo\/wp-content\/uploads\/2024\/03\/logo2.webp\",\"width\":394,\"height\":128,\"caption\":\"Catalogo | Letrame Grupo Editorial\"},\"image\":{\"@id\":\"https:\/\/letrame.com\/catalogo\/#\/schema\/logo\/image\/\"}}]}<\/script>\n<!-- \/ Yoast SEO plugin. -->","yoast_head_json":{"title":"Los comandantes de Fronteras - Catalogo | Letrame Grupo Editorial","robots":{"index":"index","follow":"follow","max-snippet":"max-snippet:-1","max-image-preview":"max-image-preview:large","max-video-preview":"max-video-preview:-1"},"canonical":"https:\/\/letrame.com\/catalogo\/producto\/los-comandantes-de-fronteras\/","og_locale":"es_ES","og_type":"article","og_title":"Los comandantes de Fronteras - Catalogo | Letrame Grupo Editorial","og_description":"ISBN: 9791370292515  SINOPSIS Los comandantes de Fronteras reconstruye la trayectoria de una instituci\u00f3n peculiar que, sin haber sido formalizada por la Corona, marc\u00f3 la vida en el septentri\u00f3n de la Antigua California entre 1769 y 1845. Mario Alberto Maga\u00f1a nos adentra en la historia de los soldados del Real Presidio de Loreto que, destinados como escoltas de misiones, terminaron organiz\u00e1ndose en la llamada Comandancia Militar de Fronteras. A trav\u00e9s de documentos primarios, hojas de m\u00e9ritos, \u00f3rdenes y reglamentos, se revelan las estrategias de defensa y administraci\u00f3n, y las experiencias cotidianas de estos milicianos y sus familias: su interacci\u00f3n con los pueblos ind\u00edgenas, su relaci\u00f3n con los misioneros dominicos y franciscanos, y la manera en que transformaron tierras misionales en ranchos ganaderos de subsistencia. Estructurada en tres etapas \u2014formaci\u00f3n, formalizaci\u00f3n y declive\u2014, la obra muestra c\u00f3mo esta comandancia fue columna vertebral del poblamiento y del orden social en una frontera de gentilidad lejana a los centros de poder, y c\u00f3mo dej\u00f3 una huella perdurable en la configuraci\u00f3n de la Baja California decimon\u00f3nica. M\u00e1s que una historia militar, Maga\u00f1a comparte un ejercicio de historia regional que combina lo institucional y lo social, iluminando desde abajo la compleja construcci\u00f3n de identidades y territorios en el noroeste novohispano.","og_url":"https:\/\/letrame.com\/catalogo\/producto\/los-comandantes-de-fronteras\/","og_site_name":"Catalogo | Letrame Grupo Editorial","article_modified_time":"2026-04-13T16:03:43+00:00","og_image":[{"width":620,"height":909,"url":"https:\/\/letrame.com\/catalogo\/wp-content\/uploads\/2026\/04\/loscomandantes_816mm4.jpg","type":"image\/jpeg"}],"twitter_card":"summary_large_image","twitter_misc":{"Tiempo de lectura":"2 minutos"},"schema":{"@context":"https:\/\/schema.org","@graph":[{"@type":"WebPage","@id":"https:\/\/letrame.com\/catalogo\/producto\/los-comandantes-de-fronteras\/","url":"https:\/\/letrame.com\/catalogo\/producto\/los-comandantes-de-fronteras\/","name":"Los comandantes de Fronteras - Catalogo | Letrame Grupo Editorial","isPartOf":{"@id":"https:\/\/letrame.com\/catalogo\/#website"},"primaryImageOfPage":{"@id":"https:\/\/letrame.com\/catalogo\/producto\/los-comandantes-de-fronteras\/#primaryimage"},"image":{"@id":"https:\/\/letrame.com\/catalogo\/producto\/los-comandantes-de-fronteras\/#primaryimage"},"thumbnailUrl":"https:\/\/letrame.com\/catalogo\/wp-content\/uploads\/2026\/04\/loscomandantes_816mm4.jpg","datePublished":"2026-04-13T16:03:42+00:00","dateModified":"2026-04-13T16:03:43+00:00","breadcrumb":{"@id":"https:\/\/letrame.com\/catalogo\/producto\/los-comandantes-de-fronteras\/#breadcrumb"},"inLanguage":"es","potentialAction":[{"@type":"ReadAction","target":["https:\/\/letrame.com\/catalogo\/producto\/los-comandantes-de-fronteras\/"]}]},{"@type":"ImageObject","inLanguage":"es","@id":"https:\/\/letrame.com\/catalogo\/producto\/los-comandantes-de-fronteras\/#primaryimage","url":"https:\/\/letrame.com\/catalogo\/wp-content\/uploads\/2026\/04\/loscomandantes_816mm4.jpg","contentUrl":"https:\/\/letrame.com\/catalogo\/wp-content\/uploads\/2026\/04\/loscomandantes_816mm4.jpg","width":620,"height":909},{"@type":"BreadcrumbList","@id":"https:\/\/letrame.com\/catalogo\/producto\/los-comandantes-de-fronteras\/#breadcrumb","itemListElement":[{"@type":"ListItem","position":1,"name":"Portada","item":"https:\/\/letrame.com\/catalogo\/"},{"@type":"ListItem","position":2,"name":"Cat\u00e1logo","item":"https:\/\/letrame.com\/catalogo\/"},{"@type":"ListItem","position":3,"name":"Los comandantes de Fronteras"}]},{"@type":"WebSite","@id":"https:\/\/letrame.com\/catalogo\/#website","url":"https:\/\/letrame.com\/catalogo\/","name":"Catalogo | Letrame Grupo Editorial","description":"","publisher":{"@id":"https:\/\/letrame.com\/catalogo\/#organization"},"potentialAction":[{"@type":"SearchAction","target":{"@type":"EntryPoint","urlTemplate":"https:\/\/letrame.com\/catalogo\/?s={search_term_string}"},"query-input":{"@type":"PropertyValueSpecification","valueRequired":true,"valueName":"search_term_string"}}],"inLanguage":"es"},{"@type":"Organization","@id":"https:\/\/letrame.com\/catalogo\/#organization","name":"Catalogo | Letrame Grupo Editorial","url":"https:\/\/letrame.com\/catalogo\/","logo":{"@type":"ImageObject","inLanguage":"es","@id":"https:\/\/letrame.com\/catalogo\/#\/schema\/logo\/image\/","url":"https:\/\/letrame.com\/catalogo\/wp-content\/uploads\/2024\/03\/logo2.webp","contentUrl":"https:\/\/letrame.com\/catalogo\/wp-content\/uploads\/2024\/03\/logo2.webp","width":394,"height":128,"caption":"Catalogo | Letrame Grupo Editorial"},"image":{"@id":"https:\/\/letrame.com\/catalogo\/#\/schema\/logo\/image\/"}}]}},"_links":{"self":[{"href":"https:\/\/letrame.com\/catalogo\/wp-json\/wp\/v2\/product\/112004","targetHints":{"allow":["GET"]}}],"collection":[{"href":"https:\/\/letrame.com\/catalogo\/wp-json\/wp\/v2\/product"}],"about":[{"href":"https:\/\/letrame.com\/catalogo\/wp-json\/wp\/v2\/types\/product"}],"replies":[{"embeddable":true,"href":"https:\/\/letrame.com\/catalogo\/wp-json\/wp\/v2\/comments?post=112004"}],"acf:post":[{"embeddable":true,"href":"https:\/\/letrame.com\/catalogo\/wp-json\/wp\/v2\/author_book\/112005"}],"wp:featuredmedia":[{"embeddable":true,"href":"https:\/\/letrame.com\/catalogo\/wp-json\/wp\/v2\/media\/112007"}],"wp:attachment":[{"href":"https:\/\/letrame.com\/catalogo\/wp-json\/wp\/v2\/media?parent=112004"}],"wp:term":[{"taxonomy":"libro","embeddable":true,"href":"https:\/\/letrame.com\/catalogo\/wp-json\/wp\/v2\/libro?post=112004"},{"taxonomy":"product_brand","embeddable":true,"href":"https:\/\/letrame.com\/catalogo\/wp-json\/wp\/v2\/product_brand?post=112004"},{"taxonomy":"product_cat","embeddable":true,"href":"https:\/\/letrame.com\/catalogo\/wp-json\/wp\/v2\/product_cat?post=112004"},{"taxonomy":"product_tag","embeddable":true,"href":"https:\/\/letrame.com\/catalogo\/wp-json\/wp\/v2\/product_tag?post=112004"}],"curies":[{"name":"wp","href":"https:\/\/api.w.org\/{rel}","templated":true}]}}