{"id":111998,"date":"2026-04-13T17:58:56","date_gmt":"2026-04-13T15:58:56","guid":{"rendered":"https:\/\/letrame.com\/catalogo\/?post_type=product&#038;p=111998"},"modified":"2026-04-13T17:58:56","modified_gmt":"2026-04-13T15:58:56","slug":"el-vuelo-de-una-hija-de-marte","status":"publish","type":"product","link":"https:\/\/letrame.com\/catalogo\/producto\/el-vuelo-de-una-hija-de-marte\/","title":{"rendered":"El vuelo de una hija de Marte"},"content":{"rendered":"<p><strong>ISBN: 9791370296612<\/strong><br \/>\n<strong>T\u00edtulo: El vuelo de una hija de Marte<\/strong><br \/>\n<strong>Fecha: 2026<\/strong><br \/>\n<strong>P\u00e1ginas: 96<\/strong><\/p>\n<p><strong>SINOPSIS<\/strong><\/p>\n<p data-start=\"0\" data-end=\"168\">Dos amantes que se aman al delirio. Dos letras escarlatas que vuelan sabiendo que una ir\u00e1 al encuentro de la otra. Dos almas unidas y amalgamadas en perfecta simbiosis.<\/p>\n<p data-start=\"170\" data-end=\"337\">\u00c9l, su desvelo m\u00e1s bonito; ella, la llama que nunca se apaga y que ilumina como una supernova. \u00c9l se interpondr\u00eda ante la bala; ella correr\u00eda a \u00e9l por un campo minado.<\/p>\n<p data-start=\"339\" data-end=\"611\">Una historia. Una penumbra como testigo de noches de fuego. Un vuelo rozando luceros. Un amor sin precedentes. Dos miradas que se cruzan y la llama del amor los devora. Pieles convertidas en refugio, en h\u00e1bitat. Dos seres am\u00e1ndose sin chaleco antibalas, con, y al delirio.<\/p>\n<p data-start=\"613\" data-end=\"701\">Seduci\u00e9ndose como si fueran dinamitas apocal\u00edpticas, listas al estallido y a la entrega.<\/p>\n<p data-start=\"703\" data-end=\"949\">El vuelo de una hija de Marte los har\u00e1 protagonistas de un vuelo en el que la sensualidad y el erotismo juegan un rol importante en la din\u00e1mica de una pareja. Un amor entre cuatro paredes, moribundo de \u00e9xtasis, pero m\u00e1s vivo y ardiente que nunca.<\/p>\n<p data-start=\"951\" data-end=\"1060\" data-is-last-node=\"\" data-is-only-node=\"\">\u00a1Vuelo libre a los amantes con los pies descalzos, pero con un coraz\u00f3n espartano que no les cabe en el pecho!<\/p>\n","protected":false},"excerpt":{"rendered":"<p><strong>ISBN: 9791370296612<\/strong><\/p>\n<p><strong>SINOPSIS<\/strong><\/p>\n<p data-start=\"0\" data-end=\"168\">Dos amantes que se aman al delirio. Dos letras escarlatas que vuelan sabiendo que una ir\u00e1 al encuentro de la otra. Dos almas unidas y amalgamadas en perfecta simbiosis.<\/p>\n<p data-start=\"170\" data-end=\"337\">\u00c9l, su desvelo m\u00e1s bonito; ella, la llama que nunca se apaga y que ilumina como una supernova. \u00c9l se interpondr\u00eda ante la bala; ella correr\u00eda a \u00e9l por un campo minado.<\/p>\n<p data-start=\"339\" data-end=\"611\">Una historia. Una penumbra como testigo de noches de fuego. Un vuelo rozando luceros. Un amor sin precedentes. Dos miradas que se cruzan y la llama del amor los devora. Pieles convertidas en refugio, en h\u00e1bitat. Dos seres am\u00e1ndose sin chaleco antibalas, con, y al delirio.<\/p>\n<p data-start=\"613\" data-end=\"701\">Seduci\u00e9ndose como si fueran dinamitas apocal\u00edpticas, listas al estallido y a la entrega.<\/p>\n<p data-start=\"703\" data-end=\"949\">El vuelo de una hija de Marte los har\u00e1 protagonistas de un vuelo en el que la sensualidad y el erotismo juegan un rol importante en la din\u00e1mica de una pareja. Un amor entre cuatro paredes, moribundo de \u00e9xtasis, pero m\u00e1s vivo y ardiente que nunca.<\/p>\n<p data-start=\"951\" data-end=\"1060\" data-is-last-node=\"\" data-is-only-node=\"\">\u00a1Vuelo libre a los amantes con los pies descalzos, pero con un coraz\u00f3n espartano que no les cabe en el pecho!<\/p>\n","protected":false},"featured_media":112002,"comment_status":"open","ping_status":"closed","template":"","meta":{"_acf_changed":false},"libro":[],"product_brand":[],"product_cat":[20],"product_tag":[],"class_list":{"0":"post-111998","1":"product","2":"type-product","3":"status-publish","4":"has-post-thumbnail","6":"product_cat-poesia","8":"first","9":"instock","10":"shipping-taxable","11":"product-type-simple"},"acf":{"autor":"","enlace_de_compra":"https:\/\/amzn.to\/4szTujD"},"yoast_head":"<!-- This site is optimized with the Yoast SEO plugin v26.6 - https:\/\/yoast.com\/wordpress\/plugins\/seo\/ -->\n<title>El vuelo de una hija de Marte - Catalogo | Letrame Grupo Editorial<\/title>\n<meta name=\"robots\" content=\"index, follow, max-snippet:-1, max-image-preview:large, max-video-preview:-1\" \/>\n<link rel=\"canonical\" href=\"https:\/\/letrame.com\/catalogo\/producto\/el-vuelo-de-una-hija-de-marte\/\" \/>\n<meta property=\"og:locale\" content=\"es_ES\" \/>\n<meta property=\"og:type\" content=\"article\" \/>\n<meta property=\"og:title\" content=\"El vuelo de una hija de Marte - Catalogo | Letrame Grupo Editorial\" \/>\n<meta property=\"og:description\" content=\"ISBN: 9791370296612  SINOPSIS Dos amantes que se aman al delirio. Dos letras escarlatas que vuelan sabiendo que una ir\u00e1 al encuentro de la otra. Dos almas unidas y amalgamadas en perfecta simbiosis. \u00c9l, su desvelo m\u00e1s bonito; ella, la llama que nunca se apaga y que ilumina como una supernova. \u00c9l se interpondr\u00eda ante la bala; ella correr\u00eda a \u00e9l por un campo minado. Una historia. Una penumbra como testigo de noches de fuego. Un vuelo rozando luceros. Un amor sin precedentes. Dos miradas que se cruzan y la llama del amor los devora. Pieles convertidas en refugio, en h\u00e1bitat. Dos seres am\u00e1ndose sin chaleco antibalas, con, y al delirio. Seduci\u00e9ndose como si fueran dinamitas apocal\u00edpticas, listas al estallido y a la entrega. El vuelo de una hija de Marte los har\u00e1 protagonistas de un vuelo en el que la sensualidad y el erotismo juegan un rol importante en la din\u00e1mica de una pareja. Un amor entre cuatro paredes, moribundo de \u00e9xtasis, pero m\u00e1s vivo y ardiente que nunca. \u00a1Vuelo libre a los amantes con los pies descalzos, pero con un coraz\u00f3n espartano que no les cabe en el pecho!\" \/>\n<meta property=\"og:url\" content=\"https:\/\/letrame.com\/catalogo\/producto\/el-vuelo-de-una-hija-de-marte\/\" \/>\n<meta property=\"og:site_name\" content=\"Catalogo | Letrame Grupo Editorial\" \/>\n<meta property=\"og:image\" content=\"https:\/\/letrame.com\/catalogo\/wp-content\/uploads\/2026\/04\/elvuelodeunahija_486mm4.jpg\" \/>\n\t<meta property=\"og:image:width\" content=\"797\" \/>\n\t<meta property=\"og:image:height\" content=\"1152\" \/>\n\t<meta property=\"og:image:type\" content=\"image\/jpeg\" \/>\n<meta name=\"twitter:card\" content=\"summary_large_image\" \/>\n<meta name=\"twitter:label1\" content=\"Tiempo de lectura\" \/>\n\t<meta name=\"twitter:data1\" content=\"2 minutos\" \/>\n<script type=\"application\/ld+json\" class=\"yoast-schema-graph\">{\"@context\":\"https:\/\/schema.org\",\"@graph\":[{\"@type\":\"WebPage\",\"@id\":\"https:\/\/letrame.com\/catalogo\/producto\/el-vuelo-de-una-hija-de-marte\/\",\"url\":\"https:\/\/letrame.com\/catalogo\/producto\/el-vuelo-de-una-hija-de-marte\/\",\"name\":\"El vuelo de una hija de Marte - Catalogo | Letrame Grupo Editorial\",\"isPartOf\":{\"@id\":\"https:\/\/letrame.com\/catalogo\/#website\"},\"primaryImageOfPage\":{\"@id\":\"https:\/\/letrame.com\/catalogo\/producto\/el-vuelo-de-una-hija-de-marte\/#primaryimage\"},\"image\":{\"@id\":\"https:\/\/letrame.com\/catalogo\/producto\/el-vuelo-de-una-hija-de-marte\/#primaryimage\"},\"thumbnailUrl\":\"https:\/\/letrame.com\/catalogo\/wp-content\/uploads\/2026\/04\/elvuelodeunahija_486mm4.jpg\",\"datePublished\":\"2026-04-13T15:58:56+00:00\",\"breadcrumb\":{\"@id\":\"https:\/\/letrame.com\/catalogo\/producto\/el-vuelo-de-una-hija-de-marte\/#breadcrumb\"},\"inLanguage\":\"es\",\"potentialAction\":[{\"@type\":\"ReadAction\",\"target\":[\"https:\/\/letrame.com\/catalogo\/producto\/el-vuelo-de-una-hija-de-marte\/\"]}]},{\"@type\":\"ImageObject\",\"inLanguage\":\"es\",\"@id\":\"https:\/\/letrame.com\/catalogo\/producto\/el-vuelo-de-una-hija-de-marte\/#primaryimage\",\"url\":\"https:\/\/letrame.com\/catalogo\/wp-content\/uploads\/2026\/04\/elvuelodeunahija_486mm4.jpg\",\"contentUrl\":\"https:\/\/letrame.com\/catalogo\/wp-content\/uploads\/2026\/04\/elvuelodeunahija_486mm4.jpg\",\"width\":797,\"height\":1152},{\"@type\":\"BreadcrumbList\",\"@id\":\"https:\/\/letrame.com\/catalogo\/producto\/el-vuelo-de-una-hija-de-marte\/#breadcrumb\",\"itemListElement\":[{\"@type\":\"ListItem\",\"position\":1,\"name\":\"Portada\",\"item\":\"https:\/\/letrame.com\/catalogo\/\"},{\"@type\":\"ListItem\",\"position\":2,\"name\":\"Cat\u00e1logo\",\"item\":\"https:\/\/letrame.com\/catalogo\/\"},{\"@type\":\"ListItem\",\"position\":3,\"name\":\"El vuelo de una hija de Marte\"}]},{\"@type\":\"WebSite\",\"@id\":\"https:\/\/letrame.com\/catalogo\/#website\",\"url\":\"https:\/\/letrame.com\/catalogo\/\",\"name\":\"Catalogo | Letrame Grupo Editorial\",\"description\":\"\",\"publisher\":{\"@id\":\"https:\/\/letrame.com\/catalogo\/#organization\"},\"potentialAction\":[{\"@type\":\"SearchAction\",\"target\":{\"@type\":\"EntryPoint\",\"urlTemplate\":\"https:\/\/letrame.com\/catalogo\/?s={search_term_string}\"},\"query-input\":{\"@type\":\"PropertyValueSpecification\",\"valueRequired\":true,\"valueName\":\"search_term_string\"}}],\"inLanguage\":\"es\"},{\"@type\":\"Organization\",\"@id\":\"https:\/\/letrame.com\/catalogo\/#organization\",\"name\":\"Catalogo | Letrame Grupo Editorial\",\"url\":\"https:\/\/letrame.com\/catalogo\/\",\"logo\":{\"@type\":\"ImageObject\",\"inLanguage\":\"es\",\"@id\":\"https:\/\/letrame.com\/catalogo\/#\/schema\/logo\/image\/\",\"url\":\"https:\/\/letrame.com\/catalogo\/wp-content\/uploads\/2024\/03\/logo2.webp\",\"contentUrl\":\"https:\/\/letrame.com\/catalogo\/wp-content\/uploads\/2024\/03\/logo2.webp\",\"width\":394,\"height\":128,\"caption\":\"Catalogo | Letrame Grupo Editorial\"},\"image\":{\"@id\":\"https:\/\/letrame.com\/catalogo\/#\/schema\/logo\/image\/\"}}]}<\/script>\n<!-- \/ Yoast SEO plugin. -->","yoast_head_json":{"title":"El vuelo de una hija de Marte - Catalogo | Letrame Grupo Editorial","robots":{"index":"index","follow":"follow","max-snippet":"max-snippet:-1","max-image-preview":"max-image-preview:large","max-video-preview":"max-video-preview:-1"},"canonical":"https:\/\/letrame.com\/catalogo\/producto\/el-vuelo-de-una-hija-de-marte\/","og_locale":"es_ES","og_type":"article","og_title":"El vuelo de una hija de Marte - Catalogo | Letrame Grupo Editorial","og_description":"ISBN: 9791370296612  SINOPSIS Dos amantes que se aman al delirio. Dos letras escarlatas que vuelan sabiendo que una ir\u00e1 al encuentro de la otra. Dos almas unidas y amalgamadas en perfecta simbiosis. \u00c9l, su desvelo m\u00e1s bonito; ella, la llama que nunca se apaga y que ilumina como una supernova. \u00c9l se interpondr\u00eda ante la bala; ella correr\u00eda a \u00e9l por un campo minado. Una historia. Una penumbra como testigo de noches de fuego. Un vuelo rozando luceros. Un amor sin precedentes. Dos miradas que se cruzan y la llama del amor los devora. Pieles convertidas en refugio, en h\u00e1bitat. Dos seres am\u00e1ndose sin chaleco antibalas, con, y al delirio. Seduci\u00e9ndose como si fueran dinamitas apocal\u00edpticas, listas al estallido y a la entrega. El vuelo de una hija de Marte los har\u00e1 protagonistas de un vuelo en el que la sensualidad y el erotismo juegan un rol importante en la din\u00e1mica de una pareja. Un amor entre cuatro paredes, moribundo de \u00e9xtasis, pero m\u00e1s vivo y ardiente que nunca. \u00a1Vuelo libre a los amantes con los pies descalzos, pero con un coraz\u00f3n espartano que no les cabe en el pecho!","og_url":"https:\/\/letrame.com\/catalogo\/producto\/el-vuelo-de-una-hija-de-marte\/","og_site_name":"Catalogo | Letrame Grupo Editorial","og_image":[{"width":797,"height":1152,"url":"https:\/\/letrame.com\/catalogo\/wp-content\/uploads\/2026\/04\/elvuelodeunahija_486mm4.jpg","type":"image\/jpeg"}],"twitter_card":"summary_large_image","twitter_misc":{"Tiempo de lectura":"2 minutos"},"schema":{"@context":"https:\/\/schema.org","@graph":[{"@type":"WebPage","@id":"https:\/\/letrame.com\/catalogo\/producto\/el-vuelo-de-una-hija-de-marte\/","url":"https:\/\/letrame.com\/catalogo\/producto\/el-vuelo-de-una-hija-de-marte\/","name":"El vuelo de una hija de Marte - Catalogo | Letrame Grupo Editorial","isPartOf":{"@id":"https:\/\/letrame.com\/catalogo\/#website"},"primaryImageOfPage":{"@id":"https:\/\/letrame.com\/catalogo\/producto\/el-vuelo-de-una-hija-de-marte\/#primaryimage"},"image":{"@id":"https:\/\/letrame.com\/catalogo\/producto\/el-vuelo-de-una-hija-de-marte\/#primaryimage"},"thumbnailUrl":"https:\/\/letrame.com\/catalogo\/wp-content\/uploads\/2026\/04\/elvuelodeunahija_486mm4.jpg","datePublished":"2026-04-13T15:58:56+00:00","breadcrumb":{"@id":"https:\/\/letrame.com\/catalogo\/producto\/el-vuelo-de-una-hija-de-marte\/#breadcrumb"},"inLanguage":"es","potentialAction":[{"@type":"ReadAction","target":["https:\/\/letrame.com\/catalogo\/producto\/el-vuelo-de-una-hija-de-marte\/"]}]},{"@type":"ImageObject","inLanguage":"es","@id":"https:\/\/letrame.com\/catalogo\/producto\/el-vuelo-de-una-hija-de-marte\/#primaryimage","url":"https:\/\/letrame.com\/catalogo\/wp-content\/uploads\/2026\/04\/elvuelodeunahija_486mm4.jpg","contentUrl":"https:\/\/letrame.com\/catalogo\/wp-content\/uploads\/2026\/04\/elvuelodeunahija_486mm4.jpg","width":797,"height":1152},{"@type":"BreadcrumbList","@id":"https:\/\/letrame.com\/catalogo\/producto\/el-vuelo-de-una-hija-de-marte\/#breadcrumb","itemListElement":[{"@type":"ListItem","position":1,"name":"Portada","item":"https:\/\/letrame.com\/catalogo\/"},{"@type":"ListItem","position":2,"name":"Cat\u00e1logo","item":"https:\/\/letrame.com\/catalogo\/"},{"@type":"ListItem","position":3,"name":"El vuelo de una hija de Marte"}]},{"@type":"WebSite","@id":"https:\/\/letrame.com\/catalogo\/#website","url":"https:\/\/letrame.com\/catalogo\/","name":"Catalogo | Letrame Grupo Editorial","description":"","publisher":{"@id":"https:\/\/letrame.com\/catalogo\/#organization"},"potentialAction":[{"@type":"SearchAction","target":{"@type":"EntryPoint","urlTemplate":"https:\/\/letrame.com\/catalogo\/?s={search_term_string}"},"query-input":{"@type":"PropertyValueSpecification","valueRequired":true,"valueName":"search_term_string"}}],"inLanguage":"es"},{"@type":"Organization","@id":"https:\/\/letrame.com\/catalogo\/#organization","name":"Catalogo | Letrame Grupo Editorial","url":"https:\/\/letrame.com\/catalogo\/","logo":{"@type":"ImageObject","inLanguage":"es","@id":"https:\/\/letrame.com\/catalogo\/#\/schema\/logo\/image\/","url":"https:\/\/letrame.com\/catalogo\/wp-content\/uploads\/2024\/03\/logo2.webp","contentUrl":"https:\/\/letrame.com\/catalogo\/wp-content\/uploads\/2024\/03\/logo2.webp","width":394,"height":128,"caption":"Catalogo | Letrame Grupo Editorial"},"image":{"@id":"https:\/\/letrame.com\/catalogo\/#\/schema\/logo\/image\/"}}]}},"_links":{"self":[{"href":"https:\/\/letrame.com\/catalogo\/wp-json\/wp\/v2\/product\/111998","targetHints":{"allow":["GET"]}}],"collection":[{"href":"https:\/\/letrame.com\/catalogo\/wp-json\/wp\/v2\/product"}],"about":[{"href":"https:\/\/letrame.com\/catalogo\/wp-json\/wp\/v2\/types\/product"}],"replies":[{"embeddable":true,"href":"https:\/\/letrame.com\/catalogo\/wp-json\/wp\/v2\/comments?post=111998"}],"wp:featuredmedia":[{"embeddable":true,"href":"https:\/\/letrame.com\/catalogo\/wp-json\/wp\/v2\/media\/112002"}],"wp:attachment":[{"href":"https:\/\/letrame.com\/catalogo\/wp-json\/wp\/v2\/media?parent=111998"}],"wp:term":[{"taxonomy":"libro","embeddable":true,"href":"https:\/\/letrame.com\/catalogo\/wp-json\/wp\/v2\/libro?post=111998"},{"taxonomy":"product_brand","embeddable":true,"href":"https:\/\/letrame.com\/catalogo\/wp-json\/wp\/v2\/product_brand?post=111998"},{"taxonomy":"product_cat","embeddable":true,"href":"https:\/\/letrame.com\/catalogo\/wp-json\/wp\/v2\/product_cat?post=111998"},{"taxonomy":"product_tag","embeddable":true,"href":"https:\/\/letrame.com\/catalogo\/wp-json\/wp\/v2\/product_tag?post=111998"}],"curies":[{"name":"wp","href":"https:\/\/api.w.org\/{rel}","templated":true}]}}