{"id":111993,"date":"2026-04-13T17:52:55","date_gmt":"2026-04-13T15:52:55","guid":{"rendered":"https:\/\/letrame.com\/catalogo\/?post_type=product&#038;p=111993"},"modified":"2026-04-13T17:52:55","modified_gmt":"2026-04-13T15:52:55","slug":"sombra-homicida","status":"publish","type":"product","link":"https:\/\/letrame.com\/catalogo\/producto\/sombra-homicida\/","title":{"rendered":"Sombra homicida"},"content":{"rendered":"<p><strong>ISBN: 9791370296902<\/strong><br \/>\n<strong>T\u00edtulo: Sombra homicida<\/strong><br \/>\n<strong>Fecha: 2025<\/strong><br \/>\n<strong>P\u00e1ginas: 228<\/strong><\/p>\n<p><strong>SINOPSIS<\/strong><\/p>\n<p data-start=\"0\" data-end=\"247\">Ambientado en la d\u00e9cada de los noventa estadounidense, un grupo de amigos viv\u00eda tranquilamente sus vidas, hasta que recordaron una serie de acontecimientos tan tr\u00e1gicos como salvajes que se produjeron hace diez a\u00f1os en la misma ciudad donde viven.<\/p>\n<p data-start=\"249\" data-end=\"504\">Aprovechando los \u00faltimos d\u00edas de clases antes de las vacaciones de verano, este grupo juvenil se centrar\u00e1 en investigar por su propia cuenta todas las atrocidades cometidas por una persona tan cruel como misteriosa que nunca fue encontrada e identificada.<\/p>\n<p data-start=\"506\" data-end=\"709\">\u00bfSer\u00e1n capaces de aclarar algo de lo que pas\u00f3 aunque sea de forma remota?<br data-start=\"579\" data-end=\"582\" \/>\u00bfQu\u00e9 les hace diferentes de los agentes de la ley que indagaron en el caso?<br data-start=\"657\" data-end=\"660\" \/>\u00bfFirmar\u00edan sin quererlo sus sentencias de muerte?<\/p>\n<p data-start=\"711\" data-end=\"807\" data-is-last-node=\"\" data-is-only-node=\"\">Una cosa queda clara: los hechos siempre consiguen salir a la luz, sean cuales hayan sido estos.<\/p>\n","protected":false},"excerpt":{"rendered":"<p><strong>ISBN: 9791370296902<\/strong><\/p>\n<p><strong>SINOPSIS<\/strong><\/p>\n<p data-start=\"0\" data-end=\"247\">Ambientado en la d\u00e9cada de los noventa estadounidense, un grupo de amigos viv\u00eda tranquilamente sus vidas, hasta que recordaron una serie de acontecimientos tan tr\u00e1gicos como salvajes que se produjeron hace diez a\u00f1os en la misma ciudad donde viven.<\/p>\n<p data-start=\"249\" data-end=\"504\">Aprovechando los \u00faltimos d\u00edas de clases antes de las vacaciones de verano, este grupo juvenil se centrar\u00e1 en investigar por su propia cuenta todas las atrocidades cometidas por una persona tan cruel como misteriosa que nunca fue encontrada e identificada.<\/p>\n<p data-start=\"506\" data-end=\"709\">\u00bfSer\u00e1n capaces de aclarar algo de lo que pas\u00f3 aunque sea de forma remota?<br data-start=\"579\" data-end=\"582\" \/>\u00bfQu\u00e9 les hace diferentes de los agentes de la ley que indagaron en el caso?<br data-start=\"657\" data-end=\"660\" \/>\u00bfFirmar\u00edan sin quererlo sus sentencias de muerte?<\/p>\n<p data-start=\"711\" data-end=\"807\" data-is-last-node=\"\" data-is-only-node=\"\">Una cosa queda clara: los hechos siempre consiguen salir a la luz, sean cuales hayan sido estos.<\/p>\n","protected":false},"featured_media":111996,"comment_status":"open","ping_status":"closed","template":"","meta":{"_acf_changed":false},"libro":[],"product_brand":[],"product_cat":[111],"product_tag":[],"class_list":{"0":"post-111993","1":"product","2":"type-product","3":"status-publish","4":"has-post-thumbnail","6":"product_cat-thriller","8":"first","9":"instock","10":"shipping-taxable","11":"product-type-simple"},"acf":{"autor":[77912],"enlace_de_compra":"https:\/\/amzn.to\/4cE0yXQ"},"yoast_head":"<!-- This site is optimized with the Yoast SEO plugin v26.6 - https:\/\/yoast.com\/wordpress\/plugins\/seo\/ -->\n<title>Sombra homicida - Catalogo | Letrame Grupo Editorial<\/title>\n<meta name=\"robots\" content=\"index, follow, max-snippet:-1, max-image-preview:large, max-video-preview:-1\" \/>\n<link rel=\"canonical\" href=\"https:\/\/letrame.com\/catalogo\/producto\/sombra-homicida\/\" \/>\n<meta property=\"og:locale\" content=\"es_ES\" \/>\n<meta property=\"og:type\" content=\"article\" \/>\n<meta property=\"og:title\" content=\"Sombra homicida - Catalogo | Letrame Grupo Editorial\" \/>\n<meta property=\"og:description\" content=\"ISBN: 9791370296902  SINOPSIS Ambientado en la d\u00e9cada de los noventa estadounidense, un grupo de amigos viv\u00eda tranquilamente sus vidas, hasta que recordaron una serie de acontecimientos tan tr\u00e1gicos como salvajes que se produjeron hace diez a\u00f1os en la misma ciudad donde viven. Aprovechando los \u00faltimos d\u00edas de clases antes de las vacaciones de verano, este grupo juvenil se centrar\u00e1 en investigar por su propia cuenta todas las atrocidades cometidas por una persona tan cruel como misteriosa que nunca fue encontrada e identificada. \u00bfSer\u00e1n capaces de aclarar algo de lo que pas\u00f3 aunque sea de forma remota?\u00bfQu\u00e9 les hace diferentes de los agentes de la ley que indagaron en el caso?\u00bfFirmar\u00edan sin quererlo sus sentencias de muerte? Una cosa queda clara: los hechos siempre consiguen salir a la luz, sean cuales hayan sido estos.\" \/>\n<meta property=\"og:url\" content=\"https:\/\/letrame.com\/catalogo\/producto\/sombra-homicida\/\" \/>\n<meta property=\"og:site_name\" content=\"Catalogo | Letrame Grupo Editorial\" \/>\n<meta property=\"og:image\" content=\"https:\/\/letrame.com\/catalogo\/wp-content\/uploads\/2026\/04\/Sombrahomicida_1136mm4.jpg\" \/>\n\t<meta property=\"og:image:width\" content=\"1181\" \/>\n\t<meta property=\"og:image:height\" content=\"1732\" \/>\n\t<meta property=\"og:image:type\" content=\"image\/jpeg\" \/>\n<meta name=\"twitter:card\" content=\"summary_large_image\" \/>\n<meta name=\"twitter:label1\" content=\"Tiempo de lectura\" \/>\n\t<meta name=\"twitter:data1\" content=\"1 minuto\" \/>\n<script type=\"application\/ld+json\" class=\"yoast-schema-graph\">{\"@context\":\"https:\/\/schema.org\",\"@graph\":[{\"@type\":\"WebPage\",\"@id\":\"https:\/\/letrame.com\/catalogo\/producto\/sombra-homicida\/\",\"url\":\"https:\/\/letrame.com\/catalogo\/producto\/sombra-homicida\/\",\"name\":\"Sombra homicida - Catalogo | Letrame Grupo Editorial\",\"isPartOf\":{\"@id\":\"https:\/\/letrame.com\/catalogo\/#website\"},\"primaryImageOfPage\":{\"@id\":\"https:\/\/letrame.com\/catalogo\/producto\/sombra-homicida\/#primaryimage\"},\"image\":{\"@id\":\"https:\/\/letrame.com\/catalogo\/producto\/sombra-homicida\/#primaryimage\"},\"thumbnailUrl\":\"https:\/\/letrame.com\/catalogo\/wp-content\/uploads\/2026\/04\/Sombrahomicida_1136mm4.jpg\",\"datePublished\":\"2026-04-13T15:52:55+00:00\",\"breadcrumb\":{\"@id\":\"https:\/\/letrame.com\/catalogo\/producto\/sombra-homicida\/#breadcrumb\"},\"inLanguage\":\"es\",\"potentialAction\":[{\"@type\":\"ReadAction\",\"target\":[\"https:\/\/letrame.com\/catalogo\/producto\/sombra-homicida\/\"]}]},{\"@type\":\"ImageObject\",\"inLanguage\":\"es\",\"@id\":\"https:\/\/letrame.com\/catalogo\/producto\/sombra-homicida\/#primaryimage\",\"url\":\"https:\/\/letrame.com\/catalogo\/wp-content\/uploads\/2026\/04\/Sombrahomicida_1136mm4.jpg\",\"contentUrl\":\"https:\/\/letrame.com\/catalogo\/wp-content\/uploads\/2026\/04\/Sombrahomicida_1136mm4.jpg\",\"width\":1181,\"height\":1732},{\"@type\":\"BreadcrumbList\",\"@id\":\"https:\/\/letrame.com\/catalogo\/producto\/sombra-homicida\/#breadcrumb\",\"itemListElement\":[{\"@type\":\"ListItem\",\"position\":1,\"name\":\"Portada\",\"item\":\"https:\/\/letrame.com\/catalogo\/\"},{\"@type\":\"ListItem\",\"position\":2,\"name\":\"Cat\u00e1logo\",\"item\":\"https:\/\/letrame.com\/catalogo\/\"},{\"@type\":\"ListItem\",\"position\":3,\"name\":\"Sombra homicida\"}]},{\"@type\":\"WebSite\",\"@id\":\"https:\/\/letrame.com\/catalogo\/#website\",\"url\":\"https:\/\/letrame.com\/catalogo\/\",\"name\":\"Catalogo | Letrame Grupo Editorial\",\"description\":\"\",\"publisher\":{\"@id\":\"https:\/\/letrame.com\/catalogo\/#organization\"},\"potentialAction\":[{\"@type\":\"SearchAction\",\"target\":{\"@type\":\"EntryPoint\",\"urlTemplate\":\"https:\/\/letrame.com\/catalogo\/?s={search_term_string}\"},\"query-input\":{\"@type\":\"PropertyValueSpecification\",\"valueRequired\":true,\"valueName\":\"search_term_string\"}}],\"inLanguage\":\"es\"},{\"@type\":\"Organization\",\"@id\":\"https:\/\/letrame.com\/catalogo\/#organization\",\"name\":\"Catalogo | Letrame Grupo Editorial\",\"url\":\"https:\/\/letrame.com\/catalogo\/\",\"logo\":{\"@type\":\"ImageObject\",\"inLanguage\":\"es\",\"@id\":\"https:\/\/letrame.com\/catalogo\/#\/schema\/logo\/image\/\",\"url\":\"https:\/\/letrame.com\/catalogo\/wp-content\/uploads\/2024\/03\/logo2.webp\",\"contentUrl\":\"https:\/\/letrame.com\/catalogo\/wp-content\/uploads\/2024\/03\/logo2.webp\",\"width\":394,\"height\":128,\"caption\":\"Catalogo | Letrame Grupo Editorial\"},\"image\":{\"@id\":\"https:\/\/letrame.com\/catalogo\/#\/schema\/logo\/image\/\"}}]}<\/script>\n<!-- \/ Yoast SEO plugin. -->","yoast_head_json":{"title":"Sombra homicida - Catalogo | Letrame Grupo Editorial","robots":{"index":"index","follow":"follow","max-snippet":"max-snippet:-1","max-image-preview":"max-image-preview:large","max-video-preview":"max-video-preview:-1"},"canonical":"https:\/\/letrame.com\/catalogo\/producto\/sombra-homicida\/","og_locale":"es_ES","og_type":"article","og_title":"Sombra homicida - Catalogo | Letrame Grupo Editorial","og_description":"ISBN: 9791370296902  SINOPSIS Ambientado en la d\u00e9cada de los noventa estadounidense, un grupo de amigos viv\u00eda tranquilamente sus vidas, hasta que recordaron una serie de acontecimientos tan tr\u00e1gicos como salvajes que se produjeron hace diez a\u00f1os en la misma ciudad donde viven. Aprovechando los \u00faltimos d\u00edas de clases antes de las vacaciones de verano, este grupo juvenil se centrar\u00e1 en investigar por su propia cuenta todas las atrocidades cometidas por una persona tan cruel como misteriosa que nunca fue encontrada e identificada. \u00bfSer\u00e1n capaces de aclarar algo de lo que pas\u00f3 aunque sea de forma remota?\u00bfQu\u00e9 les hace diferentes de los agentes de la ley que indagaron en el caso?\u00bfFirmar\u00edan sin quererlo sus sentencias de muerte? Una cosa queda clara: los hechos siempre consiguen salir a la luz, sean cuales hayan sido estos.","og_url":"https:\/\/letrame.com\/catalogo\/producto\/sombra-homicida\/","og_site_name":"Catalogo | Letrame Grupo Editorial","og_image":[{"width":1181,"height":1732,"url":"https:\/\/letrame.com\/catalogo\/wp-content\/uploads\/2026\/04\/Sombrahomicida_1136mm4.jpg","type":"image\/jpeg"}],"twitter_card":"summary_large_image","twitter_misc":{"Tiempo de lectura":"1 minuto"},"schema":{"@context":"https:\/\/schema.org","@graph":[{"@type":"WebPage","@id":"https:\/\/letrame.com\/catalogo\/producto\/sombra-homicida\/","url":"https:\/\/letrame.com\/catalogo\/producto\/sombra-homicida\/","name":"Sombra homicida - Catalogo | Letrame Grupo Editorial","isPartOf":{"@id":"https:\/\/letrame.com\/catalogo\/#website"},"primaryImageOfPage":{"@id":"https:\/\/letrame.com\/catalogo\/producto\/sombra-homicida\/#primaryimage"},"image":{"@id":"https:\/\/letrame.com\/catalogo\/producto\/sombra-homicida\/#primaryimage"},"thumbnailUrl":"https:\/\/letrame.com\/catalogo\/wp-content\/uploads\/2026\/04\/Sombrahomicida_1136mm4.jpg","datePublished":"2026-04-13T15:52:55+00:00","breadcrumb":{"@id":"https:\/\/letrame.com\/catalogo\/producto\/sombra-homicida\/#breadcrumb"},"inLanguage":"es","potentialAction":[{"@type":"ReadAction","target":["https:\/\/letrame.com\/catalogo\/producto\/sombra-homicida\/"]}]},{"@type":"ImageObject","inLanguage":"es","@id":"https:\/\/letrame.com\/catalogo\/producto\/sombra-homicida\/#primaryimage","url":"https:\/\/letrame.com\/catalogo\/wp-content\/uploads\/2026\/04\/Sombrahomicida_1136mm4.jpg","contentUrl":"https:\/\/letrame.com\/catalogo\/wp-content\/uploads\/2026\/04\/Sombrahomicida_1136mm4.jpg","width":1181,"height":1732},{"@type":"BreadcrumbList","@id":"https:\/\/letrame.com\/catalogo\/producto\/sombra-homicida\/#breadcrumb","itemListElement":[{"@type":"ListItem","position":1,"name":"Portada","item":"https:\/\/letrame.com\/catalogo\/"},{"@type":"ListItem","position":2,"name":"Cat\u00e1logo","item":"https:\/\/letrame.com\/catalogo\/"},{"@type":"ListItem","position":3,"name":"Sombra homicida"}]},{"@type":"WebSite","@id":"https:\/\/letrame.com\/catalogo\/#website","url":"https:\/\/letrame.com\/catalogo\/","name":"Catalogo | Letrame Grupo Editorial","description":"","publisher":{"@id":"https:\/\/letrame.com\/catalogo\/#organization"},"potentialAction":[{"@type":"SearchAction","target":{"@type":"EntryPoint","urlTemplate":"https:\/\/letrame.com\/catalogo\/?s={search_term_string}"},"query-input":{"@type":"PropertyValueSpecification","valueRequired":true,"valueName":"search_term_string"}}],"inLanguage":"es"},{"@type":"Organization","@id":"https:\/\/letrame.com\/catalogo\/#organization","name":"Catalogo | Letrame Grupo Editorial","url":"https:\/\/letrame.com\/catalogo\/","logo":{"@type":"ImageObject","inLanguage":"es","@id":"https:\/\/letrame.com\/catalogo\/#\/schema\/logo\/image\/","url":"https:\/\/letrame.com\/catalogo\/wp-content\/uploads\/2024\/03\/logo2.webp","contentUrl":"https:\/\/letrame.com\/catalogo\/wp-content\/uploads\/2024\/03\/logo2.webp","width":394,"height":128,"caption":"Catalogo | Letrame Grupo Editorial"},"image":{"@id":"https:\/\/letrame.com\/catalogo\/#\/schema\/logo\/image\/"}}]}},"_links":{"self":[{"href":"https:\/\/letrame.com\/catalogo\/wp-json\/wp\/v2\/product\/111993","targetHints":{"allow":["GET"]}}],"collection":[{"href":"https:\/\/letrame.com\/catalogo\/wp-json\/wp\/v2\/product"}],"about":[{"href":"https:\/\/letrame.com\/catalogo\/wp-json\/wp\/v2\/types\/product"}],"replies":[{"embeddable":true,"href":"https:\/\/letrame.com\/catalogo\/wp-json\/wp\/v2\/comments?post=111993"}],"acf:post":[{"embeddable":true,"href":"https:\/\/letrame.com\/catalogo\/wp-json\/wp\/v2\/author_book\/77912"}],"wp:featuredmedia":[{"embeddable":true,"href":"https:\/\/letrame.com\/catalogo\/wp-json\/wp\/v2\/media\/111996"}],"wp:attachment":[{"href":"https:\/\/letrame.com\/catalogo\/wp-json\/wp\/v2\/media?parent=111993"}],"wp:term":[{"taxonomy":"libro","embeddable":true,"href":"https:\/\/letrame.com\/catalogo\/wp-json\/wp\/v2\/libro?post=111993"},{"taxonomy":"product_brand","embeddable":true,"href":"https:\/\/letrame.com\/catalogo\/wp-json\/wp\/v2\/product_brand?post=111993"},{"taxonomy":"product_cat","embeddable":true,"href":"https:\/\/letrame.com\/catalogo\/wp-json\/wp\/v2\/product_cat?post=111993"},{"taxonomy":"product_tag","embeddable":true,"href":"https:\/\/letrame.com\/catalogo\/wp-json\/wp\/v2\/product_tag?post=111993"}],"curies":[{"name":"wp","href":"https:\/\/api.w.org\/{rel}","templated":true}]}}