{"id":111987,"date":"2026-04-13T17:48:38","date_gmt":"2026-04-13T15:48:38","guid":{"rendered":"https:\/\/letrame.com\/catalogo\/?post_type=product&#038;p=111987"},"modified":"2026-04-13T17:48:38","modified_gmt":"2026-04-13T15:48:38","slug":"la-hija-del-escritor","status":"publish","type":"product","link":"https:\/\/letrame.com\/catalogo\/producto\/la-hija-del-escritor\/","title":{"rendered":"La hija del escritor"},"content":{"rendered":"<p><strong>ISBN: 9791370296667<\/strong><br \/>\n<strong>T\u00edtulo: La hija del escritor<\/strong><br \/>\n<strong>Fecha: 2025<\/strong><br \/>\n<strong>P\u00e1ginas: 220<\/strong><\/p>\n<p><strong>SINOPSIS<\/strong><\/p>\n<p data-start=\"0\" data-end=\"149\">BARCELONA, 1991. Mientras la ciudad se viste de gala para los Juegos Ol\u00edmpicos, bajo los cimientos de la modernidad algo oscuro comienza a despertar.<\/p>\n<p data-start=\"151\" data-end=\"543\">Jaume Ventura, un agente de tr\u00e1fico habituado a la rutina del asfalto, se ve obligado a cruzar la l\u00ednea cuando la tragedia lo golpea de cerca. Leire Serra, detective de homicidios y su amor secreto, yace en coma tras un ataque brutal. Jaume no es investigador, pero es el \u00fanico que posee la llave para salvarla: un diario antiguo hallado en su apartamento, un cuaderno que no deber\u00eda existir.<\/p>\n<p data-start=\"545\" data-end=\"958\">A trav\u00e9s de sus p\u00e1ginas, Jaume abandona su realidad gris para sumergirse en el invierno de 1981, en los pasillos elitistas del colegio Santa Cecilia. All\u00ed descubre a una Leire adolescente, experta en usar m\u00e1scaras. Acostumbrada a huir de su pasado, aprendi\u00f3 a ocultar su verdadera naturaleza: una extra\u00f1a capacidad para deslizarse en la mente de los dem\u00e1s. Sin embargo, su escudo se hizo a\u00f1icos al conocer a Alba.<\/p>\n<p data-start=\"960\" data-end=\"1344\">Alba no era solo una compa\u00f1era marginada; era un espejo oscuro. V\u00edctima y verdugo, arrastr\u00f3 a Leire a una espiral de secretos, venganza y un crimen que las autoridades decidieron borrar de la historia. Diez a\u00f1os despu\u00e9s, el pasado reclama su deuda. Y Jaume descubrir\u00e1 que, a veces, para encontrar la luz, un hombre corriente debe descender a infiernos donde la placa no sirve de nada.<\/p>\n<p data-start=\"1346\" data-end=\"1466\" data-is-last-node=\"\" data-is-only-node=\"\">Un thriller inquietante sobre la identidad, la culpa y los lazos que nos atan a quienes nos ense\u00f1aron a mirar el abismo.<\/p>\n","protected":false},"excerpt":{"rendered":"<p><strong>ISBN: 9791370296667<\/strong><\/p>\n<p><strong>SINOPSIS<\/strong><\/p>\n<p data-start=\"0\" data-end=\"149\">BARCELONA, 1991. Mientras la ciudad se viste de gala para los Juegos Ol\u00edmpicos, bajo los cimientos de la modernidad algo oscuro comienza a despertar.<\/p>\n<p data-start=\"151\" data-end=\"543\">Jaume Ventura, un agente de tr\u00e1fico habituado a la rutina del asfalto, se ve obligado a cruzar la l\u00ednea cuando la tragedia lo golpea de cerca. Leire Serra, detective de homicidios y su amor secreto, yace en coma tras un ataque brutal. Jaume no es investigador, pero es el \u00fanico que posee la llave para salvarla: un diario antiguo hallado en su apartamento, un cuaderno que no deber\u00eda existir.<\/p>\n<p data-start=\"545\" data-end=\"958\">A trav\u00e9s de sus p\u00e1ginas, Jaume abandona su realidad gris para sumergirse en el invierno de 1981, en los pasillos elitistas del colegio Santa Cecilia. All\u00ed descubre a una Leire adolescente, experta en usar m\u00e1scaras. Acostumbrada a huir de su pasado, aprendi\u00f3 a ocultar su verdadera naturaleza: una extra\u00f1a capacidad para deslizarse en la mente de los dem\u00e1s. Sin embargo, su escudo se hizo a\u00f1icos al conocer a Alba.<\/p>\n<p data-start=\"960\" data-end=\"1344\">Alba no era solo una compa\u00f1era marginada; era un espejo oscuro. V\u00edctima y verdugo, arrastr\u00f3 a Leire a una espiral de secretos, venganza y un crimen que las autoridades decidieron borrar de la historia. Diez a\u00f1os despu\u00e9s, el pasado reclama su deuda. Y Jaume descubrir\u00e1 que, a veces, para encontrar la luz, un hombre corriente debe descender a infiernos donde la placa no sirve de nada.<\/p>\n<p data-start=\"1346\" data-end=\"1466\" data-is-last-node=\"\" data-is-only-node=\"\">Un thriller inquietante sobre la identidad, la culpa y los lazos que nos atan a quienes nos ense\u00f1aron a mirar el abismo.<\/p>\n","protected":false},"featured_media":111992,"comment_status":"open","ping_status":"closed","template":"","meta":{"_acf_changed":false},"libro":[],"product_brand":[],"product_cat":[141],"product_tag":[],"class_list":{"0":"post-111987","1":"product","2":"type-product","3":"status-publish","4":"has-post-thumbnail","6":"product_cat-ficcion","8":"first","9":"instock","10":"shipping-taxable","11":"product-type-simple"},"acf":{"autor":[111988],"enlace_de_compra":"https:\/\/amzn.to\/3OCoP7x"},"yoast_head":"<!-- This site is optimized with the Yoast SEO plugin v26.6 - https:\/\/yoast.com\/wordpress\/plugins\/seo\/ -->\n<title>La hija del escritor - Catalogo | Letrame Grupo Editorial<\/title>\n<meta name=\"robots\" content=\"index, follow, max-snippet:-1, max-image-preview:large, max-video-preview:-1\" \/>\n<link rel=\"canonical\" href=\"https:\/\/letrame.com\/catalogo\/producto\/la-hija-del-escritor\/\" \/>\n<meta property=\"og:locale\" content=\"es_ES\" \/>\n<meta property=\"og:type\" content=\"article\" \/>\n<meta property=\"og:title\" content=\"La hija del escritor - Catalogo | Letrame Grupo Editorial\" \/>\n<meta property=\"og:description\" content=\"ISBN: 9791370296667  SINOPSIS BARCELONA, 1991. Mientras la ciudad se viste de gala para los Juegos Ol\u00edmpicos, bajo los cimientos de la modernidad algo oscuro comienza a despertar. Jaume Ventura, un agente de tr\u00e1fico habituado a la rutina del asfalto, se ve obligado a cruzar la l\u00ednea cuando la tragedia lo golpea de cerca. Leire Serra, detective de homicidios y su amor secreto, yace en coma tras un ataque brutal. Jaume no es investigador, pero es el \u00fanico que posee la llave para salvarla: un diario antiguo hallado en su apartamento, un cuaderno que no deber\u00eda existir. A trav\u00e9s de sus p\u00e1ginas, Jaume abandona su realidad gris para sumergirse en el invierno de 1981, en los pasillos elitistas del colegio Santa Cecilia. All\u00ed descubre a una Leire adolescente, experta en usar m\u00e1scaras. Acostumbrada a huir de su pasado, aprendi\u00f3 a ocultar su verdadera naturaleza: una extra\u00f1a capacidad para deslizarse en la mente de los dem\u00e1s. Sin embargo, su escudo se hizo a\u00f1icos al conocer a Alba. Alba no era solo una compa\u00f1era marginada; era un espejo oscuro. V\u00edctima y verdugo, arrastr\u00f3 a Leire a una espiral de secretos, venganza y un crimen que las autoridades decidieron borrar de la historia. Diez a\u00f1os despu\u00e9s, el pasado reclama su deuda. Y Jaume descubrir\u00e1 que, a veces, para encontrar la luz, un hombre corriente debe descender a infiernos donde la placa no sirve de nada. Un thriller inquietante sobre la identidad, la culpa y los lazos que nos atan a quienes nos ense\u00f1aron a mirar el abismo.\" \/>\n<meta property=\"og:url\" content=\"https:\/\/letrame.com\/catalogo\/producto\/la-hija-del-escritor\/\" \/>\n<meta property=\"og:site_name\" content=\"Catalogo | Letrame Grupo Editorial\" \/>\n<meta property=\"og:image\" content=\"https:\/\/letrame.com\/catalogo\/wp-content\/uploads\/2026\/04\/lahijadelescritor_1097mm4.jpg\" \/>\n\t<meta property=\"og:image:width\" content=\"709\" \/>\n\t<meta property=\"og:image:height\" content=\"992\" \/>\n\t<meta property=\"og:image:type\" content=\"image\/jpeg\" \/>\n<meta name=\"twitter:card\" content=\"summary_large_image\" \/>\n<meta name=\"twitter:label1\" content=\"Tiempo de lectura\" \/>\n\t<meta name=\"twitter:data1\" content=\"2 minutos\" \/>\n<script type=\"application\/ld+json\" class=\"yoast-schema-graph\">{\"@context\":\"https:\/\/schema.org\",\"@graph\":[{\"@type\":\"WebPage\",\"@id\":\"https:\/\/letrame.com\/catalogo\/producto\/la-hija-del-escritor\/\",\"url\":\"https:\/\/letrame.com\/catalogo\/producto\/la-hija-del-escritor\/\",\"name\":\"La hija del escritor - Catalogo | Letrame Grupo Editorial\",\"isPartOf\":{\"@id\":\"https:\/\/letrame.com\/catalogo\/#website\"},\"primaryImageOfPage\":{\"@id\":\"https:\/\/letrame.com\/catalogo\/producto\/la-hija-del-escritor\/#primaryimage\"},\"image\":{\"@id\":\"https:\/\/letrame.com\/catalogo\/producto\/la-hija-del-escritor\/#primaryimage\"},\"thumbnailUrl\":\"https:\/\/letrame.com\/catalogo\/wp-content\/uploads\/2026\/04\/lahijadelescritor_1097mm4.jpg\",\"datePublished\":\"2026-04-13T15:48:38+00:00\",\"breadcrumb\":{\"@id\":\"https:\/\/letrame.com\/catalogo\/producto\/la-hija-del-escritor\/#breadcrumb\"},\"inLanguage\":\"es\",\"potentialAction\":[{\"@type\":\"ReadAction\",\"target\":[\"https:\/\/letrame.com\/catalogo\/producto\/la-hija-del-escritor\/\"]}]},{\"@type\":\"ImageObject\",\"inLanguage\":\"es\",\"@id\":\"https:\/\/letrame.com\/catalogo\/producto\/la-hija-del-escritor\/#primaryimage\",\"url\":\"https:\/\/letrame.com\/catalogo\/wp-content\/uploads\/2026\/04\/lahijadelescritor_1097mm4.jpg\",\"contentUrl\":\"https:\/\/letrame.com\/catalogo\/wp-content\/uploads\/2026\/04\/lahijadelescritor_1097mm4.jpg\",\"width\":709,\"height\":992},{\"@type\":\"BreadcrumbList\",\"@id\":\"https:\/\/letrame.com\/catalogo\/producto\/la-hija-del-escritor\/#breadcrumb\",\"itemListElement\":[{\"@type\":\"ListItem\",\"position\":1,\"name\":\"Portada\",\"item\":\"https:\/\/letrame.com\/catalogo\/\"},{\"@type\":\"ListItem\",\"position\":2,\"name\":\"Cat\u00e1logo\",\"item\":\"https:\/\/letrame.com\/catalogo\/\"},{\"@type\":\"ListItem\",\"position\":3,\"name\":\"La hija del escritor\"}]},{\"@type\":\"WebSite\",\"@id\":\"https:\/\/letrame.com\/catalogo\/#website\",\"url\":\"https:\/\/letrame.com\/catalogo\/\",\"name\":\"Catalogo | Letrame Grupo Editorial\",\"description\":\"\",\"publisher\":{\"@id\":\"https:\/\/letrame.com\/catalogo\/#organization\"},\"potentialAction\":[{\"@type\":\"SearchAction\",\"target\":{\"@type\":\"EntryPoint\",\"urlTemplate\":\"https:\/\/letrame.com\/catalogo\/?s={search_term_string}\"},\"query-input\":{\"@type\":\"PropertyValueSpecification\",\"valueRequired\":true,\"valueName\":\"search_term_string\"}}],\"inLanguage\":\"es\"},{\"@type\":\"Organization\",\"@id\":\"https:\/\/letrame.com\/catalogo\/#organization\",\"name\":\"Catalogo | Letrame Grupo Editorial\",\"url\":\"https:\/\/letrame.com\/catalogo\/\",\"logo\":{\"@type\":\"ImageObject\",\"inLanguage\":\"es\",\"@id\":\"https:\/\/letrame.com\/catalogo\/#\/schema\/logo\/image\/\",\"url\":\"https:\/\/letrame.com\/catalogo\/wp-content\/uploads\/2024\/03\/logo2.webp\",\"contentUrl\":\"https:\/\/letrame.com\/catalogo\/wp-content\/uploads\/2024\/03\/logo2.webp\",\"width\":394,\"height\":128,\"caption\":\"Catalogo | Letrame Grupo Editorial\"},\"image\":{\"@id\":\"https:\/\/letrame.com\/catalogo\/#\/schema\/logo\/image\/\"}}]}<\/script>\n<!-- \/ Yoast SEO plugin. -->","yoast_head_json":{"title":"La hija del escritor - Catalogo | Letrame Grupo Editorial","robots":{"index":"index","follow":"follow","max-snippet":"max-snippet:-1","max-image-preview":"max-image-preview:large","max-video-preview":"max-video-preview:-1"},"canonical":"https:\/\/letrame.com\/catalogo\/producto\/la-hija-del-escritor\/","og_locale":"es_ES","og_type":"article","og_title":"La hija del escritor - Catalogo | Letrame Grupo Editorial","og_description":"ISBN: 9791370296667  SINOPSIS BARCELONA, 1991. Mientras la ciudad se viste de gala para los Juegos Ol\u00edmpicos, bajo los cimientos de la modernidad algo oscuro comienza a despertar. Jaume Ventura, un agente de tr\u00e1fico habituado a la rutina del asfalto, se ve obligado a cruzar la l\u00ednea cuando la tragedia lo golpea de cerca. Leire Serra, detective de homicidios y su amor secreto, yace en coma tras un ataque brutal. Jaume no es investigador, pero es el \u00fanico que posee la llave para salvarla: un diario antiguo hallado en su apartamento, un cuaderno que no deber\u00eda existir. A trav\u00e9s de sus p\u00e1ginas, Jaume abandona su realidad gris para sumergirse en el invierno de 1981, en los pasillos elitistas del colegio Santa Cecilia. All\u00ed descubre a una Leire adolescente, experta en usar m\u00e1scaras. Acostumbrada a huir de su pasado, aprendi\u00f3 a ocultar su verdadera naturaleza: una extra\u00f1a capacidad para deslizarse en la mente de los dem\u00e1s. Sin embargo, su escudo se hizo a\u00f1icos al conocer a Alba. Alba no era solo una compa\u00f1era marginada; era un espejo oscuro. V\u00edctima y verdugo, arrastr\u00f3 a Leire a una espiral de secretos, venganza y un crimen que las autoridades decidieron borrar de la historia. Diez a\u00f1os despu\u00e9s, el pasado reclama su deuda. Y Jaume descubrir\u00e1 que, a veces, para encontrar la luz, un hombre corriente debe descender a infiernos donde la placa no sirve de nada. Un thriller inquietante sobre la identidad, la culpa y los lazos que nos atan a quienes nos ense\u00f1aron a mirar el abismo.","og_url":"https:\/\/letrame.com\/catalogo\/producto\/la-hija-del-escritor\/","og_site_name":"Catalogo | Letrame Grupo Editorial","og_image":[{"width":709,"height":992,"url":"https:\/\/letrame.com\/catalogo\/wp-content\/uploads\/2026\/04\/lahijadelescritor_1097mm4.jpg","type":"image\/jpeg"}],"twitter_card":"summary_large_image","twitter_misc":{"Tiempo de lectura":"2 minutos"},"schema":{"@context":"https:\/\/schema.org","@graph":[{"@type":"WebPage","@id":"https:\/\/letrame.com\/catalogo\/producto\/la-hija-del-escritor\/","url":"https:\/\/letrame.com\/catalogo\/producto\/la-hija-del-escritor\/","name":"La hija del escritor - Catalogo | Letrame Grupo Editorial","isPartOf":{"@id":"https:\/\/letrame.com\/catalogo\/#website"},"primaryImageOfPage":{"@id":"https:\/\/letrame.com\/catalogo\/producto\/la-hija-del-escritor\/#primaryimage"},"image":{"@id":"https:\/\/letrame.com\/catalogo\/producto\/la-hija-del-escritor\/#primaryimage"},"thumbnailUrl":"https:\/\/letrame.com\/catalogo\/wp-content\/uploads\/2026\/04\/lahijadelescritor_1097mm4.jpg","datePublished":"2026-04-13T15:48:38+00:00","breadcrumb":{"@id":"https:\/\/letrame.com\/catalogo\/producto\/la-hija-del-escritor\/#breadcrumb"},"inLanguage":"es","potentialAction":[{"@type":"ReadAction","target":["https:\/\/letrame.com\/catalogo\/producto\/la-hija-del-escritor\/"]}]},{"@type":"ImageObject","inLanguage":"es","@id":"https:\/\/letrame.com\/catalogo\/producto\/la-hija-del-escritor\/#primaryimage","url":"https:\/\/letrame.com\/catalogo\/wp-content\/uploads\/2026\/04\/lahijadelescritor_1097mm4.jpg","contentUrl":"https:\/\/letrame.com\/catalogo\/wp-content\/uploads\/2026\/04\/lahijadelescritor_1097mm4.jpg","width":709,"height":992},{"@type":"BreadcrumbList","@id":"https:\/\/letrame.com\/catalogo\/producto\/la-hija-del-escritor\/#breadcrumb","itemListElement":[{"@type":"ListItem","position":1,"name":"Portada","item":"https:\/\/letrame.com\/catalogo\/"},{"@type":"ListItem","position":2,"name":"Cat\u00e1logo","item":"https:\/\/letrame.com\/catalogo\/"},{"@type":"ListItem","position":3,"name":"La hija del escritor"}]},{"@type":"WebSite","@id":"https:\/\/letrame.com\/catalogo\/#website","url":"https:\/\/letrame.com\/catalogo\/","name":"Catalogo | Letrame Grupo Editorial","description":"","publisher":{"@id":"https:\/\/letrame.com\/catalogo\/#organization"},"potentialAction":[{"@type":"SearchAction","target":{"@type":"EntryPoint","urlTemplate":"https:\/\/letrame.com\/catalogo\/?s={search_term_string}"},"query-input":{"@type":"PropertyValueSpecification","valueRequired":true,"valueName":"search_term_string"}}],"inLanguage":"es"},{"@type":"Organization","@id":"https:\/\/letrame.com\/catalogo\/#organization","name":"Catalogo | Letrame Grupo Editorial","url":"https:\/\/letrame.com\/catalogo\/","logo":{"@type":"ImageObject","inLanguage":"es","@id":"https:\/\/letrame.com\/catalogo\/#\/schema\/logo\/image\/","url":"https:\/\/letrame.com\/catalogo\/wp-content\/uploads\/2024\/03\/logo2.webp","contentUrl":"https:\/\/letrame.com\/catalogo\/wp-content\/uploads\/2024\/03\/logo2.webp","width":394,"height":128,"caption":"Catalogo | Letrame Grupo Editorial"},"image":{"@id":"https:\/\/letrame.com\/catalogo\/#\/schema\/logo\/image\/"}}]}},"_links":{"self":[{"href":"https:\/\/letrame.com\/catalogo\/wp-json\/wp\/v2\/product\/111987","targetHints":{"allow":["GET"]}}],"collection":[{"href":"https:\/\/letrame.com\/catalogo\/wp-json\/wp\/v2\/product"}],"about":[{"href":"https:\/\/letrame.com\/catalogo\/wp-json\/wp\/v2\/types\/product"}],"replies":[{"embeddable":true,"href":"https:\/\/letrame.com\/catalogo\/wp-json\/wp\/v2\/comments?post=111987"}],"acf:post":[{"embeddable":true,"href":"https:\/\/letrame.com\/catalogo\/wp-json\/wp\/v2\/author_book\/111988"}],"wp:featuredmedia":[{"embeddable":true,"href":"https:\/\/letrame.com\/catalogo\/wp-json\/wp\/v2\/media\/111992"}],"wp:attachment":[{"href":"https:\/\/letrame.com\/catalogo\/wp-json\/wp\/v2\/media?parent=111987"}],"wp:term":[{"taxonomy":"libro","embeddable":true,"href":"https:\/\/letrame.com\/catalogo\/wp-json\/wp\/v2\/libro?post=111987"},{"taxonomy":"product_brand","embeddable":true,"href":"https:\/\/letrame.com\/catalogo\/wp-json\/wp\/v2\/product_brand?post=111987"},{"taxonomy":"product_cat","embeddable":true,"href":"https:\/\/letrame.com\/catalogo\/wp-json\/wp\/v2\/product_cat?post=111987"},{"taxonomy":"product_tag","embeddable":true,"href":"https:\/\/letrame.com\/catalogo\/wp-json\/wp\/v2\/product_tag?post=111987"}],"curies":[{"name":"wp","href":"https:\/\/api.w.org\/{rel}","templated":true}]}}