{"id":111980,"date":"2026-04-13T17:42:19","date_gmt":"2026-04-13T15:42:19","guid":{"rendered":"https:\/\/letrame.com\/catalogo\/?post_type=product&#038;p=111980"},"modified":"2026-04-13T17:42:20","modified_gmt":"2026-04-13T15:42:20","slug":"la-chispa-inefable","status":"publish","type":"product","link":"https:\/\/letrame.com\/catalogo\/producto\/la-chispa-inefable\/","title":{"rendered":"La chispa inefable"},"content":{"rendered":"<p><strong>ISBN: 9791370296780<\/strong><br \/>\n<strong>T\u00edtulo: La chispa inefable<\/strong><br \/>\n<strong>Fecha: 2026<\/strong><br \/>\n<strong>P\u00e1ginas: 496<\/strong><\/p>\n<p><strong>SINOPSIS<\/strong><\/p>\n<p data-start=\"0\" data-end=\"394\">En los albores de la era digital, la inteligencia artificial nos confronta con preguntas ancestrales: \u00bfQu\u00e9 nos hace esencialmente humanos? \u00bfPoseemos algo que trascienda lo meramente computacional? Este libro emprende un viaje intelectual desde la neurociencia y la filosof\u00eda hasta la antropolog\u00eda y la teolog\u00eda, argumentando que la conciencia humana constituye un fen\u00f3meno \u00fanico e irreplicable.<\/p>\n<p data-start=\"396\" data-end=\"808\">Frente al espejo de la IA, discernimos los l\u00edmites ontol\u00f3gicos de lo artificial: mientras las m\u00e1quinas simulan inteligencia, carecen de experiencia subjetiva, corporalidad vivida y la pulsi\u00f3n trascendente que ha definido nuestra especie. La evidencia de la neuroteolog\u00eda, los estudios con psicod\u00e9licos y las experiencias cercanas a la muerte revelan una conciencia que parece operar m\u00e1s all\u00e1 del sustrato neural.<\/p>\n<p data-start=\"810\" data-end=\"1258\">Lejos de una postura anti-tecnol\u00f3gica, esta obra adem\u00e1s de reflexionar sobre el tema, propone un marco \u00e9tico para una colaboraci\u00f3n simbi\u00f3tica. Al comprender lo que la IA nunca tendr\u00e1 \u2014conciencia y acceso a lo trascendente\u2014 podemos dirigirla estrat\u00e9gicamente para liberar nuestro potencial creativo y espiritual, abordando con sabidur\u00eda los cruciales desaf\u00edos del alineamiento, la justicia algor\u00edtmica y la distribuci\u00f3n equitativa de sus beneficios.<\/p>\n<p data-start=\"1260\" data-end=\"1649\" data-is-last-node=\"\" data-is-only-node=\"\"><em data-start=\"1260\" data-end=\"1342\">La Chispa Inefable. En la era de la IA, \u00bfqu\u00e9 nos hace irreductiblemente humanos?<\/em>, es una invitaci\u00f3n urgente a redescubrir nuestra singularidad en un mundo dominado por la m\u00e1quina. Un llamado a cultivar la profundidad contemplativa como ant\u00eddoto contra la deshumanizaci\u00f3n y como br\u00fajula \u00e9tica para guiar esta tecnolog\u00eda hacia un futuro que sea pr\u00f3spero, equitativo y profundamente humano.<\/p>\n","protected":false},"excerpt":{"rendered":"<p><strong>ISBN: 9791370296780<\/strong><\/p>\n<p><strong>SINOPSIS<\/strong><\/p>\n<p data-start=\"0\" data-end=\"394\">En los albores de la era digital, la inteligencia artificial nos confronta con preguntas ancestrales: \u00bfQu\u00e9 nos hace esencialmente humanos? \u00bfPoseemos algo que trascienda lo meramente computacional? Este libro emprende un viaje intelectual desde la neurociencia y la filosof\u00eda hasta la antropolog\u00eda y la teolog\u00eda, argumentando que la conciencia humana constituye un fen\u00f3meno \u00fanico e irreplicable.<\/p>\n<p data-start=\"396\" data-end=\"808\">Frente al espejo de la IA, discernimos los l\u00edmites ontol\u00f3gicos de lo artificial: mientras las m\u00e1quinas simulan inteligencia, carecen de experiencia subjetiva, corporalidad vivida y la pulsi\u00f3n trascendente que ha definido nuestra especie. La evidencia de la neuroteolog\u00eda, los estudios con psicod\u00e9licos y las experiencias cercanas a la muerte revelan una conciencia que parece operar m\u00e1s all\u00e1 del sustrato neural.<\/p>\n<p data-start=\"810\" data-end=\"1258\">Lejos de una postura anti-tecnol\u00f3gica, esta obra adem\u00e1s de reflexionar sobre el tema, propone un marco \u00e9tico para una colaboraci\u00f3n simbi\u00f3tica. Al comprender lo que la IA nunca tendr\u00e1 \u2014conciencia y acceso a lo trascendente\u2014 podemos dirigirla estrat\u00e9gicamente para liberar nuestro potencial creativo y espiritual, abordando con sabidur\u00eda los cruciales desaf\u00edos del alineamiento, la justicia algor\u00edtmica y la distribuci\u00f3n equitativa de sus beneficios.<\/p>\n<p data-start=\"1260\" data-end=\"1649\" data-is-last-node=\"\" data-is-only-node=\"\"><em data-start=\"1260\" data-end=\"1342\">La Chispa Inefable. En la era de la IA, \u00bfqu\u00e9 nos hace irreductiblemente humanos?<\/em>, es una invitaci\u00f3n urgente a redescubrir nuestra singularidad en un mundo dominado por la m\u00e1quina. Un llamado a cultivar la profundidad contemplativa como ant\u00eddoto contra la deshumanizaci\u00f3n y como br\u00fajula \u00e9tica para guiar esta tecnolog\u00eda hacia un futuro que sea pr\u00f3spero, equitativo y profundamente humano.<\/p>\n","protected":false},"featured_media":111985,"comment_status":"open","ping_status":"closed","template":"","meta":{"_acf_changed":false},"libro":[],"product_brand":[],"product_cat":[133],"product_tag":[],"class_list":{"0":"post-111980","1":"product","2":"type-product","3":"status-publish","4":"has-post-thumbnail","6":"product_cat-no-ficcion","8":"first","9":"instock","10":"shipping-taxable","11":"product-type-simple"},"acf":{"autor":[111981],"enlace_de_compra":"https:\/\/amzn.to\/4tK5tML"},"yoast_head":"<!-- This site is optimized with the Yoast SEO plugin v26.6 - https:\/\/yoast.com\/wordpress\/plugins\/seo\/ -->\n<title>La chispa inefable - Catalogo | Letrame Grupo Editorial<\/title>\n<meta name=\"robots\" content=\"index, follow, max-snippet:-1, max-image-preview:large, max-video-preview:-1\" \/>\n<link rel=\"canonical\" href=\"https:\/\/letrame.com\/catalogo\/producto\/la-chispa-inefable\/\" \/>\n<meta property=\"og:locale\" content=\"es_ES\" \/>\n<meta property=\"og:type\" content=\"article\" \/>\n<meta property=\"og:title\" content=\"La chispa inefable - Catalogo | Letrame Grupo Editorial\" \/>\n<meta property=\"og:description\" content=\"ISBN: 9791370296780  SINOPSIS En los albores de la era digital, la inteligencia artificial nos confronta con preguntas ancestrales: \u00bfQu\u00e9 nos hace esencialmente humanos? \u00bfPoseemos algo que trascienda lo meramente computacional? Este libro emprende un viaje intelectual desde la neurociencia y la filosof\u00eda hasta la antropolog\u00eda y la teolog\u00eda, argumentando que la conciencia humana constituye un fen\u00f3meno \u00fanico e irreplicable. Frente al espejo de la IA, discernimos los l\u00edmites ontol\u00f3gicos de lo artificial: mientras las m\u00e1quinas simulan inteligencia, carecen de experiencia subjetiva, corporalidad vivida y la pulsi\u00f3n trascendente que ha definido nuestra especie. La evidencia de la neuroteolog\u00eda, los estudios con psicod\u00e9licos y las experiencias cercanas a la muerte revelan una conciencia que parece operar m\u00e1s all\u00e1 del sustrato neural. Lejos de una postura anti-tecnol\u00f3gica, esta obra adem\u00e1s de reflexionar sobre el tema, propone un marco \u00e9tico para una colaboraci\u00f3n simbi\u00f3tica. Al comprender lo que la IA nunca tendr\u00e1 \u2014conciencia y acceso a lo trascendente\u2014 podemos dirigirla estrat\u00e9gicamente para liberar nuestro potencial creativo y espiritual, abordando con sabidur\u00eda los cruciales desaf\u00edos del alineamiento, la justicia algor\u00edtmica y la distribuci\u00f3n equitativa de sus beneficios. La Chispa Inefable. En la era de la IA, \u00bfqu\u00e9 nos hace irreductiblemente humanos?, es una invitaci\u00f3n urgente a redescubrir nuestra singularidad en un mundo dominado por la m\u00e1quina. Un llamado a cultivar la profundidad contemplativa como ant\u00eddoto contra la deshumanizaci\u00f3n y como br\u00fajula \u00e9tica para guiar esta tecnolog\u00eda hacia un futuro que sea pr\u00f3spero, equitativo y profundamente humano.\" \/>\n<meta property=\"og:url\" content=\"https:\/\/letrame.com\/catalogo\/producto\/la-chispa-inefable\/\" \/>\n<meta property=\"og:site_name\" content=\"Catalogo | Letrame Grupo Editorial\" \/>\n<meta property=\"article:modified_time\" content=\"2026-04-13T15:42:20+00:00\" \/>\n<meta property=\"og:image\" content=\"https:\/\/letrame.com\/catalogo\/wp-content\/uploads\/2026\/04\/lachispainefable_2455mm4.jpg\" \/>\n\t<meta property=\"og:image:width\" content=\"602\" \/>\n\t<meta property=\"og:image:height\" content=\"850\" \/>\n\t<meta property=\"og:image:type\" content=\"image\/jpeg\" \/>\n<meta name=\"twitter:card\" content=\"summary_large_image\" \/>\n<meta name=\"twitter:label1\" content=\"Tiempo de lectura\" \/>\n\t<meta name=\"twitter:data1\" content=\"2 minutos\" \/>\n<script type=\"application\/ld+json\" class=\"yoast-schema-graph\">{\"@context\":\"https:\/\/schema.org\",\"@graph\":[{\"@type\":\"WebPage\",\"@id\":\"https:\/\/letrame.com\/catalogo\/producto\/la-chispa-inefable\/\",\"url\":\"https:\/\/letrame.com\/catalogo\/producto\/la-chispa-inefable\/\",\"name\":\"La chispa inefable - Catalogo | Letrame Grupo Editorial\",\"isPartOf\":{\"@id\":\"https:\/\/letrame.com\/catalogo\/#website\"},\"primaryImageOfPage\":{\"@id\":\"https:\/\/letrame.com\/catalogo\/producto\/la-chispa-inefable\/#primaryimage\"},\"image\":{\"@id\":\"https:\/\/letrame.com\/catalogo\/producto\/la-chispa-inefable\/#primaryimage\"},\"thumbnailUrl\":\"https:\/\/letrame.com\/catalogo\/wp-content\/uploads\/2026\/04\/lachispainefable_2455mm4.jpg\",\"datePublished\":\"2026-04-13T15:42:19+00:00\",\"dateModified\":\"2026-04-13T15:42:20+00:00\",\"breadcrumb\":{\"@id\":\"https:\/\/letrame.com\/catalogo\/producto\/la-chispa-inefable\/#breadcrumb\"},\"inLanguage\":\"es\",\"potentialAction\":[{\"@type\":\"ReadAction\",\"target\":[\"https:\/\/letrame.com\/catalogo\/producto\/la-chispa-inefable\/\"]}]},{\"@type\":\"ImageObject\",\"inLanguage\":\"es\",\"@id\":\"https:\/\/letrame.com\/catalogo\/producto\/la-chispa-inefable\/#primaryimage\",\"url\":\"https:\/\/letrame.com\/catalogo\/wp-content\/uploads\/2026\/04\/lachispainefable_2455mm4.jpg\",\"contentUrl\":\"https:\/\/letrame.com\/catalogo\/wp-content\/uploads\/2026\/04\/lachispainefable_2455mm4.jpg\",\"width\":602,\"height\":850},{\"@type\":\"BreadcrumbList\",\"@id\":\"https:\/\/letrame.com\/catalogo\/producto\/la-chispa-inefable\/#breadcrumb\",\"itemListElement\":[{\"@type\":\"ListItem\",\"position\":1,\"name\":\"Portada\",\"item\":\"https:\/\/letrame.com\/catalogo\/\"},{\"@type\":\"ListItem\",\"position\":2,\"name\":\"Cat\u00e1logo\",\"item\":\"https:\/\/letrame.com\/catalogo\/\"},{\"@type\":\"ListItem\",\"position\":3,\"name\":\"La chispa inefable\"}]},{\"@type\":\"WebSite\",\"@id\":\"https:\/\/letrame.com\/catalogo\/#website\",\"url\":\"https:\/\/letrame.com\/catalogo\/\",\"name\":\"Catalogo | Letrame Grupo Editorial\",\"description\":\"\",\"publisher\":{\"@id\":\"https:\/\/letrame.com\/catalogo\/#organization\"},\"potentialAction\":[{\"@type\":\"SearchAction\",\"target\":{\"@type\":\"EntryPoint\",\"urlTemplate\":\"https:\/\/letrame.com\/catalogo\/?s={search_term_string}\"},\"query-input\":{\"@type\":\"PropertyValueSpecification\",\"valueRequired\":true,\"valueName\":\"search_term_string\"}}],\"inLanguage\":\"es\"},{\"@type\":\"Organization\",\"@id\":\"https:\/\/letrame.com\/catalogo\/#organization\",\"name\":\"Catalogo | Letrame Grupo Editorial\",\"url\":\"https:\/\/letrame.com\/catalogo\/\",\"logo\":{\"@type\":\"ImageObject\",\"inLanguage\":\"es\",\"@id\":\"https:\/\/letrame.com\/catalogo\/#\/schema\/logo\/image\/\",\"url\":\"https:\/\/letrame.com\/catalogo\/wp-content\/uploads\/2024\/03\/logo2.webp\",\"contentUrl\":\"https:\/\/letrame.com\/catalogo\/wp-content\/uploads\/2024\/03\/logo2.webp\",\"width\":394,\"height\":128,\"caption\":\"Catalogo | Letrame Grupo Editorial\"},\"image\":{\"@id\":\"https:\/\/letrame.com\/catalogo\/#\/schema\/logo\/image\/\"}}]}<\/script>\n<!-- \/ Yoast SEO plugin. -->","yoast_head_json":{"title":"La chispa inefable - Catalogo | Letrame Grupo Editorial","robots":{"index":"index","follow":"follow","max-snippet":"max-snippet:-1","max-image-preview":"max-image-preview:large","max-video-preview":"max-video-preview:-1"},"canonical":"https:\/\/letrame.com\/catalogo\/producto\/la-chispa-inefable\/","og_locale":"es_ES","og_type":"article","og_title":"La chispa inefable - Catalogo | Letrame Grupo Editorial","og_description":"ISBN: 9791370296780  SINOPSIS En los albores de la era digital, la inteligencia artificial nos confronta con preguntas ancestrales: \u00bfQu\u00e9 nos hace esencialmente humanos? \u00bfPoseemos algo que trascienda lo meramente computacional? Este libro emprende un viaje intelectual desde la neurociencia y la filosof\u00eda hasta la antropolog\u00eda y la teolog\u00eda, argumentando que la conciencia humana constituye un fen\u00f3meno \u00fanico e irreplicable. Frente al espejo de la IA, discernimos los l\u00edmites ontol\u00f3gicos de lo artificial: mientras las m\u00e1quinas simulan inteligencia, carecen de experiencia subjetiva, corporalidad vivida y la pulsi\u00f3n trascendente que ha definido nuestra especie. La evidencia de la neuroteolog\u00eda, los estudios con psicod\u00e9licos y las experiencias cercanas a la muerte revelan una conciencia que parece operar m\u00e1s all\u00e1 del sustrato neural. Lejos de una postura anti-tecnol\u00f3gica, esta obra adem\u00e1s de reflexionar sobre el tema, propone un marco \u00e9tico para una colaboraci\u00f3n simbi\u00f3tica. Al comprender lo que la IA nunca tendr\u00e1 \u2014conciencia y acceso a lo trascendente\u2014 podemos dirigirla estrat\u00e9gicamente para liberar nuestro potencial creativo y espiritual, abordando con sabidur\u00eda los cruciales desaf\u00edos del alineamiento, la justicia algor\u00edtmica y la distribuci\u00f3n equitativa de sus beneficios. La Chispa Inefable. En la era de la IA, \u00bfqu\u00e9 nos hace irreductiblemente humanos?, es una invitaci\u00f3n urgente a redescubrir nuestra singularidad en un mundo dominado por la m\u00e1quina. Un llamado a cultivar la profundidad contemplativa como ant\u00eddoto contra la deshumanizaci\u00f3n y como br\u00fajula \u00e9tica para guiar esta tecnolog\u00eda hacia un futuro que sea pr\u00f3spero, equitativo y profundamente humano.","og_url":"https:\/\/letrame.com\/catalogo\/producto\/la-chispa-inefable\/","og_site_name":"Catalogo | Letrame Grupo Editorial","article_modified_time":"2026-04-13T15:42:20+00:00","og_image":[{"width":602,"height":850,"url":"https:\/\/letrame.com\/catalogo\/wp-content\/uploads\/2026\/04\/lachispainefable_2455mm4.jpg","type":"image\/jpeg"}],"twitter_card":"summary_large_image","twitter_misc":{"Tiempo de lectura":"2 minutos"},"schema":{"@context":"https:\/\/schema.org","@graph":[{"@type":"WebPage","@id":"https:\/\/letrame.com\/catalogo\/producto\/la-chispa-inefable\/","url":"https:\/\/letrame.com\/catalogo\/producto\/la-chispa-inefable\/","name":"La chispa inefable - Catalogo | Letrame Grupo Editorial","isPartOf":{"@id":"https:\/\/letrame.com\/catalogo\/#website"},"primaryImageOfPage":{"@id":"https:\/\/letrame.com\/catalogo\/producto\/la-chispa-inefable\/#primaryimage"},"image":{"@id":"https:\/\/letrame.com\/catalogo\/producto\/la-chispa-inefable\/#primaryimage"},"thumbnailUrl":"https:\/\/letrame.com\/catalogo\/wp-content\/uploads\/2026\/04\/lachispainefable_2455mm4.jpg","datePublished":"2026-04-13T15:42:19+00:00","dateModified":"2026-04-13T15:42:20+00:00","breadcrumb":{"@id":"https:\/\/letrame.com\/catalogo\/producto\/la-chispa-inefable\/#breadcrumb"},"inLanguage":"es","potentialAction":[{"@type":"ReadAction","target":["https:\/\/letrame.com\/catalogo\/producto\/la-chispa-inefable\/"]}]},{"@type":"ImageObject","inLanguage":"es","@id":"https:\/\/letrame.com\/catalogo\/producto\/la-chispa-inefable\/#primaryimage","url":"https:\/\/letrame.com\/catalogo\/wp-content\/uploads\/2026\/04\/lachispainefable_2455mm4.jpg","contentUrl":"https:\/\/letrame.com\/catalogo\/wp-content\/uploads\/2026\/04\/lachispainefable_2455mm4.jpg","width":602,"height":850},{"@type":"BreadcrumbList","@id":"https:\/\/letrame.com\/catalogo\/producto\/la-chispa-inefable\/#breadcrumb","itemListElement":[{"@type":"ListItem","position":1,"name":"Portada","item":"https:\/\/letrame.com\/catalogo\/"},{"@type":"ListItem","position":2,"name":"Cat\u00e1logo","item":"https:\/\/letrame.com\/catalogo\/"},{"@type":"ListItem","position":3,"name":"La chispa inefable"}]},{"@type":"WebSite","@id":"https:\/\/letrame.com\/catalogo\/#website","url":"https:\/\/letrame.com\/catalogo\/","name":"Catalogo | Letrame Grupo Editorial","description":"","publisher":{"@id":"https:\/\/letrame.com\/catalogo\/#organization"},"potentialAction":[{"@type":"SearchAction","target":{"@type":"EntryPoint","urlTemplate":"https:\/\/letrame.com\/catalogo\/?s={search_term_string}"},"query-input":{"@type":"PropertyValueSpecification","valueRequired":true,"valueName":"search_term_string"}}],"inLanguage":"es"},{"@type":"Organization","@id":"https:\/\/letrame.com\/catalogo\/#organization","name":"Catalogo | Letrame Grupo Editorial","url":"https:\/\/letrame.com\/catalogo\/","logo":{"@type":"ImageObject","inLanguage":"es","@id":"https:\/\/letrame.com\/catalogo\/#\/schema\/logo\/image\/","url":"https:\/\/letrame.com\/catalogo\/wp-content\/uploads\/2024\/03\/logo2.webp","contentUrl":"https:\/\/letrame.com\/catalogo\/wp-content\/uploads\/2024\/03\/logo2.webp","width":394,"height":128,"caption":"Catalogo | Letrame Grupo Editorial"},"image":{"@id":"https:\/\/letrame.com\/catalogo\/#\/schema\/logo\/image\/"}}]}},"_links":{"self":[{"href":"https:\/\/letrame.com\/catalogo\/wp-json\/wp\/v2\/product\/111980","targetHints":{"allow":["GET"]}}],"collection":[{"href":"https:\/\/letrame.com\/catalogo\/wp-json\/wp\/v2\/product"}],"about":[{"href":"https:\/\/letrame.com\/catalogo\/wp-json\/wp\/v2\/types\/product"}],"replies":[{"embeddable":true,"href":"https:\/\/letrame.com\/catalogo\/wp-json\/wp\/v2\/comments?post=111980"}],"acf:post":[{"embeddable":true,"href":"https:\/\/letrame.com\/catalogo\/wp-json\/wp\/v2\/author_book\/111981"}],"wp:featuredmedia":[{"embeddable":true,"href":"https:\/\/letrame.com\/catalogo\/wp-json\/wp\/v2\/media\/111985"}],"wp:attachment":[{"href":"https:\/\/letrame.com\/catalogo\/wp-json\/wp\/v2\/media?parent=111980"}],"wp:term":[{"taxonomy":"libro","embeddable":true,"href":"https:\/\/letrame.com\/catalogo\/wp-json\/wp\/v2\/libro?post=111980"},{"taxonomy":"product_brand","embeddable":true,"href":"https:\/\/letrame.com\/catalogo\/wp-json\/wp\/v2\/product_brand?post=111980"},{"taxonomy":"product_cat","embeddable":true,"href":"https:\/\/letrame.com\/catalogo\/wp-json\/wp\/v2\/product_cat?post=111980"},{"taxonomy":"product_tag","embeddable":true,"href":"https:\/\/letrame.com\/catalogo\/wp-json\/wp\/v2\/product_tag?post=111980"}],"curies":[{"name":"wp","href":"https:\/\/api.w.org\/{rel}","templated":true}]}}