{"id":111975,"date":"2026-04-13T17:34:03","date_gmt":"2026-04-13T15:34:03","guid":{"rendered":"https:\/\/letrame.com\/catalogo\/?post_type=product&#038;p=111975"},"modified":"2026-04-13T17:34:03","modified_gmt":"2026-04-13T15:34:03","slug":"nosotros-amamos","status":"publish","type":"product","link":"https:\/\/letrame.com\/catalogo\/producto\/nosotros-amamos\/","title":{"rendered":"Nosotros amamos"},"content":{"rendered":"<p><strong>ISBN: 9791370297138<\/strong><br \/>\n<strong>T\u00edtulo: Nosotros amamos<\/strong><br \/>\n<strong>Fecha: 2026<\/strong><br \/>\n<strong>P\u00e1ginas: 224<\/strong><\/p>\n<p><strong>SINOPSIS<\/strong><\/p>\n<p data-start=\"0\" data-end=\"271\">Este no es un cuento ni una novela. No hay h\u00e9roes ni villanos, ni una trama que seguir. Es un viaje distinto: un ensayo literario y filos\u00f3fico escrito con el pulso de la emoci\u00f3n. Cada cap\u00edtulo es una reflexi\u00f3n, un espejo, una voz que busca al lector y lo invita a sentir.<\/p>\n<p data-start=\"273\" data-end=\"508\">Es prosa que se acerca a la poes\u00eda; pensamiento que se vuelve caricia; palabras que exploran lo invisible. Un libro que no pretende dar respuestas, sino abrir preguntas, y que encuentra en el amor \u2014en todas sus formas\u2014 su raz\u00f3n de ser.<\/p>\n<p data-start=\"510\" data-end=\"605\" data-is-last-node=\"\" data-is-only-node=\"\">En definitiva, un ensayo po\u00e9tico sobre la fuerza m\u00e1s humana, antigua y eterna que existe: amar.<\/p>\n","protected":false},"excerpt":{"rendered":"<p><strong>ISBN: 9791370297138<\/strong><\/p>\n<p><strong>SINOPSIS<\/strong><\/p>\n<p data-start=\"0\" data-end=\"271\">Este no es un cuento ni una novela. No hay h\u00e9roes ni villanos, ni una trama que seguir. Es un viaje distinto: un ensayo literario y filos\u00f3fico escrito con el pulso de la emoci\u00f3n. Cada cap\u00edtulo es una reflexi\u00f3n, un espejo, una voz que busca al lector y lo invita a sentir.<\/p>\n<p data-start=\"273\" data-end=\"508\">Es prosa que se acerca a la poes\u00eda; pensamiento que se vuelve caricia; palabras que exploran lo invisible. Un libro que no pretende dar respuestas, sino abrir preguntas, y que encuentra en el amor \u2014en todas sus formas\u2014 su raz\u00f3n de ser.<\/p>\n<p data-start=\"510\" data-end=\"605\" data-is-last-node=\"\" data-is-only-node=\"\">En definitiva, un ensayo po\u00e9tico sobre la fuerza m\u00e1s humana, antigua y eterna que existe: amar.<\/p>\n","protected":false},"featured_media":111978,"comment_status":"open","ping_status":"closed","template":"","meta":{"_acf_changed":false},"libro":[],"product_brand":[],"product_cat":[23],"product_tag":[],"class_list":{"0":"post-111975","1":"product","2":"type-product","3":"status-publish","4":"has-post-thumbnail","6":"product_cat-ensayos","8":"first","9":"instock","10":"shipping-taxable","11":"product-type-simple"},"acf":{"autor":[111976],"enlace_de_compra":"https:\/\/amzn.to\/3OhgHJy"},"yoast_head":"<!-- This site is optimized with the Yoast SEO plugin v26.6 - https:\/\/yoast.com\/wordpress\/plugins\/seo\/ -->\n<title>Nosotros amamos - Catalogo | Letrame Grupo Editorial<\/title>\n<meta name=\"robots\" content=\"index, follow, max-snippet:-1, max-image-preview:large, max-video-preview:-1\" \/>\n<link rel=\"canonical\" href=\"https:\/\/letrame.com\/catalogo\/producto\/nosotros-amamos\/\" \/>\n<meta property=\"og:locale\" content=\"es_ES\" \/>\n<meta property=\"og:type\" content=\"article\" \/>\n<meta property=\"og:title\" content=\"Nosotros amamos - Catalogo | Letrame Grupo Editorial\" \/>\n<meta property=\"og:description\" content=\"ISBN: 9791370297138  SINOPSIS Este no es un cuento ni una novela. No hay h\u00e9roes ni villanos, ni una trama que seguir. Es un viaje distinto: un ensayo literario y filos\u00f3fico escrito con el pulso de la emoci\u00f3n. Cada cap\u00edtulo es una reflexi\u00f3n, un espejo, una voz que busca al lector y lo invita a sentir. Es prosa que se acerca a la poes\u00eda; pensamiento que se vuelve caricia; palabras que exploran lo invisible. Un libro que no pretende dar respuestas, sino abrir preguntas, y que encuentra en el amor \u2014en todas sus formas\u2014 su raz\u00f3n de ser. En definitiva, un ensayo po\u00e9tico sobre la fuerza m\u00e1s humana, antigua y eterna que existe: amar.\" \/>\n<meta property=\"og:url\" content=\"https:\/\/letrame.com\/catalogo\/producto\/nosotros-amamos\/\" \/>\n<meta property=\"og:site_name\" content=\"Catalogo | Letrame Grupo Editorial\" \/>\n<meta property=\"og:image\" content=\"https:\/\/letrame.com\/catalogo\/wp-content\/uploads\/2026\/04\/Nosotrosamamos_1116mm4-1.jpg\" \/>\n\t<meta property=\"og:image:width\" content=\"886\" \/>\n\t<meta property=\"og:image:height\" content=\"1299\" \/>\n\t<meta property=\"og:image:type\" content=\"image\/jpeg\" \/>\n<meta name=\"twitter:card\" content=\"summary_large_image\" \/>\n<meta name=\"twitter:label1\" content=\"Tiempo de lectura\" \/>\n\t<meta name=\"twitter:data1\" content=\"1 minuto\" \/>\n<script type=\"application\/ld+json\" class=\"yoast-schema-graph\">{\"@context\":\"https:\/\/schema.org\",\"@graph\":[{\"@type\":\"WebPage\",\"@id\":\"https:\/\/letrame.com\/catalogo\/producto\/nosotros-amamos\/\",\"url\":\"https:\/\/letrame.com\/catalogo\/producto\/nosotros-amamos\/\",\"name\":\"Nosotros amamos - Catalogo | Letrame Grupo Editorial\",\"isPartOf\":{\"@id\":\"https:\/\/letrame.com\/catalogo\/#website\"},\"primaryImageOfPage\":{\"@id\":\"https:\/\/letrame.com\/catalogo\/producto\/nosotros-amamos\/#primaryimage\"},\"image\":{\"@id\":\"https:\/\/letrame.com\/catalogo\/producto\/nosotros-amamos\/#primaryimage\"},\"thumbnailUrl\":\"https:\/\/letrame.com\/catalogo\/wp-content\/uploads\/2026\/04\/Nosotrosamamos_1116mm4-1.jpg\",\"datePublished\":\"2026-04-13T15:34:03+00:00\",\"breadcrumb\":{\"@id\":\"https:\/\/letrame.com\/catalogo\/producto\/nosotros-amamos\/#breadcrumb\"},\"inLanguage\":\"es\",\"potentialAction\":[{\"@type\":\"ReadAction\",\"target\":[\"https:\/\/letrame.com\/catalogo\/producto\/nosotros-amamos\/\"]}]},{\"@type\":\"ImageObject\",\"inLanguage\":\"es\",\"@id\":\"https:\/\/letrame.com\/catalogo\/producto\/nosotros-amamos\/#primaryimage\",\"url\":\"https:\/\/letrame.com\/catalogo\/wp-content\/uploads\/2026\/04\/Nosotrosamamos_1116mm4-1.jpg\",\"contentUrl\":\"https:\/\/letrame.com\/catalogo\/wp-content\/uploads\/2026\/04\/Nosotrosamamos_1116mm4-1.jpg\",\"width\":886,\"height\":1299},{\"@type\":\"BreadcrumbList\",\"@id\":\"https:\/\/letrame.com\/catalogo\/producto\/nosotros-amamos\/#breadcrumb\",\"itemListElement\":[{\"@type\":\"ListItem\",\"position\":1,\"name\":\"Portada\",\"item\":\"https:\/\/letrame.com\/catalogo\/\"},{\"@type\":\"ListItem\",\"position\":2,\"name\":\"Cat\u00e1logo\",\"item\":\"https:\/\/letrame.com\/catalogo\/\"},{\"@type\":\"ListItem\",\"position\":3,\"name\":\"Nosotros amamos\"}]},{\"@type\":\"WebSite\",\"@id\":\"https:\/\/letrame.com\/catalogo\/#website\",\"url\":\"https:\/\/letrame.com\/catalogo\/\",\"name\":\"Catalogo | Letrame Grupo Editorial\",\"description\":\"\",\"publisher\":{\"@id\":\"https:\/\/letrame.com\/catalogo\/#organization\"},\"potentialAction\":[{\"@type\":\"SearchAction\",\"target\":{\"@type\":\"EntryPoint\",\"urlTemplate\":\"https:\/\/letrame.com\/catalogo\/?s={search_term_string}\"},\"query-input\":{\"@type\":\"PropertyValueSpecification\",\"valueRequired\":true,\"valueName\":\"search_term_string\"}}],\"inLanguage\":\"es\"},{\"@type\":\"Organization\",\"@id\":\"https:\/\/letrame.com\/catalogo\/#organization\",\"name\":\"Catalogo | Letrame Grupo Editorial\",\"url\":\"https:\/\/letrame.com\/catalogo\/\",\"logo\":{\"@type\":\"ImageObject\",\"inLanguage\":\"es\",\"@id\":\"https:\/\/letrame.com\/catalogo\/#\/schema\/logo\/image\/\",\"url\":\"https:\/\/letrame.com\/catalogo\/wp-content\/uploads\/2024\/03\/logo2.webp\",\"contentUrl\":\"https:\/\/letrame.com\/catalogo\/wp-content\/uploads\/2024\/03\/logo2.webp\",\"width\":394,\"height\":128,\"caption\":\"Catalogo | Letrame Grupo Editorial\"},\"image\":{\"@id\":\"https:\/\/letrame.com\/catalogo\/#\/schema\/logo\/image\/\"}}]}<\/script>\n<!-- \/ Yoast SEO plugin. -->","yoast_head_json":{"title":"Nosotros amamos - Catalogo | Letrame Grupo Editorial","robots":{"index":"index","follow":"follow","max-snippet":"max-snippet:-1","max-image-preview":"max-image-preview:large","max-video-preview":"max-video-preview:-1"},"canonical":"https:\/\/letrame.com\/catalogo\/producto\/nosotros-amamos\/","og_locale":"es_ES","og_type":"article","og_title":"Nosotros amamos - Catalogo | Letrame Grupo Editorial","og_description":"ISBN: 9791370297138  SINOPSIS Este no es un cuento ni una novela. No hay h\u00e9roes ni villanos, ni una trama que seguir. Es un viaje distinto: un ensayo literario y filos\u00f3fico escrito con el pulso de la emoci\u00f3n. Cada cap\u00edtulo es una reflexi\u00f3n, un espejo, una voz que busca al lector y lo invita a sentir. Es prosa que se acerca a la poes\u00eda; pensamiento que se vuelve caricia; palabras que exploran lo invisible. Un libro que no pretende dar respuestas, sino abrir preguntas, y que encuentra en el amor \u2014en todas sus formas\u2014 su raz\u00f3n de ser. En definitiva, un ensayo po\u00e9tico sobre la fuerza m\u00e1s humana, antigua y eterna que existe: amar.","og_url":"https:\/\/letrame.com\/catalogo\/producto\/nosotros-amamos\/","og_site_name":"Catalogo | Letrame Grupo Editorial","og_image":[{"width":886,"height":1299,"url":"https:\/\/letrame.com\/catalogo\/wp-content\/uploads\/2026\/04\/Nosotrosamamos_1116mm4-1.jpg","type":"image\/jpeg"}],"twitter_card":"summary_large_image","twitter_misc":{"Tiempo de lectura":"1 minuto"},"schema":{"@context":"https:\/\/schema.org","@graph":[{"@type":"WebPage","@id":"https:\/\/letrame.com\/catalogo\/producto\/nosotros-amamos\/","url":"https:\/\/letrame.com\/catalogo\/producto\/nosotros-amamos\/","name":"Nosotros amamos - Catalogo | Letrame Grupo Editorial","isPartOf":{"@id":"https:\/\/letrame.com\/catalogo\/#website"},"primaryImageOfPage":{"@id":"https:\/\/letrame.com\/catalogo\/producto\/nosotros-amamos\/#primaryimage"},"image":{"@id":"https:\/\/letrame.com\/catalogo\/producto\/nosotros-amamos\/#primaryimage"},"thumbnailUrl":"https:\/\/letrame.com\/catalogo\/wp-content\/uploads\/2026\/04\/Nosotrosamamos_1116mm4-1.jpg","datePublished":"2026-04-13T15:34:03+00:00","breadcrumb":{"@id":"https:\/\/letrame.com\/catalogo\/producto\/nosotros-amamos\/#breadcrumb"},"inLanguage":"es","potentialAction":[{"@type":"ReadAction","target":["https:\/\/letrame.com\/catalogo\/producto\/nosotros-amamos\/"]}]},{"@type":"ImageObject","inLanguage":"es","@id":"https:\/\/letrame.com\/catalogo\/producto\/nosotros-amamos\/#primaryimage","url":"https:\/\/letrame.com\/catalogo\/wp-content\/uploads\/2026\/04\/Nosotrosamamos_1116mm4-1.jpg","contentUrl":"https:\/\/letrame.com\/catalogo\/wp-content\/uploads\/2026\/04\/Nosotrosamamos_1116mm4-1.jpg","width":886,"height":1299},{"@type":"BreadcrumbList","@id":"https:\/\/letrame.com\/catalogo\/producto\/nosotros-amamos\/#breadcrumb","itemListElement":[{"@type":"ListItem","position":1,"name":"Portada","item":"https:\/\/letrame.com\/catalogo\/"},{"@type":"ListItem","position":2,"name":"Cat\u00e1logo","item":"https:\/\/letrame.com\/catalogo\/"},{"@type":"ListItem","position":3,"name":"Nosotros amamos"}]},{"@type":"WebSite","@id":"https:\/\/letrame.com\/catalogo\/#website","url":"https:\/\/letrame.com\/catalogo\/","name":"Catalogo | Letrame Grupo Editorial","description":"","publisher":{"@id":"https:\/\/letrame.com\/catalogo\/#organization"},"potentialAction":[{"@type":"SearchAction","target":{"@type":"EntryPoint","urlTemplate":"https:\/\/letrame.com\/catalogo\/?s={search_term_string}"},"query-input":{"@type":"PropertyValueSpecification","valueRequired":true,"valueName":"search_term_string"}}],"inLanguage":"es"},{"@type":"Organization","@id":"https:\/\/letrame.com\/catalogo\/#organization","name":"Catalogo | Letrame Grupo Editorial","url":"https:\/\/letrame.com\/catalogo\/","logo":{"@type":"ImageObject","inLanguage":"es","@id":"https:\/\/letrame.com\/catalogo\/#\/schema\/logo\/image\/","url":"https:\/\/letrame.com\/catalogo\/wp-content\/uploads\/2024\/03\/logo2.webp","contentUrl":"https:\/\/letrame.com\/catalogo\/wp-content\/uploads\/2024\/03\/logo2.webp","width":394,"height":128,"caption":"Catalogo | Letrame Grupo Editorial"},"image":{"@id":"https:\/\/letrame.com\/catalogo\/#\/schema\/logo\/image\/"}}]}},"_links":{"self":[{"href":"https:\/\/letrame.com\/catalogo\/wp-json\/wp\/v2\/product\/111975","targetHints":{"allow":["GET"]}}],"collection":[{"href":"https:\/\/letrame.com\/catalogo\/wp-json\/wp\/v2\/product"}],"about":[{"href":"https:\/\/letrame.com\/catalogo\/wp-json\/wp\/v2\/types\/product"}],"replies":[{"embeddable":true,"href":"https:\/\/letrame.com\/catalogo\/wp-json\/wp\/v2\/comments?post=111975"}],"acf:post":[{"embeddable":true,"href":"https:\/\/letrame.com\/catalogo\/wp-json\/wp\/v2\/author_book\/111976"}],"wp:featuredmedia":[{"embeddable":true,"href":"https:\/\/letrame.com\/catalogo\/wp-json\/wp\/v2\/media\/111978"}],"wp:attachment":[{"href":"https:\/\/letrame.com\/catalogo\/wp-json\/wp\/v2\/media?parent=111975"}],"wp:term":[{"taxonomy":"libro","embeddable":true,"href":"https:\/\/letrame.com\/catalogo\/wp-json\/wp\/v2\/libro?post=111975"},{"taxonomy":"product_brand","embeddable":true,"href":"https:\/\/letrame.com\/catalogo\/wp-json\/wp\/v2\/product_brand?post=111975"},{"taxonomy":"product_cat","embeddable":true,"href":"https:\/\/letrame.com\/catalogo\/wp-json\/wp\/v2\/product_cat?post=111975"},{"taxonomy":"product_tag","embeddable":true,"href":"https:\/\/letrame.com\/catalogo\/wp-json\/wp\/v2\/product_tag?post=111975"}],"curies":[{"name":"wp","href":"https:\/\/api.w.org\/{rel}","templated":true}]}}