{"id":111964,"date":"2026-04-13T17:21:56","date_gmt":"2026-04-13T15:21:56","guid":{"rendered":"https:\/\/letrame.com\/catalogo\/?post_type=product&#038;p=111964"},"modified":"2026-04-13T17:21:57","modified_gmt":"2026-04-13T15:21:57","slug":"chapero","status":"publish","type":"product","link":"https:\/\/letrame.com\/catalogo\/producto\/chapero\/","title":{"rendered":"Chapero"},"content":{"rendered":"<p><strong>ISBN: 9791370297060<\/strong><br \/>\n<strong>T\u00edtulo: Chapero<\/strong><br \/>\n<strong>Fecha: 2025<\/strong><br \/>\n<strong>P\u00e1ginas: 202<\/strong><\/p>\n<p><strong>SINOPSIS<\/strong><\/p>\n<p data-start=\"0\" data-end=\"245\">La vida de un mundo tranquilo, apacible y de una ni\u00f1ez vivida en plena naturaleza e integrado en la misma. El tener que abandonar tu peque\u00f1a aldea, un lugar id\u00edlico, por la construcci\u00f3n de un gran embalse, desde la visi\u00f3n y recuerdos de un ni\u00f1o.<\/p>\n<p data-start=\"247\" data-end=\"394\">Un repaso por la historia y acontecimientos m\u00e1s importantes que sucedieron en la aldea y pueblo en que nac\u00ed, la llegada a un mundo nuevo, Valencia.<\/p>\n<p data-start=\"396\" data-end=\"572\" data-is-last-node=\"\" data-is-only-node=\"\">Un recorrido por mi juventud y por la que ser\u00eda mi profesi\u00f3n, la prostituci\u00f3n, con un resumen de problemas, vivencias y mis a\u00f1os finales de decadencia y reflexi\u00f3n como chapero.<\/p>\n","protected":false},"excerpt":{"rendered":"<p><strong>ISBN: 9791370297060<\/strong><\/p>\n<p><strong>SINOPSIS<\/strong><\/p>\n<p data-start=\"0\" data-end=\"245\">La vida de un mundo tranquilo, apacible y de una ni\u00f1ez vivida en plena naturaleza e integrado en la misma. El tener que abandonar tu peque\u00f1a aldea, un lugar id\u00edlico, por la construcci\u00f3n de un gran embalse, desde la visi\u00f3n y recuerdos de un ni\u00f1o.<\/p>\n<p data-start=\"247\" data-end=\"394\">Un repaso por la historia y acontecimientos m\u00e1s importantes que sucedieron en la aldea y pueblo en que nac\u00ed, la llegada a un mundo nuevo, Valencia.<\/p>\n<p data-start=\"396\" data-end=\"572\" data-is-last-node=\"\" data-is-only-node=\"\">Un recorrido por mi juventud y por la que ser\u00eda mi profesi\u00f3n, la prostituci\u00f3n, con un resumen de problemas, vivencias y mis a\u00f1os finales de decadencia y reflexi\u00f3n como chapero.<\/p>\n","protected":false},"featured_media":111968,"comment_status":"open","ping_status":"closed","template":"","meta":{"_acf_changed":false},"libro":[],"product_brand":[],"product_cat":[29],"product_tag":[],"class_list":{"0":"post-111964","1":"product","2":"type-product","3":"status-publish","4":"has-post-thumbnail","6":"product_cat-novela-historica","8":"first","9":"instock","10":"shipping-taxable","11":"product-type-simple"},"acf":{"autor":[111965],"enlace_de_compra":"https:\/\/amzn.to\/48qLqus"},"yoast_head":"<!-- This site is optimized with the Yoast SEO plugin v26.6 - https:\/\/yoast.com\/wordpress\/plugins\/seo\/ -->\n<title>Chapero - Catalogo | Letrame Grupo Editorial<\/title>\n<meta name=\"robots\" content=\"index, follow, max-snippet:-1, max-image-preview:large, max-video-preview:-1\" \/>\n<link rel=\"canonical\" href=\"https:\/\/letrame.com\/catalogo\/producto\/chapero\/\" \/>\n<meta property=\"og:locale\" content=\"es_ES\" \/>\n<meta property=\"og:type\" content=\"article\" \/>\n<meta property=\"og:title\" content=\"Chapero - Catalogo | Letrame Grupo Editorial\" \/>\n<meta property=\"og:description\" content=\"ISBN: 9791370297060  SINOPSIS La vida de un mundo tranquilo, apacible y de una ni\u00f1ez vivida en plena naturaleza e integrado en la misma. El tener que abandonar tu peque\u00f1a aldea, un lugar id\u00edlico, por la construcci\u00f3n de un gran embalse, desde la visi\u00f3n y recuerdos de un ni\u00f1o. Un repaso por la historia y acontecimientos m\u00e1s importantes que sucedieron en la aldea y pueblo en que nac\u00ed, la llegada a un mundo nuevo, Valencia. Un recorrido por mi juventud y por la que ser\u00eda mi profesi\u00f3n, la prostituci\u00f3n, con un resumen de problemas, vivencias y mis a\u00f1os finales de decadencia y reflexi\u00f3n como chapero.\" \/>\n<meta property=\"og:url\" content=\"https:\/\/letrame.com\/catalogo\/producto\/chapero\/\" \/>\n<meta property=\"og:site_name\" content=\"Catalogo | Letrame Grupo Editorial\" \/>\n<meta property=\"article:modified_time\" content=\"2026-04-13T15:21:57+00:00\" \/>\n<meta property=\"og:image\" content=\"https:\/\/letrame.com\/catalogo\/wp-content\/uploads\/2026\/04\/chapero_797mm4-1.jpg\" \/>\n\t<meta property=\"og:image:width\" content=\"827\" \/>\n\t<meta property=\"og:image:height\" content=\"1240\" \/>\n\t<meta property=\"og:image:type\" content=\"image\/jpeg\" \/>\n<meta name=\"twitter:card\" content=\"summary_large_image\" \/>\n<meta name=\"twitter:label1\" content=\"Tiempo de lectura\" \/>\n\t<meta name=\"twitter:data1\" content=\"1 minuto\" \/>\n<script type=\"application\/ld+json\" class=\"yoast-schema-graph\">{\"@context\":\"https:\/\/schema.org\",\"@graph\":[{\"@type\":\"WebPage\",\"@id\":\"https:\/\/letrame.com\/catalogo\/producto\/chapero\/\",\"url\":\"https:\/\/letrame.com\/catalogo\/producto\/chapero\/\",\"name\":\"Chapero - Catalogo | Letrame Grupo Editorial\",\"isPartOf\":{\"@id\":\"https:\/\/letrame.com\/catalogo\/#website\"},\"primaryImageOfPage\":{\"@id\":\"https:\/\/letrame.com\/catalogo\/producto\/chapero\/#primaryimage\"},\"image\":{\"@id\":\"https:\/\/letrame.com\/catalogo\/producto\/chapero\/#primaryimage\"},\"thumbnailUrl\":\"https:\/\/letrame.com\/catalogo\/wp-content\/uploads\/2026\/04\/chapero_797mm4-1.jpg\",\"datePublished\":\"2026-04-13T15:21:56+00:00\",\"dateModified\":\"2026-04-13T15:21:57+00:00\",\"breadcrumb\":{\"@id\":\"https:\/\/letrame.com\/catalogo\/producto\/chapero\/#breadcrumb\"},\"inLanguage\":\"es\",\"potentialAction\":[{\"@type\":\"ReadAction\",\"target\":[\"https:\/\/letrame.com\/catalogo\/producto\/chapero\/\"]}]},{\"@type\":\"ImageObject\",\"inLanguage\":\"es\",\"@id\":\"https:\/\/letrame.com\/catalogo\/producto\/chapero\/#primaryimage\",\"url\":\"https:\/\/letrame.com\/catalogo\/wp-content\/uploads\/2026\/04\/chapero_797mm4-1.jpg\",\"contentUrl\":\"https:\/\/letrame.com\/catalogo\/wp-content\/uploads\/2026\/04\/chapero_797mm4-1.jpg\",\"width\":827,\"height\":1240},{\"@type\":\"BreadcrumbList\",\"@id\":\"https:\/\/letrame.com\/catalogo\/producto\/chapero\/#breadcrumb\",\"itemListElement\":[{\"@type\":\"ListItem\",\"position\":1,\"name\":\"Portada\",\"item\":\"https:\/\/letrame.com\/catalogo\/\"},{\"@type\":\"ListItem\",\"position\":2,\"name\":\"Cat\u00e1logo\",\"item\":\"https:\/\/letrame.com\/catalogo\/\"},{\"@type\":\"ListItem\",\"position\":3,\"name\":\"Chapero\"}]},{\"@type\":\"WebSite\",\"@id\":\"https:\/\/letrame.com\/catalogo\/#website\",\"url\":\"https:\/\/letrame.com\/catalogo\/\",\"name\":\"Catalogo | Letrame Grupo Editorial\",\"description\":\"\",\"publisher\":{\"@id\":\"https:\/\/letrame.com\/catalogo\/#organization\"},\"potentialAction\":[{\"@type\":\"SearchAction\",\"target\":{\"@type\":\"EntryPoint\",\"urlTemplate\":\"https:\/\/letrame.com\/catalogo\/?s={search_term_string}\"},\"query-input\":{\"@type\":\"PropertyValueSpecification\",\"valueRequired\":true,\"valueName\":\"search_term_string\"}}],\"inLanguage\":\"es\"},{\"@type\":\"Organization\",\"@id\":\"https:\/\/letrame.com\/catalogo\/#organization\",\"name\":\"Catalogo | Letrame Grupo Editorial\",\"url\":\"https:\/\/letrame.com\/catalogo\/\",\"logo\":{\"@type\":\"ImageObject\",\"inLanguage\":\"es\",\"@id\":\"https:\/\/letrame.com\/catalogo\/#\/schema\/logo\/image\/\",\"url\":\"https:\/\/letrame.com\/catalogo\/wp-content\/uploads\/2024\/03\/logo2.webp\",\"contentUrl\":\"https:\/\/letrame.com\/catalogo\/wp-content\/uploads\/2024\/03\/logo2.webp\",\"width\":394,\"height\":128,\"caption\":\"Catalogo | Letrame Grupo Editorial\"},\"image\":{\"@id\":\"https:\/\/letrame.com\/catalogo\/#\/schema\/logo\/image\/\"}}]}<\/script>\n<!-- \/ Yoast SEO plugin. -->","yoast_head_json":{"title":"Chapero - Catalogo | Letrame Grupo Editorial","robots":{"index":"index","follow":"follow","max-snippet":"max-snippet:-1","max-image-preview":"max-image-preview:large","max-video-preview":"max-video-preview:-1"},"canonical":"https:\/\/letrame.com\/catalogo\/producto\/chapero\/","og_locale":"es_ES","og_type":"article","og_title":"Chapero - Catalogo | Letrame Grupo Editorial","og_description":"ISBN: 9791370297060  SINOPSIS La vida de un mundo tranquilo, apacible y de una ni\u00f1ez vivida en plena naturaleza e integrado en la misma. El tener que abandonar tu peque\u00f1a aldea, un lugar id\u00edlico, por la construcci\u00f3n de un gran embalse, desde la visi\u00f3n y recuerdos de un ni\u00f1o. Un repaso por la historia y acontecimientos m\u00e1s importantes que sucedieron en la aldea y pueblo en que nac\u00ed, la llegada a un mundo nuevo, Valencia. Un recorrido por mi juventud y por la que ser\u00eda mi profesi\u00f3n, la prostituci\u00f3n, con un resumen de problemas, vivencias y mis a\u00f1os finales de decadencia y reflexi\u00f3n como chapero.","og_url":"https:\/\/letrame.com\/catalogo\/producto\/chapero\/","og_site_name":"Catalogo | Letrame Grupo Editorial","article_modified_time":"2026-04-13T15:21:57+00:00","og_image":[{"width":827,"height":1240,"url":"https:\/\/letrame.com\/catalogo\/wp-content\/uploads\/2026\/04\/chapero_797mm4-1.jpg","type":"image\/jpeg"}],"twitter_card":"summary_large_image","twitter_misc":{"Tiempo de lectura":"1 minuto"},"schema":{"@context":"https:\/\/schema.org","@graph":[{"@type":"WebPage","@id":"https:\/\/letrame.com\/catalogo\/producto\/chapero\/","url":"https:\/\/letrame.com\/catalogo\/producto\/chapero\/","name":"Chapero - Catalogo | Letrame Grupo Editorial","isPartOf":{"@id":"https:\/\/letrame.com\/catalogo\/#website"},"primaryImageOfPage":{"@id":"https:\/\/letrame.com\/catalogo\/producto\/chapero\/#primaryimage"},"image":{"@id":"https:\/\/letrame.com\/catalogo\/producto\/chapero\/#primaryimage"},"thumbnailUrl":"https:\/\/letrame.com\/catalogo\/wp-content\/uploads\/2026\/04\/chapero_797mm4-1.jpg","datePublished":"2026-04-13T15:21:56+00:00","dateModified":"2026-04-13T15:21:57+00:00","breadcrumb":{"@id":"https:\/\/letrame.com\/catalogo\/producto\/chapero\/#breadcrumb"},"inLanguage":"es","potentialAction":[{"@type":"ReadAction","target":["https:\/\/letrame.com\/catalogo\/producto\/chapero\/"]}]},{"@type":"ImageObject","inLanguage":"es","@id":"https:\/\/letrame.com\/catalogo\/producto\/chapero\/#primaryimage","url":"https:\/\/letrame.com\/catalogo\/wp-content\/uploads\/2026\/04\/chapero_797mm4-1.jpg","contentUrl":"https:\/\/letrame.com\/catalogo\/wp-content\/uploads\/2026\/04\/chapero_797mm4-1.jpg","width":827,"height":1240},{"@type":"BreadcrumbList","@id":"https:\/\/letrame.com\/catalogo\/producto\/chapero\/#breadcrumb","itemListElement":[{"@type":"ListItem","position":1,"name":"Portada","item":"https:\/\/letrame.com\/catalogo\/"},{"@type":"ListItem","position":2,"name":"Cat\u00e1logo","item":"https:\/\/letrame.com\/catalogo\/"},{"@type":"ListItem","position":3,"name":"Chapero"}]},{"@type":"WebSite","@id":"https:\/\/letrame.com\/catalogo\/#website","url":"https:\/\/letrame.com\/catalogo\/","name":"Catalogo | Letrame Grupo Editorial","description":"","publisher":{"@id":"https:\/\/letrame.com\/catalogo\/#organization"},"potentialAction":[{"@type":"SearchAction","target":{"@type":"EntryPoint","urlTemplate":"https:\/\/letrame.com\/catalogo\/?s={search_term_string}"},"query-input":{"@type":"PropertyValueSpecification","valueRequired":true,"valueName":"search_term_string"}}],"inLanguage":"es"},{"@type":"Organization","@id":"https:\/\/letrame.com\/catalogo\/#organization","name":"Catalogo | Letrame Grupo Editorial","url":"https:\/\/letrame.com\/catalogo\/","logo":{"@type":"ImageObject","inLanguage":"es","@id":"https:\/\/letrame.com\/catalogo\/#\/schema\/logo\/image\/","url":"https:\/\/letrame.com\/catalogo\/wp-content\/uploads\/2024\/03\/logo2.webp","contentUrl":"https:\/\/letrame.com\/catalogo\/wp-content\/uploads\/2024\/03\/logo2.webp","width":394,"height":128,"caption":"Catalogo | Letrame Grupo Editorial"},"image":{"@id":"https:\/\/letrame.com\/catalogo\/#\/schema\/logo\/image\/"}}]}},"_links":{"self":[{"href":"https:\/\/letrame.com\/catalogo\/wp-json\/wp\/v2\/product\/111964","targetHints":{"allow":["GET"]}}],"collection":[{"href":"https:\/\/letrame.com\/catalogo\/wp-json\/wp\/v2\/product"}],"about":[{"href":"https:\/\/letrame.com\/catalogo\/wp-json\/wp\/v2\/types\/product"}],"replies":[{"embeddable":true,"href":"https:\/\/letrame.com\/catalogo\/wp-json\/wp\/v2\/comments?post=111964"}],"acf:post":[{"embeddable":true,"href":"https:\/\/letrame.com\/catalogo\/wp-json\/wp\/v2\/author_book\/111965"}],"wp:featuredmedia":[{"embeddable":true,"href":"https:\/\/letrame.com\/catalogo\/wp-json\/wp\/v2\/media\/111968"}],"wp:attachment":[{"href":"https:\/\/letrame.com\/catalogo\/wp-json\/wp\/v2\/media?parent=111964"}],"wp:term":[{"taxonomy":"libro","embeddable":true,"href":"https:\/\/letrame.com\/catalogo\/wp-json\/wp\/v2\/libro?post=111964"},{"taxonomy":"product_brand","embeddable":true,"href":"https:\/\/letrame.com\/catalogo\/wp-json\/wp\/v2\/product_brand?post=111964"},{"taxonomy":"product_cat","embeddable":true,"href":"https:\/\/letrame.com\/catalogo\/wp-json\/wp\/v2\/product_cat?post=111964"},{"taxonomy":"product_tag","embeddable":true,"href":"https:\/\/letrame.com\/catalogo\/wp-json\/wp\/v2\/product_tag?post=111964"}],"curies":[{"name":"wp","href":"https:\/\/api.w.org\/{rel}","templated":true}]}}