{"id":111957,"date":"2026-04-13T17:11:43","date_gmt":"2026-04-13T15:11:43","guid":{"rendered":"https:\/\/letrame.com\/catalogo\/?post_type=product&#038;p=111957"},"modified":"2026-04-13T17:15:11","modified_gmt":"2026-04-13T15:15:11","slug":"el-dia-que-te-conoci","status":"publish","type":"product","link":"https:\/\/letrame.com\/catalogo\/producto\/el-dia-que-te-conoci\/","title":{"rendered":"El d\u00eda que te conoc\u00ed"},"content":{"rendered":"<p><strong>ISBN: 9791370296827<\/strong><br \/>\n<strong>T\u00edtulo: El d\u00eda que te conoc\u00ed<\/strong><br \/>\n<strong>Fecha: 2026<\/strong><br \/>\n<strong>P\u00e1ginas: 438<\/strong><\/p>\n<p><strong>SINOPSIS<\/strong><\/p>\n<p data-start=\"0\" data-end=\"401\">Luna no cree en las historias de amor. No porque no existen, sino porque la vida ya le ha arrebatado demasiado como para volver a apostar el coraz\u00f3n. Amante de la escritura, marcada por la ausencia de su padre y sostenida por los v\u00ednculos que s\u00ed permanecen \u2014como la amistad, la familia o la memoria\u2014, Luna ha aprendido a vivir con los pies en la tierra y la mirada, inevitablemente, puesta en la Luna.<\/p>\n<p data-start=\"403\" data-end=\"671\">Alexander, en cambio, es todo lo que ella evita: m\u00fasico popular, rodeado de rumores, deseado por muchos y comprendido por pocos. Detr\u00e1s de la imagen de chico seguro y superficial, se esconde alguien tan fr\u00e1gil como ella, atrapado en una m\u00e1scara que no eligi\u00f3 del todo.<\/p>\n<p data-start=\"673\" data-end=\"1032\">Un encuentro fortuito, una pulsera compartida y una serie de coincidencias imposibles los empujan a cruzar fronteras emocionales que ninguno pensaba atravesar. Entre silencios, risas inc\u00f3modas, heridas familiares y prejuicios ajenos, ambos descubrir\u00e1n que conocer a alguien de verdad implica despojarse de los rumores, enfrentar el dolor y atreverse a sentir.<\/p>\n<p data-start=\"1034\" data-end=\"1162\" data-is-last-node=\"\" data-is-only-node=\"\">El d\u00eda que te conoc\u00ed nos recuerda que, a veces, las personas que llegan sin prometer nada son las que terminan cambi\u00e1ndolo todo.<\/p>\n","protected":false},"excerpt":{"rendered":"<p><strong>ISBN: 9791370296827<\/strong><\/p>\n<p><strong>SINOPSIS<\/strong><\/p>\n<p data-start=\"0\" data-end=\"401\">Luna no cree en las historias de amor. No porque no existen, sino porque la vida ya le ha arrebatado demasiado como para volver a apostar el coraz\u00f3n. Amante de la escritura, marcada por la ausencia de su padre y sostenida por los v\u00ednculos que s\u00ed permanecen \u2014como la amistad, la familia o la memoria\u2014, Luna ha aprendido a vivir con los pies en la tierra y la mirada, inevitablemente, puesta en la Luna.<\/p>\n<p data-start=\"403\" data-end=\"671\">Alexander, en cambio, es todo lo que ella evita: m\u00fasico popular, rodeado de rumores, deseado por muchos y comprendido por pocos. Detr\u00e1s de la imagen de chico seguro y superficial, se esconde alguien tan fr\u00e1gil como ella, atrapado en una m\u00e1scara que no eligi\u00f3 del todo.<\/p>\n<p data-start=\"673\" data-end=\"1032\">Un encuentro fortuito, una pulsera compartida y una serie de coincidencias imposibles los empujan a cruzar fronteras emocionales que ninguno pensaba atravesar. Entre silencios, risas inc\u00f3modas, heridas familiares y prejuicios ajenos, ambos descubrir\u00e1n que conocer a alguien de verdad implica despojarse de los rumores, enfrentar el dolor y atreverse a sentir.<\/p>\n<p data-start=\"1034\" data-end=\"1162\" data-is-last-node=\"\" data-is-only-node=\"\">El d\u00eda que te conoc\u00ed nos recuerda que, a veces, las personas que llegan sin prometer nada son las que terminan cambi\u00e1ndolo todo.<\/p>\n","protected":false},"featured_media":111963,"comment_status":"open","ping_status":"closed","template":"","meta":{"_acf_changed":false},"libro":[],"product_brand":[],"product_cat":[147],"product_tag":[],"class_list":{"0":"post-111957","1":"product","2":"type-product","3":"status-publish","4":"has-post-thumbnail","6":"product_cat-romance","8":"first","9":"instock","10":"shipping-taxable","11":"product-type-simple"},"acf":{"autor":[111958],"enlace_de_compra":"https:\/\/amzn.to\/4mmowtS"},"yoast_head":"<!-- This site is optimized with the Yoast SEO plugin v26.6 - https:\/\/yoast.com\/wordpress\/plugins\/seo\/ -->\n<title>El d\u00eda que te conoc\u00ed - Catalogo | Letrame Grupo Editorial<\/title>\n<meta name=\"robots\" content=\"index, follow, max-snippet:-1, max-image-preview:large, max-video-preview:-1\" \/>\n<link rel=\"canonical\" href=\"https:\/\/letrame.com\/catalogo\/producto\/el-dia-que-te-conoci\/\" \/>\n<meta property=\"og:locale\" content=\"es_ES\" \/>\n<meta property=\"og:type\" content=\"article\" \/>\n<meta property=\"og:title\" content=\"El d\u00eda que te conoc\u00ed - Catalogo | Letrame Grupo Editorial\" \/>\n<meta property=\"og:description\" content=\"ISBN: 9791370296827  SINOPSIS Luna no cree en las historias de amor. No porque no existen, sino porque la vida ya le ha arrebatado demasiado como para volver a apostar el coraz\u00f3n. Amante de la escritura, marcada por la ausencia de su padre y sostenida por los v\u00ednculos que s\u00ed permanecen \u2014como la amistad, la familia o la memoria\u2014, Luna ha aprendido a vivir con los pies en la tierra y la mirada, inevitablemente, puesta en la Luna. Alexander, en cambio, es todo lo que ella evita: m\u00fasico popular, rodeado de rumores, deseado por muchos y comprendido por pocos. Detr\u00e1s de la imagen de chico seguro y superficial, se esconde alguien tan fr\u00e1gil como ella, atrapado en una m\u00e1scara que no eligi\u00f3 del todo. Un encuentro fortuito, una pulsera compartida y una serie de coincidencias imposibles los empujan a cruzar fronteras emocionales que ninguno pensaba atravesar. Entre silencios, risas inc\u00f3modas, heridas familiares y prejuicios ajenos, ambos descubrir\u00e1n que conocer a alguien de verdad implica despojarse de los rumores, enfrentar el dolor y atreverse a sentir. El d\u00eda que te conoc\u00ed nos recuerda que, a veces, las personas que llegan sin prometer nada son las que terminan cambi\u00e1ndolo todo.\" \/>\n<meta property=\"og:url\" content=\"https:\/\/letrame.com\/catalogo\/producto\/el-dia-que-te-conoci\/\" \/>\n<meta property=\"og:site_name\" content=\"Catalogo | Letrame Grupo Editorial\" \/>\n<meta property=\"article:modified_time\" content=\"2026-04-13T15:15:11+00:00\" \/>\n<meta property=\"og:image\" content=\"https:\/\/letrame.com\/catalogo\/wp-content\/uploads\/2026\/04\/eldiaqueteconoci_2154mm4.jpg\" \/>\n\t<meta property=\"og:image:width\" content=\"797\" \/>\n\t<meta property=\"og:image:height\" content=\"1169\" \/>\n\t<meta property=\"og:image:type\" content=\"image\/jpeg\" \/>\n<meta name=\"twitter:card\" content=\"summary_large_image\" \/>\n<meta name=\"twitter:label1\" content=\"Tiempo de lectura\" \/>\n\t<meta name=\"twitter:data1\" content=\"2 minutos\" \/>\n<script type=\"application\/ld+json\" class=\"yoast-schema-graph\">{\"@context\":\"https:\/\/schema.org\",\"@graph\":[{\"@type\":\"WebPage\",\"@id\":\"https:\/\/letrame.com\/catalogo\/producto\/el-dia-que-te-conoci\/\",\"url\":\"https:\/\/letrame.com\/catalogo\/producto\/el-dia-que-te-conoci\/\",\"name\":\"El d\u00eda que te conoc\u00ed - Catalogo | Letrame Grupo Editorial\",\"isPartOf\":{\"@id\":\"https:\/\/letrame.com\/catalogo\/#website\"},\"primaryImageOfPage\":{\"@id\":\"https:\/\/letrame.com\/catalogo\/producto\/el-dia-que-te-conoci\/#primaryimage\"},\"image\":{\"@id\":\"https:\/\/letrame.com\/catalogo\/producto\/el-dia-que-te-conoci\/#primaryimage\"},\"thumbnailUrl\":\"https:\/\/letrame.com\/catalogo\/wp-content\/uploads\/2026\/04\/eldiaqueteconoci_2154mm4.jpg\",\"datePublished\":\"2026-04-13T15:11:43+00:00\",\"dateModified\":\"2026-04-13T15:15:11+00:00\",\"breadcrumb\":{\"@id\":\"https:\/\/letrame.com\/catalogo\/producto\/el-dia-que-te-conoci\/#breadcrumb\"},\"inLanguage\":\"es\",\"potentialAction\":[{\"@type\":\"ReadAction\",\"target\":[\"https:\/\/letrame.com\/catalogo\/producto\/el-dia-que-te-conoci\/\"]}]},{\"@type\":\"ImageObject\",\"inLanguage\":\"es\",\"@id\":\"https:\/\/letrame.com\/catalogo\/producto\/el-dia-que-te-conoci\/#primaryimage\",\"url\":\"https:\/\/letrame.com\/catalogo\/wp-content\/uploads\/2026\/04\/eldiaqueteconoci_2154mm4.jpg\",\"contentUrl\":\"https:\/\/letrame.com\/catalogo\/wp-content\/uploads\/2026\/04\/eldiaqueteconoci_2154mm4.jpg\",\"width\":797,\"height\":1169},{\"@type\":\"BreadcrumbList\",\"@id\":\"https:\/\/letrame.com\/catalogo\/producto\/el-dia-que-te-conoci\/#breadcrumb\",\"itemListElement\":[{\"@type\":\"ListItem\",\"position\":1,\"name\":\"Portada\",\"item\":\"https:\/\/letrame.com\/catalogo\/\"},{\"@type\":\"ListItem\",\"position\":2,\"name\":\"Cat\u00e1logo\",\"item\":\"https:\/\/letrame.com\/catalogo\/\"},{\"@type\":\"ListItem\",\"position\":3,\"name\":\"El d\u00eda que te conoc\u00ed\"}]},{\"@type\":\"WebSite\",\"@id\":\"https:\/\/letrame.com\/catalogo\/#website\",\"url\":\"https:\/\/letrame.com\/catalogo\/\",\"name\":\"Catalogo | Letrame Grupo Editorial\",\"description\":\"\",\"publisher\":{\"@id\":\"https:\/\/letrame.com\/catalogo\/#organization\"},\"potentialAction\":[{\"@type\":\"SearchAction\",\"target\":{\"@type\":\"EntryPoint\",\"urlTemplate\":\"https:\/\/letrame.com\/catalogo\/?s={search_term_string}\"},\"query-input\":{\"@type\":\"PropertyValueSpecification\",\"valueRequired\":true,\"valueName\":\"search_term_string\"}}],\"inLanguage\":\"es\"},{\"@type\":\"Organization\",\"@id\":\"https:\/\/letrame.com\/catalogo\/#organization\",\"name\":\"Catalogo | Letrame Grupo Editorial\",\"url\":\"https:\/\/letrame.com\/catalogo\/\",\"logo\":{\"@type\":\"ImageObject\",\"inLanguage\":\"es\",\"@id\":\"https:\/\/letrame.com\/catalogo\/#\/schema\/logo\/image\/\",\"url\":\"https:\/\/letrame.com\/catalogo\/wp-content\/uploads\/2024\/03\/logo2.webp\",\"contentUrl\":\"https:\/\/letrame.com\/catalogo\/wp-content\/uploads\/2024\/03\/logo2.webp\",\"width\":394,\"height\":128,\"caption\":\"Catalogo | Letrame Grupo Editorial\"},\"image\":{\"@id\":\"https:\/\/letrame.com\/catalogo\/#\/schema\/logo\/image\/\"}}]}<\/script>\n<!-- \/ Yoast SEO plugin. -->","yoast_head_json":{"title":"El d\u00eda que te conoc\u00ed - Catalogo | Letrame Grupo Editorial","robots":{"index":"index","follow":"follow","max-snippet":"max-snippet:-1","max-image-preview":"max-image-preview:large","max-video-preview":"max-video-preview:-1"},"canonical":"https:\/\/letrame.com\/catalogo\/producto\/el-dia-que-te-conoci\/","og_locale":"es_ES","og_type":"article","og_title":"El d\u00eda que te conoc\u00ed - Catalogo | Letrame Grupo Editorial","og_description":"ISBN: 9791370296827  SINOPSIS Luna no cree en las historias de amor. No porque no existen, sino porque la vida ya le ha arrebatado demasiado como para volver a apostar el coraz\u00f3n. Amante de la escritura, marcada por la ausencia de su padre y sostenida por los v\u00ednculos que s\u00ed permanecen \u2014como la amistad, la familia o la memoria\u2014, Luna ha aprendido a vivir con los pies en la tierra y la mirada, inevitablemente, puesta en la Luna. Alexander, en cambio, es todo lo que ella evita: m\u00fasico popular, rodeado de rumores, deseado por muchos y comprendido por pocos. Detr\u00e1s de la imagen de chico seguro y superficial, se esconde alguien tan fr\u00e1gil como ella, atrapado en una m\u00e1scara que no eligi\u00f3 del todo. Un encuentro fortuito, una pulsera compartida y una serie de coincidencias imposibles los empujan a cruzar fronteras emocionales que ninguno pensaba atravesar. Entre silencios, risas inc\u00f3modas, heridas familiares y prejuicios ajenos, ambos descubrir\u00e1n que conocer a alguien de verdad implica despojarse de los rumores, enfrentar el dolor y atreverse a sentir. El d\u00eda que te conoc\u00ed nos recuerda que, a veces, las personas que llegan sin prometer nada son las que terminan cambi\u00e1ndolo todo.","og_url":"https:\/\/letrame.com\/catalogo\/producto\/el-dia-que-te-conoci\/","og_site_name":"Catalogo | Letrame Grupo Editorial","article_modified_time":"2026-04-13T15:15:11+00:00","og_image":[{"width":797,"height":1169,"url":"https:\/\/letrame.com\/catalogo\/wp-content\/uploads\/2026\/04\/eldiaqueteconoci_2154mm4.jpg","type":"image\/jpeg"}],"twitter_card":"summary_large_image","twitter_misc":{"Tiempo de lectura":"2 minutos"},"schema":{"@context":"https:\/\/schema.org","@graph":[{"@type":"WebPage","@id":"https:\/\/letrame.com\/catalogo\/producto\/el-dia-que-te-conoci\/","url":"https:\/\/letrame.com\/catalogo\/producto\/el-dia-que-te-conoci\/","name":"El d\u00eda que te conoc\u00ed - Catalogo | Letrame Grupo Editorial","isPartOf":{"@id":"https:\/\/letrame.com\/catalogo\/#website"},"primaryImageOfPage":{"@id":"https:\/\/letrame.com\/catalogo\/producto\/el-dia-que-te-conoci\/#primaryimage"},"image":{"@id":"https:\/\/letrame.com\/catalogo\/producto\/el-dia-que-te-conoci\/#primaryimage"},"thumbnailUrl":"https:\/\/letrame.com\/catalogo\/wp-content\/uploads\/2026\/04\/eldiaqueteconoci_2154mm4.jpg","datePublished":"2026-04-13T15:11:43+00:00","dateModified":"2026-04-13T15:15:11+00:00","breadcrumb":{"@id":"https:\/\/letrame.com\/catalogo\/producto\/el-dia-que-te-conoci\/#breadcrumb"},"inLanguage":"es","potentialAction":[{"@type":"ReadAction","target":["https:\/\/letrame.com\/catalogo\/producto\/el-dia-que-te-conoci\/"]}]},{"@type":"ImageObject","inLanguage":"es","@id":"https:\/\/letrame.com\/catalogo\/producto\/el-dia-que-te-conoci\/#primaryimage","url":"https:\/\/letrame.com\/catalogo\/wp-content\/uploads\/2026\/04\/eldiaqueteconoci_2154mm4.jpg","contentUrl":"https:\/\/letrame.com\/catalogo\/wp-content\/uploads\/2026\/04\/eldiaqueteconoci_2154mm4.jpg","width":797,"height":1169},{"@type":"BreadcrumbList","@id":"https:\/\/letrame.com\/catalogo\/producto\/el-dia-que-te-conoci\/#breadcrumb","itemListElement":[{"@type":"ListItem","position":1,"name":"Portada","item":"https:\/\/letrame.com\/catalogo\/"},{"@type":"ListItem","position":2,"name":"Cat\u00e1logo","item":"https:\/\/letrame.com\/catalogo\/"},{"@type":"ListItem","position":3,"name":"El d\u00eda que te conoc\u00ed"}]},{"@type":"WebSite","@id":"https:\/\/letrame.com\/catalogo\/#website","url":"https:\/\/letrame.com\/catalogo\/","name":"Catalogo | Letrame Grupo Editorial","description":"","publisher":{"@id":"https:\/\/letrame.com\/catalogo\/#organization"},"potentialAction":[{"@type":"SearchAction","target":{"@type":"EntryPoint","urlTemplate":"https:\/\/letrame.com\/catalogo\/?s={search_term_string}"},"query-input":{"@type":"PropertyValueSpecification","valueRequired":true,"valueName":"search_term_string"}}],"inLanguage":"es"},{"@type":"Organization","@id":"https:\/\/letrame.com\/catalogo\/#organization","name":"Catalogo | Letrame Grupo Editorial","url":"https:\/\/letrame.com\/catalogo\/","logo":{"@type":"ImageObject","inLanguage":"es","@id":"https:\/\/letrame.com\/catalogo\/#\/schema\/logo\/image\/","url":"https:\/\/letrame.com\/catalogo\/wp-content\/uploads\/2024\/03\/logo2.webp","contentUrl":"https:\/\/letrame.com\/catalogo\/wp-content\/uploads\/2024\/03\/logo2.webp","width":394,"height":128,"caption":"Catalogo | Letrame Grupo Editorial"},"image":{"@id":"https:\/\/letrame.com\/catalogo\/#\/schema\/logo\/image\/"}}]}},"_links":{"self":[{"href":"https:\/\/letrame.com\/catalogo\/wp-json\/wp\/v2\/product\/111957","targetHints":{"allow":["GET"]}}],"collection":[{"href":"https:\/\/letrame.com\/catalogo\/wp-json\/wp\/v2\/product"}],"about":[{"href":"https:\/\/letrame.com\/catalogo\/wp-json\/wp\/v2\/types\/product"}],"replies":[{"embeddable":true,"href":"https:\/\/letrame.com\/catalogo\/wp-json\/wp\/v2\/comments?post=111957"}],"acf:post":[{"embeddable":true,"href":"https:\/\/letrame.com\/catalogo\/wp-json\/wp\/v2\/author_book\/111958"}],"wp:featuredmedia":[{"embeddable":true,"href":"https:\/\/letrame.com\/catalogo\/wp-json\/wp\/v2\/media\/111963"}],"wp:attachment":[{"href":"https:\/\/letrame.com\/catalogo\/wp-json\/wp\/v2\/media?parent=111957"}],"wp:term":[{"taxonomy":"libro","embeddable":true,"href":"https:\/\/letrame.com\/catalogo\/wp-json\/wp\/v2\/libro?post=111957"},{"taxonomy":"product_brand","embeddable":true,"href":"https:\/\/letrame.com\/catalogo\/wp-json\/wp\/v2\/product_brand?post=111957"},{"taxonomy":"product_cat","embeddable":true,"href":"https:\/\/letrame.com\/catalogo\/wp-json\/wp\/v2\/product_cat?post=111957"},{"taxonomy":"product_tag","embeddable":true,"href":"https:\/\/letrame.com\/catalogo\/wp-json\/wp\/v2\/product_tag?post=111957"}],"curies":[{"name":"wp","href":"https:\/\/api.w.org\/{rel}","templated":true}]}}