{"id":111932,"date":"2026-04-13T16:31:03","date_gmt":"2026-04-13T14:31:03","guid":{"rendered":"https:\/\/letrame.com\/catalogo\/?post_type=product&#038;p=111932"},"modified":"2026-04-13T16:31:04","modified_gmt":"2026-04-13T14:31:04","slug":"me-llamo-soledad","status":"publish","type":"product","link":"https:\/\/letrame.com\/catalogo\/producto\/me-llamo-soledad\/","title":{"rendered":"Me llamo Soledad"},"content":{"rendered":"<p><strong>ISBN: 9791370294366<\/strong><br \/>\n<strong>T\u00edtulo: Me llamo Soledad<\/strong><br \/>\n<strong>Fecha: 2025<\/strong><br \/>\n<strong>P\u00e1ginas: 230<\/strong><\/p>\n<p><strong>SINOPSIS<\/strong><\/p>\n<div class=\"flex flex-col text-sm pb-25\">\n<section class=\"text-token-text-primary w-full focus:outline-none [--shadow-height:45px] has-data-writing-block:pointer-events-none has-data-writing-block:-mt-(--shadow-height) has-data-writing-block:pt-(--shadow-height) [&amp;:has([data-writing-block])&gt;*]:pointer-events-auto scroll-mt-[calc(var(--header-height)+min(200px,max(70px,20svh)))]\" dir=\"auto\" data-turn-id=\"request-WEB:0f55e096-a511-4e4d-b17e-68a88c0cb80a-70\" data-testid=\"conversation-turn-104\" data-scroll-anchor=\"true\" data-turn=\"assistant\">\n<div class=\"text-base my-auto mx-auto pb-10 [--thread-content-margin:var(--thread-content-margin-xs,calc(var(--spacing)*4))] @w-sm\/main:[--thread-content-margin:var(--thread-content-margin-sm,calc(var(--spacing)*6))] @w-lg\/main:[--thread-content-margin:var(--thread-content-margin-lg,calc(var(--spacing)*16))] px-(--thread-content-margin)\">\n<div class=\"[--thread-content-max-width:40rem] @w-lg\/main:[--thread-content-max-width:48rem] mx-auto max-w-(--thread-content-max-width) flex-1 group\/turn-messages focus-visible:outline-hidden relative flex w-full min-w-0 flex-col agent-turn\">\n<div class=\"flex max-w-full flex-col gap-4 grow\">\n<div class=\"min-h-8 text-message relative flex w-full flex-col items-end gap-2 text-start break-words whitespace-normal outline-none keyboard-focused:focus-ring [.text-message+&amp;]:mt-1\" dir=\"auto\" tabindex=\"0\" data-message-author-role=\"assistant\" data-message-id=\"6f41b81c-14d9-4843-83fe-e0254d3c6c16\" data-message-model-slug=\"gpt-5-3-mini\" data-turn-start-message=\"true\">\n<div class=\"flex w-full flex-col gap-1 empty:hidden\">\n<div class=\"markdown prose dark:prose-invert w-full wrap-break-word dark markdown-new-styling\">\n<p data-start=\"0\" data-end=\"84\">Todos conocemos a alguien que muri\u00f3 solo. Y quiz\u00e1 a\u00fan no sabemos c\u00f3mo vivir con eso.<\/p>\n<p data-start=\"86\" data-end=\"430\">Esta es la historia de Santiago, un hombre marcado por la culpa de haber dejado morir solo a su padre. A\u00f1os despu\u00e9s, regresa al hogar de su infancia. Lo acompa\u00f1an Esperanza, una mujer marcada por sus propias heridas, y do\u00f1a \u00c1ngeles, una vecina especial que carga con la sabidur\u00eda que dan los a\u00f1os\u2026 y con secretos que siempre guard\u00f3 en silencio.<\/p>\n<p data-start=\"432\" data-end=\"616\">Entre las paredes de esa casa se esconden verdades que nunca se dijeron y recuerdos que a\u00fan queman. Pero tambi\u00e9n hay ternura, humanidad y la posibilidad de reconciliarse con lo vivido.<\/p>\n<p data-start=\"618\" data-end=\"920\"><em data-start=\"618\" data-end=\"636\">Me llamo Soledad<\/em> no busca consolar, sino enfrentarte a ese espejo que evitamos mirar. Una historia que te atrapa por dentro: por lo que cuenta y por c\u00f3mo lo cuenta. Habla de v\u00ednculos familiares, de secretos que esperan salir a la luz y de ese viaje interno que, tarde o temprano, todos debemos hacer.<\/p>\n<p data-start=\"922\" data-end=\"979\" data-is-last-node=\"\" data-is-only-node=\"\">Si alguna vez te has sentido solo\u2026 este libro es para ti.<\/p>\n<\/div>\n<\/div>\n<\/div>\n<\/div>\n<div class=\"z-0 flex min-h-[46px] justify-start\"><\/div>\n<div class=\"mt-3 w-full empty:hidden\">\n<div class=\"text-center\"><\/div>\n<\/div>\n<\/div>\n<\/div>\n<\/section>\n<\/div>\n<div class=\"pointer-events-none h-px w-px absolute bottom-0\" aria-hidden=\"true\" data-edge=\"true\"><\/div>\n","protected":false},"excerpt":{"rendered":"<p><strong>ISBN: 9791370294366<\/strong><\/p>\n<p><strong>SINOPSIS<\/strong><\/p>\n<div class=\"flex flex-col text-sm pb-25\">\n<section class=\"text-token-text-primary w-full focus:outline-none [--shadow-height:45px] has-data-writing-block:pointer-events-none has-data-writing-block:-mt-(--shadow-height) has-data-writing-block:pt-(--shadow-height) [&amp;:has([data-writing-block])&gt;*]:pointer-events-auto scroll-mt-[calc(var(--header-height)+min(200px,max(70px,20svh)))]\" dir=\"auto\" data-turn-id=\"request-WEB:0f55e096-a511-4e4d-b17e-68a88c0cb80a-70\" data-testid=\"conversation-turn-104\" data-scroll-anchor=\"true\" data-turn=\"assistant\">\n<div class=\"text-base my-auto mx-auto pb-10 [--thread-content-margin:var(--thread-content-margin-xs,calc(var(--spacing)*4))] @w-sm\/main:[--thread-content-margin:var(--thread-content-margin-sm,calc(var(--spacing)*6))] @w-lg\/main:[--thread-content-margin:var(--thread-content-margin-lg,calc(var(--spacing)*16))] px-(--thread-content-margin)\">\n<div class=\"[--thread-content-max-width:40rem] @w-lg\/main:[--thread-content-max-width:48rem] mx-auto max-w-(--thread-content-max-width) flex-1 group\/turn-messages focus-visible:outline-hidden relative flex w-full min-w-0 flex-col agent-turn\">\n<div class=\"flex max-w-full flex-col gap-4 grow\">\n<div class=\"min-h-8 text-message relative flex w-full flex-col items-end gap-2 text-start break-words whitespace-normal outline-none keyboard-focused:focus-ring [.text-message+&amp;]:mt-1\" dir=\"auto\" tabindex=\"0\" data-message-author-role=\"assistant\" data-message-id=\"6f41b81c-14d9-4843-83fe-e0254d3c6c16\" data-message-model-slug=\"gpt-5-3-mini\" data-turn-start-message=\"true\">\n<div class=\"flex w-full flex-col gap-1 empty:hidden\">\n<div class=\"markdown prose dark:prose-invert w-full wrap-break-word dark markdown-new-styling\">\n<p data-start=\"0\" data-end=\"84\">Todos conocemos a alguien que muri\u00f3 solo. Y quiz\u00e1 a\u00fan no sabemos c\u00f3mo vivir con eso.<\/p>\n<p data-start=\"86\" data-end=\"430\">Esta es la historia de Santiago, un hombre marcado por la culpa de haber dejado morir solo a su padre. A\u00f1os despu\u00e9s, regresa al hogar de su infancia. Lo acompa\u00f1an Esperanza, una mujer marcada por sus propias heridas, y do\u00f1a \u00c1ngeles, una vecina especial que carga con la sabidur\u00eda que dan los a\u00f1os\u2026 y con secretos que siempre guard\u00f3 en silencio.<\/p>\n<p data-start=\"432\" data-end=\"616\">Entre las paredes de esa casa se esconden verdades que nunca se dijeron y recuerdos que a\u00fan queman. Pero tambi\u00e9n hay ternura, humanidad y la posibilidad de reconciliarse con lo vivido.<\/p>\n<p data-start=\"618\" data-end=\"920\"><em data-start=\"618\" data-end=\"636\">Me llamo Soledad<\/em> no busca consolar, sino enfrentarte a ese espejo que evitamos mirar. Una historia que te atrapa por dentro: por lo que cuenta y por c\u00f3mo lo cuenta. Habla de v\u00ednculos familiares, de secretos que esperan salir a la luz y de ese viaje interno que, tarde o temprano, todos debemos hacer.<\/p>\n<p data-start=\"922\" data-end=\"979\" data-is-last-node=\"\" data-is-only-node=\"\">Si alguna vez te has sentido solo\u2026 este libro es para ti.<\/p>\n<\/div>\n<\/div>\n<\/div>\n<\/div>\n<div class=\"z-0 flex min-h-[46px] justify-start\"><\/div>\n<div class=\"mt-3 w-full empty:hidden\">\n<div class=\"text-center\"><\/div>\n<\/div>\n<\/div>\n<\/div>\n<\/section>\n<\/div>\n","protected":false},"featured_media":111936,"comment_status":"open","ping_status":"closed","template":"","meta":{"_acf_changed":false},"libro":[],"product_brand":[],"product_cat":[141],"product_tag":[],"class_list":{"0":"post-111932","1":"product","2":"type-product","3":"status-publish","4":"has-post-thumbnail","6":"product_cat-ficcion","8":"first","9":"instock","10":"shipping-taxable","11":"product-type-simple"},"acf":{"autor":[111933],"enlace_de_compra":"https:\/\/amzn.to\/4vyDilJ"},"yoast_head":"<!-- This site is optimized with the Yoast SEO plugin v26.6 - https:\/\/yoast.com\/wordpress\/plugins\/seo\/ -->\n<title>Me llamo Soledad - Catalogo | Letrame Grupo Editorial<\/title>\n<meta name=\"robots\" content=\"index, follow, max-snippet:-1, max-image-preview:large, max-video-preview:-1\" \/>\n<link rel=\"canonical\" href=\"https:\/\/letrame.com\/catalogo\/producto\/me-llamo-soledad\/\" \/>\n<meta property=\"og:locale\" content=\"es_ES\" \/>\n<meta property=\"og:type\" content=\"article\" \/>\n<meta property=\"og:title\" content=\"Me llamo Soledad - Catalogo | Letrame Grupo Editorial\" \/>\n<meta property=\"og:description\" content=\"ISBN: 9791370294366  SINOPSIS        Todos conocemos a alguien que muri\u00f3 solo. Y quiz\u00e1 a\u00fan no sabemos c\u00f3mo vivir con eso. Esta es la historia de Santiago, un hombre marcado por la culpa de haber dejado morir solo a su padre. A\u00f1os despu\u00e9s, regresa al hogar de su infancia. Lo acompa\u00f1an Esperanza, una mujer marcada por sus propias heridas, y do\u00f1a \u00c1ngeles, una vecina especial que carga con la sabidur\u00eda que dan los a\u00f1os\u2026 y con secretos que siempre guard\u00f3 en silencio. Entre las paredes de esa casa se esconden verdades que nunca se dijeron y recuerdos que a\u00fan queman. Pero tambi\u00e9n hay ternura, humanidad y la posibilidad de reconciliarse con lo vivido. Me llamo Soledad no busca consolar, sino enfrentarte a ese espejo que evitamos mirar. Una historia que te atrapa por dentro: por lo que cuenta y por c\u00f3mo lo cuenta. Habla de v\u00ednculos familiares, de secretos que esperan salir a la luz y de ese viaje interno que, tarde o temprano, todos debemos hacer. Si alguna vez te has sentido solo\u2026 este libro es para ti.\" \/>\n<meta property=\"og:url\" content=\"https:\/\/letrame.com\/catalogo\/producto\/me-llamo-soledad\/\" \/>\n<meta property=\"og:site_name\" content=\"Catalogo | Letrame Grupo Editorial\" \/>\n<meta property=\"article:modified_time\" content=\"2026-04-13T14:31:04+00:00\" \/>\n<meta property=\"og:image\" content=\"https:\/\/letrame.com\/catalogo\/wp-content\/uploads\/2026\/04\/mellamosoledad_13mm4.jpg\" \/>\n\t<meta property=\"og:image:width\" content=\"886\" \/>\n\t<meta property=\"og:image:height\" content=\"1240\" \/>\n\t<meta property=\"og:image:type\" content=\"image\/jpeg\" \/>\n<meta name=\"twitter:card\" content=\"summary_large_image\" \/>\n<meta name=\"twitter:label1\" content=\"Tiempo de lectura\" \/>\n\t<meta name=\"twitter:data1\" content=\"2 minutos\" \/>\n<script type=\"application\/ld+json\" class=\"yoast-schema-graph\">{\"@context\":\"https:\/\/schema.org\",\"@graph\":[{\"@type\":\"WebPage\",\"@id\":\"https:\/\/letrame.com\/catalogo\/producto\/me-llamo-soledad\/\",\"url\":\"https:\/\/letrame.com\/catalogo\/producto\/me-llamo-soledad\/\",\"name\":\"Me llamo Soledad - Catalogo | Letrame Grupo Editorial\",\"isPartOf\":{\"@id\":\"https:\/\/letrame.com\/catalogo\/#website\"},\"primaryImageOfPage\":{\"@id\":\"https:\/\/letrame.com\/catalogo\/producto\/me-llamo-soledad\/#primaryimage\"},\"image\":{\"@id\":\"https:\/\/letrame.com\/catalogo\/producto\/me-llamo-soledad\/#primaryimage\"},\"thumbnailUrl\":\"https:\/\/letrame.com\/catalogo\/wp-content\/uploads\/2026\/04\/mellamosoledad_13mm4.jpg\",\"datePublished\":\"2026-04-13T14:31:03+00:00\",\"dateModified\":\"2026-04-13T14:31:04+00:00\",\"breadcrumb\":{\"@id\":\"https:\/\/letrame.com\/catalogo\/producto\/me-llamo-soledad\/#breadcrumb\"},\"inLanguage\":\"es\",\"potentialAction\":[{\"@type\":\"ReadAction\",\"target\":[\"https:\/\/letrame.com\/catalogo\/producto\/me-llamo-soledad\/\"]}]},{\"@type\":\"ImageObject\",\"inLanguage\":\"es\",\"@id\":\"https:\/\/letrame.com\/catalogo\/producto\/me-llamo-soledad\/#primaryimage\",\"url\":\"https:\/\/letrame.com\/catalogo\/wp-content\/uploads\/2026\/04\/mellamosoledad_13mm4.jpg\",\"contentUrl\":\"https:\/\/letrame.com\/catalogo\/wp-content\/uploads\/2026\/04\/mellamosoledad_13mm4.jpg\",\"width\":886,\"height\":1240},{\"@type\":\"BreadcrumbList\",\"@id\":\"https:\/\/letrame.com\/catalogo\/producto\/me-llamo-soledad\/#breadcrumb\",\"itemListElement\":[{\"@type\":\"ListItem\",\"position\":1,\"name\":\"Portada\",\"item\":\"https:\/\/letrame.com\/catalogo\/\"},{\"@type\":\"ListItem\",\"position\":2,\"name\":\"Cat\u00e1logo\",\"item\":\"https:\/\/letrame.com\/catalogo\/\"},{\"@type\":\"ListItem\",\"position\":3,\"name\":\"Me llamo Soledad\"}]},{\"@type\":\"WebSite\",\"@id\":\"https:\/\/letrame.com\/catalogo\/#website\",\"url\":\"https:\/\/letrame.com\/catalogo\/\",\"name\":\"Catalogo | Letrame Grupo Editorial\",\"description\":\"\",\"publisher\":{\"@id\":\"https:\/\/letrame.com\/catalogo\/#organization\"},\"potentialAction\":[{\"@type\":\"SearchAction\",\"target\":{\"@type\":\"EntryPoint\",\"urlTemplate\":\"https:\/\/letrame.com\/catalogo\/?s={search_term_string}\"},\"query-input\":{\"@type\":\"PropertyValueSpecification\",\"valueRequired\":true,\"valueName\":\"search_term_string\"}}],\"inLanguage\":\"es\"},{\"@type\":\"Organization\",\"@id\":\"https:\/\/letrame.com\/catalogo\/#organization\",\"name\":\"Catalogo | Letrame Grupo Editorial\",\"url\":\"https:\/\/letrame.com\/catalogo\/\",\"logo\":{\"@type\":\"ImageObject\",\"inLanguage\":\"es\",\"@id\":\"https:\/\/letrame.com\/catalogo\/#\/schema\/logo\/image\/\",\"url\":\"https:\/\/letrame.com\/catalogo\/wp-content\/uploads\/2024\/03\/logo2.webp\",\"contentUrl\":\"https:\/\/letrame.com\/catalogo\/wp-content\/uploads\/2024\/03\/logo2.webp\",\"width\":394,\"height\":128,\"caption\":\"Catalogo | Letrame Grupo Editorial\"},\"image\":{\"@id\":\"https:\/\/letrame.com\/catalogo\/#\/schema\/logo\/image\/\"}}]}<\/script>\n<!-- \/ Yoast SEO plugin. -->","yoast_head_json":{"title":"Me llamo Soledad - Catalogo | Letrame Grupo Editorial","robots":{"index":"index","follow":"follow","max-snippet":"max-snippet:-1","max-image-preview":"max-image-preview:large","max-video-preview":"max-video-preview:-1"},"canonical":"https:\/\/letrame.com\/catalogo\/producto\/me-llamo-soledad\/","og_locale":"es_ES","og_type":"article","og_title":"Me llamo Soledad - Catalogo | Letrame Grupo Editorial","og_description":"ISBN: 9791370294366  SINOPSIS        Todos conocemos a alguien que muri\u00f3 solo. Y quiz\u00e1 a\u00fan no sabemos c\u00f3mo vivir con eso. Esta es la historia de Santiago, un hombre marcado por la culpa de haber dejado morir solo a su padre. A\u00f1os despu\u00e9s, regresa al hogar de su infancia. Lo acompa\u00f1an Esperanza, una mujer marcada por sus propias heridas, y do\u00f1a \u00c1ngeles, una vecina especial que carga con la sabidur\u00eda que dan los a\u00f1os\u2026 y con secretos que siempre guard\u00f3 en silencio. Entre las paredes de esa casa se esconden verdades que nunca se dijeron y recuerdos que a\u00fan queman. Pero tambi\u00e9n hay ternura, humanidad y la posibilidad de reconciliarse con lo vivido. Me llamo Soledad no busca consolar, sino enfrentarte a ese espejo que evitamos mirar. Una historia que te atrapa por dentro: por lo que cuenta y por c\u00f3mo lo cuenta. Habla de v\u00ednculos familiares, de secretos que esperan salir a la luz y de ese viaje interno que, tarde o temprano, todos debemos hacer. Si alguna vez te has sentido solo\u2026 este libro es para ti.","og_url":"https:\/\/letrame.com\/catalogo\/producto\/me-llamo-soledad\/","og_site_name":"Catalogo | Letrame Grupo Editorial","article_modified_time":"2026-04-13T14:31:04+00:00","og_image":[{"width":886,"height":1240,"url":"https:\/\/letrame.com\/catalogo\/wp-content\/uploads\/2026\/04\/mellamosoledad_13mm4.jpg","type":"image\/jpeg"}],"twitter_card":"summary_large_image","twitter_misc":{"Tiempo de lectura":"2 minutos"},"schema":{"@context":"https:\/\/schema.org","@graph":[{"@type":"WebPage","@id":"https:\/\/letrame.com\/catalogo\/producto\/me-llamo-soledad\/","url":"https:\/\/letrame.com\/catalogo\/producto\/me-llamo-soledad\/","name":"Me llamo Soledad - Catalogo | Letrame Grupo Editorial","isPartOf":{"@id":"https:\/\/letrame.com\/catalogo\/#website"},"primaryImageOfPage":{"@id":"https:\/\/letrame.com\/catalogo\/producto\/me-llamo-soledad\/#primaryimage"},"image":{"@id":"https:\/\/letrame.com\/catalogo\/producto\/me-llamo-soledad\/#primaryimage"},"thumbnailUrl":"https:\/\/letrame.com\/catalogo\/wp-content\/uploads\/2026\/04\/mellamosoledad_13mm4.jpg","datePublished":"2026-04-13T14:31:03+00:00","dateModified":"2026-04-13T14:31:04+00:00","breadcrumb":{"@id":"https:\/\/letrame.com\/catalogo\/producto\/me-llamo-soledad\/#breadcrumb"},"inLanguage":"es","potentialAction":[{"@type":"ReadAction","target":["https:\/\/letrame.com\/catalogo\/producto\/me-llamo-soledad\/"]}]},{"@type":"ImageObject","inLanguage":"es","@id":"https:\/\/letrame.com\/catalogo\/producto\/me-llamo-soledad\/#primaryimage","url":"https:\/\/letrame.com\/catalogo\/wp-content\/uploads\/2026\/04\/mellamosoledad_13mm4.jpg","contentUrl":"https:\/\/letrame.com\/catalogo\/wp-content\/uploads\/2026\/04\/mellamosoledad_13mm4.jpg","width":886,"height":1240},{"@type":"BreadcrumbList","@id":"https:\/\/letrame.com\/catalogo\/producto\/me-llamo-soledad\/#breadcrumb","itemListElement":[{"@type":"ListItem","position":1,"name":"Portada","item":"https:\/\/letrame.com\/catalogo\/"},{"@type":"ListItem","position":2,"name":"Cat\u00e1logo","item":"https:\/\/letrame.com\/catalogo\/"},{"@type":"ListItem","position":3,"name":"Me llamo Soledad"}]},{"@type":"WebSite","@id":"https:\/\/letrame.com\/catalogo\/#website","url":"https:\/\/letrame.com\/catalogo\/","name":"Catalogo | Letrame Grupo Editorial","description":"","publisher":{"@id":"https:\/\/letrame.com\/catalogo\/#organization"},"potentialAction":[{"@type":"SearchAction","target":{"@type":"EntryPoint","urlTemplate":"https:\/\/letrame.com\/catalogo\/?s={search_term_string}"},"query-input":{"@type":"PropertyValueSpecification","valueRequired":true,"valueName":"search_term_string"}}],"inLanguage":"es"},{"@type":"Organization","@id":"https:\/\/letrame.com\/catalogo\/#organization","name":"Catalogo | Letrame Grupo Editorial","url":"https:\/\/letrame.com\/catalogo\/","logo":{"@type":"ImageObject","inLanguage":"es","@id":"https:\/\/letrame.com\/catalogo\/#\/schema\/logo\/image\/","url":"https:\/\/letrame.com\/catalogo\/wp-content\/uploads\/2024\/03\/logo2.webp","contentUrl":"https:\/\/letrame.com\/catalogo\/wp-content\/uploads\/2024\/03\/logo2.webp","width":394,"height":128,"caption":"Catalogo | Letrame Grupo Editorial"},"image":{"@id":"https:\/\/letrame.com\/catalogo\/#\/schema\/logo\/image\/"}}]}},"_links":{"self":[{"href":"https:\/\/letrame.com\/catalogo\/wp-json\/wp\/v2\/product\/111932","targetHints":{"allow":["GET"]}}],"collection":[{"href":"https:\/\/letrame.com\/catalogo\/wp-json\/wp\/v2\/product"}],"about":[{"href":"https:\/\/letrame.com\/catalogo\/wp-json\/wp\/v2\/types\/product"}],"replies":[{"embeddable":true,"href":"https:\/\/letrame.com\/catalogo\/wp-json\/wp\/v2\/comments?post=111932"}],"acf:post":[{"embeddable":true,"href":"https:\/\/letrame.com\/catalogo\/wp-json\/wp\/v2\/author_book\/111933"}],"wp:featuredmedia":[{"embeddable":true,"href":"https:\/\/letrame.com\/catalogo\/wp-json\/wp\/v2\/media\/111936"}],"wp:attachment":[{"href":"https:\/\/letrame.com\/catalogo\/wp-json\/wp\/v2\/media?parent=111932"}],"wp:term":[{"taxonomy":"libro","embeddable":true,"href":"https:\/\/letrame.com\/catalogo\/wp-json\/wp\/v2\/libro?post=111932"},{"taxonomy":"product_brand","embeddable":true,"href":"https:\/\/letrame.com\/catalogo\/wp-json\/wp\/v2\/product_brand?post=111932"},{"taxonomy":"product_cat","embeddable":true,"href":"https:\/\/letrame.com\/catalogo\/wp-json\/wp\/v2\/product_cat?post=111932"},{"taxonomy":"product_tag","embeddable":true,"href":"https:\/\/letrame.com\/catalogo\/wp-json\/wp\/v2\/product_tag?post=111932"}],"curies":[{"name":"wp","href":"https:\/\/api.w.org\/{rel}","templated":true}]}}