{"id":111919,"date":"2026-04-13T14:52:26","date_gmt":"2026-04-13T12:52:26","guid":{"rendered":"https:\/\/letrame.com\/catalogo\/?post_type=product&#038;p=111919"},"modified":"2026-04-13T14:52:26","modified_gmt":"2026-04-13T12:52:26","slug":"el-circulo-menor","status":"publish","type":"product","link":"https:\/\/letrame.com\/catalogo\/producto\/el-circulo-menor\/","title":{"rendered":"El c\u00edrculo menor"},"content":{"rendered":"<p><strong>ISBN: 9791370294946<\/strong><br \/>\n<strong>T\u00edtulo: El c\u00edrculo menor<\/strong><br \/>\n<strong>Fecha: 2025<\/strong><br \/>\n<strong>P\u00e1ginas: 470<\/strong><\/p>\n<p><strong>SINOPSIS<\/strong><\/p>\n<p data-start=\"0\" data-end=\"155\">Entre Panam\u00e1, Bogot\u00e1 y Florida se teje una trama vertiginosa donde los sentimientos de venganza y castigo van en v\u00eda contraria con el deber de la justicia.<\/p>\n<p data-start=\"157\" data-end=\"655\">Todo inicia una tarde cualquiera en el lujoso Master Mall de Coral Gables, donde una ni\u00f1a de cuatro a\u00f1os desaparece frente a la mirada distra\u00edda de su madre. Esto genera la tensi\u00f3n de un thriller policiaco mezclado con el suspenso de un drama realista y descarnado, porque cada acci\u00f3n del protagonista, Joshua Zigausti, justifica su deseo de venganza, mientras el detective \u00c1tticus Connor se adentra en un caso donde las pistas se entrelazan en una encrucijada que confunde a v\u00edctimas con verdugos.<\/p>\n<p data-start=\"657\" data-end=\"843\">Alfonso Barr\u00eda Blanco, con una pluma cinematogr\u00e1fica y un dominio preciso del suspenso, nos entrega una historia donde cada cap\u00edtulo late con el pulso del miedo, la culpa y la redenci\u00f3n.<\/p>\n<p data-start=\"845\" data-end=\"1077\"><em data-start=\"845\" data-end=\"863\">El C\u00edrculo Menor<\/em> no solo atrapa: interroga al lector sobre cu\u00e1nto puede soportar el alma humana antes de quebrarse del todo, porque \u00abaquel que diga que venganza no es justicia es porque nunca le han violado y asesinado a un hijo\u00bb.<\/p>\n<p data-start=\"1079\" data-end=\"1098\" data-is-last-node=\"\" data-is-only-node=\"\">\u00bfY usted qu\u00e9 opina?<\/p>\n","protected":false},"excerpt":{"rendered":"<p><strong>ISBN: 9791370294946<\/strong><\/p>\n<p><strong>SINOPSIS<\/strong><\/p>\n<p data-start=\"0\" data-end=\"155\">Entre Panam\u00e1, Bogot\u00e1 y Florida se teje una trama vertiginosa donde los sentimientos de venganza y castigo van en v\u00eda contraria con el deber de la justicia.<\/p>\n<p data-start=\"157\" data-end=\"655\">Todo inicia una tarde cualquiera en el lujoso Master Mall de Coral Gables, donde una ni\u00f1a de cuatro a\u00f1os desaparece frente a la mirada distra\u00edda de su madre. Esto genera la tensi\u00f3n de un thriller policiaco mezclado con el suspenso de un drama realista y descarnado, porque cada acci\u00f3n del protagonista, Joshua Zigausti, justifica su deseo de venganza, mientras el detective \u00c1tticus Connor se adentra en un caso donde las pistas se entrelazan en una encrucijada que confunde a v\u00edctimas con verdugos.<\/p>\n<p data-start=\"657\" data-end=\"843\">Alfonso Barr\u00eda Blanco, con una pluma cinematogr\u00e1fica y un dominio preciso del suspenso, nos entrega una historia donde cada cap\u00edtulo late con el pulso del miedo, la culpa y la redenci\u00f3n.<\/p>\n<p data-start=\"845\" data-end=\"1077\"><em data-start=\"845\" data-end=\"863\">El C\u00edrculo Menor<\/em> no solo atrapa: interroga al lector sobre cu\u00e1nto puede soportar el alma humana antes de quebrarse del todo, porque \u00abaquel que diga que venganza no es justicia es porque nunca le han violado y asesinado a un hijo\u00bb.<\/p>\n<p data-start=\"1079\" data-end=\"1098\" data-is-last-node=\"\" data-is-only-node=\"\">\u00bfY usted qu\u00e9 opina?<\/p>\n","protected":false},"featured_media":111924,"comment_status":"open","ping_status":"closed","template":"","meta":{"_acf_changed":false},"libro":[],"product_brand":[],"product_cat":[144],"product_tag":[],"class_list":{"0":"post-111919","1":"product","2":"type-product","3":"status-publish","4":"has-post-thumbnail","6":"product_cat-misterio","8":"first","9":"instock","10":"shipping-taxable","11":"product-type-simple"},"acf":{"autor":[111920],"enlace_de_compra":"https:\/\/amzn.to\/4cDoNFA"},"yoast_head":"<!-- This site is optimized with the Yoast SEO plugin v26.6 - https:\/\/yoast.com\/wordpress\/plugins\/seo\/ -->\n<title>El c\u00edrculo menor - Catalogo | Letrame Grupo Editorial<\/title>\n<meta name=\"robots\" content=\"index, follow, max-snippet:-1, max-image-preview:large, max-video-preview:-1\" \/>\n<link rel=\"canonical\" href=\"https:\/\/letrame.com\/catalogo\/producto\/el-circulo-menor\/\" \/>\n<meta property=\"og:locale\" content=\"es_ES\" \/>\n<meta property=\"og:type\" content=\"article\" \/>\n<meta property=\"og:title\" content=\"El c\u00edrculo menor - Catalogo | Letrame Grupo Editorial\" \/>\n<meta property=\"og:description\" content=\"ISBN: 9791370294946  SINOPSIS Entre Panam\u00e1, Bogot\u00e1 y Florida se teje una trama vertiginosa donde los sentimientos de venganza y castigo van en v\u00eda contraria con el deber de la justicia. Todo inicia una tarde cualquiera en el lujoso Master Mall de Coral Gables, donde una ni\u00f1a de cuatro a\u00f1os desaparece frente a la mirada distra\u00edda de su madre. Esto genera la tensi\u00f3n de un thriller policiaco mezclado con el suspenso de un drama realista y descarnado, porque cada acci\u00f3n del protagonista, Joshua Zigausti, justifica su deseo de venganza, mientras el detective \u00c1tticus Connor se adentra en un caso donde las pistas se entrelazan en una encrucijada que confunde a v\u00edctimas con verdugos. Alfonso Barr\u00eda Blanco, con una pluma cinematogr\u00e1fica y un dominio preciso del suspenso, nos entrega una historia donde cada cap\u00edtulo late con el pulso del miedo, la culpa y la redenci\u00f3n. El C\u00edrculo Menor no solo atrapa: interroga al lector sobre cu\u00e1nto puede soportar el alma humana antes de quebrarse del todo, porque \u00abaquel que diga que venganza no es justicia es porque nunca le han violado y asesinado a un hijo\u00bb. \u00bfY usted qu\u00e9 opina?\" \/>\n<meta property=\"og:url\" content=\"https:\/\/letrame.com\/catalogo\/producto\/el-circulo-menor\/\" \/>\n<meta property=\"og:site_name\" content=\"Catalogo | Letrame Grupo Editorial\" \/>\n<meta property=\"og:image\" content=\"https:\/\/letrame.com\/catalogo\/wp-content\/uploads\/2026\/04\/elcirculomenor_231mm4-1.jpg\" \/>\n\t<meta property=\"og:image:width\" content=\"886\" \/>\n\t<meta property=\"og:image:height\" content=\"1299\" \/>\n\t<meta property=\"og:image:type\" content=\"image\/jpeg\" \/>\n<meta name=\"twitter:card\" content=\"summary_large_image\" \/>\n<meta name=\"twitter:label1\" content=\"Tiempo de lectura\" \/>\n\t<meta name=\"twitter:data1\" content=\"2 minutos\" \/>\n<script type=\"application\/ld+json\" class=\"yoast-schema-graph\">{\"@context\":\"https:\/\/schema.org\",\"@graph\":[{\"@type\":\"WebPage\",\"@id\":\"https:\/\/letrame.com\/catalogo\/producto\/el-circulo-menor\/\",\"url\":\"https:\/\/letrame.com\/catalogo\/producto\/el-circulo-menor\/\",\"name\":\"El c\u00edrculo menor - Catalogo | Letrame Grupo Editorial\",\"isPartOf\":{\"@id\":\"https:\/\/letrame.com\/catalogo\/#website\"},\"primaryImageOfPage\":{\"@id\":\"https:\/\/letrame.com\/catalogo\/producto\/el-circulo-menor\/#primaryimage\"},\"image\":{\"@id\":\"https:\/\/letrame.com\/catalogo\/producto\/el-circulo-menor\/#primaryimage\"},\"thumbnailUrl\":\"https:\/\/letrame.com\/catalogo\/wp-content\/uploads\/2026\/04\/elcirculomenor_231mm4-1.jpg\",\"datePublished\":\"2026-04-13T12:52:26+00:00\",\"breadcrumb\":{\"@id\":\"https:\/\/letrame.com\/catalogo\/producto\/el-circulo-menor\/#breadcrumb\"},\"inLanguage\":\"es\",\"potentialAction\":[{\"@type\":\"ReadAction\",\"target\":[\"https:\/\/letrame.com\/catalogo\/producto\/el-circulo-menor\/\"]}]},{\"@type\":\"ImageObject\",\"inLanguage\":\"es\",\"@id\":\"https:\/\/letrame.com\/catalogo\/producto\/el-circulo-menor\/#primaryimage\",\"url\":\"https:\/\/letrame.com\/catalogo\/wp-content\/uploads\/2026\/04\/elcirculomenor_231mm4-1.jpg\",\"contentUrl\":\"https:\/\/letrame.com\/catalogo\/wp-content\/uploads\/2026\/04\/elcirculomenor_231mm4-1.jpg\",\"width\":886,\"height\":1299},{\"@type\":\"BreadcrumbList\",\"@id\":\"https:\/\/letrame.com\/catalogo\/producto\/el-circulo-menor\/#breadcrumb\",\"itemListElement\":[{\"@type\":\"ListItem\",\"position\":1,\"name\":\"Portada\",\"item\":\"https:\/\/letrame.com\/catalogo\/\"},{\"@type\":\"ListItem\",\"position\":2,\"name\":\"Cat\u00e1logo\",\"item\":\"https:\/\/letrame.com\/catalogo\/\"},{\"@type\":\"ListItem\",\"position\":3,\"name\":\"El c\u00edrculo menor\"}]},{\"@type\":\"WebSite\",\"@id\":\"https:\/\/letrame.com\/catalogo\/#website\",\"url\":\"https:\/\/letrame.com\/catalogo\/\",\"name\":\"Catalogo | Letrame Grupo Editorial\",\"description\":\"\",\"publisher\":{\"@id\":\"https:\/\/letrame.com\/catalogo\/#organization\"},\"potentialAction\":[{\"@type\":\"SearchAction\",\"target\":{\"@type\":\"EntryPoint\",\"urlTemplate\":\"https:\/\/letrame.com\/catalogo\/?s={search_term_string}\"},\"query-input\":{\"@type\":\"PropertyValueSpecification\",\"valueRequired\":true,\"valueName\":\"search_term_string\"}}],\"inLanguage\":\"es\"},{\"@type\":\"Organization\",\"@id\":\"https:\/\/letrame.com\/catalogo\/#organization\",\"name\":\"Catalogo | Letrame Grupo Editorial\",\"url\":\"https:\/\/letrame.com\/catalogo\/\",\"logo\":{\"@type\":\"ImageObject\",\"inLanguage\":\"es\",\"@id\":\"https:\/\/letrame.com\/catalogo\/#\/schema\/logo\/image\/\",\"url\":\"https:\/\/letrame.com\/catalogo\/wp-content\/uploads\/2024\/03\/logo2.webp\",\"contentUrl\":\"https:\/\/letrame.com\/catalogo\/wp-content\/uploads\/2024\/03\/logo2.webp\",\"width\":394,\"height\":128,\"caption\":\"Catalogo | Letrame Grupo Editorial\"},\"image\":{\"@id\":\"https:\/\/letrame.com\/catalogo\/#\/schema\/logo\/image\/\"}}]}<\/script>\n<!-- \/ Yoast SEO plugin. -->","yoast_head_json":{"title":"El c\u00edrculo menor - Catalogo | Letrame Grupo Editorial","robots":{"index":"index","follow":"follow","max-snippet":"max-snippet:-1","max-image-preview":"max-image-preview:large","max-video-preview":"max-video-preview:-1"},"canonical":"https:\/\/letrame.com\/catalogo\/producto\/el-circulo-menor\/","og_locale":"es_ES","og_type":"article","og_title":"El c\u00edrculo menor - Catalogo | Letrame Grupo Editorial","og_description":"ISBN: 9791370294946  SINOPSIS Entre Panam\u00e1, Bogot\u00e1 y Florida se teje una trama vertiginosa donde los sentimientos de venganza y castigo van en v\u00eda contraria con el deber de la justicia. Todo inicia una tarde cualquiera en el lujoso Master Mall de Coral Gables, donde una ni\u00f1a de cuatro a\u00f1os desaparece frente a la mirada distra\u00edda de su madre. Esto genera la tensi\u00f3n de un thriller policiaco mezclado con el suspenso de un drama realista y descarnado, porque cada acci\u00f3n del protagonista, Joshua Zigausti, justifica su deseo de venganza, mientras el detective \u00c1tticus Connor se adentra en un caso donde las pistas se entrelazan en una encrucijada que confunde a v\u00edctimas con verdugos. Alfonso Barr\u00eda Blanco, con una pluma cinematogr\u00e1fica y un dominio preciso del suspenso, nos entrega una historia donde cada cap\u00edtulo late con el pulso del miedo, la culpa y la redenci\u00f3n. El C\u00edrculo Menor no solo atrapa: interroga al lector sobre cu\u00e1nto puede soportar el alma humana antes de quebrarse del todo, porque \u00abaquel que diga que venganza no es justicia es porque nunca le han violado y asesinado a un hijo\u00bb. \u00bfY usted qu\u00e9 opina?","og_url":"https:\/\/letrame.com\/catalogo\/producto\/el-circulo-menor\/","og_site_name":"Catalogo | Letrame Grupo Editorial","og_image":[{"width":886,"height":1299,"url":"https:\/\/letrame.com\/catalogo\/wp-content\/uploads\/2026\/04\/elcirculomenor_231mm4-1.jpg","type":"image\/jpeg"}],"twitter_card":"summary_large_image","twitter_misc":{"Tiempo de lectura":"2 minutos"},"schema":{"@context":"https:\/\/schema.org","@graph":[{"@type":"WebPage","@id":"https:\/\/letrame.com\/catalogo\/producto\/el-circulo-menor\/","url":"https:\/\/letrame.com\/catalogo\/producto\/el-circulo-menor\/","name":"El c\u00edrculo menor - Catalogo | Letrame Grupo Editorial","isPartOf":{"@id":"https:\/\/letrame.com\/catalogo\/#website"},"primaryImageOfPage":{"@id":"https:\/\/letrame.com\/catalogo\/producto\/el-circulo-menor\/#primaryimage"},"image":{"@id":"https:\/\/letrame.com\/catalogo\/producto\/el-circulo-menor\/#primaryimage"},"thumbnailUrl":"https:\/\/letrame.com\/catalogo\/wp-content\/uploads\/2026\/04\/elcirculomenor_231mm4-1.jpg","datePublished":"2026-04-13T12:52:26+00:00","breadcrumb":{"@id":"https:\/\/letrame.com\/catalogo\/producto\/el-circulo-menor\/#breadcrumb"},"inLanguage":"es","potentialAction":[{"@type":"ReadAction","target":["https:\/\/letrame.com\/catalogo\/producto\/el-circulo-menor\/"]}]},{"@type":"ImageObject","inLanguage":"es","@id":"https:\/\/letrame.com\/catalogo\/producto\/el-circulo-menor\/#primaryimage","url":"https:\/\/letrame.com\/catalogo\/wp-content\/uploads\/2026\/04\/elcirculomenor_231mm4-1.jpg","contentUrl":"https:\/\/letrame.com\/catalogo\/wp-content\/uploads\/2026\/04\/elcirculomenor_231mm4-1.jpg","width":886,"height":1299},{"@type":"BreadcrumbList","@id":"https:\/\/letrame.com\/catalogo\/producto\/el-circulo-menor\/#breadcrumb","itemListElement":[{"@type":"ListItem","position":1,"name":"Portada","item":"https:\/\/letrame.com\/catalogo\/"},{"@type":"ListItem","position":2,"name":"Cat\u00e1logo","item":"https:\/\/letrame.com\/catalogo\/"},{"@type":"ListItem","position":3,"name":"El c\u00edrculo menor"}]},{"@type":"WebSite","@id":"https:\/\/letrame.com\/catalogo\/#website","url":"https:\/\/letrame.com\/catalogo\/","name":"Catalogo | Letrame Grupo Editorial","description":"","publisher":{"@id":"https:\/\/letrame.com\/catalogo\/#organization"},"potentialAction":[{"@type":"SearchAction","target":{"@type":"EntryPoint","urlTemplate":"https:\/\/letrame.com\/catalogo\/?s={search_term_string}"},"query-input":{"@type":"PropertyValueSpecification","valueRequired":true,"valueName":"search_term_string"}}],"inLanguage":"es"},{"@type":"Organization","@id":"https:\/\/letrame.com\/catalogo\/#organization","name":"Catalogo | Letrame Grupo Editorial","url":"https:\/\/letrame.com\/catalogo\/","logo":{"@type":"ImageObject","inLanguage":"es","@id":"https:\/\/letrame.com\/catalogo\/#\/schema\/logo\/image\/","url":"https:\/\/letrame.com\/catalogo\/wp-content\/uploads\/2024\/03\/logo2.webp","contentUrl":"https:\/\/letrame.com\/catalogo\/wp-content\/uploads\/2024\/03\/logo2.webp","width":394,"height":128,"caption":"Catalogo | Letrame Grupo Editorial"},"image":{"@id":"https:\/\/letrame.com\/catalogo\/#\/schema\/logo\/image\/"}}]}},"_links":{"self":[{"href":"https:\/\/letrame.com\/catalogo\/wp-json\/wp\/v2\/product\/111919","targetHints":{"allow":["GET"]}}],"collection":[{"href":"https:\/\/letrame.com\/catalogo\/wp-json\/wp\/v2\/product"}],"about":[{"href":"https:\/\/letrame.com\/catalogo\/wp-json\/wp\/v2\/types\/product"}],"replies":[{"embeddable":true,"href":"https:\/\/letrame.com\/catalogo\/wp-json\/wp\/v2\/comments?post=111919"}],"acf:post":[{"embeddable":true,"href":"https:\/\/letrame.com\/catalogo\/wp-json\/wp\/v2\/author_book\/111920"}],"wp:featuredmedia":[{"embeddable":true,"href":"https:\/\/letrame.com\/catalogo\/wp-json\/wp\/v2\/media\/111924"}],"wp:attachment":[{"href":"https:\/\/letrame.com\/catalogo\/wp-json\/wp\/v2\/media?parent=111919"}],"wp:term":[{"taxonomy":"libro","embeddable":true,"href":"https:\/\/letrame.com\/catalogo\/wp-json\/wp\/v2\/libro?post=111919"},{"taxonomy":"product_brand","embeddable":true,"href":"https:\/\/letrame.com\/catalogo\/wp-json\/wp\/v2\/product_brand?post=111919"},{"taxonomy":"product_cat","embeddable":true,"href":"https:\/\/letrame.com\/catalogo\/wp-json\/wp\/v2\/product_cat?post=111919"},{"taxonomy":"product_tag","embeddable":true,"href":"https:\/\/letrame.com\/catalogo\/wp-json\/wp\/v2\/product_tag?post=111919"}],"curies":[{"name":"wp","href":"https:\/\/api.w.org\/{rel}","templated":true}]}}