{"id":111914,"date":"2026-04-13T14:46:01","date_gmt":"2026-04-13T12:46:01","guid":{"rendered":"https:\/\/letrame.com\/catalogo\/?post_type=product&#038;p=111914"},"modified":"2026-04-13T14:46:02","modified_gmt":"2026-04-13T12:46:02","slug":"lo-que-paso-paso","status":"publish","type":"product","link":"https:\/\/letrame.com\/catalogo\/producto\/lo-que-paso-paso\/","title":{"rendered":"\u00a1Lo que pas\u00f3, pas\u00f3!"},"content":{"rendered":"<p><strong>ISBN: 9791370295325<\/strong><br \/>\n<strong>T\u00edtulo: \u00a1Lo que pas\u00f3, pas\u00f3!<\/strong><br \/>\n<strong>Fecha: 2025<\/strong><br \/>\n<strong>P\u00e1ginas: 164<\/strong><\/p>\n<p><strong>SINOPSIS<\/strong><\/p>\n<p data-start=\"0\" data-end=\"91\">\u00bfY si el problema no fuera lo que te pas\u00f3, sino c\u00f3mo sigues viviendo desde eso que ya pas\u00f3?<\/p>\n<p data-start=\"93\" data-end=\"349\">Todos cargamos historias que no cerraron bien: decisiones que pesan, heridas que no sanaron, palabras que nunca se dijeron. En <em data-start=\"220\" data-end=\"239\">Lo que pas\u00f3, pas\u00f3<\/em>, Wilson Gil te propone algo distinto a \u00abolvidar\u00bb o \u00absuperar\u00bb: entender, resignificar y soltar con conciencia.<\/p>\n<p data-start=\"351\" data-end=\"745\">Con un lenguaje claro, profundo y cercano, el autor une psicolog\u00eda, neurociencia y espiritualidad pr\u00e1ctica para mostrar c\u00f3mo el pasado, cuando no se integra, termina dirigiendo tus emociones, tus relaciones y tus decisiones. Este no es un libro de frases bonitas ni recetas r\u00e1pidas; es una invitaci\u00f3n honesta a recuperar el control interno y habitar el presente con mayor libertad y coherencia.<\/p>\n<p data-start=\"747\" data-end=\"972\">Ideal para quienes sienten que han avanzado, pero no del todo. Para l\u00edderes, profesionales y personas en proceso de crecimiento que saben que vivir en el presente no es negar la historia, sino dejar de ser prisionero de ella.<\/p>\n<p data-start=\"974\" data-end=\"1064\" data-is-last-node=\"\" data-is-only-node=\"\">Porque cuando el pasado deja de doler, el presente deja de pesar y la vida vuelve a fluir.<\/p>\n","protected":false},"excerpt":{"rendered":"<p><strong>ISBN: 9791370295325<\/strong><\/p>\n<p><strong>SINOPSIS<\/strong><\/p>\n<p data-start=\"0\" data-end=\"91\">\u00bfY si el problema no fuera lo que te pas\u00f3, sino c\u00f3mo sigues viviendo desde eso que ya pas\u00f3?<\/p>\n<p data-start=\"93\" data-end=\"349\">Todos cargamos historias que no cerraron bien: decisiones que pesan, heridas que no sanaron, palabras que nunca se dijeron. En <em data-start=\"220\" data-end=\"239\">Lo que pas\u00f3, pas\u00f3<\/em>, Wilson Gil te propone algo distinto a \u00abolvidar\u00bb o \u00absuperar\u00bb: entender, resignificar y soltar con conciencia.<\/p>\n<p data-start=\"351\" data-end=\"745\">Con un lenguaje claro, profundo y cercano, el autor une psicolog\u00eda, neurociencia y espiritualidad pr\u00e1ctica para mostrar c\u00f3mo el pasado, cuando no se integra, termina dirigiendo tus emociones, tus relaciones y tus decisiones. Este no es un libro de frases bonitas ni recetas r\u00e1pidas; es una invitaci\u00f3n honesta a recuperar el control interno y habitar el presente con mayor libertad y coherencia.<\/p>\n<p data-start=\"747\" data-end=\"972\">Ideal para quienes sienten que han avanzado, pero no del todo. Para l\u00edderes, profesionales y personas en proceso de crecimiento que saben que vivir en el presente no es negar la historia, sino dejar de ser prisionero de ella.<\/p>\n<p data-start=\"974\" data-end=\"1064\" data-is-last-node=\"\" data-is-only-node=\"\">Porque cuando el pasado deja de doler, el presente deja de pesar y la vida vuelve a fluir.<\/p>\n","protected":false},"featured_media":111918,"comment_status":"open","ping_status":"closed","template":"","meta":{"_acf_changed":false},"libro":[],"product_brand":[],"product_cat":[18],"product_tag":[],"class_list":{"0":"post-111914","1":"product","2":"type-product","3":"status-publish","4":"has-post-thumbnail","6":"product_cat-autoayuda","8":"first","9":"instock","10":"shipping-taxable","11":"product-type-simple"},"acf":{"autor":[111915],"enlace_de_compra":"https:\/\/amzn.to\/4dK534a"},"yoast_head":"<!-- This site is optimized with the Yoast SEO plugin v26.6 - https:\/\/yoast.com\/wordpress\/plugins\/seo\/ -->\n<title>\u00a1Lo que pas\u00f3, pas\u00f3! - Catalogo | Letrame Grupo Editorial<\/title>\n<meta name=\"robots\" content=\"index, follow, max-snippet:-1, max-image-preview:large, max-video-preview:-1\" \/>\n<link rel=\"canonical\" href=\"https:\/\/letrame.com\/catalogo\/producto\/lo-que-paso-paso\/\" \/>\n<meta property=\"og:locale\" content=\"es_ES\" \/>\n<meta property=\"og:type\" content=\"article\" \/>\n<meta property=\"og:title\" content=\"\u00a1Lo que pas\u00f3, pas\u00f3! - Catalogo | Letrame Grupo Editorial\" \/>\n<meta property=\"og:description\" content=\"ISBN: 9791370295325  SINOPSIS \u00bfY si el problema no fuera lo que te pas\u00f3, sino c\u00f3mo sigues viviendo desde eso que ya pas\u00f3? Todos cargamos historias que no cerraron bien: decisiones que pesan, heridas que no sanaron, palabras que nunca se dijeron. En Lo que pas\u00f3, pas\u00f3, Wilson Gil te propone algo distinto a \u00abolvidar\u00bb o \u00absuperar\u00bb: entender, resignificar y soltar con conciencia. Con un lenguaje claro, profundo y cercano, el autor une psicolog\u00eda, neurociencia y espiritualidad pr\u00e1ctica para mostrar c\u00f3mo el pasado, cuando no se integra, termina dirigiendo tus emociones, tus relaciones y tus decisiones. Este no es un libro de frases bonitas ni recetas r\u00e1pidas; es una invitaci\u00f3n honesta a recuperar el control interno y habitar el presente con mayor libertad y coherencia. Ideal para quienes sienten que han avanzado, pero no del todo. Para l\u00edderes, profesionales y personas en proceso de crecimiento que saben que vivir en el presente no es negar la historia, sino dejar de ser prisionero de ella. Porque cuando el pasado deja de doler, el presente deja de pesar y la vida vuelve a fluir.\" \/>\n<meta property=\"og:url\" content=\"https:\/\/letrame.com\/catalogo\/producto\/lo-que-paso-paso\/\" \/>\n<meta property=\"og:site_name\" content=\"Catalogo | Letrame Grupo Editorial\" \/>\n<meta property=\"article:modified_time\" content=\"2026-04-13T12:46:02+00:00\" \/>\n<meta property=\"og:image\" content=\"https:\/\/letrame.com\/catalogo\/wp-content\/uploads\/2026\/04\/loquepaso_825mm4.jpg\" \/>\n\t<meta property=\"og:image:width\" content=\"886\" \/>\n\t<meta property=\"og:image:height\" content=\"1240\" \/>\n\t<meta property=\"og:image:type\" content=\"image\/jpeg\" \/>\n<meta name=\"twitter:card\" content=\"summary_large_image\" \/>\n<meta name=\"twitter:label1\" content=\"Tiempo de lectura\" \/>\n\t<meta name=\"twitter:data1\" content=\"2 minutos\" \/>\n<script type=\"application\/ld+json\" class=\"yoast-schema-graph\">{\"@context\":\"https:\/\/schema.org\",\"@graph\":[{\"@type\":\"WebPage\",\"@id\":\"https:\/\/letrame.com\/catalogo\/producto\/lo-que-paso-paso\/\",\"url\":\"https:\/\/letrame.com\/catalogo\/producto\/lo-que-paso-paso\/\",\"name\":\"\u00a1Lo que pas\u00f3, pas\u00f3! - Catalogo | Letrame Grupo Editorial\",\"isPartOf\":{\"@id\":\"https:\/\/letrame.com\/catalogo\/#website\"},\"primaryImageOfPage\":{\"@id\":\"https:\/\/letrame.com\/catalogo\/producto\/lo-que-paso-paso\/#primaryimage\"},\"image\":{\"@id\":\"https:\/\/letrame.com\/catalogo\/producto\/lo-que-paso-paso\/#primaryimage\"},\"thumbnailUrl\":\"https:\/\/letrame.com\/catalogo\/wp-content\/uploads\/2026\/04\/loquepaso_825mm4.jpg\",\"datePublished\":\"2026-04-13T12:46:01+00:00\",\"dateModified\":\"2026-04-13T12:46:02+00:00\",\"breadcrumb\":{\"@id\":\"https:\/\/letrame.com\/catalogo\/producto\/lo-que-paso-paso\/#breadcrumb\"},\"inLanguage\":\"es\",\"potentialAction\":[{\"@type\":\"ReadAction\",\"target\":[\"https:\/\/letrame.com\/catalogo\/producto\/lo-que-paso-paso\/\"]}]},{\"@type\":\"ImageObject\",\"inLanguage\":\"es\",\"@id\":\"https:\/\/letrame.com\/catalogo\/producto\/lo-que-paso-paso\/#primaryimage\",\"url\":\"https:\/\/letrame.com\/catalogo\/wp-content\/uploads\/2026\/04\/loquepaso_825mm4.jpg\",\"contentUrl\":\"https:\/\/letrame.com\/catalogo\/wp-content\/uploads\/2026\/04\/loquepaso_825mm4.jpg\",\"width\":886,\"height\":1240},{\"@type\":\"BreadcrumbList\",\"@id\":\"https:\/\/letrame.com\/catalogo\/producto\/lo-que-paso-paso\/#breadcrumb\",\"itemListElement\":[{\"@type\":\"ListItem\",\"position\":1,\"name\":\"Portada\",\"item\":\"https:\/\/letrame.com\/catalogo\/\"},{\"@type\":\"ListItem\",\"position\":2,\"name\":\"Cat\u00e1logo\",\"item\":\"https:\/\/letrame.com\/catalogo\/\"},{\"@type\":\"ListItem\",\"position\":3,\"name\":\"\u00a1Lo que pas\u00f3, pas\u00f3!\"}]},{\"@type\":\"WebSite\",\"@id\":\"https:\/\/letrame.com\/catalogo\/#website\",\"url\":\"https:\/\/letrame.com\/catalogo\/\",\"name\":\"Catalogo | Letrame Grupo Editorial\",\"description\":\"\",\"publisher\":{\"@id\":\"https:\/\/letrame.com\/catalogo\/#organization\"},\"potentialAction\":[{\"@type\":\"SearchAction\",\"target\":{\"@type\":\"EntryPoint\",\"urlTemplate\":\"https:\/\/letrame.com\/catalogo\/?s={search_term_string}\"},\"query-input\":{\"@type\":\"PropertyValueSpecification\",\"valueRequired\":true,\"valueName\":\"search_term_string\"}}],\"inLanguage\":\"es\"},{\"@type\":\"Organization\",\"@id\":\"https:\/\/letrame.com\/catalogo\/#organization\",\"name\":\"Catalogo | Letrame Grupo Editorial\",\"url\":\"https:\/\/letrame.com\/catalogo\/\",\"logo\":{\"@type\":\"ImageObject\",\"inLanguage\":\"es\",\"@id\":\"https:\/\/letrame.com\/catalogo\/#\/schema\/logo\/image\/\",\"url\":\"https:\/\/letrame.com\/catalogo\/wp-content\/uploads\/2024\/03\/logo2.webp\",\"contentUrl\":\"https:\/\/letrame.com\/catalogo\/wp-content\/uploads\/2024\/03\/logo2.webp\",\"width\":394,\"height\":128,\"caption\":\"Catalogo | Letrame Grupo Editorial\"},\"image\":{\"@id\":\"https:\/\/letrame.com\/catalogo\/#\/schema\/logo\/image\/\"}}]}<\/script>\n<!-- \/ Yoast SEO plugin. -->","yoast_head_json":{"title":"\u00a1Lo que pas\u00f3, pas\u00f3! - Catalogo | Letrame Grupo Editorial","robots":{"index":"index","follow":"follow","max-snippet":"max-snippet:-1","max-image-preview":"max-image-preview:large","max-video-preview":"max-video-preview:-1"},"canonical":"https:\/\/letrame.com\/catalogo\/producto\/lo-que-paso-paso\/","og_locale":"es_ES","og_type":"article","og_title":"\u00a1Lo que pas\u00f3, pas\u00f3! - Catalogo | Letrame Grupo Editorial","og_description":"ISBN: 9791370295325  SINOPSIS \u00bfY si el problema no fuera lo que te pas\u00f3, sino c\u00f3mo sigues viviendo desde eso que ya pas\u00f3? Todos cargamos historias que no cerraron bien: decisiones que pesan, heridas que no sanaron, palabras que nunca se dijeron. En Lo que pas\u00f3, pas\u00f3, Wilson Gil te propone algo distinto a \u00abolvidar\u00bb o \u00absuperar\u00bb: entender, resignificar y soltar con conciencia. Con un lenguaje claro, profundo y cercano, el autor une psicolog\u00eda, neurociencia y espiritualidad pr\u00e1ctica para mostrar c\u00f3mo el pasado, cuando no se integra, termina dirigiendo tus emociones, tus relaciones y tus decisiones. Este no es un libro de frases bonitas ni recetas r\u00e1pidas; es una invitaci\u00f3n honesta a recuperar el control interno y habitar el presente con mayor libertad y coherencia. Ideal para quienes sienten que han avanzado, pero no del todo. Para l\u00edderes, profesionales y personas en proceso de crecimiento que saben que vivir en el presente no es negar la historia, sino dejar de ser prisionero de ella. Porque cuando el pasado deja de doler, el presente deja de pesar y la vida vuelve a fluir.","og_url":"https:\/\/letrame.com\/catalogo\/producto\/lo-que-paso-paso\/","og_site_name":"Catalogo | Letrame Grupo Editorial","article_modified_time":"2026-04-13T12:46:02+00:00","og_image":[{"width":886,"height":1240,"url":"https:\/\/letrame.com\/catalogo\/wp-content\/uploads\/2026\/04\/loquepaso_825mm4.jpg","type":"image\/jpeg"}],"twitter_card":"summary_large_image","twitter_misc":{"Tiempo de lectura":"2 minutos"},"schema":{"@context":"https:\/\/schema.org","@graph":[{"@type":"WebPage","@id":"https:\/\/letrame.com\/catalogo\/producto\/lo-que-paso-paso\/","url":"https:\/\/letrame.com\/catalogo\/producto\/lo-que-paso-paso\/","name":"\u00a1Lo que pas\u00f3, pas\u00f3! - Catalogo | Letrame Grupo Editorial","isPartOf":{"@id":"https:\/\/letrame.com\/catalogo\/#website"},"primaryImageOfPage":{"@id":"https:\/\/letrame.com\/catalogo\/producto\/lo-que-paso-paso\/#primaryimage"},"image":{"@id":"https:\/\/letrame.com\/catalogo\/producto\/lo-que-paso-paso\/#primaryimage"},"thumbnailUrl":"https:\/\/letrame.com\/catalogo\/wp-content\/uploads\/2026\/04\/loquepaso_825mm4.jpg","datePublished":"2026-04-13T12:46:01+00:00","dateModified":"2026-04-13T12:46:02+00:00","breadcrumb":{"@id":"https:\/\/letrame.com\/catalogo\/producto\/lo-que-paso-paso\/#breadcrumb"},"inLanguage":"es","potentialAction":[{"@type":"ReadAction","target":["https:\/\/letrame.com\/catalogo\/producto\/lo-que-paso-paso\/"]}]},{"@type":"ImageObject","inLanguage":"es","@id":"https:\/\/letrame.com\/catalogo\/producto\/lo-que-paso-paso\/#primaryimage","url":"https:\/\/letrame.com\/catalogo\/wp-content\/uploads\/2026\/04\/loquepaso_825mm4.jpg","contentUrl":"https:\/\/letrame.com\/catalogo\/wp-content\/uploads\/2026\/04\/loquepaso_825mm4.jpg","width":886,"height":1240},{"@type":"BreadcrumbList","@id":"https:\/\/letrame.com\/catalogo\/producto\/lo-que-paso-paso\/#breadcrumb","itemListElement":[{"@type":"ListItem","position":1,"name":"Portada","item":"https:\/\/letrame.com\/catalogo\/"},{"@type":"ListItem","position":2,"name":"Cat\u00e1logo","item":"https:\/\/letrame.com\/catalogo\/"},{"@type":"ListItem","position":3,"name":"\u00a1Lo que pas\u00f3, pas\u00f3!"}]},{"@type":"WebSite","@id":"https:\/\/letrame.com\/catalogo\/#website","url":"https:\/\/letrame.com\/catalogo\/","name":"Catalogo | Letrame Grupo Editorial","description":"","publisher":{"@id":"https:\/\/letrame.com\/catalogo\/#organization"},"potentialAction":[{"@type":"SearchAction","target":{"@type":"EntryPoint","urlTemplate":"https:\/\/letrame.com\/catalogo\/?s={search_term_string}"},"query-input":{"@type":"PropertyValueSpecification","valueRequired":true,"valueName":"search_term_string"}}],"inLanguage":"es"},{"@type":"Organization","@id":"https:\/\/letrame.com\/catalogo\/#organization","name":"Catalogo | Letrame Grupo Editorial","url":"https:\/\/letrame.com\/catalogo\/","logo":{"@type":"ImageObject","inLanguage":"es","@id":"https:\/\/letrame.com\/catalogo\/#\/schema\/logo\/image\/","url":"https:\/\/letrame.com\/catalogo\/wp-content\/uploads\/2024\/03\/logo2.webp","contentUrl":"https:\/\/letrame.com\/catalogo\/wp-content\/uploads\/2024\/03\/logo2.webp","width":394,"height":128,"caption":"Catalogo | Letrame Grupo Editorial"},"image":{"@id":"https:\/\/letrame.com\/catalogo\/#\/schema\/logo\/image\/"}}]}},"_links":{"self":[{"href":"https:\/\/letrame.com\/catalogo\/wp-json\/wp\/v2\/product\/111914","targetHints":{"allow":["GET"]}}],"collection":[{"href":"https:\/\/letrame.com\/catalogo\/wp-json\/wp\/v2\/product"}],"about":[{"href":"https:\/\/letrame.com\/catalogo\/wp-json\/wp\/v2\/types\/product"}],"replies":[{"embeddable":true,"href":"https:\/\/letrame.com\/catalogo\/wp-json\/wp\/v2\/comments?post=111914"}],"acf:post":[{"embeddable":true,"href":"https:\/\/letrame.com\/catalogo\/wp-json\/wp\/v2\/author_book\/111915"}],"wp:featuredmedia":[{"embeddable":true,"href":"https:\/\/letrame.com\/catalogo\/wp-json\/wp\/v2\/media\/111918"}],"wp:attachment":[{"href":"https:\/\/letrame.com\/catalogo\/wp-json\/wp\/v2\/media?parent=111914"}],"wp:term":[{"taxonomy":"libro","embeddable":true,"href":"https:\/\/letrame.com\/catalogo\/wp-json\/wp\/v2\/libro?post=111914"},{"taxonomy":"product_brand","embeddable":true,"href":"https:\/\/letrame.com\/catalogo\/wp-json\/wp\/v2\/product_brand?post=111914"},{"taxonomy":"product_cat","embeddable":true,"href":"https:\/\/letrame.com\/catalogo\/wp-json\/wp\/v2\/product_cat?post=111914"},{"taxonomy":"product_tag","embeddable":true,"href":"https:\/\/letrame.com\/catalogo\/wp-json\/wp\/v2\/product_tag?post=111914"}],"curies":[{"name":"wp","href":"https:\/\/api.w.org\/{rel}","templated":true}]}}