{"id":111903,"date":"2026-04-13T12:58:57","date_gmt":"2026-04-13T10:58:57","guid":{"rendered":"https:\/\/letrame.com\/catalogo\/?post_type=product&#038;p=111903"},"modified":"2026-04-13T12:58:58","modified_gmt":"2026-04-13T10:58:58","slug":"las-sombras-de-nix","status":"publish","type":"product","link":"https:\/\/letrame.com\/catalogo\/producto\/las-sombras-de-nix\/","title":{"rendered":"Las sombras de Nix"},"content":{"rendered":"<p><strong>ISBN: 9791370295103<\/strong><br \/>\n<strong>T\u00edtulo: Las sombras de Nix<\/strong><br \/>\n<strong>Fecha: 2026<\/strong><br \/>\n<strong>P\u00e1ginas: 262<\/strong><\/p>\n<p><strong>SINOPSIS<\/strong><\/p>\n<p data-start=\"0\" data-end=\"48\">\u00bfQu\u00e9 ocurre cuando los sue\u00f1os ya no son refugio?<\/p>\n<p data-start=\"50\" data-end=\"584\">En la intersecci\u00f3n entre la ciencia y el mito, se despliega una historia donde los l\u00edmites de lo humano se desdibujan y la oscuridad encuentra nuevas formas de manifestarse. Aqu\u00ed, la neurociencia ilumina lo desconocido solo para revelar que siempre hubo algo m\u00e1s: presencias antiguas, fuerzas primordiales ambiciosas, dioses que nunca abandonaron la noche, tanto para poseerla, pero tambi\u00e9n para proteger el equilibrio. Un mundo en crisis. Una ciencia que no basta para dar explicaciones, pero que tambi\u00e9n se involucra con las causas.<\/p>\n<p data-start=\"586\" data-end=\"1112\">Una oscuridad que se filtra desde el sue\u00f1o, permitiendo la aparici\u00f3n de seres aterradores, pero tambi\u00e9n el mismo sue\u00f1o es fundamental para preservar la armon\u00eda. Esta novela fusiona la precisi\u00f3n de la neurociencia con la fuerza de la mitolog\u00eda para crear un relato \u00fanico, donde el insomnio deja de ser un simple malestar y se convierte en una amenaza global. Un viaje que conduce a lo m\u00e1s profundo de la mente humana, al lugar donde los recuerdos, las pesadillas y los dioses antiguos libran la batalla final por el equilibrio.<\/p>\n<p data-start=\"1114\" data-end=\"1247\" data-is-last-node=\"\" data-is-only-node=\"\">Una novela que explora cuando despertar ya no es suficiente para escapar de la pesadilla, y sus protagonistas deber\u00e1n buscar salidas.<\/p>\n","protected":false},"excerpt":{"rendered":"<p><strong>ISBN: 9791370295103<\/strong><\/p>\n<p><strong>SINOPSIS<\/strong><\/p>\n<p data-start=\"0\" data-end=\"48\">\u00bfQu\u00e9 ocurre cuando los sue\u00f1os ya no son refugio?<\/p>\n<p data-start=\"50\" data-end=\"584\">En la intersecci\u00f3n entre la ciencia y el mito, se despliega una historia donde los l\u00edmites de lo humano se desdibujan y la oscuridad encuentra nuevas formas de manifestarse. Aqu\u00ed, la neurociencia ilumina lo desconocido solo para revelar que siempre hubo algo m\u00e1s: presencias antiguas, fuerzas primordiales ambiciosas, dioses que nunca abandonaron la noche, tanto para poseerla, pero tambi\u00e9n para proteger el equilibrio. Un mundo en crisis. Una ciencia que no basta para dar explicaciones, pero que tambi\u00e9n se involucra con las causas.<\/p>\n<p data-start=\"586\" data-end=\"1112\">Una oscuridad que se filtra desde el sue\u00f1o, permitiendo la aparici\u00f3n de seres aterradores, pero tambi\u00e9n el mismo sue\u00f1o es fundamental para preservar la armon\u00eda. Esta novela fusiona la precisi\u00f3n de la neurociencia con la fuerza de la mitolog\u00eda para crear un relato \u00fanico, donde el insomnio deja de ser un simple malestar y se convierte en una amenaza global. Un viaje que conduce a lo m\u00e1s profundo de la mente humana, al lugar donde los recuerdos, las pesadillas y los dioses antiguos libran la batalla final por el equilibrio.<\/p>\n<p data-start=\"1114\" data-end=\"1247\" data-is-last-node=\"\" data-is-only-node=\"\">Una novela que explora cuando despertar ya no es suficiente para escapar de la pesadilla, y sus protagonistas deber\u00e1n buscar salidas.<\/p>\n","protected":false},"featured_media":111907,"comment_status":"open","ping_status":"closed","template":"","meta":{"_acf_changed":false},"libro":[],"product_brand":[],"product_cat":[141],"product_tag":[],"class_list":{"0":"post-111903","1":"product","2":"type-product","3":"status-publish","4":"has-post-thumbnail","6":"product_cat-ficcion","8":"first","9":"instock","10":"shipping-taxable","11":"product-type-simple"},"acf":{"autor":[111904],"enlace_de_compra":"https:\/\/amzn.to\/48CBj5J"},"yoast_head":"<!-- This site is optimized with the Yoast SEO plugin v26.6 - https:\/\/yoast.com\/wordpress\/plugins\/seo\/ -->\n<title>Las sombras de Nix - Catalogo | Letrame Grupo Editorial<\/title>\n<meta name=\"robots\" content=\"index, follow, max-snippet:-1, max-image-preview:large, max-video-preview:-1\" \/>\n<link rel=\"canonical\" href=\"https:\/\/letrame.com\/catalogo\/producto\/las-sombras-de-nix\/\" \/>\n<meta property=\"og:locale\" content=\"es_ES\" \/>\n<meta property=\"og:type\" content=\"article\" \/>\n<meta property=\"og:title\" content=\"Las sombras de Nix - Catalogo | Letrame Grupo Editorial\" \/>\n<meta property=\"og:description\" content=\"ISBN: 9791370295103  SINOPSIS \u00bfQu\u00e9 ocurre cuando los sue\u00f1os ya no son refugio? En la intersecci\u00f3n entre la ciencia y el mito, se despliega una historia donde los l\u00edmites de lo humano se desdibujan y la oscuridad encuentra nuevas formas de manifestarse. Aqu\u00ed, la neurociencia ilumina lo desconocido solo para revelar que siempre hubo algo m\u00e1s: presencias antiguas, fuerzas primordiales ambiciosas, dioses que nunca abandonaron la noche, tanto para poseerla, pero tambi\u00e9n para proteger el equilibrio. Un mundo en crisis. Una ciencia que no basta para dar explicaciones, pero que tambi\u00e9n se involucra con las causas. Una oscuridad que se filtra desde el sue\u00f1o, permitiendo la aparici\u00f3n de seres aterradores, pero tambi\u00e9n el mismo sue\u00f1o es fundamental para preservar la armon\u00eda. Esta novela fusiona la precisi\u00f3n de la neurociencia con la fuerza de la mitolog\u00eda para crear un relato \u00fanico, donde el insomnio deja de ser un simple malestar y se convierte en una amenaza global. Un viaje que conduce a lo m\u00e1s profundo de la mente humana, al lugar donde los recuerdos, las pesadillas y los dioses antiguos libran la batalla final por el equilibrio. Una novela que explora cuando despertar ya no es suficiente para escapar de la pesadilla, y sus protagonistas deber\u00e1n buscar salidas.\" \/>\n<meta property=\"og:url\" content=\"https:\/\/letrame.com\/catalogo\/producto\/las-sombras-de-nix\/\" \/>\n<meta property=\"og:site_name\" content=\"Catalogo | Letrame Grupo Editorial\" \/>\n<meta property=\"article:modified_time\" content=\"2026-04-13T10:58:58+00:00\" \/>\n<meta property=\"og:image\" content=\"https:\/\/letrame.com\/catalogo\/wp-content\/uploads\/2026\/04\/lasombrasdenix_2717mm4.jpg\" \/>\n\t<meta property=\"og:image:width\" content=\"886\" \/>\n\t<meta property=\"og:image:height\" content=\"1299\" \/>\n\t<meta property=\"og:image:type\" content=\"image\/jpeg\" \/>\n<meta name=\"twitter:card\" content=\"summary_large_image\" \/>\n<meta name=\"twitter:label1\" content=\"Tiempo de lectura\" \/>\n\t<meta name=\"twitter:data1\" content=\"2 minutos\" \/>\n<script type=\"application\/ld+json\" class=\"yoast-schema-graph\">{\"@context\":\"https:\/\/schema.org\",\"@graph\":[{\"@type\":\"WebPage\",\"@id\":\"https:\/\/letrame.com\/catalogo\/producto\/las-sombras-de-nix\/\",\"url\":\"https:\/\/letrame.com\/catalogo\/producto\/las-sombras-de-nix\/\",\"name\":\"Las sombras de Nix - Catalogo | Letrame Grupo Editorial\",\"isPartOf\":{\"@id\":\"https:\/\/letrame.com\/catalogo\/#website\"},\"primaryImageOfPage\":{\"@id\":\"https:\/\/letrame.com\/catalogo\/producto\/las-sombras-de-nix\/#primaryimage\"},\"image\":{\"@id\":\"https:\/\/letrame.com\/catalogo\/producto\/las-sombras-de-nix\/#primaryimage\"},\"thumbnailUrl\":\"https:\/\/letrame.com\/catalogo\/wp-content\/uploads\/2026\/04\/lasombrasdenix_2717mm4.jpg\",\"datePublished\":\"2026-04-13T10:58:57+00:00\",\"dateModified\":\"2026-04-13T10:58:58+00:00\",\"breadcrumb\":{\"@id\":\"https:\/\/letrame.com\/catalogo\/producto\/las-sombras-de-nix\/#breadcrumb\"},\"inLanguage\":\"es\",\"potentialAction\":[{\"@type\":\"ReadAction\",\"target\":[\"https:\/\/letrame.com\/catalogo\/producto\/las-sombras-de-nix\/\"]}]},{\"@type\":\"ImageObject\",\"inLanguage\":\"es\",\"@id\":\"https:\/\/letrame.com\/catalogo\/producto\/las-sombras-de-nix\/#primaryimage\",\"url\":\"https:\/\/letrame.com\/catalogo\/wp-content\/uploads\/2026\/04\/lasombrasdenix_2717mm4.jpg\",\"contentUrl\":\"https:\/\/letrame.com\/catalogo\/wp-content\/uploads\/2026\/04\/lasombrasdenix_2717mm4.jpg\",\"width\":886,\"height\":1299},{\"@type\":\"BreadcrumbList\",\"@id\":\"https:\/\/letrame.com\/catalogo\/producto\/las-sombras-de-nix\/#breadcrumb\",\"itemListElement\":[{\"@type\":\"ListItem\",\"position\":1,\"name\":\"Portada\",\"item\":\"https:\/\/letrame.com\/catalogo\/\"},{\"@type\":\"ListItem\",\"position\":2,\"name\":\"Cat\u00e1logo\",\"item\":\"https:\/\/letrame.com\/catalogo\/\"},{\"@type\":\"ListItem\",\"position\":3,\"name\":\"Las sombras de Nix\"}]},{\"@type\":\"WebSite\",\"@id\":\"https:\/\/letrame.com\/catalogo\/#website\",\"url\":\"https:\/\/letrame.com\/catalogo\/\",\"name\":\"Catalogo | Letrame Grupo Editorial\",\"description\":\"\",\"publisher\":{\"@id\":\"https:\/\/letrame.com\/catalogo\/#organization\"},\"potentialAction\":[{\"@type\":\"SearchAction\",\"target\":{\"@type\":\"EntryPoint\",\"urlTemplate\":\"https:\/\/letrame.com\/catalogo\/?s={search_term_string}\"},\"query-input\":{\"@type\":\"PropertyValueSpecification\",\"valueRequired\":true,\"valueName\":\"search_term_string\"}}],\"inLanguage\":\"es\"},{\"@type\":\"Organization\",\"@id\":\"https:\/\/letrame.com\/catalogo\/#organization\",\"name\":\"Catalogo | Letrame Grupo Editorial\",\"url\":\"https:\/\/letrame.com\/catalogo\/\",\"logo\":{\"@type\":\"ImageObject\",\"inLanguage\":\"es\",\"@id\":\"https:\/\/letrame.com\/catalogo\/#\/schema\/logo\/image\/\",\"url\":\"https:\/\/letrame.com\/catalogo\/wp-content\/uploads\/2024\/03\/logo2.webp\",\"contentUrl\":\"https:\/\/letrame.com\/catalogo\/wp-content\/uploads\/2024\/03\/logo2.webp\",\"width\":394,\"height\":128,\"caption\":\"Catalogo | Letrame Grupo Editorial\"},\"image\":{\"@id\":\"https:\/\/letrame.com\/catalogo\/#\/schema\/logo\/image\/\"}}]}<\/script>\n<!-- \/ Yoast SEO plugin. -->","yoast_head_json":{"title":"Las sombras de Nix - Catalogo | Letrame Grupo Editorial","robots":{"index":"index","follow":"follow","max-snippet":"max-snippet:-1","max-image-preview":"max-image-preview:large","max-video-preview":"max-video-preview:-1"},"canonical":"https:\/\/letrame.com\/catalogo\/producto\/las-sombras-de-nix\/","og_locale":"es_ES","og_type":"article","og_title":"Las sombras de Nix - Catalogo | Letrame Grupo Editorial","og_description":"ISBN: 9791370295103  SINOPSIS \u00bfQu\u00e9 ocurre cuando los sue\u00f1os ya no son refugio? En la intersecci\u00f3n entre la ciencia y el mito, se despliega una historia donde los l\u00edmites de lo humano se desdibujan y la oscuridad encuentra nuevas formas de manifestarse. Aqu\u00ed, la neurociencia ilumina lo desconocido solo para revelar que siempre hubo algo m\u00e1s: presencias antiguas, fuerzas primordiales ambiciosas, dioses que nunca abandonaron la noche, tanto para poseerla, pero tambi\u00e9n para proteger el equilibrio. Un mundo en crisis. Una ciencia que no basta para dar explicaciones, pero que tambi\u00e9n se involucra con las causas. Una oscuridad que se filtra desde el sue\u00f1o, permitiendo la aparici\u00f3n de seres aterradores, pero tambi\u00e9n el mismo sue\u00f1o es fundamental para preservar la armon\u00eda. Esta novela fusiona la precisi\u00f3n de la neurociencia con la fuerza de la mitolog\u00eda para crear un relato \u00fanico, donde el insomnio deja de ser un simple malestar y se convierte en una amenaza global. Un viaje que conduce a lo m\u00e1s profundo de la mente humana, al lugar donde los recuerdos, las pesadillas y los dioses antiguos libran la batalla final por el equilibrio. Una novela que explora cuando despertar ya no es suficiente para escapar de la pesadilla, y sus protagonistas deber\u00e1n buscar salidas.","og_url":"https:\/\/letrame.com\/catalogo\/producto\/las-sombras-de-nix\/","og_site_name":"Catalogo | Letrame Grupo Editorial","article_modified_time":"2026-04-13T10:58:58+00:00","og_image":[{"width":886,"height":1299,"url":"https:\/\/letrame.com\/catalogo\/wp-content\/uploads\/2026\/04\/lasombrasdenix_2717mm4.jpg","type":"image\/jpeg"}],"twitter_card":"summary_large_image","twitter_misc":{"Tiempo de lectura":"2 minutos"},"schema":{"@context":"https:\/\/schema.org","@graph":[{"@type":"WebPage","@id":"https:\/\/letrame.com\/catalogo\/producto\/las-sombras-de-nix\/","url":"https:\/\/letrame.com\/catalogo\/producto\/las-sombras-de-nix\/","name":"Las sombras de Nix - Catalogo | Letrame Grupo Editorial","isPartOf":{"@id":"https:\/\/letrame.com\/catalogo\/#website"},"primaryImageOfPage":{"@id":"https:\/\/letrame.com\/catalogo\/producto\/las-sombras-de-nix\/#primaryimage"},"image":{"@id":"https:\/\/letrame.com\/catalogo\/producto\/las-sombras-de-nix\/#primaryimage"},"thumbnailUrl":"https:\/\/letrame.com\/catalogo\/wp-content\/uploads\/2026\/04\/lasombrasdenix_2717mm4.jpg","datePublished":"2026-04-13T10:58:57+00:00","dateModified":"2026-04-13T10:58:58+00:00","breadcrumb":{"@id":"https:\/\/letrame.com\/catalogo\/producto\/las-sombras-de-nix\/#breadcrumb"},"inLanguage":"es","potentialAction":[{"@type":"ReadAction","target":["https:\/\/letrame.com\/catalogo\/producto\/las-sombras-de-nix\/"]}]},{"@type":"ImageObject","inLanguage":"es","@id":"https:\/\/letrame.com\/catalogo\/producto\/las-sombras-de-nix\/#primaryimage","url":"https:\/\/letrame.com\/catalogo\/wp-content\/uploads\/2026\/04\/lasombrasdenix_2717mm4.jpg","contentUrl":"https:\/\/letrame.com\/catalogo\/wp-content\/uploads\/2026\/04\/lasombrasdenix_2717mm4.jpg","width":886,"height":1299},{"@type":"BreadcrumbList","@id":"https:\/\/letrame.com\/catalogo\/producto\/las-sombras-de-nix\/#breadcrumb","itemListElement":[{"@type":"ListItem","position":1,"name":"Portada","item":"https:\/\/letrame.com\/catalogo\/"},{"@type":"ListItem","position":2,"name":"Cat\u00e1logo","item":"https:\/\/letrame.com\/catalogo\/"},{"@type":"ListItem","position":3,"name":"Las sombras de Nix"}]},{"@type":"WebSite","@id":"https:\/\/letrame.com\/catalogo\/#website","url":"https:\/\/letrame.com\/catalogo\/","name":"Catalogo | Letrame Grupo Editorial","description":"","publisher":{"@id":"https:\/\/letrame.com\/catalogo\/#organization"},"potentialAction":[{"@type":"SearchAction","target":{"@type":"EntryPoint","urlTemplate":"https:\/\/letrame.com\/catalogo\/?s={search_term_string}"},"query-input":{"@type":"PropertyValueSpecification","valueRequired":true,"valueName":"search_term_string"}}],"inLanguage":"es"},{"@type":"Organization","@id":"https:\/\/letrame.com\/catalogo\/#organization","name":"Catalogo | Letrame Grupo Editorial","url":"https:\/\/letrame.com\/catalogo\/","logo":{"@type":"ImageObject","inLanguage":"es","@id":"https:\/\/letrame.com\/catalogo\/#\/schema\/logo\/image\/","url":"https:\/\/letrame.com\/catalogo\/wp-content\/uploads\/2024\/03\/logo2.webp","contentUrl":"https:\/\/letrame.com\/catalogo\/wp-content\/uploads\/2024\/03\/logo2.webp","width":394,"height":128,"caption":"Catalogo | Letrame Grupo Editorial"},"image":{"@id":"https:\/\/letrame.com\/catalogo\/#\/schema\/logo\/image\/"}}]}},"_links":{"self":[{"href":"https:\/\/letrame.com\/catalogo\/wp-json\/wp\/v2\/product\/111903","targetHints":{"allow":["GET"]}}],"collection":[{"href":"https:\/\/letrame.com\/catalogo\/wp-json\/wp\/v2\/product"}],"about":[{"href":"https:\/\/letrame.com\/catalogo\/wp-json\/wp\/v2\/types\/product"}],"replies":[{"embeddable":true,"href":"https:\/\/letrame.com\/catalogo\/wp-json\/wp\/v2\/comments?post=111903"}],"acf:post":[{"embeddable":true,"href":"https:\/\/letrame.com\/catalogo\/wp-json\/wp\/v2\/author_book\/111904"}],"wp:featuredmedia":[{"embeddable":true,"href":"https:\/\/letrame.com\/catalogo\/wp-json\/wp\/v2\/media\/111907"}],"wp:attachment":[{"href":"https:\/\/letrame.com\/catalogo\/wp-json\/wp\/v2\/media?parent=111903"}],"wp:term":[{"taxonomy":"libro","embeddable":true,"href":"https:\/\/letrame.com\/catalogo\/wp-json\/wp\/v2\/libro?post=111903"},{"taxonomy":"product_brand","embeddable":true,"href":"https:\/\/letrame.com\/catalogo\/wp-json\/wp\/v2\/product_brand?post=111903"},{"taxonomy":"product_cat","embeddable":true,"href":"https:\/\/letrame.com\/catalogo\/wp-json\/wp\/v2\/product_cat?post=111903"},{"taxonomy":"product_tag","embeddable":true,"href":"https:\/\/letrame.com\/catalogo\/wp-json\/wp\/v2\/product_tag?post=111903"}],"curies":[{"name":"wp","href":"https:\/\/api.w.org\/{rel}","templated":true}]}}