{"id":111894,"date":"2026-04-13T12:44:31","date_gmt":"2026-04-13T10:44:31","guid":{"rendered":"https:\/\/letrame.com\/catalogo\/?post_type=product&#038;p=111894"},"modified":"2026-04-13T12:44:32","modified_gmt":"2026-04-13T10:44:32","slug":"el-archivo-de-recuerdos","status":"publish","type":"product","link":"https:\/\/letrame.com\/catalogo\/producto\/el-archivo-de-recuerdos\/","title":{"rendered":"El archivo de recuerdos"},"content":{"rendered":"<p><strong>ISBN: 9791370296810<\/strong><br \/>\n<strong>T\u00edtulo: El archivo de recuerdos<\/strong><br \/>\n<strong>Fecha: 2025<\/strong><br \/>\n<strong>P\u00e1ginas: 166<\/strong><\/p>\n<p><strong>SINOPSIS<\/strong><\/p>\n<p data-start=\"0\" data-end=\"138\">La magia tiene un precio muy alto. Todo aquel que la use perder\u00e1 sus recuerdos. Estos se acumulan en una conciencia colectiva, el Archivo.<\/p>\n<p data-start=\"140\" data-end=\"477\">Aeryn es una elfa que no recuerda su vida m\u00e1s all\u00e1 de unos pocos a\u00f1os, pero ahora se dedica a la cartograf\u00eda. Pretend\u00eda completar un mapa del reino, pero es imposible cuando el mundo cambia: donde antes hab\u00eda plazas, ahora hay r\u00edos. Donde antes hab\u00eda un mercado, ahora hay un bosque. Donde antes hab\u00eda un descampado\u2026 ahora hay una aldea.<\/p>\n<p data-start=\"479\" data-end=\"603\" data-is-last-node=\"\" data-is-only-node=\"\">Aeryn decide partir junto con su hermano Wyde a investigar esta aldea, con el fin de averiguar qu\u00e9 est\u00e1 pasando en el reino.<\/p>\n","protected":false},"excerpt":{"rendered":"<p><strong>ISBN: 9791370296810<\/strong><\/p>\n<p><strong>SINOPSIS<\/strong><\/p>\n<p data-start=\"0\" data-end=\"138\">La magia tiene un precio muy alto. Todo aquel que la use perder\u00e1 sus recuerdos. Estos se acumulan en una conciencia colectiva, el Archivo.<\/p>\n<p data-start=\"140\" data-end=\"477\">Aeryn es una elfa que no recuerda su vida m\u00e1s all\u00e1 de unos pocos a\u00f1os, pero ahora se dedica a la cartograf\u00eda. Pretend\u00eda completar un mapa del reino, pero es imposible cuando el mundo cambia: donde antes hab\u00eda plazas, ahora hay r\u00edos. Donde antes hab\u00eda un mercado, ahora hay un bosque. Donde antes hab\u00eda un descampado\u2026 ahora hay una aldea.<\/p>\n<p data-start=\"479\" data-end=\"603\" data-is-last-node=\"\" data-is-only-node=\"\">Aeryn decide partir junto con su hermano Wyde a investigar esta aldea, con el fin de averiguar qu\u00e9 est\u00e1 pasando en el reino.<\/p>\n","protected":false},"featured_media":111897,"comment_status":"open","ping_status":"closed","template":"","meta":{"_acf_changed":false},"libro":[],"product_brand":[],"product_cat":[118],"product_tag":[],"class_list":{"0":"post-111894","1":"product","2":"type-product","3":"status-publish","4":"has-post-thumbnail","6":"product_cat-fantasia","8":"first","9":"instock","10":"shipping-taxable","11":"product-type-simple"},"acf":{"autor":[111895],"enlace_de_compra":"https:\/\/amzn.to\/3Q9lqgU"},"yoast_head":"<!-- This site is optimized with the Yoast SEO plugin v26.6 - https:\/\/yoast.com\/wordpress\/plugins\/seo\/ -->\n<title>El archivo de recuerdos - Catalogo | Letrame Grupo Editorial<\/title>\n<meta name=\"robots\" content=\"index, follow, max-snippet:-1, max-image-preview:large, max-video-preview:-1\" \/>\n<link rel=\"canonical\" href=\"https:\/\/letrame.com\/catalogo\/producto\/el-archivo-de-recuerdos\/\" \/>\n<meta property=\"og:locale\" content=\"es_ES\" \/>\n<meta property=\"og:type\" content=\"article\" \/>\n<meta property=\"og:title\" content=\"El archivo de recuerdos - Catalogo | Letrame Grupo Editorial\" \/>\n<meta property=\"og:description\" content=\"ISBN: 9791370296810  SINOPSIS La magia tiene un precio muy alto. Todo aquel que la use perder\u00e1 sus recuerdos. Estos se acumulan en una conciencia colectiva, el Archivo. Aeryn es una elfa que no recuerda su vida m\u00e1s all\u00e1 de unos pocos a\u00f1os, pero ahora se dedica a la cartograf\u00eda. Pretend\u00eda completar un mapa del reino, pero es imposible cuando el mundo cambia: donde antes hab\u00eda plazas, ahora hay r\u00edos. Donde antes hab\u00eda un mercado, ahora hay un bosque. Donde antes hab\u00eda un descampado\u2026 ahora hay una aldea. Aeryn decide partir junto con su hermano Wyde a investigar esta aldea, con el fin de averiguar qu\u00e9 est\u00e1 pasando en el reino.\" \/>\n<meta property=\"og:url\" content=\"https:\/\/letrame.com\/catalogo\/producto\/el-archivo-de-recuerdos\/\" \/>\n<meta property=\"og:site_name\" content=\"Catalogo | Letrame Grupo Editorial\" \/>\n<meta property=\"article:modified_time\" content=\"2026-04-13T10:44:32+00:00\" \/>\n<meta property=\"og:image\" content=\"https:\/\/letrame.com\/catalogo\/wp-content\/uploads\/2026\/04\/portadacatalogo-1-1.jpg\" \/>\n\t<meta property=\"og:image:width\" content=\"1063\" \/>\n\t<meta property=\"og:image:height\" content=\"1488\" \/>\n\t<meta property=\"og:image:type\" content=\"image\/jpeg\" \/>\n<meta name=\"twitter:card\" content=\"summary_large_image\" \/>\n<meta name=\"twitter:label1\" content=\"Tiempo de lectura\" \/>\n\t<meta name=\"twitter:data1\" content=\"1 minuto\" \/>\n<script type=\"application\/ld+json\" class=\"yoast-schema-graph\">{\"@context\":\"https:\/\/schema.org\",\"@graph\":[{\"@type\":\"WebPage\",\"@id\":\"https:\/\/letrame.com\/catalogo\/producto\/el-archivo-de-recuerdos\/\",\"url\":\"https:\/\/letrame.com\/catalogo\/producto\/el-archivo-de-recuerdos\/\",\"name\":\"El archivo de recuerdos - Catalogo | Letrame Grupo Editorial\",\"isPartOf\":{\"@id\":\"https:\/\/letrame.com\/catalogo\/#website\"},\"primaryImageOfPage\":{\"@id\":\"https:\/\/letrame.com\/catalogo\/producto\/el-archivo-de-recuerdos\/#primaryimage\"},\"image\":{\"@id\":\"https:\/\/letrame.com\/catalogo\/producto\/el-archivo-de-recuerdos\/#primaryimage\"},\"thumbnailUrl\":\"https:\/\/letrame.com\/catalogo\/wp-content\/uploads\/2026\/04\/portadacatalogo-1-1.jpg\",\"datePublished\":\"2026-04-13T10:44:31+00:00\",\"dateModified\":\"2026-04-13T10:44:32+00:00\",\"breadcrumb\":{\"@id\":\"https:\/\/letrame.com\/catalogo\/producto\/el-archivo-de-recuerdos\/#breadcrumb\"},\"inLanguage\":\"es\",\"potentialAction\":[{\"@type\":\"ReadAction\",\"target\":[\"https:\/\/letrame.com\/catalogo\/producto\/el-archivo-de-recuerdos\/\"]}]},{\"@type\":\"ImageObject\",\"inLanguage\":\"es\",\"@id\":\"https:\/\/letrame.com\/catalogo\/producto\/el-archivo-de-recuerdos\/#primaryimage\",\"url\":\"https:\/\/letrame.com\/catalogo\/wp-content\/uploads\/2026\/04\/portadacatalogo-1-1.jpg\",\"contentUrl\":\"https:\/\/letrame.com\/catalogo\/wp-content\/uploads\/2026\/04\/portadacatalogo-1-1.jpg\",\"width\":1063,\"height\":1488},{\"@type\":\"BreadcrumbList\",\"@id\":\"https:\/\/letrame.com\/catalogo\/producto\/el-archivo-de-recuerdos\/#breadcrumb\",\"itemListElement\":[{\"@type\":\"ListItem\",\"position\":1,\"name\":\"Portada\",\"item\":\"https:\/\/letrame.com\/catalogo\/\"},{\"@type\":\"ListItem\",\"position\":2,\"name\":\"Cat\u00e1logo\",\"item\":\"https:\/\/letrame.com\/catalogo\/\"},{\"@type\":\"ListItem\",\"position\":3,\"name\":\"El archivo de recuerdos\"}]},{\"@type\":\"WebSite\",\"@id\":\"https:\/\/letrame.com\/catalogo\/#website\",\"url\":\"https:\/\/letrame.com\/catalogo\/\",\"name\":\"Catalogo | Letrame Grupo Editorial\",\"description\":\"\",\"publisher\":{\"@id\":\"https:\/\/letrame.com\/catalogo\/#organization\"},\"potentialAction\":[{\"@type\":\"SearchAction\",\"target\":{\"@type\":\"EntryPoint\",\"urlTemplate\":\"https:\/\/letrame.com\/catalogo\/?s={search_term_string}\"},\"query-input\":{\"@type\":\"PropertyValueSpecification\",\"valueRequired\":true,\"valueName\":\"search_term_string\"}}],\"inLanguage\":\"es\"},{\"@type\":\"Organization\",\"@id\":\"https:\/\/letrame.com\/catalogo\/#organization\",\"name\":\"Catalogo | Letrame Grupo Editorial\",\"url\":\"https:\/\/letrame.com\/catalogo\/\",\"logo\":{\"@type\":\"ImageObject\",\"inLanguage\":\"es\",\"@id\":\"https:\/\/letrame.com\/catalogo\/#\/schema\/logo\/image\/\",\"url\":\"https:\/\/letrame.com\/catalogo\/wp-content\/uploads\/2024\/03\/logo2.webp\",\"contentUrl\":\"https:\/\/letrame.com\/catalogo\/wp-content\/uploads\/2024\/03\/logo2.webp\",\"width\":394,\"height\":128,\"caption\":\"Catalogo | Letrame Grupo Editorial\"},\"image\":{\"@id\":\"https:\/\/letrame.com\/catalogo\/#\/schema\/logo\/image\/\"}}]}<\/script>\n<!-- \/ Yoast SEO plugin. -->","yoast_head_json":{"title":"El archivo de recuerdos - Catalogo | Letrame Grupo Editorial","robots":{"index":"index","follow":"follow","max-snippet":"max-snippet:-1","max-image-preview":"max-image-preview:large","max-video-preview":"max-video-preview:-1"},"canonical":"https:\/\/letrame.com\/catalogo\/producto\/el-archivo-de-recuerdos\/","og_locale":"es_ES","og_type":"article","og_title":"El archivo de recuerdos - Catalogo | Letrame Grupo Editorial","og_description":"ISBN: 9791370296810  SINOPSIS La magia tiene un precio muy alto. Todo aquel que la use perder\u00e1 sus recuerdos. Estos se acumulan en una conciencia colectiva, el Archivo. Aeryn es una elfa que no recuerda su vida m\u00e1s all\u00e1 de unos pocos a\u00f1os, pero ahora se dedica a la cartograf\u00eda. Pretend\u00eda completar un mapa del reino, pero es imposible cuando el mundo cambia: donde antes hab\u00eda plazas, ahora hay r\u00edos. Donde antes hab\u00eda un mercado, ahora hay un bosque. Donde antes hab\u00eda un descampado\u2026 ahora hay una aldea. Aeryn decide partir junto con su hermano Wyde a investigar esta aldea, con el fin de averiguar qu\u00e9 est\u00e1 pasando en el reino.","og_url":"https:\/\/letrame.com\/catalogo\/producto\/el-archivo-de-recuerdos\/","og_site_name":"Catalogo | Letrame Grupo Editorial","article_modified_time":"2026-04-13T10:44:32+00:00","og_image":[{"width":1063,"height":1488,"url":"https:\/\/letrame.com\/catalogo\/wp-content\/uploads\/2026\/04\/portadacatalogo-1-1.jpg","type":"image\/jpeg"}],"twitter_card":"summary_large_image","twitter_misc":{"Tiempo de lectura":"1 minuto"},"schema":{"@context":"https:\/\/schema.org","@graph":[{"@type":"WebPage","@id":"https:\/\/letrame.com\/catalogo\/producto\/el-archivo-de-recuerdos\/","url":"https:\/\/letrame.com\/catalogo\/producto\/el-archivo-de-recuerdos\/","name":"El archivo de recuerdos - Catalogo | Letrame Grupo Editorial","isPartOf":{"@id":"https:\/\/letrame.com\/catalogo\/#website"},"primaryImageOfPage":{"@id":"https:\/\/letrame.com\/catalogo\/producto\/el-archivo-de-recuerdos\/#primaryimage"},"image":{"@id":"https:\/\/letrame.com\/catalogo\/producto\/el-archivo-de-recuerdos\/#primaryimage"},"thumbnailUrl":"https:\/\/letrame.com\/catalogo\/wp-content\/uploads\/2026\/04\/portadacatalogo-1-1.jpg","datePublished":"2026-04-13T10:44:31+00:00","dateModified":"2026-04-13T10:44:32+00:00","breadcrumb":{"@id":"https:\/\/letrame.com\/catalogo\/producto\/el-archivo-de-recuerdos\/#breadcrumb"},"inLanguage":"es","potentialAction":[{"@type":"ReadAction","target":["https:\/\/letrame.com\/catalogo\/producto\/el-archivo-de-recuerdos\/"]}]},{"@type":"ImageObject","inLanguage":"es","@id":"https:\/\/letrame.com\/catalogo\/producto\/el-archivo-de-recuerdos\/#primaryimage","url":"https:\/\/letrame.com\/catalogo\/wp-content\/uploads\/2026\/04\/portadacatalogo-1-1.jpg","contentUrl":"https:\/\/letrame.com\/catalogo\/wp-content\/uploads\/2026\/04\/portadacatalogo-1-1.jpg","width":1063,"height":1488},{"@type":"BreadcrumbList","@id":"https:\/\/letrame.com\/catalogo\/producto\/el-archivo-de-recuerdos\/#breadcrumb","itemListElement":[{"@type":"ListItem","position":1,"name":"Portada","item":"https:\/\/letrame.com\/catalogo\/"},{"@type":"ListItem","position":2,"name":"Cat\u00e1logo","item":"https:\/\/letrame.com\/catalogo\/"},{"@type":"ListItem","position":3,"name":"El archivo de recuerdos"}]},{"@type":"WebSite","@id":"https:\/\/letrame.com\/catalogo\/#website","url":"https:\/\/letrame.com\/catalogo\/","name":"Catalogo | Letrame Grupo Editorial","description":"","publisher":{"@id":"https:\/\/letrame.com\/catalogo\/#organization"},"potentialAction":[{"@type":"SearchAction","target":{"@type":"EntryPoint","urlTemplate":"https:\/\/letrame.com\/catalogo\/?s={search_term_string}"},"query-input":{"@type":"PropertyValueSpecification","valueRequired":true,"valueName":"search_term_string"}}],"inLanguage":"es"},{"@type":"Organization","@id":"https:\/\/letrame.com\/catalogo\/#organization","name":"Catalogo | Letrame Grupo Editorial","url":"https:\/\/letrame.com\/catalogo\/","logo":{"@type":"ImageObject","inLanguage":"es","@id":"https:\/\/letrame.com\/catalogo\/#\/schema\/logo\/image\/","url":"https:\/\/letrame.com\/catalogo\/wp-content\/uploads\/2024\/03\/logo2.webp","contentUrl":"https:\/\/letrame.com\/catalogo\/wp-content\/uploads\/2024\/03\/logo2.webp","width":394,"height":128,"caption":"Catalogo | Letrame Grupo Editorial"},"image":{"@id":"https:\/\/letrame.com\/catalogo\/#\/schema\/logo\/image\/"}}]}},"_links":{"self":[{"href":"https:\/\/letrame.com\/catalogo\/wp-json\/wp\/v2\/product\/111894","targetHints":{"allow":["GET"]}}],"collection":[{"href":"https:\/\/letrame.com\/catalogo\/wp-json\/wp\/v2\/product"}],"about":[{"href":"https:\/\/letrame.com\/catalogo\/wp-json\/wp\/v2\/types\/product"}],"replies":[{"embeddable":true,"href":"https:\/\/letrame.com\/catalogo\/wp-json\/wp\/v2\/comments?post=111894"}],"acf:post":[{"embeddable":true,"href":"https:\/\/letrame.com\/catalogo\/wp-json\/wp\/v2\/author_book\/111895"}],"wp:featuredmedia":[{"embeddable":true,"href":"https:\/\/letrame.com\/catalogo\/wp-json\/wp\/v2\/media\/111897"}],"wp:attachment":[{"href":"https:\/\/letrame.com\/catalogo\/wp-json\/wp\/v2\/media?parent=111894"}],"wp:term":[{"taxonomy":"libro","embeddable":true,"href":"https:\/\/letrame.com\/catalogo\/wp-json\/wp\/v2\/libro?post=111894"},{"taxonomy":"product_brand","embeddable":true,"href":"https:\/\/letrame.com\/catalogo\/wp-json\/wp\/v2\/product_brand?post=111894"},{"taxonomy":"product_cat","embeddable":true,"href":"https:\/\/letrame.com\/catalogo\/wp-json\/wp\/v2\/product_cat?post=111894"},{"taxonomy":"product_tag","embeddable":true,"href":"https:\/\/letrame.com\/catalogo\/wp-json\/wp\/v2\/product_tag?post=111894"}],"curies":[{"name":"wp","href":"https:\/\/api.w.org\/{rel}","templated":true}]}}