{"id":111890,"date":"2026-04-13T12:40:09","date_gmt":"2026-04-13T10:40:09","guid":{"rendered":"https:\/\/letrame.com\/catalogo\/?post_type=product&#038;p=111890"},"modified":"2026-04-13T12:40:09","modified_gmt":"2026-04-13T10:40:09","slug":"estrellado-y-con-estrella","status":"publish","type":"product","link":"https:\/\/letrame.com\/catalogo\/producto\/estrellado-y-con-estrella\/","title":{"rendered":"Estrellado y con estrella"},"content":{"rendered":"<p><strong>ISBN: 9791370297244<\/strong><br \/>\n<strong>T\u00edtulo: Estrellado y con estrella<\/strong><br \/>\n<strong>Fecha: 2025<\/strong><br \/>\n<strong>P\u00e1ginas: 290<\/strong><\/p>\n<p><strong>SINOPSIS<\/strong><\/p>\n<p data-start=\"0\" data-end=\"48\">\u00abCuando le\u00ed la necrolog\u00eda no supe qu\u00e9 sentir&#8230;\u00bb<\/p>\n<p data-start=\"50\" data-end=\"450\">As\u00ed comienza la odisea que se encuentra dentro de estas p\u00e1ginas. Una historia llena de tribulaciones, autoconocimiento y, a fin de cuentas, superaci\u00f3n y triunfo. Desde los traumas infantiles hasta los escarceos amorosos y las normas r\u00edgidas de una sociedad retr\u00f3grada y despiadada, esta historia ense\u00f1a que la vida nos tiene preparadas abundantes sorpresas y que muchas veces las apariencias enga\u00f1an.<\/p>\n<p data-start=\"452\" data-end=\"565\" data-is-last-node=\"\" data-is-only-node=\"\">Pero, al fin y al cabo, el destino puede llegar a ser mucho m\u00e1s extraordinario de lo que jam\u00e1s habr\u00edamos pensado.<\/p>\n","protected":false},"excerpt":{"rendered":"<p><strong>ISBN: 9791370297244<\/strong><\/p>\n<p><strong>SINOPSIS<\/strong><\/p>\n<p data-start=\"0\" data-end=\"48\">\u00abCuando le\u00ed la necrolog\u00eda no supe qu\u00e9 sentir&#8230;\u00bb<\/p>\n<p data-start=\"50\" data-end=\"450\">As\u00ed comienza la odisea que se encuentra dentro de estas p\u00e1ginas. Una historia llena de tribulaciones, autoconocimiento y, a fin de cuentas, superaci\u00f3n y triunfo. Desde los traumas infantiles hasta los escarceos amorosos y las normas r\u00edgidas de una sociedad retr\u00f3grada y despiadada, esta historia ense\u00f1a que la vida nos tiene preparadas abundantes sorpresas y que muchas veces las apariencias enga\u00f1an.<\/p>\n<p data-start=\"452\" data-end=\"565\" data-is-last-node=\"\" data-is-only-node=\"\">Pero, al fin y al cabo, el destino puede llegar a ser mucho m\u00e1s extraordinario de lo que jam\u00e1s habr\u00edamos pensado.<\/p>\n","protected":false},"featured_media":111893,"comment_status":"open","ping_status":"closed","template":"","meta":{"_acf_changed":false},"libro":[],"product_brand":[],"product_cat":[59],"product_tag":[],"class_list":{"0":"post-111890","1":"product","2":"type-product","3":"status-publish","4":"has-post-thumbnail","6":"product_cat-memorias","8":"first","9":"instock","10":"shipping-taxable","11":"product-type-simple"},"acf":{"autor":[111891],"enlace_de_compra":"https:\/\/amzn.to\/3PX5jmG"},"yoast_head":"<!-- This site is optimized with the Yoast SEO plugin v26.6 - https:\/\/yoast.com\/wordpress\/plugins\/seo\/ -->\n<title>Estrellado y con estrella - Catalogo | Letrame Grupo Editorial<\/title>\n<meta name=\"robots\" content=\"index, follow, max-snippet:-1, max-image-preview:large, max-video-preview:-1\" \/>\n<link rel=\"canonical\" href=\"https:\/\/letrame.com\/catalogo\/producto\/estrellado-y-con-estrella\/\" \/>\n<meta property=\"og:locale\" content=\"es_ES\" \/>\n<meta property=\"og:type\" content=\"article\" \/>\n<meta property=\"og:title\" content=\"Estrellado y con estrella - Catalogo | Letrame Grupo Editorial\" \/>\n<meta property=\"og:description\" content=\"ISBN: 9791370297244  SINOPSIS \u00abCuando le\u00ed la necrolog\u00eda no supe qu\u00e9 sentir...\u00bb As\u00ed comienza la odisea que se encuentra dentro de estas p\u00e1ginas. Una historia llena de tribulaciones, autoconocimiento y, a fin de cuentas, superaci\u00f3n y triunfo. Desde los traumas infantiles hasta los escarceos amorosos y las normas r\u00edgidas de una sociedad retr\u00f3grada y despiadada, esta historia ense\u00f1a que la vida nos tiene preparadas abundantes sorpresas y que muchas veces las apariencias enga\u00f1an. Pero, al fin y al cabo, el destino puede llegar a ser mucho m\u00e1s extraordinario de lo que jam\u00e1s habr\u00edamos pensado.\" \/>\n<meta property=\"og:url\" content=\"https:\/\/letrame.com\/catalogo\/producto\/estrellado-y-con-estrella\/\" \/>\n<meta property=\"og:site_name\" content=\"Catalogo | Letrame Grupo Editorial\" \/>\n<meta property=\"og:image\" content=\"https:\/\/letrame.com\/catalogo\/wp-content\/uploads\/2026\/04\/estrellado_20mm4-1.jpg\" \/>\n\t<meta property=\"og:image:width\" content=\"886\" \/>\n\t<meta property=\"og:image:height\" content=\"1358\" \/>\n\t<meta property=\"og:image:type\" content=\"image\/jpeg\" \/>\n<meta name=\"twitter:card\" content=\"summary_large_image\" \/>\n<meta name=\"twitter:label1\" content=\"Tiempo de lectura\" \/>\n\t<meta name=\"twitter:data1\" content=\"1 minuto\" \/>\n<script type=\"application\/ld+json\" class=\"yoast-schema-graph\">{\"@context\":\"https:\/\/schema.org\",\"@graph\":[{\"@type\":\"WebPage\",\"@id\":\"https:\/\/letrame.com\/catalogo\/producto\/estrellado-y-con-estrella\/\",\"url\":\"https:\/\/letrame.com\/catalogo\/producto\/estrellado-y-con-estrella\/\",\"name\":\"Estrellado y con estrella - Catalogo | Letrame Grupo Editorial\",\"isPartOf\":{\"@id\":\"https:\/\/letrame.com\/catalogo\/#website\"},\"primaryImageOfPage\":{\"@id\":\"https:\/\/letrame.com\/catalogo\/producto\/estrellado-y-con-estrella\/#primaryimage\"},\"image\":{\"@id\":\"https:\/\/letrame.com\/catalogo\/producto\/estrellado-y-con-estrella\/#primaryimage\"},\"thumbnailUrl\":\"https:\/\/letrame.com\/catalogo\/wp-content\/uploads\/2026\/04\/estrellado_20mm4-1.jpg\",\"datePublished\":\"2026-04-13T10:40:09+00:00\",\"breadcrumb\":{\"@id\":\"https:\/\/letrame.com\/catalogo\/producto\/estrellado-y-con-estrella\/#breadcrumb\"},\"inLanguage\":\"es\",\"potentialAction\":[{\"@type\":\"ReadAction\",\"target\":[\"https:\/\/letrame.com\/catalogo\/producto\/estrellado-y-con-estrella\/\"]}]},{\"@type\":\"ImageObject\",\"inLanguage\":\"es\",\"@id\":\"https:\/\/letrame.com\/catalogo\/producto\/estrellado-y-con-estrella\/#primaryimage\",\"url\":\"https:\/\/letrame.com\/catalogo\/wp-content\/uploads\/2026\/04\/estrellado_20mm4-1.jpg\",\"contentUrl\":\"https:\/\/letrame.com\/catalogo\/wp-content\/uploads\/2026\/04\/estrellado_20mm4-1.jpg\",\"width\":886,\"height\":1358},{\"@type\":\"BreadcrumbList\",\"@id\":\"https:\/\/letrame.com\/catalogo\/producto\/estrellado-y-con-estrella\/#breadcrumb\",\"itemListElement\":[{\"@type\":\"ListItem\",\"position\":1,\"name\":\"Portada\",\"item\":\"https:\/\/letrame.com\/catalogo\/\"},{\"@type\":\"ListItem\",\"position\":2,\"name\":\"Cat\u00e1logo\",\"item\":\"https:\/\/letrame.com\/catalogo\/\"},{\"@type\":\"ListItem\",\"position\":3,\"name\":\"Estrellado y con estrella\"}]},{\"@type\":\"WebSite\",\"@id\":\"https:\/\/letrame.com\/catalogo\/#website\",\"url\":\"https:\/\/letrame.com\/catalogo\/\",\"name\":\"Catalogo | Letrame Grupo Editorial\",\"description\":\"\",\"publisher\":{\"@id\":\"https:\/\/letrame.com\/catalogo\/#organization\"},\"potentialAction\":[{\"@type\":\"SearchAction\",\"target\":{\"@type\":\"EntryPoint\",\"urlTemplate\":\"https:\/\/letrame.com\/catalogo\/?s={search_term_string}\"},\"query-input\":{\"@type\":\"PropertyValueSpecification\",\"valueRequired\":true,\"valueName\":\"search_term_string\"}}],\"inLanguage\":\"es\"},{\"@type\":\"Organization\",\"@id\":\"https:\/\/letrame.com\/catalogo\/#organization\",\"name\":\"Catalogo | Letrame Grupo Editorial\",\"url\":\"https:\/\/letrame.com\/catalogo\/\",\"logo\":{\"@type\":\"ImageObject\",\"inLanguage\":\"es\",\"@id\":\"https:\/\/letrame.com\/catalogo\/#\/schema\/logo\/image\/\",\"url\":\"https:\/\/letrame.com\/catalogo\/wp-content\/uploads\/2024\/03\/logo2.webp\",\"contentUrl\":\"https:\/\/letrame.com\/catalogo\/wp-content\/uploads\/2024\/03\/logo2.webp\",\"width\":394,\"height\":128,\"caption\":\"Catalogo | Letrame Grupo Editorial\"},\"image\":{\"@id\":\"https:\/\/letrame.com\/catalogo\/#\/schema\/logo\/image\/\"}}]}<\/script>\n<!-- \/ Yoast SEO plugin. -->","yoast_head_json":{"title":"Estrellado y con estrella - Catalogo | Letrame Grupo Editorial","robots":{"index":"index","follow":"follow","max-snippet":"max-snippet:-1","max-image-preview":"max-image-preview:large","max-video-preview":"max-video-preview:-1"},"canonical":"https:\/\/letrame.com\/catalogo\/producto\/estrellado-y-con-estrella\/","og_locale":"es_ES","og_type":"article","og_title":"Estrellado y con estrella - Catalogo | Letrame Grupo Editorial","og_description":"ISBN: 9791370297244  SINOPSIS \u00abCuando le\u00ed la necrolog\u00eda no supe qu\u00e9 sentir...\u00bb As\u00ed comienza la odisea que se encuentra dentro de estas p\u00e1ginas. Una historia llena de tribulaciones, autoconocimiento y, a fin de cuentas, superaci\u00f3n y triunfo. Desde los traumas infantiles hasta los escarceos amorosos y las normas r\u00edgidas de una sociedad retr\u00f3grada y despiadada, esta historia ense\u00f1a que la vida nos tiene preparadas abundantes sorpresas y que muchas veces las apariencias enga\u00f1an. Pero, al fin y al cabo, el destino puede llegar a ser mucho m\u00e1s extraordinario de lo que jam\u00e1s habr\u00edamos pensado.","og_url":"https:\/\/letrame.com\/catalogo\/producto\/estrellado-y-con-estrella\/","og_site_name":"Catalogo | Letrame Grupo Editorial","og_image":[{"width":886,"height":1358,"url":"https:\/\/letrame.com\/catalogo\/wp-content\/uploads\/2026\/04\/estrellado_20mm4-1.jpg","type":"image\/jpeg"}],"twitter_card":"summary_large_image","twitter_misc":{"Tiempo de lectura":"1 minuto"},"schema":{"@context":"https:\/\/schema.org","@graph":[{"@type":"WebPage","@id":"https:\/\/letrame.com\/catalogo\/producto\/estrellado-y-con-estrella\/","url":"https:\/\/letrame.com\/catalogo\/producto\/estrellado-y-con-estrella\/","name":"Estrellado y con estrella - Catalogo | Letrame Grupo Editorial","isPartOf":{"@id":"https:\/\/letrame.com\/catalogo\/#website"},"primaryImageOfPage":{"@id":"https:\/\/letrame.com\/catalogo\/producto\/estrellado-y-con-estrella\/#primaryimage"},"image":{"@id":"https:\/\/letrame.com\/catalogo\/producto\/estrellado-y-con-estrella\/#primaryimage"},"thumbnailUrl":"https:\/\/letrame.com\/catalogo\/wp-content\/uploads\/2026\/04\/estrellado_20mm4-1.jpg","datePublished":"2026-04-13T10:40:09+00:00","breadcrumb":{"@id":"https:\/\/letrame.com\/catalogo\/producto\/estrellado-y-con-estrella\/#breadcrumb"},"inLanguage":"es","potentialAction":[{"@type":"ReadAction","target":["https:\/\/letrame.com\/catalogo\/producto\/estrellado-y-con-estrella\/"]}]},{"@type":"ImageObject","inLanguage":"es","@id":"https:\/\/letrame.com\/catalogo\/producto\/estrellado-y-con-estrella\/#primaryimage","url":"https:\/\/letrame.com\/catalogo\/wp-content\/uploads\/2026\/04\/estrellado_20mm4-1.jpg","contentUrl":"https:\/\/letrame.com\/catalogo\/wp-content\/uploads\/2026\/04\/estrellado_20mm4-1.jpg","width":886,"height":1358},{"@type":"BreadcrumbList","@id":"https:\/\/letrame.com\/catalogo\/producto\/estrellado-y-con-estrella\/#breadcrumb","itemListElement":[{"@type":"ListItem","position":1,"name":"Portada","item":"https:\/\/letrame.com\/catalogo\/"},{"@type":"ListItem","position":2,"name":"Cat\u00e1logo","item":"https:\/\/letrame.com\/catalogo\/"},{"@type":"ListItem","position":3,"name":"Estrellado y con estrella"}]},{"@type":"WebSite","@id":"https:\/\/letrame.com\/catalogo\/#website","url":"https:\/\/letrame.com\/catalogo\/","name":"Catalogo | Letrame Grupo Editorial","description":"","publisher":{"@id":"https:\/\/letrame.com\/catalogo\/#organization"},"potentialAction":[{"@type":"SearchAction","target":{"@type":"EntryPoint","urlTemplate":"https:\/\/letrame.com\/catalogo\/?s={search_term_string}"},"query-input":{"@type":"PropertyValueSpecification","valueRequired":true,"valueName":"search_term_string"}}],"inLanguage":"es"},{"@type":"Organization","@id":"https:\/\/letrame.com\/catalogo\/#organization","name":"Catalogo | Letrame Grupo Editorial","url":"https:\/\/letrame.com\/catalogo\/","logo":{"@type":"ImageObject","inLanguage":"es","@id":"https:\/\/letrame.com\/catalogo\/#\/schema\/logo\/image\/","url":"https:\/\/letrame.com\/catalogo\/wp-content\/uploads\/2024\/03\/logo2.webp","contentUrl":"https:\/\/letrame.com\/catalogo\/wp-content\/uploads\/2024\/03\/logo2.webp","width":394,"height":128,"caption":"Catalogo | Letrame Grupo Editorial"},"image":{"@id":"https:\/\/letrame.com\/catalogo\/#\/schema\/logo\/image\/"}}]}},"_links":{"self":[{"href":"https:\/\/letrame.com\/catalogo\/wp-json\/wp\/v2\/product\/111890","targetHints":{"allow":["GET"]}}],"collection":[{"href":"https:\/\/letrame.com\/catalogo\/wp-json\/wp\/v2\/product"}],"about":[{"href":"https:\/\/letrame.com\/catalogo\/wp-json\/wp\/v2\/types\/product"}],"replies":[{"embeddable":true,"href":"https:\/\/letrame.com\/catalogo\/wp-json\/wp\/v2\/comments?post=111890"}],"acf:post":[{"embeddable":true,"href":"https:\/\/letrame.com\/catalogo\/wp-json\/wp\/v2\/author_book\/111891"}],"wp:featuredmedia":[{"embeddable":true,"href":"https:\/\/letrame.com\/catalogo\/wp-json\/wp\/v2\/media\/111893"}],"wp:attachment":[{"href":"https:\/\/letrame.com\/catalogo\/wp-json\/wp\/v2\/media?parent=111890"}],"wp:term":[{"taxonomy":"libro","embeddable":true,"href":"https:\/\/letrame.com\/catalogo\/wp-json\/wp\/v2\/libro?post=111890"},{"taxonomy":"product_brand","embeddable":true,"href":"https:\/\/letrame.com\/catalogo\/wp-json\/wp\/v2\/product_brand?post=111890"},{"taxonomy":"product_cat","embeddable":true,"href":"https:\/\/letrame.com\/catalogo\/wp-json\/wp\/v2\/product_cat?post=111890"},{"taxonomy":"product_tag","embeddable":true,"href":"https:\/\/letrame.com\/catalogo\/wp-json\/wp\/v2\/product_tag?post=111890"}],"curies":[{"name":"wp","href":"https:\/\/api.w.org\/{rel}","templated":true}]}}