{"id":111884,"date":"2026-04-13T12:35:09","date_gmt":"2026-04-13T10:35:09","guid":{"rendered":"https:\/\/letrame.com\/catalogo\/?post_type=product&#038;p=111884"},"modified":"2026-04-13T12:35:10","modified_gmt":"2026-04-13T10:35:10","slug":"la-llegada-de-un-rey","status":"publish","type":"product","link":"https:\/\/letrame.com\/catalogo\/producto\/la-llegada-de-un-rey\/","title":{"rendered":"La llegada de un rey"},"content":{"rendered":"<p><strong>ISBN: 9791370296711<\/strong><br \/>\n<strong>T\u00edtulo: La llegada de un rey<\/strong><br \/>\n<strong>Fecha: 2025<\/strong><br \/>\n<strong>P\u00e1ginas: 232<\/strong><\/p>\n<p><strong>SINOPSIS<\/strong><\/p>\n<p data-start=\"0\" data-end=\"292\">Naci\u00f3 la noche en que el reino qued\u00f3 en silencio. Creci\u00f3 entre traiciones, lejos del afecto y demasiado cerca del poder. Cuando su nombre comienza a pronunciarse en voz baja y la verdad amenaza con salir a la luz, Philip deber\u00e1 abandonar el palacio y enfrentarse a un destino que nunca pidi\u00f3.<\/p>\n<p data-start=\"294\" data-end=\"499\" data-is-last-node=\"\" data-is-only-node=\"\"><em data-start=\"294\" data-end=\"316\">La llegada de un rey<\/em> es la historia de alguien que no quiere la corona, pero que quiz\u00e1 sea el \u00fanico capaz de cargar con ella. Porque no todos los reyes nacen para gobernar. Algunos nacen para sobrevivir.<\/p>\n","protected":false},"excerpt":{"rendered":"<p><strong>ISBN: 9791370296711<\/strong><\/p>\n<p><strong>SINOPSIS<\/strong><\/p>\n<p data-start=\"0\" data-end=\"292\">Naci\u00f3 la noche en que el reino qued\u00f3 en silencio. Creci\u00f3 entre traiciones, lejos del afecto y demasiado cerca del poder. Cuando su nombre comienza a pronunciarse en voz baja y la verdad amenaza con salir a la luz, Philip deber\u00e1 abandonar el palacio y enfrentarse a un destino que nunca pidi\u00f3.<\/p>\n<p data-start=\"294\" data-end=\"499\" data-is-last-node=\"\" data-is-only-node=\"\"><em data-start=\"294\" data-end=\"316\">La llegada de un rey<\/em> es la historia de alguien que no quiere la corona, pero que quiz\u00e1 sea el \u00fanico capaz de cargar con ella. Porque no todos los reyes nacen para gobernar. Algunos nacen para sobrevivir.<\/p>\n","protected":false},"featured_media":111889,"comment_status":"open","ping_status":"closed","template":"","meta":{"_acf_changed":false},"libro":[],"product_brand":[],"product_cat":[29],"product_tag":[],"class_list":{"0":"post-111884","1":"product","2":"type-product","3":"status-publish","4":"has-post-thumbnail","6":"product_cat-novela-historica","8":"first","9":"instock","10":"shipping-taxable","11":"product-type-simple"},"acf":{"autor":[111886],"enlace_de_compra":"https:\/\/amzn.to\/4cnzdI4"},"yoast_head":"<!-- This site is optimized with the Yoast SEO plugin v26.6 - https:\/\/yoast.com\/wordpress\/plugins\/seo\/ -->\n<title>La llegada de un rey - Catalogo | Letrame Grupo Editorial<\/title>\n<meta name=\"robots\" content=\"index, follow, max-snippet:-1, max-image-preview:large, max-video-preview:-1\" \/>\n<link rel=\"canonical\" href=\"https:\/\/letrame.com\/catalogo\/producto\/la-llegada-de-un-rey\/\" \/>\n<meta property=\"og:locale\" content=\"es_ES\" \/>\n<meta property=\"og:type\" content=\"article\" \/>\n<meta property=\"og:title\" content=\"La llegada de un rey - Catalogo | Letrame Grupo Editorial\" \/>\n<meta property=\"og:description\" content=\"ISBN: 9791370296711  SINOPSIS Naci\u00f3 la noche en que el reino qued\u00f3 en silencio. Creci\u00f3 entre traiciones, lejos del afecto y demasiado cerca del poder. Cuando su nombre comienza a pronunciarse en voz baja y la verdad amenaza con salir a la luz, Philip deber\u00e1 abandonar el palacio y enfrentarse a un destino que nunca pidi\u00f3. La llegada de un rey es la historia de alguien que no quiere la corona, pero que quiz\u00e1 sea el \u00fanico capaz de cargar con ella. Porque no todos los reyes nacen para gobernar. Algunos nacen para sobrevivir.\" \/>\n<meta property=\"og:url\" content=\"https:\/\/letrame.com\/catalogo\/producto\/la-llegada-de-un-rey\/\" \/>\n<meta property=\"og:site_name\" content=\"Catalogo | Letrame Grupo Editorial\" \/>\n<meta property=\"article:modified_time\" content=\"2026-04-13T10:35:10+00:00\" \/>\n<meta property=\"og:image\" content=\"https:\/\/letrame.com\/catalogo\/wp-content\/uploads\/2026\/04\/lallegadadeunrey_1155mm4.jpg\" \/>\n\t<meta property=\"og:image:width\" content=\"709\" \/>\n\t<meta property=\"og:image:height\" content=\"1039\" \/>\n\t<meta property=\"og:image:type\" content=\"image\/jpeg\" \/>\n<meta name=\"twitter:card\" content=\"summary_large_image\" \/>\n<meta name=\"twitter:label1\" content=\"Tiempo de lectura\" \/>\n\t<meta name=\"twitter:data1\" content=\"1 minuto\" \/>\n<script type=\"application\/ld+json\" class=\"yoast-schema-graph\">{\"@context\":\"https:\/\/schema.org\",\"@graph\":[{\"@type\":\"WebPage\",\"@id\":\"https:\/\/letrame.com\/catalogo\/producto\/la-llegada-de-un-rey\/\",\"url\":\"https:\/\/letrame.com\/catalogo\/producto\/la-llegada-de-un-rey\/\",\"name\":\"La llegada de un rey - Catalogo | Letrame Grupo Editorial\",\"isPartOf\":{\"@id\":\"https:\/\/letrame.com\/catalogo\/#website\"},\"primaryImageOfPage\":{\"@id\":\"https:\/\/letrame.com\/catalogo\/producto\/la-llegada-de-un-rey\/#primaryimage\"},\"image\":{\"@id\":\"https:\/\/letrame.com\/catalogo\/producto\/la-llegada-de-un-rey\/#primaryimage\"},\"thumbnailUrl\":\"https:\/\/letrame.com\/catalogo\/wp-content\/uploads\/2026\/04\/lallegadadeunrey_1155mm4.jpg\",\"datePublished\":\"2026-04-13T10:35:09+00:00\",\"dateModified\":\"2026-04-13T10:35:10+00:00\",\"breadcrumb\":{\"@id\":\"https:\/\/letrame.com\/catalogo\/producto\/la-llegada-de-un-rey\/#breadcrumb\"},\"inLanguage\":\"es\",\"potentialAction\":[{\"@type\":\"ReadAction\",\"target\":[\"https:\/\/letrame.com\/catalogo\/producto\/la-llegada-de-un-rey\/\"]}]},{\"@type\":\"ImageObject\",\"inLanguage\":\"es\",\"@id\":\"https:\/\/letrame.com\/catalogo\/producto\/la-llegada-de-un-rey\/#primaryimage\",\"url\":\"https:\/\/letrame.com\/catalogo\/wp-content\/uploads\/2026\/04\/lallegadadeunrey_1155mm4.jpg\",\"contentUrl\":\"https:\/\/letrame.com\/catalogo\/wp-content\/uploads\/2026\/04\/lallegadadeunrey_1155mm4.jpg\",\"width\":709,\"height\":1039},{\"@type\":\"BreadcrumbList\",\"@id\":\"https:\/\/letrame.com\/catalogo\/producto\/la-llegada-de-un-rey\/#breadcrumb\",\"itemListElement\":[{\"@type\":\"ListItem\",\"position\":1,\"name\":\"Portada\",\"item\":\"https:\/\/letrame.com\/catalogo\/\"},{\"@type\":\"ListItem\",\"position\":2,\"name\":\"Cat\u00e1logo\",\"item\":\"https:\/\/letrame.com\/catalogo\/\"},{\"@type\":\"ListItem\",\"position\":3,\"name\":\"La llegada de un rey\"}]},{\"@type\":\"WebSite\",\"@id\":\"https:\/\/letrame.com\/catalogo\/#website\",\"url\":\"https:\/\/letrame.com\/catalogo\/\",\"name\":\"Catalogo | Letrame Grupo Editorial\",\"description\":\"\",\"publisher\":{\"@id\":\"https:\/\/letrame.com\/catalogo\/#organization\"},\"potentialAction\":[{\"@type\":\"SearchAction\",\"target\":{\"@type\":\"EntryPoint\",\"urlTemplate\":\"https:\/\/letrame.com\/catalogo\/?s={search_term_string}\"},\"query-input\":{\"@type\":\"PropertyValueSpecification\",\"valueRequired\":true,\"valueName\":\"search_term_string\"}}],\"inLanguage\":\"es\"},{\"@type\":\"Organization\",\"@id\":\"https:\/\/letrame.com\/catalogo\/#organization\",\"name\":\"Catalogo | Letrame Grupo Editorial\",\"url\":\"https:\/\/letrame.com\/catalogo\/\",\"logo\":{\"@type\":\"ImageObject\",\"inLanguage\":\"es\",\"@id\":\"https:\/\/letrame.com\/catalogo\/#\/schema\/logo\/image\/\",\"url\":\"https:\/\/letrame.com\/catalogo\/wp-content\/uploads\/2024\/03\/logo2.webp\",\"contentUrl\":\"https:\/\/letrame.com\/catalogo\/wp-content\/uploads\/2024\/03\/logo2.webp\",\"width\":394,\"height\":128,\"caption\":\"Catalogo | Letrame Grupo Editorial\"},\"image\":{\"@id\":\"https:\/\/letrame.com\/catalogo\/#\/schema\/logo\/image\/\"}}]}<\/script>\n<!-- \/ Yoast SEO plugin. -->","yoast_head_json":{"title":"La llegada de un rey - Catalogo | Letrame Grupo Editorial","robots":{"index":"index","follow":"follow","max-snippet":"max-snippet:-1","max-image-preview":"max-image-preview:large","max-video-preview":"max-video-preview:-1"},"canonical":"https:\/\/letrame.com\/catalogo\/producto\/la-llegada-de-un-rey\/","og_locale":"es_ES","og_type":"article","og_title":"La llegada de un rey - Catalogo | Letrame Grupo Editorial","og_description":"ISBN: 9791370296711  SINOPSIS Naci\u00f3 la noche en que el reino qued\u00f3 en silencio. Creci\u00f3 entre traiciones, lejos del afecto y demasiado cerca del poder. Cuando su nombre comienza a pronunciarse en voz baja y la verdad amenaza con salir a la luz, Philip deber\u00e1 abandonar el palacio y enfrentarse a un destino que nunca pidi\u00f3. La llegada de un rey es la historia de alguien que no quiere la corona, pero que quiz\u00e1 sea el \u00fanico capaz de cargar con ella. Porque no todos los reyes nacen para gobernar. Algunos nacen para sobrevivir.","og_url":"https:\/\/letrame.com\/catalogo\/producto\/la-llegada-de-un-rey\/","og_site_name":"Catalogo | Letrame Grupo Editorial","article_modified_time":"2026-04-13T10:35:10+00:00","og_image":[{"width":709,"height":1039,"url":"https:\/\/letrame.com\/catalogo\/wp-content\/uploads\/2026\/04\/lallegadadeunrey_1155mm4.jpg","type":"image\/jpeg"}],"twitter_card":"summary_large_image","twitter_misc":{"Tiempo de lectura":"1 minuto"},"schema":{"@context":"https:\/\/schema.org","@graph":[{"@type":"WebPage","@id":"https:\/\/letrame.com\/catalogo\/producto\/la-llegada-de-un-rey\/","url":"https:\/\/letrame.com\/catalogo\/producto\/la-llegada-de-un-rey\/","name":"La llegada de un rey - Catalogo | Letrame Grupo Editorial","isPartOf":{"@id":"https:\/\/letrame.com\/catalogo\/#website"},"primaryImageOfPage":{"@id":"https:\/\/letrame.com\/catalogo\/producto\/la-llegada-de-un-rey\/#primaryimage"},"image":{"@id":"https:\/\/letrame.com\/catalogo\/producto\/la-llegada-de-un-rey\/#primaryimage"},"thumbnailUrl":"https:\/\/letrame.com\/catalogo\/wp-content\/uploads\/2026\/04\/lallegadadeunrey_1155mm4.jpg","datePublished":"2026-04-13T10:35:09+00:00","dateModified":"2026-04-13T10:35:10+00:00","breadcrumb":{"@id":"https:\/\/letrame.com\/catalogo\/producto\/la-llegada-de-un-rey\/#breadcrumb"},"inLanguage":"es","potentialAction":[{"@type":"ReadAction","target":["https:\/\/letrame.com\/catalogo\/producto\/la-llegada-de-un-rey\/"]}]},{"@type":"ImageObject","inLanguage":"es","@id":"https:\/\/letrame.com\/catalogo\/producto\/la-llegada-de-un-rey\/#primaryimage","url":"https:\/\/letrame.com\/catalogo\/wp-content\/uploads\/2026\/04\/lallegadadeunrey_1155mm4.jpg","contentUrl":"https:\/\/letrame.com\/catalogo\/wp-content\/uploads\/2026\/04\/lallegadadeunrey_1155mm4.jpg","width":709,"height":1039},{"@type":"BreadcrumbList","@id":"https:\/\/letrame.com\/catalogo\/producto\/la-llegada-de-un-rey\/#breadcrumb","itemListElement":[{"@type":"ListItem","position":1,"name":"Portada","item":"https:\/\/letrame.com\/catalogo\/"},{"@type":"ListItem","position":2,"name":"Cat\u00e1logo","item":"https:\/\/letrame.com\/catalogo\/"},{"@type":"ListItem","position":3,"name":"La llegada de un rey"}]},{"@type":"WebSite","@id":"https:\/\/letrame.com\/catalogo\/#website","url":"https:\/\/letrame.com\/catalogo\/","name":"Catalogo | Letrame Grupo Editorial","description":"","publisher":{"@id":"https:\/\/letrame.com\/catalogo\/#organization"},"potentialAction":[{"@type":"SearchAction","target":{"@type":"EntryPoint","urlTemplate":"https:\/\/letrame.com\/catalogo\/?s={search_term_string}"},"query-input":{"@type":"PropertyValueSpecification","valueRequired":true,"valueName":"search_term_string"}}],"inLanguage":"es"},{"@type":"Organization","@id":"https:\/\/letrame.com\/catalogo\/#organization","name":"Catalogo | Letrame Grupo Editorial","url":"https:\/\/letrame.com\/catalogo\/","logo":{"@type":"ImageObject","inLanguage":"es","@id":"https:\/\/letrame.com\/catalogo\/#\/schema\/logo\/image\/","url":"https:\/\/letrame.com\/catalogo\/wp-content\/uploads\/2024\/03\/logo2.webp","contentUrl":"https:\/\/letrame.com\/catalogo\/wp-content\/uploads\/2024\/03\/logo2.webp","width":394,"height":128,"caption":"Catalogo | Letrame Grupo Editorial"},"image":{"@id":"https:\/\/letrame.com\/catalogo\/#\/schema\/logo\/image\/"}}]}},"_links":{"self":[{"href":"https:\/\/letrame.com\/catalogo\/wp-json\/wp\/v2\/product\/111884","targetHints":{"allow":["GET"]}}],"collection":[{"href":"https:\/\/letrame.com\/catalogo\/wp-json\/wp\/v2\/product"}],"about":[{"href":"https:\/\/letrame.com\/catalogo\/wp-json\/wp\/v2\/types\/product"}],"replies":[{"embeddable":true,"href":"https:\/\/letrame.com\/catalogo\/wp-json\/wp\/v2\/comments?post=111884"}],"acf:post":[{"embeddable":true,"href":"https:\/\/letrame.com\/catalogo\/wp-json\/wp\/v2\/author_book\/111886"}],"wp:featuredmedia":[{"embeddable":true,"href":"https:\/\/letrame.com\/catalogo\/wp-json\/wp\/v2\/media\/111889"}],"wp:attachment":[{"href":"https:\/\/letrame.com\/catalogo\/wp-json\/wp\/v2\/media?parent=111884"}],"wp:term":[{"taxonomy":"libro","embeddable":true,"href":"https:\/\/letrame.com\/catalogo\/wp-json\/wp\/v2\/libro?post=111884"},{"taxonomy":"product_brand","embeddable":true,"href":"https:\/\/letrame.com\/catalogo\/wp-json\/wp\/v2\/product_brand?post=111884"},{"taxonomy":"product_cat","embeddable":true,"href":"https:\/\/letrame.com\/catalogo\/wp-json\/wp\/v2\/product_cat?post=111884"},{"taxonomy":"product_tag","embeddable":true,"href":"https:\/\/letrame.com\/catalogo\/wp-json\/wp\/v2\/product_tag?post=111884"}],"curies":[{"name":"wp","href":"https:\/\/api.w.org\/{rel}","templated":true}]}}