{"id":111878,"date":"2026-04-13T12:24:29","date_gmt":"2026-04-13T10:24:29","guid":{"rendered":"https:\/\/letrame.com\/catalogo\/?post_type=product&#038;p=111878"},"modified":"2026-04-13T12:24:30","modified_gmt":"2026-04-13T10:24:30","slug":"el-joven-que-sonaba-con-ser-el-cid-campeador","status":"publish","type":"product","link":"https:\/\/letrame.com\/catalogo\/producto\/el-joven-que-sonaba-con-ser-el-cid-campeador\/","title":{"rendered":"El joven que so\u00f1aba con ser El Cid Campeador"},"content":{"rendered":"<p><strong>ISBN: 9791370296728<\/strong><br \/>\n<strong>T\u00edtulo: El joven que so\u00f1aba con ser El Cid Campeador<\/strong><br \/>\n<strong>Fecha: 2025<\/strong><br \/>\n<strong>P\u00e1ginas: 466<\/strong><\/p>\n<p><strong>SINOPSIS<\/strong><\/p>\n<p data-start=\"0\" data-end=\"162\">\u00bfC\u00f3mo actuar\u00edas si un d\u00eda descubres que tu identidad no se corresponde con la real, que tu confortable vida se ha solidificado a partir de una gigantesca mentira?<\/p>\n<p data-start=\"164\" data-end=\"547\">Un accidente de tr\u00e1fico sumerge al detective Feli en un pasado ajeno. La v\u00edctima es Gregorio Barral, su antiguo jefe y mentor, el hombre que lo rescat\u00f3 del abismo cuando en el horizonte no hab\u00eda futuro. El reencuentro entre ambos saca a la luz un secreto silenciado durante d\u00e9cadas: la existencia de un hijo desaparecido al que Feli deber\u00e1 encontrar antes de que sea demasiado tarde.<\/p>\n<p data-start=\"549\" data-end=\"964\">La investigaci\u00f3n lo arrastrar\u00e1 hasta espacios sombr\u00edos de la memoria. La Espa\u00f1a cerrada de la posguerra, con Madrid como epicentro, el territorio de la supervivencia, con sus claroscuros, los del \u00e9xito y la derrota. A cada paso dado, el detective se enfrentar\u00e1, no solo a un adversario con enorme poder, tambi\u00e9n a sus propios fantasmas, en una investigaci\u00f3n donde la verdad amenaza con desbordar todas las certezas.<\/p>\n<p data-start=\"966\" data-end=\"1230\" data-is-last-node=\"\" data-is-only-node=\"\">Con una prosa sobria y envolvente, <em data-start=\"1001\" data-end=\"1047\">El joven que so\u00f1aba con ser el Cid Campeador<\/em> combina emoci\u00f3n, intriga y profundidad humana para construir una novela negra introspectiva. Esta es precuela de <em data-start=\"1161\" data-end=\"1173\">Adagio 123<\/em> y fija de alg\u00fan modo la personalidad del detective Feli.<\/p>\n","protected":false},"excerpt":{"rendered":"<p><strong>ISBN: 9791370296728<\/strong><\/p>\n<p><strong>SINOPSIS<\/strong><\/p>\n<p data-start=\"0\" data-end=\"162\">\u00bfC\u00f3mo actuar\u00edas si un d\u00eda descubres que tu identidad no se corresponde con la real, que tu confortable vida se ha solidificado a partir de una gigantesca mentira?<\/p>\n<p data-start=\"164\" data-end=\"547\">Un accidente de tr\u00e1fico sumerge al detective Feli en un pasado ajeno. La v\u00edctima es Gregorio Barral, su antiguo jefe y mentor, el hombre que lo rescat\u00f3 del abismo cuando en el horizonte no hab\u00eda futuro. El reencuentro entre ambos saca a la luz un secreto silenciado durante d\u00e9cadas: la existencia de un hijo desaparecido al que Feli deber\u00e1 encontrar antes de que sea demasiado tarde.<\/p>\n<p data-start=\"549\" data-end=\"964\">La investigaci\u00f3n lo arrastrar\u00e1 hasta espacios sombr\u00edos de la memoria. La Espa\u00f1a cerrada de la posguerra, con Madrid como epicentro, el territorio de la supervivencia, con sus claroscuros, los del \u00e9xito y la derrota. A cada paso dado, el detective se enfrentar\u00e1, no solo a un adversario con enorme poder, tambi\u00e9n a sus propios fantasmas, en una investigaci\u00f3n donde la verdad amenaza con desbordar todas las certezas.<\/p>\n<p data-start=\"966\" data-end=\"1230\" data-is-last-node=\"\" data-is-only-node=\"\">Con una prosa sobria y envolvente, <em data-start=\"1001\" data-end=\"1047\">El joven que so\u00f1aba con ser el Cid Campeador<\/em> combina emoci\u00f3n, intriga y profundidad humana para construir una novela negra introspectiva. Esta es precuela de <em data-start=\"1161\" data-end=\"1173\">Adagio 123<\/em> y fija de alg\u00fan modo la personalidad del detective Feli.<\/p>\n","protected":false},"featured_media":111883,"comment_status":"open","ping_status":"closed","template":"","meta":{"_acf_changed":false},"libro":[],"product_brand":[],"product_cat":[51],"product_tag":[],"class_list":{"0":"post-111878","1":"product","2":"type-product","3":"status-publish","4":"has-post-thumbnail","6":"product_cat-novela-negra","8":"first","9":"instock","10":"shipping-taxable","11":"product-type-simple"},"acf":{"autor":[111879],"enlace_de_compra":"https:\/\/amzn.to\/3OeKXVu"},"yoast_head":"<!-- This site is optimized with the Yoast SEO plugin v26.6 - https:\/\/yoast.com\/wordpress\/plugins\/seo\/ -->\n<title>El joven que so\u00f1aba con ser El Cid Campeador - Catalogo | Letrame Grupo Editorial<\/title>\n<meta name=\"robots\" content=\"index, follow, max-snippet:-1, max-image-preview:large, max-video-preview:-1\" \/>\n<link rel=\"canonical\" href=\"https:\/\/letrame.com\/catalogo\/producto\/el-joven-que-sonaba-con-ser-el-cid-campeador\/\" \/>\n<meta property=\"og:locale\" content=\"es_ES\" \/>\n<meta property=\"og:type\" content=\"article\" \/>\n<meta property=\"og:title\" content=\"El joven que so\u00f1aba con ser El Cid Campeador - Catalogo | Letrame Grupo Editorial\" \/>\n<meta property=\"og:description\" content=\"ISBN: 9791370296728  SINOPSIS \u00bfC\u00f3mo actuar\u00edas si un d\u00eda descubres que tu identidad no se corresponde con la real, que tu confortable vida se ha solidificado a partir de una gigantesca mentira? Un accidente de tr\u00e1fico sumerge al detective Feli en un pasado ajeno. La v\u00edctima es Gregorio Barral, su antiguo jefe y mentor, el hombre que lo rescat\u00f3 del abismo cuando en el horizonte no hab\u00eda futuro. El reencuentro entre ambos saca a la luz un secreto silenciado durante d\u00e9cadas: la existencia de un hijo desaparecido al que Feli deber\u00e1 encontrar antes de que sea demasiado tarde. La investigaci\u00f3n lo arrastrar\u00e1 hasta espacios sombr\u00edos de la memoria. La Espa\u00f1a cerrada de la posguerra, con Madrid como epicentro, el territorio de la supervivencia, con sus claroscuros, los del \u00e9xito y la derrota. A cada paso dado, el detective se enfrentar\u00e1, no solo a un adversario con enorme poder, tambi\u00e9n a sus propios fantasmas, en una investigaci\u00f3n donde la verdad amenaza con desbordar todas las certezas. Con una prosa sobria y envolvente, El joven que so\u00f1aba con ser el Cid Campeador combina emoci\u00f3n, intriga y profundidad humana para construir una novela negra introspectiva. Esta es precuela de Adagio 123 y fija de alg\u00fan modo la personalidad del detective Feli.\" \/>\n<meta property=\"og:url\" content=\"https:\/\/letrame.com\/catalogo\/producto\/el-joven-que-sonaba-con-ser-el-cid-campeador\/\" \/>\n<meta property=\"og:site_name\" content=\"Catalogo | Letrame Grupo Editorial\" \/>\n<meta property=\"article:modified_time\" content=\"2026-04-13T10:24:30+00:00\" \/>\n<meta property=\"og:image\" content=\"https:\/\/letrame.com\/catalogo\/wp-content\/uploads\/2026\/04\/eljovenquequeria_229mm4-1.jpg\" \/>\n\t<meta property=\"og:image:width\" content=\"620\" \/>\n\t<meta property=\"og:image:height\" content=\"950\" \/>\n\t<meta property=\"og:image:type\" content=\"image\/jpeg\" \/>\n<meta name=\"twitter:card\" content=\"summary_large_image\" \/>\n<meta name=\"twitter:label1\" content=\"Tiempo de lectura\" \/>\n\t<meta name=\"twitter:data1\" content=\"2 minutos\" \/>\n<script type=\"application\/ld+json\" class=\"yoast-schema-graph\">{\"@context\":\"https:\/\/schema.org\",\"@graph\":[{\"@type\":\"WebPage\",\"@id\":\"https:\/\/letrame.com\/catalogo\/producto\/el-joven-que-sonaba-con-ser-el-cid-campeador\/\",\"url\":\"https:\/\/letrame.com\/catalogo\/producto\/el-joven-que-sonaba-con-ser-el-cid-campeador\/\",\"name\":\"El joven que so\u00f1aba con ser El Cid Campeador - Catalogo | Letrame Grupo Editorial\",\"isPartOf\":{\"@id\":\"https:\/\/letrame.com\/catalogo\/#website\"},\"primaryImageOfPage\":{\"@id\":\"https:\/\/letrame.com\/catalogo\/producto\/el-joven-que-sonaba-con-ser-el-cid-campeador\/#primaryimage\"},\"image\":{\"@id\":\"https:\/\/letrame.com\/catalogo\/producto\/el-joven-que-sonaba-con-ser-el-cid-campeador\/#primaryimage\"},\"thumbnailUrl\":\"https:\/\/letrame.com\/catalogo\/wp-content\/uploads\/2026\/04\/eljovenquequeria_229mm4-1.jpg\",\"datePublished\":\"2026-04-13T10:24:29+00:00\",\"dateModified\":\"2026-04-13T10:24:30+00:00\",\"breadcrumb\":{\"@id\":\"https:\/\/letrame.com\/catalogo\/producto\/el-joven-que-sonaba-con-ser-el-cid-campeador\/#breadcrumb\"},\"inLanguage\":\"es\",\"potentialAction\":[{\"@type\":\"ReadAction\",\"target\":[\"https:\/\/letrame.com\/catalogo\/producto\/el-joven-que-sonaba-con-ser-el-cid-campeador\/\"]}]},{\"@type\":\"ImageObject\",\"inLanguage\":\"es\",\"@id\":\"https:\/\/letrame.com\/catalogo\/producto\/el-joven-que-sonaba-con-ser-el-cid-campeador\/#primaryimage\",\"url\":\"https:\/\/letrame.com\/catalogo\/wp-content\/uploads\/2026\/04\/eljovenquequeria_229mm4-1.jpg\",\"contentUrl\":\"https:\/\/letrame.com\/catalogo\/wp-content\/uploads\/2026\/04\/eljovenquequeria_229mm4-1.jpg\",\"width\":620,\"height\":950},{\"@type\":\"BreadcrumbList\",\"@id\":\"https:\/\/letrame.com\/catalogo\/producto\/el-joven-que-sonaba-con-ser-el-cid-campeador\/#breadcrumb\",\"itemListElement\":[{\"@type\":\"ListItem\",\"position\":1,\"name\":\"Portada\",\"item\":\"https:\/\/letrame.com\/catalogo\/\"},{\"@type\":\"ListItem\",\"position\":2,\"name\":\"Cat\u00e1logo\",\"item\":\"https:\/\/letrame.com\/catalogo\/\"},{\"@type\":\"ListItem\",\"position\":3,\"name\":\"El joven que so\u00f1aba con ser El Cid Campeador\"}]},{\"@type\":\"WebSite\",\"@id\":\"https:\/\/letrame.com\/catalogo\/#website\",\"url\":\"https:\/\/letrame.com\/catalogo\/\",\"name\":\"Catalogo | Letrame Grupo Editorial\",\"description\":\"\",\"publisher\":{\"@id\":\"https:\/\/letrame.com\/catalogo\/#organization\"},\"potentialAction\":[{\"@type\":\"SearchAction\",\"target\":{\"@type\":\"EntryPoint\",\"urlTemplate\":\"https:\/\/letrame.com\/catalogo\/?s={search_term_string}\"},\"query-input\":{\"@type\":\"PropertyValueSpecification\",\"valueRequired\":true,\"valueName\":\"search_term_string\"}}],\"inLanguage\":\"es\"},{\"@type\":\"Organization\",\"@id\":\"https:\/\/letrame.com\/catalogo\/#organization\",\"name\":\"Catalogo | Letrame Grupo Editorial\",\"url\":\"https:\/\/letrame.com\/catalogo\/\",\"logo\":{\"@type\":\"ImageObject\",\"inLanguage\":\"es\",\"@id\":\"https:\/\/letrame.com\/catalogo\/#\/schema\/logo\/image\/\",\"url\":\"https:\/\/letrame.com\/catalogo\/wp-content\/uploads\/2024\/03\/logo2.webp\",\"contentUrl\":\"https:\/\/letrame.com\/catalogo\/wp-content\/uploads\/2024\/03\/logo2.webp\",\"width\":394,\"height\":128,\"caption\":\"Catalogo | Letrame Grupo Editorial\"},\"image\":{\"@id\":\"https:\/\/letrame.com\/catalogo\/#\/schema\/logo\/image\/\"}}]}<\/script>\n<!-- \/ Yoast SEO plugin. -->","yoast_head_json":{"title":"El joven que so\u00f1aba con ser El Cid Campeador - Catalogo | Letrame Grupo Editorial","robots":{"index":"index","follow":"follow","max-snippet":"max-snippet:-1","max-image-preview":"max-image-preview:large","max-video-preview":"max-video-preview:-1"},"canonical":"https:\/\/letrame.com\/catalogo\/producto\/el-joven-que-sonaba-con-ser-el-cid-campeador\/","og_locale":"es_ES","og_type":"article","og_title":"El joven que so\u00f1aba con ser El Cid Campeador - Catalogo | Letrame Grupo Editorial","og_description":"ISBN: 9791370296728  SINOPSIS \u00bfC\u00f3mo actuar\u00edas si un d\u00eda descubres que tu identidad no se corresponde con la real, que tu confortable vida se ha solidificado a partir de una gigantesca mentira? Un accidente de tr\u00e1fico sumerge al detective Feli en un pasado ajeno. La v\u00edctima es Gregorio Barral, su antiguo jefe y mentor, el hombre que lo rescat\u00f3 del abismo cuando en el horizonte no hab\u00eda futuro. El reencuentro entre ambos saca a la luz un secreto silenciado durante d\u00e9cadas: la existencia de un hijo desaparecido al que Feli deber\u00e1 encontrar antes de que sea demasiado tarde. La investigaci\u00f3n lo arrastrar\u00e1 hasta espacios sombr\u00edos de la memoria. La Espa\u00f1a cerrada de la posguerra, con Madrid como epicentro, el territorio de la supervivencia, con sus claroscuros, los del \u00e9xito y la derrota. A cada paso dado, el detective se enfrentar\u00e1, no solo a un adversario con enorme poder, tambi\u00e9n a sus propios fantasmas, en una investigaci\u00f3n donde la verdad amenaza con desbordar todas las certezas. Con una prosa sobria y envolvente, El joven que so\u00f1aba con ser el Cid Campeador combina emoci\u00f3n, intriga y profundidad humana para construir una novela negra introspectiva. Esta es precuela de Adagio 123 y fija de alg\u00fan modo la personalidad del detective Feli.","og_url":"https:\/\/letrame.com\/catalogo\/producto\/el-joven-que-sonaba-con-ser-el-cid-campeador\/","og_site_name":"Catalogo | Letrame Grupo Editorial","article_modified_time":"2026-04-13T10:24:30+00:00","og_image":[{"width":620,"height":950,"url":"https:\/\/letrame.com\/catalogo\/wp-content\/uploads\/2026\/04\/eljovenquequeria_229mm4-1.jpg","type":"image\/jpeg"}],"twitter_card":"summary_large_image","twitter_misc":{"Tiempo de lectura":"2 minutos"},"schema":{"@context":"https:\/\/schema.org","@graph":[{"@type":"WebPage","@id":"https:\/\/letrame.com\/catalogo\/producto\/el-joven-que-sonaba-con-ser-el-cid-campeador\/","url":"https:\/\/letrame.com\/catalogo\/producto\/el-joven-que-sonaba-con-ser-el-cid-campeador\/","name":"El joven que so\u00f1aba con ser El Cid Campeador - Catalogo | Letrame Grupo Editorial","isPartOf":{"@id":"https:\/\/letrame.com\/catalogo\/#website"},"primaryImageOfPage":{"@id":"https:\/\/letrame.com\/catalogo\/producto\/el-joven-que-sonaba-con-ser-el-cid-campeador\/#primaryimage"},"image":{"@id":"https:\/\/letrame.com\/catalogo\/producto\/el-joven-que-sonaba-con-ser-el-cid-campeador\/#primaryimage"},"thumbnailUrl":"https:\/\/letrame.com\/catalogo\/wp-content\/uploads\/2026\/04\/eljovenquequeria_229mm4-1.jpg","datePublished":"2026-04-13T10:24:29+00:00","dateModified":"2026-04-13T10:24:30+00:00","breadcrumb":{"@id":"https:\/\/letrame.com\/catalogo\/producto\/el-joven-que-sonaba-con-ser-el-cid-campeador\/#breadcrumb"},"inLanguage":"es","potentialAction":[{"@type":"ReadAction","target":["https:\/\/letrame.com\/catalogo\/producto\/el-joven-que-sonaba-con-ser-el-cid-campeador\/"]}]},{"@type":"ImageObject","inLanguage":"es","@id":"https:\/\/letrame.com\/catalogo\/producto\/el-joven-que-sonaba-con-ser-el-cid-campeador\/#primaryimage","url":"https:\/\/letrame.com\/catalogo\/wp-content\/uploads\/2026\/04\/eljovenquequeria_229mm4-1.jpg","contentUrl":"https:\/\/letrame.com\/catalogo\/wp-content\/uploads\/2026\/04\/eljovenquequeria_229mm4-1.jpg","width":620,"height":950},{"@type":"BreadcrumbList","@id":"https:\/\/letrame.com\/catalogo\/producto\/el-joven-que-sonaba-con-ser-el-cid-campeador\/#breadcrumb","itemListElement":[{"@type":"ListItem","position":1,"name":"Portada","item":"https:\/\/letrame.com\/catalogo\/"},{"@type":"ListItem","position":2,"name":"Cat\u00e1logo","item":"https:\/\/letrame.com\/catalogo\/"},{"@type":"ListItem","position":3,"name":"El joven que so\u00f1aba con ser El Cid Campeador"}]},{"@type":"WebSite","@id":"https:\/\/letrame.com\/catalogo\/#website","url":"https:\/\/letrame.com\/catalogo\/","name":"Catalogo | Letrame Grupo Editorial","description":"","publisher":{"@id":"https:\/\/letrame.com\/catalogo\/#organization"},"potentialAction":[{"@type":"SearchAction","target":{"@type":"EntryPoint","urlTemplate":"https:\/\/letrame.com\/catalogo\/?s={search_term_string}"},"query-input":{"@type":"PropertyValueSpecification","valueRequired":true,"valueName":"search_term_string"}}],"inLanguage":"es"},{"@type":"Organization","@id":"https:\/\/letrame.com\/catalogo\/#organization","name":"Catalogo | Letrame Grupo Editorial","url":"https:\/\/letrame.com\/catalogo\/","logo":{"@type":"ImageObject","inLanguage":"es","@id":"https:\/\/letrame.com\/catalogo\/#\/schema\/logo\/image\/","url":"https:\/\/letrame.com\/catalogo\/wp-content\/uploads\/2024\/03\/logo2.webp","contentUrl":"https:\/\/letrame.com\/catalogo\/wp-content\/uploads\/2024\/03\/logo2.webp","width":394,"height":128,"caption":"Catalogo | Letrame Grupo Editorial"},"image":{"@id":"https:\/\/letrame.com\/catalogo\/#\/schema\/logo\/image\/"}}]}},"_links":{"self":[{"href":"https:\/\/letrame.com\/catalogo\/wp-json\/wp\/v2\/product\/111878","targetHints":{"allow":["GET"]}}],"collection":[{"href":"https:\/\/letrame.com\/catalogo\/wp-json\/wp\/v2\/product"}],"about":[{"href":"https:\/\/letrame.com\/catalogo\/wp-json\/wp\/v2\/types\/product"}],"replies":[{"embeddable":true,"href":"https:\/\/letrame.com\/catalogo\/wp-json\/wp\/v2\/comments?post=111878"}],"acf:post":[{"embeddable":true,"href":"https:\/\/letrame.com\/catalogo\/wp-json\/wp\/v2\/author_book\/111879"}],"wp:featuredmedia":[{"embeddable":true,"href":"https:\/\/letrame.com\/catalogo\/wp-json\/wp\/v2\/media\/111883"}],"wp:attachment":[{"href":"https:\/\/letrame.com\/catalogo\/wp-json\/wp\/v2\/media?parent=111878"}],"wp:term":[{"taxonomy":"libro","embeddable":true,"href":"https:\/\/letrame.com\/catalogo\/wp-json\/wp\/v2\/libro?post=111878"},{"taxonomy":"product_brand","embeddable":true,"href":"https:\/\/letrame.com\/catalogo\/wp-json\/wp\/v2\/product_brand?post=111878"},{"taxonomy":"product_cat","embeddable":true,"href":"https:\/\/letrame.com\/catalogo\/wp-json\/wp\/v2\/product_cat?post=111878"},{"taxonomy":"product_tag","embeddable":true,"href":"https:\/\/letrame.com\/catalogo\/wp-json\/wp\/v2\/product_tag?post=111878"}],"curies":[{"name":"wp","href":"https:\/\/api.w.org\/{rel}","templated":true}]}}