{"id":111870,"date":"2026-04-13T12:08:52","date_gmt":"2026-04-13T10:08:52","guid":{"rendered":"https:\/\/letrame.com\/catalogo\/?post_type=product&#038;p=111870"},"modified":"2026-04-13T12:08:53","modified_gmt":"2026-04-13T10:08:53","slug":"flores-que-crecen-en-la-sombra","status":"publish","type":"product","link":"https:\/\/letrame.com\/catalogo\/producto\/flores-que-crecen-en-la-sombra\/","title":{"rendered":"Flores que crecen en la sombra"},"content":{"rendered":"<p><strong>ISBN: 9791370296940<\/strong><br \/>\n<strong>T\u00edtulo: Flores que crecen en la sombra<\/strong><br \/>\n<strong>Fecha: 2026<\/strong><br \/>\n<strong>P\u00e1ginas: 126<\/strong><\/p>\n<p><strong>SINOPSIS<\/strong><\/p>\n<p data-start=\"0\" data-end=\"236\">Hay vidas que no crecen a pleno sol. Se abren paso despacio, entre silencios, decepciones, rutinas, recuerdos que pesan y afectos que nunca se dicen del todo. Son existencias que no hacen ruido, pero que sostienen el mundo desde dentro.<\/p>\n<p data-start=\"238\" data-end=\"713\"><em data-start=\"238\" data-end=\"270\">Flores que crecen en la sombra<\/em> es una sucesi\u00f3n de mujeres y hombres marcados por la experiencia, por la p\u00e9rdida, por el deseo de comprenderse a s\u00ed mismos. Personajes que atraviesan viajes, relaciones, rupturas, encuentros fugaces o largos silencios. No hay heroicidad ni \u00e9pica; hay vida tal como es, con sus contradicciones, sus heridas abiertas y su necesidad constante de afecto. Cada relato se sostiene sobre lo cotidiano, sobre lo que muchas veces se oculta o se calla.<\/p>\n<p data-start=\"715\" data-end=\"1155\" data-is-last-node=\"\" data-is-only-node=\"\">Charo Santana observa con atenci\u00f3n, se detiene en los gestos, en los pensamientos que no se dicen en voz alta, en los momentos en los que algo se quiebra o se comprende demasiado tarde\u2026 Las historias avanzan como lo hace la memoria, a veces con claridad, a veces con dudas, pero siempre con verdad. Un libro que no pretende embellecer la vida, sino mirarla de frente y reconocer que, incluso en los lugares m\u00e1s oscuros, algo sigue latiendo.<\/p>\n","protected":false},"excerpt":{"rendered":"<p><strong>ISBN: 9791370296940<\/strong><\/p>\n<p><strong>SINOPSIS<\/strong><\/p>\n<p data-start=\"0\" data-end=\"236\">Hay vidas que no crecen a pleno sol. Se abren paso despacio, entre silencios, decepciones, rutinas, recuerdos que pesan y afectos que nunca se dicen del todo. Son existencias que no hacen ruido, pero que sostienen el mundo desde dentro.<\/p>\n<p data-start=\"238\" data-end=\"713\"><em data-start=\"238\" data-end=\"270\">Flores que crecen en la sombra<\/em> es una sucesi\u00f3n de mujeres y hombres marcados por la experiencia, por la p\u00e9rdida, por el deseo de comprenderse a s\u00ed mismos. Personajes que atraviesan viajes, relaciones, rupturas, encuentros fugaces o largos silencios. No hay heroicidad ni \u00e9pica; hay vida tal como es, con sus contradicciones, sus heridas abiertas y su necesidad constante de afecto. Cada relato se sostiene sobre lo cotidiano, sobre lo que muchas veces se oculta o se calla.<\/p>\n<p data-start=\"715\" data-end=\"1155\" data-is-last-node=\"\" data-is-only-node=\"\">Charo Santana observa con atenci\u00f3n, se detiene en los gestos, en los pensamientos que no se dicen en voz alta, en los momentos en los que algo se quiebra o se comprende demasiado tarde\u2026 Las historias avanzan como lo hace la memoria, a veces con claridad, a veces con dudas, pero siempre con verdad. Un libro que no pretende embellecer la vida, sino mirarla de frente y reconocer que, incluso en los lugares m\u00e1s oscuros, algo sigue latiendo.<\/p>\n","protected":false},"featured_media":111873,"comment_status":"open","ping_status":"closed","template":"","meta":{"_acf_changed":false},"libro":[],"product_brand":[],"product_cat":[141],"product_tag":[],"class_list":{"0":"post-111870","1":"product","2":"type-product","3":"status-publish","4":"has-post-thumbnail","6":"product_cat-ficcion","8":"first","9":"instock","10":"shipping-taxable","11":"product-type-simple"},"acf":{"autor":[111871],"enlace_de_compra":"https:\/\/amzn.to\/4tGm1oC"},"yoast_head":"<!-- This site is optimized with the Yoast SEO plugin v26.6 - https:\/\/yoast.com\/wordpress\/plugins\/seo\/ -->\n<title>Flores que crecen en la sombra - Catalogo | Letrame Grupo Editorial<\/title>\n<meta name=\"robots\" content=\"index, follow, max-snippet:-1, max-image-preview:large, max-video-preview:-1\" \/>\n<link rel=\"canonical\" href=\"https:\/\/letrame.com\/catalogo\/producto\/flores-que-crecen-en-la-sombra\/\" \/>\n<meta property=\"og:locale\" content=\"es_ES\" \/>\n<meta property=\"og:type\" content=\"article\" \/>\n<meta property=\"og:title\" content=\"Flores que crecen en la sombra - Catalogo | Letrame Grupo Editorial\" \/>\n<meta property=\"og:description\" content=\"ISBN: 9791370296940  SINOPSIS Hay vidas que no crecen a pleno sol. Se abren paso despacio, entre silencios, decepciones, rutinas, recuerdos que pesan y afectos que nunca se dicen del todo. Son existencias que no hacen ruido, pero que sostienen el mundo desde dentro. Flores que crecen en la sombra es una sucesi\u00f3n de mujeres y hombres marcados por la experiencia, por la p\u00e9rdida, por el deseo de comprenderse a s\u00ed mismos. Personajes que atraviesan viajes, relaciones, rupturas, encuentros fugaces o largos silencios. No hay heroicidad ni \u00e9pica; hay vida tal como es, con sus contradicciones, sus heridas abiertas y su necesidad constante de afecto. Cada relato se sostiene sobre lo cotidiano, sobre lo que muchas veces se oculta o se calla. Charo Santana observa con atenci\u00f3n, se detiene en los gestos, en los pensamientos que no se dicen en voz alta, en los momentos en los que algo se quiebra o se comprende demasiado tarde\u2026 Las historias avanzan como lo hace la memoria, a veces con claridad, a veces con dudas, pero siempre con verdad. Un libro que no pretende embellecer la vida, sino mirarla de frente y reconocer que, incluso en los lugares m\u00e1s oscuros, algo sigue latiendo.\" \/>\n<meta property=\"og:url\" content=\"https:\/\/letrame.com\/catalogo\/producto\/flores-que-crecen-en-la-sombra\/\" \/>\n<meta property=\"og:site_name\" content=\"Catalogo | Letrame Grupo Editorial\" \/>\n<meta property=\"article:modified_time\" content=\"2026-04-13T10:08:53+00:00\" \/>\n<meta property=\"og:image\" content=\"https:\/\/letrame.com\/catalogo\/wp-content\/uploads\/2026\/04\/portada.jpg\" \/>\n\t<meta property=\"og:image:width\" content=\"1181\" \/>\n\t<meta property=\"og:image:height\" content=\"1654\" \/>\n\t<meta property=\"og:image:type\" content=\"image\/jpeg\" \/>\n<meta name=\"twitter:card\" content=\"summary_large_image\" \/>\n<meta name=\"twitter:label1\" content=\"Tiempo de lectura\" \/>\n\t<meta name=\"twitter:data1\" content=\"2 minutos\" \/>\n<script type=\"application\/ld+json\" class=\"yoast-schema-graph\">{\"@context\":\"https:\/\/schema.org\",\"@graph\":[{\"@type\":\"WebPage\",\"@id\":\"https:\/\/letrame.com\/catalogo\/producto\/flores-que-crecen-en-la-sombra\/\",\"url\":\"https:\/\/letrame.com\/catalogo\/producto\/flores-que-crecen-en-la-sombra\/\",\"name\":\"Flores que crecen en la sombra - Catalogo | Letrame Grupo Editorial\",\"isPartOf\":{\"@id\":\"https:\/\/letrame.com\/catalogo\/#website\"},\"primaryImageOfPage\":{\"@id\":\"https:\/\/letrame.com\/catalogo\/producto\/flores-que-crecen-en-la-sombra\/#primaryimage\"},\"image\":{\"@id\":\"https:\/\/letrame.com\/catalogo\/producto\/flores-que-crecen-en-la-sombra\/#primaryimage\"},\"thumbnailUrl\":\"https:\/\/letrame.com\/catalogo\/wp-content\/uploads\/2026\/04\/portada.jpg\",\"datePublished\":\"2026-04-13T10:08:52+00:00\",\"dateModified\":\"2026-04-13T10:08:53+00:00\",\"breadcrumb\":{\"@id\":\"https:\/\/letrame.com\/catalogo\/producto\/flores-que-crecen-en-la-sombra\/#breadcrumb\"},\"inLanguage\":\"es\",\"potentialAction\":[{\"@type\":\"ReadAction\",\"target\":[\"https:\/\/letrame.com\/catalogo\/producto\/flores-que-crecen-en-la-sombra\/\"]}]},{\"@type\":\"ImageObject\",\"inLanguage\":\"es\",\"@id\":\"https:\/\/letrame.com\/catalogo\/producto\/flores-que-crecen-en-la-sombra\/#primaryimage\",\"url\":\"https:\/\/letrame.com\/catalogo\/wp-content\/uploads\/2026\/04\/portada.jpg\",\"contentUrl\":\"https:\/\/letrame.com\/catalogo\/wp-content\/uploads\/2026\/04\/portada.jpg\",\"width\":1181,\"height\":1654},{\"@type\":\"BreadcrumbList\",\"@id\":\"https:\/\/letrame.com\/catalogo\/producto\/flores-que-crecen-en-la-sombra\/#breadcrumb\",\"itemListElement\":[{\"@type\":\"ListItem\",\"position\":1,\"name\":\"Portada\",\"item\":\"https:\/\/letrame.com\/catalogo\/\"},{\"@type\":\"ListItem\",\"position\":2,\"name\":\"Cat\u00e1logo\",\"item\":\"https:\/\/letrame.com\/catalogo\/\"},{\"@type\":\"ListItem\",\"position\":3,\"name\":\"Flores que crecen en la sombra\"}]},{\"@type\":\"WebSite\",\"@id\":\"https:\/\/letrame.com\/catalogo\/#website\",\"url\":\"https:\/\/letrame.com\/catalogo\/\",\"name\":\"Catalogo | Letrame Grupo Editorial\",\"description\":\"\",\"publisher\":{\"@id\":\"https:\/\/letrame.com\/catalogo\/#organization\"},\"potentialAction\":[{\"@type\":\"SearchAction\",\"target\":{\"@type\":\"EntryPoint\",\"urlTemplate\":\"https:\/\/letrame.com\/catalogo\/?s={search_term_string}\"},\"query-input\":{\"@type\":\"PropertyValueSpecification\",\"valueRequired\":true,\"valueName\":\"search_term_string\"}}],\"inLanguage\":\"es\"},{\"@type\":\"Organization\",\"@id\":\"https:\/\/letrame.com\/catalogo\/#organization\",\"name\":\"Catalogo | Letrame Grupo Editorial\",\"url\":\"https:\/\/letrame.com\/catalogo\/\",\"logo\":{\"@type\":\"ImageObject\",\"inLanguage\":\"es\",\"@id\":\"https:\/\/letrame.com\/catalogo\/#\/schema\/logo\/image\/\",\"url\":\"https:\/\/letrame.com\/catalogo\/wp-content\/uploads\/2024\/03\/logo2.webp\",\"contentUrl\":\"https:\/\/letrame.com\/catalogo\/wp-content\/uploads\/2024\/03\/logo2.webp\",\"width\":394,\"height\":128,\"caption\":\"Catalogo | Letrame Grupo Editorial\"},\"image\":{\"@id\":\"https:\/\/letrame.com\/catalogo\/#\/schema\/logo\/image\/\"}}]}<\/script>\n<!-- \/ Yoast SEO plugin. -->","yoast_head_json":{"title":"Flores que crecen en la sombra - Catalogo | Letrame Grupo Editorial","robots":{"index":"index","follow":"follow","max-snippet":"max-snippet:-1","max-image-preview":"max-image-preview:large","max-video-preview":"max-video-preview:-1"},"canonical":"https:\/\/letrame.com\/catalogo\/producto\/flores-que-crecen-en-la-sombra\/","og_locale":"es_ES","og_type":"article","og_title":"Flores que crecen en la sombra - Catalogo | Letrame Grupo Editorial","og_description":"ISBN: 9791370296940  SINOPSIS Hay vidas que no crecen a pleno sol. Se abren paso despacio, entre silencios, decepciones, rutinas, recuerdos que pesan y afectos que nunca se dicen del todo. Son existencias que no hacen ruido, pero que sostienen el mundo desde dentro. Flores que crecen en la sombra es una sucesi\u00f3n de mujeres y hombres marcados por la experiencia, por la p\u00e9rdida, por el deseo de comprenderse a s\u00ed mismos. Personajes que atraviesan viajes, relaciones, rupturas, encuentros fugaces o largos silencios. No hay heroicidad ni \u00e9pica; hay vida tal como es, con sus contradicciones, sus heridas abiertas y su necesidad constante de afecto. Cada relato se sostiene sobre lo cotidiano, sobre lo que muchas veces se oculta o se calla. Charo Santana observa con atenci\u00f3n, se detiene en los gestos, en los pensamientos que no se dicen en voz alta, en los momentos en los que algo se quiebra o se comprende demasiado tarde\u2026 Las historias avanzan como lo hace la memoria, a veces con claridad, a veces con dudas, pero siempre con verdad. Un libro que no pretende embellecer la vida, sino mirarla de frente y reconocer que, incluso en los lugares m\u00e1s oscuros, algo sigue latiendo.","og_url":"https:\/\/letrame.com\/catalogo\/producto\/flores-que-crecen-en-la-sombra\/","og_site_name":"Catalogo | Letrame Grupo Editorial","article_modified_time":"2026-04-13T10:08:53+00:00","og_image":[{"width":1181,"height":1654,"url":"https:\/\/letrame.com\/catalogo\/wp-content\/uploads\/2026\/04\/portada.jpg","type":"image\/jpeg"}],"twitter_card":"summary_large_image","twitter_misc":{"Tiempo de lectura":"2 minutos"},"schema":{"@context":"https:\/\/schema.org","@graph":[{"@type":"WebPage","@id":"https:\/\/letrame.com\/catalogo\/producto\/flores-que-crecen-en-la-sombra\/","url":"https:\/\/letrame.com\/catalogo\/producto\/flores-que-crecen-en-la-sombra\/","name":"Flores que crecen en la sombra - Catalogo | Letrame Grupo Editorial","isPartOf":{"@id":"https:\/\/letrame.com\/catalogo\/#website"},"primaryImageOfPage":{"@id":"https:\/\/letrame.com\/catalogo\/producto\/flores-que-crecen-en-la-sombra\/#primaryimage"},"image":{"@id":"https:\/\/letrame.com\/catalogo\/producto\/flores-que-crecen-en-la-sombra\/#primaryimage"},"thumbnailUrl":"https:\/\/letrame.com\/catalogo\/wp-content\/uploads\/2026\/04\/portada.jpg","datePublished":"2026-04-13T10:08:52+00:00","dateModified":"2026-04-13T10:08:53+00:00","breadcrumb":{"@id":"https:\/\/letrame.com\/catalogo\/producto\/flores-que-crecen-en-la-sombra\/#breadcrumb"},"inLanguage":"es","potentialAction":[{"@type":"ReadAction","target":["https:\/\/letrame.com\/catalogo\/producto\/flores-que-crecen-en-la-sombra\/"]}]},{"@type":"ImageObject","inLanguage":"es","@id":"https:\/\/letrame.com\/catalogo\/producto\/flores-que-crecen-en-la-sombra\/#primaryimage","url":"https:\/\/letrame.com\/catalogo\/wp-content\/uploads\/2026\/04\/portada.jpg","contentUrl":"https:\/\/letrame.com\/catalogo\/wp-content\/uploads\/2026\/04\/portada.jpg","width":1181,"height":1654},{"@type":"BreadcrumbList","@id":"https:\/\/letrame.com\/catalogo\/producto\/flores-que-crecen-en-la-sombra\/#breadcrumb","itemListElement":[{"@type":"ListItem","position":1,"name":"Portada","item":"https:\/\/letrame.com\/catalogo\/"},{"@type":"ListItem","position":2,"name":"Cat\u00e1logo","item":"https:\/\/letrame.com\/catalogo\/"},{"@type":"ListItem","position":3,"name":"Flores que crecen en la sombra"}]},{"@type":"WebSite","@id":"https:\/\/letrame.com\/catalogo\/#website","url":"https:\/\/letrame.com\/catalogo\/","name":"Catalogo | Letrame Grupo Editorial","description":"","publisher":{"@id":"https:\/\/letrame.com\/catalogo\/#organization"},"potentialAction":[{"@type":"SearchAction","target":{"@type":"EntryPoint","urlTemplate":"https:\/\/letrame.com\/catalogo\/?s={search_term_string}"},"query-input":{"@type":"PropertyValueSpecification","valueRequired":true,"valueName":"search_term_string"}}],"inLanguage":"es"},{"@type":"Organization","@id":"https:\/\/letrame.com\/catalogo\/#organization","name":"Catalogo | Letrame Grupo Editorial","url":"https:\/\/letrame.com\/catalogo\/","logo":{"@type":"ImageObject","inLanguage":"es","@id":"https:\/\/letrame.com\/catalogo\/#\/schema\/logo\/image\/","url":"https:\/\/letrame.com\/catalogo\/wp-content\/uploads\/2024\/03\/logo2.webp","contentUrl":"https:\/\/letrame.com\/catalogo\/wp-content\/uploads\/2024\/03\/logo2.webp","width":394,"height":128,"caption":"Catalogo | Letrame Grupo Editorial"},"image":{"@id":"https:\/\/letrame.com\/catalogo\/#\/schema\/logo\/image\/"}}]}},"_links":{"self":[{"href":"https:\/\/letrame.com\/catalogo\/wp-json\/wp\/v2\/product\/111870","targetHints":{"allow":["GET"]}}],"collection":[{"href":"https:\/\/letrame.com\/catalogo\/wp-json\/wp\/v2\/product"}],"about":[{"href":"https:\/\/letrame.com\/catalogo\/wp-json\/wp\/v2\/types\/product"}],"replies":[{"embeddable":true,"href":"https:\/\/letrame.com\/catalogo\/wp-json\/wp\/v2\/comments?post=111870"}],"acf:post":[{"embeddable":true,"href":"https:\/\/letrame.com\/catalogo\/wp-json\/wp\/v2\/author_book\/111871"}],"wp:featuredmedia":[{"embeddable":true,"href":"https:\/\/letrame.com\/catalogo\/wp-json\/wp\/v2\/media\/111873"}],"wp:attachment":[{"href":"https:\/\/letrame.com\/catalogo\/wp-json\/wp\/v2\/media?parent=111870"}],"wp:term":[{"taxonomy":"libro","embeddable":true,"href":"https:\/\/letrame.com\/catalogo\/wp-json\/wp\/v2\/libro?post=111870"},{"taxonomy":"product_brand","embeddable":true,"href":"https:\/\/letrame.com\/catalogo\/wp-json\/wp\/v2\/product_brand?post=111870"},{"taxonomy":"product_cat","embeddable":true,"href":"https:\/\/letrame.com\/catalogo\/wp-json\/wp\/v2\/product_cat?post=111870"},{"taxonomy":"product_tag","embeddable":true,"href":"https:\/\/letrame.com\/catalogo\/wp-json\/wp\/v2\/product_tag?post=111870"}],"curies":[{"name":"wp","href":"https:\/\/api.w.org\/{rel}","templated":true}]}}