{"id":111861,"date":"2026-04-13T11:54:46","date_gmt":"2026-04-13T09:54:46","guid":{"rendered":"https:\/\/letrame.com\/catalogo\/?post_type=product&#038;p=111861"},"modified":"2026-04-13T11:54:47","modified_gmt":"2026-04-13T09:54:47","slug":"todo-lo-que-soy-2","status":"publish","type":"product","link":"https:\/\/letrame.com\/catalogo\/producto\/todo-lo-que-soy-2\/","title":{"rendered":"Todo lo que soy"},"content":{"rendered":"<p><strong>ISBN: 9791370296551<\/strong><br \/>\n<strong>T\u00edtulo: Todo lo que soy<\/strong><br \/>\n<strong>Fecha: 2025<\/strong><br \/>\n<strong>P\u00e1ginas: 134<\/strong><\/p>\n<p><strong>SINOPSIS<\/strong><\/p>\n<p data-start=\"0\" data-end=\"347\">Todo lo que soy no es un libro, es una mujer abri\u00e9ndose el pecho. Es la voz de Jenifer Ortega Bazo, una madre que ha aprendido a sobrevivir con tres sonrisas como salvavidas, una mujer que sali\u00f3 del infierno con las manos temblando y el alma llena de cicatrices, y que hoy decide contar su historia sin maquillaje, sin filtros y sin pedir permiso.<\/p>\n<p data-start=\"349\" data-end=\"666\">Estas p\u00e1ginas nacen del dolor, s\u00ed. Pero tambi\u00e9n de la resiliencia. De una infancia herida, de relaciones que rompieron m\u00e1s de lo que sanaron, del miedo, la ansiedad, la culpa, la soledad\u2026 y del amor que a\u00fan insiste en brotar entre los escombros. Cada texto es un latido. Cada poema, una grieta por donde entra la luz.<\/p>\n<p data-start=\"668\" data-end=\"1193\">Aqu\u00ed vive la ni\u00f1a que pidi\u00f3 auxilio. La mujer que aprendi\u00f3 a levantarse sola. La madre que da hasta su sangre por sus hijos. La guerrera cansada. La amante intensa. La superviviente. Estas p\u00e1ginas hablan del orgullo que salva, del cansancio que pesa toneladas, del miedo a volver a sentir, del amor sano que se espera, de la batalla constante entre mente y coraz\u00f3n. Hablan de heridas del alma que no se ven, de noches sin abrazo, de ma\u00f1anas con caf\u00e9 y esperanza. Hablan de aprender a mirarse al espejo y decirse: \u00abaqu\u00ed sigo\u00bb.<\/p>\n<p data-start=\"1195\" data-end=\"1464\" data-is-last-node=\"\" data-is-only-node=\"\"><em data-start=\"1195\" data-end=\"1212\">Todo lo que soy<\/em> es un refugio para quien alguna vez se sinti\u00f3 roto. Un espejo para quienes cargan silencios. Un abrazo para las mujeres que luchan cada d\u00eda sin aplausos. Es la historia de una voz que estuvo callada demasiado tiempo\u2026 y que por fin se atreve a existir.<\/p>\n","protected":false},"excerpt":{"rendered":"<p><strong>ISBN: 9791370296551<\/strong><\/p>\n<p><strong>SINOPSIS<\/strong><\/p>\n<p data-start=\"0\" data-end=\"347\">Todo lo que soy no es un libro, es una mujer abri\u00e9ndose el pecho. Es la voz de Jenifer Ortega Bazo, una madre que ha aprendido a sobrevivir con tres sonrisas como salvavidas, una mujer que sali\u00f3 del infierno con las manos temblando y el alma llena de cicatrices, y que hoy decide contar su historia sin maquillaje, sin filtros y sin pedir permiso.<\/p>\n<p data-start=\"349\" data-end=\"666\">Estas p\u00e1ginas nacen del dolor, s\u00ed. Pero tambi\u00e9n de la resiliencia. De una infancia herida, de relaciones que rompieron m\u00e1s de lo que sanaron, del miedo, la ansiedad, la culpa, la soledad\u2026 y del amor que a\u00fan insiste en brotar entre los escombros. Cada texto es un latido. Cada poema, una grieta por donde entra la luz.<\/p>\n<p data-start=\"668\" data-end=\"1193\">Aqu\u00ed vive la ni\u00f1a que pidi\u00f3 auxilio. La mujer que aprendi\u00f3 a levantarse sola. La madre que da hasta su sangre por sus hijos. La guerrera cansada. La amante intensa. La superviviente. Estas p\u00e1ginas hablan del orgullo que salva, del cansancio que pesa toneladas, del miedo a volver a sentir, del amor sano que se espera, de la batalla constante entre mente y coraz\u00f3n. Hablan de heridas del alma que no se ven, de noches sin abrazo, de ma\u00f1anas con caf\u00e9 y esperanza. Hablan de aprender a mirarse al espejo y decirse: \u00abaqu\u00ed sigo\u00bb.<\/p>\n<p data-start=\"1195\" data-end=\"1464\" data-is-last-node=\"\" data-is-only-node=\"\"><em data-start=\"1195\" data-end=\"1212\">Todo lo que soy<\/em> es un refugio para quien alguna vez se sinti\u00f3 roto. Un espejo para quienes cargan silencios. Un abrazo para las mujeres que luchan cada d\u00eda sin aplausos. Es la historia de una voz que estuvo callada demasiado tiempo\u2026 y que por fin se atreve a existir.<\/p>\n","protected":false},"featured_media":111865,"comment_status":"open","ping_status":"closed","template":"","meta":{"_acf_changed":false},"libro":[],"product_brand":[],"product_cat":[20],"product_tag":[],"class_list":{"0":"post-111861","1":"product","2":"type-product","3":"status-publish","4":"has-post-thumbnail","6":"product_cat-poesia","8":"first","9":"instock","10":"shipping-taxable","11":"product-type-simple"},"acf":{"autor":[111862],"enlace_de_compra":"https:\/\/amzn.to\/4c5l03M"},"yoast_head":"<!-- This site is optimized with the Yoast SEO plugin v26.6 - https:\/\/yoast.com\/wordpress\/plugins\/seo\/ -->\n<title>Todo lo que soy - Catalogo | Letrame Grupo Editorial<\/title>\n<meta name=\"robots\" content=\"index, follow, max-snippet:-1, max-image-preview:large, max-video-preview:-1\" \/>\n<link rel=\"canonical\" href=\"https:\/\/letrame.com\/catalogo\/producto\/todo-lo-que-soy-2\/\" \/>\n<meta property=\"og:locale\" content=\"es_ES\" \/>\n<meta property=\"og:type\" content=\"article\" \/>\n<meta property=\"og:title\" content=\"Todo lo que soy - Catalogo | Letrame Grupo Editorial\" \/>\n<meta property=\"og:description\" content=\"ISBN: 9791370296551  SINOPSIS Todo lo que soy no es un libro, es una mujer abri\u00e9ndose el pecho. Es la voz de Jenifer Ortega Bazo, una madre que ha aprendido a sobrevivir con tres sonrisas como salvavidas, una mujer que sali\u00f3 del infierno con las manos temblando y el alma llena de cicatrices, y que hoy decide contar su historia sin maquillaje, sin filtros y sin pedir permiso. Estas p\u00e1ginas nacen del dolor, s\u00ed. Pero tambi\u00e9n de la resiliencia. De una infancia herida, de relaciones que rompieron m\u00e1s de lo que sanaron, del miedo, la ansiedad, la culpa, la soledad\u2026 y del amor que a\u00fan insiste en brotar entre los escombros. Cada texto es un latido. Cada poema, una grieta por donde entra la luz. Aqu\u00ed vive la ni\u00f1a que pidi\u00f3 auxilio. La mujer que aprendi\u00f3 a levantarse sola. La madre que da hasta su sangre por sus hijos. La guerrera cansada. La amante intensa. La superviviente. Estas p\u00e1ginas hablan del orgullo que salva, del cansancio que pesa toneladas, del miedo a volver a sentir, del amor sano que se espera, de la batalla constante entre mente y coraz\u00f3n. Hablan de heridas del alma que no se ven, de noches sin abrazo, de ma\u00f1anas con caf\u00e9 y esperanza. Hablan de aprender a mirarse al espejo y decirse: \u00abaqu\u00ed sigo\u00bb. Todo lo que soy es un refugio para quien alguna vez se sinti\u00f3 roto. Un espejo para quienes cargan silencios. Un abrazo para las mujeres que luchan cada d\u00eda sin aplausos. Es la historia de una voz que estuvo callada demasiado tiempo\u2026 y que por fin se atreve a existir.\" \/>\n<meta property=\"og:url\" content=\"https:\/\/letrame.com\/catalogo\/producto\/todo-lo-que-soy-2\/\" \/>\n<meta property=\"og:site_name\" content=\"Catalogo | Letrame Grupo Editorial\" \/>\n<meta property=\"article:modified_time\" content=\"2026-04-13T09:54:47+00:00\" \/>\n<meta property=\"og:image\" content=\"https:\/\/letrame.com\/catalogo\/wp-content\/uploads\/2026\/04\/portadacatalogo-7.jpg\" \/>\n\t<meta property=\"og:image:width\" content=\"699\" \/>\n\t<meta property=\"og:image:height\" content=\"992\" \/>\n\t<meta property=\"og:image:type\" content=\"image\/jpeg\" \/>\n<meta name=\"twitter:card\" content=\"summary_large_image\" \/>\n<meta name=\"twitter:label1\" content=\"Tiempo de lectura\" \/>\n\t<meta name=\"twitter:data1\" content=\"2 minutos\" \/>\n<script type=\"application\/ld+json\" class=\"yoast-schema-graph\">{\"@context\":\"https:\/\/schema.org\",\"@graph\":[{\"@type\":\"WebPage\",\"@id\":\"https:\/\/letrame.com\/catalogo\/producto\/todo-lo-que-soy-2\/\",\"url\":\"https:\/\/letrame.com\/catalogo\/producto\/todo-lo-que-soy-2\/\",\"name\":\"Todo lo que soy - Catalogo | Letrame Grupo Editorial\",\"isPartOf\":{\"@id\":\"https:\/\/letrame.com\/catalogo\/#website\"},\"primaryImageOfPage\":{\"@id\":\"https:\/\/letrame.com\/catalogo\/producto\/todo-lo-que-soy-2\/#primaryimage\"},\"image\":{\"@id\":\"https:\/\/letrame.com\/catalogo\/producto\/todo-lo-que-soy-2\/#primaryimage\"},\"thumbnailUrl\":\"https:\/\/letrame.com\/catalogo\/wp-content\/uploads\/2026\/04\/portadacatalogo-7.jpg\",\"datePublished\":\"2026-04-13T09:54:46+00:00\",\"dateModified\":\"2026-04-13T09:54:47+00:00\",\"breadcrumb\":{\"@id\":\"https:\/\/letrame.com\/catalogo\/producto\/todo-lo-que-soy-2\/#breadcrumb\"},\"inLanguage\":\"es\",\"potentialAction\":[{\"@type\":\"ReadAction\",\"target\":[\"https:\/\/letrame.com\/catalogo\/producto\/todo-lo-que-soy-2\/\"]}]},{\"@type\":\"ImageObject\",\"inLanguage\":\"es\",\"@id\":\"https:\/\/letrame.com\/catalogo\/producto\/todo-lo-que-soy-2\/#primaryimage\",\"url\":\"https:\/\/letrame.com\/catalogo\/wp-content\/uploads\/2026\/04\/portadacatalogo-7.jpg\",\"contentUrl\":\"https:\/\/letrame.com\/catalogo\/wp-content\/uploads\/2026\/04\/portadacatalogo-7.jpg\",\"width\":699,\"height\":992},{\"@type\":\"BreadcrumbList\",\"@id\":\"https:\/\/letrame.com\/catalogo\/producto\/todo-lo-que-soy-2\/#breadcrumb\",\"itemListElement\":[{\"@type\":\"ListItem\",\"position\":1,\"name\":\"Portada\",\"item\":\"https:\/\/letrame.com\/catalogo\/\"},{\"@type\":\"ListItem\",\"position\":2,\"name\":\"Cat\u00e1logo\",\"item\":\"https:\/\/letrame.com\/catalogo\/\"},{\"@type\":\"ListItem\",\"position\":3,\"name\":\"Todo lo que soy\"}]},{\"@type\":\"WebSite\",\"@id\":\"https:\/\/letrame.com\/catalogo\/#website\",\"url\":\"https:\/\/letrame.com\/catalogo\/\",\"name\":\"Catalogo | Letrame Grupo Editorial\",\"description\":\"\",\"publisher\":{\"@id\":\"https:\/\/letrame.com\/catalogo\/#organization\"},\"potentialAction\":[{\"@type\":\"SearchAction\",\"target\":{\"@type\":\"EntryPoint\",\"urlTemplate\":\"https:\/\/letrame.com\/catalogo\/?s={search_term_string}\"},\"query-input\":{\"@type\":\"PropertyValueSpecification\",\"valueRequired\":true,\"valueName\":\"search_term_string\"}}],\"inLanguage\":\"es\"},{\"@type\":\"Organization\",\"@id\":\"https:\/\/letrame.com\/catalogo\/#organization\",\"name\":\"Catalogo | Letrame Grupo Editorial\",\"url\":\"https:\/\/letrame.com\/catalogo\/\",\"logo\":{\"@type\":\"ImageObject\",\"inLanguage\":\"es\",\"@id\":\"https:\/\/letrame.com\/catalogo\/#\/schema\/logo\/image\/\",\"url\":\"https:\/\/letrame.com\/catalogo\/wp-content\/uploads\/2024\/03\/logo2.webp\",\"contentUrl\":\"https:\/\/letrame.com\/catalogo\/wp-content\/uploads\/2024\/03\/logo2.webp\",\"width\":394,\"height\":128,\"caption\":\"Catalogo | Letrame Grupo Editorial\"},\"image\":{\"@id\":\"https:\/\/letrame.com\/catalogo\/#\/schema\/logo\/image\/\"}}]}<\/script>\n<!-- \/ Yoast SEO plugin. -->","yoast_head_json":{"title":"Todo lo que soy - Catalogo | Letrame Grupo Editorial","robots":{"index":"index","follow":"follow","max-snippet":"max-snippet:-1","max-image-preview":"max-image-preview:large","max-video-preview":"max-video-preview:-1"},"canonical":"https:\/\/letrame.com\/catalogo\/producto\/todo-lo-que-soy-2\/","og_locale":"es_ES","og_type":"article","og_title":"Todo lo que soy - Catalogo | Letrame Grupo Editorial","og_description":"ISBN: 9791370296551  SINOPSIS Todo lo que soy no es un libro, es una mujer abri\u00e9ndose el pecho. Es la voz de Jenifer Ortega Bazo, una madre que ha aprendido a sobrevivir con tres sonrisas como salvavidas, una mujer que sali\u00f3 del infierno con las manos temblando y el alma llena de cicatrices, y que hoy decide contar su historia sin maquillaje, sin filtros y sin pedir permiso. Estas p\u00e1ginas nacen del dolor, s\u00ed. Pero tambi\u00e9n de la resiliencia. De una infancia herida, de relaciones que rompieron m\u00e1s de lo que sanaron, del miedo, la ansiedad, la culpa, la soledad\u2026 y del amor que a\u00fan insiste en brotar entre los escombros. Cada texto es un latido. Cada poema, una grieta por donde entra la luz. Aqu\u00ed vive la ni\u00f1a que pidi\u00f3 auxilio. La mujer que aprendi\u00f3 a levantarse sola. La madre que da hasta su sangre por sus hijos. La guerrera cansada. La amante intensa. La superviviente. Estas p\u00e1ginas hablan del orgullo que salva, del cansancio que pesa toneladas, del miedo a volver a sentir, del amor sano que se espera, de la batalla constante entre mente y coraz\u00f3n. Hablan de heridas del alma que no se ven, de noches sin abrazo, de ma\u00f1anas con caf\u00e9 y esperanza. Hablan de aprender a mirarse al espejo y decirse: \u00abaqu\u00ed sigo\u00bb. Todo lo que soy es un refugio para quien alguna vez se sinti\u00f3 roto. Un espejo para quienes cargan silencios. Un abrazo para las mujeres que luchan cada d\u00eda sin aplausos. Es la historia de una voz que estuvo callada demasiado tiempo\u2026 y que por fin se atreve a existir.","og_url":"https:\/\/letrame.com\/catalogo\/producto\/todo-lo-que-soy-2\/","og_site_name":"Catalogo | Letrame Grupo Editorial","article_modified_time":"2026-04-13T09:54:47+00:00","og_image":[{"width":699,"height":992,"url":"https:\/\/letrame.com\/catalogo\/wp-content\/uploads\/2026\/04\/portadacatalogo-7.jpg","type":"image\/jpeg"}],"twitter_card":"summary_large_image","twitter_misc":{"Tiempo de lectura":"2 minutos"},"schema":{"@context":"https:\/\/schema.org","@graph":[{"@type":"WebPage","@id":"https:\/\/letrame.com\/catalogo\/producto\/todo-lo-que-soy-2\/","url":"https:\/\/letrame.com\/catalogo\/producto\/todo-lo-que-soy-2\/","name":"Todo lo que soy - Catalogo | Letrame Grupo Editorial","isPartOf":{"@id":"https:\/\/letrame.com\/catalogo\/#website"},"primaryImageOfPage":{"@id":"https:\/\/letrame.com\/catalogo\/producto\/todo-lo-que-soy-2\/#primaryimage"},"image":{"@id":"https:\/\/letrame.com\/catalogo\/producto\/todo-lo-que-soy-2\/#primaryimage"},"thumbnailUrl":"https:\/\/letrame.com\/catalogo\/wp-content\/uploads\/2026\/04\/portadacatalogo-7.jpg","datePublished":"2026-04-13T09:54:46+00:00","dateModified":"2026-04-13T09:54:47+00:00","breadcrumb":{"@id":"https:\/\/letrame.com\/catalogo\/producto\/todo-lo-que-soy-2\/#breadcrumb"},"inLanguage":"es","potentialAction":[{"@type":"ReadAction","target":["https:\/\/letrame.com\/catalogo\/producto\/todo-lo-que-soy-2\/"]}]},{"@type":"ImageObject","inLanguage":"es","@id":"https:\/\/letrame.com\/catalogo\/producto\/todo-lo-que-soy-2\/#primaryimage","url":"https:\/\/letrame.com\/catalogo\/wp-content\/uploads\/2026\/04\/portadacatalogo-7.jpg","contentUrl":"https:\/\/letrame.com\/catalogo\/wp-content\/uploads\/2026\/04\/portadacatalogo-7.jpg","width":699,"height":992},{"@type":"BreadcrumbList","@id":"https:\/\/letrame.com\/catalogo\/producto\/todo-lo-que-soy-2\/#breadcrumb","itemListElement":[{"@type":"ListItem","position":1,"name":"Portada","item":"https:\/\/letrame.com\/catalogo\/"},{"@type":"ListItem","position":2,"name":"Cat\u00e1logo","item":"https:\/\/letrame.com\/catalogo\/"},{"@type":"ListItem","position":3,"name":"Todo lo que soy"}]},{"@type":"WebSite","@id":"https:\/\/letrame.com\/catalogo\/#website","url":"https:\/\/letrame.com\/catalogo\/","name":"Catalogo | Letrame Grupo Editorial","description":"","publisher":{"@id":"https:\/\/letrame.com\/catalogo\/#organization"},"potentialAction":[{"@type":"SearchAction","target":{"@type":"EntryPoint","urlTemplate":"https:\/\/letrame.com\/catalogo\/?s={search_term_string}"},"query-input":{"@type":"PropertyValueSpecification","valueRequired":true,"valueName":"search_term_string"}}],"inLanguage":"es"},{"@type":"Organization","@id":"https:\/\/letrame.com\/catalogo\/#organization","name":"Catalogo | Letrame Grupo Editorial","url":"https:\/\/letrame.com\/catalogo\/","logo":{"@type":"ImageObject","inLanguage":"es","@id":"https:\/\/letrame.com\/catalogo\/#\/schema\/logo\/image\/","url":"https:\/\/letrame.com\/catalogo\/wp-content\/uploads\/2024\/03\/logo2.webp","contentUrl":"https:\/\/letrame.com\/catalogo\/wp-content\/uploads\/2024\/03\/logo2.webp","width":394,"height":128,"caption":"Catalogo | Letrame Grupo Editorial"},"image":{"@id":"https:\/\/letrame.com\/catalogo\/#\/schema\/logo\/image\/"}}]}},"_links":{"self":[{"href":"https:\/\/letrame.com\/catalogo\/wp-json\/wp\/v2\/product\/111861","targetHints":{"allow":["GET"]}}],"collection":[{"href":"https:\/\/letrame.com\/catalogo\/wp-json\/wp\/v2\/product"}],"about":[{"href":"https:\/\/letrame.com\/catalogo\/wp-json\/wp\/v2\/types\/product"}],"replies":[{"embeddable":true,"href":"https:\/\/letrame.com\/catalogo\/wp-json\/wp\/v2\/comments?post=111861"}],"acf:post":[{"embeddable":true,"href":"https:\/\/letrame.com\/catalogo\/wp-json\/wp\/v2\/author_book\/111862"}],"wp:featuredmedia":[{"embeddable":true,"href":"https:\/\/letrame.com\/catalogo\/wp-json\/wp\/v2\/media\/111865"}],"wp:attachment":[{"href":"https:\/\/letrame.com\/catalogo\/wp-json\/wp\/v2\/media?parent=111861"}],"wp:term":[{"taxonomy":"libro","embeddable":true,"href":"https:\/\/letrame.com\/catalogo\/wp-json\/wp\/v2\/libro?post=111861"},{"taxonomy":"product_brand","embeddable":true,"href":"https:\/\/letrame.com\/catalogo\/wp-json\/wp\/v2\/product_brand?post=111861"},{"taxonomy":"product_cat","embeddable":true,"href":"https:\/\/letrame.com\/catalogo\/wp-json\/wp\/v2\/product_cat?post=111861"},{"taxonomy":"product_tag","embeddable":true,"href":"https:\/\/letrame.com\/catalogo\/wp-json\/wp\/v2\/product_tag?post=111861"}],"curies":[{"name":"wp","href":"https:\/\/api.w.org\/{rel}","templated":true}]}}