{"id":111857,"date":"2026-04-13T11:49:13","date_gmt":"2026-04-13T09:49:13","guid":{"rendered":"https:\/\/letrame.com\/catalogo\/?post_type=product&#038;p=111857"},"modified":"2026-04-13T11:49:13","modified_gmt":"2026-04-13T09:49:13","slug":"entrenamiento-canino","status":"publish","type":"product","link":"https:\/\/letrame.com\/catalogo\/producto\/entrenamiento-canino\/","title":{"rendered":"Entrenamiento canino"},"content":{"rendered":"<p><strong>ISBN: 9791370129941<\/strong><br \/>\n<strong>T\u00edtulo: Entrenamiento canino<\/strong><br \/>\n<strong>Fecha: 2025<\/strong><br \/>\n<strong>P\u00e1ginas: 132<\/strong><\/p>\n<p><strong>SINOPSIS<\/strong><\/p>\n<p data-start=\"0\" data-end=\"261\">Desde tiempos inmemoriales, los perros han sido nuestros compa\u00f1eros m\u00e1s leales, compartiendo con nosotros un viaje evolutivo que los ha transformado de lobos salvajes a miembros esenciales de nuestras familias. Pero \u00bfqu\u00e9 hace que esta relaci\u00f3n sea tan especial?<\/p>\n<p data-start=\"263\" data-end=\"494\">En <em data-start=\"266\" data-end=\"288\">Entrenamiento canino<\/em>, el autor nos invita a explorar el v\u00ednculo \u00fanico entre humanos y perros, destacando c\u00f3mo la comprensi\u00f3n mutua y la comunicaci\u00f3n efectiva son los pilares fundamentales para construir una relaci\u00f3n armoniosa.<\/p>\n<p data-start=\"496\" data-end=\"1000\">Este libro no es solo una gu\u00eda de adiestramiento; es una traves\u00eda que combina ciencia, psicolog\u00eda y pr\u00e1ctica para ense\u00f1ar a los due\u00f1os a entender el lenguaje corporal, las emociones y los instintos de sus perros. A trav\u00e9s de teor\u00edas como el condicionamiento cl\u00e1sico, el operante y el enfoque emocional-cognitivo, el autor desentra\u00f1a los secretos detr\u00e1s del aprendizaje canino, mostrando c\u00f3mo nuestras acciones y emociones impactan directamente en el comportamiento de nuestros compa\u00f1eros de cuatro patas.<\/p>\n<p data-start=\"1002\" data-end=\"1240\">Con ejercicios pr\u00e1cticos, consejos claros y un enfoque centrado en el respeto y la empat\u00eda, <em data-start=\"1094\" data-end=\"1116\">Entrenamiento canino<\/em> no solo ense\u00f1a a los perros a obedecer \u00f3rdenes, sino que tambi\u00e9n transforma a los due\u00f1os en l\u00edderes amorosos y conscientes.<\/p>\n<p data-start=\"1242\" data-end=\"1445\" data-is-last-node=\"\" data-is-only-node=\"\">Este libro es una herramienta indispensable para quienes desean fortalecer su conexi\u00f3n con sus perros, aprendiendo a comunicarse de manera efectiva y a disfrutar de una convivencia plena y enriquecedora.<\/p>\n","protected":false},"excerpt":{"rendered":"<p><strong>ISBN: 9791370129941<\/strong><\/p>\n<p><strong>SINOPSIS<\/strong><\/p>\n<p data-start=\"0\" data-end=\"261\">Desde tiempos inmemoriales, los perros han sido nuestros compa\u00f1eros m\u00e1s leales, compartiendo con nosotros un viaje evolutivo que los ha transformado de lobos salvajes a miembros esenciales de nuestras familias. Pero \u00bfqu\u00e9 hace que esta relaci\u00f3n sea tan especial?<\/p>\n<p data-start=\"263\" data-end=\"494\">En <em data-start=\"266\" data-end=\"288\">Entrenamiento canino<\/em>, el autor nos invita a explorar el v\u00ednculo \u00fanico entre humanos y perros, destacando c\u00f3mo la comprensi\u00f3n mutua y la comunicaci\u00f3n efectiva son los pilares fundamentales para construir una relaci\u00f3n armoniosa.<\/p>\n<p data-start=\"496\" data-end=\"1000\">Este libro no es solo una gu\u00eda de adiestramiento; es una traves\u00eda que combina ciencia, psicolog\u00eda y pr\u00e1ctica para ense\u00f1ar a los due\u00f1os a entender el lenguaje corporal, las emociones y los instintos de sus perros. A trav\u00e9s de teor\u00edas como el condicionamiento cl\u00e1sico, el operante y el enfoque emocional-cognitivo, el autor desentra\u00f1a los secretos detr\u00e1s del aprendizaje canino, mostrando c\u00f3mo nuestras acciones y emociones impactan directamente en el comportamiento de nuestros compa\u00f1eros de cuatro patas.<\/p>\n<p data-start=\"1002\" data-end=\"1240\">Con ejercicios pr\u00e1cticos, consejos claros y un enfoque centrado en el respeto y la empat\u00eda, <em data-start=\"1094\" data-end=\"1116\">Entrenamiento canino<\/em> no solo ense\u00f1a a los perros a obedecer \u00f3rdenes, sino que tambi\u00e9n transforma a los due\u00f1os en l\u00edderes amorosos y conscientes.<\/p>\n<p data-start=\"1242\" data-end=\"1445\" data-is-last-node=\"\" data-is-only-node=\"\">Este libro es una herramienta indispensable para quienes desean fortalecer su conexi\u00f3n con sus perros, aprendiendo a comunicarse de manera efectiva y a disfrutar de una convivencia plena y enriquecedora.<\/p>\n","protected":false},"featured_media":111860,"comment_status":"open","ping_status":"closed","template":"","meta":{"_acf_changed":false},"libro":[],"product_brand":[],"product_cat":[113],"product_tag":[],"class_list":{"0":"post-111857","1":"product","2":"type-product","3":"status-publish","4":"has-post-thumbnail","6":"product_cat-educacion","8":"first","9":"instock","10":"shipping-taxable","11":"product-type-simple"},"acf":{"autor":[111858],"enlace_de_compra":"https:\/\/amzn.to\/4cl6SCl"},"yoast_head":"<!-- This site is optimized with the Yoast SEO plugin v26.6 - https:\/\/yoast.com\/wordpress\/plugins\/seo\/ -->\n<title>Entrenamiento canino - Catalogo | Letrame Grupo Editorial<\/title>\n<meta name=\"robots\" content=\"index, follow, max-snippet:-1, max-image-preview:large, max-video-preview:-1\" \/>\n<link rel=\"canonical\" href=\"https:\/\/letrame.com\/catalogo\/producto\/entrenamiento-canino\/\" \/>\n<meta property=\"og:locale\" content=\"es_ES\" \/>\n<meta property=\"og:type\" content=\"article\" \/>\n<meta property=\"og:title\" content=\"Entrenamiento canino - Catalogo | Letrame Grupo Editorial\" \/>\n<meta property=\"og:description\" content=\"ISBN: 9791370129941  SINOPSIS Desde tiempos inmemoriales, los perros han sido nuestros compa\u00f1eros m\u00e1s leales, compartiendo con nosotros un viaje evolutivo que los ha transformado de lobos salvajes a miembros esenciales de nuestras familias. Pero \u00bfqu\u00e9 hace que esta relaci\u00f3n sea tan especial? En Entrenamiento canino, el autor nos invita a explorar el v\u00ednculo \u00fanico entre humanos y perros, destacando c\u00f3mo la comprensi\u00f3n mutua y la comunicaci\u00f3n efectiva son los pilares fundamentales para construir una relaci\u00f3n armoniosa. Este libro no es solo una gu\u00eda de adiestramiento; es una traves\u00eda que combina ciencia, psicolog\u00eda y pr\u00e1ctica para ense\u00f1ar a los due\u00f1os a entender el lenguaje corporal, las emociones y los instintos de sus perros. A trav\u00e9s de teor\u00edas como el condicionamiento cl\u00e1sico, el operante y el enfoque emocional-cognitivo, el autor desentra\u00f1a los secretos detr\u00e1s del aprendizaje canino, mostrando c\u00f3mo nuestras acciones y emociones impactan directamente en el comportamiento de nuestros compa\u00f1eros de cuatro patas. Con ejercicios pr\u00e1cticos, consejos claros y un enfoque centrado en el respeto y la empat\u00eda, Entrenamiento canino no solo ense\u00f1a a los perros a obedecer \u00f3rdenes, sino que tambi\u00e9n transforma a los due\u00f1os en l\u00edderes amorosos y conscientes. Este libro es una herramienta indispensable para quienes desean fortalecer su conexi\u00f3n con sus perros, aprendiendo a comunicarse de manera efectiva y a disfrutar de una convivencia plena y enriquecedora.\" \/>\n<meta property=\"og:url\" content=\"https:\/\/letrame.com\/catalogo\/producto\/entrenamiento-canino\/\" \/>\n<meta property=\"og:site_name\" content=\"Catalogo | Letrame Grupo Editorial\" \/>\n<meta property=\"og:image\" content=\"https:\/\/letrame.com\/catalogo\/wp-content\/uploads\/2026\/04\/entrenamientocanino_716mm4-1.jpg\" \/>\n\t<meta property=\"og:image:width\" content=\"886\" \/>\n\t<meta property=\"og:image:height\" content=\"1299\" \/>\n\t<meta property=\"og:image:type\" content=\"image\/jpeg\" \/>\n<meta name=\"twitter:card\" content=\"summary_large_image\" \/>\n<meta name=\"twitter:label1\" content=\"Tiempo de lectura\" \/>\n\t<meta name=\"twitter:data1\" content=\"2 minutos\" \/>\n<script type=\"application\/ld+json\" class=\"yoast-schema-graph\">{\"@context\":\"https:\/\/schema.org\",\"@graph\":[{\"@type\":\"WebPage\",\"@id\":\"https:\/\/letrame.com\/catalogo\/producto\/entrenamiento-canino\/\",\"url\":\"https:\/\/letrame.com\/catalogo\/producto\/entrenamiento-canino\/\",\"name\":\"Entrenamiento canino - Catalogo | Letrame Grupo Editorial\",\"isPartOf\":{\"@id\":\"https:\/\/letrame.com\/catalogo\/#website\"},\"primaryImageOfPage\":{\"@id\":\"https:\/\/letrame.com\/catalogo\/producto\/entrenamiento-canino\/#primaryimage\"},\"image\":{\"@id\":\"https:\/\/letrame.com\/catalogo\/producto\/entrenamiento-canino\/#primaryimage\"},\"thumbnailUrl\":\"https:\/\/letrame.com\/catalogo\/wp-content\/uploads\/2026\/04\/entrenamientocanino_716mm4-1.jpg\",\"datePublished\":\"2026-04-13T09:49:13+00:00\",\"breadcrumb\":{\"@id\":\"https:\/\/letrame.com\/catalogo\/producto\/entrenamiento-canino\/#breadcrumb\"},\"inLanguage\":\"es\",\"potentialAction\":[{\"@type\":\"ReadAction\",\"target\":[\"https:\/\/letrame.com\/catalogo\/producto\/entrenamiento-canino\/\"]}]},{\"@type\":\"ImageObject\",\"inLanguage\":\"es\",\"@id\":\"https:\/\/letrame.com\/catalogo\/producto\/entrenamiento-canino\/#primaryimage\",\"url\":\"https:\/\/letrame.com\/catalogo\/wp-content\/uploads\/2026\/04\/entrenamientocanino_716mm4-1.jpg\",\"contentUrl\":\"https:\/\/letrame.com\/catalogo\/wp-content\/uploads\/2026\/04\/entrenamientocanino_716mm4-1.jpg\",\"width\":886,\"height\":1299},{\"@type\":\"BreadcrumbList\",\"@id\":\"https:\/\/letrame.com\/catalogo\/producto\/entrenamiento-canino\/#breadcrumb\",\"itemListElement\":[{\"@type\":\"ListItem\",\"position\":1,\"name\":\"Portada\",\"item\":\"https:\/\/letrame.com\/catalogo\/\"},{\"@type\":\"ListItem\",\"position\":2,\"name\":\"Cat\u00e1logo\",\"item\":\"https:\/\/letrame.com\/catalogo\/\"},{\"@type\":\"ListItem\",\"position\":3,\"name\":\"Entrenamiento canino\"}]},{\"@type\":\"WebSite\",\"@id\":\"https:\/\/letrame.com\/catalogo\/#website\",\"url\":\"https:\/\/letrame.com\/catalogo\/\",\"name\":\"Catalogo | Letrame Grupo Editorial\",\"description\":\"\",\"publisher\":{\"@id\":\"https:\/\/letrame.com\/catalogo\/#organization\"},\"potentialAction\":[{\"@type\":\"SearchAction\",\"target\":{\"@type\":\"EntryPoint\",\"urlTemplate\":\"https:\/\/letrame.com\/catalogo\/?s={search_term_string}\"},\"query-input\":{\"@type\":\"PropertyValueSpecification\",\"valueRequired\":true,\"valueName\":\"search_term_string\"}}],\"inLanguage\":\"es\"},{\"@type\":\"Organization\",\"@id\":\"https:\/\/letrame.com\/catalogo\/#organization\",\"name\":\"Catalogo | Letrame Grupo Editorial\",\"url\":\"https:\/\/letrame.com\/catalogo\/\",\"logo\":{\"@type\":\"ImageObject\",\"inLanguage\":\"es\",\"@id\":\"https:\/\/letrame.com\/catalogo\/#\/schema\/logo\/image\/\",\"url\":\"https:\/\/letrame.com\/catalogo\/wp-content\/uploads\/2024\/03\/logo2.webp\",\"contentUrl\":\"https:\/\/letrame.com\/catalogo\/wp-content\/uploads\/2024\/03\/logo2.webp\",\"width\":394,\"height\":128,\"caption\":\"Catalogo | Letrame Grupo Editorial\"},\"image\":{\"@id\":\"https:\/\/letrame.com\/catalogo\/#\/schema\/logo\/image\/\"}}]}<\/script>\n<!-- \/ Yoast SEO plugin. -->","yoast_head_json":{"title":"Entrenamiento canino - Catalogo | Letrame Grupo Editorial","robots":{"index":"index","follow":"follow","max-snippet":"max-snippet:-1","max-image-preview":"max-image-preview:large","max-video-preview":"max-video-preview:-1"},"canonical":"https:\/\/letrame.com\/catalogo\/producto\/entrenamiento-canino\/","og_locale":"es_ES","og_type":"article","og_title":"Entrenamiento canino - Catalogo | Letrame Grupo Editorial","og_description":"ISBN: 9791370129941  SINOPSIS Desde tiempos inmemoriales, los perros han sido nuestros compa\u00f1eros m\u00e1s leales, compartiendo con nosotros un viaje evolutivo que los ha transformado de lobos salvajes a miembros esenciales de nuestras familias. Pero \u00bfqu\u00e9 hace que esta relaci\u00f3n sea tan especial? En Entrenamiento canino, el autor nos invita a explorar el v\u00ednculo \u00fanico entre humanos y perros, destacando c\u00f3mo la comprensi\u00f3n mutua y la comunicaci\u00f3n efectiva son los pilares fundamentales para construir una relaci\u00f3n armoniosa. Este libro no es solo una gu\u00eda de adiestramiento; es una traves\u00eda que combina ciencia, psicolog\u00eda y pr\u00e1ctica para ense\u00f1ar a los due\u00f1os a entender el lenguaje corporal, las emociones y los instintos de sus perros. A trav\u00e9s de teor\u00edas como el condicionamiento cl\u00e1sico, el operante y el enfoque emocional-cognitivo, el autor desentra\u00f1a los secretos detr\u00e1s del aprendizaje canino, mostrando c\u00f3mo nuestras acciones y emociones impactan directamente en el comportamiento de nuestros compa\u00f1eros de cuatro patas. Con ejercicios pr\u00e1cticos, consejos claros y un enfoque centrado en el respeto y la empat\u00eda, Entrenamiento canino no solo ense\u00f1a a los perros a obedecer \u00f3rdenes, sino que tambi\u00e9n transforma a los due\u00f1os en l\u00edderes amorosos y conscientes. Este libro es una herramienta indispensable para quienes desean fortalecer su conexi\u00f3n con sus perros, aprendiendo a comunicarse de manera efectiva y a disfrutar de una convivencia plena y enriquecedora.","og_url":"https:\/\/letrame.com\/catalogo\/producto\/entrenamiento-canino\/","og_site_name":"Catalogo | Letrame Grupo Editorial","og_image":[{"width":886,"height":1299,"url":"https:\/\/letrame.com\/catalogo\/wp-content\/uploads\/2026\/04\/entrenamientocanino_716mm4-1.jpg","type":"image\/jpeg"}],"twitter_card":"summary_large_image","twitter_misc":{"Tiempo de lectura":"2 minutos"},"schema":{"@context":"https:\/\/schema.org","@graph":[{"@type":"WebPage","@id":"https:\/\/letrame.com\/catalogo\/producto\/entrenamiento-canino\/","url":"https:\/\/letrame.com\/catalogo\/producto\/entrenamiento-canino\/","name":"Entrenamiento canino - Catalogo | Letrame Grupo Editorial","isPartOf":{"@id":"https:\/\/letrame.com\/catalogo\/#website"},"primaryImageOfPage":{"@id":"https:\/\/letrame.com\/catalogo\/producto\/entrenamiento-canino\/#primaryimage"},"image":{"@id":"https:\/\/letrame.com\/catalogo\/producto\/entrenamiento-canino\/#primaryimage"},"thumbnailUrl":"https:\/\/letrame.com\/catalogo\/wp-content\/uploads\/2026\/04\/entrenamientocanino_716mm4-1.jpg","datePublished":"2026-04-13T09:49:13+00:00","breadcrumb":{"@id":"https:\/\/letrame.com\/catalogo\/producto\/entrenamiento-canino\/#breadcrumb"},"inLanguage":"es","potentialAction":[{"@type":"ReadAction","target":["https:\/\/letrame.com\/catalogo\/producto\/entrenamiento-canino\/"]}]},{"@type":"ImageObject","inLanguage":"es","@id":"https:\/\/letrame.com\/catalogo\/producto\/entrenamiento-canino\/#primaryimage","url":"https:\/\/letrame.com\/catalogo\/wp-content\/uploads\/2026\/04\/entrenamientocanino_716mm4-1.jpg","contentUrl":"https:\/\/letrame.com\/catalogo\/wp-content\/uploads\/2026\/04\/entrenamientocanino_716mm4-1.jpg","width":886,"height":1299},{"@type":"BreadcrumbList","@id":"https:\/\/letrame.com\/catalogo\/producto\/entrenamiento-canino\/#breadcrumb","itemListElement":[{"@type":"ListItem","position":1,"name":"Portada","item":"https:\/\/letrame.com\/catalogo\/"},{"@type":"ListItem","position":2,"name":"Cat\u00e1logo","item":"https:\/\/letrame.com\/catalogo\/"},{"@type":"ListItem","position":3,"name":"Entrenamiento canino"}]},{"@type":"WebSite","@id":"https:\/\/letrame.com\/catalogo\/#website","url":"https:\/\/letrame.com\/catalogo\/","name":"Catalogo | Letrame Grupo Editorial","description":"","publisher":{"@id":"https:\/\/letrame.com\/catalogo\/#organization"},"potentialAction":[{"@type":"SearchAction","target":{"@type":"EntryPoint","urlTemplate":"https:\/\/letrame.com\/catalogo\/?s={search_term_string}"},"query-input":{"@type":"PropertyValueSpecification","valueRequired":true,"valueName":"search_term_string"}}],"inLanguage":"es"},{"@type":"Organization","@id":"https:\/\/letrame.com\/catalogo\/#organization","name":"Catalogo | Letrame Grupo Editorial","url":"https:\/\/letrame.com\/catalogo\/","logo":{"@type":"ImageObject","inLanguage":"es","@id":"https:\/\/letrame.com\/catalogo\/#\/schema\/logo\/image\/","url":"https:\/\/letrame.com\/catalogo\/wp-content\/uploads\/2024\/03\/logo2.webp","contentUrl":"https:\/\/letrame.com\/catalogo\/wp-content\/uploads\/2024\/03\/logo2.webp","width":394,"height":128,"caption":"Catalogo | Letrame Grupo Editorial"},"image":{"@id":"https:\/\/letrame.com\/catalogo\/#\/schema\/logo\/image\/"}}]}},"_links":{"self":[{"href":"https:\/\/letrame.com\/catalogo\/wp-json\/wp\/v2\/product\/111857","targetHints":{"allow":["GET"]}}],"collection":[{"href":"https:\/\/letrame.com\/catalogo\/wp-json\/wp\/v2\/product"}],"about":[{"href":"https:\/\/letrame.com\/catalogo\/wp-json\/wp\/v2\/types\/product"}],"replies":[{"embeddable":true,"href":"https:\/\/letrame.com\/catalogo\/wp-json\/wp\/v2\/comments?post=111857"}],"acf:post":[{"embeddable":true,"href":"https:\/\/letrame.com\/catalogo\/wp-json\/wp\/v2\/author_book\/111858"}],"wp:featuredmedia":[{"embeddable":true,"href":"https:\/\/letrame.com\/catalogo\/wp-json\/wp\/v2\/media\/111860"}],"wp:attachment":[{"href":"https:\/\/letrame.com\/catalogo\/wp-json\/wp\/v2\/media?parent=111857"}],"wp:term":[{"taxonomy":"libro","embeddable":true,"href":"https:\/\/letrame.com\/catalogo\/wp-json\/wp\/v2\/libro?post=111857"},{"taxonomy":"product_brand","embeddable":true,"href":"https:\/\/letrame.com\/catalogo\/wp-json\/wp\/v2\/product_brand?post=111857"},{"taxonomy":"product_cat","embeddable":true,"href":"https:\/\/letrame.com\/catalogo\/wp-json\/wp\/v2\/product_cat?post=111857"},{"taxonomy":"product_tag","embeddable":true,"href":"https:\/\/letrame.com\/catalogo\/wp-json\/wp\/v2\/product_tag?post=111857"}],"curies":[{"name":"wp","href":"https:\/\/api.w.org\/{rel}","templated":true}]}}