{"id":111848,"date":"2026-04-13T11:38:12","date_gmt":"2026-04-13T09:38:12","guid":{"rendered":"https:\/\/letrame.com\/catalogo\/?post_type=product&#038;p=111848"},"modified":"2026-04-13T11:38:13","modified_gmt":"2026-04-13T09:38:13","slug":"runarik","status":"publish","type":"product","link":"https:\/\/letrame.com\/catalogo\/producto\/runarik\/","title":{"rendered":"Runarik"},"content":{"rendered":"<p><strong>ISBN: 9791370295967<\/strong><br \/>\n<strong>T\u00edtulo: Runarik<\/strong><br \/>\n<strong>Fecha: 2025<\/strong><br \/>\n<strong>P\u00e1ginas: 252<\/strong><\/p>\n<p><strong>SINOPSIS<\/strong><\/p>\n<p data-start=\"0\" data-end=\"320\">Hannah ha vivido toda su vida en un refugio militar, entrenada para sobrevivir a los storek, criaturas salvajes que arrasan las calles cada noche. Pero cuando un ataque la deja inconsciente, algo imposible sucede: la sangre de un vampiro ancestral, Darek, responde a la suya como si ambos compartieran un lazo prohibido.<\/p>\n<p data-start=\"322\" data-end=\"563\">Desde ese momento, Hannah empieza a escuchar una voz oscura dentro de su mente, su cuerpo cambia y el secreto que oculta podr\u00eda condenarla. Mientras trata de proteger a los suyos y esconder la mordedura que podr\u00eda convertirla en un monstruo.<\/p>\n<p data-start=\"565\" data-end=\"913\" data-is-last-node=\"\" data-is-only-node=\"\">Darek inicia una b\u00fasqueda desesperada. \u00c9l sabe que ella no es una humana cualquiera\u2026 y que su existencia puede alterar el equilibrio entre reinos. Perseguida por criaturas, deseos que no entiende y un destino que jam\u00e1s pidi\u00f3, Hannah deber\u00e1 descubrir qui\u00e9n, o qu\u00e9, es realmente. Porque su sangre puede salvarlos a todos\u2026 o desatar el fin de Runarik.<\/p>\n<p>&nbsp;<\/p>\n","protected":false},"excerpt":{"rendered":"<p><strong>ISBN: 9791370295967<\/strong><\/p>\n<p><strong>SINOPSIS<\/strong><\/p>\n<p data-start=\"0\" data-end=\"320\">Hannah ha vivido toda su vida en un refugio militar, entrenada para sobrevivir a los storek, criaturas salvajes que arrasan las calles cada noche. Pero cuando un ataque la deja inconsciente, algo imposible sucede: la sangre de un vampiro ancestral, Darek, responde a la suya como si ambos compartieran un lazo prohibido.<\/p>\n<p data-start=\"322\" data-end=\"563\">Desde ese momento, Hannah empieza a escuchar una voz oscura dentro de su mente, su cuerpo cambia y el secreto que oculta podr\u00eda condenarla. Mientras trata de proteger a los suyos y esconder la mordedura que podr\u00eda convertirla en un monstruo.<\/p>\n<p data-start=\"565\" data-end=\"913\" data-is-last-node=\"\" data-is-only-node=\"\">Darek inicia una b\u00fasqueda desesperada. \u00c9l sabe que ella no es una humana cualquiera\u2026 y que su existencia puede alterar el equilibrio entre reinos. Perseguida por criaturas, deseos que no entiende y un destino que jam\u00e1s pidi\u00f3, Hannah deber\u00e1 descubrir qui\u00e9n, o qu\u00e9, es realmente. Porque su sangre puede salvarlos a todos\u2026 o desatar el fin de Runarik.<\/p>\n<p>&nbsp;<\/p>\n","protected":false},"featured_media":111852,"comment_status":"open","ping_status":"closed","template":"","meta":{"_acf_changed":false},"libro":[],"product_brand":[],"product_cat":[118],"product_tag":[],"class_list":{"0":"post-111848","1":"product","2":"type-product","3":"status-publish","4":"has-post-thumbnail","6":"product_cat-fantasia","8":"first","9":"instock","10":"shipping-taxable","11":"product-type-simple"},"acf":{"autor":[111849],"enlace_de_compra":"https:\/\/amzn.to\/41tA7xW"},"yoast_head":"<!-- This site is optimized with the Yoast SEO plugin v26.6 - https:\/\/yoast.com\/wordpress\/plugins\/seo\/ -->\n<title>Runarik - Catalogo | Letrame Grupo Editorial<\/title>\n<meta name=\"robots\" content=\"index, follow, max-snippet:-1, max-image-preview:large, max-video-preview:-1\" \/>\n<link rel=\"canonical\" href=\"https:\/\/letrame.com\/catalogo\/producto\/runarik\/\" \/>\n<meta property=\"og:locale\" content=\"es_ES\" \/>\n<meta property=\"og:type\" content=\"article\" \/>\n<meta property=\"og:title\" content=\"Runarik - Catalogo | Letrame Grupo Editorial\" \/>\n<meta property=\"og:description\" content=\"ISBN: 9791370295967  SINOPSIS Hannah ha vivido toda su vida en un refugio militar, entrenada para sobrevivir a los storek, criaturas salvajes que arrasan las calles cada noche. Pero cuando un ataque la deja inconsciente, algo imposible sucede: la sangre de un vampiro ancestral, Darek, responde a la suya como si ambos compartieran un lazo prohibido. Desde ese momento, Hannah empieza a escuchar una voz oscura dentro de su mente, su cuerpo cambia y el secreto que oculta podr\u00eda condenarla. Mientras trata de proteger a los suyos y esconder la mordedura que podr\u00eda convertirla en un monstruo. Darek inicia una b\u00fasqueda desesperada. \u00c9l sabe que ella no es una humana cualquiera\u2026 y que su existencia puede alterar el equilibrio entre reinos. Perseguida por criaturas, deseos que no entiende y un destino que jam\u00e1s pidi\u00f3, Hannah deber\u00e1 descubrir qui\u00e9n, o qu\u00e9, es realmente. Porque su sangre puede salvarlos a todos\u2026 o desatar el fin de Runarik. &nbsp;\" \/>\n<meta property=\"og:url\" content=\"https:\/\/letrame.com\/catalogo\/producto\/runarik\/\" \/>\n<meta property=\"og:site_name\" content=\"Catalogo | Letrame Grupo Editorial\" \/>\n<meta property=\"article:modified_time\" content=\"2026-04-13T09:38:13+00:00\" \/>\n<meta property=\"og:image\" content=\"https:\/\/letrame.com\/catalogo\/wp-content\/uploads\/2026\/04\/runarik_1252mm4.jpg\" \/>\n\t<meta property=\"og:image:width\" content=\"620\" \/>\n\t<meta property=\"og:image:height\" content=\"909\" \/>\n\t<meta property=\"og:image:type\" content=\"image\/jpeg\" \/>\n<meta name=\"twitter:card\" content=\"summary_large_image\" \/>\n<meta name=\"twitter:label1\" content=\"Tiempo de lectura\" \/>\n\t<meta name=\"twitter:data1\" content=\"1 minuto\" \/>\n<script type=\"application\/ld+json\" class=\"yoast-schema-graph\">{\"@context\":\"https:\/\/schema.org\",\"@graph\":[{\"@type\":\"WebPage\",\"@id\":\"https:\/\/letrame.com\/catalogo\/producto\/runarik\/\",\"url\":\"https:\/\/letrame.com\/catalogo\/producto\/runarik\/\",\"name\":\"Runarik - Catalogo | Letrame Grupo Editorial\",\"isPartOf\":{\"@id\":\"https:\/\/letrame.com\/catalogo\/#website\"},\"primaryImageOfPage\":{\"@id\":\"https:\/\/letrame.com\/catalogo\/producto\/runarik\/#primaryimage\"},\"image\":{\"@id\":\"https:\/\/letrame.com\/catalogo\/producto\/runarik\/#primaryimage\"},\"thumbnailUrl\":\"https:\/\/letrame.com\/catalogo\/wp-content\/uploads\/2026\/04\/runarik_1252mm4.jpg\",\"datePublished\":\"2026-04-13T09:38:12+00:00\",\"dateModified\":\"2026-04-13T09:38:13+00:00\",\"breadcrumb\":{\"@id\":\"https:\/\/letrame.com\/catalogo\/producto\/runarik\/#breadcrumb\"},\"inLanguage\":\"es\",\"potentialAction\":[{\"@type\":\"ReadAction\",\"target\":[\"https:\/\/letrame.com\/catalogo\/producto\/runarik\/\"]}]},{\"@type\":\"ImageObject\",\"inLanguage\":\"es\",\"@id\":\"https:\/\/letrame.com\/catalogo\/producto\/runarik\/#primaryimage\",\"url\":\"https:\/\/letrame.com\/catalogo\/wp-content\/uploads\/2026\/04\/runarik_1252mm4.jpg\",\"contentUrl\":\"https:\/\/letrame.com\/catalogo\/wp-content\/uploads\/2026\/04\/runarik_1252mm4.jpg\",\"width\":620,\"height\":909},{\"@type\":\"BreadcrumbList\",\"@id\":\"https:\/\/letrame.com\/catalogo\/producto\/runarik\/#breadcrumb\",\"itemListElement\":[{\"@type\":\"ListItem\",\"position\":1,\"name\":\"Portada\",\"item\":\"https:\/\/letrame.com\/catalogo\/\"},{\"@type\":\"ListItem\",\"position\":2,\"name\":\"Cat\u00e1logo\",\"item\":\"https:\/\/letrame.com\/catalogo\/\"},{\"@type\":\"ListItem\",\"position\":3,\"name\":\"Runarik\"}]},{\"@type\":\"WebSite\",\"@id\":\"https:\/\/letrame.com\/catalogo\/#website\",\"url\":\"https:\/\/letrame.com\/catalogo\/\",\"name\":\"Catalogo | Letrame Grupo Editorial\",\"description\":\"\",\"publisher\":{\"@id\":\"https:\/\/letrame.com\/catalogo\/#organization\"},\"potentialAction\":[{\"@type\":\"SearchAction\",\"target\":{\"@type\":\"EntryPoint\",\"urlTemplate\":\"https:\/\/letrame.com\/catalogo\/?s={search_term_string}\"},\"query-input\":{\"@type\":\"PropertyValueSpecification\",\"valueRequired\":true,\"valueName\":\"search_term_string\"}}],\"inLanguage\":\"es\"},{\"@type\":\"Organization\",\"@id\":\"https:\/\/letrame.com\/catalogo\/#organization\",\"name\":\"Catalogo | Letrame Grupo Editorial\",\"url\":\"https:\/\/letrame.com\/catalogo\/\",\"logo\":{\"@type\":\"ImageObject\",\"inLanguage\":\"es\",\"@id\":\"https:\/\/letrame.com\/catalogo\/#\/schema\/logo\/image\/\",\"url\":\"https:\/\/letrame.com\/catalogo\/wp-content\/uploads\/2024\/03\/logo2.webp\",\"contentUrl\":\"https:\/\/letrame.com\/catalogo\/wp-content\/uploads\/2024\/03\/logo2.webp\",\"width\":394,\"height\":128,\"caption\":\"Catalogo | Letrame Grupo Editorial\"},\"image\":{\"@id\":\"https:\/\/letrame.com\/catalogo\/#\/schema\/logo\/image\/\"}}]}<\/script>\n<!-- \/ Yoast SEO plugin. -->","yoast_head_json":{"title":"Runarik - Catalogo | Letrame Grupo Editorial","robots":{"index":"index","follow":"follow","max-snippet":"max-snippet:-1","max-image-preview":"max-image-preview:large","max-video-preview":"max-video-preview:-1"},"canonical":"https:\/\/letrame.com\/catalogo\/producto\/runarik\/","og_locale":"es_ES","og_type":"article","og_title":"Runarik - Catalogo | Letrame Grupo Editorial","og_description":"ISBN: 9791370295967  SINOPSIS Hannah ha vivido toda su vida en un refugio militar, entrenada para sobrevivir a los storek, criaturas salvajes que arrasan las calles cada noche. Pero cuando un ataque la deja inconsciente, algo imposible sucede: la sangre de un vampiro ancestral, Darek, responde a la suya como si ambos compartieran un lazo prohibido. Desde ese momento, Hannah empieza a escuchar una voz oscura dentro de su mente, su cuerpo cambia y el secreto que oculta podr\u00eda condenarla. Mientras trata de proteger a los suyos y esconder la mordedura que podr\u00eda convertirla en un monstruo. Darek inicia una b\u00fasqueda desesperada. \u00c9l sabe que ella no es una humana cualquiera\u2026 y que su existencia puede alterar el equilibrio entre reinos. Perseguida por criaturas, deseos que no entiende y un destino que jam\u00e1s pidi\u00f3, Hannah deber\u00e1 descubrir qui\u00e9n, o qu\u00e9, es realmente. Porque su sangre puede salvarlos a todos\u2026 o desatar el fin de Runarik. &nbsp;","og_url":"https:\/\/letrame.com\/catalogo\/producto\/runarik\/","og_site_name":"Catalogo | Letrame Grupo Editorial","article_modified_time":"2026-04-13T09:38:13+00:00","og_image":[{"width":620,"height":909,"url":"https:\/\/letrame.com\/catalogo\/wp-content\/uploads\/2026\/04\/runarik_1252mm4.jpg","type":"image\/jpeg"}],"twitter_card":"summary_large_image","twitter_misc":{"Tiempo de lectura":"1 minuto"},"schema":{"@context":"https:\/\/schema.org","@graph":[{"@type":"WebPage","@id":"https:\/\/letrame.com\/catalogo\/producto\/runarik\/","url":"https:\/\/letrame.com\/catalogo\/producto\/runarik\/","name":"Runarik - Catalogo | Letrame Grupo Editorial","isPartOf":{"@id":"https:\/\/letrame.com\/catalogo\/#website"},"primaryImageOfPage":{"@id":"https:\/\/letrame.com\/catalogo\/producto\/runarik\/#primaryimage"},"image":{"@id":"https:\/\/letrame.com\/catalogo\/producto\/runarik\/#primaryimage"},"thumbnailUrl":"https:\/\/letrame.com\/catalogo\/wp-content\/uploads\/2026\/04\/runarik_1252mm4.jpg","datePublished":"2026-04-13T09:38:12+00:00","dateModified":"2026-04-13T09:38:13+00:00","breadcrumb":{"@id":"https:\/\/letrame.com\/catalogo\/producto\/runarik\/#breadcrumb"},"inLanguage":"es","potentialAction":[{"@type":"ReadAction","target":["https:\/\/letrame.com\/catalogo\/producto\/runarik\/"]}]},{"@type":"ImageObject","inLanguage":"es","@id":"https:\/\/letrame.com\/catalogo\/producto\/runarik\/#primaryimage","url":"https:\/\/letrame.com\/catalogo\/wp-content\/uploads\/2026\/04\/runarik_1252mm4.jpg","contentUrl":"https:\/\/letrame.com\/catalogo\/wp-content\/uploads\/2026\/04\/runarik_1252mm4.jpg","width":620,"height":909},{"@type":"BreadcrumbList","@id":"https:\/\/letrame.com\/catalogo\/producto\/runarik\/#breadcrumb","itemListElement":[{"@type":"ListItem","position":1,"name":"Portada","item":"https:\/\/letrame.com\/catalogo\/"},{"@type":"ListItem","position":2,"name":"Cat\u00e1logo","item":"https:\/\/letrame.com\/catalogo\/"},{"@type":"ListItem","position":3,"name":"Runarik"}]},{"@type":"WebSite","@id":"https:\/\/letrame.com\/catalogo\/#website","url":"https:\/\/letrame.com\/catalogo\/","name":"Catalogo | Letrame Grupo Editorial","description":"","publisher":{"@id":"https:\/\/letrame.com\/catalogo\/#organization"},"potentialAction":[{"@type":"SearchAction","target":{"@type":"EntryPoint","urlTemplate":"https:\/\/letrame.com\/catalogo\/?s={search_term_string}"},"query-input":{"@type":"PropertyValueSpecification","valueRequired":true,"valueName":"search_term_string"}}],"inLanguage":"es"},{"@type":"Organization","@id":"https:\/\/letrame.com\/catalogo\/#organization","name":"Catalogo | Letrame Grupo Editorial","url":"https:\/\/letrame.com\/catalogo\/","logo":{"@type":"ImageObject","inLanguage":"es","@id":"https:\/\/letrame.com\/catalogo\/#\/schema\/logo\/image\/","url":"https:\/\/letrame.com\/catalogo\/wp-content\/uploads\/2024\/03\/logo2.webp","contentUrl":"https:\/\/letrame.com\/catalogo\/wp-content\/uploads\/2024\/03\/logo2.webp","width":394,"height":128,"caption":"Catalogo | Letrame Grupo Editorial"},"image":{"@id":"https:\/\/letrame.com\/catalogo\/#\/schema\/logo\/image\/"}}]}},"_links":{"self":[{"href":"https:\/\/letrame.com\/catalogo\/wp-json\/wp\/v2\/product\/111848","targetHints":{"allow":["GET"]}}],"collection":[{"href":"https:\/\/letrame.com\/catalogo\/wp-json\/wp\/v2\/product"}],"about":[{"href":"https:\/\/letrame.com\/catalogo\/wp-json\/wp\/v2\/types\/product"}],"replies":[{"embeddable":true,"href":"https:\/\/letrame.com\/catalogo\/wp-json\/wp\/v2\/comments?post=111848"}],"acf:post":[{"embeddable":true,"href":"https:\/\/letrame.com\/catalogo\/wp-json\/wp\/v2\/author_book\/111849"}],"wp:featuredmedia":[{"embeddable":true,"href":"https:\/\/letrame.com\/catalogo\/wp-json\/wp\/v2\/media\/111852"}],"wp:attachment":[{"href":"https:\/\/letrame.com\/catalogo\/wp-json\/wp\/v2\/media?parent=111848"}],"wp:term":[{"taxonomy":"libro","embeddable":true,"href":"https:\/\/letrame.com\/catalogo\/wp-json\/wp\/v2\/libro?post=111848"},{"taxonomy":"product_brand","embeddable":true,"href":"https:\/\/letrame.com\/catalogo\/wp-json\/wp\/v2\/product_brand?post=111848"},{"taxonomy":"product_cat","embeddable":true,"href":"https:\/\/letrame.com\/catalogo\/wp-json\/wp\/v2\/product_cat?post=111848"},{"taxonomy":"product_tag","embeddable":true,"href":"https:\/\/letrame.com\/catalogo\/wp-json\/wp\/v2\/product_tag?post=111848"}],"curies":[{"name":"wp","href":"https:\/\/api.w.org\/{rel}","templated":true}]}}