{"id":111842,"date":"2026-04-13T11:29:34","date_gmt":"2026-04-13T09:29:34","guid":{"rendered":"https:\/\/letrame.com\/catalogo\/?post_type=product&#038;p=111842"},"modified":"2026-04-13T11:29:34","modified_gmt":"2026-04-13T09:29:34","slug":"mi-colegio-un-universo-de-aventuras","status":"publish","type":"product","link":"https:\/\/letrame.com\/catalogo\/producto\/mi-colegio-un-universo-de-aventuras\/","title":{"rendered":"Mi colegio, un universo de aventuras"},"content":{"rendered":"<p><strong>ISBN: 9791370295936<\/strong><br \/>\n<strong>T\u00edtulo: Mi colegio, un universo de aventuras<\/strong><br \/>\n<strong>Fecha: 2026<\/strong><br \/>\n<strong>P\u00e1ginas: 142<\/strong><\/p>\n<p><strong>SINOPSIS<\/strong><\/p>\n<p data-start=\"0\" data-end=\"273\">Un joven se desplaza desde un pueblo a la capital, con el prop\u00f3sito de continuar sus estudios. Se enfrenta a una serie de situaciones muy diferentes a las que estaba acostumbrado. Lucha por no dejarse llevar a vicios y malos h\u00e1bitos de algunos de sus compa\u00f1eros de estudio.<\/p>\n<p data-start=\"275\" data-end=\"366\">Finalmente, en medio de grandes dificultades, logra su objetivo de ser un gran profesional.<\/p>\n<p data-start=\"368\" data-end=\"966\">Por supuesto que yo odiaba la mentira. Mi madre hab\u00eda sido muy reiterativa en que no hay que mentir pudiendo decir la verdad. Pero en este caso, aunque la elecci\u00f3n no era f\u00e1cil, eleg\u00ed la mentira, eleg\u00ed salvar mi honra a costa de la vileza que significa el enga\u00f1o. No pod\u00eda contarle apartes de mi primer d\u00eda de clases, del due\u00f1o de la tienda, de Cazas, del refresco, de la huida, de los gritos: \u201c\u00a1ladrones, ladrones!\u201d. Nada de eso le iba a dar tranquilidad, por el contrario, lo llenar\u00eda de tristezas y de preocupaciones. Sent\u00ed entonces la necesidad de darle un parte de tranquilidad, y as\u00ed lo hice.<\/p>\n<p data-start=\"968\" data-end=\"1185\" data-is-last-node=\"\" data-is-only-node=\"\">\u2014Todo muy bien \u2014dije\u2014; el colegio muy bueno, al igual que los profesores y sobre todo los compa\u00f1eros. Me recibieron muy bien, me aceptaron y compart\u00ed con ellos muy buenos momentos. Fue incre\u00edble. La pas\u00e9 de maravilla.<\/p>\n","protected":false},"excerpt":{"rendered":"<p><strong>ISBN: 9791370295936<\/strong><\/p>\n<p><strong>SINOPSIS<\/strong><\/p>\n<p data-start=\"0\" data-end=\"273\">Un joven se desplaza desde un pueblo a la capital, con el prop\u00f3sito de continuar sus estudios. Se enfrenta a una serie de situaciones muy diferentes a las que estaba acostumbrado. Lucha por no dejarse llevar a vicios y malos h\u00e1bitos de algunos de sus compa\u00f1eros de estudio.<\/p>\n<p data-start=\"275\" data-end=\"366\">Finalmente, en medio de grandes dificultades, logra su objetivo de ser un gran profesional.<\/p>\n<p data-start=\"368\" data-end=\"966\">Por supuesto que yo odiaba la mentira. Mi madre hab\u00eda sido muy reiterativa en que no hay que mentir pudiendo decir la verdad. Pero en este caso, aunque la elecci\u00f3n no era f\u00e1cil, eleg\u00ed la mentira, eleg\u00ed salvar mi honra a costa de la vileza que significa el enga\u00f1o. No pod\u00eda contarle apartes de mi primer d\u00eda de clases, del due\u00f1o de la tienda, de Cazas, del refresco, de la huida, de los gritos: \u201c\u00a1ladrones, ladrones!\u201d. Nada de eso le iba a dar tranquilidad, por el contrario, lo llenar\u00eda de tristezas y de preocupaciones. Sent\u00ed entonces la necesidad de darle un parte de tranquilidad, y as\u00ed lo hice.<\/p>\n<p data-start=\"968\" data-end=\"1185\" data-is-last-node=\"\" data-is-only-node=\"\">\u2014Todo muy bien \u2014dije\u2014; el colegio muy bueno, al igual que los profesores y sobre todo los compa\u00f1eros. Me recibieron muy bien, me aceptaron y compart\u00ed con ellos muy buenos momentos. Fue incre\u00edble. La pas\u00e9 de maravilla.<\/p>\n","protected":false},"featured_media":111846,"comment_status":"open","ping_status":"closed","template":"","meta":{"_acf_changed":false},"libro":[],"product_brand":[],"product_cat":[17,134],"product_tag":[],"class_list":{"0":"post-111842","1":"product","2":"type-product","3":"status-publish","4":"has-post-thumbnail","6":"product_cat-infantil","7":"product_cat-juvenil","9":"first","10":"instock","11":"shipping-taxable","12":"product-type-simple"},"acf":{"autor":[111843],"enlace_de_compra":"https:\/\/amzn.to\/3PXoNaP"},"yoast_head":"<!-- This site is optimized with the Yoast SEO plugin v26.6 - https:\/\/yoast.com\/wordpress\/plugins\/seo\/ -->\n<title>Mi colegio, un universo de aventuras - Catalogo | Letrame Grupo Editorial<\/title>\n<meta name=\"robots\" content=\"index, follow, max-snippet:-1, max-image-preview:large, max-video-preview:-1\" \/>\n<link rel=\"canonical\" href=\"https:\/\/letrame.com\/catalogo\/producto\/mi-colegio-un-universo-de-aventuras\/\" \/>\n<meta property=\"og:locale\" content=\"es_ES\" \/>\n<meta property=\"og:type\" content=\"article\" \/>\n<meta property=\"og:title\" content=\"Mi colegio, un universo de aventuras - Catalogo | Letrame Grupo Editorial\" \/>\n<meta property=\"og:description\" content=\"ISBN: 9791370295936  SINOPSIS Un joven se desplaza desde un pueblo a la capital, con el prop\u00f3sito de continuar sus estudios. Se enfrenta a una serie de situaciones muy diferentes a las que estaba acostumbrado. Lucha por no dejarse llevar a vicios y malos h\u00e1bitos de algunos de sus compa\u00f1eros de estudio. Finalmente, en medio de grandes dificultades, logra su objetivo de ser un gran profesional. Por supuesto que yo odiaba la mentira. Mi madre hab\u00eda sido muy reiterativa en que no hay que mentir pudiendo decir la verdad. Pero en este caso, aunque la elecci\u00f3n no era f\u00e1cil, eleg\u00ed la mentira, eleg\u00ed salvar mi honra a costa de la vileza que significa el enga\u00f1o. No pod\u00eda contarle apartes de mi primer d\u00eda de clases, del due\u00f1o de la tienda, de Cazas, del refresco, de la huida, de los gritos: \u201c\u00a1ladrones, ladrones!\u201d. Nada de eso le iba a dar tranquilidad, por el contrario, lo llenar\u00eda de tristezas y de preocupaciones. Sent\u00ed entonces la necesidad de darle un parte de tranquilidad, y as\u00ed lo hice. \u2014Todo muy bien \u2014dije\u2014; el colegio muy bueno, al igual que los profesores y sobre todo los compa\u00f1eros. Me recibieron muy bien, me aceptaron y compart\u00ed con ellos muy buenos momentos. Fue incre\u00edble. La pas\u00e9 de maravilla.\" \/>\n<meta property=\"og:url\" content=\"https:\/\/letrame.com\/catalogo\/producto\/mi-colegio-un-universo-de-aventuras\/\" \/>\n<meta property=\"og:site_name\" content=\"Catalogo | Letrame Grupo Editorial\" \/>\n<meta property=\"og:image\" content=\"https:\/\/letrame.com\/catalogo\/wp-content\/uploads\/2026\/04\/micolegio_719mm4-1.jpg\" \/>\n\t<meta property=\"og:image:width\" content=\"709\" \/>\n\t<meta property=\"og:image:height\" content=\"1039\" \/>\n\t<meta property=\"og:image:type\" content=\"image\/jpeg\" \/>\n<meta name=\"twitter:card\" content=\"summary_large_image\" \/>\n<meta name=\"twitter:label1\" content=\"Tiempo de lectura\" \/>\n\t<meta name=\"twitter:data1\" content=\"2 minutos\" \/>\n<script type=\"application\/ld+json\" class=\"yoast-schema-graph\">{\"@context\":\"https:\/\/schema.org\",\"@graph\":[{\"@type\":\"WebPage\",\"@id\":\"https:\/\/letrame.com\/catalogo\/producto\/mi-colegio-un-universo-de-aventuras\/\",\"url\":\"https:\/\/letrame.com\/catalogo\/producto\/mi-colegio-un-universo-de-aventuras\/\",\"name\":\"Mi colegio, un universo de aventuras - Catalogo | Letrame Grupo Editorial\",\"isPartOf\":{\"@id\":\"https:\/\/letrame.com\/catalogo\/#website\"},\"primaryImageOfPage\":{\"@id\":\"https:\/\/letrame.com\/catalogo\/producto\/mi-colegio-un-universo-de-aventuras\/#primaryimage\"},\"image\":{\"@id\":\"https:\/\/letrame.com\/catalogo\/producto\/mi-colegio-un-universo-de-aventuras\/#primaryimage\"},\"thumbnailUrl\":\"https:\/\/letrame.com\/catalogo\/wp-content\/uploads\/2026\/04\/micolegio_719mm4-1.jpg\",\"datePublished\":\"2026-04-13T09:29:34+00:00\",\"breadcrumb\":{\"@id\":\"https:\/\/letrame.com\/catalogo\/producto\/mi-colegio-un-universo-de-aventuras\/#breadcrumb\"},\"inLanguage\":\"es\",\"potentialAction\":[{\"@type\":\"ReadAction\",\"target\":[\"https:\/\/letrame.com\/catalogo\/producto\/mi-colegio-un-universo-de-aventuras\/\"]}]},{\"@type\":\"ImageObject\",\"inLanguage\":\"es\",\"@id\":\"https:\/\/letrame.com\/catalogo\/producto\/mi-colegio-un-universo-de-aventuras\/#primaryimage\",\"url\":\"https:\/\/letrame.com\/catalogo\/wp-content\/uploads\/2026\/04\/micolegio_719mm4-1.jpg\",\"contentUrl\":\"https:\/\/letrame.com\/catalogo\/wp-content\/uploads\/2026\/04\/micolegio_719mm4-1.jpg\",\"width\":709,\"height\":1039},{\"@type\":\"BreadcrumbList\",\"@id\":\"https:\/\/letrame.com\/catalogo\/producto\/mi-colegio-un-universo-de-aventuras\/#breadcrumb\",\"itemListElement\":[{\"@type\":\"ListItem\",\"position\":1,\"name\":\"Portada\",\"item\":\"https:\/\/letrame.com\/catalogo\/\"},{\"@type\":\"ListItem\",\"position\":2,\"name\":\"Cat\u00e1logo\",\"item\":\"https:\/\/letrame.com\/catalogo\/\"},{\"@type\":\"ListItem\",\"position\":3,\"name\":\"Mi colegio, un universo de aventuras\"}]},{\"@type\":\"WebSite\",\"@id\":\"https:\/\/letrame.com\/catalogo\/#website\",\"url\":\"https:\/\/letrame.com\/catalogo\/\",\"name\":\"Catalogo | Letrame Grupo Editorial\",\"description\":\"\",\"publisher\":{\"@id\":\"https:\/\/letrame.com\/catalogo\/#organization\"},\"potentialAction\":[{\"@type\":\"SearchAction\",\"target\":{\"@type\":\"EntryPoint\",\"urlTemplate\":\"https:\/\/letrame.com\/catalogo\/?s={search_term_string}\"},\"query-input\":{\"@type\":\"PropertyValueSpecification\",\"valueRequired\":true,\"valueName\":\"search_term_string\"}}],\"inLanguage\":\"es\"},{\"@type\":\"Organization\",\"@id\":\"https:\/\/letrame.com\/catalogo\/#organization\",\"name\":\"Catalogo | Letrame Grupo Editorial\",\"url\":\"https:\/\/letrame.com\/catalogo\/\",\"logo\":{\"@type\":\"ImageObject\",\"inLanguage\":\"es\",\"@id\":\"https:\/\/letrame.com\/catalogo\/#\/schema\/logo\/image\/\",\"url\":\"https:\/\/letrame.com\/catalogo\/wp-content\/uploads\/2024\/03\/logo2.webp\",\"contentUrl\":\"https:\/\/letrame.com\/catalogo\/wp-content\/uploads\/2024\/03\/logo2.webp\",\"width\":394,\"height\":128,\"caption\":\"Catalogo | Letrame Grupo Editorial\"},\"image\":{\"@id\":\"https:\/\/letrame.com\/catalogo\/#\/schema\/logo\/image\/\"}}]}<\/script>\n<!-- \/ Yoast SEO plugin. -->","yoast_head_json":{"title":"Mi colegio, un universo de aventuras - Catalogo | Letrame Grupo Editorial","robots":{"index":"index","follow":"follow","max-snippet":"max-snippet:-1","max-image-preview":"max-image-preview:large","max-video-preview":"max-video-preview:-1"},"canonical":"https:\/\/letrame.com\/catalogo\/producto\/mi-colegio-un-universo-de-aventuras\/","og_locale":"es_ES","og_type":"article","og_title":"Mi colegio, un universo de aventuras - Catalogo | Letrame Grupo Editorial","og_description":"ISBN: 9791370295936  SINOPSIS Un joven se desplaza desde un pueblo a la capital, con el prop\u00f3sito de continuar sus estudios. Se enfrenta a una serie de situaciones muy diferentes a las que estaba acostumbrado. Lucha por no dejarse llevar a vicios y malos h\u00e1bitos de algunos de sus compa\u00f1eros de estudio. Finalmente, en medio de grandes dificultades, logra su objetivo de ser un gran profesional. Por supuesto que yo odiaba la mentira. Mi madre hab\u00eda sido muy reiterativa en que no hay que mentir pudiendo decir la verdad. Pero en este caso, aunque la elecci\u00f3n no era f\u00e1cil, eleg\u00ed la mentira, eleg\u00ed salvar mi honra a costa de la vileza que significa el enga\u00f1o. No pod\u00eda contarle apartes de mi primer d\u00eda de clases, del due\u00f1o de la tienda, de Cazas, del refresco, de la huida, de los gritos: \u201c\u00a1ladrones, ladrones!\u201d. Nada de eso le iba a dar tranquilidad, por el contrario, lo llenar\u00eda de tristezas y de preocupaciones. Sent\u00ed entonces la necesidad de darle un parte de tranquilidad, y as\u00ed lo hice. \u2014Todo muy bien \u2014dije\u2014; el colegio muy bueno, al igual que los profesores y sobre todo los compa\u00f1eros. Me recibieron muy bien, me aceptaron y compart\u00ed con ellos muy buenos momentos. Fue incre\u00edble. La pas\u00e9 de maravilla.","og_url":"https:\/\/letrame.com\/catalogo\/producto\/mi-colegio-un-universo-de-aventuras\/","og_site_name":"Catalogo | Letrame Grupo Editorial","og_image":[{"width":709,"height":1039,"url":"https:\/\/letrame.com\/catalogo\/wp-content\/uploads\/2026\/04\/micolegio_719mm4-1.jpg","type":"image\/jpeg"}],"twitter_card":"summary_large_image","twitter_misc":{"Tiempo de lectura":"2 minutos"},"schema":{"@context":"https:\/\/schema.org","@graph":[{"@type":"WebPage","@id":"https:\/\/letrame.com\/catalogo\/producto\/mi-colegio-un-universo-de-aventuras\/","url":"https:\/\/letrame.com\/catalogo\/producto\/mi-colegio-un-universo-de-aventuras\/","name":"Mi colegio, un universo de aventuras - Catalogo | Letrame Grupo Editorial","isPartOf":{"@id":"https:\/\/letrame.com\/catalogo\/#website"},"primaryImageOfPage":{"@id":"https:\/\/letrame.com\/catalogo\/producto\/mi-colegio-un-universo-de-aventuras\/#primaryimage"},"image":{"@id":"https:\/\/letrame.com\/catalogo\/producto\/mi-colegio-un-universo-de-aventuras\/#primaryimage"},"thumbnailUrl":"https:\/\/letrame.com\/catalogo\/wp-content\/uploads\/2026\/04\/micolegio_719mm4-1.jpg","datePublished":"2026-04-13T09:29:34+00:00","breadcrumb":{"@id":"https:\/\/letrame.com\/catalogo\/producto\/mi-colegio-un-universo-de-aventuras\/#breadcrumb"},"inLanguage":"es","potentialAction":[{"@type":"ReadAction","target":["https:\/\/letrame.com\/catalogo\/producto\/mi-colegio-un-universo-de-aventuras\/"]}]},{"@type":"ImageObject","inLanguage":"es","@id":"https:\/\/letrame.com\/catalogo\/producto\/mi-colegio-un-universo-de-aventuras\/#primaryimage","url":"https:\/\/letrame.com\/catalogo\/wp-content\/uploads\/2026\/04\/micolegio_719mm4-1.jpg","contentUrl":"https:\/\/letrame.com\/catalogo\/wp-content\/uploads\/2026\/04\/micolegio_719mm4-1.jpg","width":709,"height":1039},{"@type":"BreadcrumbList","@id":"https:\/\/letrame.com\/catalogo\/producto\/mi-colegio-un-universo-de-aventuras\/#breadcrumb","itemListElement":[{"@type":"ListItem","position":1,"name":"Portada","item":"https:\/\/letrame.com\/catalogo\/"},{"@type":"ListItem","position":2,"name":"Cat\u00e1logo","item":"https:\/\/letrame.com\/catalogo\/"},{"@type":"ListItem","position":3,"name":"Mi colegio, un universo de aventuras"}]},{"@type":"WebSite","@id":"https:\/\/letrame.com\/catalogo\/#website","url":"https:\/\/letrame.com\/catalogo\/","name":"Catalogo | Letrame Grupo Editorial","description":"","publisher":{"@id":"https:\/\/letrame.com\/catalogo\/#organization"},"potentialAction":[{"@type":"SearchAction","target":{"@type":"EntryPoint","urlTemplate":"https:\/\/letrame.com\/catalogo\/?s={search_term_string}"},"query-input":{"@type":"PropertyValueSpecification","valueRequired":true,"valueName":"search_term_string"}}],"inLanguage":"es"},{"@type":"Organization","@id":"https:\/\/letrame.com\/catalogo\/#organization","name":"Catalogo | Letrame Grupo Editorial","url":"https:\/\/letrame.com\/catalogo\/","logo":{"@type":"ImageObject","inLanguage":"es","@id":"https:\/\/letrame.com\/catalogo\/#\/schema\/logo\/image\/","url":"https:\/\/letrame.com\/catalogo\/wp-content\/uploads\/2024\/03\/logo2.webp","contentUrl":"https:\/\/letrame.com\/catalogo\/wp-content\/uploads\/2024\/03\/logo2.webp","width":394,"height":128,"caption":"Catalogo | Letrame Grupo Editorial"},"image":{"@id":"https:\/\/letrame.com\/catalogo\/#\/schema\/logo\/image\/"}}]}},"_links":{"self":[{"href":"https:\/\/letrame.com\/catalogo\/wp-json\/wp\/v2\/product\/111842","targetHints":{"allow":["GET"]}}],"collection":[{"href":"https:\/\/letrame.com\/catalogo\/wp-json\/wp\/v2\/product"}],"about":[{"href":"https:\/\/letrame.com\/catalogo\/wp-json\/wp\/v2\/types\/product"}],"replies":[{"embeddable":true,"href":"https:\/\/letrame.com\/catalogo\/wp-json\/wp\/v2\/comments?post=111842"}],"acf:post":[{"embeddable":true,"href":"https:\/\/letrame.com\/catalogo\/wp-json\/wp\/v2\/author_book\/111843"}],"wp:featuredmedia":[{"embeddable":true,"href":"https:\/\/letrame.com\/catalogo\/wp-json\/wp\/v2\/media\/111846"}],"wp:attachment":[{"href":"https:\/\/letrame.com\/catalogo\/wp-json\/wp\/v2\/media?parent=111842"}],"wp:term":[{"taxonomy":"libro","embeddable":true,"href":"https:\/\/letrame.com\/catalogo\/wp-json\/wp\/v2\/libro?post=111842"},{"taxonomy":"product_brand","embeddable":true,"href":"https:\/\/letrame.com\/catalogo\/wp-json\/wp\/v2\/product_brand?post=111842"},{"taxonomy":"product_cat","embeddable":true,"href":"https:\/\/letrame.com\/catalogo\/wp-json\/wp\/v2\/product_cat?post=111842"},{"taxonomy":"product_tag","embeddable":true,"href":"https:\/\/letrame.com\/catalogo\/wp-json\/wp\/v2\/product_tag?post=111842"}],"curies":[{"name":"wp","href":"https:\/\/api.w.org\/{rel}","templated":true}]}}