{"id":111837,"date":"2026-04-13T11:21:45","date_gmt":"2026-04-13T09:21:45","guid":{"rendered":"https:\/\/letrame.com\/catalogo\/?post_type=product&#038;p=111837"},"modified":"2026-04-13T11:21:45","modified_gmt":"2026-04-13T09:21:45","slug":"corazon-inquebrantable","status":"publish","type":"product","link":"https:\/\/letrame.com\/catalogo\/producto\/corazon-inquebrantable\/","title":{"rendered":"Coraz\u00f3n inquebrantable"},"content":{"rendered":"<p><strong>ISBN: 9791370294823<\/strong><br \/>\n<strong>T\u00edtulo: Coraz\u00f3n inquebrantable<\/strong><br \/>\n<strong>Fecha: 2025<\/strong><br \/>\n<strong>P\u00e1ginas: 780<\/strong><\/p>\n<p><strong>SINOPSIS<\/strong><\/p>\n<p data-start=\"0\" data-end=\"234\">Cuando el mundo call\u00f3, no hubo estruendo. Solo el eco de lo que alguna vez fuimos. Las ciudades se convirtieron en cementerios y los sobrevivientes en sombras. El sol se apag\u00f3 para siempre sobre la ciudad que nunca duerme, Nueva York.<\/p>\n<p data-start=\"236\" data-end=\"998\">Aaron Eckhart, un joven marcado por la p\u00e9rdida y el dolor, busca refugio entre ruinas, donde el miedo y la culpa son tan letales como la misteriosa enfermedad que se propaga y devora a la humanidad. Entre los restos del orden, surge el TARC, una organizaci\u00f3n que promete restaurar el control, pero cuyas manos est\u00e1n manchadas por el sacrificio de los inocentes. Mientras tanto, un grupo de sobrevivientes, liderado por el enigm\u00e1tico Connor Bryce, intenta mantener viva una chispa de esperanza, enfrent\u00e1ndose a militares, fan\u00e1ticos y a sus propios fantasmas. En un mundo donde cada decisi\u00f3n cuesta sangre, Aaron descubrir\u00e1 que sobrevivir no siempre significa estar vivo&#8230; y que, incluso entre las cenizas, algunos a\u00fan pueden recordar lo que significa ser humano.<\/p>\n<p data-start=\"1000\" data-end=\"1122\" data-is-last-node=\"\" data-is-only-node=\"\">Y tal vez, entre los que a\u00fan caminan, nazca la \u00faltima verdad del hombre: que no hay luz sin sombra, ni futuro sin memoria.<\/p>\n","protected":false},"excerpt":{"rendered":"<p><strong>ISBN: 9791370294823<\/strong><\/p>\n<p><strong>SINOPSIS<\/strong><\/p>\n<p data-start=\"0\" data-end=\"234\">Cuando el mundo call\u00f3, no hubo estruendo. Solo el eco de lo que alguna vez fuimos. Las ciudades se convirtieron en cementerios y los sobrevivientes en sombras. El sol se apag\u00f3 para siempre sobre la ciudad que nunca duerme, Nueva York.<\/p>\n<p data-start=\"236\" data-end=\"998\">Aaron Eckhart, un joven marcado por la p\u00e9rdida y el dolor, busca refugio entre ruinas, donde el miedo y la culpa son tan letales como la misteriosa enfermedad que se propaga y devora a la humanidad. Entre los restos del orden, surge el TARC, una organizaci\u00f3n que promete restaurar el control, pero cuyas manos est\u00e1n manchadas por el sacrificio de los inocentes. Mientras tanto, un grupo de sobrevivientes, liderado por el enigm\u00e1tico Connor Bryce, intenta mantener viva una chispa de esperanza, enfrent\u00e1ndose a militares, fan\u00e1ticos y a sus propios fantasmas. En un mundo donde cada decisi\u00f3n cuesta sangre, Aaron descubrir\u00e1 que sobrevivir no siempre significa estar vivo&#8230; y que, incluso entre las cenizas, algunos a\u00fan pueden recordar lo que significa ser humano.<\/p>\n<p data-start=\"1000\" data-end=\"1122\" data-is-last-node=\"\" data-is-only-node=\"\">Y tal vez, entre los que a\u00fan caminan, nazca la \u00faltima verdad del hombre: que no hay luz sin sombra, ni futuro sin memoria.<\/p>\n","protected":false},"featured_media":111841,"comment_status":"open","ping_status":"closed","template":"","meta":{"_acf_changed":false},"libro":[],"product_brand":[],"product_cat":[141],"product_tag":[],"class_list":{"0":"post-111837","1":"product","2":"type-product","3":"status-publish","4":"has-post-thumbnail","6":"product_cat-ficcion","8":"first","9":"instock","10":"shipping-taxable","11":"product-type-simple"},"acf":{"autor":[111838],"enlace_de_compra":"https:\/\/amzn.to\/4c3F1aU"},"yoast_head":"<!-- This site is optimized with the Yoast SEO plugin v26.6 - https:\/\/yoast.com\/wordpress\/plugins\/seo\/ -->\n<title>Coraz\u00f3n inquebrantable - Catalogo | Letrame Grupo Editorial<\/title>\n<meta name=\"robots\" content=\"index, follow, max-snippet:-1, max-image-preview:large, max-video-preview:-1\" \/>\n<link rel=\"canonical\" href=\"https:\/\/letrame.com\/catalogo\/producto\/corazon-inquebrantable\/\" \/>\n<meta property=\"og:locale\" content=\"es_ES\" \/>\n<meta property=\"og:type\" content=\"article\" \/>\n<meta property=\"og:title\" content=\"Coraz\u00f3n inquebrantable - Catalogo | Letrame Grupo Editorial\" \/>\n<meta property=\"og:description\" content=\"ISBN: 9791370294823  SINOPSIS Cuando el mundo call\u00f3, no hubo estruendo. Solo el eco de lo que alguna vez fuimos. Las ciudades se convirtieron en cementerios y los sobrevivientes en sombras. El sol se apag\u00f3 para siempre sobre la ciudad que nunca duerme, Nueva York. Aaron Eckhart, un joven marcado por la p\u00e9rdida y el dolor, busca refugio entre ruinas, donde el miedo y la culpa son tan letales como la misteriosa enfermedad que se propaga y devora a la humanidad. Entre los restos del orden, surge el TARC, una organizaci\u00f3n que promete restaurar el control, pero cuyas manos est\u00e1n manchadas por el sacrificio de los inocentes. Mientras tanto, un grupo de sobrevivientes, liderado por el enigm\u00e1tico Connor Bryce, intenta mantener viva una chispa de esperanza, enfrent\u00e1ndose a militares, fan\u00e1ticos y a sus propios fantasmas. En un mundo donde cada decisi\u00f3n cuesta sangre, Aaron descubrir\u00e1 que sobrevivir no siempre significa estar vivo... y que, incluso entre las cenizas, algunos a\u00fan pueden recordar lo que significa ser humano. Y tal vez, entre los que a\u00fan caminan, nazca la \u00faltima verdad del hombre: que no hay luz sin sombra, ni futuro sin memoria.\" \/>\n<meta property=\"og:url\" content=\"https:\/\/letrame.com\/catalogo\/producto\/corazon-inquebrantable\/\" \/>\n<meta property=\"og:site_name\" content=\"Catalogo | Letrame Grupo Editorial\" \/>\n<meta property=\"og:image\" content=\"https:\/\/letrame.com\/catalogo\/wp-content\/uploads\/2026\/04\/corazoninquebrantable_3813mm4.jpg\" \/>\n\t<meta property=\"og:image:width\" content=\"703\" \/>\n\t<meta property=\"og:image:height\" content=\"992\" \/>\n\t<meta property=\"og:image:type\" content=\"image\/jpeg\" \/>\n<meta name=\"twitter:card\" content=\"summary_large_image\" \/>\n<meta name=\"twitter:label1\" content=\"Tiempo de lectura\" \/>\n\t<meta name=\"twitter:data1\" content=\"1 minuto\" \/>\n<script type=\"application\/ld+json\" class=\"yoast-schema-graph\">{\"@context\":\"https:\/\/schema.org\",\"@graph\":[{\"@type\":\"WebPage\",\"@id\":\"https:\/\/letrame.com\/catalogo\/producto\/corazon-inquebrantable\/\",\"url\":\"https:\/\/letrame.com\/catalogo\/producto\/corazon-inquebrantable\/\",\"name\":\"Coraz\u00f3n inquebrantable - Catalogo | Letrame Grupo Editorial\",\"isPartOf\":{\"@id\":\"https:\/\/letrame.com\/catalogo\/#website\"},\"primaryImageOfPage\":{\"@id\":\"https:\/\/letrame.com\/catalogo\/producto\/corazon-inquebrantable\/#primaryimage\"},\"image\":{\"@id\":\"https:\/\/letrame.com\/catalogo\/producto\/corazon-inquebrantable\/#primaryimage\"},\"thumbnailUrl\":\"https:\/\/letrame.com\/catalogo\/wp-content\/uploads\/2026\/04\/corazoninquebrantable_3813mm4.jpg\",\"datePublished\":\"2026-04-13T09:21:45+00:00\",\"breadcrumb\":{\"@id\":\"https:\/\/letrame.com\/catalogo\/producto\/corazon-inquebrantable\/#breadcrumb\"},\"inLanguage\":\"es\",\"potentialAction\":[{\"@type\":\"ReadAction\",\"target\":[\"https:\/\/letrame.com\/catalogo\/producto\/corazon-inquebrantable\/\"]}]},{\"@type\":\"ImageObject\",\"inLanguage\":\"es\",\"@id\":\"https:\/\/letrame.com\/catalogo\/producto\/corazon-inquebrantable\/#primaryimage\",\"url\":\"https:\/\/letrame.com\/catalogo\/wp-content\/uploads\/2026\/04\/corazoninquebrantable_3813mm4.jpg\",\"contentUrl\":\"https:\/\/letrame.com\/catalogo\/wp-content\/uploads\/2026\/04\/corazoninquebrantable_3813mm4.jpg\",\"width\":703,\"height\":992},{\"@type\":\"BreadcrumbList\",\"@id\":\"https:\/\/letrame.com\/catalogo\/producto\/corazon-inquebrantable\/#breadcrumb\",\"itemListElement\":[{\"@type\":\"ListItem\",\"position\":1,\"name\":\"Portada\",\"item\":\"https:\/\/letrame.com\/catalogo\/\"},{\"@type\":\"ListItem\",\"position\":2,\"name\":\"Cat\u00e1logo\",\"item\":\"https:\/\/letrame.com\/catalogo\/\"},{\"@type\":\"ListItem\",\"position\":3,\"name\":\"Coraz\u00f3n inquebrantable\"}]},{\"@type\":\"WebSite\",\"@id\":\"https:\/\/letrame.com\/catalogo\/#website\",\"url\":\"https:\/\/letrame.com\/catalogo\/\",\"name\":\"Catalogo | Letrame Grupo Editorial\",\"description\":\"\",\"publisher\":{\"@id\":\"https:\/\/letrame.com\/catalogo\/#organization\"},\"potentialAction\":[{\"@type\":\"SearchAction\",\"target\":{\"@type\":\"EntryPoint\",\"urlTemplate\":\"https:\/\/letrame.com\/catalogo\/?s={search_term_string}\"},\"query-input\":{\"@type\":\"PropertyValueSpecification\",\"valueRequired\":true,\"valueName\":\"search_term_string\"}}],\"inLanguage\":\"es\"},{\"@type\":\"Organization\",\"@id\":\"https:\/\/letrame.com\/catalogo\/#organization\",\"name\":\"Catalogo | Letrame Grupo Editorial\",\"url\":\"https:\/\/letrame.com\/catalogo\/\",\"logo\":{\"@type\":\"ImageObject\",\"inLanguage\":\"es\",\"@id\":\"https:\/\/letrame.com\/catalogo\/#\/schema\/logo\/image\/\",\"url\":\"https:\/\/letrame.com\/catalogo\/wp-content\/uploads\/2024\/03\/logo2.webp\",\"contentUrl\":\"https:\/\/letrame.com\/catalogo\/wp-content\/uploads\/2024\/03\/logo2.webp\",\"width\":394,\"height\":128,\"caption\":\"Catalogo | Letrame Grupo Editorial\"},\"image\":{\"@id\":\"https:\/\/letrame.com\/catalogo\/#\/schema\/logo\/image\/\"}}]}<\/script>\n<!-- \/ Yoast SEO plugin. -->","yoast_head_json":{"title":"Coraz\u00f3n inquebrantable - Catalogo | Letrame Grupo Editorial","robots":{"index":"index","follow":"follow","max-snippet":"max-snippet:-1","max-image-preview":"max-image-preview:large","max-video-preview":"max-video-preview:-1"},"canonical":"https:\/\/letrame.com\/catalogo\/producto\/corazon-inquebrantable\/","og_locale":"es_ES","og_type":"article","og_title":"Coraz\u00f3n inquebrantable - Catalogo | Letrame Grupo Editorial","og_description":"ISBN: 9791370294823  SINOPSIS Cuando el mundo call\u00f3, no hubo estruendo. Solo el eco de lo que alguna vez fuimos. Las ciudades se convirtieron en cementerios y los sobrevivientes en sombras. El sol se apag\u00f3 para siempre sobre la ciudad que nunca duerme, Nueva York. Aaron Eckhart, un joven marcado por la p\u00e9rdida y el dolor, busca refugio entre ruinas, donde el miedo y la culpa son tan letales como la misteriosa enfermedad que se propaga y devora a la humanidad. Entre los restos del orden, surge el TARC, una organizaci\u00f3n que promete restaurar el control, pero cuyas manos est\u00e1n manchadas por el sacrificio de los inocentes. Mientras tanto, un grupo de sobrevivientes, liderado por el enigm\u00e1tico Connor Bryce, intenta mantener viva una chispa de esperanza, enfrent\u00e1ndose a militares, fan\u00e1ticos y a sus propios fantasmas. En un mundo donde cada decisi\u00f3n cuesta sangre, Aaron descubrir\u00e1 que sobrevivir no siempre significa estar vivo... y que, incluso entre las cenizas, algunos a\u00fan pueden recordar lo que significa ser humano. Y tal vez, entre los que a\u00fan caminan, nazca la \u00faltima verdad del hombre: que no hay luz sin sombra, ni futuro sin memoria.","og_url":"https:\/\/letrame.com\/catalogo\/producto\/corazon-inquebrantable\/","og_site_name":"Catalogo | Letrame Grupo Editorial","og_image":[{"width":703,"height":992,"url":"https:\/\/letrame.com\/catalogo\/wp-content\/uploads\/2026\/04\/corazoninquebrantable_3813mm4.jpg","type":"image\/jpeg"}],"twitter_card":"summary_large_image","twitter_misc":{"Tiempo de lectura":"1 minuto"},"schema":{"@context":"https:\/\/schema.org","@graph":[{"@type":"WebPage","@id":"https:\/\/letrame.com\/catalogo\/producto\/corazon-inquebrantable\/","url":"https:\/\/letrame.com\/catalogo\/producto\/corazon-inquebrantable\/","name":"Coraz\u00f3n inquebrantable - Catalogo | Letrame Grupo Editorial","isPartOf":{"@id":"https:\/\/letrame.com\/catalogo\/#website"},"primaryImageOfPage":{"@id":"https:\/\/letrame.com\/catalogo\/producto\/corazon-inquebrantable\/#primaryimage"},"image":{"@id":"https:\/\/letrame.com\/catalogo\/producto\/corazon-inquebrantable\/#primaryimage"},"thumbnailUrl":"https:\/\/letrame.com\/catalogo\/wp-content\/uploads\/2026\/04\/corazoninquebrantable_3813mm4.jpg","datePublished":"2026-04-13T09:21:45+00:00","breadcrumb":{"@id":"https:\/\/letrame.com\/catalogo\/producto\/corazon-inquebrantable\/#breadcrumb"},"inLanguage":"es","potentialAction":[{"@type":"ReadAction","target":["https:\/\/letrame.com\/catalogo\/producto\/corazon-inquebrantable\/"]}]},{"@type":"ImageObject","inLanguage":"es","@id":"https:\/\/letrame.com\/catalogo\/producto\/corazon-inquebrantable\/#primaryimage","url":"https:\/\/letrame.com\/catalogo\/wp-content\/uploads\/2026\/04\/corazoninquebrantable_3813mm4.jpg","contentUrl":"https:\/\/letrame.com\/catalogo\/wp-content\/uploads\/2026\/04\/corazoninquebrantable_3813mm4.jpg","width":703,"height":992},{"@type":"BreadcrumbList","@id":"https:\/\/letrame.com\/catalogo\/producto\/corazon-inquebrantable\/#breadcrumb","itemListElement":[{"@type":"ListItem","position":1,"name":"Portada","item":"https:\/\/letrame.com\/catalogo\/"},{"@type":"ListItem","position":2,"name":"Cat\u00e1logo","item":"https:\/\/letrame.com\/catalogo\/"},{"@type":"ListItem","position":3,"name":"Coraz\u00f3n inquebrantable"}]},{"@type":"WebSite","@id":"https:\/\/letrame.com\/catalogo\/#website","url":"https:\/\/letrame.com\/catalogo\/","name":"Catalogo | Letrame Grupo Editorial","description":"","publisher":{"@id":"https:\/\/letrame.com\/catalogo\/#organization"},"potentialAction":[{"@type":"SearchAction","target":{"@type":"EntryPoint","urlTemplate":"https:\/\/letrame.com\/catalogo\/?s={search_term_string}"},"query-input":{"@type":"PropertyValueSpecification","valueRequired":true,"valueName":"search_term_string"}}],"inLanguage":"es"},{"@type":"Organization","@id":"https:\/\/letrame.com\/catalogo\/#organization","name":"Catalogo | Letrame Grupo Editorial","url":"https:\/\/letrame.com\/catalogo\/","logo":{"@type":"ImageObject","inLanguage":"es","@id":"https:\/\/letrame.com\/catalogo\/#\/schema\/logo\/image\/","url":"https:\/\/letrame.com\/catalogo\/wp-content\/uploads\/2024\/03\/logo2.webp","contentUrl":"https:\/\/letrame.com\/catalogo\/wp-content\/uploads\/2024\/03\/logo2.webp","width":394,"height":128,"caption":"Catalogo | Letrame Grupo Editorial"},"image":{"@id":"https:\/\/letrame.com\/catalogo\/#\/schema\/logo\/image\/"}}]}},"_links":{"self":[{"href":"https:\/\/letrame.com\/catalogo\/wp-json\/wp\/v2\/product\/111837","targetHints":{"allow":["GET"]}}],"collection":[{"href":"https:\/\/letrame.com\/catalogo\/wp-json\/wp\/v2\/product"}],"about":[{"href":"https:\/\/letrame.com\/catalogo\/wp-json\/wp\/v2\/types\/product"}],"replies":[{"embeddable":true,"href":"https:\/\/letrame.com\/catalogo\/wp-json\/wp\/v2\/comments?post=111837"}],"acf:post":[{"embeddable":true,"href":"https:\/\/letrame.com\/catalogo\/wp-json\/wp\/v2\/author_book\/111838"}],"wp:featuredmedia":[{"embeddable":true,"href":"https:\/\/letrame.com\/catalogo\/wp-json\/wp\/v2\/media\/111841"}],"wp:attachment":[{"href":"https:\/\/letrame.com\/catalogo\/wp-json\/wp\/v2\/media?parent=111837"}],"wp:term":[{"taxonomy":"libro","embeddable":true,"href":"https:\/\/letrame.com\/catalogo\/wp-json\/wp\/v2\/libro?post=111837"},{"taxonomy":"product_brand","embeddable":true,"href":"https:\/\/letrame.com\/catalogo\/wp-json\/wp\/v2\/product_brand?post=111837"},{"taxonomy":"product_cat","embeddable":true,"href":"https:\/\/letrame.com\/catalogo\/wp-json\/wp\/v2\/product_cat?post=111837"},{"taxonomy":"product_tag","embeddable":true,"href":"https:\/\/letrame.com\/catalogo\/wp-json\/wp\/v2\/product_tag?post=111837"}],"curies":[{"name":"wp","href":"https:\/\/api.w.org\/{rel}","templated":true}]}}