{"id":111833,"date":"2026-04-13T11:07:57","date_gmt":"2026-04-13T09:07:57","guid":{"rendered":"https:\/\/letrame.com\/catalogo\/?post_type=product&#038;p=111833"},"modified":"2026-04-13T11:07:58","modified_gmt":"2026-04-13T09:07:58","slug":"apocalipsis-solar","status":"publish","type":"product","link":"https:\/\/letrame.com\/catalogo\/producto\/apocalipsis-solar\/","title":{"rendered":"Apocalipsis solar"},"content":{"rendered":"<p><strong>ISBN: 9791370295011<\/strong><br \/>\n<strong>T\u00edtulo: Apocalipsis solar<\/strong><br \/>\n<strong>Fecha: 2025<\/strong><br \/>\n<strong>P\u00e1ginas: 240<\/strong><\/p>\n<p><strong>SINOPSIS<\/strong><\/p>\n<p data-start=\"0\" data-end=\"399\">Un d\u00eda como cualquier otro, no sale el sol y la Tierra comienza a vivir en la oscuridad. Baja la temperatura, se detiene la fotos\u00edntesis, escasean los alimentos, mueren los animales, primero los de sangre fr\u00eda, se hielan los r\u00edos y los mares, se acaban los combustibles y se detiene el tr\u00e1nsito a\u00e9reo y el de los autom\u00f3viles, los humanos comienzan a mostrar, unos, sus grandezas; otros, su peque\u00f1ez.<\/p>\n<p data-start=\"401\" data-end=\"958\"><em data-start=\"401\" data-end=\"420\">Apocalipsis solar<\/em> es una sobrecogedora novela que parte de una premisa simple pero aterradora: una ma\u00f1ana, la humanidad despierta y descubre que el sol no ha salido. Sin explicaci\u00f3n alguna, el planeta comienza a enfriarse con rapidez. En cuesti\u00f3n de d\u00edas, los primeros signos del desastre son claros: el descenso brusco de las temperaturas, animales que fallecen congelados, lagos y oc\u00e9anos que se convierten en hielo s\u00f3lido, la imposibilidad de la gente de retornar a sus hogares, el cese de la fotos\u00edntesis vegetal y la progresiva carencia de alimentos.<\/p>\n<p data-start=\"960\" data-end=\"1193\">La historia retrata c\u00f3mo varias personas y comunidades en diferentes puntos del planeta intentan entender y sobrevivir a esa cat\u00e1strofe. Cada cap\u00edtulo refleja tambi\u00e9n la desesperaci\u00f3n, la solidaridad y muchas veces el ego\u00edsmo humano.<\/p>\n<p data-start=\"1195\" data-end=\"1475\">El autor construye una tensi\u00f3n constante, con descripciones detalladas del colapso clim\u00e1tico, que tanto maravillan como aterran. La novela no entrega respuestas f\u00e1ciles: \u00bfes este un fen\u00f3meno natural, una consecuencia de la actividad humana, o algo m\u00e1s all\u00e1 de nuestra comprensi\u00f3n?<\/p>\n<p data-start=\"1477\" data-end=\"1852\" data-is-last-node=\"\" data-is-only-node=\"\">El libro destaca por su estilo l\u00edrico pero sobrio, y por una estructura narrativa coral que permite ver la tragedia desde m\u00faltiples \u00e1ngulos. A medida que la luz desaparece y el fr\u00edo conquista la Tierra, la novela plantea profundas interrogantes respecto a la fragilidad de nuestra civilizaci\u00f3n y el v\u00ednculo \u00edntimo que tenemos con la naturaleza, lo que tan a menudo olvidamos.<\/p>\n","protected":false},"excerpt":{"rendered":"<p><strong>ISBN: 9791370295011<\/strong><\/p>\n<p><strong>SINOPSIS<\/strong><\/p>\n<p data-start=\"0\" data-end=\"399\">Un d\u00eda como cualquier otro, no sale el sol y la Tierra comienza a vivir en la oscuridad. Baja la temperatura, se detiene la fotos\u00edntesis, escasean los alimentos, mueren los animales, primero los de sangre fr\u00eda, se hielan los r\u00edos y los mares, se acaban los combustibles y se detiene el tr\u00e1nsito a\u00e9reo y el de los autom\u00f3viles, los humanos comienzan a mostrar, unos, sus grandezas; otros, su peque\u00f1ez.<\/p>\n<p data-start=\"401\" data-end=\"958\"><em data-start=\"401\" data-end=\"420\">Apocalipsis solar<\/em> es una sobrecogedora novela que parte de una premisa simple pero aterradora: una ma\u00f1ana, la humanidad despierta y descubre que el sol no ha salido. Sin explicaci\u00f3n alguna, el planeta comienza a enfriarse con rapidez. En cuesti\u00f3n de d\u00edas, los primeros signos del desastre son claros: el descenso brusco de las temperaturas, animales que fallecen congelados, lagos y oc\u00e9anos que se convierten en hielo s\u00f3lido, la imposibilidad de la gente de retornar a sus hogares, el cese de la fotos\u00edntesis vegetal y la progresiva carencia de alimentos.<\/p>\n<p data-start=\"960\" data-end=\"1193\">La historia retrata c\u00f3mo varias personas y comunidades en diferentes puntos del planeta intentan entender y sobrevivir a esa cat\u00e1strofe. Cada cap\u00edtulo refleja tambi\u00e9n la desesperaci\u00f3n, la solidaridad y muchas veces el ego\u00edsmo humano.<\/p>\n<p data-start=\"1195\" data-end=\"1475\">El autor construye una tensi\u00f3n constante, con descripciones detalladas del colapso clim\u00e1tico, que tanto maravillan como aterran. La novela no entrega respuestas f\u00e1ciles: \u00bfes este un fen\u00f3meno natural, una consecuencia de la actividad humana, o algo m\u00e1s all\u00e1 de nuestra comprensi\u00f3n?<\/p>\n<p data-start=\"1477\" data-end=\"1852\" data-is-last-node=\"\" data-is-only-node=\"\">El libro destaca por su estilo l\u00edrico pero sobrio, y por una estructura narrativa coral que permite ver la tragedia desde m\u00faltiples \u00e1ngulos. A medida que la luz desaparece y el fr\u00edo conquista la Tierra, la novela plantea profundas interrogantes respecto a la fragilidad de nuestra civilizaci\u00f3n y el v\u00ednculo \u00edntimo que tenemos con la naturaleza, lo que tan a menudo olvidamos.<\/p>\n","protected":false},"featured_media":111836,"comment_status":"open","ping_status":"closed","template":"","meta":{"_acf_changed":false},"libro":[],"product_brand":[],"product_cat":[20],"product_tag":[],"class_list":{"0":"post-111833","1":"product","2":"type-product","3":"status-publish","4":"has-post-thumbnail","6":"product_cat-poesia","8":"first","9":"instock","10":"shipping-taxable","11":"product-type-simple"},"acf":{"autor":[111834],"enlace_de_compra":"https:\/\/amzn.to\/4tJaF3w"},"yoast_head":"<!-- This site is optimized with the Yoast SEO plugin v26.6 - https:\/\/yoast.com\/wordpress\/plugins\/seo\/ -->\n<title>Apocalipsis solar - Catalogo | Letrame Grupo Editorial<\/title>\n<meta name=\"robots\" content=\"index, follow, max-snippet:-1, max-image-preview:large, max-video-preview:-1\" \/>\n<link rel=\"canonical\" href=\"https:\/\/letrame.com\/catalogo\/producto\/apocalipsis-solar\/\" \/>\n<meta property=\"og:locale\" content=\"es_ES\" \/>\n<meta property=\"og:type\" content=\"article\" \/>\n<meta property=\"og:title\" content=\"Apocalipsis solar - Catalogo | Letrame Grupo Editorial\" \/>\n<meta property=\"og:description\" content=\"ISBN: 9791370295011  SINOPSIS Un d\u00eda como cualquier otro, no sale el sol y la Tierra comienza a vivir en la oscuridad. Baja la temperatura, se detiene la fotos\u00edntesis, escasean los alimentos, mueren los animales, primero los de sangre fr\u00eda, se hielan los r\u00edos y los mares, se acaban los combustibles y se detiene el tr\u00e1nsito a\u00e9reo y el de los autom\u00f3viles, los humanos comienzan a mostrar, unos, sus grandezas; otros, su peque\u00f1ez. Apocalipsis solar es una sobrecogedora novela que parte de una premisa simple pero aterradora: una ma\u00f1ana, la humanidad despierta y descubre que el sol no ha salido. Sin explicaci\u00f3n alguna, el planeta comienza a enfriarse con rapidez. En cuesti\u00f3n de d\u00edas, los primeros signos del desastre son claros: el descenso brusco de las temperaturas, animales que fallecen congelados, lagos y oc\u00e9anos que se convierten en hielo s\u00f3lido, la imposibilidad de la gente de retornar a sus hogares, el cese de la fotos\u00edntesis vegetal y la progresiva carencia de alimentos. La historia retrata c\u00f3mo varias personas y comunidades en diferentes puntos del planeta intentan entender y sobrevivir a esa cat\u00e1strofe. Cada cap\u00edtulo refleja tambi\u00e9n la desesperaci\u00f3n, la solidaridad y muchas veces el ego\u00edsmo humano. El autor construye una tensi\u00f3n constante, con descripciones detalladas del colapso clim\u00e1tico, que tanto maravillan como aterran. La novela no entrega respuestas f\u00e1ciles: \u00bfes este un fen\u00f3meno natural, una consecuencia de la actividad humana, o algo m\u00e1s all\u00e1 de nuestra comprensi\u00f3n? El libro destaca por su estilo l\u00edrico pero sobrio, y por una estructura narrativa coral que permite ver la tragedia desde m\u00faltiples \u00e1ngulos. A medida que la luz desaparece y el fr\u00edo conquista la Tierra, la novela plantea profundas interrogantes respecto a la fragilidad de nuestra civilizaci\u00f3n y el v\u00ednculo \u00edntimo que tenemos con la naturaleza, lo que tan a menudo olvidamos.\" \/>\n<meta property=\"og:url\" content=\"https:\/\/letrame.com\/catalogo\/producto\/apocalipsis-solar\/\" \/>\n<meta property=\"og:site_name\" content=\"Catalogo | Letrame Grupo Editorial\" \/>\n<meta property=\"article:modified_time\" content=\"2026-04-13T09:07:58+00:00\" \/>\n<meta property=\"og:image\" content=\"https:\/\/letrame.com\/catalogo\/wp-content\/uploads\/2026\/04\/apocalipsis_1194mm4.jpg\" \/>\n\t<meta property=\"og:image:width\" content=\"886\" \/>\n\t<meta property=\"og:image:height\" content=\"1299\" \/>\n\t<meta property=\"og:image:type\" content=\"image\/jpeg\" \/>\n<meta name=\"twitter:card\" content=\"summary_large_image\" \/>\n<meta name=\"twitter:label1\" content=\"Tiempo de lectura\" \/>\n\t<meta name=\"twitter:data1\" content=\"2 minutos\" \/>\n<script type=\"application\/ld+json\" class=\"yoast-schema-graph\">{\"@context\":\"https:\/\/schema.org\",\"@graph\":[{\"@type\":\"WebPage\",\"@id\":\"https:\/\/letrame.com\/catalogo\/producto\/apocalipsis-solar\/\",\"url\":\"https:\/\/letrame.com\/catalogo\/producto\/apocalipsis-solar\/\",\"name\":\"Apocalipsis solar - Catalogo | Letrame Grupo Editorial\",\"isPartOf\":{\"@id\":\"https:\/\/letrame.com\/catalogo\/#website\"},\"primaryImageOfPage\":{\"@id\":\"https:\/\/letrame.com\/catalogo\/producto\/apocalipsis-solar\/#primaryimage\"},\"image\":{\"@id\":\"https:\/\/letrame.com\/catalogo\/producto\/apocalipsis-solar\/#primaryimage\"},\"thumbnailUrl\":\"https:\/\/letrame.com\/catalogo\/wp-content\/uploads\/2026\/04\/apocalipsis_1194mm4.jpg\",\"datePublished\":\"2026-04-13T09:07:57+00:00\",\"dateModified\":\"2026-04-13T09:07:58+00:00\",\"breadcrumb\":{\"@id\":\"https:\/\/letrame.com\/catalogo\/producto\/apocalipsis-solar\/#breadcrumb\"},\"inLanguage\":\"es\",\"potentialAction\":[{\"@type\":\"ReadAction\",\"target\":[\"https:\/\/letrame.com\/catalogo\/producto\/apocalipsis-solar\/\"]}]},{\"@type\":\"ImageObject\",\"inLanguage\":\"es\",\"@id\":\"https:\/\/letrame.com\/catalogo\/producto\/apocalipsis-solar\/#primaryimage\",\"url\":\"https:\/\/letrame.com\/catalogo\/wp-content\/uploads\/2026\/04\/apocalipsis_1194mm4.jpg\",\"contentUrl\":\"https:\/\/letrame.com\/catalogo\/wp-content\/uploads\/2026\/04\/apocalipsis_1194mm4.jpg\",\"width\":886,\"height\":1299},{\"@type\":\"BreadcrumbList\",\"@id\":\"https:\/\/letrame.com\/catalogo\/producto\/apocalipsis-solar\/#breadcrumb\",\"itemListElement\":[{\"@type\":\"ListItem\",\"position\":1,\"name\":\"Portada\",\"item\":\"https:\/\/letrame.com\/catalogo\/\"},{\"@type\":\"ListItem\",\"position\":2,\"name\":\"Cat\u00e1logo\",\"item\":\"https:\/\/letrame.com\/catalogo\/\"},{\"@type\":\"ListItem\",\"position\":3,\"name\":\"Apocalipsis solar\"}]},{\"@type\":\"WebSite\",\"@id\":\"https:\/\/letrame.com\/catalogo\/#website\",\"url\":\"https:\/\/letrame.com\/catalogo\/\",\"name\":\"Catalogo | Letrame Grupo Editorial\",\"description\":\"\",\"publisher\":{\"@id\":\"https:\/\/letrame.com\/catalogo\/#organization\"},\"potentialAction\":[{\"@type\":\"SearchAction\",\"target\":{\"@type\":\"EntryPoint\",\"urlTemplate\":\"https:\/\/letrame.com\/catalogo\/?s={search_term_string}\"},\"query-input\":{\"@type\":\"PropertyValueSpecification\",\"valueRequired\":true,\"valueName\":\"search_term_string\"}}],\"inLanguage\":\"es\"},{\"@type\":\"Organization\",\"@id\":\"https:\/\/letrame.com\/catalogo\/#organization\",\"name\":\"Catalogo | Letrame Grupo Editorial\",\"url\":\"https:\/\/letrame.com\/catalogo\/\",\"logo\":{\"@type\":\"ImageObject\",\"inLanguage\":\"es\",\"@id\":\"https:\/\/letrame.com\/catalogo\/#\/schema\/logo\/image\/\",\"url\":\"https:\/\/letrame.com\/catalogo\/wp-content\/uploads\/2024\/03\/logo2.webp\",\"contentUrl\":\"https:\/\/letrame.com\/catalogo\/wp-content\/uploads\/2024\/03\/logo2.webp\",\"width\":394,\"height\":128,\"caption\":\"Catalogo | Letrame Grupo Editorial\"},\"image\":{\"@id\":\"https:\/\/letrame.com\/catalogo\/#\/schema\/logo\/image\/\"}}]}<\/script>\n<!-- \/ Yoast SEO plugin. -->","yoast_head_json":{"title":"Apocalipsis solar - Catalogo | Letrame Grupo Editorial","robots":{"index":"index","follow":"follow","max-snippet":"max-snippet:-1","max-image-preview":"max-image-preview:large","max-video-preview":"max-video-preview:-1"},"canonical":"https:\/\/letrame.com\/catalogo\/producto\/apocalipsis-solar\/","og_locale":"es_ES","og_type":"article","og_title":"Apocalipsis solar - Catalogo | Letrame Grupo Editorial","og_description":"ISBN: 9791370295011  SINOPSIS Un d\u00eda como cualquier otro, no sale el sol y la Tierra comienza a vivir en la oscuridad. Baja la temperatura, se detiene la fotos\u00edntesis, escasean los alimentos, mueren los animales, primero los de sangre fr\u00eda, se hielan los r\u00edos y los mares, se acaban los combustibles y se detiene el tr\u00e1nsito a\u00e9reo y el de los autom\u00f3viles, los humanos comienzan a mostrar, unos, sus grandezas; otros, su peque\u00f1ez. Apocalipsis solar es una sobrecogedora novela que parte de una premisa simple pero aterradora: una ma\u00f1ana, la humanidad despierta y descubre que el sol no ha salido. Sin explicaci\u00f3n alguna, el planeta comienza a enfriarse con rapidez. En cuesti\u00f3n de d\u00edas, los primeros signos del desastre son claros: el descenso brusco de las temperaturas, animales que fallecen congelados, lagos y oc\u00e9anos que se convierten en hielo s\u00f3lido, la imposibilidad de la gente de retornar a sus hogares, el cese de la fotos\u00edntesis vegetal y la progresiva carencia de alimentos. La historia retrata c\u00f3mo varias personas y comunidades en diferentes puntos del planeta intentan entender y sobrevivir a esa cat\u00e1strofe. Cada cap\u00edtulo refleja tambi\u00e9n la desesperaci\u00f3n, la solidaridad y muchas veces el ego\u00edsmo humano. El autor construye una tensi\u00f3n constante, con descripciones detalladas del colapso clim\u00e1tico, que tanto maravillan como aterran. La novela no entrega respuestas f\u00e1ciles: \u00bfes este un fen\u00f3meno natural, una consecuencia de la actividad humana, o algo m\u00e1s all\u00e1 de nuestra comprensi\u00f3n? El libro destaca por su estilo l\u00edrico pero sobrio, y por una estructura narrativa coral que permite ver la tragedia desde m\u00faltiples \u00e1ngulos. A medida que la luz desaparece y el fr\u00edo conquista la Tierra, la novela plantea profundas interrogantes respecto a la fragilidad de nuestra civilizaci\u00f3n y el v\u00ednculo \u00edntimo que tenemos con la naturaleza, lo que tan a menudo olvidamos.","og_url":"https:\/\/letrame.com\/catalogo\/producto\/apocalipsis-solar\/","og_site_name":"Catalogo | Letrame Grupo Editorial","article_modified_time":"2026-04-13T09:07:58+00:00","og_image":[{"width":886,"height":1299,"url":"https:\/\/letrame.com\/catalogo\/wp-content\/uploads\/2026\/04\/apocalipsis_1194mm4.jpg","type":"image\/jpeg"}],"twitter_card":"summary_large_image","twitter_misc":{"Tiempo de lectura":"2 minutos"},"schema":{"@context":"https:\/\/schema.org","@graph":[{"@type":"WebPage","@id":"https:\/\/letrame.com\/catalogo\/producto\/apocalipsis-solar\/","url":"https:\/\/letrame.com\/catalogo\/producto\/apocalipsis-solar\/","name":"Apocalipsis solar - Catalogo | Letrame Grupo Editorial","isPartOf":{"@id":"https:\/\/letrame.com\/catalogo\/#website"},"primaryImageOfPage":{"@id":"https:\/\/letrame.com\/catalogo\/producto\/apocalipsis-solar\/#primaryimage"},"image":{"@id":"https:\/\/letrame.com\/catalogo\/producto\/apocalipsis-solar\/#primaryimage"},"thumbnailUrl":"https:\/\/letrame.com\/catalogo\/wp-content\/uploads\/2026\/04\/apocalipsis_1194mm4.jpg","datePublished":"2026-04-13T09:07:57+00:00","dateModified":"2026-04-13T09:07:58+00:00","breadcrumb":{"@id":"https:\/\/letrame.com\/catalogo\/producto\/apocalipsis-solar\/#breadcrumb"},"inLanguage":"es","potentialAction":[{"@type":"ReadAction","target":["https:\/\/letrame.com\/catalogo\/producto\/apocalipsis-solar\/"]}]},{"@type":"ImageObject","inLanguage":"es","@id":"https:\/\/letrame.com\/catalogo\/producto\/apocalipsis-solar\/#primaryimage","url":"https:\/\/letrame.com\/catalogo\/wp-content\/uploads\/2026\/04\/apocalipsis_1194mm4.jpg","contentUrl":"https:\/\/letrame.com\/catalogo\/wp-content\/uploads\/2026\/04\/apocalipsis_1194mm4.jpg","width":886,"height":1299},{"@type":"BreadcrumbList","@id":"https:\/\/letrame.com\/catalogo\/producto\/apocalipsis-solar\/#breadcrumb","itemListElement":[{"@type":"ListItem","position":1,"name":"Portada","item":"https:\/\/letrame.com\/catalogo\/"},{"@type":"ListItem","position":2,"name":"Cat\u00e1logo","item":"https:\/\/letrame.com\/catalogo\/"},{"@type":"ListItem","position":3,"name":"Apocalipsis solar"}]},{"@type":"WebSite","@id":"https:\/\/letrame.com\/catalogo\/#website","url":"https:\/\/letrame.com\/catalogo\/","name":"Catalogo | Letrame Grupo Editorial","description":"","publisher":{"@id":"https:\/\/letrame.com\/catalogo\/#organization"},"potentialAction":[{"@type":"SearchAction","target":{"@type":"EntryPoint","urlTemplate":"https:\/\/letrame.com\/catalogo\/?s={search_term_string}"},"query-input":{"@type":"PropertyValueSpecification","valueRequired":true,"valueName":"search_term_string"}}],"inLanguage":"es"},{"@type":"Organization","@id":"https:\/\/letrame.com\/catalogo\/#organization","name":"Catalogo | Letrame Grupo Editorial","url":"https:\/\/letrame.com\/catalogo\/","logo":{"@type":"ImageObject","inLanguage":"es","@id":"https:\/\/letrame.com\/catalogo\/#\/schema\/logo\/image\/","url":"https:\/\/letrame.com\/catalogo\/wp-content\/uploads\/2024\/03\/logo2.webp","contentUrl":"https:\/\/letrame.com\/catalogo\/wp-content\/uploads\/2024\/03\/logo2.webp","width":394,"height":128,"caption":"Catalogo | Letrame Grupo Editorial"},"image":{"@id":"https:\/\/letrame.com\/catalogo\/#\/schema\/logo\/image\/"}}]}},"_links":{"self":[{"href":"https:\/\/letrame.com\/catalogo\/wp-json\/wp\/v2\/product\/111833","targetHints":{"allow":["GET"]}}],"collection":[{"href":"https:\/\/letrame.com\/catalogo\/wp-json\/wp\/v2\/product"}],"about":[{"href":"https:\/\/letrame.com\/catalogo\/wp-json\/wp\/v2\/types\/product"}],"replies":[{"embeddable":true,"href":"https:\/\/letrame.com\/catalogo\/wp-json\/wp\/v2\/comments?post=111833"}],"acf:post":[{"embeddable":true,"href":"https:\/\/letrame.com\/catalogo\/wp-json\/wp\/v2\/author_book\/111834"}],"wp:featuredmedia":[{"embeddable":true,"href":"https:\/\/letrame.com\/catalogo\/wp-json\/wp\/v2\/media\/111836"}],"wp:attachment":[{"href":"https:\/\/letrame.com\/catalogo\/wp-json\/wp\/v2\/media?parent=111833"}],"wp:term":[{"taxonomy":"libro","embeddable":true,"href":"https:\/\/letrame.com\/catalogo\/wp-json\/wp\/v2\/libro?post=111833"},{"taxonomy":"product_brand","embeddable":true,"href":"https:\/\/letrame.com\/catalogo\/wp-json\/wp\/v2\/product_brand?post=111833"},{"taxonomy":"product_cat","embeddable":true,"href":"https:\/\/letrame.com\/catalogo\/wp-json\/wp\/v2\/product_cat?post=111833"},{"taxonomy":"product_tag","embeddable":true,"href":"https:\/\/letrame.com\/catalogo\/wp-json\/wp\/v2\/product_tag?post=111833"}],"curies":[{"name":"wp","href":"https:\/\/api.w.org\/{rel}","templated":true}]}}