{"id":111802,"date":"2026-04-10T13:55:44","date_gmt":"2026-04-10T11:55:44","guid":{"rendered":"https:\/\/letrame.com\/catalogo\/?post_type=product&#038;p=111802"},"modified":"2026-04-10T13:55:44","modified_gmt":"2026-04-10T11:55:44","slug":"cuentos-de-queso-sin-pan","status":"publish","type":"product","link":"https:\/\/letrame.com\/catalogo\/producto\/cuentos-de-queso-sin-pan\/","title":{"rendered":"Cuentos de queso sin pan"},"content":{"rendered":"<p class=\"p1\"><b>ISBN: 9791370295004<\/b><b><\/b><\/p>\n<p class=\"p1\"><b>T\u00edtulo: Cuentos de queso sin pan<\/b><br \/>\n<b>Fecha: 2025<\/b><br \/>\n<b>P\u00e1ginas: 216<\/b><b><\/b><\/p>\n<p class=\"p1\"><b>SINOPSIS<\/b><\/p>\n<p class=\"p1\">Explico muchos de los quesos m\u00e1s importantes y todos sus datos, m\u00e1s las notas de cata, pero lo m\u00e1s importante son los cuentos, historias o leyendas de todos estos quesos recogidas en mis viajes de trabajo, que me ha transmitido la gente que elabora los quesos y ama los animales, y la naturaleza. Ciertas o no, fant\u00e1sticas leyendas, como la del quesero enamorado que ten\u00eda la novia coqueta, o los elaboradores que escond\u00edan los quesos en barriles, o la historia de la catedral de Santiago, y tambi\u00e9n las necesidades de los hombres en todas las \u00e9pocas, y las maravillas que la naturaleza nos ha regalado a trav\u00e9s de la vida y el tiempo, las fermentaciones espont\u00e1neas, sabores inigualables, y alimentos y medicamentos que nunca hubi\u00e9ramos descubierto.<\/p>\n<p class=\"p1\">Tambi\u00e9n las formas de vida de la Antig\u00fcedad, condicionadas por la climatolog\u00eda y por los territorios, obligaban a pensar para mantener la supervivencia.<\/p>\n","protected":false},"excerpt":{"rendered":"<p class=\"p1\"><b>ISBN: 9791370295004<\/b><b><\/b><\/p>\n<p class=\"p1\"><b>SINOPSIS<\/b><\/p>\n<p class=\"p1\">Explico muchos de los quesos m\u00e1s importantes y todos sus datos, m\u00e1s las notas de cata, pero lo m\u00e1s importante son los cuentos, historias o leyendas de todos estos quesos recogidas en mis viajes de trabajo, que me ha transmitido la gente que elabora los quesos y ama los animales, y la naturaleza. Ciertas o no, fant\u00e1sticas leyendas, como la del quesero enamorado que ten\u00eda la novia coqueta, o los elaboradores que escond\u00edan los quesos en barriles, o la historia de la catedral de Santiago, y tambi\u00e9n las necesidades de los hombres en todas las \u00e9pocas, y las maravillas que la naturaleza nos ha regalado a trav\u00e9s de la vida y el tiempo, las fermentaciones espont\u00e1neas, sabores inigualables, y alimentos y medicamentos que nunca hubi\u00e9ramos descubierto.<\/p>\n<p class=\"p1\">Tambi\u00e9n las formas de vida de la Antig\u00fcedad, condicionadas por la climatolog\u00eda y por los territorios, obligaban a pensar para mantener la supervivencia.<\/p>\n","protected":false},"featured_media":111806,"comment_status":"open","ping_status":"closed","template":"","meta":{"_acf_changed":false},"libro":[],"product_brand":[],"product_cat":[19],"product_tag":[],"class_list":{"0":"post-111802","1":"product","2":"type-product","3":"status-publish","4":"has-post-thumbnail","6":"product_cat-cocina","8":"first","9":"instock","10":"shipping-taxable","11":"product-type-simple"},"acf":{"autor":[111803],"enlace_de_compra":"https:\/\/amzn.to\/4sY53Cp"},"yoast_head":"<!-- This site is optimized with the Yoast SEO plugin v26.6 - https:\/\/yoast.com\/wordpress\/plugins\/seo\/ -->\n<title>Cuentos de queso sin pan - Catalogo | Letrame Grupo Editorial<\/title>\n<meta name=\"robots\" content=\"index, follow, max-snippet:-1, max-image-preview:large, max-video-preview:-1\" \/>\n<link rel=\"canonical\" href=\"https:\/\/letrame.com\/catalogo\/producto\/cuentos-de-queso-sin-pan\/\" \/>\n<meta property=\"og:locale\" content=\"es_ES\" \/>\n<meta property=\"og:type\" content=\"article\" \/>\n<meta property=\"og:title\" content=\"Cuentos de queso sin pan - Catalogo | Letrame Grupo Editorial\" \/>\n<meta property=\"og:description\" content=\"ISBN: 9791370295004 SINOPSIS Explico muchos de los quesos m\u00e1s importantes y todos sus datos, m\u00e1s las notas de cata, pero lo m\u00e1s importante son los cuentos, historias o leyendas de todos estos quesos recogidas en mis viajes de trabajo, que me ha transmitido la gente que elabora los quesos y ama los animales, y la naturaleza. Ciertas o no, fant\u00e1sticas leyendas, como la del quesero enamorado que ten\u00eda la novia coqueta, o los elaboradores que escond\u00edan los quesos en barriles, o la historia de la catedral de Santiago, y tambi\u00e9n las necesidades de los hombres en todas las \u00e9pocas, y las maravillas que la naturaleza nos ha regalado a trav\u00e9s de la vida y el tiempo, las fermentaciones espont\u00e1neas, sabores inigualables, y alimentos y medicamentos que nunca hubi\u00e9ramos descubierto. Tambi\u00e9n las formas de vida de la Antig\u00fcedad, condicionadas por la climatolog\u00eda y por los territorios, obligaban a pensar para mantener la supervivencia.\" \/>\n<meta property=\"og:url\" content=\"https:\/\/letrame.com\/catalogo\/producto\/cuentos-de-queso-sin-pan\/\" \/>\n<meta property=\"og:site_name\" content=\"Catalogo | Letrame Grupo Editorial\" \/>\n<meta property=\"og:image\" content=\"https:\/\/letrame.com\/catalogo\/wp-content\/uploads\/2026\/04\/cueportadacatalogo.jpg\" \/>\n\t<meta property=\"og:image:width\" content=\"1063\" \/>\n\t<meta property=\"og:image:height\" content=\"1488\" \/>\n\t<meta property=\"og:image:type\" content=\"image\/jpeg\" \/>\n<meta name=\"twitter:card\" content=\"summary_large_image\" \/>\n<meta name=\"twitter:label1\" content=\"Tiempo de lectura\" \/>\n\t<meta name=\"twitter:data1\" content=\"1 minuto\" \/>\n<script type=\"application\/ld+json\" class=\"yoast-schema-graph\">{\"@context\":\"https:\/\/schema.org\",\"@graph\":[{\"@type\":\"WebPage\",\"@id\":\"https:\/\/letrame.com\/catalogo\/producto\/cuentos-de-queso-sin-pan\/\",\"url\":\"https:\/\/letrame.com\/catalogo\/producto\/cuentos-de-queso-sin-pan\/\",\"name\":\"Cuentos de queso sin pan - Catalogo | Letrame Grupo Editorial\",\"isPartOf\":{\"@id\":\"https:\/\/letrame.com\/catalogo\/#website\"},\"primaryImageOfPage\":{\"@id\":\"https:\/\/letrame.com\/catalogo\/producto\/cuentos-de-queso-sin-pan\/#primaryimage\"},\"image\":{\"@id\":\"https:\/\/letrame.com\/catalogo\/producto\/cuentos-de-queso-sin-pan\/#primaryimage\"},\"thumbnailUrl\":\"https:\/\/letrame.com\/catalogo\/wp-content\/uploads\/2026\/04\/cueportadacatalogo.jpg\",\"datePublished\":\"2026-04-10T11:55:44+00:00\",\"breadcrumb\":{\"@id\":\"https:\/\/letrame.com\/catalogo\/producto\/cuentos-de-queso-sin-pan\/#breadcrumb\"},\"inLanguage\":\"es\",\"potentialAction\":[{\"@type\":\"ReadAction\",\"target\":[\"https:\/\/letrame.com\/catalogo\/producto\/cuentos-de-queso-sin-pan\/\"]}]},{\"@type\":\"ImageObject\",\"inLanguage\":\"es\",\"@id\":\"https:\/\/letrame.com\/catalogo\/producto\/cuentos-de-queso-sin-pan\/#primaryimage\",\"url\":\"https:\/\/letrame.com\/catalogo\/wp-content\/uploads\/2026\/04\/cueportadacatalogo.jpg\",\"contentUrl\":\"https:\/\/letrame.com\/catalogo\/wp-content\/uploads\/2026\/04\/cueportadacatalogo.jpg\",\"width\":1063,\"height\":1488},{\"@type\":\"BreadcrumbList\",\"@id\":\"https:\/\/letrame.com\/catalogo\/producto\/cuentos-de-queso-sin-pan\/#breadcrumb\",\"itemListElement\":[{\"@type\":\"ListItem\",\"position\":1,\"name\":\"Portada\",\"item\":\"https:\/\/letrame.com\/catalogo\/\"},{\"@type\":\"ListItem\",\"position\":2,\"name\":\"Cat\u00e1logo\",\"item\":\"https:\/\/letrame.com\/catalogo\/\"},{\"@type\":\"ListItem\",\"position\":3,\"name\":\"Cuentos de queso sin pan\"}]},{\"@type\":\"WebSite\",\"@id\":\"https:\/\/letrame.com\/catalogo\/#website\",\"url\":\"https:\/\/letrame.com\/catalogo\/\",\"name\":\"Catalogo | Letrame Grupo Editorial\",\"description\":\"\",\"publisher\":{\"@id\":\"https:\/\/letrame.com\/catalogo\/#organization\"},\"potentialAction\":[{\"@type\":\"SearchAction\",\"target\":{\"@type\":\"EntryPoint\",\"urlTemplate\":\"https:\/\/letrame.com\/catalogo\/?s={search_term_string}\"},\"query-input\":{\"@type\":\"PropertyValueSpecification\",\"valueRequired\":true,\"valueName\":\"search_term_string\"}}],\"inLanguage\":\"es\"},{\"@type\":\"Organization\",\"@id\":\"https:\/\/letrame.com\/catalogo\/#organization\",\"name\":\"Catalogo | Letrame Grupo Editorial\",\"url\":\"https:\/\/letrame.com\/catalogo\/\",\"logo\":{\"@type\":\"ImageObject\",\"inLanguage\":\"es\",\"@id\":\"https:\/\/letrame.com\/catalogo\/#\/schema\/logo\/image\/\",\"url\":\"https:\/\/letrame.com\/catalogo\/wp-content\/uploads\/2024\/03\/logo2.webp\",\"contentUrl\":\"https:\/\/letrame.com\/catalogo\/wp-content\/uploads\/2024\/03\/logo2.webp\",\"width\":394,\"height\":128,\"caption\":\"Catalogo | Letrame Grupo Editorial\"},\"image\":{\"@id\":\"https:\/\/letrame.com\/catalogo\/#\/schema\/logo\/image\/\"}}]}<\/script>\n<!-- \/ Yoast SEO plugin. -->","yoast_head_json":{"title":"Cuentos de queso sin pan - Catalogo | Letrame Grupo Editorial","robots":{"index":"index","follow":"follow","max-snippet":"max-snippet:-1","max-image-preview":"max-image-preview:large","max-video-preview":"max-video-preview:-1"},"canonical":"https:\/\/letrame.com\/catalogo\/producto\/cuentos-de-queso-sin-pan\/","og_locale":"es_ES","og_type":"article","og_title":"Cuentos de queso sin pan - Catalogo | Letrame Grupo Editorial","og_description":"ISBN: 9791370295004 SINOPSIS Explico muchos de los quesos m\u00e1s importantes y todos sus datos, m\u00e1s las notas de cata, pero lo m\u00e1s importante son los cuentos, historias o leyendas de todos estos quesos recogidas en mis viajes de trabajo, que me ha transmitido la gente que elabora los quesos y ama los animales, y la naturaleza. Ciertas o no, fant\u00e1sticas leyendas, como la del quesero enamorado que ten\u00eda la novia coqueta, o los elaboradores que escond\u00edan los quesos en barriles, o la historia de la catedral de Santiago, y tambi\u00e9n las necesidades de los hombres en todas las \u00e9pocas, y las maravillas que la naturaleza nos ha regalado a trav\u00e9s de la vida y el tiempo, las fermentaciones espont\u00e1neas, sabores inigualables, y alimentos y medicamentos que nunca hubi\u00e9ramos descubierto. Tambi\u00e9n las formas de vida de la Antig\u00fcedad, condicionadas por la climatolog\u00eda y por los territorios, obligaban a pensar para mantener la supervivencia.","og_url":"https:\/\/letrame.com\/catalogo\/producto\/cuentos-de-queso-sin-pan\/","og_site_name":"Catalogo | Letrame Grupo Editorial","og_image":[{"width":1063,"height":1488,"url":"https:\/\/letrame.com\/catalogo\/wp-content\/uploads\/2026\/04\/cueportadacatalogo.jpg","type":"image\/jpeg"}],"twitter_card":"summary_large_image","twitter_misc":{"Tiempo de lectura":"1 minuto"},"schema":{"@context":"https:\/\/schema.org","@graph":[{"@type":"WebPage","@id":"https:\/\/letrame.com\/catalogo\/producto\/cuentos-de-queso-sin-pan\/","url":"https:\/\/letrame.com\/catalogo\/producto\/cuentos-de-queso-sin-pan\/","name":"Cuentos de queso sin pan - Catalogo | Letrame Grupo Editorial","isPartOf":{"@id":"https:\/\/letrame.com\/catalogo\/#website"},"primaryImageOfPage":{"@id":"https:\/\/letrame.com\/catalogo\/producto\/cuentos-de-queso-sin-pan\/#primaryimage"},"image":{"@id":"https:\/\/letrame.com\/catalogo\/producto\/cuentos-de-queso-sin-pan\/#primaryimage"},"thumbnailUrl":"https:\/\/letrame.com\/catalogo\/wp-content\/uploads\/2026\/04\/cueportadacatalogo.jpg","datePublished":"2026-04-10T11:55:44+00:00","breadcrumb":{"@id":"https:\/\/letrame.com\/catalogo\/producto\/cuentos-de-queso-sin-pan\/#breadcrumb"},"inLanguage":"es","potentialAction":[{"@type":"ReadAction","target":["https:\/\/letrame.com\/catalogo\/producto\/cuentos-de-queso-sin-pan\/"]}]},{"@type":"ImageObject","inLanguage":"es","@id":"https:\/\/letrame.com\/catalogo\/producto\/cuentos-de-queso-sin-pan\/#primaryimage","url":"https:\/\/letrame.com\/catalogo\/wp-content\/uploads\/2026\/04\/cueportadacatalogo.jpg","contentUrl":"https:\/\/letrame.com\/catalogo\/wp-content\/uploads\/2026\/04\/cueportadacatalogo.jpg","width":1063,"height":1488},{"@type":"BreadcrumbList","@id":"https:\/\/letrame.com\/catalogo\/producto\/cuentos-de-queso-sin-pan\/#breadcrumb","itemListElement":[{"@type":"ListItem","position":1,"name":"Portada","item":"https:\/\/letrame.com\/catalogo\/"},{"@type":"ListItem","position":2,"name":"Cat\u00e1logo","item":"https:\/\/letrame.com\/catalogo\/"},{"@type":"ListItem","position":3,"name":"Cuentos de queso sin pan"}]},{"@type":"WebSite","@id":"https:\/\/letrame.com\/catalogo\/#website","url":"https:\/\/letrame.com\/catalogo\/","name":"Catalogo | Letrame Grupo Editorial","description":"","publisher":{"@id":"https:\/\/letrame.com\/catalogo\/#organization"},"potentialAction":[{"@type":"SearchAction","target":{"@type":"EntryPoint","urlTemplate":"https:\/\/letrame.com\/catalogo\/?s={search_term_string}"},"query-input":{"@type":"PropertyValueSpecification","valueRequired":true,"valueName":"search_term_string"}}],"inLanguage":"es"},{"@type":"Organization","@id":"https:\/\/letrame.com\/catalogo\/#organization","name":"Catalogo | Letrame Grupo Editorial","url":"https:\/\/letrame.com\/catalogo\/","logo":{"@type":"ImageObject","inLanguage":"es","@id":"https:\/\/letrame.com\/catalogo\/#\/schema\/logo\/image\/","url":"https:\/\/letrame.com\/catalogo\/wp-content\/uploads\/2024\/03\/logo2.webp","contentUrl":"https:\/\/letrame.com\/catalogo\/wp-content\/uploads\/2024\/03\/logo2.webp","width":394,"height":128,"caption":"Catalogo | Letrame Grupo Editorial"},"image":{"@id":"https:\/\/letrame.com\/catalogo\/#\/schema\/logo\/image\/"}}]}},"_links":{"self":[{"href":"https:\/\/letrame.com\/catalogo\/wp-json\/wp\/v2\/product\/111802","targetHints":{"allow":["GET"]}}],"collection":[{"href":"https:\/\/letrame.com\/catalogo\/wp-json\/wp\/v2\/product"}],"about":[{"href":"https:\/\/letrame.com\/catalogo\/wp-json\/wp\/v2\/types\/product"}],"replies":[{"embeddable":true,"href":"https:\/\/letrame.com\/catalogo\/wp-json\/wp\/v2\/comments?post=111802"}],"acf:post":[{"embeddable":true,"href":"https:\/\/letrame.com\/catalogo\/wp-json\/wp\/v2\/author_book\/111803"}],"wp:featuredmedia":[{"embeddable":true,"href":"https:\/\/letrame.com\/catalogo\/wp-json\/wp\/v2\/media\/111806"}],"wp:attachment":[{"href":"https:\/\/letrame.com\/catalogo\/wp-json\/wp\/v2\/media?parent=111802"}],"wp:term":[{"taxonomy":"libro","embeddable":true,"href":"https:\/\/letrame.com\/catalogo\/wp-json\/wp\/v2\/libro?post=111802"},{"taxonomy":"product_brand","embeddable":true,"href":"https:\/\/letrame.com\/catalogo\/wp-json\/wp\/v2\/product_brand?post=111802"},{"taxonomy":"product_cat","embeddable":true,"href":"https:\/\/letrame.com\/catalogo\/wp-json\/wp\/v2\/product_cat?post=111802"},{"taxonomy":"product_tag","embeddable":true,"href":"https:\/\/letrame.com\/catalogo\/wp-json\/wp\/v2\/product_tag?post=111802"}],"curies":[{"name":"wp","href":"https:\/\/api.w.org\/{rel}","templated":true}]}}